{"id":58884,"date":"2024-03-19T10:52:16","date_gmt":"2024-03-19T08:52:16","guid":{"rendered":"https:\/\/3dvikingsstore.com\/?post_type=product&#038;p=58884"},"modified":"2024-03-19T11:03:45","modified_gmt":"2024-03-19T09:03:45","slug":"sadzarka-ritar-nowoczesna-donica-do-wnetrz-designerska-donica-na-rosliny-copy-copy-6","status":"publish","type":"product","link":"https:\/\/3dvikingsstore.com\/pl\/shop\/sadzarka-ritar-nowoczesna-donica-do-wnetrz-designerska-donica-na-rosliny-copy-copy-6\/","title":{"rendered":"Sadzarka Ritar: Nowoczesna donica do wn\u0119trz, designerska donica na ro\u015bliny (Copy) (Copy)"},"content":{"rendered":"<p><strong>Nadaj swojemu domowi odrobin\u0119 nowoczesnej elegancji dzi\u0119ki r\u0119cznie wykonanej designerskiej donicy Ritar Planter.<\/strong> Ta urzekaj\u0105ca donica ma osza\u0142amiaj\u0105cy design, kt\u00f3ry wykracza poza przemijaj\u0105ce trendy, p\u0142ynnie integruj\u0105c si\u0119 z ka\u017cdym wsp\u00f3\u0142czesnym wystrojem.<\/p>\n<p><strong>Sadzarka Ritar, idealnie dopasowana do ma\u0142ych i \u015brednich ro\u015blin, podnosi jako\u015b\u0107 \u017cycia ro\u015blin i dodaje odrobin\u0119 nowoczesnego wyrafinowania do blatu, parapetu, p\u00f3\u0142ki lub innego cennego miejsca w domu.<\/strong><\/p>\n<p><strong>Sadzarka Ritar to co\u015b wi\u0119cej ni\u017c tylko stylowy pojemnik &#8211; jej priorytetem jest dobre samopoczucie cennej zieleni.<\/strong> Wbudowany drena\u017c zapewnia prawid\u0142owy przep\u0142yw wody i zapobiega gniciu korzeni, kt\u00f3re jest g\u0142\u00f3wn\u0105 przyczyn\u0105 obumierania ro\u015blin. Ta przemy\u015blana konstrukcja umo\u017cliwia odprowadzanie nadmiaru wody, na\u015bladuj\u0105c naturalne warunki wzrostu i promuj\u0105c optymalne zdrowie ro\u015blin.<\/p>\n<p><strong>Uwolnij swoj\u0105 kreatywno\u015b\u0107 i stw\u00f3rz w\u0142asn\u0105 miejsk\u0105 oaz\u0119 dzi\u0119ki sadzarce Ritar, wszechstronnej, nowoczesnej sadzarce do wn\u0119trz.<\/strong> Ten element mo\u017ce pomie\u015bci\u0107 r\u00f3\u017cnorodn\u0105 ziele\u0144, od delikatnych sukulent\u00f3w i kaktus\u00f3w po \u017cywe ro\u015bliny kwitn\u0105ce i ma\u0142e paprocie. Wyobra\u017a sobie donic\u0119 Ritar eksponuj\u0105c\u0105 Twoj\u0105 ulubion\u0105 pn\u0105c\u0105 winoro\u015bl, kaskadowo opadaj\u0105c\u0105 na kraw\u0119d\u017a lub tul\u0105c\u0105 \u017cyw\u0105 ro\u015blin\u0119 powietrzn\u0105, dodaj\u0105c\u0105 odrobin\u0119 kaprysu do Twojej przestrzeni.<\/p>\n<p><strong>Donica Ritar to co\u015b wi\u0119cej ni\u017c zwyk\u0142a donica; to wyrazisty element i nowoczesna donica.<\/strong> To \u015bwiadectwo uznania dla nowoczesnego wzornictwa i zaanga\u017cowania w piel\u0119gnowanie \u017cycia w domu. Jest to idealny prezent dla entuzjasty ro\u015blin w twoim \u017cyciu, przemy\u015blany prezent na parapet\u00f3wk\u0119 lub zas\u0142u\u017cona przyjemno\u015b\u0107 dla siebie.<\/p>\n<p><strong>Zainwestuj w jako\u015b\u0107 i podnie\u015b jako\u015b\u0107 swoich ro\u015blin dzi\u0119ki sadzarce Ritar. Kup ju\u017c dzi\u015b i o\u017cyw swoj\u0105 botaniczn\u0105 wizj\u0119 dzi\u0119ki tej designerskiej doniczce!<\/strong><\/p>\n","protected":false},"excerpt":{"rendered":"<p><strong>Nadaj swojemu domowi odrobin\u0119 nowoczesnej elegancji dzi\u0119ki Ritar Planter, r\u0119cznie wykonanej designerskiej doniczce z tworzywa sztucznego.<\/strong> Ta urzekaj\u0105ca donica ma osza\u0142amiaj\u0105cy design, kt\u00f3ry wykracza poza przemijaj\u0105ce trendy, p\u0142ynnie integruj\u0105c si\u0119 z ka\u017cdym wsp\u00f3\u0142czesnym wystrojem.<\/p>\n","protected":false},"featured_media":58949,"comment_status":"open","ping_status":"closed","template":"","meta":[],"product_cat":[3583],"product_tag":[],"yoast_head":"<!-- This site is optimized with the Yoast SEO Premium plugin v22.9 (Yoast SEO v22.9) - https:\/\/yoast.com\/wordpress\/plugins\/seo\/ -->\n<title>Sadzarka Ritar: Nowoczesna donica do wn\u0119trz, designerska donica na ro\u015bliny (Copy) (Copy)<\/title>\n<meta name=\"description\" content=\"Nadaj swojemu domowi odrobin\u0119 nowoczesnej elegancji dzi\u0119ki r\u0119cznie wykonanej designerskiej donicy Ritar Planter. Ta nowoczesna donica ma osza\u0142amiaj\u0105cy design.\" \/>\n<meta name=\"robots\" content=\"index, follow, max-snippet:-1, max-image-preview:large, max-video-preview:-1\" \/>\n<link rel=\"canonical\" href=\"https:\/\/3dvikingsstore.com\/pl\/shop\/sadzarka-ritar-nowoczesna-donica-do-wnetrz-designerska-donica-na-rosliny-copy-copy-6\/\" \/>\n<meta property=\"og:locale\" content=\"pl_PL\" \/>\n<meta property=\"og:type\" content=\"article\" \/>\n<meta property=\"og:title\" content=\"Sadzarka Ritar: Nowoczesna donica do wn\u0119trz, designerska donica na ro\u015bliny (Copy) (Copy)\" \/>\n<meta property=\"og:description\" content=\"Nadaj swojemu domowi odrobin\u0119 nowoczesnej elegancji dzi\u0119ki r\u0119cznie wykonanej designerskiej donicy Ritar Planter. Ta nowoczesna donica ma osza\u0142amiaj\u0105cy design.\" \/>\n<meta property=\"og:url\" content=\"https:\/\/3dvikingsstore.com\/pl\/shop\/sadzarka-ritar-nowoczesna-donica-do-wnetrz-designerska-donica-na-rosliny-copy-copy-6\/\" \/>\n<meta property=\"og:site_name\" content=\"3D Vikings Store\" \/>\n<meta property=\"article:modified_time\" content=\"2024-03-19T09:03:45+00:00\" \/>\n<meta property=\"og:image\" content=\"https:\/\/3dvikingsstore.com\/wp-content\/uploads\/2024\/03\/DSC04259-scaled.jpg\" \/>\n\t<meta property=\"og:image:width\" content=\"2560\" \/>\n\t<meta property=\"og:image:height\" content=\"2560\" \/>\n\t<meta property=\"og:image:type\" content=\"image\/jpeg\" \/>\n<meta name=\"twitter:card\" content=\"summary_large_image\" \/>\n<meta name=\"twitter:label1\" content=\"Szacowany czas czytania\" \/>\n\t<meta name=\"twitter:data1\" content=\"2 minuty\" \/>\n<script type=\"application\/ld+json\" class=\"yoast-schema-graph\">{\"@context\":\"https:\/\/schema.org\",\"@graph\":[{\"@type\":[\"WebPage\",\"ItemPage\"],\"@id\":\"https:\/\/3dvikingsstore.com\/pl\/shop\/sadzarka-ritar-nowoczesna-donica-do-wnetrz-designerska-donica-na-rosliny-copy-copy-6\/\",\"url\":\"https:\/\/3dvikingsstore.com\/pl\/shop\/sadzarka-ritar-nowoczesna-donica-do-wnetrz-designerska-donica-na-rosliny-copy-copy-6\/\",\"name\":\"Sadzarka Ritar: Nowoczesna donica do wn\u0119trz, designerska donica na ro\u015bliny (Copy) (Copy)\",\"isPartOf\":{\"@id\":\"https:\/\/3dvikingsstore.com\/pl\/#website\"},\"primaryImageOfPage\":{\"@id\":\"https:\/\/3dvikingsstore.com\/pl\/shop\/sadzarka-ritar-nowoczesna-donica-do-wnetrz-designerska-donica-na-rosliny-copy-copy-6\/#primaryimage\"},\"image\":{\"@id\":\"https:\/\/3dvikingsstore.com\/pl\/shop\/sadzarka-ritar-nowoczesna-donica-do-wnetrz-designerska-donica-na-rosliny-copy-copy-6\/#primaryimage\"},\"thumbnailUrl\":\"https:\/\/3dvikingsstore.com\/wp-content\/uploads\/2024\/03\/DSC04259-scaled.jpg\",\"datePublished\":\"2024-03-19T08:52:16+00:00\",\"dateModified\":\"2024-03-19T09:03:45+00:00\",\"description\":\"Nadaj swojemu domowi odrobin\u0119 nowoczesnej elegancji dzi\u0119ki r\u0119cznie wykonanej designerskiej donicy Ritar Planter. Ta nowoczesna donica ma osza\u0142amiaj\u0105cy design.\",\"breadcrumb\":{\"@id\":\"https:\/\/3dvikingsstore.com\/pl\/shop\/sadzarka-ritar-nowoczesna-donica-do-wnetrz-designerska-donica-na-rosliny-copy-copy-6\/#breadcrumb\"},\"inLanguage\":\"pl-PL\",\"potentialAction\":[{\"@type\":\"ReadAction\",\"target\":[\"https:\/\/3dvikingsstore.com\/pl\/shop\/sadzarka-ritar-nowoczesna-donica-do-wnetrz-designerska-donica-na-rosliny-copy-copy-6\/\"]}]},{\"@type\":\"ImageObject\",\"inLanguage\":\"pl-PL\",\"@id\":\"https:\/\/3dvikingsstore.com\/pl\/shop\/sadzarka-ritar-nowoczesna-donica-do-wnetrz-designerska-donica-na-rosliny-copy-copy-6\/#primaryimage\",\"url\":\"https:\/\/3dvikingsstore.com\/wp-content\/uploads\/2024\/03\/DSC04259-scaled.jpg\",\"contentUrl\":\"https:\/\/3dvikingsstore.com\/wp-content\/uploads\/2024\/03\/DSC04259-scaled.jpg\",\"width\":2560,\"height\":2560},{\"@type\":\"BreadcrumbList\",\"@id\":\"https:\/\/3dvikingsstore.com\/pl\/shop\/sadzarka-ritar-nowoczesna-donica-do-wnetrz-designerska-donica-na-rosliny-copy-copy-6\/#breadcrumb\",\"itemListElement\":[{\"@type\":\"ListItem\",\"position\":1,\"name\":\"Home\",\"item\":\"https:\/\/3dvikingsstore.com\/pl\/\"},{\"@type\":\"ListItem\",\"position\":2,\"name\":\"Shop\",\"item\":\"https:\/\/3dvikingsstore.com\/shop\/\"},{\"@type\":\"ListItem\",\"position\":3,\"name\":\"Sadzarka Ritar: Nowoczesna donica do wn\u0119trz, designerska donica na ro\u015bliny (Copy) (Copy)\"}]},{\"@type\":\"WebSite\",\"@id\":\"https:\/\/3dvikingsstore.com\/pl\/#website\",\"url\":\"https:\/\/3dvikingsstore.com\/pl\/\",\"name\":\"3D Vikings Store\",\"description\":\"Dekoracje i Akcesoria do Gier Planszowych i Sto\u0142owych\",\"publisher\":{\"@id\":\"https:\/\/3dvikingsstore.com\/pl\/#organization\"},\"potentialAction\":[{\"@type\":\"SearchAction\",\"target\":{\"@type\":\"EntryPoint\",\"urlTemplate\":\"https:\/\/3dvikingsstore.com\/pl\/?s={search_term_string}\"},\"query-input\":\"required name=search_term_string\"}],\"inLanguage\":\"pl-PL\"},{\"@type\":\"Organization\",\"@id\":\"https:\/\/3dvikingsstore.com\/pl\/#organization\",\"name\":\"3D Vikings Store\",\"url\":\"https:\/\/3dvikingsstore.com\/pl\/\",\"logo\":{\"@type\":\"ImageObject\",\"inLanguage\":\"pl-PL\",\"@id\":\"https:\/\/3dvikingsstore.com\/pl\/#\/schema\/logo\/image\/\",\"url\":\"https:\/\/3dvikingsstore.com\/wp-content\/uploads\/2020\/03\/3dvikings-logo-karge-white.jpg\",\"contentUrl\":\"https:\/\/3dvikingsstore.com\/wp-content\/uploads\/2020\/03\/3dvikings-logo-karge-white.jpg\",\"width\":800,\"height\":800,\"caption\":\"3D Vikings Store\"},\"image\":{\"@id\":\"https:\/\/3dvikingsstore.com\/pl\/#\/schema\/logo\/image\/\"}}]}<\/script>\n<!-- \/ Yoast SEO Premium plugin. -->","yoast_head_json":{"title":"Sadzarka Ritar: Nowoczesna donica do wn\u0119trz, designerska donica na ro\u015bliny (Copy) (Copy)","description":"Nadaj swojemu domowi odrobin\u0119 nowoczesnej elegancji dzi\u0119ki r\u0119cznie wykonanej designerskiej donicy Ritar Planter. Ta nowoczesna donica ma osza\u0142amiaj\u0105cy design.","robots":{"index":"index","follow":"follow","max-snippet":"max-snippet:-1","max-image-preview":"max-image-preview:large","max-video-preview":"max-video-preview:-1"},"canonical":"https:\/\/3dvikingsstore.com\/pl\/shop\/sadzarka-ritar-nowoczesna-donica-do-wnetrz-designerska-donica-na-rosliny-copy-copy-6\/","og_locale":"pl_PL","og_type":"article","og_title":"Sadzarka Ritar: Nowoczesna donica do wn\u0119trz, designerska donica na ro\u015bliny (Copy) (Copy)","og_description":"Nadaj swojemu domowi odrobin\u0119 nowoczesnej elegancji dzi\u0119ki r\u0119cznie wykonanej designerskiej donicy Ritar Planter. Ta nowoczesna donica ma osza\u0142amiaj\u0105cy design.","og_url":"https:\/\/3dvikingsstore.com\/pl\/shop\/sadzarka-ritar-nowoczesna-donica-do-wnetrz-designerska-donica-na-rosliny-copy-copy-6\/","og_site_name":"3D Vikings Store","article_modified_time":"2024-03-19T09:03:45+00:00","og_image":[{"width":2560,"height":2560,"url":"https:\/\/3dvikingsstore.com\/wp-content\/uploads\/2024\/03\/DSC04259-scaled.jpg","type":"image\/jpeg"}],"twitter_card":"summary_large_image","twitter_misc":{"Szacowany czas czytania":"2 minuty"},"schema":{"@context":"https:\/\/schema.org","@graph":[{"@type":["WebPage","ItemPage"],"@id":"https:\/\/3dvikingsstore.com\/pl\/shop\/sadzarka-ritar-nowoczesna-donica-do-wnetrz-designerska-donica-na-rosliny-copy-copy-6\/","url":"https:\/\/3dvikingsstore.com\/pl\/shop\/sadzarka-ritar-nowoczesna-donica-do-wnetrz-designerska-donica-na-rosliny-copy-copy-6\/","name":"Sadzarka Ritar: Nowoczesna donica do wn\u0119trz, designerska donica na ro\u015bliny (Copy) (Copy)","isPartOf":{"@id":"https:\/\/3dvikingsstore.com\/pl\/#website"},"primaryImageOfPage":{"@id":"https:\/\/3dvikingsstore.com\/pl\/shop\/sadzarka-ritar-nowoczesna-donica-do-wnetrz-designerska-donica-na-rosliny-copy-copy-6\/#primaryimage"},"image":{"@id":"https:\/\/3dvikingsstore.com\/pl\/shop\/sadzarka-ritar-nowoczesna-donica-do-wnetrz-designerska-donica-na-rosliny-copy-copy-6\/#primaryimage"},"thumbnailUrl":"https:\/\/3dvikingsstore.com\/wp-content\/uploads\/2024\/03\/DSC04259-scaled.jpg","datePublished":"2024-03-19T08:52:16+00:00","dateModified":"2024-03-19T09:03:45+00:00","description":"Nadaj swojemu domowi odrobin\u0119 nowoczesnej elegancji dzi\u0119ki r\u0119cznie wykonanej designerskiej donicy Ritar Planter. Ta nowoczesna donica ma osza\u0142amiaj\u0105cy design.","breadcrumb":{"@id":"https:\/\/3dvikingsstore.com\/pl\/shop\/sadzarka-ritar-nowoczesna-donica-do-wnetrz-designerska-donica-na-rosliny-copy-copy-6\/#breadcrumb"},"inLanguage":"pl-PL","potentialAction":[{"@type":"ReadAction","target":["https:\/\/3dvikingsstore.com\/pl\/shop\/sadzarka-ritar-nowoczesna-donica-do-wnetrz-designerska-donica-na-rosliny-copy-copy-6\/"]}]},{"@type":"ImageObject","inLanguage":"pl-PL","@id":"https:\/\/3dvikingsstore.com\/pl\/shop\/sadzarka-ritar-nowoczesna-donica-do-wnetrz-designerska-donica-na-rosliny-copy-copy-6\/#primaryimage","url":"https:\/\/3dvikingsstore.com\/wp-content\/uploads\/2024\/03\/DSC04259-scaled.jpg","contentUrl":"https:\/\/3dvikingsstore.com\/wp-content\/uploads\/2024\/03\/DSC04259-scaled.jpg","width":2560,"height":2560},{"@type":"BreadcrumbList","@id":"https:\/\/3dvikingsstore.com\/pl\/shop\/sadzarka-ritar-nowoczesna-donica-do-wnetrz-designerska-donica-na-rosliny-copy-copy-6\/#breadcrumb","itemListElement":[{"@type":"ListItem","position":1,"name":"Home","item":"https:\/\/3dvikingsstore.com\/pl\/"},{"@type":"ListItem","position":2,"name":"Shop","item":"https:\/\/3dvikingsstore.com\/shop\/"},{"@type":"ListItem","position":3,"name":"Sadzarka Ritar: Nowoczesna donica do wn\u0119trz, designerska donica na ro\u015bliny (Copy) (Copy)"}]},{"@type":"WebSite","@id":"https:\/\/3dvikingsstore.com\/pl\/#website","url":"https:\/\/3dvikingsstore.com\/pl\/","name":"3D Vikings Store","description":"Dekoracje i Akcesoria do Gier Planszowych i Sto\u0142owych","publisher":{"@id":"https:\/\/3dvikingsstore.com\/pl\/#organization"},"potentialAction":[{"@type":"SearchAction","target":{"@type":"EntryPoint","urlTemplate":"https:\/\/3dvikingsstore.com\/pl\/?s={search_term_string}"},"query-input":"required name=search_term_string"}],"inLanguage":"pl-PL"},{"@type":"Organization","@id":"https:\/\/3dvikingsstore.com\/pl\/#organization","name":"3D Vikings Store","url":"https:\/\/3dvikingsstore.com\/pl\/","logo":{"@type":"ImageObject","inLanguage":"pl-PL","@id":"https:\/\/3dvikingsstore.com\/pl\/#\/schema\/logo\/image\/","url":"https:\/\/3dvikingsstore.com\/wp-content\/uploads\/2020\/03\/3dvikings-logo-karge-white.jpg","contentUrl":"https:\/\/3dvikingsstore.com\/wp-content\/uploads\/2020\/03\/3dvikings-logo-karge-white.jpg","width":800,"height":800,"caption":"3D Vikings Store"},"image":{"@id":"https:\/\/3dvikingsstore.com\/pl\/#\/schema\/logo\/image\/"}}]}},"_links":{"self":[{"href":"https:\/\/3dvikingsstore.com\/pl\/wp-json\/wp\/v2\/product\/58884"}],"collection":[{"href":"https:\/\/3dvikingsstore.com\/pl\/wp-json\/wp\/v2\/product"}],"about":[{"href":"https:\/\/3dvikingsstore.com\/pl\/wp-json\/wp\/v2\/types\/product"}],"replies":[{"embeddable":true,"href":"https:\/\/3dvikingsstore.com\/pl\/wp-json\/wp\/v2\/comments?post=58884"}],"version-history":[{"count":1,"href":"https:\/\/3dvikingsstore.com\/pl\/wp-json\/wp\/v2\/product\/58884\/revisions"}],"predecessor-version":[{"id":58960,"href":"https:\/\/3dvikingsstore.com\/pl\/wp-json\/wp\/v2\/product\/58884\/revisions\/58960"}],"wp:featuredmedia":[{"embeddable":true,"href":"https:\/\/3dvikingsstore.com\/pl\/wp-json\/wp\/v2\/media\/58949"}],"wp:attachment":[{"href":"https:\/\/3dvikingsstore.com\/pl\/wp-json\/wp\/v2\/media?parent=58884"}],"wp:term":[{"taxonomy":"product_cat","embeddable":true,"href":"https:\/\/3dvikingsstore.com\/pl\/wp-json\/wp\/v2\/product_cat?post=58884"},{"taxonomy":"product_tag","embeddable":true,"href":"https:\/\/3dvikingsstore.com\/pl\/wp-json\/wp\/v2\/product_tag?post=58884"}],"curies":[{"name":"wp","href":"https:\/\/api.w.org\/{rel}","templated":true}]}}