{"id":19237,"date":"2024-03-08T11:05:32","date_gmt":"2024-03-08T09:05:32","guid":{"rendered":"https:\/\/3dvikingsstore.com\/?post_type=product&#038;p=19237"},"modified":"2024-03-08T11:31:01","modified_gmt":"2024-03-08T09:31:01","slug":"stojak-na-sluchawki-spider-man-przyjazne-sasiedztwo-dla-sluchawek-copy","status":"publish","type":"product","link":"https:\/\/3dvikingsstore.com\/pl\/shop\/stojak-na-sluchawki-spider-man-przyjazne-sasiedztwo-dla-sluchawek-copy\/","title":{"rendered":"Stojak na s\u0142uchawki Johnny Silverhand: Rock Your World, Fight the System"},"content":{"rendered":"<p><strong>Przedstawiamy stojak na s\u0142uchawki Johnny Silverhand: Przygotuj si\u0119 na bunt<\/strong><\/p>\n<p>Nigdy wi\u0119cej nie zgub s\u0142uchawek, choomba. Stojak na s\u0142uchawki Johnny Silverhand jest gotowy, aby wstrz\u0105sn\u0105\u0107 Twoim \u015bwiatem i chroni\u0107 Tw\u00f3j sprz\u0119t audio przed korporacyjnymi stoogami i dronami z wypranymi m\u00f3zgami.<\/p>\n<p><strong>Nastawienie na cel<\/strong><\/p>\n<p>Zainspirowany najbardziej legendarnym rockmanem Night City, stojak ten uosabia buntowniczego ducha Johnny&#8217;ego. To co\u015b wi\u0119cej ni\u017c tylko miejsce do zawieszenia s\u0142uchawek; to o\u015bwiadczenie przeciwko systemowi. Jest wykonany z wyzywaj\u0105c\u0105 kraw\u0119dzi\u0105, z charakterystycznym stylem Johnny&#8217;ego i tymi ognistymi, zdeterminowanymi oczami. Solidna konstrukcja stojaka zapewnia bezpiecze\u0144stwo s\u0142uchawek, gotowych do odtwarzania utwor\u00f3w, kt\u00f3re nap\u0119dzaj\u0105 Ci\u0119 do walki.<\/p>\n<p><strong>Ulepsz swoj\u0105 kryj\u00f3wk\u0119 rebeliant\u00f3w<\/strong><\/p>\n<p>Stojak na s\u0142uchawki Johnny Silverhand nie tylko porz\u0105dkuje; przekszta\u0142ca przestrze\u0144 w przysta\u0144 dla wolnomy\u015blicieli i antykorporacyjnych buntownik\u00f3w. Szary plastik i wyzywaj\u0105cy design dodadz\u0105 odrobin\u0119 sznytu Night City do biurka, zestawu do gier lub studia nagraniowego. Nieustannie przypomina o nieust\u0119pliwej walce Johnny&#8217;ego o wolno\u015b\u0107.<\/p>\n<p><strong>Idealny prezent dla cyberpunkowych buntownik\u00f3w<\/strong><\/p>\n<p>Znasz zagorza\u0142ego fana Cyberpunk 2077 lub prawdziwego buntownika w s\u0142usznej sprawie? Ten stojak to idealny spos\u00f3b na okazanie uznania dla ich nieugi\u0119tego ducha. To wyj\u0105tkowy i bezczelny utw\u00f3r, kt\u00f3ry celebruje walk\u0119 z opresj\u0105 i moc zab\u00f3jczej \u015bcie\u017cki d\u017awi\u0119kowej.<\/p>\n<p><strong>Seize the Night i Never Fade Away<\/strong><\/p>\n<p>Dzi\u0119ki stojakowi na s\u0142uchawki Johnny Silverhand nie tylko kupujesz kawa\u0142ek cyberpunkowego towaru; do\u0142\u0105czasz do ruchu oporu. Niech nap\u0119dza te nocne sesje grania, te pe\u0142ne pasji kreatywne projekty i nieustanne d\u0105\u017cenie do tego, by tw\u00f3j g\u0142os zosta\u0142 us\u0142yszany.<\/p>\n<p><strong>Zam\u00f3w stojak na s\u0142uchawki Johnny Silverhand ju\u017c dzi\u015b &#8211; Obud\u017a si\u0119, Samuraju! Mamy miasto do spalenia.<\/strong><\/p>\n","protected":false},"excerpt":{"rendered":"<p><strong>Przedstawiamy stojak na s\u0142uchawki Johnny Silverhand: Przygotuj si\u0119 na bunt<\/strong><\/p>\n<p>Nigdy wi\u0119cej nie zgub s\u0142uchawek, choomba. Stojak na s\u0142uchawki Johnny Silverhand jest gotowy, aby wstrz\u0105sn\u0105\u0107 Twoim \u015bwiatem i chroni\u0107 Tw\u00f3j sprz\u0119t audio przed korporacyjnymi stoogami i dronami z wypranymi m\u00f3zgami.<\/p>\n","protected":false},"featured_media":19244,"comment_status":"open","ping_status":"closed","template":"","meta":[],"product_cat":[3426],"product_tag":[],"yoast_head":"<!-- This site is optimized with the Yoast SEO Premium plugin v22.9 (Yoast SEO v22.9) - https:\/\/yoast.com\/wordpress\/plugins\/seo\/ -->\n<title>Stojak na s\u0142uchawki Johnny Silverhand: Walka z systemem<\/title>\n<meta name=\"description\" content=\"Stojak na s\u0142uchawki Johnny Silverhand jest gotowy, aby wstrz\u0105sn\u0105\u0107 Twoim \u015bwiatem i chroni\u0107 Tw\u00f3j sprz\u0119t audio przed korporacyjnymi stoogami i dronami z wypranymi m\u00f3zgami.\" \/>\n<meta name=\"robots\" content=\"index, follow, max-snippet:-1, max-image-preview:large, max-video-preview:-1\" \/>\n<link rel=\"canonical\" href=\"https:\/\/3dvikingsstore.com\/pl\/shop\/stojak-na-sluchawki-spider-man-przyjazne-sasiedztwo-dla-sluchawek-copy\/\" \/>\n<meta property=\"og:locale\" content=\"pl_PL\" \/>\n<meta property=\"og:type\" content=\"article\" \/>\n<meta property=\"og:title\" content=\"Stojak na s\u0142uchawki Johnny Silverhand: Rock Your World, Fight the System\" \/>\n<meta property=\"og:description\" content=\"Stojak na s\u0142uchawki Johnny Silverhand jest gotowy, aby wstrz\u0105sn\u0105\u0107 Twoim \u015bwiatem i chroni\u0107 Tw\u00f3j sprz\u0119t audio przed korporacyjnymi stoogami i dronami z wypranymi m\u00f3zgami.\" \/>\n<meta property=\"og:url\" content=\"https:\/\/3dvikingsstore.com\/pl\/shop\/stojak-na-sluchawki-spider-man-przyjazne-sasiedztwo-dla-sluchawek-copy\/\" \/>\n<meta property=\"og:site_name\" content=\"3D Vikings Store\" \/>\n<meta property=\"article:modified_time\" content=\"2024-03-08T09:31:01+00:00\" \/>\n<meta property=\"og:image\" content=\"https:\/\/3dvikingsstore.com\/wp-content\/uploads\/2024\/03\/Silverhand-1-1024x1024.png\" \/>\n\t<meta property=\"og:image:width\" content=\"1024\" \/>\n\t<meta property=\"og:image:height\" content=\"1024\" \/>\n\t<meta property=\"og:image:type\" content=\"image\/png\" \/>\n<meta name=\"twitter:card\" content=\"summary_large_image\" \/>\n<meta name=\"twitter:label1\" content=\"Szacowany czas czytania\" \/>\n\t<meta name=\"twitter:data1\" content=\"2 minuty\" \/>\n<script type=\"application\/ld+json\" class=\"yoast-schema-graph\">{\"@context\":\"https:\/\/schema.org\",\"@graph\":[{\"@type\":[\"WebPage\",\"ItemPage\"],\"@id\":\"https:\/\/3dvikingsstore.com\/pl\/shop\/stojak-na-sluchawki-spider-man-przyjazne-sasiedztwo-dla-sluchawek-copy\/\",\"url\":\"https:\/\/3dvikingsstore.com\/pl\/shop\/stojak-na-sluchawki-spider-man-przyjazne-sasiedztwo-dla-sluchawek-copy\/\",\"name\":\"Stojak na s\u0142uchawki Johnny Silverhand: Walka z systemem\",\"isPartOf\":{\"@id\":\"https:\/\/3dvikingsstore.com\/pl\/#website\"},\"primaryImageOfPage\":{\"@id\":\"https:\/\/3dvikingsstore.com\/pl\/shop\/stojak-na-sluchawki-spider-man-przyjazne-sasiedztwo-dla-sluchawek-copy\/#primaryimage\"},\"image\":{\"@id\":\"https:\/\/3dvikingsstore.com\/pl\/shop\/stojak-na-sluchawki-spider-man-przyjazne-sasiedztwo-dla-sluchawek-copy\/#primaryimage\"},\"thumbnailUrl\":\"https:\/\/3dvikingsstore.com\/wp-content\/uploads\/2024\/03\/Silverhand-1.png\",\"datePublished\":\"2024-03-08T09:05:32+00:00\",\"dateModified\":\"2024-03-08T09:31:01+00:00\",\"description\":\"Stojak na s\u0142uchawki Johnny Silverhand jest gotowy, aby wstrz\u0105sn\u0105\u0107 Twoim \u015bwiatem i chroni\u0107 Tw\u00f3j sprz\u0119t audio przed korporacyjnymi stoogami i dronami z wypranymi m\u00f3zgami.\",\"breadcrumb\":{\"@id\":\"https:\/\/3dvikingsstore.com\/pl\/shop\/stojak-na-sluchawki-spider-man-przyjazne-sasiedztwo-dla-sluchawek-copy\/#breadcrumb\"},\"inLanguage\":\"pl-PL\",\"potentialAction\":[{\"@type\":\"ReadAction\",\"target\":[\"https:\/\/3dvikingsstore.com\/pl\/shop\/stojak-na-sluchawki-spider-man-przyjazne-sasiedztwo-dla-sluchawek-copy\/\"]}]},{\"@type\":\"ImageObject\",\"inLanguage\":\"pl-PL\",\"@id\":\"https:\/\/3dvikingsstore.com\/pl\/shop\/stojak-na-sluchawki-spider-man-przyjazne-sasiedztwo-dla-sluchawek-copy\/#primaryimage\",\"url\":\"https:\/\/3dvikingsstore.com\/wp-content\/uploads\/2024\/03\/Silverhand-1.png\",\"contentUrl\":\"https:\/\/3dvikingsstore.com\/wp-content\/uploads\/2024\/03\/Silverhand-1.png\",\"width\":2259,\"height\":2259},{\"@type\":\"BreadcrumbList\",\"@id\":\"https:\/\/3dvikingsstore.com\/pl\/shop\/stojak-na-sluchawki-spider-man-przyjazne-sasiedztwo-dla-sluchawek-copy\/#breadcrumb\",\"itemListElement\":[{\"@type\":\"ListItem\",\"position\":1,\"name\":\"Home\",\"item\":\"https:\/\/3dvikingsstore.com\/pl\/\"},{\"@type\":\"ListItem\",\"position\":2,\"name\":\"Shop\",\"item\":\"https:\/\/3dvikingsstore.com\/shop\/\"},{\"@type\":\"ListItem\",\"position\":3,\"name\":\"Stojak na s\u0142uchawki Johnny Silverhand: Rock Your World, Fight the System\"}]},{\"@type\":\"WebSite\",\"@id\":\"https:\/\/3dvikingsstore.com\/pl\/#website\",\"url\":\"https:\/\/3dvikingsstore.com\/pl\/\",\"name\":\"3D Vikings Store\",\"description\":\"Dekoracje i Akcesoria do Gier Planszowych i Sto\u0142owych\",\"publisher\":{\"@id\":\"https:\/\/3dvikingsstore.com\/pl\/#organization\"},\"potentialAction\":[{\"@type\":\"SearchAction\",\"target\":{\"@type\":\"EntryPoint\",\"urlTemplate\":\"https:\/\/3dvikingsstore.com\/pl\/?s={search_term_string}\"},\"query-input\":\"required name=search_term_string\"}],\"inLanguage\":\"pl-PL\"},{\"@type\":\"Organization\",\"@id\":\"https:\/\/3dvikingsstore.com\/pl\/#organization\",\"name\":\"3D Vikings Store\",\"url\":\"https:\/\/3dvikingsstore.com\/pl\/\",\"logo\":{\"@type\":\"ImageObject\",\"inLanguage\":\"pl-PL\",\"@id\":\"https:\/\/3dvikingsstore.com\/pl\/#\/schema\/logo\/image\/\",\"url\":\"https:\/\/3dvikingsstore.com\/wp-content\/uploads\/2020\/03\/3dvikings-logo-karge-white.jpg\",\"contentUrl\":\"https:\/\/3dvikingsstore.com\/wp-content\/uploads\/2020\/03\/3dvikings-logo-karge-white.jpg\",\"width\":800,\"height\":800,\"caption\":\"3D Vikings Store\"},\"image\":{\"@id\":\"https:\/\/3dvikingsstore.com\/pl\/#\/schema\/logo\/image\/\"}}]}<\/script>\n<!-- \/ Yoast SEO Premium plugin. -->","yoast_head_json":{"title":"Stojak na s\u0142uchawki Johnny Silverhand: Walka z systemem","description":"Stojak na s\u0142uchawki Johnny Silverhand jest gotowy, aby wstrz\u0105sn\u0105\u0107 Twoim \u015bwiatem i chroni\u0107 Tw\u00f3j sprz\u0119t audio przed korporacyjnymi stoogami i dronami z wypranymi m\u00f3zgami.","robots":{"index":"index","follow":"follow","max-snippet":"max-snippet:-1","max-image-preview":"max-image-preview:large","max-video-preview":"max-video-preview:-1"},"canonical":"https:\/\/3dvikingsstore.com\/pl\/shop\/stojak-na-sluchawki-spider-man-przyjazne-sasiedztwo-dla-sluchawek-copy\/","og_locale":"pl_PL","og_type":"article","og_title":"Stojak na s\u0142uchawki Johnny Silverhand: Rock Your World, Fight the System","og_description":"Stojak na s\u0142uchawki Johnny Silverhand jest gotowy, aby wstrz\u0105sn\u0105\u0107 Twoim \u015bwiatem i chroni\u0107 Tw\u00f3j sprz\u0119t audio przed korporacyjnymi stoogami i dronami z wypranymi m\u00f3zgami.","og_url":"https:\/\/3dvikingsstore.com\/pl\/shop\/stojak-na-sluchawki-spider-man-przyjazne-sasiedztwo-dla-sluchawek-copy\/","og_site_name":"3D Vikings Store","article_modified_time":"2024-03-08T09:31:01+00:00","og_image":[{"width":1024,"height":1024,"url":"https:\/\/3dvikingsstore.com\/wp-content\/uploads\/2024\/03\/Silverhand-1-1024x1024.png","type":"image\/png"}],"twitter_card":"summary_large_image","twitter_misc":{"Szacowany czas czytania":"2 minuty"},"schema":{"@context":"https:\/\/schema.org","@graph":[{"@type":["WebPage","ItemPage"],"@id":"https:\/\/3dvikingsstore.com\/pl\/shop\/stojak-na-sluchawki-spider-man-przyjazne-sasiedztwo-dla-sluchawek-copy\/","url":"https:\/\/3dvikingsstore.com\/pl\/shop\/stojak-na-sluchawki-spider-man-przyjazne-sasiedztwo-dla-sluchawek-copy\/","name":"Stojak na s\u0142uchawki Johnny Silverhand: Walka z systemem","isPartOf":{"@id":"https:\/\/3dvikingsstore.com\/pl\/#website"},"primaryImageOfPage":{"@id":"https:\/\/3dvikingsstore.com\/pl\/shop\/stojak-na-sluchawki-spider-man-przyjazne-sasiedztwo-dla-sluchawek-copy\/#primaryimage"},"image":{"@id":"https:\/\/3dvikingsstore.com\/pl\/shop\/stojak-na-sluchawki-spider-man-przyjazne-sasiedztwo-dla-sluchawek-copy\/#primaryimage"},"thumbnailUrl":"https:\/\/3dvikingsstore.com\/wp-content\/uploads\/2024\/03\/Silverhand-1.png","datePublished":"2024-03-08T09:05:32+00:00","dateModified":"2024-03-08T09:31:01+00:00","description":"Stojak na s\u0142uchawki Johnny Silverhand jest gotowy, aby wstrz\u0105sn\u0105\u0107 Twoim \u015bwiatem i chroni\u0107 Tw\u00f3j sprz\u0119t audio przed korporacyjnymi stoogami i dronami z wypranymi m\u00f3zgami.","breadcrumb":{"@id":"https:\/\/3dvikingsstore.com\/pl\/shop\/stojak-na-sluchawki-spider-man-przyjazne-sasiedztwo-dla-sluchawek-copy\/#breadcrumb"},"inLanguage":"pl-PL","potentialAction":[{"@type":"ReadAction","target":["https:\/\/3dvikingsstore.com\/pl\/shop\/stojak-na-sluchawki-spider-man-przyjazne-sasiedztwo-dla-sluchawek-copy\/"]}]},{"@type":"ImageObject","inLanguage":"pl-PL","@id":"https:\/\/3dvikingsstore.com\/pl\/shop\/stojak-na-sluchawki-spider-man-przyjazne-sasiedztwo-dla-sluchawek-copy\/#primaryimage","url":"https:\/\/3dvikingsstore.com\/wp-content\/uploads\/2024\/03\/Silverhand-1.png","contentUrl":"https:\/\/3dvikingsstore.com\/wp-content\/uploads\/2024\/03\/Silverhand-1.png","width":2259,"height":2259},{"@type":"BreadcrumbList","@id":"https:\/\/3dvikingsstore.com\/pl\/shop\/stojak-na-sluchawki-spider-man-przyjazne-sasiedztwo-dla-sluchawek-copy\/#breadcrumb","itemListElement":[{"@type":"ListItem","position":1,"name":"Home","item":"https:\/\/3dvikingsstore.com\/pl\/"},{"@type":"ListItem","position":2,"name":"Shop","item":"https:\/\/3dvikingsstore.com\/shop\/"},{"@type":"ListItem","position":3,"name":"Stojak na s\u0142uchawki Johnny Silverhand: Rock Your World, Fight the System"}]},{"@type":"WebSite","@id":"https:\/\/3dvikingsstore.com\/pl\/#website","url":"https:\/\/3dvikingsstore.com\/pl\/","name":"3D Vikings Store","description":"Dekoracje i Akcesoria do Gier Planszowych i Sto\u0142owych","publisher":{"@id":"https:\/\/3dvikingsstore.com\/pl\/#organization"},"potentialAction":[{"@type":"SearchAction","target":{"@type":"EntryPoint","urlTemplate":"https:\/\/3dvikingsstore.com\/pl\/?s={search_term_string}"},"query-input":"required name=search_term_string"}],"inLanguage":"pl-PL"},{"@type":"Organization","@id":"https:\/\/3dvikingsstore.com\/pl\/#organization","name":"3D Vikings Store","url":"https:\/\/3dvikingsstore.com\/pl\/","logo":{"@type":"ImageObject","inLanguage":"pl-PL","@id":"https:\/\/3dvikingsstore.com\/pl\/#\/schema\/logo\/image\/","url":"https:\/\/3dvikingsstore.com\/wp-content\/uploads\/2020\/03\/3dvikings-logo-karge-white.jpg","contentUrl":"https:\/\/3dvikingsstore.com\/wp-content\/uploads\/2020\/03\/3dvikings-logo-karge-white.jpg","width":800,"height":800,"caption":"3D Vikings Store"},"image":{"@id":"https:\/\/3dvikingsstore.com\/pl\/#\/schema\/logo\/image\/"}}]}},"_links":{"self":[{"href":"https:\/\/3dvikingsstore.com\/pl\/wp-json\/wp\/v2\/product\/19237"}],"collection":[{"href":"https:\/\/3dvikingsstore.com\/pl\/wp-json\/wp\/v2\/product"}],"about":[{"href":"https:\/\/3dvikingsstore.com\/pl\/wp-json\/wp\/v2\/types\/product"}],"replies":[{"embeddable":true,"href":"https:\/\/3dvikingsstore.com\/pl\/wp-json\/wp\/v2\/comments?post=19237"}],"version-history":[{"count":2,"href":"https:\/\/3dvikingsstore.com\/pl\/wp-json\/wp\/v2\/product\/19237\/revisions"}],"predecessor-version":[{"id":19260,"href":"https:\/\/3dvikingsstore.com\/pl\/wp-json\/wp\/v2\/product\/19237\/revisions\/19260"}],"wp:featuredmedia":[{"embeddable":true,"href":"https:\/\/3dvikingsstore.com\/pl\/wp-json\/wp\/v2\/media\/19244"}],"wp:attachment":[{"href":"https:\/\/3dvikingsstore.com\/pl\/wp-json\/wp\/v2\/media?parent=19237"}],"wp:term":[{"taxonomy":"product_cat","embeddable":true,"href":"https:\/\/3dvikingsstore.com\/pl\/wp-json\/wp\/v2\/product_cat?post=19237"},{"taxonomy":"product_tag","embeddable":true,"href":"https:\/\/3dvikingsstore.com\/pl\/wp-json\/wp\/v2\/product_tag?post=19237"}],"curies":[{"name":"wp","href":"https:\/\/api.w.org\/{rel}","templated":true}]}}