{"id":19208,"date":"2024-03-07T13:29:44","date_gmt":"2024-03-07T11:29:44","guid":{"rendered":"https:\/\/3dvikingsstore.com\/?post_type=product&#038;p=19208"},"modified":"2024-03-07T14:32:51","modified_gmt":"2024-03-07T12:32:51","slug":"stojak-na-sluchawki-spider-man","status":"publish","type":"product","link":"https:\/\/3dvikingsstore.com\/pl\/shop\/stojak-na-sluchawki-spider-man\/","title":{"rendered":"Stojak na s\u0142uchawki Spider-Man: Przyjazne s\u0105siedztwo dla s\u0142uchawek"},"content":{"rendered":"<p data-sourcepos=\"3:1-3:88\"><strong>Przedstawiamy stojak na s\u0142uchawki Ultimate Spider-Man: Gdzie styl \u0142\u0105czy si\u0119 z funkcjonalno\u015bci\u0105<\/strong><\/p>\n<p data-sourcepos=\"5:1-5:368\">Uwolnij swojego wewn\u0119trznego m\u015bciciela i podnie\u015b jako\u015b\u0107 d\u017awi\u0119ku dzi\u0119ki temu niesamowitemu stojakowi na s\u0142uchawki Spider-Man. Niezale\u017cnie od tego, czy walczysz ze z\u0142oczy\u0144cami w swojej ulubionej grze wideo, zanurzasz si\u0119 w najnowszej komiksowej przygodzie Spideya, czy po prostu s\u0142uchasz ulubionych utwor\u00f3w, ten stojak jest idealnym pomocnikiem, kt\u00f3ry utrzymuje s\u0142uchawki w porz\u0105dku i jest gotowy do dzia\u0142ania.<\/p>\n<p data-sourcepos=\"7:1-7:40\"><strong>Heroiczny projekt. Praktyczna ochrona.<\/strong><\/p>\n<p data-sourcepos=\"9:1-9:407\">Wykonany z dba\u0142o\u015bci\u0105 o szczeg\u00f3\u0142y stojak prezentuje kultow\u0105 mask\u0119 Spider-Mana, wraz z jego wyrazistymi oczami i skomplikowanym wzorem sieci. Jego solidna konstrukcja zapewnia, \u017ce s\u0142uchawki spoczywaj\u0105 bezpiecznie, zapobiegaj\u0105c zadrapaniom, spl\u0105taniu i przypadkowym wstrz\u0105som, kt\u00f3re prowadz\u0105 do uszkodze\u0144. Koniec z gor\u0105czkowym poszukiwaniem sprz\u0119tu audio &#8211; dzi\u0119ki temu stojakowi s\u0142uchawki s\u0105 zawsze gotowe do nast\u0119pnej misji.<\/p>\n<p data-sourcepos=\"11:1-11:37\"><strong>Ulepsz swoje centrum dowodzenia audio<\/strong><\/p>\n<p data-sourcepos=\"13:1-13:364\">Ten stojak na s\u0142uchawki Spider-Man jest nie tylko praktyczny, ale tak\u017ce wyrazisty. \u017bywe czerwone i niebieskie kolory pasuj\u0105 do ka\u017cdego biurka lub p\u00f3\u0142ki, przekszta\u0142caj\u0105c twoj\u0105 konfiguracj\u0119 w prawdziwe centrum dowodzenia web-slingera. To idealny spos\u00f3b na zaprezentowanie swojej pasji do Spider-Mana i dodanie odrobiny superbohaterskiego stylu do sesji grania, s\u0142uchania muzyki, a nawet rozm\u00f3w wideo.<\/p>\n<p data-sourcepos=\"15:1-15:52\"><strong>Idealny prezent dla fan\u00f3w paj\u0105k\u00f3w i audiofil\u00f3w<\/strong><\/p>\n<p data-sourcepos=\"17:1-17:345\">Niezale\u017cnie od tego, czy jeste\u015b zagorza\u0142ym entuzjast\u0105 Spider-Mana, oddanym graczem, czy po prostu kim\u015b, kto ceni sobie fajne i funkcjonalne akcesoria, ten stojak na s\u0142uchawki jest konieczno\u015bci\u0105. To idealny prezent na urodziny, \u015bwi\u0119ta lub po prostu dlatego. Ka\u017cdy fan Marvela b\u0119dzie zachwycony otrzymaniem tego wyj\u0105tkowego i u\u017cytecznego przedmiotu, kt\u00f3ry celebruje jego ulubionego bohatera.<\/p>\n<p data-sourcepos=\"19:1-19:41\"><strong>Ujarzmij Spider-Verse na swoim biurku<\/strong><\/p>\n<p data-sourcepos=\"21:1-21:329\">Dzi\u0119ki stojakowi na s\u0142uchawki Spider-Man nie kupujesz tylko rozwi\u0105zania do przechowywania; wprowadzasz kawa\u0142ek Spider-Verse do swojej w\u0142asnej przestrzeni. Niech zainspiruje Ci\u0119 do podj\u0119cia ka\u017cdego wyzwania z determinacj\u0105 Spideya i niezachwianym poczuciem odpowiedzialno\u015bci. W ko\u0144cu ka\u017cdy potrzebuje od czasu do czasu ma\u0142ego wsparcia superbohatera!<\/p>\n","protected":false},"excerpt":{"rendered":"<p data-sourcepos=\"3:1-3:88\"><strong>Przedstawiamy stojak na s\u0142uchawki Ultimate Spider-Man: Gdzie styl \u0142\u0105czy si\u0119 z funkcjonalno\u015bci\u0105<\/strong><\/p>\n<p data-sourcepos=\"5:1-5:368\">Uwolnij swojego wewn\u0119trznego m\u015bciciela i podnie\u015b jako\u015b\u0107 d\u017awi\u0119ku dzi\u0119ki temu niesamowitemu stojakowi na s\u0142uchawki Spider-Man. Niezale\u017cnie od tego, czy walczysz ze z\u0142oczy\u0144cami w swojej ulubionej grze wideo, zanurzasz si\u0119 w najnowszej komiksowej przygodzie Spideya, czy po prostu s\u0142uchasz ulubionych utwor\u00f3w, ten stojak jest idealnym pomocnikiem, kt\u00f3ry utrzymuje s\u0142uchawki w porz\u0105dku i jest gotowy do dzia\u0142ania.<\/p>\n","protected":false},"featured_media":19211,"comment_status":"open","ping_status":"closed","template":"","meta":[],"product_cat":[3426],"product_tag":[],"yoast_head":"<!-- This site is optimized with the Yoast SEO Premium plugin v22.9 (Yoast SEO v22.9) - https:\/\/yoast.com\/wordpress\/plugins\/seo\/ -->\n<title>Stojak na s\u0142uchawki Spider-Man: Wykonany z dba\u0142o\u015bci\u0105 o szczeg\u00f3\u0142y<\/title>\n<meta name=\"description\" content=\"Stojak na s\u0142uchawki Spider-Mana - wykonany z dba\u0142o\u015bci\u0105 o szczeg\u00f3\u0142y stojak przedstawia kultow\u0105 mask\u0119 Spider-Mana wraz z jego wyrazistymi oczami.\" \/>\n<meta name=\"robots\" content=\"index, follow, max-snippet:-1, max-image-preview:large, max-video-preview:-1\" \/>\n<link rel=\"canonical\" href=\"https:\/\/3dvikingsstore.com\/pl\/shop\/stojak-na-sluchawki-spider-man\/\" \/>\n<meta property=\"og:locale\" content=\"pl_PL\" \/>\n<meta property=\"og:type\" content=\"article\" \/>\n<meta property=\"og:title\" content=\"Stojak na s\u0142uchawki Spider-Man: Przyjazne s\u0105siedztwo dla s\u0142uchawek\" \/>\n<meta property=\"og:description\" content=\"Stojak na s\u0142uchawki Spider-Mana - wykonany z dba\u0142o\u015bci\u0105 o szczeg\u00f3\u0142y stojak przedstawia kultow\u0105 mask\u0119 Spider-Mana wraz z jego wyrazistymi oczami.\" \/>\n<meta property=\"og:url\" content=\"https:\/\/3dvikingsstore.com\/pl\/shop\/stojak-na-sluchawki-spider-man\/\" \/>\n<meta property=\"og:site_name\" content=\"3D Vikings Store\" \/>\n<meta property=\"article:modified_time\" content=\"2024-03-07T12:32:51+00:00\" \/>\n<meta property=\"og:image\" content=\"https:\/\/3dvikingsstore.com\/wp-content\/uploads\/2024\/03\/Spider-Man-1-1024x1024.png\" \/>\n\t<meta property=\"og:image:width\" content=\"1024\" \/>\n\t<meta property=\"og:image:height\" content=\"1024\" \/>\n\t<meta property=\"og:image:type\" content=\"image\/png\" \/>\n<meta name=\"twitter:card\" content=\"summary_large_image\" \/>\n<meta name=\"twitter:label1\" content=\"Szacowany czas czytania\" \/>\n\t<meta name=\"twitter:data1\" content=\"2 minuty\" \/>\n<script type=\"application\/ld+json\" class=\"yoast-schema-graph\">{\"@context\":\"https:\/\/schema.org\",\"@graph\":[{\"@type\":[\"WebPage\",\"ItemPage\"],\"@id\":\"https:\/\/3dvikingsstore.com\/pl\/shop\/stojak-na-sluchawki-spider-man\/\",\"url\":\"https:\/\/3dvikingsstore.com\/pl\/shop\/stojak-na-sluchawki-spider-man\/\",\"name\":\"Stojak na s\u0142uchawki Spider-Man: Wykonany z dba\u0142o\u015bci\u0105 o szczeg\u00f3\u0142y\",\"isPartOf\":{\"@id\":\"https:\/\/3dvikingsstore.com\/pl\/#website\"},\"primaryImageOfPage\":{\"@id\":\"https:\/\/3dvikingsstore.com\/pl\/shop\/stojak-na-sluchawki-spider-man\/#primaryimage\"},\"image\":{\"@id\":\"https:\/\/3dvikingsstore.com\/pl\/shop\/stojak-na-sluchawki-spider-man\/#primaryimage\"},\"thumbnailUrl\":\"https:\/\/3dvikingsstore.com\/wp-content\/uploads\/2024\/03\/Spider-Man-1.png\",\"datePublished\":\"2024-03-07T11:29:44+00:00\",\"dateModified\":\"2024-03-07T12:32:51+00:00\",\"description\":\"Stojak na s\u0142uchawki Spider-Mana - wykonany z dba\u0142o\u015bci\u0105 o szczeg\u00f3\u0142y stojak przedstawia kultow\u0105 mask\u0119 Spider-Mana wraz z jego wyrazistymi oczami.\",\"breadcrumb\":{\"@id\":\"https:\/\/3dvikingsstore.com\/pl\/shop\/stojak-na-sluchawki-spider-man\/#breadcrumb\"},\"inLanguage\":\"pl-PL\",\"potentialAction\":[{\"@type\":\"ReadAction\",\"target\":[\"https:\/\/3dvikingsstore.com\/pl\/shop\/stojak-na-sluchawki-spider-man\/\"]}]},{\"@type\":\"ImageObject\",\"inLanguage\":\"pl-PL\",\"@id\":\"https:\/\/3dvikingsstore.com\/pl\/shop\/stojak-na-sluchawki-spider-man\/#primaryimage\",\"url\":\"https:\/\/3dvikingsstore.com\/wp-content\/uploads\/2024\/03\/Spider-Man-1.png\",\"contentUrl\":\"https:\/\/3dvikingsstore.com\/wp-content\/uploads\/2024\/03\/Spider-Man-1.png\",\"width\":2171,\"height\":2171},{\"@type\":\"BreadcrumbList\",\"@id\":\"https:\/\/3dvikingsstore.com\/pl\/shop\/stojak-na-sluchawki-spider-man\/#breadcrumb\",\"itemListElement\":[{\"@type\":\"ListItem\",\"position\":1,\"name\":\"Home\",\"item\":\"https:\/\/3dvikingsstore.com\/pl\/\"},{\"@type\":\"ListItem\",\"position\":2,\"name\":\"Shop\",\"item\":\"https:\/\/3dvikingsstore.com\/shop\/\"},{\"@type\":\"ListItem\",\"position\":3,\"name\":\"Stojak na s\u0142uchawki Spider-Man: Przyjazne s\u0105siedztwo dla s\u0142uchawek\"}]},{\"@type\":\"WebSite\",\"@id\":\"https:\/\/3dvikingsstore.com\/pl\/#website\",\"url\":\"https:\/\/3dvikingsstore.com\/pl\/\",\"name\":\"3D Vikings Store\",\"description\":\"Dekoracje i Akcesoria do Gier Planszowych i Sto\u0142owych\",\"publisher\":{\"@id\":\"https:\/\/3dvikingsstore.com\/pl\/#organization\"},\"potentialAction\":[{\"@type\":\"SearchAction\",\"target\":{\"@type\":\"EntryPoint\",\"urlTemplate\":\"https:\/\/3dvikingsstore.com\/pl\/?s={search_term_string}\"},\"query-input\":\"required name=search_term_string\"}],\"inLanguage\":\"pl-PL\"},{\"@type\":\"Organization\",\"@id\":\"https:\/\/3dvikingsstore.com\/pl\/#organization\",\"name\":\"3D Vikings Store\",\"url\":\"https:\/\/3dvikingsstore.com\/pl\/\",\"logo\":{\"@type\":\"ImageObject\",\"inLanguage\":\"pl-PL\",\"@id\":\"https:\/\/3dvikingsstore.com\/pl\/#\/schema\/logo\/image\/\",\"url\":\"https:\/\/3dvikingsstore.com\/wp-content\/uploads\/2020\/03\/3dvikings-logo-karge-white.jpg\",\"contentUrl\":\"https:\/\/3dvikingsstore.com\/wp-content\/uploads\/2020\/03\/3dvikings-logo-karge-white.jpg\",\"width\":800,\"height\":800,\"caption\":\"3D Vikings Store\"},\"image\":{\"@id\":\"https:\/\/3dvikingsstore.com\/pl\/#\/schema\/logo\/image\/\"}}]}<\/script>\n<!-- \/ Yoast SEO Premium plugin. -->","yoast_head_json":{"title":"Stojak na s\u0142uchawki Spider-Man: Wykonany z dba\u0142o\u015bci\u0105 o szczeg\u00f3\u0142y","description":"Stojak na s\u0142uchawki Spider-Mana - wykonany z dba\u0142o\u015bci\u0105 o szczeg\u00f3\u0142y stojak przedstawia kultow\u0105 mask\u0119 Spider-Mana wraz z jego wyrazistymi oczami.","robots":{"index":"index","follow":"follow","max-snippet":"max-snippet:-1","max-image-preview":"max-image-preview:large","max-video-preview":"max-video-preview:-1"},"canonical":"https:\/\/3dvikingsstore.com\/pl\/shop\/stojak-na-sluchawki-spider-man\/","og_locale":"pl_PL","og_type":"article","og_title":"Stojak na s\u0142uchawki Spider-Man: Przyjazne s\u0105siedztwo dla s\u0142uchawek","og_description":"Stojak na s\u0142uchawki Spider-Mana - wykonany z dba\u0142o\u015bci\u0105 o szczeg\u00f3\u0142y stojak przedstawia kultow\u0105 mask\u0119 Spider-Mana wraz z jego wyrazistymi oczami.","og_url":"https:\/\/3dvikingsstore.com\/pl\/shop\/stojak-na-sluchawki-spider-man\/","og_site_name":"3D Vikings Store","article_modified_time":"2024-03-07T12:32:51+00:00","og_image":[{"width":1024,"height":1024,"url":"https:\/\/3dvikingsstore.com\/wp-content\/uploads\/2024\/03\/Spider-Man-1-1024x1024.png","type":"image\/png"}],"twitter_card":"summary_large_image","twitter_misc":{"Szacowany czas czytania":"2 minuty"},"schema":{"@context":"https:\/\/schema.org","@graph":[{"@type":["WebPage","ItemPage"],"@id":"https:\/\/3dvikingsstore.com\/pl\/shop\/stojak-na-sluchawki-spider-man\/","url":"https:\/\/3dvikingsstore.com\/pl\/shop\/stojak-na-sluchawki-spider-man\/","name":"Stojak na s\u0142uchawki Spider-Man: Wykonany z dba\u0142o\u015bci\u0105 o szczeg\u00f3\u0142y","isPartOf":{"@id":"https:\/\/3dvikingsstore.com\/pl\/#website"},"primaryImageOfPage":{"@id":"https:\/\/3dvikingsstore.com\/pl\/shop\/stojak-na-sluchawki-spider-man\/#primaryimage"},"image":{"@id":"https:\/\/3dvikingsstore.com\/pl\/shop\/stojak-na-sluchawki-spider-man\/#primaryimage"},"thumbnailUrl":"https:\/\/3dvikingsstore.com\/wp-content\/uploads\/2024\/03\/Spider-Man-1.png","datePublished":"2024-03-07T11:29:44+00:00","dateModified":"2024-03-07T12:32:51+00:00","description":"Stojak na s\u0142uchawki Spider-Mana - wykonany z dba\u0142o\u015bci\u0105 o szczeg\u00f3\u0142y stojak przedstawia kultow\u0105 mask\u0119 Spider-Mana wraz z jego wyrazistymi oczami.","breadcrumb":{"@id":"https:\/\/3dvikingsstore.com\/pl\/shop\/stojak-na-sluchawki-spider-man\/#breadcrumb"},"inLanguage":"pl-PL","potentialAction":[{"@type":"ReadAction","target":["https:\/\/3dvikingsstore.com\/pl\/shop\/stojak-na-sluchawki-spider-man\/"]}]},{"@type":"ImageObject","inLanguage":"pl-PL","@id":"https:\/\/3dvikingsstore.com\/pl\/shop\/stojak-na-sluchawki-spider-man\/#primaryimage","url":"https:\/\/3dvikingsstore.com\/wp-content\/uploads\/2024\/03\/Spider-Man-1.png","contentUrl":"https:\/\/3dvikingsstore.com\/wp-content\/uploads\/2024\/03\/Spider-Man-1.png","width":2171,"height":2171},{"@type":"BreadcrumbList","@id":"https:\/\/3dvikingsstore.com\/pl\/shop\/stojak-na-sluchawki-spider-man\/#breadcrumb","itemListElement":[{"@type":"ListItem","position":1,"name":"Home","item":"https:\/\/3dvikingsstore.com\/pl\/"},{"@type":"ListItem","position":2,"name":"Shop","item":"https:\/\/3dvikingsstore.com\/shop\/"},{"@type":"ListItem","position":3,"name":"Stojak na s\u0142uchawki Spider-Man: Przyjazne s\u0105siedztwo dla s\u0142uchawek"}]},{"@type":"WebSite","@id":"https:\/\/3dvikingsstore.com\/pl\/#website","url":"https:\/\/3dvikingsstore.com\/pl\/","name":"3D Vikings Store","description":"Dekoracje i Akcesoria do Gier Planszowych i Sto\u0142owych","publisher":{"@id":"https:\/\/3dvikingsstore.com\/pl\/#organization"},"potentialAction":[{"@type":"SearchAction","target":{"@type":"EntryPoint","urlTemplate":"https:\/\/3dvikingsstore.com\/pl\/?s={search_term_string}"},"query-input":"required name=search_term_string"}],"inLanguage":"pl-PL"},{"@type":"Organization","@id":"https:\/\/3dvikingsstore.com\/pl\/#organization","name":"3D Vikings Store","url":"https:\/\/3dvikingsstore.com\/pl\/","logo":{"@type":"ImageObject","inLanguage":"pl-PL","@id":"https:\/\/3dvikingsstore.com\/pl\/#\/schema\/logo\/image\/","url":"https:\/\/3dvikingsstore.com\/wp-content\/uploads\/2020\/03\/3dvikings-logo-karge-white.jpg","contentUrl":"https:\/\/3dvikingsstore.com\/wp-content\/uploads\/2020\/03\/3dvikings-logo-karge-white.jpg","width":800,"height":800,"caption":"3D Vikings Store"},"image":{"@id":"https:\/\/3dvikingsstore.com\/pl\/#\/schema\/logo\/image\/"}}]}},"_links":{"self":[{"href":"https:\/\/3dvikingsstore.com\/pl\/wp-json\/wp\/v2\/product\/19208"}],"collection":[{"href":"https:\/\/3dvikingsstore.com\/pl\/wp-json\/wp\/v2\/product"}],"about":[{"href":"https:\/\/3dvikingsstore.com\/pl\/wp-json\/wp\/v2\/types\/product"}],"replies":[{"embeddable":true,"href":"https:\/\/3dvikingsstore.com\/pl\/wp-json\/wp\/v2\/comments?post=19208"}],"version-history":[{"count":2,"href":"https:\/\/3dvikingsstore.com\/pl\/wp-json\/wp\/v2\/product\/19208\/revisions"}],"predecessor-version":[{"id":19224,"href":"https:\/\/3dvikingsstore.com\/pl\/wp-json\/wp\/v2\/product\/19208\/revisions\/19224"}],"wp:featuredmedia":[{"embeddable":true,"href":"https:\/\/3dvikingsstore.com\/pl\/wp-json\/wp\/v2\/media\/19211"}],"wp:attachment":[{"href":"https:\/\/3dvikingsstore.com\/pl\/wp-json\/wp\/v2\/media?parent=19208"}],"wp:term":[{"taxonomy":"product_cat","embeddable":true,"href":"https:\/\/3dvikingsstore.com\/pl\/wp-json\/wp\/v2\/product_cat?post=19208"},{"taxonomy":"product_tag","embeddable":true,"href":"https:\/\/3dvikingsstore.com\/pl\/wp-json\/wp\/v2\/product_tag?post=19208"}],"curies":[{"name":"wp","href":"https:\/\/api.w.org\/{rel}","templated":true}]}}