{"id":19185,"date":"2024-03-07T10:42:56","date_gmt":"2024-03-07T08:42:56","guid":{"rendered":"https:\/\/3dvikingsstore.com\/?post_type=product&#038;p=19185"},"modified":"2024-03-07T11:15:29","modified_gmt":"2024-03-07T09:15:29","slug":"stojak-na-sluchawki-baylan-skoll","status":"publish","type":"product","link":"https:\/\/3dvikingsstore.com\/pl\/shop\/stojak-na-sluchawki-baylan-skoll\/","title":{"rendered":"Stojak na s\u0142uchawki Baylan Skoll: Niesamowity wy\u015bwietlacz dla sprz\u0119tu audio"},"content":{"rendered":"<p><strong>Przedstawiamy stojak na s\u0142uchawki Baylan Skoll:<\/strong> Wykonany na podobie\u0144stwo ukochanej postaci Baylana Skolla, ten stojak na s\u0142uchawki \u0142\u0105czy praktyczno\u015b\u0107 z fandomem. Oto dlaczego jest to pozycja obowi\u0105zkowa dla ka\u017cdego entuzjasty Baylan:<\/p>\n<ul>\n<li><strong>Kultowy design<\/strong>: Posta\u0107 Baylana Skolla o\u017cywa w tym wydrukowanym w 3D stojaku na s\u0142uchawki. Jego zabawna sylwetka oddaje istot\u0119 przygody i ciekawo\u015bci.<\/li>\n<li><strong>Solidne wsparcie<\/strong>: Baylan Skoll zapewnia bezpiecze\u0144stwo s\u0142uchawek. Niezale\u017cnie od tego, czy korzystasz ze s\u0142uchawek do gier, czy wysokiej klasy s\u0142uchawek studyjnych, znajd\u0105 one przytulne miejsce na tym stojaku.<\/li>\n<li><strong>Wystr\u00f3j biurka<\/strong>: Przekszta\u0142\u0107 swoje miejsce pracy w raj w stylu Baylan. Stojak pe\u0142ni r\u00f3wnie\u017c funkcj\u0119 dekoracyjn\u0105, dodaj\u0105c odrobin\u0119 magii do otoczenia.<\/li>\n<li><strong>Bez monta\u017cu<\/strong>: Nie musisz anga\u017cowa\u0107 swojego wewn\u0119trznego in\u017cyniera. Stojak na s\u0142uchawki Baylan Skoll Character nie wymaga monta\u017cu, co pozwala skupi\u0107 si\u0119 na s\u0142uchaniu muzyki.<\/li>\n<\/ul>\n<p><strong>Specyfikacja<\/strong>:<\/p>\n<ul>\n<li><strong>Materia\u0142<\/strong>: Tworzywo sztuczne<\/li>\n<li><strong>Wymiary<\/strong>: 150 x 190 210 mm<\/li>\n<li><strong>Waga:<\/strong> 330 g<\/li>\n<\/ul>\n<p><strong>Dlaczego warto wybra\u0107 stojak na s\u0142uchawki Baylan Skoll Character?<\/strong><\/p>\n<ul>\n<li><strong>Fandomowa zabawa<\/strong>: \u015awi\u0119tuj swoj\u0105 mi\u0142o\u015b\u0107 do Baylan dzi\u0119ki temu wyj\u0105tkowemu akcesorium.<\/li>\n<li><strong>Godny prezentu<\/strong>: Zr\u00f3b niespodziank\u0119 innemu fanowi Baylan lub zafunduj sobie wspania\u0142y dodatek do swojej kolekcji.<\/li>\n<\/ul>\n<p>Niezale\u017cnie od tego, czy jeste\u015b graczem, mi\u0142o\u015bnikiem muzyki, czy po prostu uwielbiasz przygody Baylana, ten stojak na s\u0142uchawki z postaci\u0105 to co\u015b wi\u0119cej ni\u017c miejsce do przechowywania &#8211; to pocz\u0105tek rozmowy!<\/p>\n","protected":false},"excerpt":{"rendered":"<p data-sourcepos=\"3:1-3:88\"><strong>Przedstawiamy stojak na s\u0142uchawki Baylan Skoll:<\/strong> Wykonany na podobie\u0144stwo ukochanej postaci Baylana Skolla, ten stojak na s\u0142uchawki \u0142\u0105czy praktyczno\u015b\u0107 z fandomem.<\/p>\n","protected":false},"featured_media":19188,"comment_status":"open","ping_status":"closed","template":"","meta":[],"product_cat":[3426],"product_tag":[],"yoast_head":"<!-- This site is optimized with the Yoast SEO Premium plugin v22.9 (Yoast SEO v22.9) - https:\/\/yoast.com\/wordpress\/plugins\/seo\/ -->\n<title>Stojak na s\u0142uchawki Baylan Skoll: Wy\u015bwietlacz dla sprz\u0119tu audio<\/title>\n<meta name=\"description\" content=\"Ten stojak na s\u0142uchawki, wykonany na podobie\u0144stwo ukochanej postaci Baylana Skolla, \u0142\u0105czy w sobie praktyczno\u015b\u0107 z fandomem.\" \/>\n<meta name=\"robots\" content=\"index, follow, max-snippet:-1, max-image-preview:large, max-video-preview:-1\" \/>\n<link rel=\"canonical\" href=\"https:\/\/3dvikingsstore.com\/pl\/shop\/stojak-na-sluchawki-baylan-skoll\/\" \/>\n<meta property=\"og:locale\" content=\"pl_PL\" \/>\n<meta property=\"og:type\" content=\"article\" \/>\n<meta property=\"og:title\" content=\"Stojak na s\u0142uchawki Baylan Skoll: Niesamowity wy\u015bwietlacz dla sprz\u0119tu audio\" \/>\n<meta property=\"og:description\" content=\"Ten stojak na s\u0142uchawki, wykonany na podobie\u0144stwo ukochanej postaci Baylana Skolla, \u0142\u0105czy w sobie praktyczno\u015b\u0107 z fandomem.\" \/>\n<meta property=\"og:url\" content=\"https:\/\/3dvikingsstore.com\/pl\/shop\/stojak-na-sluchawki-baylan-skoll\/\" \/>\n<meta property=\"og:site_name\" content=\"3D Vikings Store\" \/>\n<meta property=\"article:modified_time\" content=\"2024-03-07T09:15:29+00:00\" \/>\n<meta property=\"og:image\" content=\"https:\/\/3dvikingsstore.com\/wp-content\/uploads\/2024\/03\/Baylan-Skoll-1-1024x1024.png\" \/>\n\t<meta property=\"og:image:width\" content=\"1024\" \/>\n\t<meta property=\"og:image:height\" content=\"1024\" \/>\n\t<meta property=\"og:image:type\" content=\"image\/png\" \/>\n<meta name=\"twitter:card\" content=\"summary_large_image\" \/>\n<meta name=\"twitter:label1\" content=\"Szacowany czas czytania\" \/>\n\t<meta name=\"twitter:data1\" content=\"2 minuty\" \/>\n<script type=\"application\/ld+json\" class=\"yoast-schema-graph\">{\"@context\":\"https:\/\/schema.org\",\"@graph\":[{\"@type\":[\"WebPage\",\"ItemPage\"],\"@id\":\"https:\/\/3dvikingsstore.com\/pl\/shop\/stojak-na-sluchawki-baylan-skoll\/\",\"url\":\"https:\/\/3dvikingsstore.com\/pl\/shop\/stojak-na-sluchawki-baylan-skoll\/\",\"name\":\"Stojak na s\u0142uchawki Baylan Skoll: Wy\u015bwietlacz dla sprz\u0119tu audio\",\"isPartOf\":{\"@id\":\"https:\/\/3dvikingsstore.com\/pl\/#website\"},\"primaryImageOfPage\":{\"@id\":\"https:\/\/3dvikingsstore.com\/pl\/shop\/stojak-na-sluchawki-baylan-skoll\/#primaryimage\"},\"image\":{\"@id\":\"https:\/\/3dvikingsstore.com\/pl\/shop\/stojak-na-sluchawki-baylan-skoll\/#primaryimage\"},\"thumbnailUrl\":\"https:\/\/3dvikingsstore.com\/wp-content\/uploads\/2024\/03\/Baylan-Skoll-1.png\",\"datePublished\":\"2024-03-07T08:42:56+00:00\",\"dateModified\":\"2024-03-07T09:15:29+00:00\",\"description\":\"Ten stojak na s\u0142uchawki, wykonany na podobie\u0144stwo ukochanej postaci Baylana Skolla, \u0142\u0105czy w sobie praktyczno\u015b\u0107 z fandomem.\",\"breadcrumb\":{\"@id\":\"https:\/\/3dvikingsstore.com\/pl\/shop\/stojak-na-sluchawki-baylan-skoll\/#breadcrumb\"},\"inLanguage\":\"pl-PL\",\"potentialAction\":[{\"@type\":\"ReadAction\",\"target\":[\"https:\/\/3dvikingsstore.com\/pl\/shop\/stojak-na-sluchawki-baylan-skoll\/\"]}]},{\"@type\":\"ImageObject\",\"inLanguage\":\"pl-PL\",\"@id\":\"https:\/\/3dvikingsstore.com\/pl\/shop\/stojak-na-sluchawki-baylan-skoll\/#primaryimage\",\"url\":\"https:\/\/3dvikingsstore.com\/wp-content\/uploads\/2024\/03\/Baylan-Skoll-1.png\",\"contentUrl\":\"https:\/\/3dvikingsstore.com\/wp-content\/uploads\/2024\/03\/Baylan-Skoll-1.png\",\"width\":2707,\"height\":2707},{\"@type\":\"BreadcrumbList\",\"@id\":\"https:\/\/3dvikingsstore.com\/pl\/shop\/stojak-na-sluchawki-baylan-skoll\/#breadcrumb\",\"itemListElement\":[{\"@type\":\"ListItem\",\"position\":1,\"name\":\"Home\",\"item\":\"https:\/\/3dvikingsstore.com\/pl\/\"},{\"@type\":\"ListItem\",\"position\":2,\"name\":\"Shop\",\"item\":\"https:\/\/3dvikingsstore.com\/shop\/\"},{\"@type\":\"ListItem\",\"position\":3,\"name\":\"Stojak na s\u0142uchawki Baylan Skoll: Niesamowity wy\u015bwietlacz dla sprz\u0119tu audio\"}]},{\"@type\":\"WebSite\",\"@id\":\"https:\/\/3dvikingsstore.com\/pl\/#website\",\"url\":\"https:\/\/3dvikingsstore.com\/pl\/\",\"name\":\"3D Vikings Store\",\"description\":\"Dekoracje i Akcesoria do Gier Planszowych i Sto\u0142owych\",\"publisher\":{\"@id\":\"https:\/\/3dvikingsstore.com\/pl\/#organization\"},\"potentialAction\":[{\"@type\":\"SearchAction\",\"target\":{\"@type\":\"EntryPoint\",\"urlTemplate\":\"https:\/\/3dvikingsstore.com\/pl\/?s={search_term_string}\"},\"query-input\":\"required name=search_term_string\"}],\"inLanguage\":\"pl-PL\"},{\"@type\":\"Organization\",\"@id\":\"https:\/\/3dvikingsstore.com\/pl\/#organization\",\"name\":\"3D Vikings Store\",\"url\":\"https:\/\/3dvikingsstore.com\/pl\/\",\"logo\":{\"@type\":\"ImageObject\",\"inLanguage\":\"pl-PL\",\"@id\":\"https:\/\/3dvikingsstore.com\/pl\/#\/schema\/logo\/image\/\",\"url\":\"https:\/\/3dvikingsstore.com\/wp-content\/uploads\/2020\/03\/3dvikings-logo-karge-white.jpg\",\"contentUrl\":\"https:\/\/3dvikingsstore.com\/wp-content\/uploads\/2020\/03\/3dvikings-logo-karge-white.jpg\",\"width\":800,\"height\":800,\"caption\":\"3D Vikings Store\"},\"image\":{\"@id\":\"https:\/\/3dvikingsstore.com\/pl\/#\/schema\/logo\/image\/\"}}]}<\/script>\n<!-- \/ Yoast SEO Premium plugin. -->","yoast_head_json":{"title":"Stojak na s\u0142uchawki Baylan Skoll: Wy\u015bwietlacz dla sprz\u0119tu audio","description":"Ten stojak na s\u0142uchawki, wykonany na podobie\u0144stwo ukochanej postaci Baylana Skolla, \u0142\u0105czy w sobie praktyczno\u015b\u0107 z fandomem.","robots":{"index":"index","follow":"follow","max-snippet":"max-snippet:-1","max-image-preview":"max-image-preview:large","max-video-preview":"max-video-preview:-1"},"canonical":"https:\/\/3dvikingsstore.com\/pl\/shop\/stojak-na-sluchawki-baylan-skoll\/","og_locale":"pl_PL","og_type":"article","og_title":"Stojak na s\u0142uchawki Baylan Skoll: Niesamowity wy\u015bwietlacz dla sprz\u0119tu audio","og_description":"Ten stojak na s\u0142uchawki, wykonany na podobie\u0144stwo ukochanej postaci Baylana Skolla, \u0142\u0105czy w sobie praktyczno\u015b\u0107 z fandomem.","og_url":"https:\/\/3dvikingsstore.com\/pl\/shop\/stojak-na-sluchawki-baylan-skoll\/","og_site_name":"3D Vikings Store","article_modified_time":"2024-03-07T09:15:29+00:00","og_image":[{"width":1024,"height":1024,"url":"https:\/\/3dvikingsstore.com\/wp-content\/uploads\/2024\/03\/Baylan-Skoll-1-1024x1024.png","type":"image\/png"}],"twitter_card":"summary_large_image","twitter_misc":{"Szacowany czas czytania":"2 minuty"},"schema":{"@context":"https:\/\/schema.org","@graph":[{"@type":["WebPage","ItemPage"],"@id":"https:\/\/3dvikingsstore.com\/pl\/shop\/stojak-na-sluchawki-baylan-skoll\/","url":"https:\/\/3dvikingsstore.com\/pl\/shop\/stojak-na-sluchawki-baylan-skoll\/","name":"Stojak na s\u0142uchawki Baylan Skoll: Wy\u015bwietlacz dla sprz\u0119tu audio","isPartOf":{"@id":"https:\/\/3dvikingsstore.com\/pl\/#website"},"primaryImageOfPage":{"@id":"https:\/\/3dvikingsstore.com\/pl\/shop\/stojak-na-sluchawki-baylan-skoll\/#primaryimage"},"image":{"@id":"https:\/\/3dvikingsstore.com\/pl\/shop\/stojak-na-sluchawki-baylan-skoll\/#primaryimage"},"thumbnailUrl":"https:\/\/3dvikingsstore.com\/wp-content\/uploads\/2024\/03\/Baylan-Skoll-1.png","datePublished":"2024-03-07T08:42:56+00:00","dateModified":"2024-03-07T09:15:29+00:00","description":"Ten stojak na s\u0142uchawki, wykonany na podobie\u0144stwo ukochanej postaci Baylana Skolla, \u0142\u0105czy w sobie praktyczno\u015b\u0107 z fandomem.","breadcrumb":{"@id":"https:\/\/3dvikingsstore.com\/pl\/shop\/stojak-na-sluchawki-baylan-skoll\/#breadcrumb"},"inLanguage":"pl-PL","potentialAction":[{"@type":"ReadAction","target":["https:\/\/3dvikingsstore.com\/pl\/shop\/stojak-na-sluchawki-baylan-skoll\/"]}]},{"@type":"ImageObject","inLanguage":"pl-PL","@id":"https:\/\/3dvikingsstore.com\/pl\/shop\/stojak-na-sluchawki-baylan-skoll\/#primaryimage","url":"https:\/\/3dvikingsstore.com\/wp-content\/uploads\/2024\/03\/Baylan-Skoll-1.png","contentUrl":"https:\/\/3dvikingsstore.com\/wp-content\/uploads\/2024\/03\/Baylan-Skoll-1.png","width":2707,"height":2707},{"@type":"BreadcrumbList","@id":"https:\/\/3dvikingsstore.com\/pl\/shop\/stojak-na-sluchawki-baylan-skoll\/#breadcrumb","itemListElement":[{"@type":"ListItem","position":1,"name":"Home","item":"https:\/\/3dvikingsstore.com\/pl\/"},{"@type":"ListItem","position":2,"name":"Shop","item":"https:\/\/3dvikingsstore.com\/shop\/"},{"@type":"ListItem","position":3,"name":"Stojak na s\u0142uchawki Baylan Skoll: Niesamowity wy\u015bwietlacz dla sprz\u0119tu audio"}]},{"@type":"WebSite","@id":"https:\/\/3dvikingsstore.com\/pl\/#website","url":"https:\/\/3dvikingsstore.com\/pl\/","name":"3D Vikings Store","description":"Dekoracje i Akcesoria do Gier Planszowych i Sto\u0142owych","publisher":{"@id":"https:\/\/3dvikingsstore.com\/pl\/#organization"},"potentialAction":[{"@type":"SearchAction","target":{"@type":"EntryPoint","urlTemplate":"https:\/\/3dvikingsstore.com\/pl\/?s={search_term_string}"},"query-input":"required name=search_term_string"}],"inLanguage":"pl-PL"},{"@type":"Organization","@id":"https:\/\/3dvikingsstore.com\/pl\/#organization","name":"3D Vikings Store","url":"https:\/\/3dvikingsstore.com\/pl\/","logo":{"@type":"ImageObject","inLanguage":"pl-PL","@id":"https:\/\/3dvikingsstore.com\/pl\/#\/schema\/logo\/image\/","url":"https:\/\/3dvikingsstore.com\/wp-content\/uploads\/2020\/03\/3dvikings-logo-karge-white.jpg","contentUrl":"https:\/\/3dvikingsstore.com\/wp-content\/uploads\/2020\/03\/3dvikings-logo-karge-white.jpg","width":800,"height":800,"caption":"3D Vikings Store"},"image":{"@id":"https:\/\/3dvikingsstore.com\/pl\/#\/schema\/logo\/image\/"}}]}},"_links":{"self":[{"href":"https:\/\/3dvikingsstore.com\/pl\/wp-json\/wp\/v2\/product\/19185"}],"collection":[{"href":"https:\/\/3dvikingsstore.com\/pl\/wp-json\/wp\/v2\/product"}],"about":[{"href":"https:\/\/3dvikingsstore.com\/pl\/wp-json\/wp\/v2\/types\/product"}],"replies":[{"embeddable":true,"href":"https:\/\/3dvikingsstore.com\/pl\/wp-json\/wp\/v2\/comments?post=19185"}],"version-history":[{"count":2,"href":"https:\/\/3dvikingsstore.com\/pl\/wp-json\/wp\/v2\/product\/19185\/revisions"}],"predecessor-version":[{"id":19204,"href":"https:\/\/3dvikingsstore.com\/pl\/wp-json\/wp\/v2\/product\/19185\/revisions\/19204"}],"wp:featuredmedia":[{"embeddable":true,"href":"https:\/\/3dvikingsstore.com\/pl\/wp-json\/wp\/v2\/media\/19188"}],"wp:attachment":[{"href":"https:\/\/3dvikingsstore.com\/pl\/wp-json\/wp\/v2\/media?parent=19185"}],"wp:term":[{"taxonomy":"product_cat","embeddable":true,"href":"https:\/\/3dvikingsstore.com\/pl\/wp-json\/wp\/v2\/product_cat?post=19185"},{"taxonomy":"product_tag","embeddable":true,"href":"https:\/\/3dvikingsstore.com\/pl\/wp-json\/wp\/v2\/product_tag?post=19185"}],"curies":[{"name":"wp","href":"https:\/\/api.w.org\/{rel}","templated":true}]}}