{"id":19155,"date":"2024-03-06T12:10:14","date_gmt":"2024-03-06T10:10:14","guid":{"rendered":"https:\/\/3dvikingsstore.com\/?post_type=product&#038;p=19155"},"modified":"2024-03-06T12:27:12","modified_gmt":"2024-03-06T10:27:12","slug":"stojak-na-sluchawki-gorr","status":"publish","type":"product","link":"https:\/\/3dvikingsstore.com\/pl\/shop\/stojak-na-sluchawki-gorr\/","title":{"rendered":"Stojak na s\u0142uchawki Gorr: Z\u0142owrogi wy\u015bwietlacz dla sprz\u0119tu audio"},"content":{"rendered":"<p data-sourcepos=\"3:1-3:88\"><strong>Ujarzmij moc Boga Rze\u017anika &#8211; przedstawiamy stojak na s\u0142uchawki Ultimate Gorr<\/strong><\/p>\n<p data-sourcepos=\"5:1-5:291\">Dla tych, kt\u00f3rzy odwa\u017cyli si\u0119 przeciwstawi\u0107 bogom i obj\u0105\u0107 cie\u0144, ten stojak na s\u0142uchawki Gorr jest najlepszym sposobem na pokazanie swojej dominacji audio. Zainspirowany mro\u017c\u0105c\u0105 krew w \u017cy\u0142ach pot\u0119g\u0105 Gorra, Boga Rze\u017anika z filmu Marvela Thor: Mi\u0142o\u015b\u0107 i Grom, stojak ten emanuje zar\u00f3wno moc\u0105, jak i pragnieniem zemsty.<\/p>\n<p data-sourcepos=\"7:1-7:38\"><strong>Niezr\u00f3wnana szczeg\u00f3\u0142owo\u015b\u0107 i kunszt wykonania<\/strong><\/p>\n<p data-sourcepos=\"9:1-9:455\">Wykonany z dba\u0142o\u015bci\u0105 o szczeg\u00f3\u0142y stojak jest czym\u015b wi\u0119cej ni\u017c tylko miejscem na s\u0142uchawki; to element wyrazu. Gro\u017ana twarz Gorra, naznaczona bliznami po niezliczonych bitwach, spogl\u0105da wyzywaj\u0105co w otch\u0142a\u0144. Jego wyci\u0105gni\u0119ta r\u0119ka, niegdy\u015b \u015bciskaj\u0105ca przera\u017caj\u0105cy Necrosword, teraz tworzy solidn\u0105 ko\u0142ysk\u0119 dla sprz\u0119tu audio. Ka\u017cda linia, ka\u017cdy cie\u0144 zosta\u0142 starannie wyrze\u017abiony, aby uchwyci\u0107 esencj\u0119 tego pot\u0119\u017cnego z\u0142oczy\u0144cy.<\/p>\n<p data-sourcepos=\"11:1-11:26\"><strong>Wi\u0119cej ni\u017c tylko stojak<\/strong><\/p>\n<p data-sourcepos=\"13:1-13:293\">Stojak na s\u0142uchawki Gorr to po\u0142\u0105czenie funkcjonalno\u015bci i mrocznego artyzmu. Obci\u0105\u017cona podstawa zapewnia niezachwian\u0105 stabilno\u015b\u0107, chroni\u0105c cenne s\u0142uchawki przed przypadkowymi upadkami. Mi\u0119kka wy\u015bci\u00f3\u0142ka wy\u015bcie\u0142a ko\u0142ysk\u0119 w kszta\u0142cie d\u0142oni, zapobiegaj\u0105c zadrapaniom i oferuj\u0105c luksusowe miejsce do odpoczynku.<\/p>\n<p data-sourcepos=\"15:1-15:47\"><strong>Idealny czarny charakter dla twojej konfiguracji<\/strong><\/p>\n<p data-sourcepos=\"17:1-17:364\">Podnie\u015b swoj\u0105 stacj\u0119 do gier, k\u0105cik muzyczny lub kino domowe odrobin\u0105 kosmicznego mroku. Stojak na s\u0142uchawki Gorr to odwa\u017cny pocz\u0105tek rozmowy, zaprojektowany dla tych, kt\u00f3rzy podziwiaj\u0105 z\u0142o\u017cono\u015b\u0107 i moc najbardziej nawiedzaj\u0105cego przeciwnika Thora. To \u015bwiadectwo mi\u0142o\u015bci do Kinowego Uniwersum Marvela i celebracja tych, kt\u00f3rzy odwa\u017cyli si\u0119 pod\u0105\u017ca\u0107 inn\u0105 \u015bcie\u017ck\u0105.<\/p>\n","protected":false},"excerpt":{"rendered":"<p data-sourcepos=\"3:1-3:88\"><strong>Ujarzmij moc Boga Rze\u017anika &#8211; przedstawiamy stojak na s\u0142uchawki Ultimate Gorr<\/strong><\/p>\n<p data-sourcepos=\"5:1-5:291\">Dla tych, kt\u00f3rzy odwa\u017cyli si\u0119 przeciwstawi\u0107 bogom i obj\u0105\u0107 cie\u0144, ten stojak na s\u0142uchawki Gorr jest najlepszym sposobem na pokazanie swojej dominacji audio. Zainspirowany mro\u017c\u0105c\u0105 krew w \u017cy\u0142ach pot\u0119g\u0105 Gorra, Boga Rze\u017anika z filmu Marvela Thor: Mi\u0142o\u015b\u0107 i Grom, stojak ten emanuje zar\u00f3wno moc\u0105, jak i pragnieniem zemsty.<\/p>\n","protected":false},"featured_media":19176,"comment_status":"open","ping_status":"closed","template":"","meta":[],"product_cat":[3426],"product_tag":[],"yoast_head":"<!-- This site is optimized with the Yoast SEO Premium plugin v22.9 (Yoast SEO v22.9) - https:\/\/yoast.com\/wordpress\/plugins\/seo\/ -->\n<title>Stojak na s\u0142uchawki Gorr: Z\u0142owrogi wy\u015bwietlacz dla sprz\u0119tu audio<\/title>\n<meta name=\"description\" content=\"Stojak na s\u0142uchawki Gorr to najlepszy spos\u00f3b na zaprezentowanie swojej dominacji audio. Wykonane z dba\u0142o\u015bci\u0105 o szczeg\u00f3\u0142y.\" \/>\n<meta name=\"robots\" content=\"index, follow, max-snippet:-1, max-image-preview:large, max-video-preview:-1\" \/>\n<link rel=\"canonical\" href=\"https:\/\/3dvikingsstore.com\/pl\/shop\/stojak-na-sluchawki-gorr\/\" \/>\n<meta property=\"og:locale\" content=\"pl_PL\" \/>\n<meta property=\"og:type\" content=\"article\" \/>\n<meta property=\"og:title\" content=\"Stojak na s\u0142uchawki Gorr: Z\u0142owrogi wy\u015bwietlacz dla sprz\u0119tu audio\" \/>\n<meta property=\"og:description\" content=\"Stojak na s\u0142uchawki Gorr to najlepszy spos\u00f3b na zaprezentowanie swojej dominacji audio. Wykonane z dba\u0142o\u015bci\u0105 o szczeg\u00f3\u0142y.\" \/>\n<meta property=\"og:url\" content=\"https:\/\/3dvikingsstore.com\/pl\/shop\/stojak-na-sluchawki-gorr\/\" \/>\n<meta property=\"og:site_name\" content=\"3D Vikings Store\" \/>\n<meta property=\"article:modified_time\" content=\"2024-03-06T10:27:12+00:00\" \/>\n<meta property=\"og:image\" content=\"https:\/\/3dvikingsstore.com\/wp-content\/uploads\/2024\/03\/Gorr-1-1-1024x1024.png\" \/>\n\t<meta property=\"og:image:width\" content=\"1024\" \/>\n\t<meta property=\"og:image:height\" content=\"1024\" \/>\n\t<meta property=\"og:image:type\" content=\"image\/png\" \/>\n<meta name=\"twitter:card\" content=\"summary_large_image\" \/>\n<meta name=\"twitter:label1\" content=\"Szacowany czas czytania\" \/>\n\t<meta name=\"twitter:data1\" content=\"2 minuty\" \/>\n<script type=\"application\/ld+json\" class=\"yoast-schema-graph\">{\"@context\":\"https:\/\/schema.org\",\"@graph\":[{\"@type\":[\"WebPage\",\"ItemPage\"],\"@id\":\"https:\/\/3dvikingsstore.com\/pl\/shop\/stojak-na-sluchawki-gorr\/\",\"url\":\"https:\/\/3dvikingsstore.com\/pl\/shop\/stojak-na-sluchawki-gorr\/\",\"name\":\"Stojak na s\u0142uchawki Gorr: Z\u0142owrogi wy\u015bwietlacz dla sprz\u0119tu audio\",\"isPartOf\":{\"@id\":\"https:\/\/3dvikingsstore.com\/pl\/#website\"},\"primaryImageOfPage\":{\"@id\":\"https:\/\/3dvikingsstore.com\/pl\/shop\/stojak-na-sluchawki-gorr\/#primaryimage\"},\"image\":{\"@id\":\"https:\/\/3dvikingsstore.com\/pl\/shop\/stojak-na-sluchawki-gorr\/#primaryimage\"},\"thumbnailUrl\":\"https:\/\/3dvikingsstore.com\/wp-content\/uploads\/2024\/03\/Gorr-1-1.png\",\"datePublished\":\"2024-03-06T10:10:14+00:00\",\"dateModified\":\"2024-03-06T10:27:12+00:00\",\"description\":\"Stojak na s\u0142uchawki Gorr to najlepszy spos\u00f3b na zaprezentowanie swojej dominacji audio. Wykonane z dba\u0142o\u015bci\u0105 o szczeg\u00f3\u0142y.\",\"breadcrumb\":{\"@id\":\"https:\/\/3dvikingsstore.com\/pl\/shop\/stojak-na-sluchawki-gorr\/#breadcrumb\"},\"inLanguage\":\"pl-PL\",\"potentialAction\":[{\"@type\":\"ReadAction\",\"target\":[\"https:\/\/3dvikingsstore.com\/pl\/shop\/stojak-na-sluchawki-gorr\/\"]}]},{\"@type\":\"ImageObject\",\"inLanguage\":\"pl-PL\",\"@id\":\"https:\/\/3dvikingsstore.com\/pl\/shop\/stojak-na-sluchawki-gorr\/#primaryimage\",\"url\":\"https:\/\/3dvikingsstore.com\/wp-content\/uploads\/2024\/03\/Gorr-1-1.png\",\"contentUrl\":\"https:\/\/3dvikingsstore.com\/wp-content\/uploads\/2024\/03\/Gorr-1-1.png\",\"width\":1996,\"height\":1996},{\"@type\":\"BreadcrumbList\",\"@id\":\"https:\/\/3dvikingsstore.com\/pl\/shop\/stojak-na-sluchawki-gorr\/#breadcrumb\",\"itemListElement\":[{\"@type\":\"ListItem\",\"position\":1,\"name\":\"Home\",\"item\":\"https:\/\/3dvikingsstore.com\/pl\/\"},{\"@type\":\"ListItem\",\"position\":2,\"name\":\"Shop\",\"item\":\"https:\/\/3dvikingsstore.com\/shop\/\"},{\"@type\":\"ListItem\",\"position\":3,\"name\":\"Stojak na s\u0142uchawki Gorr: Z\u0142owrogi wy\u015bwietlacz dla sprz\u0119tu audio\"}]},{\"@type\":\"WebSite\",\"@id\":\"https:\/\/3dvikingsstore.com\/pl\/#website\",\"url\":\"https:\/\/3dvikingsstore.com\/pl\/\",\"name\":\"3D Vikings Store\",\"description\":\"Dekoracje i Akcesoria do Gier Planszowych i Sto\u0142owych\",\"publisher\":{\"@id\":\"https:\/\/3dvikingsstore.com\/pl\/#organization\"},\"potentialAction\":[{\"@type\":\"SearchAction\",\"target\":{\"@type\":\"EntryPoint\",\"urlTemplate\":\"https:\/\/3dvikingsstore.com\/pl\/?s={search_term_string}\"},\"query-input\":\"required name=search_term_string\"}],\"inLanguage\":\"pl-PL\"},{\"@type\":\"Organization\",\"@id\":\"https:\/\/3dvikingsstore.com\/pl\/#organization\",\"name\":\"3D Vikings Store\",\"url\":\"https:\/\/3dvikingsstore.com\/pl\/\",\"logo\":{\"@type\":\"ImageObject\",\"inLanguage\":\"pl-PL\",\"@id\":\"https:\/\/3dvikingsstore.com\/pl\/#\/schema\/logo\/image\/\",\"url\":\"https:\/\/3dvikingsstore.com\/wp-content\/uploads\/2020\/03\/3dvikings-logo-karge-white.jpg\",\"contentUrl\":\"https:\/\/3dvikingsstore.com\/wp-content\/uploads\/2020\/03\/3dvikings-logo-karge-white.jpg\",\"width\":800,\"height\":800,\"caption\":\"3D Vikings Store\"},\"image\":{\"@id\":\"https:\/\/3dvikingsstore.com\/pl\/#\/schema\/logo\/image\/\"}}]}<\/script>\n<!-- \/ Yoast SEO Premium plugin. -->","yoast_head_json":{"title":"Stojak na s\u0142uchawki Gorr: Z\u0142owrogi wy\u015bwietlacz dla sprz\u0119tu audio","description":"Stojak na s\u0142uchawki Gorr to najlepszy spos\u00f3b na zaprezentowanie swojej dominacji audio. Wykonane z dba\u0142o\u015bci\u0105 o szczeg\u00f3\u0142y.","robots":{"index":"index","follow":"follow","max-snippet":"max-snippet:-1","max-image-preview":"max-image-preview:large","max-video-preview":"max-video-preview:-1"},"canonical":"https:\/\/3dvikingsstore.com\/pl\/shop\/stojak-na-sluchawki-gorr\/","og_locale":"pl_PL","og_type":"article","og_title":"Stojak na s\u0142uchawki Gorr: Z\u0142owrogi wy\u015bwietlacz dla sprz\u0119tu audio","og_description":"Stojak na s\u0142uchawki Gorr to najlepszy spos\u00f3b na zaprezentowanie swojej dominacji audio. Wykonane z dba\u0142o\u015bci\u0105 o szczeg\u00f3\u0142y.","og_url":"https:\/\/3dvikingsstore.com\/pl\/shop\/stojak-na-sluchawki-gorr\/","og_site_name":"3D Vikings Store","article_modified_time":"2024-03-06T10:27:12+00:00","og_image":[{"width":1024,"height":1024,"url":"https:\/\/3dvikingsstore.com\/wp-content\/uploads\/2024\/03\/Gorr-1-1-1024x1024.png","type":"image\/png"}],"twitter_card":"summary_large_image","twitter_misc":{"Szacowany czas czytania":"2 minuty"},"schema":{"@context":"https:\/\/schema.org","@graph":[{"@type":["WebPage","ItemPage"],"@id":"https:\/\/3dvikingsstore.com\/pl\/shop\/stojak-na-sluchawki-gorr\/","url":"https:\/\/3dvikingsstore.com\/pl\/shop\/stojak-na-sluchawki-gorr\/","name":"Stojak na s\u0142uchawki Gorr: Z\u0142owrogi wy\u015bwietlacz dla sprz\u0119tu audio","isPartOf":{"@id":"https:\/\/3dvikingsstore.com\/pl\/#website"},"primaryImageOfPage":{"@id":"https:\/\/3dvikingsstore.com\/pl\/shop\/stojak-na-sluchawki-gorr\/#primaryimage"},"image":{"@id":"https:\/\/3dvikingsstore.com\/pl\/shop\/stojak-na-sluchawki-gorr\/#primaryimage"},"thumbnailUrl":"https:\/\/3dvikingsstore.com\/wp-content\/uploads\/2024\/03\/Gorr-1-1.png","datePublished":"2024-03-06T10:10:14+00:00","dateModified":"2024-03-06T10:27:12+00:00","description":"Stojak na s\u0142uchawki Gorr to najlepszy spos\u00f3b na zaprezentowanie swojej dominacji audio. Wykonane z dba\u0142o\u015bci\u0105 o szczeg\u00f3\u0142y.","breadcrumb":{"@id":"https:\/\/3dvikingsstore.com\/pl\/shop\/stojak-na-sluchawki-gorr\/#breadcrumb"},"inLanguage":"pl-PL","potentialAction":[{"@type":"ReadAction","target":["https:\/\/3dvikingsstore.com\/pl\/shop\/stojak-na-sluchawki-gorr\/"]}]},{"@type":"ImageObject","inLanguage":"pl-PL","@id":"https:\/\/3dvikingsstore.com\/pl\/shop\/stojak-na-sluchawki-gorr\/#primaryimage","url":"https:\/\/3dvikingsstore.com\/wp-content\/uploads\/2024\/03\/Gorr-1-1.png","contentUrl":"https:\/\/3dvikingsstore.com\/wp-content\/uploads\/2024\/03\/Gorr-1-1.png","width":1996,"height":1996},{"@type":"BreadcrumbList","@id":"https:\/\/3dvikingsstore.com\/pl\/shop\/stojak-na-sluchawki-gorr\/#breadcrumb","itemListElement":[{"@type":"ListItem","position":1,"name":"Home","item":"https:\/\/3dvikingsstore.com\/pl\/"},{"@type":"ListItem","position":2,"name":"Shop","item":"https:\/\/3dvikingsstore.com\/shop\/"},{"@type":"ListItem","position":3,"name":"Stojak na s\u0142uchawki Gorr: Z\u0142owrogi wy\u015bwietlacz dla sprz\u0119tu audio"}]},{"@type":"WebSite","@id":"https:\/\/3dvikingsstore.com\/pl\/#website","url":"https:\/\/3dvikingsstore.com\/pl\/","name":"3D Vikings Store","description":"Dekoracje i Akcesoria do Gier Planszowych i Sto\u0142owych","publisher":{"@id":"https:\/\/3dvikingsstore.com\/pl\/#organization"},"potentialAction":[{"@type":"SearchAction","target":{"@type":"EntryPoint","urlTemplate":"https:\/\/3dvikingsstore.com\/pl\/?s={search_term_string}"},"query-input":"required name=search_term_string"}],"inLanguage":"pl-PL"},{"@type":"Organization","@id":"https:\/\/3dvikingsstore.com\/pl\/#organization","name":"3D Vikings Store","url":"https:\/\/3dvikingsstore.com\/pl\/","logo":{"@type":"ImageObject","inLanguage":"pl-PL","@id":"https:\/\/3dvikingsstore.com\/pl\/#\/schema\/logo\/image\/","url":"https:\/\/3dvikingsstore.com\/wp-content\/uploads\/2020\/03\/3dvikings-logo-karge-white.jpg","contentUrl":"https:\/\/3dvikingsstore.com\/wp-content\/uploads\/2020\/03\/3dvikings-logo-karge-white.jpg","width":800,"height":800,"caption":"3D Vikings Store"},"image":{"@id":"https:\/\/3dvikingsstore.com\/pl\/#\/schema\/logo\/image\/"}}]}},"_links":{"self":[{"href":"https:\/\/3dvikingsstore.com\/pl\/wp-json\/wp\/v2\/product\/19155"}],"collection":[{"href":"https:\/\/3dvikingsstore.com\/pl\/wp-json\/wp\/v2\/product"}],"about":[{"href":"https:\/\/3dvikingsstore.com\/pl\/wp-json\/wp\/v2\/types\/product"}],"replies":[{"embeddable":true,"href":"https:\/\/3dvikingsstore.com\/pl\/wp-json\/wp\/v2\/comments?post=19155"}],"version-history":[{"count":2,"href":"https:\/\/3dvikingsstore.com\/pl\/wp-json\/wp\/v2\/product\/19155\/revisions"}],"predecessor-version":[{"id":19181,"href":"https:\/\/3dvikingsstore.com\/pl\/wp-json\/wp\/v2\/product\/19155\/revisions\/19181"}],"wp:featuredmedia":[{"embeddable":true,"href":"https:\/\/3dvikingsstore.com\/pl\/wp-json\/wp\/v2\/media\/19176"}],"wp:attachment":[{"href":"https:\/\/3dvikingsstore.com\/pl\/wp-json\/wp\/v2\/media?parent=19155"}],"wp:term":[{"taxonomy":"product_cat","embeddable":true,"href":"https:\/\/3dvikingsstore.com\/pl\/wp-json\/wp\/v2\/product_cat?post=19155"},{"taxonomy":"product_tag","embeddable":true,"href":"https:\/\/3dvikingsstore.com\/pl\/wp-json\/wp\/v2\/product_tag?post=19155"}],"curies":[{"name":"wp","href":"https:\/\/api.w.org\/{rel}","templated":true}]}}