{"id":19112,"date":"2024-03-05T14:11:46","date_gmt":"2024-03-05T12:11:46","guid":{"rendered":"https:\/\/3dvikingsstore.com\/?post_type=product&#038;p=19112"},"modified":"2024-03-05T14:47:11","modified_gmt":"2024-03-05T12:47:11","slug":"stojak-na-sluchawki-batman","status":"publish","type":"product","link":"https:\/\/3dvikingsstore.com\/pl\/shop\/stojak-na-sluchawki-batman\/","title":{"rendered":"Stojak na s\u0142uchawki Batman: Gear Up for Justice"},"content":{"rendered":"<p data-sourcepos=\"11:1-11:237\">Wyjd\u017a z cienia i chro\u0144 sw\u00f3j sprz\u0119t audio za pomoc\u0105 najlepszego stra\u017cnika: stojaka na s\u0142uchawki Batman. To szczeg\u00f3\u0142owe popiersie, wyrze\u017abione z tworzywa sztucznego, oddaje onie\u015bmielaj\u0105c\u0105 prezencj\u0119 i niezachwian\u0105 determinacj\u0119 Mrocznego Rycerza.<\/p>\n<p data-sourcepos=\"13:1-13:20\"><strong>Symbol Gotham<\/strong><\/p>\n<p data-sourcepos=\"15:1-15:215\">Kultowa maska Batmana ze spiczastymi uszami i zacienionymi oczami wysy\u0142a wiadomo\u015b\u0107 do przest\u0119pczego podziemia. Niech ten stojak przybierze podobn\u0105 poz\u0119 na twoim biurku, ciche ostrze\u017cenie dla tych, kt\u00f3rzy o\u015bmiel\u0105 si\u0119 zak\u0142\u00f3ci\u0107 twoje skupienie.<\/p>\n<p data-sourcepos=\"17:1-17:25\"><strong>Taktyczna ochrona techniczna<\/strong><\/p>\n<p data-sourcepos=\"19:1-19:265\">Arsena\u0142 Mrocznego Rycerza nie jest tylko na pokaz; jest niezb\u0119dny do wykonania jego misji. Ten solidny stojak podnosi s\u0142uchawki, odzwierciedlaj\u0105c taktyczny spos\u00f3b my\u015blenia Batmana. Trzymaj sw\u00f3j sprz\u0119t uporz\u0105dkowany, zabezpieczony przed uszkodzeniem i gotowy do akcji &#8211; tak jak sam Caped Crusader.<\/p>\n<p data-sourcepos=\"21:1-21:28\"><strong>Uwolnij swoj\u0105 wewn\u0119trzn\u0105 czujno\u015b\u0107<\/strong><\/p>\n<p data-sourcepos=\"23:1-23:236\">Wykorzystaj nieust\u0119pliw\u0105 motywacj\u0119 Batmana, aby zaj\u0105\u0107 si\u0119 prac\u0105, opracowa\u0107 strategi\u0119 nast\u0119pnego ruchu w grze lub po prostu zanurzy\u0107 si\u0119 w ulubionych utworach. Jego niezachwiana czujno\u015b\u0107 inspiruje ci\u0119, utrzymuj\u0105c koncentracj\u0119 i gotowo\u015b\u0107 na ka\u017cde wyzwanie.<\/p>\n<p data-sourcepos=\"25:1-25:41\"><strong>Najlepsza aktualizacja dla najlepszego fana<\/strong><\/p>\n<p data-sourcepos=\"27:1-27:247\">Stojak na s\u0142uchawki Batman to pozycja obowi\u0105zkowa dla ka\u017cdego wielbiciela DC. To wyj\u0105tkowy element na biurko, podkre\u015blaj\u0105cy mi\u0142o\u015b\u0107 do legendarnego bohatera i jego kultowego sprz\u0119tu. Podnie\u015b swoj\u0105 konfiguracj\u0119 audio, oddaj\u0105c ho\u0142d ostatecznemu symbolowi sprawiedliwo\u015bci.<\/p>\n","protected":false},"excerpt":{"rendered":"<p data-sourcepos=\"9:1-9:39\">Wyjd\u017a z cienia i chro\u0144 sw\u00f3j sprz\u0119t audio za pomoc\u0105 najlepszego stra\u017cnika: stojaka na s\u0142uchawki Batman. To szczeg\u00f3\u0142owe popiersie, wyrze\u017abione z tworzywa sztucznego, oddaje onie\u015bmielaj\u0105c\u0105 prezencj\u0119 i niezachwian\u0105 determinacj\u0119 Mrocznego Rycerza.<\/p>\n","protected":false},"featured_media":19084,"comment_status":"open","ping_status":"closed","template":"","meta":[],"product_cat":[3426],"product_tag":[],"yoast_head":"<!-- This site is optimized with the Yoast SEO Premium plugin v22.9 (Yoast SEO v22.9) - https:\/\/yoast.com\/wordpress\/plugins\/seo\/ -->\n<title>Stojak na s\u0142uchawki Batman: Gear Up for Justice<\/title>\n<meta name=\"description\" content=\"Wyjd\u017a z cienia i chro\u0144 sw\u00f3j sprz\u0119t audio za pomoc\u0105 najlepszego stra\u017cnika: stojaka na s\u0142uchawki Batman. Oddaje onie\u015bmielaj\u0105c\u0105 prezencj\u0119 Mrocznego Rycerza.\" \/>\n<meta name=\"robots\" content=\"index, follow, max-snippet:-1, max-image-preview:large, max-video-preview:-1\" \/>\n<link rel=\"canonical\" href=\"https:\/\/3dvikingsstore.com\/pl\/shop\/stojak-na-sluchawki-batman\/\" \/>\n<meta property=\"og:locale\" content=\"pl_PL\" \/>\n<meta property=\"og:type\" content=\"article\" \/>\n<meta property=\"og:title\" content=\"Stojak na s\u0142uchawki Batman: Gear Up for Justice\" \/>\n<meta property=\"og:description\" content=\"Wyjd\u017a z cienia i chro\u0144 sw\u00f3j sprz\u0119t audio za pomoc\u0105 najlepszego stra\u017cnika: stojaka na s\u0142uchawki Batman. Oddaje onie\u015bmielaj\u0105c\u0105 prezencj\u0119 Mrocznego Rycerza.\" \/>\n<meta property=\"og:url\" content=\"https:\/\/3dvikingsstore.com\/pl\/shop\/stojak-na-sluchawki-batman\/\" \/>\n<meta property=\"og:site_name\" content=\"3D Vikings Store\" \/>\n<meta property=\"article:modified_time\" content=\"2024-03-05T12:47:11+00:00\" \/>\n<meta property=\"og:image\" content=\"https:\/\/3dvikingsstore.com\/wp-content\/uploads\/2024\/03\/Batman-1.jpg\" \/>\n\t<meta property=\"og:image:width\" content=\"2475\" \/>\n\t<meta property=\"og:image:height\" content=\"2475\" \/>\n\t<meta property=\"og:image:type\" content=\"image\/jpeg\" \/>\n<meta name=\"twitter:card\" content=\"summary_large_image\" \/>\n<meta name=\"twitter:label1\" content=\"Szacowany czas czytania\" \/>\n\t<meta name=\"twitter:data1\" content=\"2 minuty\" \/>\n<script type=\"application\/ld+json\" class=\"yoast-schema-graph\">{\"@context\":\"https:\/\/schema.org\",\"@graph\":[{\"@type\":[\"WebPage\",\"ItemPage\"],\"@id\":\"https:\/\/3dvikingsstore.com\/pl\/shop\/stojak-na-sluchawki-batman\/\",\"url\":\"https:\/\/3dvikingsstore.com\/pl\/shop\/stojak-na-sluchawki-batman\/\",\"name\":\"Stojak na s\u0142uchawki Batman: Gear Up for Justice\",\"isPartOf\":{\"@id\":\"https:\/\/3dvikingsstore.com\/pl\/#website\"},\"primaryImageOfPage\":{\"@id\":\"https:\/\/3dvikingsstore.com\/pl\/shop\/stojak-na-sluchawki-batman\/#primaryimage\"},\"image\":{\"@id\":\"https:\/\/3dvikingsstore.com\/pl\/shop\/stojak-na-sluchawki-batman\/#primaryimage\"},\"thumbnailUrl\":\"https:\/\/3dvikingsstore.com\/wp-content\/uploads\/2024\/03\/Batman-1.jpg\",\"datePublished\":\"2024-03-05T12:11:46+00:00\",\"dateModified\":\"2024-03-05T12:47:11+00:00\",\"description\":\"Wyjd\u017a z cienia i chro\u0144 sw\u00f3j sprz\u0119t audio za pomoc\u0105 najlepszego stra\u017cnika: stojaka na s\u0142uchawki Batman. Oddaje onie\u015bmielaj\u0105c\u0105 prezencj\u0119 Mrocznego Rycerza.\",\"breadcrumb\":{\"@id\":\"https:\/\/3dvikingsstore.com\/pl\/shop\/stojak-na-sluchawki-batman\/#breadcrumb\"},\"inLanguage\":\"pl-PL\",\"potentialAction\":[{\"@type\":\"ReadAction\",\"target\":[\"https:\/\/3dvikingsstore.com\/pl\/shop\/stojak-na-sluchawki-batman\/\"]}]},{\"@type\":\"ImageObject\",\"inLanguage\":\"pl-PL\",\"@id\":\"https:\/\/3dvikingsstore.com\/pl\/shop\/stojak-na-sluchawki-batman\/#primaryimage\",\"url\":\"https:\/\/3dvikingsstore.com\/wp-content\/uploads\/2024\/03\/Batman-1.jpg\",\"contentUrl\":\"https:\/\/3dvikingsstore.com\/wp-content\/uploads\/2024\/03\/Batman-1.jpg\",\"width\":2475,\"height\":2475},{\"@type\":\"BreadcrumbList\",\"@id\":\"https:\/\/3dvikingsstore.com\/pl\/shop\/stojak-na-sluchawki-batman\/#breadcrumb\",\"itemListElement\":[{\"@type\":\"ListItem\",\"position\":1,\"name\":\"Home\",\"item\":\"https:\/\/3dvikingsstore.com\/pl\/\"},{\"@type\":\"ListItem\",\"position\":2,\"name\":\"Shop\",\"item\":\"https:\/\/3dvikingsstore.com\/shop\/\"},{\"@type\":\"ListItem\",\"position\":3,\"name\":\"Stojak na s\u0142uchawki Batman: Gear Up for Justice\"}]},{\"@type\":\"WebSite\",\"@id\":\"https:\/\/3dvikingsstore.com\/pl\/#website\",\"url\":\"https:\/\/3dvikingsstore.com\/pl\/\",\"name\":\"3D Vikings Store\",\"description\":\"Dekoracje i Akcesoria do Gier Planszowych i Sto\u0142owych\",\"publisher\":{\"@id\":\"https:\/\/3dvikingsstore.com\/pl\/#organization\"},\"potentialAction\":[{\"@type\":\"SearchAction\",\"target\":{\"@type\":\"EntryPoint\",\"urlTemplate\":\"https:\/\/3dvikingsstore.com\/pl\/?s={search_term_string}\"},\"query-input\":\"required name=search_term_string\"}],\"inLanguage\":\"pl-PL\"},{\"@type\":\"Organization\",\"@id\":\"https:\/\/3dvikingsstore.com\/pl\/#organization\",\"name\":\"3D Vikings Store\",\"url\":\"https:\/\/3dvikingsstore.com\/pl\/\",\"logo\":{\"@type\":\"ImageObject\",\"inLanguage\":\"pl-PL\",\"@id\":\"https:\/\/3dvikingsstore.com\/pl\/#\/schema\/logo\/image\/\",\"url\":\"https:\/\/3dvikingsstore.com\/wp-content\/uploads\/2020\/03\/3dvikings-logo-karge-white.jpg\",\"contentUrl\":\"https:\/\/3dvikingsstore.com\/wp-content\/uploads\/2020\/03\/3dvikings-logo-karge-white.jpg\",\"width\":800,\"height\":800,\"caption\":\"3D Vikings Store\"},\"image\":{\"@id\":\"https:\/\/3dvikingsstore.com\/pl\/#\/schema\/logo\/image\/\"}}]}<\/script>\n<!-- \/ Yoast SEO Premium plugin. -->","yoast_head_json":{"title":"Stojak na s\u0142uchawki Batman: Gear Up for Justice","description":"Wyjd\u017a z cienia i chro\u0144 sw\u00f3j sprz\u0119t audio za pomoc\u0105 najlepszego stra\u017cnika: stojaka na s\u0142uchawki Batman. Oddaje onie\u015bmielaj\u0105c\u0105 prezencj\u0119 Mrocznego Rycerza.","robots":{"index":"index","follow":"follow","max-snippet":"max-snippet:-1","max-image-preview":"max-image-preview:large","max-video-preview":"max-video-preview:-1"},"canonical":"https:\/\/3dvikingsstore.com\/pl\/shop\/stojak-na-sluchawki-batman\/","og_locale":"pl_PL","og_type":"article","og_title":"Stojak na s\u0142uchawki Batman: Gear Up for Justice","og_description":"Wyjd\u017a z cienia i chro\u0144 sw\u00f3j sprz\u0119t audio za pomoc\u0105 najlepszego stra\u017cnika: stojaka na s\u0142uchawki Batman. Oddaje onie\u015bmielaj\u0105c\u0105 prezencj\u0119 Mrocznego Rycerza.","og_url":"https:\/\/3dvikingsstore.com\/pl\/shop\/stojak-na-sluchawki-batman\/","og_site_name":"3D Vikings Store","article_modified_time":"2024-03-05T12:47:11+00:00","og_image":[{"width":2475,"height":2475,"url":"https:\/\/3dvikingsstore.com\/wp-content\/uploads\/2024\/03\/Batman-1.jpg","type":"image\/jpeg"}],"twitter_card":"summary_large_image","twitter_misc":{"Szacowany czas czytania":"2 minuty"},"schema":{"@context":"https:\/\/schema.org","@graph":[{"@type":["WebPage","ItemPage"],"@id":"https:\/\/3dvikingsstore.com\/pl\/shop\/stojak-na-sluchawki-batman\/","url":"https:\/\/3dvikingsstore.com\/pl\/shop\/stojak-na-sluchawki-batman\/","name":"Stojak na s\u0142uchawki Batman: Gear Up for Justice","isPartOf":{"@id":"https:\/\/3dvikingsstore.com\/pl\/#website"},"primaryImageOfPage":{"@id":"https:\/\/3dvikingsstore.com\/pl\/shop\/stojak-na-sluchawki-batman\/#primaryimage"},"image":{"@id":"https:\/\/3dvikingsstore.com\/pl\/shop\/stojak-na-sluchawki-batman\/#primaryimage"},"thumbnailUrl":"https:\/\/3dvikingsstore.com\/wp-content\/uploads\/2024\/03\/Batman-1.jpg","datePublished":"2024-03-05T12:11:46+00:00","dateModified":"2024-03-05T12:47:11+00:00","description":"Wyjd\u017a z cienia i chro\u0144 sw\u00f3j sprz\u0119t audio za pomoc\u0105 najlepszego stra\u017cnika: stojaka na s\u0142uchawki Batman. Oddaje onie\u015bmielaj\u0105c\u0105 prezencj\u0119 Mrocznego Rycerza.","breadcrumb":{"@id":"https:\/\/3dvikingsstore.com\/pl\/shop\/stojak-na-sluchawki-batman\/#breadcrumb"},"inLanguage":"pl-PL","potentialAction":[{"@type":"ReadAction","target":["https:\/\/3dvikingsstore.com\/pl\/shop\/stojak-na-sluchawki-batman\/"]}]},{"@type":"ImageObject","inLanguage":"pl-PL","@id":"https:\/\/3dvikingsstore.com\/pl\/shop\/stojak-na-sluchawki-batman\/#primaryimage","url":"https:\/\/3dvikingsstore.com\/wp-content\/uploads\/2024\/03\/Batman-1.jpg","contentUrl":"https:\/\/3dvikingsstore.com\/wp-content\/uploads\/2024\/03\/Batman-1.jpg","width":2475,"height":2475},{"@type":"BreadcrumbList","@id":"https:\/\/3dvikingsstore.com\/pl\/shop\/stojak-na-sluchawki-batman\/#breadcrumb","itemListElement":[{"@type":"ListItem","position":1,"name":"Home","item":"https:\/\/3dvikingsstore.com\/pl\/"},{"@type":"ListItem","position":2,"name":"Shop","item":"https:\/\/3dvikingsstore.com\/shop\/"},{"@type":"ListItem","position":3,"name":"Stojak na s\u0142uchawki Batman: Gear Up for Justice"}]},{"@type":"WebSite","@id":"https:\/\/3dvikingsstore.com\/pl\/#website","url":"https:\/\/3dvikingsstore.com\/pl\/","name":"3D Vikings Store","description":"Dekoracje i Akcesoria do Gier Planszowych i Sto\u0142owych","publisher":{"@id":"https:\/\/3dvikingsstore.com\/pl\/#organization"},"potentialAction":[{"@type":"SearchAction","target":{"@type":"EntryPoint","urlTemplate":"https:\/\/3dvikingsstore.com\/pl\/?s={search_term_string}"},"query-input":"required name=search_term_string"}],"inLanguage":"pl-PL"},{"@type":"Organization","@id":"https:\/\/3dvikingsstore.com\/pl\/#organization","name":"3D Vikings Store","url":"https:\/\/3dvikingsstore.com\/pl\/","logo":{"@type":"ImageObject","inLanguage":"pl-PL","@id":"https:\/\/3dvikingsstore.com\/pl\/#\/schema\/logo\/image\/","url":"https:\/\/3dvikingsstore.com\/wp-content\/uploads\/2020\/03\/3dvikings-logo-karge-white.jpg","contentUrl":"https:\/\/3dvikingsstore.com\/wp-content\/uploads\/2020\/03\/3dvikings-logo-karge-white.jpg","width":800,"height":800,"caption":"3D Vikings Store"},"image":{"@id":"https:\/\/3dvikingsstore.com\/pl\/#\/schema\/logo\/image\/"}}]}},"_links":{"self":[{"href":"https:\/\/3dvikingsstore.com\/pl\/wp-json\/wp\/v2\/product\/19112"}],"collection":[{"href":"https:\/\/3dvikingsstore.com\/pl\/wp-json\/wp\/v2\/product"}],"about":[{"href":"https:\/\/3dvikingsstore.com\/pl\/wp-json\/wp\/v2\/types\/product"}],"replies":[{"embeddable":true,"href":"https:\/\/3dvikingsstore.com\/pl\/wp-json\/wp\/v2\/comments?post=19112"}],"version-history":[{"count":2,"href":"https:\/\/3dvikingsstore.com\/pl\/wp-json\/wp\/v2\/product\/19112\/revisions"}],"predecessor-version":[{"id":19119,"href":"https:\/\/3dvikingsstore.com\/pl\/wp-json\/wp\/v2\/product\/19112\/revisions\/19119"}],"wp:featuredmedia":[{"embeddable":true,"href":"https:\/\/3dvikingsstore.com\/pl\/wp-json\/wp\/v2\/media\/19084"}],"wp:attachment":[{"href":"https:\/\/3dvikingsstore.com\/pl\/wp-json\/wp\/v2\/media?parent=19112"}],"wp:term":[{"taxonomy":"product_cat","embeddable":true,"href":"https:\/\/3dvikingsstore.com\/pl\/wp-json\/wp\/v2\/product_cat?post=19112"},{"taxonomy":"product_tag","embeddable":true,"href":"https:\/\/3dvikingsstore.com\/pl\/wp-json\/wp\/v2\/product_tag?post=19112"}],"curies":[{"name":"wp","href":"https:\/\/api.w.org\/{rel}","templated":true}]}}