{"id":19104,"date":"2024-03-05T13:57:17","date_gmt":"2024-03-05T11:57:17","guid":{"rendered":"https:\/\/3dvikingsstore.com\/?post_type=product&#038;p=19104"},"modified":"2024-03-05T14:04:37","modified_gmt":"2024-03-05T12:04:37","slug":"stojak-na-sluchawki-joel-miller","status":"publish","type":"product","link":"https:\/\/3dvikingsstore.com\/pl\/shop\/stojak-na-sluchawki-joel-miller\/","title":{"rendered":"Stojak na s\u0142uchawki Joel Miller: Chro\u0144 sw\u00f3j sprz\u0119t, wytrzymaj i przetrwaj"},"content":{"rendered":"<p><strong>The Last of Us: Stojak na s\u0142uchawki Joel Miller<\/strong><\/p>\n<p>Do\u015bwiadcz niezachwianej determinacji Joela Millera dzi\u0119ki temu szczeg\u00f3\u0142owemu stojakowi na s\u0142uchawki. Wykonane z tworzywa sztucznego, to zwietrza\u0142e popiersie oddaje cich\u0105 si\u0142\u0119 i nieprzemijaj\u0105cego ducha jednej z najbardziej z\u0142o\u017conych postaci w grach.<\/p>\n<p><strong>Symbol odporno\u015bci<\/strong><\/p>\n<p>Twarde rysy Joela &#8211; linie wyryte na jego brwiach, skupione spojrzenie &#8211; m\u00f3wi\u0105 o niezliczonych zmaganiach i po\u015bwi\u0119ceniach. To stanowisko uosabia jego niezachwian\u0105 determinacj\u0119, by chroni\u0107 to, co wa\u017cne, nawet w obliczu przyt\u0142aczaj\u0105cych przeciwno\u015bci losu.<\/p>\n<p><strong>Ochrona d\u017awi\u0119ku<\/strong><\/p>\n<p>Podobnie jak Joel zaciekle chroni Ellie, ten stojak chroni s\u0142uchawki. Oprzyj sw\u00f3j ekwipunek na jego ramionach, przypominaj\u0105c, \u017ce przetrwanie wymaga skupienia i ochrony tego, co cenne.<\/p>\n<p><strong>Kana\u0142 Ducha Przetrwania<\/strong><\/p>\n<p>Niezale\u017cnie od tego, czy chodzi o ci\u0119\u017cki dzie\u0144 pracy, ekscytuj\u0105c\u0105 gr\u0119, czy po prostu s\u0142uchanie muzyki, czerp si\u0142\u0119 z przyk\u0142adu Joela. Niech duch wytrwa\u0142o\u015bci prowadzi ci\u0119, przypominaj\u0105c ci, \u017ce nawet w najciemniejszych czasach nadzieja trwa.<\/p>\n<p><strong>Dla najlepszego fana The Last of Us<\/strong><\/p>\n<p>Poka\u017c swoj\u0105 mi\u0142o\u015b\u0107 do tej niezapomnianej postaci i pot\u0119\u017cnej historii The Last of Us. Ten stojak na s\u0142uchawki Joela Millera jest zar\u00f3wno \u015bwiadectwem ukochanego bohatera, jak i stylowym sposobem na zaprezentowanie swojej konfiguracji audio.<\/p>\n","protected":false},"excerpt":{"rendered":"<p data-sourcepos=\"9:1-9:39\">Do\u015bwiadcz niezachwianej determinacji Joela Millera dzi\u0119ki temu szczeg\u00f3\u0142owemu stojakowi na s\u0142uchawki. Wykonane z [insert material], to zwietrza\u0142e popiersie oddaje cich\u0105 si\u0142\u0119 i nieprzemijaj\u0105cego ducha jednej z najbardziej z\u0142o\u017conych postaci w grach.<\/p>\n","protected":false},"featured_media":19081,"comment_status":"open","ping_status":"closed","template":"","meta":[],"product_cat":[3426],"product_tag":[],"yoast_head":"<!-- This site is optimized with the Yoast SEO Premium plugin v22.9 (Yoast SEO v22.9) - https:\/\/yoast.com\/wordpress\/plugins\/seo\/ -->\n<title>Stojak na s\u0142uchawki Joel Miller: Chro\u0144 sw\u00f3j sprz\u0119t, wytrzymaj i przetrwaj<\/title>\n<meta name=\"description\" content=\"Ten stojak na s\u0142uchawki Joela Millera jest zar\u00f3wno \u015bwiadectwem ukochanego bohatera, jak i stylowym sposobem na zaprezentowanie swojej konfiguracji audio.\" \/>\n<meta name=\"robots\" content=\"index, follow, max-snippet:-1, max-image-preview:large, max-video-preview:-1\" \/>\n<link rel=\"canonical\" href=\"https:\/\/3dvikingsstore.com\/pl\/shop\/stojak-na-sluchawki-joel-miller\/\" \/>\n<meta property=\"og:locale\" content=\"pl_PL\" \/>\n<meta property=\"og:type\" content=\"article\" \/>\n<meta property=\"og:title\" content=\"Stojak na s\u0142uchawki Joel Miller: Chro\u0144 sw\u00f3j sprz\u0119t, wytrzymaj i przetrwaj\" \/>\n<meta property=\"og:description\" content=\"Ten stojak na s\u0142uchawki Joela Millera jest zar\u00f3wno \u015bwiadectwem ukochanego bohatera, jak i stylowym sposobem na zaprezentowanie swojej konfiguracji audio.\" \/>\n<meta property=\"og:url\" content=\"https:\/\/3dvikingsstore.com\/pl\/shop\/stojak-na-sluchawki-joel-miller\/\" \/>\n<meta property=\"og:site_name\" content=\"3D Vikings Store\" \/>\n<meta property=\"article:modified_time\" content=\"2024-03-05T12:04:37+00:00\" \/>\n<meta property=\"og:image\" content=\"https:\/\/3dvikingsstore.com\/wp-content\/uploads\/2024\/03\/Joel-1.jpg\" \/>\n\t<meta property=\"og:image:width\" content=\"2255\" \/>\n\t<meta property=\"og:image:height\" content=\"2255\" \/>\n\t<meta property=\"og:image:type\" content=\"image\/jpeg\" \/>\n<meta name=\"twitter:card\" content=\"summary_large_image\" \/>\n<meta name=\"twitter:label1\" content=\"Szacowany czas czytania\" \/>\n\t<meta name=\"twitter:data1\" content=\"1 minuta\" \/>\n<script type=\"application\/ld+json\" class=\"yoast-schema-graph\">{\"@context\":\"https:\/\/schema.org\",\"@graph\":[{\"@type\":[\"WebPage\",\"ItemPage\"],\"@id\":\"https:\/\/3dvikingsstore.com\/pl\/shop\/stojak-na-sluchawki-joel-miller\/\",\"url\":\"https:\/\/3dvikingsstore.com\/pl\/shop\/stojak-na-sluchawki-joel-miller\/\",\"name\":\"Stojak na s\u0142uchawki Joel Miller: Chro\u0144 sw\u00f3j sprz\u0119t, wytrzymaj i przetrwaj\",\"isPartOf\":{\"@id\":\"https:\/\/3dvikingsstore.com\/pl\/#website\"},\"primaryImageOfPage\":{\"@id\":\"https:\/\/3dvikingsstore.com\/pl\/shop\/stojak-na-sluchawki-joel-miller\/#primaryimage\"},\"image\":{\"@id\":\"https:\/\/3dvikingsstore.com\/pl\/shop\/stojak-na-sluchawki-joel-miller\/#primaryimage\"},\"thumbnailUrl\":\"https:\/\/3dvikingsstore.com\/wp-content\/uploads\/2024\/03\/Joel-1.jpg\",\"datePublished\":\"2024-03-05T11:57:17+00:00\",\"dateModified\":\"2024-03-05T12:04:37+00:00\",\"description\":\"Ten stojak na s\u0142uchawki Joela Millera jest zar\u00f3wno \u015bwiadectwem ukochanego bohatera, jak i stylowym sposobem na zaprezentowanie swojej konfiguracji audio.\",\"breadcrumb\":{\"@id\":\"https:\/\/3dvikingsstore.com\/pl\/shop\/stojak-na-sluchawki-joel-miller\/#breadcrumb\"},\"inLanguage\":\"pl-PL\",\"potentialAction\":[{\"@type\":\"ReadAction\",\"target\":[\"https:\/\/3dvikingsstore.com\/pl\/shop\/stojak-na-sluchawki-joel-miller\/\"]}]},{\"@type\":\"ImageObject\",\"inLanguage\":\"pl-PL\",\"@id\":\"https:\/\/3dvikingsstore.com\/pl\/shop\/stojak-na-sluchawki-joel-miller\/#primaryimage\",\"url\":\"https:\/\/3dvikingsstore.com\/wp-content\/uploads\/2024\/03\/Joel-1.jpg\",\"contentUrl\":\"https:\/\/3dvikingsstore.com\/wp-content\/uploads\/2024\/03\/Joel-1.jpg\",\"width\":2255,\"height\":2255},{\"@type\":\"BreadcrumbList\",\"@id\":\"https:\/\/3dvikingsstore.com\/pl\/shop\/stojak-na-sluchawki-joel-miller\/#breadcrumb\",\"itemListElement\":[{\"@type\":\"ListItem\",\"position\":1,\"name\":\"Home\",\"item\":\"https:\/\/3dvikingsstore.com\/pl\/\"},{\"@type\":\"ListItem\",\"position\":2,\"name\":\"Shop\",\"item\":\"https:\/\/3dvikingsstore.com\/shop\/\"},{\"@type\":\"ListItem\",\"position\":3,\"name\":\"Stojak na s\u0142uchawki Joel Miller: Chro\u0144 sw\u00f3j sprz\u0119t, wytrzymaj i przetrwaj\"}]},{\"@type\":\"WebSite\",\"@id\":\"https:\/\/3dvikingsstore.com\/pl\/#website\",\"url\":\"https:\/\/3dvikingsstore.com\/pl\/\",\"name\":\"3D Vikings Store\",\"description\":\"Dekoracje i Akcesoria do Gier Planszowych i Sto\u0142owych\",\"publisher\":{\"@id\":\"https:\/\/3dvikingsstore.com\/pl\/#organization\"},\"potentialAction\":[{\"@type\":\"SearchAction\",\"target\":{\"@type\":\"EntryPoint\",\"urlTemplate\":\"https:\/\/3dvikingsstore.com\/pl\/?s={search_term_string}\"},\"query-input\":\"required name=search_term_string\"}],\"inLanguage\":\"pl-PL\"},{\"@type\":\"Organization\",\"@id\":\"https:\/\/3dvikingsstore.com\/pl\/#organization\",\"name\":\"3D Vikings Store\",\"url\":\"https:\/\/3dvikingsstore.com\/pl\/\",\"logo\":{\"@type\":\"ImageObject\",\"inLanguage\":\"pl-PL\",\"@id\":\"https:\/\/3dvikingsstore.com\/pl\/#\/schema\/logo\/image\/\",\"url\":\"https:\/\/3dvikingsstore.com\/wp-content\/uploads\/2020\/03\/3dvikings-logo-karge-white.jpg\",\"contentUrl\":\"https:\/\/3dvikingsstore.com\/wp-content\/uploads\/2020\/03\/3dvikings-logo-karge-white.jpg\",\"width\":800,\"height\":800,\"caption\":\"3D Vikings Store\"},\"image\":{\"@id\":\"https:\/\/3dvikingsstore.com\/pl\/#\/schema\/logo\/image\/\"}}]}<\/script>\n<!-- \/ Yoast SEO Premium plugin. -->","yoast_head_json":{"title":"Stojak na s\u0142uchawki Joel Miller: Chro\u0144 sw\u00f3j sprz\u0119t, wytrzymaj i przetrwaj","description":"Ten stojak na s\u0142uchawki Joela Millera jest zar\u00f3wno \u015bwiadectwem ukochanego bohatera, jak i stylowym sposobem na zaprezentowanie swojej konfiguracji audio.","robots":{"index":"index","follow":"follow","max-snippet":"max-snippet:-1","max-image-preview":"max-image-preview:large","max-video-preview":"max-video-preview:-1"},"canonical":"https:\/\/3dvikingsstore.com\/pl\/shop\/stojak-na-sluchawki-joel-miller\/","og_locale":"pl_PL","og_type":"article","og_title":"Stojak na s\u0142uchawki Joel Miller: Chro\u0144 sw\u00f3j sprz\u0119t, wytrzymaj i przetrwaj","og_description":"Ten stojak na s\u0142uchawki Joela Millera jest zar\u00f3wno \u015bwiadectwem ukochanego bohatera, jak i stylowym sposobem na zaprezentowanie swojej konfiguracji audio.","og_url":"https:\/\/3dvikingsstore.com\/pl\/shop\/stojak-na-sluchawki-joel-miller\/","og_site_name":"3D Vikings Store","article_modified_time":"2024-03-05T12:04:37+00:00","og_image":[{"width":2255,"height":2255,"url":"https:\/\/3dvikingsstore.com\/wp-content\/uploads\/2024\/03\/Joel-1.jpg","type":"image\/jpeg"}],"twitter_card":"summary_large_image","twitter_misc":{"Szacowany czas czytania":"1 minuta"},"schema":{"@context":"https:\/\/schema.org","@graph":[{"@type":["WebPage","ItemPage"],"@id":"https:\/\/3dvikingsstore.com\/pl\/shop\/stojak-na-sluchawki-joel-miller\/","url":"https:\/\/3dvikingsstore.com\/pl\/shop\/stojak-na-sluchawki-joel-miller\/","name":"Stojak na s\u0142uchawki Joel Miller: Chro\u0144 sw\u00f3j sprz\u0119t, wytrzymaj i przetrwaj","isPartOf":{"@id":"https:\/\/3dvikingsstore.com\/pl\/#website"},"primaryImageOfPage":{"@id":"https:\/\/3dvikingsstore.com\/pl\/shop\/stojak-na-sluchawki-joel-miller\/#primaryimage"},"image":{"@id":"https:\/\/3dvikingsstore.com\/pl\/shop\/stojak-na-sluchawki-joel-miller\/#primaryimage"},"thumbnailUrl":"https:\/\/3dvikingsstore.com\/wp-content\/uploads\/2024\/03\/Joel-1.jpg","datePublished":"2024-03-05T11:57:17+00:00","dateModified":"2024-03-05T12:04:37+00:00","description":"Ten stojak na s\u0142uchawki Joela Millera jest zar\u00f3wno \u015bwiadectwem ukochanego bohatera, jak i stylowym sposobem na zaprezentowanie swojej konfiguracji audio.","breadcrumb":{"@id":"https:\/\/3dvikingsstore.com\/pl\/shop\/stojak-na-sluchawki-joel-miller\/#breadcrumb"},"inLanguage":"pl-PL","potentialAction":[{"@type":"ReadAction","target":["https:\/\/3dvikingsstore.com\/pl\/shop\/stojak-na-sluchawki-joel-miller\/"]}]},{"@type":"ImageObject","inLanguage":"pl-PL","@id":"https:\/\/3dvikingsstore.com\/pl\/shop\/stojak-na-sluchawki-joel-miller\/#primaryimage","url":"https:\/\/3dvikingsstore.com\/wp-content\/uploads\/2024\/03\/Joel-1.jpg","contentUrl":"https:\/\/3dvikingsstore.com\/wp-content\/uploads\/2024\/03\/Joel-1.jpg","width":2255,"height":2255},{"@type":"BreadcrumbList","@id":"https:\/\/3dvikingsstore.com\/pl\/shop\/stojak-na-sluchawki-joel-miller\/#breadcrumb","itemListElement":[{"@type":"ListItem","position":1,"name":"Home","item":"https:\/\/3dvikingsstore.com\/pl\/"},{"@type":"ListItem","position":2,"name":"Shop","item":"https:\/\/3dvikingsstore.com\/shop\/"},{"@type":"ListItem","position":3,"name":"Stojak na s\u0142uchawki Joel Miller: Chro\u0144 sw\u00f3j sprz\u0119t, wytrzymaj i przetrwaj"}]},{"@type":"WebSite","@id":"https:\/\/3dvikingsstore.com\/pl\/#website","url":"https:\/\/3dvikingsstore.com\/pl\/","name":"3D Vikings Store","description":"Dekoracje i Akcesoria do Gier Planszowych i Sto\u0142owych","publisher":{"@id":"https:\/\/3dvikingsstore.com\/pl\/#organization"},"potentialAction":[{"@type":"SearchAction","target":{"@type":"EntryPoint","urlTemplate":"https:\/\/3dvikingsstore.com\/pl\/?s={search_term_string}"},"query-input":"required name=search_term_string"}],"inLanguage":"pl-PL"},{"@type":"Organization","@id":"https:\/\/3dvikingsstore.com\/pl\/#organization","name":"3D Vikings Store","url":"https:\/\/3dvikingsstore.com\/pl\/","logo":{"@type":"ImageObject","inLanguage":"pl-PL","@id":"https:\/\/3dvikingsstore.com\/pl\/#\/schema\/logo\/image\/","url":"https:\/\/3dvikingsstore.com\/wp-content\/uploads\/2020\/03\/3dvikings-logo-karge-white.jpg","contentUrl":"https:\/\/3dvikingsstore.com\/wp-content\/uploads\/2020\/03\/3dvikings-logo-karge-white.jpg","width":800,"height":800,"caption":"3D Vikings Store"},"image":{"@id":"https:\/\/3dvikingsstore.com\/pl\/#\/schema\/logo\/image\/"}}]}},"_links":{"self":[{"href":"https:\/\/3dvikingsstore.com\/pl\/wp-json\/wp\/v2\/product\/19104"}],"collection":[{"href":"https:\/\/3dvikingsstore.com\/pl\/wp-json\/wp\/v2\/product"}],"about":[{"href":"https:\/\/3dvikingsstore.com\/pl\/wp-json\/wp\/v2\/types\/product"}],"replies":[{"embeddable":true,"href":"https:\/\/3dvikingsstore.com\/pl\/wp-json\/wp\/v2\/comments?post=19104"}],"version-history":[{"count":2,"href":"https:\/\/3dvikingsstore.com\/pl\/wp-json\/wp\/v2\/product\/19104\/revisions"}],"predecessor-version":[{"id":19108,"href":"https:\/\/3dvikingsstore.com\/pl\/wp-json\/wp\/v2\/product\/19104\/revisions\/19108"}],"wp:featuredmedia":[{"embeddable":true,"href":"https:\/\/3dvikingsstore.com\/pl\/wp-json\/wp\/v2\/media\/19081"}],"wp:attachment":[{"href":"https:\/\/3dvikingsstore.com\/pl\/wp-json\/wp\/v2\/media?parent=19104"}],"wp:term":[{"taxonomy":"product_cat","embeddable":true,"href":"https:\/\/3dvikingsstore.com\/pl\/wp-json\/wp\/v2\/product_cat?post=19104"},{"taxonomy":"product_tag","embeddable":true,"href":"https:\/\/3dvikingsstore.com\/pl\/wp-json\/wp\/v2\/product_tag?post=19104"}],"curies":[{"name":"wp","href":"https:\/\/api.w.org\/{rel}","templated":true}]}}