{"id":19095,"date":"2024-03-05T12:45:07","date_gmt":"2024-03-05T10:45:07","guid":{"rendered":"https:\/\/3dvikingsstore.com\/?post_type=product&#038;p=19095"},"modified":"2024-03-05T14:23:44","modified_gmt":"2024-03-05T12:23:44","slug":"stojak-na-sluchawki-lobo","status":"publish","type":"product","link":"https:\/\/3dvikingsstore.com\/pl\/shop\/stojak-na-sluchawki-lobo\/","title":{"rendered":"Stojak na s\u0142uchawki Lobo: Chro\u0144 sw\u00f3j sprz\u0119t, cholero jedna!"},"content":{"rendered":"<p><strong>&#8222;Cholerny z\u0142amas zabra\u0142 moje s\u0142uchawki!&#8221; &#8230; Nie stanie si\u0119 tak ze stojakiem na s\u0142uchawki Lobo<\/strong><\/p>\n<p>Sam Main Man jest tutaj, aby chroni\u0107 tw\u00f3j sprz\u0119t audio! Ten odjechany stojak na s\u0142uchawki przedstawia kultowy kubek Lobo z czaszk\u0105, wszystkimi \u0142a\u0144cuchami, bliznami i nieokie\u0142znan\u0105 postaw\u0105. Niech jego gro\u017any grymas i przekrwione oczy wy\u015bl\u0105 jasn\u0105 wiadomo\u015b\u0107: zadzieraj z moj\u0105 muzyk\u0105, a odpowiesz przed ostatnim Czarnym!<\/p>\n<p><strong>Postawa gotowa na niestandardowy dotyk<\/strong><\/p>\n<p>To nie jest jaka\u015b \u0142adna podstawka pod bohatera. To szczeg\u00f3\u0142owe szare plastikowe popiersie jest pustym p\u0142\u00f3tnem dla twojej w\u0142asnej marki chaosu! Uchwy\u0107 Lobo w jego najbardziej brutalnym wydaniu lub dodaj w\u0142asne, niestandardowe malowanie. Ka\u017cdy \u0142a\u0144cuch, blizna i wyszczerbiony z\u0105b opowiada histori\u0119 mi\u0119dzygalaktycznego chaosu &#8211; spersonalizuj go, aby opowiada\u0142 Twoj\u0105 histori\u0119.<\/p>\n<p><strong>Uwolnij w sobie \u0142owc\u0119 nagr\u00f3d<\/strong><\/p>\n<p>Lobo nie przyjmuje g\u00f3wna od nikogo! Przyjmij jego nieust\u0119pliw\u0105 postaw\u0119, nie daj\u0105c si\u0119 zastraszy\u0107 podczas s\u0142uchania muzyki lub planowania kolejnego podboju w grach. Niezale\u017cnie od tego, czy chodzi o dotrzymanie terminu, czy polowanie na wirtualne nagrody, Main Man ma ci\u0119 w gar\u015bci (i twoje s\u0142uchawki).<\/p>\n<p><strong>Najgorsza aktualizacja dla najgorszego fana<\/strong><\/p>\n<p>Ten stojak na s\u0142uchawki Lobo to czysta, nieprzefiltrowana kosmiczna z\u0142o\u015bliwo\u015b\u0107. To wyrazisty element na biurko, ho\u0142d dla najgorszego \u0142owcy nagr\u00f3d DC i niesamowity spos\u00f3b na pokazanie tych zab\u00f3jczych s\u0142uchawek. Je\u015bli kochasz antybohater\u00f3w, wybuchow\u0105 akcj\u0119 i robienie rzeczy po swojemu, ta podstawka jest dla ciebie!<\/p>\n","protected":false},"excerpt":{"rendered":"<p data-sourcepos=\"9:1-9:39\">Sam Main Man jest tutaj, aby chroni\u0107 tw\u00f3j sprz\u0119t audio! Ten odjechany stojak na s\u0142uchawki przedstawia kultowy kubek Lobo z czaszk\u0105, wszystkimi \u0142a\u0144cuchami, bliznami i nieokie\u0142znan\u0105 postaw\u0105. Niech jego gro\u017any grymas i przekrwione oczy wy\u015bl\u0105 jasn\u0105 wiadomo\u015b\u0107: zadzieraj z moj\u0105 muzyk\u0105, a odpowiesz przed ostatnim Czarnym!<\/p>\n","protected":false},"featured_media":19078,"comment_status":"open","ping_status":"closed","template":"","meta":[],"product_cat":[3426],"product_tag":[],"yoast_head":"<!-- This site is optimized with the Yoast SEO Premium plugin v22.9 (Yoast SEO v22.9) - https:\/\/yoast.com\/wordpress\/plugins\/seo\/ -->\n<title>Stojak na s\u0142uchawki Lobo: Chro\u0144 sw\u00f3j sprz\u0119t, cholero jedna!<\/title>\n<meta name=\"description\" content=\"Ten odjechany stojak na s\u0142uchawki przedstawia kultowy kubek Lobo z czaszk\u0105, wszystkimi \u0142a\u0144cuchami, bliznami i nieokie\u0142znan\u0105 postaw\u0105.\" \/>\n<meta name=\"robots\" content=\"index, follow, max-snippet:-1, max-image-preview:large, max-video-preview:-1\" \/>\n<link rel=\"canonical\" href=\"https:\/\/3dvikingsstore.com\/pl\/shop\/stojak-na-sluchawki-lobo\/\" \/>\n<meta property=\"og:locale\" content=\"pl_PL\" \/>\n<meta property=\"og:type\" content=\"article\" \/>\n<meta property=\"og:title\" content=\"Stojak na s\u0142uchawki Lobo: Chro\u0144 sw\u00f3j sprz\u0119t, cholero jedna!\" \/>\n<meta property=\"og:description\" content=\"Ten odjechany stojak na s\u0142uchawki przedstawia kultowy kubek Lobo z czaszk\u0105, wszystkimi \u0142a\u0144cuchami, bliznami i nieokie\u0142znan\u0105 postaw\u0105.\" \/>\n<meta property=\"og:url\" content=\"https:\/\/3dvikingsstore.com\/pl\/shop\/stojak-na-sluchawki-lobo\/\" \/>\n<meta property=\"og:site_name\" content=\"3D Vikings Store\" \/>\n<meta property=\"article:modified_time\" content=\"2024-03-05T12:23:44+00:00\" \/>\n<meta property=\"og:image\" content=\"https:\/\/3dvikingsstore.com\/wp-content\/uploads\/2024\/03\/Lobo-1-scaled.jpg\" \/>\n\t<meta property=\"og:image:width\" content=\"2560\" \/>\n\t<meta property=\"og:image:height\" content=\"2560\" \/>\n\t<meta property=\"og:image:type\" content=\"image\/jpeg\" \/>\n<meta name=\"twitter:card\" content=\"summary_large_image\" \/>\n<meta name=\"twitter:label1\" content=\"Szacowany czas czytania\" \/>\n\t<meta name=\"twitter:data1\" content=\"2 minuty\" \/>\n<script type=\"application\/ld+json\" class=\"yoast-schema-graph\">{\"@context\":\"https:\/\/schema.org\",\"@graph\":[{\"@type\":[\"WebPage\",\"ItemPage\"],\"@id\":\"https:\/\/3dvikingsstore.com\/pl\/shop\/stojak-na-sluchawki-lobo\/\",\"url\":\"https:\/\/3dvikingsstore.com\/pl\/shop\/stojak-na-sluchawki-lobo\/\",\"name\":\"Stojak na s\u0142uchawki Lobo: Chro\u0144 sw\u00f3j sprz\u0119t, cholero jedna!\",\"isPartOf\":{\"@id\":\"https:\/\/3dvikingsstore.com\/pl\/#website\"},\"primaryImageOfPage\":{\"@id\":\"https:\/\/3dvikingsstore.com\/pl\/shop\/stojak-na-sluchawki-lobo\/#primaryimage\"},\"image\":{\"@id\":\"https:\/\/3dvikingsstore.com\/pl\/shop\/stojak-na-sluchawki-lobo\/#primaryimage\"},\"thumbnailUrl\":\"https:\/\/3dvikingsstore.com\/wp-content\/uploads\/2024\/03\/Lobo-1-scaled.jpg\",\"datePublished\":\"2024-03-05T10:45:07+00:00\",\"dateModified\":\"2024-03-05T12:23:44+00:00\",\"description\":\"Ten odjechany stojak na s\u0142uchawki przedstawia kultowy kubek Lobo z czaszk\u0105, wszystkimi \u0142a\u0144cuchami, bliznami i nieokie\u0142znan\u0105 postaw\u0105.\",\"breadcrumb\":{\"@id\":\"https:\/\/3dvikingsstore.com\/pl\/shop\/stojak-na-sluchawki-lobo\/#breadcrumb\"},\"inLanguage\":\"pl-PL\",\"potentialAction\":[{\"@type\":\"ReadAction\",\"target\":[\"https:\/\/3dvikingsstore.com\/pl\/shop\/stojak-na-sluchawki-lobo\/\"]}]},{\"@type\":\"ImageObject\",\"inLanguage\":\"pl-PL\",\"@id\":\"https:\/\/3dvikingsstore.com\/pl\/shop\/stojak-na-sluchawki-lobo\/#primaryimage\",\"url\":\"https:\/\/3dvikingsstore.com\/wp-content\/uploads\/2024\/03\/Lobo-1-scaled.jpg\",\"contentUrl\":\"https:\/\/3dvikingsstore.com\/wp-content\/uploads\/2024\/03\/Lobo-1-scaled.jpg\",\"width\":2560,\"height\":2560},{\"@type\":\"BreadcrumbList\",\"@id\":\"https:\/\/3dvikingsstore.com\/pl\/shop\/stojak-na-sluchawki-lobo\/#breadcrumb\",\"itemListElement\":[{\"@type\":\"ListItem\",\"position\":1,\"name\":\"Home\",\"item\":\"https:\/\/3dvikingsstore.com\/pl\/\"},{\"@type\":\"ListItem\",\"position\":2,\"name\":\"Shop\",\"item\":\"https:\/\/3dvikingsstore.com\/shop\/\"},{\"@type\":\"ListItem\",\"position\":3,\"name\":\"Stojak na s\u0142uchawki Lobo: Chro\u0144 sw\u00f3j sprz\u0119t, cholero jedna!\"}]},{\"@type\":\"WebSite\",\"@id\":\"https:\/\/3dvikingsstore.com\/pl\/#website\",\"url\":\"https:\/\/3dvikingsstore.com\/pl\/\",\"name\":\"3D Vikings Store\",\"description\":\"Dekoracje i Akcesoria do Gier Planszowych i Sto\u0142owych\",\"publisher\":{\"@id\":\"https:\/\/3dvikingsstore.com\/pl\/#organization\"},\"potentialAction\":[{\"@type\":\"SearchAction\",\"target\":{\"@type\":\"EntryPoint\",\"urlTemplate\":\"https:\/\/3dvikingsstore.com\/pl\/?s={search_term_string}\"},\"query-input\":\"required name=search_term_string\"}],\"inLanguage\":\"pl-PL\"},{\"@type\":\"Organization\",\"@id\":\"https:\/\/3dvikingsstore.com\/pl\/#organization\",\"name\":\"3D Vikings Store\",\"url\":\"https:\/\/3dvikingsstore.com\/pl\/\",\"logo\":{\"@type\":\"ImageObject\",\"inLanguage\":\"pl-PL\",\"@id\":\"https:\/\/3dvikingsstore.com\/pl\/#\/schema\/logo\/image\/\",\"url\":\"https:\/\/3dvikingsstore.com\/wp-content\/uploads\/2020\/03\/3dvikings-logo-karge-white.jpg\",\"contentUrl\":\"https:\/\/3dvikingsstore.com\/wp-content\/uploads\/2020\/03\/3dvikings-logo-karge-white.jpg\",\"width\":800,\"height\":800,\"caption\":\"3D Vikings Store\"},\"image\":{\"@id\":\"https:\/\/3dvikingsstore.com\/pl\/#\/schema\/logo\/image\/\"}}]}<\/script>\n<!-- \/ Yoast SEO Premium plugin. -->","yoast_head_json":{"title":"Stojak na s\u0142uchawki Lobo: Chro\u0144 sw\u00f3j sprz\u0119t, cholero jedna!","description":"Ten odjechany stojak na s\u0142uchawki przedstawia kultowy kubek Lobo z czaszk\u0105, wszystkimi \u0142a\u0144cuchami, bliznami i nieokie\u0142znan\u0105 postaw\u0105.","robots":{"index":"index","follow":"follow","max-snippet":"max-snippet:-1","max-image-preview":"max-image-preview:large","max-video-preview":"max-video-preview:-1"},"canonical":"https:\/\/3dvikingsstore.com\/pl\/shop\/stojak-na-sluchawki-lobo\/","og_locale":"pl_PL","og_type":"article","og_title":"Stojak na s\u0142uchawki Lobo: Chro\u0144 sw\u00f3j sprz\u0119t, cholero jedna!","og_description":"Ten odjechany stojak na s\u0142uchawki przedstawia kultowy kubek Lobo z czaszk\u0105, wszystkimi \u0142a\u0144cuchami, bliznami i nieokie\u0142znan\u0105 postaw\u0105.","og_url":"https:\/\/3dvikingsstore.com\/pl\/shop\/stojak-na-sluchawki-lobo\/","og_site_name":"3D Vikings Store","article_modified_time":"2024-03-05T12:23:44+00:00","og_image":[{"width":2560,"height":2560,"url":"https:\/\/3dvikingsstore.com\/wp-content\/uploads\/2024\/03\/Lobo-1-scaled.jpg","type":"image\/jpeg"}],"twitter_card":"summary_large_image","twitter_misc":{"Szacowany czas czytania":"2 minuty"},"schema":{"@context":"https:\/\/schema.org","@graph":[{"@type":["WebPage","ItemPage"],"@id":"https:\/\/3dvikingsstore.com\/pl\/shop\/stojak-na-sluchawki-lobo\/","url":"https:\/\/3dvikingsstore.com\/pl\/shop\/stojak-na-sluchawki-lobo\/","name":"Stojak na s\u0142uchawki Lobo: Chro\u0144 sw\u00f3j sprz\u0119t, cholero jedna!","isPartOf":{"@id":"https:\/\/3dvikingsstore.com\/pl\/#website"},"primaryImageOfPage":{"@id":"https:\/\/3dvikingsstore.com\/pl\/shop\/stojak-na-sluchawki-lobo\/#primaryimage"},"image":{"@id":"https:\/\/3dvikingsstore.com\/pl\/shop\/stojak-na-sluchawki-lobo\/#primaryimage"},"thumbnailUrl":"https:\/\/3dvikingsstore.com\/wp-content\/uploads\/2024\/03\/Lobo-1-scaled.jpg","datePublished":"2024-03-05T10:45:07+00:00","dateModified":"2024-03-05T12:23:44+00:00","description":"Ten odjechany stojak na s\u0142uchawki przedstawia kultowy kubek Lobo z czaszk\u0105, wszystkimi \u0142a\u0144cuchami, bliznami i nieokie\u0142znan\u0105 postaw\u0105.","breadcrumb":{"@id":"https:\/\/3dvikingsstore.com\/pl\/shop\/stojak-na-sluchawki-lobo\/#breadcrumb"},"inLanguage":"pl-PL","potentialAction":[{"@type":"ReadAction","target":["https:\/\/3dvikingsstore.com\/pl\/shop\/stojak-na-sluchawki-lobo\/"]}]},{"@type":"ImageObject","inLanguage":"pl-PL","@id":"https:\/\/3dvikingsstore.com\/pl\/shop\/stojak-na-sluchawki-lobo\/#primaryimage","url":"https:\/\/3dvikingsstore.com\/wp-content\/uploads\/2024\/03\/Lobo-1-scaled.jpg","contentUrl":"https:\/\/3dvikingsstore.com\/wp-content\/uploads\/2024\/03\/Lobo-1-scaled.jpg","width":2560,"height":2560},{"@type":"BreadcrumbList","@id":"https:\/\/3dvikingsstore.com\/pl\/shop\/stojak-na-sluchawki-lobo\/#breadcrumb","itemListElement":[{"@type":"ListItem","position":1,"name":"Home","item":"https:\/\/3dvikingsstore.com\/pl\/"},{"@type":"ListItem","position":2,"name":"Shop","item":"https:\/\/3dvikingsstore.com\/shop\/"},{"@type":"ListItem","position":3,"name":"Stojak na s\u0142uchawki Lobo: Chro\u0144 sw\u00f3j sprz\u0119t, cholero jedna!"}]},{"@type":"WebSite","@id":"https:\/\/3dvikingsstore.com\/pl\/#website","url":"https:\/\/3dvikingsstore.com\/pl\/","name":"3D Vikings Store","description":"Dekoracje i Akcesoria do Gier Planszowych i Sto\u0142owych","publisher":{"@id":"https:\/\/3dvikingsstore.com\/pl\/#organization"},"potentialAction":[{"@type":"SearchAction","target":{"@type":"EntryPoint","urlTemplate":"https:\/\/3dvikingsstore.com\/pl\/?s={search_term_string}"},"query-input":"required name=search_term_string"}],"inLanguage":"pl-PL"},{"@type":"Organization","@id":"https:\/\/3dvikingsstore.com\/pl\/#organization","name":"3D Vikings Store","url":"https:\/\/3dvikingsstore.com\/pl\/","logo":{"@type":"ImageObject","inLanguage":"pl-PL","@id":"https:\/\/3dvikingsstore.com\/pl\/#\/schema\/logo\/image\/","url":"https:\/\/3dvikingsstore.com\/wp-content\/uploads\/2020\/03\/3dvikings-logo-karge-white.jpg","contentUrl":"https:\/\/3dvikingsstore.com\/wp-content\/uploads\/2020\/03\/3dvikings-logo-karge-white.jpg","width":800,"height":800,"caption":"3D Vikings Store"},"image":{"@id":"https:\/\/3dvikingsstore.com\/pl\/#\/schema\/logo\/image\/"}}]}},"_links":{"self":[{"href":"https:\/\/3dvikingsstore.com\/pl\/wp-json\/wp\/v2\/product\/19095"}],"collection":[{"href":"https:\/\/3dvikingsstore.com\/pl\/wp-json\/wp\/v2\/product"}],"about":[{"href":"https:\/\/3dvikingsstore.com\/pl\/wp-json\/wp\/v2\/types\/product"}],"replies":[{"embeddable":true,"href":"https:\/\/3dvikingsstore.com\/pl\/wp-json\/wp\/v2\/comments?post=19095"}],"version-history":[{"count":3,"href":"https:\/\/3dvikingsstore.com\/pl\/wp-json\/wp\/v2\/product\/19095\/revisions"}],"predecessor-version":[{"id":19114,"href":"https:\/\/3dvikingsstore.com\/pl\/wp-json\/wp\/v2\/product\/19095\/revisions\/19114"}],"wp:featuredmedia":[{"embeddable":true,"href":"https:\/\/3dvikingsstore.com\/pl\/wp-json\/wp\/v2\/media\/19078"}],"wp:attachment":[{"href":"https:\/\/3dvikingsstore.com\/pl\/wp-json\/wp\/v2\/media?parent=19095"}],"wp:term":[{"taxonomy":"product_cat","embeddable":true,"href":"https:\/\/3dvikingsstore.com\/pl\/wp-json\/wp\/v2\/product_cat?post=19095"},{"taxonomy":"product_tag","embeddable":true,"href":"https:\/\/3dvikingsstore.com\/pl\/wp-json\/wp\/v2\/product_tag?post=19095"}],"curies":[{"name":"wp","href":"https:\/\/api.w.org\/{rel}","templated":true}]}}