{"id":19015,"date":"2024-03-04T22:26:32","date_gmt":"2024-03-04T20:26:32","guid":{"rendered":"https:\/\/3dvikingsstore.com\/?post_type=product&#038;p=19015"},"modified":"2024-03-05T12:39:49","modified_gmt":"2024-03-05T10:39:49","slug":"uwolnij-wewnetrznego-wolverinea","status":"publish","type":"product","link":"https:\/\/3dvikingsstore.com\/pl\/shop\/uwolnij-wewnetrznego-wolverinea\/","title":{"rendered":"Uwolnij wewn\u0119trznego Wolverine&#8217;a: Najlepszy stojak na s\u0142uchawki"},"content":{"rendered":"<p>Ten okrutny stojak na s\u0142uchawki uosabia surow\u0105 moc i niez\u0142omn\u0105 wol\u0119 Wolverine&#8217;a! Wzorowane na jego kultowej masce, z z\u0119bami obna\u017conymi w berserkerskim warkoczu, to popiersie wymaga uwagi. Surowy szary plastik podkre\u015bla ka\u017cdy szczeg\u00f3\u0142, odzwierciedlaj\u0105c zimn\u0105 si\u0142\u0119 samego adamantium. Wyrze\u017abione pazury chroni\u0105 sprz\u0119t, przypominaj\u0105c, \u017ce ulubiona muzyka zas\u0142uguje na tak\u0105 sam\u0105 ochron\u0119, jak\u0105 Wolverine zapewnia tym, na kt\u00f3rych mu zale\u017cy.<\/p>\n<p><strong>Sculpted Fury<\/strong><\/p>\n<p>Ka\u017cdy centymetr tego popiersia oddaje Wolverine&#8217;a w jego najbardziej intensywnym wydaniu. G\u0142\u0119bokie zmarszczki na jego brwiach wskazuj\u0105 na ci\u0119\u017car, kt\u00f3ry nosi. Jego obna\u017cone z\u0119by tworz\u0105 wyzywaj\u0105cy warkot, ostrze\u017cenie dla ka\u017cdego, kto chcia\u0142by si\u0119 z nim zmierzy\u0107. Nawet jego w\u0142osy s\u0105 wyrze\u017abione jak ostrza, podkre\u015blaj\u0105c jego dzik\u0105, ledwo powstrzymywan\u0105 natur\u0119. Zwietrza\u0142y, szary plastik dodaje mu ziarnisto\u015bci, a ka\u017cde zadrapanie i niedoskona\u0142o\u015b\u0107 wskazuj\u0105 na niezliczone bitwy, kt\u00f3re przeszed\u0142.<\/p>\n<p><strong>Chro\u0144 sw\u00f3j arsena\u0142 audio<\/strong><\/p>\n<p>Wolverine nie toleruje s\u0142abo\u015bci i ty te\u017c nie powiniene\u015b, je\u015bli chodzi o twoje s\u0142uchawki. Ten solidny stojak podnosi sprz\u0119t, chroni\u0105c go przed zadrapaniami i pl\u0105tanin\u0105 codziennego \u017cycia. Oprzyj sw\u00f3j cenny zestaw s\u0142uchawkowy na tych nieugi\u0119tych szponach, kt\u00f3rych ch\u0142odne szare wyko\u0144czenie stale przypomina o ich sile inspirowanej adamantium. S\u0105 zbudowane tak, aby wytrzyma\u0107 wszystko, tak jak mutant, kt\u00f3ry je zainspirowa\u0142.<\/p>\n<p><strong>Kana\u0142 ducha rosomaka<\/strong><\/p>\n<p>Niezale\u017cnie od tego, czy jeste\u015b w trakcie ci\u0119\u017ckiego dnia pracy, s\u0142uchasz ulubionych hymn\u00f3w bitewnych, czy zanurzasz si\u0119 w wci\u0105gaj\u0105cym wirtualnym \u015bwiecie, ten stojak wype\u0142ni Twoj\u0105 przestrze\u0144 niezachwian\u0105 determinacj\u0105 Wolverine&#8217;a. Tak jak on regeneruje si\u0119 po ka\u017cdej ranie, tak ten stojak gwarantuje, \u017ce twoje s\u0142uchawki wyjd\u0105 bez szwanku z ka\u017cdego chaosu. Niech jego niez\u0142omny duch podsyca twojego, przypominaj\u0105c ci, \u017ce mo\u017cesz pokona\u0107 ka\u017cd\u0105 przeszkod\u0119, tak jak &#8222;najlepszy na \u015bwiecie&#8221; w tym, co robi.<\/p>\n<p><strong>Najlepsza aktualizacja dla fan\u00f3w Wolverine&#8217;a<\/strong><\/p>\n<p>Ten stojak na s\u0142uchawki Wolverine to nie tylko funkcjonalne akcesorium; to deklaracja twojego fandomu X-Men. Subtelna szaro\u015b\u0107 odzwierciedla stalow\u0105 si\u0142\u0119 adamantium, tworz\u0105c unikalny i efektowny eksponat. Umie\u015b\u0107 go dumnie na swoim biurku, jako \u015bwiadectwo mi\u0142o\u015bci do najbardziej wytrwa\u0142ego mutanta ze wszystkich. To idealny spos\u00f3b na zaprezentowanie zar\u00f3wno swojej zab\u00f3jczej konfiguracji audio, jak i niezachwianej lojalno\u015bci wobec X-Men.<\/p>\n","protected":false},"excerpt":{"rendered":"<p data-sourcepos=\"9:1-9:39\">Ten okrutny stojak na s\u0142uchawki uosabia surow\u0105 moc i niez\u0142omn\u0105 wol\u0119 Wolverine&#8217;a! Wzorowane na jego kultowej masce, z z\u0119bami obna\u017conymi w berserkerskim warkoczu, to popiersie wymaga uwagi. Surowy szary plastik podkre\u015bla ka\u017cdy szczeg\u00f3\u0142, odzwierciedlaj\u0105c zimn\u0105 si\u0142\u0119 samego adamantium. Wyrze\u017abione pazury chroni\u0105 sprz\u0119t, przypominaj\u0105c, \u017ce ulubiona muzyka zas\u0142uguje na tak\u0105 sam\u0105 ochron\u0119, jak\u0105 Wolverine zapewnia tym, na kt\u00f3rych mu zale\u017cy.<\/p>\n","protected":false},"featured_media":19075,"comment_status":"open","ping_status":"closed","template":"","meta":[],"product_cat":[3426],"product_tag":[],"yoast_head":"<!-- This site is optimized with the Yoast SEO Premium plugin v22.9 (Yoast SEO v22.9) - https:\/\/yoast.com\/wordpress\/plugins\/seo\/ -->\n<title>Uwolnij wewn\u0119trznego Wolverine&#039;a: Najlepszy stojak na s\u0142uchawki<\/title>\n<meta name=\"description\" content=\"Ka\u017cdy centymetr tego stojaka na s\u0142uchawki przedstawia Wolverine&#039;a w jego najbardziej intensywnym wydaniu. G\u0142\u0119bokie zmarszczki na jego brwiach wskazuj\u0105 na ci\u0119\u017car, kt\u00f3ry nosi.\" \/>\n<meta name=\"robots\" content=\"index, follow, max-snippet:-1, max-image-preview:large, max-video-preview:-1\" \/>\n<link rel=\"canonical\" href=\"https:\/\/3dvikingsstore.com\/pl\/shop\/uwolnij-wewnetrznego-wolverinea\/\" \/>\n<meta property=\"og:locale\" content=\"pl_PL\" \/>\n<meta property=\"og:type\" content=\"article\" \/>\n<meta property=\"og:title\" content=\"Uwolnij wewn\u0119trznego Wolverine&#039;a: Najlepszy stojak na s\u0142uchawki\" \/>\n<meta property=\"og:description\" content=\"Ka\u017cdy centymetr tego stojaka na s\u0142uchawki przedstawia Wolverine&#039;a w jego najbardziej intensywnym wydaniu. G\u0142\u0119bokie zmarszczki na jego brwiach wskazuj\u0105 na ci\u0119\u017car, kt\u00f3ry nosi.\" \/>\n<meta property=\"og:url\" content=\"https:\/\/3dvikingsstore.com\/pl\/shop\/uwolnij-wewnetrznego-wolverinea\/\" \/>\n<meta property=\"og:site_name\" content=\"3D Vikings Store\" \/>\n<meta property=\"article:modified_time\" content=\"2024-03-05T10:39:49+00:00\" \/>\n<meta property=\"og:image\" content=\"https:\/\/3dvikingsstore.com\/wp-content\/uploads\/2024\/03\/Wolverine-1-scaled.jpg\" \/>\n\t<meta property=\"og:image:width\" content=\"2560\" \/>\n\t<meta property=\"og:image:height\" content=\"2560\" \/>\n\t<meta property=\"og:image:type\" content=\"image\/jpeg\" \/>\n<meta name=\"twitter:card\" content=\"summary_large_image\" \/>\n<meta name=\"twitter:label1\" content=\"Szacowany czas czytania\" \/>\n\t<meta name=\"twitter:data1\" content=\"2 minuty\" \/>\n<script type=\"application\/ld+json\" class=\"yoast-schema-graph\">{\"@context\":\"https:\/\/schema.org\",\"@graph\":[{\"@type\":[\"WebPage\",\"ItemPage\"],\"@id\":\"https:\/\/3dvikingsstore.com\/pl\/shop\/uwolnij-wewnetrznego-wolverinea\/\",\"url\":\"https:\/\/3dvikingsstore.com\/pl\/shop\/uwolnij-wewnetrznego-wolverinea\/\",\"name\":\"Uwolnij wewn\u0119trznego Wolverine'a: Najlepszy stojak na s\u0142uchawki\",\"isPartOf\":{\"@id\":\"https:\/\/3dvikingsstore.com\/pl\/#website\"},\"primaryImageOfPage\":{\"@id\":\"https:\/\/3dvikingsstore.com\/pl\/shop\/uwolnij-wewnetrznego-wolverinea\/#primaryimage\"},\"image\":{\"@id\":\"https:\/\/3dvikingsstore.com\/pl\/shop\/uwolnij-wewnetrznego-wolverinea\/#primaryimage\"},\"thumbnailUrl\":\"https:\/\/3dvikingsstore.com\/wp-content\/uploads\/2024\/03\/Wolverine-1-scaled.jpg\",\"datePublished\":\"2024-03-04T20:26:32+00:00\",\"dateModified\":\"2024-03-05T10:39:49+00:00\",\"description\":\"Ka\u017cdy centymetr tego stojaka na s\u0142uchawki przedstawia Wolverine'a w jego najbardziej intensywnym wydaniu. G\u0142\u0119bokie zmarszczki na jego brwiach wskazuj\u0105 na ci\u0119\u017car, kt\u00f3ry nosi.\",\"breadcrumb\":{\"@id\":\"https:\/\/3dvikingsstore.com\/pl\/shop\/uwolnij-wewnetrznego-wolverinea\/#breadcrumb\"},\"inLanguage\":\"pl-PL\",\"potentialAction\":[{\"@type\":\"ReadAction\",\"target\":[\"https:\/\/3dvikingsstore.com\/pl\/shop\/uwolnij-wewnetrznego-wolverinea\/\"]}]},{\"@type\":\"ImageObject\",\"inLanguage\":\"pl-PL\",\"@id\":\"https:\/\/3dvikingsstore.com\/pl\/shop\/uwolnij-wewnetrznego-wolverinea\/#primaryimage\",\"url\":\"https:\/\/3dvikingsstore.com\/wp-content\/uploads\/2024\/03\/Wolverine-1-scaled.jpg\",\"contentUrl\":\"https:\/\/3dvikingsstore.com\/wp-content\/uploads\/2024\/03\/Wolverine-1-scaled.jpg\",\"width\":2560,\"height\":2560},{\"@type\":\"BreadcrumbList\",\"@id\":\"https:\/\/3dvikingsstore.com\/pl\/shop\/uwolnij-wewnetrznego-wolverinea\/#breadcrumb\",\"itemListElement\":[{\"@type\":\"ListItem\",\"position\":1,\"name\":\"Home\",\"item\":\"https:\/\/3dvikingsstore.com\/pl\/\"},{\"@type\":\"ListItem\",\"position\":2,\"name\":\"Shop\",\"item\":\"https:\/\/3dvikingsstore.com\/shop\/\"},{\"@type\":\"ListItem\",\"position\":3,\"name\":\"Uwolnij wewn\u0119trznego Wolverine&#8217;a: Najlepszy stojak na s\u0142uchawki\"}]},{\"@type\":\"WebSite\",\"@id\":\"https:\/\/3dvikingsstore.com\/pl\/#website\",\"url\":\"https:\/\/3dvikingsstore.com\/pl\/\",\"name\":\"3D Vikings Store\",\"description\":\"Dekoracje i Akcesoria do Gier Planszowych i Sto\u0142owych\",\"publisher\":{\"@id\":\"https:\/\/3dvikingsstore.com\/pl\/#organization\"},\"potentialAction\":[{\"@type\":\"SearchAction\",\"target\":{\"@type\":\"EntryPoint\",\"urlTemplate\":\"https:\/\/3dvikingsstore.com\/pl\/?s={search_term_string}\"},\"query-input\":\"required name=search_term_string\"}],\"inLanguage\":\"pl-PL\"},{\"@type\":\"Organization\",\"@id\":\"https:\/\/3dvikingsstore.com\/pl\/#organization\",\"name\":\"3D Vikings Store\",\"url\":\"https:\/\/3dvikingsstore.com\/pl\/\",\"logo\":{\"@type\":\"ImageObject\",\"inLanguage\":\"pl-PL\",\"@id\":\"https:\/\/3dvikingsstore.com\/pl\/#\/schema\/logo\/image\/\",\"url\":\"https:\/\/3dvikingsstore.com\/wp-content\/uploads\/2020\/03\/3dvikings-logo-karge-white.jpg\",\"contentUrl\":\"https:\/\/3dvikingsstore.com\/wp-content\/uploads\/2020\/03\/3dvikings-logo-karge-white.jpg\",\"width\":800,\"height\":800,\"caption\":\"3D Vikings Store\"},\"image\":{\"@id\":\"https:\/\/3dvikingsstore.com\/pl\/#\/schema\/logo\/image\/\"}}]}<\/script>\n<!-- \/ Yoast SEO Premium plugin. -->","yoast_head_json":{"title":"Uwolnij wewn\u0119trznego Wolverine'a: Najlepszy stojak na s\u0142uchawki","description":"Ka\u017cdy centymetr tego stojaka na s\u0142uchawki przedstawia Wolverine'a w jego najbardziej intensywnym wydaniu. G\u0142\u0119bokie zmarszczki na jego brwiach wskazuj\u0105 na ci\u0119\u017car, kt\u00f3ry nosi.","robots":{"index":"index","follow":"follow","max-snippet":"max-snippet:-1","max-image-preview":"max-image-preview:large","max-video-preview":"max-video-preview:-1"},"canonical":"https:\/\/3dvikingsstore.com\/pl\/shop\/uwolnij-wewnetrznego-wolverinea\/","og_locale":"pl_PL","og_type":"article","og_title":"Uwolnij wewn\u0119trznego Wolverine'a: Najlepszy stojak na s\u0142uchawki","og_description":"Ka\u017cdy centymetr tego stojaka na s\u0142uchawki przedstawia Wolverine'a w jego najbardziej intensywnym wydaniu. G\u0142\u0119bokie zmarszczki na jego brwiach wskazuj\u0105 na ci\u0119\u017car, kt\u00f3ry nosi.","og_url":"https:\/\/3dvikingsstore.com\/pl\/shop\/uwolnij-wewnetrznego-wolverinea\/","og_site_name":"3D Vikings Store","article_modified_time":"2024-03-05T10:39:49+00:00","og_image":[{"width":2560,"height":2560,"url":"https:\/\/3dvikingsstore.com\/wp-content\/uploads\/2024\/03\/Wolverine-1-scaled.jpg","type":"image\/jpeg"}],"twitter_card":"summary_large_image","twitter_misc":{"Szacowany czas czytania":"2 minuty"},"schema":{"@context":"https:\/\/schema.org","@graph":[{"@type":["WebPage","ItemPage"],"@id":"https:\/\/3dvikingsstore.com\/pl\/shop\/uwolnij-wewnetrznego-wolverinea\/","url":"https:\/\/3dvikingsstore.com\/pl\/shop\/uwolnij-wewnetrznego-wolverinea\/","name":"Uwolnij wewn\u0119trznego Wolverine'a: Najlepszy stojak na s\u0142uchawki","isPartOf":{"@id":"https:\/\/3dvikingsstore.com\/pl\/#website"},"primaryImageOfPage":{"@id":"https:\/\/3dvikingsstore.com\/pl\/shop\/uwolnij-wewnetrznego-wolverinea\/#primaryimage"},"image":{"@id":"https:\/\/3dvikingsstore.com\/pl\/shop\/uwolnij-wewnetrznego-wolverinea\/#primaryimage"},"thumbnailUrl":"https:\/\/3dvikingsstore.com\/wp-content\/uploads\/2024\/03\/Wolverine-1-scaled.jpg","datePublished":"2024-03-04T20:26:32+00:00","dateModified":"2024-03-05T10:39:49+00:00","description":"Ka\u017cdy centymetr tego stojaka na s\u0142uchawki przedstawia Wolverine'a w jego najbardziej intensywnym wydaniu. G\u0142\u0119bokie zmarszczki na jego brwiach wskazuj\u0105 na ci\u0119\u017car, kt\u00f3ry nosi.","breadcrumb":{"@id":"https:\/\/3dvikingsstore.com\/pl\/shop\/uwolnij-wewnetrznego-wolverinea\/#breadcrumb"},"inLanguage":"pl-PL","potentialAction":[{"@type":"ReadAction","target":["https:\/\/3dvikingsstore.com\/pl\/shop\/uwolnij-wewnetrznego-wolverinea\/"]}]},{"@type":"ImageObject","inLanguage":"pl-PL","@id":"https:\/\/3dvikingsstore.com\/pl\/shop\/uwolnij-wewnetrznego-wolverinea\/#primaryimage","url":"https:\/\/3dvikingsstore.com\/wp-content\/uploads\/2024\/03\/Wolverine-1-scaled.jpg","contentUrl":"https:\/\/3dvikingsstore.com\/wp-content\/uploads\/2024\/03\/Wolverine-1-scaled.jpg","width":2560,"height":2560},{"@type":"BreadcrumbList","@id":"https:\/\/3dvikingsstore.com\/pl\/shop\/uwolnij-wewnetrznego-wolverinea\/#breadcrumb","itemListElement":[{"@type":"ListItem","position":1,"name":"Home","item":"https:\/\/3dvikingsstore.com\/pl\/"},{"@type":"ListItem","position":2,"name":"Shop","item":"https:\/\/3dvikingsstore.com\/shop\/"},{"@type":"ListItem","position":3,"name":"Uwolnij wewn\u0119trznego Wolverine&#8217;a: Najlepszy stojak na s\u0142uchawki"}]},{"@type":"WebSite","@id":"https:\/\/3dvikingsstore.com\/pl\/#website","url":"https:\/\/3dvikingsstore.com\/pl\/","name":"3D Vikings Store","description":"Dekoracje i Akcesoria do Gier Planszowych i Sto\u0142owych","publisher":{"@id":"https:\/\/3dvikingsstore.com\/pl\/#organization"},"potentialAction":[{"@type":"SearchAction","target":{"@type":"EntryPoint","urlTemplate":"https:\/\/3dvikingsstore.com\/pl\/?s={search_term_string}"},"query-input":"required name=search_term_string"}],"inLanguage":"pl-PL"},{"@type":"Organization","@id":"https:\/\/3dvikingsstore.com\/pl\/#organization","name":"3D Vikings Store","url":"https:\/\/3dvikingsstore.com\/pl\/","logo":{"@type":"ImageObject","inLanguage":"pl-PL","@id":"https:\/\/3dvikingsstore.com\/pl\/#\/schema\/logo\/image\/","url":"https:\/\/3dvikingsstore.com\/wp-content\/uploads\/2020\/03\/3dvikings-logo-karge-white.jpg","contentUrl":"https:\/\/3dvikingsstore.com\/wp-content\/uploads\/2020\/03\/3dvikings-logo-karge-white.jpg","width":800,"height":800,"caption":"3D Vikings Store"},"image":{"@id":"https:\/\/3dvikingsstore.com\/pl\/#\/schema\/logo\/image\/"}}]}},"_links":{"self":[{"href":"https:\/\/3dvikingsstore.com\/pl\/wp-json\/wp\/v2\/product\/19015"}],"collection":[{"href":"https:\/\/3dvikingsstore.com\/pl\/wp-json\/wp\/v2\/product"}],"about":[{"href":"https:\/\/3dvikingsstore.com\/pl\/wp-json\/wp\/v2\/types\/product"}],"replies":[{"embeddable":true,"href":"https:\/\/3dvikingsstore.com\/pl\/wp-json\/wp\/v2\/comments?post=19015"}],"version-history":[{"count":2,"href":"https:\/\/3dvikingsstore.com\/pl\/wp-json\/wp\/v2\/product\/19015\/revisions"}],"predecessor-version":[{"id":19091,"href":"https:\/\/3dvikingsstore.com\/pl\/wp-json\/wp\/v2\/product\/19015\/revisions\/19091"}],"wp:featuredmedia":[{"embeddable":true,"href":"https:\/\/3dvikingsstore.com\/pl\/wp-json\/wp\/v2\/media\/19075"}],"wp:attachment":[{"href":"https:\/\/3dvikingsstore.com\/pl\/wp-json\/wp\/v2\/media?parent=19015"}],"wp:term":[{"taxonomy":"product_cat","embeddable":true,"href":"https:\/\/3dvikingsstore.com\/pl\/wp-json\/wp\/v2\/product_cat?post=19015"},{"taxonomy":"product_tag","embeddable":true,"href":"https:\/\/3dvikingsstore.com\/pl\/wp-json\/wp\/v2\/product_tag?post=19015"}],"curies":[{"name":"wp","href":"https:\/\/api.w.org\/{rel}","templated":true}]}}