{"id":18989,"date":"2024-03-04T12:50:08","date_gmt":"2024-03-04T10:50:08","guid":{"rendered":"https:\/\/3dvikingsstore.com\/?post_type=product&#038;p=18989"},"modified":"2024-03-04T13:19:03","modified_gmt":"2024-03-04T11:19:03","slug":"the-force-awaits-stojak-na-sluchawki-cal-kestis-copy","status":"publish","type":"product","link":"https:\/\/3dvikingsstore.com\/pl\/shop\/the-force-awaits-stojak-na-sluchawki-cal-kestis-copy\/","title":{"rendered":"Stojak na s\u0142uchawki Darth Maul: Obejmij Ciemn\u0105 Stron\u0119"},"content":{"rendered":"<p>Uwolnij moc Sith\u00f3w i ulepsz swoj\u0105 konfiguracj\u0119 audio dzi\u0119ki najlepszemu stra\u017cnikowi s\u0142uchawek &#8211; Darthowi Maulowi! Ten przera\u017caj\u0105cy stojak na s\u0142uchawki oddaje bezlitosn\u0105 furi\u0119 i uderzaj\u0105cy wygl\u0105d legendarnego wojownika Zabrak.<\/p>\n<p><strong>Zarz\u0105dzaj swoj\u0105 przestrzeni\u0105<\/strong><\/p>\n<p>Z gro\u017anymi rogami, ognistymi czerwono-czarnymi tatua\u017cami i przeszywaj\u0105cymi \u017c\u00f3\u0142tymi oczami, to szczeg\u00f3\u0142owe plastikowe popiersie wymaga uwagi. Onie\u015bmielaj\u0105ca obecno\u015b\u0107 Dartha Maula wnosi odrobin\u0119 ciemnej strony na biurko lub sprz\u0119t do gier, daj\u0105c jasno do zrozumienia, \u017ce jeste\u015b si\u0142\u0105, z kt\u00f3r\u0105 nale\u017cy si\u0119 liczy\u0107.<\/p>\n<p><strong>Niezr\u00f3wnana ochrona Sith\u00f3w<\/strong><\/p>\n<p>Upewnij si\u0119, \u017ce Twoje s\u0142uchawki s\u0105 gotowe do walki! Ten solidny stojak podnosi sprz\u0119t, chroni\u0105c go przed zadrapaniami, spl\u0105taniem i chaosem codziennego \u017cycia. Wykorzystaj nieust\u0119pliwe skupienie Dartha Maula i pozw\u00f3l wrogom zadr\u017ce\u0107, gdy zobacz\u0105 twoje s\u0142uchawki pod jego ochron\u0105.<\/p>\n<p><strong>Obud\u017a swojego wewn\u0119trznego Sitha<\/strong><\/p>\n<p>Niezale\u017cnie od tego, czy jeste\u015b zagorza\u0142ym fanem Gwiezdnych Wojen, czy po prostu doceniasz prawdziwie czarny charakter, stojak na s\u0142uchawki Darth Maul to pozycja obowi\u0105zkowa. To wyrazisty element, ho\u0142d dla niezapomnianej postaci i praktyczny spos\u00f3b na pochwalenie si\u0119 zab\u00f3jcz\u0105 konfiguracj\u0105 audio.<\/p>\n<p><strong>Wyb\u00f3r nale\u017cy do Ciebie<\/strong><\/p>\n<p>Czy b\u0119dziesz w\u0142ada\u0107 Moc\u0105, aby zwyci\u0119\u017cy\u0107, czy obejmiesz Sith\u00f3w za pomoc\u0105 stojaka na s\u0142uchawki Darth Maul? Ten wyj\u0105tkowy dodatek to idealny spos\u00f3b na wprowadzenie ekscytuj\u0105cej dawki Gwiezdnych Wojen do codziennego \u017cycia.<\/p>\n","protected":false},"excerpt":{"rendered":"<p data-sourcepos=\"9:1-9:39\">Uwolnij moc Sith\u00f3w i ulepsz swoj\u0105 konfiguracj\u0119 audio dzi\u0119ki najlepszemu stra\u017cnikowi s\u0142uchawek &#8211; Darthowi Maulowi! Ten przera\u017caj\u0105cy stojak na s\u0142uchawki oddaje bezlitosn\u0105 furi\u0119 i uderzaj\u0105cy wygl\u0105d legendarnego wojownika Zabrak.<\/p>\n","protected":false},"featured_media":19004,"comment_status":"open","ping_status":"closed","template":"","meta":[],"product_cat":[3426],"product_tag":[],"yoast_head":"<!-- This site is optimized with the Yoast SEO Premium plugin v22.9 (Yoast SEO v22.9) - https:\/\/yoast.com\/wordpress\/plugins\/seo\/ -->\n<title>Stojak na s\u0142uchawki Darth Maul: Obejmij Ciemn\u0105 Stron\u0119<\/title>\n<meta name=\"description\" content=\"Uwolnij moc Sith\u00f3w i ulepsz swoj\u0105 konfiguracj\u0119 audio dzi\u0119ki najlepszemu stra\u017cnikowi s\u0142uchawek - Darthowi Maulowi!\" \/>\n<meta name=\"robots\" content=\"index, follow, max-snippet:-1, max-image-preview:large, max-video-preview:-1\" \/>\n<link rel=\"canonical\" href=\"https:\/\/3dvikingsstore.com\/pl\/shop\/the-force-awaits-stojak-na-sluchawki-cal-kestis-copy\/\" \/>\n<meta property=\"og:locale\" content=\"pl_PL\" \/>\n<meta property=\"og:type\" content=\"article\" \/>\n<meta property=\"og:title\" content=\"Stojak na s\u0142uchawki Darth Maul: Obejmij Ciemn\u0105 Stron\u0119\" \/>\n<meta property=\"og:description\" content=\"Uwolnij moc Sith\u00f3w i ulepsz swoj\u0105 konfiguracj\u0119 audio dzi\u0119ki najlepszemu stra\u017cnikowi s\u0142uchawek - Darthowi Maulowi!\" \/>\n<meta property=\"og:url\" content=\"https:\/\/3dvikingsstore.com\/pl\/shop\/the-force-awaits-stojak-na-sluchawki-cal-kestis-copy\/\" \/>\n<meta property=\"og:site_name\" content=\"3D Vikings Store\" \/>\n<meta property=\"article:modified_time\" content=\"2024-03-04T11:19:03+00:00\" \/>\n<meta property=\"og:image\" content=\"https:\/\/3dvikingsstore.com\/wp-content\/uploads\/2024\/03\/Maul-1-1024x1024.png\" \/>\n\t<meta property=\"og:image:width\" content=\"1024\" \/>\n\t<meta property=\"og:image:height\" content=\"1024\" \/>\n\t<meta property=\"og:image:type\" content=\"image\/png\" \/>\n<meta name=\"twitter:card\" content=\"summary_large_image\" \/>\n<meta name=\"twitter:label1\" content=\"Szacowany czas czytania\" \/>\n\t<meta name=\"twitter:data1\" content=\"1 minuta\" \/>\n<script type=\"application\/ld+json\" class=\"yoast-schema-graph\">{\"@context\":\"https:\/\/schema.org\",\"@graph\":[{\"@type\":[\"WebPage\",\"ItemPage\"],\"@id\":\"https:\/\/3dvikingsstore.com\/pl\/shop\/the-force-awaits-stojak-na-sluchawki-cal-kestis-copy\/\",\"url\":\"https:\/\/3dvikingsstore.com\/pl\/shop\/the-force-awaits-stojak-na-sluchawki-cal-kestis-copy\/\",\"name\":\"Stojak na s\u0142uchawki Darth Maul: Obejmij Ciemn\u0105 Stron\u0119\",\"isPartOf\":{\"@id\":\"https:\/\/3dvikingsstore.com\/pl\/#website\"},\"primaryImageOfPage\":{\"@id\":\"https:\/\/3dvikingsstore.com\/pl\/shop\/the-force-awaits-stojak-na-sluchawki-cal-kestis-copy\/#primaryimage\"},\"image\":{\"@id\":\"https:\/\/3dvikingsstore.com\/pl\/shop\/the-force-awaits-stojak-na-sluchawki-cal-kestis-copy\/#primaryimage\"},\"thumbnailUrl\":\"https:\/\/3dvikingsstore.com\/wp-content\/uploads\/2024\/03\/Maul-1.png\",\"datePublished\":\"2024-03-04T10:50:08+00:00\",\"dateModified\":\"2024-03-04T11:19:03+00:00\",\"description\":\"Uwolnij moc Sith\u00f3w i ulepsz swoj\u0105 konfiguracj\u0119 audio dzi\u0119ki najlepszemu stra\u017cnikowi s\u0142uchawek - Darthowi Maulowi!\",\"breadcrumb\":{\"@id\":\"https:\/\/3dvikingsstore.com\/pl\/shop\/the-force-awaits-stojak-na-sluchawki-cal-kestis-copy\/#breadcrumb\"},\"inLanguage\":\"pl-PL\",\"potentialAction\":[{\"@type\":\"ReadAction\",\"target\":[\"https:\/\/3dvikingsstore.com\/pl\/shop\/the-force-awaits-stojak-na-sluchawki-cal-kestis-copy\/\"]}]},{\"@type\":\"ImageObject\",\"inLanguage\":\"pl-PL\",\"@id\":\"https:\/\/3dvikingsstore.com\/pl\/shop\/the-force-awaits-stojak-na-sluchawki-cal-kestis-copy\/#primaryimage\",\"url\":\"https:\/\/3dvikingsstore.com\/wp-content\/uploads\/2024\/03\/Maul-1.png\",\"contentUrl\":\"https:\/\/3dvikingsstore.com\/wp-content\/uploads\/2024\/03\/Maul-1.png\",\"width\":2406,\"height\":2406},{\"@type\":\"BreadcrumbList\",\"@id\":\"https:\/\/3dvikingsstore.com\/pl\/shop\/the-force-awaits-stojak-na-sluchawki-cal-kestis-copy\/#breadcrumb\",\"itemListElement\":[{\"@type\":\"ListItem\",\"position\":1,\"name\":\"Home\",\"item\":\"https:\/\/3dvikingsstore.com\/pl\/\"},{\"@type\":\"ListItem\",\"position\":2,\"name\":\"Shop\",\"item\":\"https:\/\/3dvikingsstore.com\/shop\/\"},{\"@type\":\"ListItem\",\"position\":3,\"name\":\"Stojak na s\u0142uchawki Darth Maul: Obejmij Ciemn\u0105 Stron\u0119\"}]},{\"@type\":\"WebSite\",\"@id\":\"https:\/\/3dvikingsstore.com\/pl\/#website\",\"url\":\"https:\/\/3dvikingsstore.com\/pl\/\",\"name\":\"3D Vikings Store\",\"description\":\"Dekoracje i Akcesoria do Gier Planszowych i Sto\u0142owych\",\"publisher\":{\"@id\":\"https:\/\/3dvikingsstore.com\/pl\/#organization\"},\"potentialAction\":[{\"@type\":\"SearchAction\",\"target\":{\"@type\":\"EntryPoint\",\"urlTemplate\":\"https:\/\/3dvikingsstore.com\/pl\/?s={search_term_string}\"},\"query-input\":\"required name=search_term_string\"}],\"inLanguage\":\"pl-PL\"},{\"@type\":\"Organization\",\"@id\":\"https:\/\/3dvikingsstore.com\/pl\/#organization\",\"name\":\"3D Vikings Store\",\"url\":\"https:\/\/3dvikingsstore.com\/pl\/\",\"logo\":{\"@type\":\"ImageObject\",\"inLanguage\":\"pl-PL\",\"@id\":\"https:\/\/3dvikingsstore.com\/pl\/#\/schema\/logo\/image\/\",\"url\":\"https:\/\/3dvikingsstore.com\/wp-content\/uploads\/2020\/03\/3dvikings-logo-karge-white.jpg\",\"contentUrl\":\"https:\/\/3dvikingsstore.com\/wp-content\/uploads\/2020\/03\/3dvikings-logo-karge-white.jpg\",\"width\":800,\"height\":800,\"caption\":\"3D Vikings Store\"},\"image\":{\"@id\":\"https:\/\/3dvikingsstore.com\/pl\/#\/schema\/logo\/image\/\"}}]}<\/script>\n<!-- \/ Yoast SEO Premium plugin. -->","yoast_head_json":{"title":"Stojak na s\u0142uchawki Darth Maul: Obejmij Ciemn\u0105 Stron\u0119","description":"Uwolnij moc Sith\u00f3w i ulepsz swoj\u0105 konfiguracj\u0119 audio dzi\u0119ki najlepszemu stra\u017cnikowi s\u0142uchawek - Darthowi Maulowi!","robots":{"index":"index","follow":"follow","max-snippet":"max-snippet:-1","max-image-preview":"max-image-preview:large","max-video-preview":"max-video-preview:-1"},"canonical":"https:\/\/3dvikingsstore.com\/pl\/shop\/the-force-awaits-stojak-na-sluchawki-cal-kestis-copy\/","og_locale":"pl_PL","og_type":"article","og_title":"Stojak na s\u0142uchawki Darth Maul: Obejmij Ciemn\u0105 Stron\u0119","og_description":"Uwolnij moc Sith\u00f3w i ulepsz swoj\u0105 konfiguracj\u0119 audio dzi\u0119ki najlepszemu stra\u017cnikowi s\u0142uchawek - Darthowi Maulowi!","og_url":"https:\/\/3dvikingsstore.com\/pl\/shop\/the-force-awaits-stojak-na-sluchawki-cal-kestis-copy\/","og_site_name":"3D Vikings Store","article_modified_time":"2024-03-04T11:19:03+00:00","og_image":[{"width":1024,"height":1024,"url":"https:\/\/3dvikingsstore.com\/wp-content\/uploads\/2024\/03\/Maul-1-1024x1024.png","type":"image\/png"}],"twitter_card":"summary_large_image","twitter_misc":{"Szacowany czas czytania":"1 minuta"},"schema":{"@context":"https:\/\/schema.org","@graph":[{"@type":["WebPage","ItemPage"],"@id":"https:\/\/3dvikingsstore.com\/pl\/shop\/the-force-awaits-stojak-na-sluchawki-cal-kestis-copy\/","url":"https:\/\/3dvikingsstore.com\/pl\/shop\/the-force-awaits-stojak-na-sluchawki-cal-kestis-copy\/","name":"Stojak na s\u0142uchawki Darth Maul: Obejmij Ciemn\u0105 Stron\u0119","isPartOf":{"@id":"https:\/\/3dvikingsstore.com\/pl\/#website"},"primaryImageOfPage":{"@id":"https:\/\/3dvikingsstore.com\/pl\/shop\/the-force-awaits-stojak-na-sluchawki-cal-kestis-copy\/#primaryimage"},"image":{"@id":"https:\/\/3dvikingsstore.com\/pl\/shop\/the-force-awaits-stojak-na-sluchawki-cal-kestis-copy\/#primaryimage"},"thumbnailUrl":"https:\/\/3dvikingsstore.com\/wp-content\/uploads\/2024\/03\/Maul-1.png","datePublished":"2024-03-04T10:50:08+00:00","dateModified":"2024-03-04T11:19:03+00:00","description":"Uwolnij moc Sith\u00f3w i ulepsz swoj\u0105 konfiguracj\u0119 audio dzi\u0119ki najlepszemu stra\u017cnikowi s\u0142uchawek - Darthowi Maulowi!","breadcrumb":{"@id":"https:\/\/3dvikingsstore.com\/pl\/shop\/the-force-awaits-stojak-na-sluchawki-cal-kestis-copy\/#breadcrumb"},"inLanguage":"pl-PL","potentialAction":[{"@type":"ReadAction","target":["https:\/\/3dvikingsstore.com\/pl\/shop\/the-force-awaits-stojak-na-sluchawki-cal-kestis-copy\/"]}]},{"@type":"ImageObject","inLanguage":"pl-PL","@id":"https:\/\/3dvikingsstore.com\/pl\/shop\/the-force-awaits-stojak-na-sluchawki-cal-kestis-copy\/#primaryimage","url":"https:\/\/3dvikingsstore.com\/wp-content\/uploads\/2024\/03\/Maul-1.png","contentUrl":"https:\/\/3dvikingsstore.com\/wp-content\/uploads\/2024\/03\/Maul-1.png","width":2406,"height":2406},{"@type":"BreadcrumbList","@id":"https:\/\/3dvikingsstore.com\/pl\/shop\/the-force-awaits-stojak-na-sluchawki-cal-kestis-copy\/#breadcrumb","itemListElement":[{"@type":"ListItem","position":1,"name":"Home","item":"https:\/\/3dvikingsstore.com\/pl\/"},{"@type":"ListItem","position":2,"name":"Shop","item":"https:\/\/3dvikingsstore.com\/shop\/"},{"@type":"ListItem","position":3,"name":"Stojak na s\u0142uchawki Darth Maul: Obejmij Ciemn\u0105 Stron\u0119"}]},{"@type":"WebSite","@id":"https:\/\/3dvikingsstore.com\/pl\/#website","url":"https:\/\/3dvikingsstore.com\/pl\/","name":"3D Vikings Store","description":"Dekoracje i Akcesoria do Gier Planszowych i Sto\u0142owych","publisher":{"@id":"https:\/\/3dvikingsstore.com\/pl\/#organization"},"potentialAction":[{"@type":"SearchAction","target":{"@type":"EntryPoint","urlTemplate":"https:\/\/3dvikingsstore.com\/pl\/?s={search_term_string}"},"query-input":"required name=search_term_string"}],"inLanguage":"pl-PL"},{"@type":"Organization","@id":"https:\/\/3dvikingsstore.com\/pl\/#organization","name":"3D Vikings Store","url":"https:\/\/3dvikingsstore.com\/pl\/","logo":{"@type":"ImageObject","inLanguage":"pl-PL","@id":"https:\/\/3dvikingsstore.com\/pl\/#\/schema\/logo\/image\/","url":"https:\/\/3dvikingsstore.com\/wp-content\/uploads\/2020\/03\/3dvikings-logo-karge-white.jpg","contentUrl":"https:\/\/3dvikingsstore.com\/wp-content\/uploads\/2020\/03\/3dvikings-logo-karge-white.jpg","width":800,"height":800,"caption":"3D Vikings Store"},"image":{"@id":"https:\/\/3dvikingsstore.com\/pl\/#\/schema\/logo\/image\/"}}]}},"_links":{"self":[{"href":"https:\/\/3dvikingsstore.com\/pl\/wp-json\/wp\/v2\/product\/18989"}],"collection":[{"href":"https:\/\/3dvikingsstore.com\/pl\/wp-json\/wp\/v2\/product"}],"about":[{"href":"https:\/\/3dvikingsstore.com\/pl\/wp-json\/wp\/v2\/types\/product"}],"replies":[{"embeddable":true,"href":"https:\/\/3dvikingsstore.com\/pl\/wp-json\/wp\/v2\/comments?post=18989"}],"version-history":[{"count":2,"href":"https:\/\/3dvikingsstore.com\/pl\/wp-json\/wp\/v2\/product\/18989\/revisions"}],"predecessor-version":[{"id":19009,"href":"https:\/\/3dvikingsstore.com\/pl\/wp-json\/wp\/v2\/product\/18989\/revisions\/19009"}],"wp:featuredmedia":[{"embeddable":true,"href":"https:\/\/3dvikingsstore.com\/pl\/wp-json\/wp\/v2\/media\/19004"}],"wp:attachment":[{"href":"https:\/\/3dvikingsstore.com\/pl\/wp-json\/wp\/v2\/media?parent=18989"}],"wp:term":[{"taxonomy":"product_cat","embeddable":true,"href":"https:\/\/3dvikingsstore.com\/pl\/wp-json\/wp\/v2\/product_cat?post=18989"},{"taxonomy":"product_tag","embeddable":true,"href":"https:\/\/3dvikingsstore.com\/pl\/wp-json\/wp\/v2\/product_tag?post=18989"}],"curies":[{"name":"wp","href":"https:\/\/api.w.org\/{rel}","templated":true}]}}