{"id":18966,"date":"2024-03-04T12:31:12","date_gmt":"2024-03-04T10:31:12","guid":{"rendered":"https:\/\/3dvikingsstore.com\/?post_type=product&#038;p=18966"},"modified":"2024-03-04T13:19:29","modified_gmt":"2024-03-04T11:19:29","slug":"stojak-na-sluchawki-cal-kestis","status":"publish","type":"product","link":"https:\/\/3dvikingsstore.com\/pl\/shop\/stojak-na-sluchawki-cal-kestis\/","title":{"rendered":"Moc czeka: Stojak na s\u0142uchawki Cala Kestisa"},"content":{"rendered":"<p>Fani Gwiezdnych Wojen \u0142\u0105czcie si\u0119! Chro\u0144 sw\u00f3j sprz\u0119t audio w prawdziwym stylu Jedi dzi\u0119ki temu niesamowitemu stojakowi na s\u0142uchawki Cal Kestis. Niezale\u017cnie od tego, czy jeste\u015b g\u0142\u0119boko zaanga\u017cowany w jego histori\u0119 z Jedi: Fallen Order lub po prostu doceniasz odwa\u017cnego bohatera, ta podstawka doda fajnego akcentu Gwiezdnych Wojen do ka\u017cdego biurka lub zestawu do gier.<\/p>\n<p><strong>Wcielone skupienie Jedi<\/strong><\/p>\n<p>To niezwykle szczeg\u00f3\u0142owe plastikowe popiersie oddaje cich\u0105 determinacj\u0119 i niezachwianego ducha Cala Kestisa. Jego realistyczne cechy, od skupionego spojrzenia po subtelne warunki pogodowe podczas podr\u00f3\u017cy, sprawiaj\u0105, \u017ce ten stojak jest jak kawa\u0142ek wszech\u015bwiata Gwiezdnych Wojen o\u017cywiony.<\/p>\n<p><strong>Chro\u0144 sw\u00f3j sprz\u0119t, pokonaj imperium (spl\u0105tanych kabli)<\/strong><\/p>\n<p>Zainspirowany jego pe\u0142n\u0105 przyg\u00f3d \u015bcie\u017ck\u0105, ten stojak zapewnia bezpiecze\u0144stwo i porz\u0105dek s\u0142uchawkom. Koniec z szukaniem spl\u0105tanych kabli lub ryzykowaniem uszkodzenia ulubionego zestawu s\u0142uchawkowego &#8211; Cal ci\u0119 wspiera! Po\u0142\u00f3\u017c s\u0142uchawki na jego ramionach, przekazuj\u0105c Moc, aby skupi\u0107 si\u0119 na pracy, grach lub po prostu cieszy\u0107 si\u0119 \u015bwietn\u0105 muzyk\u0105.<\/p>\n<p><strong>Do\u0142\u0105cz do buntu przeciwko nudnym akcesoriom biurkowym<\/strong><\/p>\n<p>Porzu\u0107 zwyczajno\u015b\u0107 i ulepsz swoj\u0105 przestrze\u0144 dzi\u0119ki stojakowi na s\u0142uchawki Cal Kestis. To fantastyczny pocz\u0105tek rozmowy, celebruje fascynuj\u0105c\u0105 posta\u0107 z Gwiezdnych Wojen i pokazuje, \u017ce masz \u015bwietny gust zar\u00f3wno je\u015bli chodzi o bohater\u00f3w, jak i s\u0142uchawki.<\/p>\n","protected":false},"excerpt":{"rendered":"<p data-sourcepos=\"9:1-9:39\">Fani Gwiezdnych Wojen \u0142\u0105czcie si\u0119! Chro\u0144 sw\u00f3j sprz\u0119t audio w prawdziwym stylu Jedi dzi\u0119ki temu niesamowitemu stojakowi na s\u0142uchawki Cal Kestis. Niezale\u017cnie od tego, czy jeste\u015b g\u0142\u0119boko zaanga\u017cowany w jego histori\u0119 z Jedi: Fallen Order lub po prostu doceniasz odwa\u017cnego bohatera, ta podstawka doda fajnego akcentu Gwiezdnych Wojen do ka\u017cdego biurka lub zestawu do gier.<\/p>\n","protected":false},"featured_media":18969,"comment_status":"open","ping_status":"closed","template":"","meta":[],"product_cat":[3426],"product_tag":[],"yoast_head":"<!-- This site is optimized with the Yoast SEO Premium plugin v22.9 (Yoast SEO v22.9) - https:\/\/yoast.com\/wordpress\/plugins\/seo\/ -->\n<title>Moc czeka: Stojak na s\u0142uchawki Cala Kestisa<\/title>\n<meta name=\"description\" content=\"Fani Gwiezdnych Wojen \u0142\u0105czcie si\u0119! Chro\u0144 sw\u00f3j sprz\u0119t audio w prawdziwym stylu Jedi dzi\u0119ki temu niesamowitemu stojakowi na s\u0142uchawki Cal Kestis.\" \/>\n<meta name=\"robots\" content=\"index, follow, max-snippet:-1, max-image-preview:large, max-video-preview:-1\" \/>\n<link rel=\"canonical\" href=\"https:\/\/3dvikingsstore.com\/pl\/shop\/stojak-na-sluchawki-cal-kestis\/\" \/>\n<meta property=\"og:locale\" content=\"pl_PL\" \/>\n<meta property=\"og:type\" content=\"article\" \/>\n<meta property=\"og:title\" content=\"Moc czeka: Stojak na s\u0142uchawki Cala Kestisa\" \/>\n<meta property=\"og:description\" content=\"Fani Gwiezdnych Wojen \u0142\u0105czcie si\u0119! Chro\u0144 sw\u00f3j sprz\u0119t audio w prawdziwym stylu Jedi dzi\u0119ki temu niesamowitemu stojakowi na s\u0142uchawki Cal Kestis.\" \/>\n<meta property=\"og:url\" content=\"https:\/\/3dvikingsstore.com\/pl\/shop\/stojak-na-sluchawki-cal-kestis\/\" \/>\n<meta property=\"og:site_name\" content=\"3D Vikings Store\" \/>\n<meta property=\"article:modified_time\" content=\"2024-03-04T11:19:29+00:00\" \/>\n<meta property=\"og:image\" content=\"https:\/\/3dvikingsstore.com\/wp-content\/uploads\/2024\/03\/Kal-Cestis-h.stand-1-1024x1024.png\" \/>\n\t<meta property=\"og:image:width\" content=\"1024\" \/>\n\t<meta property=\"og:image:height\" content=\"1024\" \/>\n\t<meta property=\"og:image:type\" content=\"image\/png\" \/>\n<meta name=\"twitter:card\" content=\"summary_large_image\" \/>\n<meta name=\"twitter:label1\" content=\"Szacowany czas czytania\" \/>\n\t<meta name=\"twitter:data1\" content=\"2 minuty\" \/>\n<script type=\"application\/ld+json\" class=\"yoast-schema-graph\">{\"@context\":\"https:\/\/schema.org\",\"@graph\":[{\"@type\":[\"WebPage\",\"ItemPage\"],\"@id\":\"https:\/\/3dvikingsstore.com\/pl\/shop\/stojak-na-sluchawki-cal-kestis\/\",\"url\":\"https:\/\/3dvikingsstore.com\/pl\/shop\/stojak-na-sluchawki-cal-kestis\/\",\"name\":\"Moc czeka: Stojak na s\u0142uchawki Cala Kestisa\",\"isPartOf\":{\"@id\":\"https:\/\/3dvikingsstore.com\/pl\/#website\"},\"primaryImageOfPage\":{\"@id\":\"https:\/\/3dvikingsstore.com\/pl\/shop\/stojak-na-sluchawki-cal-kestis\/#primaryimage\"},\"image\":{\"@id\":\"https:\/\/3dvikingsstore.com\/pl\/shop\/stojak-na-sluchawki-cal-kestis\/#primaryimage\"},\"thumbnailUrl\":\"https:\/\/3dvikingsstore.com\/wp-content\/uploads\/2024\/03\/Kal-Cestis-h.stand-1.png\",\"datePublished\":\"2024-03-04T10:31:12+00:00\",\"dateModified\":\"2024-03-04T11:19:29+00:00\",\"description\":\"Fani Gwiezdnych Wojen \u0142\u0105czcie si\u0119! Chro\u0144 sw\u00f3j sprz\u0119t audio w prawdziwym stylu Jedi dzi\u0119ki temu niesamowitemu stojakowi na s\u0142uchawki Cal Kestis.\",\"breadcrumb\":{\"@id\":\"https:\/\/3dvikingsstore.com\/pl\/shop\/stojak-na-sluchawki-cal-kestis\/#breadcrumb\"},\"inLanguage\":\"pl-PL\",\"potentialAction\":[{\"@type\":\"ReadAction\",\"target\":[\"https:\/\/3dvikingsstore.com\/pl\/shop\/stojak-na-sluchawki-cal-kestis\/\"]}]},{\"@type\":\"ImageObject\",\"inLanguage\":\"pl-PL\",\"@id\":\"https:\/\/3dvikingsstore.com\/pl\/shop\/stojak-na-sluchawki-cal-kestis\/#primaryimage\",\"url\":\"https:\/\/3dvikingsstore.com\/wp-content\/uploads\/2024\/03\/Kal-Cestis-h.stand-1.png\",\"contentUrl\":\"https:\/\/3dvikingsstore.com\/wp-content\/uploads\/2024\/03\/Kal-Cestis-h.stand-1.png\",\"width\":2335,\"height\":2335},{\"@type\":\"BreadcrumbList\",\"@id\":\"https:\/\/3dvikingsstore.com\/pl\/shop\/stojak-na-sluchawki-cal-kestis\/#breadcrumb\",\"itemListElement\":[{\"@type\":\"ListItem\",\"position\":1,\"name\":\"Home\",\"item\":\"https:\/\/3dvikingsstore.com\/pl\/\"},{\"@type\":\"ListItem\",\"position\":2,\"name\":\"Shop\",\"item\":\"https:\/\/3dvikingsstore.com\/shop\/\"},{\"@type\":\"ListItem\",\"position\":3,\"name\":\"Moc czeka: Stojak na s\u0142uchawki Cala Kestisa\"}]},{\"@type\":\"WebSite\",\"@id\":\"https:\/\/3dvikingsstore.com\/pl\/#website\",\"url\":\"https:\/\/3dvikingsstore.com\/pl\/\",\"name\":\"3D Vikings Store\",\"description\":\"Dekoracje i Akcesoria do Gier Planszowych i Sto\u0142owych\",\"publisher\":{\"@id\":\"https:\/\/3dvikingsstore.com\/pl\/#organization\"},\"potentialAction\":[{\"@type\":\"SearchAction\",\"target\":{\"@type\":\"EntryPoint\",\"urlTemplate\":\"https:\/\/3dvikingsstore.com\/pl\/?s={search_term_string}\"},\"query-input\":\"required name=search_term_string\"}],\"inLanguage\":\"pl-PL\"},{\"@type\":\"Organization\",\"@id\":\"https:\/\/3dvikingsstore.com\/pl\/#organization\",\"name\":\"3D Vikings Store\",\"url\":\"https:\/\/3dvikingsstore.com\/pl\/\",\"logo\":{\"@type\":\"ImageObject\",\"inLanguage\":\"pl-PL\",\"@id\":\"https:\/\/3dvikingsstore.com\/pl\/#\/schema\/logo\/image\/\",\"url\":\"https:\/\/3dvikingsstore.com\/wp-content\/uploads\/2020\/03\/3dvikings-logo-karge-white.jpg\",\"contentUrl\":\"https:\/\/3dvikingsstore.com\/wp-content\/uploads\/2020\/03\/3dvikings-logo-karge-white.jpg\",\"width\":800,\"height\":800,\"caption\":\"3D Vikings Store\"},\"image\":{\"@id\":\"https:\/\/3dvikingsstore.com\/pl\/#\/schema\/logo\/image\/\"}}]}<\/script>\n<!-- \/ Yoast SEO Premium plugin. -->","yoast_head_json":{"title":"Moc czeka: Stojak na s\u0142uchawki Cala Kestisa","description":"Fani Gwiezdnych Wojen \u0142\u0105czcie si\u0119! Chro\u0144 sw\u00f3j sprz\u0119t audio w prawdziwym stylu Jedi dzi\u0119ki temu niesamowitemu stojakowi na s\u0142uchawki Cal Kestis.","robots":{"index":"index","follow":"follow","max-snippet":"max-snippet:-1","max-image-preview":"max-image-preview:large","max-video-preview":"max-video-preview:-1"},"canonical":"https:\/\/3dvikingsstore.com\/pl\/shop\/stojak-na-sluchawki-cal-kestis\/","og_locale":"pl_PL","og_type":"article","og_title":"Moc czeka: Stojak na s\u0142uchawki Cala Kestisa","og_description":"Fani Gwiezdnych Wojen \u0142\u0105czcie si\u0119! Chro\u0144 sw\u00f3j sprz\u0119t audio w prawdziwym stylu Jedi dzi\u0119ki temu niesamowitemu stojakowi na s\u0142uchawki Cal Kestis.","og_url":"https:\/\/3dvikingsstore.com\/pl\/shop\/stojak-na-sluchawki-cal-kestis\/","og_site_name":"3D Vikings Store","article_modified_time":"2024-03-04T11:19:29+00:00","og_image":[{"width":1024,"height":1024,"url":"https:\/\/3dvikingsstore.com\/wp-content\/uploads\/2024\/03\/Kal-Cestis-h.stand-1-1024x1024.png","type":"image\/png"}],"twitter_card":"summary_large_image","twitter_misc":{"Szacowany czas czytania":"2 minuty"},"schema":{"@context":"https:\/\/schema.org","@graph":[{"@type":["WebPage","ItemPage"],"@id":"https:\/\/3dvikingsstore.com\/pl\/shop\/stojak-na-sluchawki-cal-kestis\/","url":"https:\/\/3dvikingsstore.com\/pl\/shop\/stojak-na-sluchawki-cal-kestis\/","name":"Moc czeka: Stojak na s\u0142uchawki Cala Kestisa","isPartOf":{"@id":"https:\/\/3dvikingsstore.com\/pl\/#website"},"primaryImageOfPage":{"@id":"https:\/\/3dvikingsstore.com\/pl\/shop\/stojak-na-sluchawki-cal-kestis\/#primaryimage"},"image":{"@id":"https:\/\/3dvikingsstore.com\/pl\/shop\/stojak-na-sluchawki-cal-kestis\/#primaryimage"},"thumbnailUrl":"https:\/\/3dvikingsstore.com\/wp-content\/uploads\/2024\/03\/Kal-Cestis-h.stand-1.png","datePublished":"2024-03-04T10:31:12+00:00","dateModified":"2024-03-04T11:19:29+00:00","description":"Fani Gwiezdnych Wojen \u0142\u0105czcie si\u0119! Chro\u0144 sw\u00f3j sprz\u0119t audio w prawdziwym stylu Jedi dzi\u0119ki temu niesamowitemu stojakowi na s\u0142uchawki Cal Kestis.","breadcrumb":{"@id":"https:\/\/3dvikingsstore.com\/pl\/shop\/stojak-na-sluchawki-cal-kestis\/#breadcrumb"},"inLanguage":"pl-PL","potentialAction":[{"@type":"ReadAction","target":["https:\/\/3dvikingsstore.com\/pl\/shop\/stojak-na-sluchawki-cal-kestis\/"]}]},{"@type":"ImageObject","inLanguage":"pl-PL","@id":"https:\/\/3dvikingsstore.com\/pl\/shop\/stojak-na-sluchawki-cal-kestis\/#primaryimage","url":"https:\/\/3dvikingsstore.com\/wp-content\/uploads\/2024\/03\/Kal-Cestis-h.stand-1.png","contentUrl":"https:\/\/3dvikingsstore.com\/wp-content\/uploads\/2024\/03\/Kal-Cestis-h.stand-1.png","width":2335,"height":2335},{"@type":"BreadcrumbList","@id":"https:\/\/3dvikingsstore.com\/pl\/shop\/stojak-na-sluchawki-cal-kestis\/#breadcrumb","itemListElement":[{"@type":"ListItem","position":1,"name":"Home","item":"https:\/\/3dvikingsstore.com\/pl\/"},{"@type":"ListItem","position":2,"name":"Shop","item":"https:\/\/3dvikingsstore.com\/shop\/"},{"@type":"ListItem","position":3,"name":"Moc czeka: Stojak na s\u0142uchawki Cala Kestisa"}]},{"@type":"WebSite","@id":"https:\/\/3dvikingsstore.com\/pl\/#website","url":"https:\/\/3dvikingsstore.com\/pl\/","name":"3D Vikings Store","description":"Dekoracje i Akcesoria do Gier Planszowych i Sto\u0142owych","publisher":{"@id":"https:\/\/3dvikingsstore.com\/pl\/#organization"},"potentialAction":[{"@type":"SearchAction","target":{"@type":"EntryPoint","urlTemplate":"https:\/\/3dvikingsstore.com\/pl\/?s={search_term_string}"},"query-input":"required name=search_term_string"}],"inLanguage":"pl-PL"},{"@type":"Organization","@id":"https:\/\/3dvikingsstore.com\/pl\/#organization","name":"3D Vikings Store","url":"https:\/\/3dvikingsstore.com\/pl\/","logo":{"@type":"ImageObject","inLanguage":"pl-PL","@id":"https:\/\/3dvikingsstore.com\/pl\/#\/schema\/logo\/image\/","url":"https:\/\/3dvikingsstore.com\/wp-content\/uploads\/2020\/03\/3dvikings-logo-karge-white.jpg","contentUrl":"https:\/\/3dvikingsstore.com\/wp-content\/uploads\/2020\/03\/3dvikings-logo-karge-white.jpg","width":800,"height":800,"caption":"3D Vikings Store"},"image":{"@id":"https:\/\/3dvikingsstore.com\/pl\/#\/schema\/logo\/image\/"}}]}},"_links":{"self":[{"href":"https:\/\/3dvikingsstore.com\/pl\/wp-json\/wp\/v2\/product\/18966"}],"collection":[{"href":"https:\/\/3dvikingsstore.com\/pl\/wp-json\/wp\/v2\/product"}],"about":[{"href":"https:\/\/3dvikingsstore.com\/pl\/wp-json\/wp\/v2\/types\/product"}],"replies":[{"embeddable":true,"href":"https:\/\/3dvikingsstore.com\/pl\/wp-json\/wp\/v2\/comments?post=18966"}],"version-history":[{"count":3,"href":"https:\/\/3dvikingsstore.com\/pl\/wp-json\/wp\/v2\/product\/18966\/revisions"}],"predecessor-version":[{"id":19008,"href":"https:\/\/3dvikingsstore.com\/pl\/wp-json\/wp\/v2\/product\/18966\/revisions\/19008"}],"wp:featuredmedia":[{"embeddable":true,"href":"https:\/\/3dvikingsstore.com\/pl\/wp-json\/wp\/v2\/media\/18969"}],"wp:attachment":[{"href":"https:\/\/3dvikingsstore.com\/pl\/wp-json\/wp\/v2\/media?parent=18966"}],"wp:term":[{"taxonomy":"product_cat","embeddable":true,"href":"https:\/\/3dvikingsstore.com\/pl\/wp-json\/wp\/v2\/product_cat?post=18966"},{"taxonomy":"product_tag","embeddable":true,"href":"https:\/\/3dvikingsstore.com\/pl\/wp-json\/wp\/v2\/product_tag?post=18966"}],"curies":[{"name":"wp","href":"https:\/\/api.w.org\/{rel}","templated":true}]}}