{"id":18943,"date":"2024-03-04T11:59:38","date_gmt":"2024-03-04T09:59:38","guid":{"rendered":"https:\/\/3dvikingsstore.com\/?post_type=product&#038;p=18943"},"modified":"2024-03-04T13:19:39","modified_gmt":"2024-03-04T11:19:39","slug":"stojak-na-sluchawki-john-wick","status":"publish","type":"product","link":"https:\/\/3dvikingsstore.com\/pl\/shop\/stojak-na-sluchawki-john-wick\/","title":{"rendered":"Stojak na s\u0142uchawki John Wick (Keanu Reeves) &#8211; chro\u0144 sw\u00f3j sprz\u0119t w stylu zab\u00f3jcy"},"content":{"rendered":"<p><strong>&#8222;Baba Jaga ci\u0119 wspiera&#8230; i twoje s\u0142uchawki!&#8221; &#8211; Stojak na s\u0142uchawki John Wick<\/strong><\/p>\n<p>Zapomnij o nudnych, standardowych stojakach na s\u0142uchawki &#8211; nadszed\u0142 czas, aby legendarny zab\u00f3jca zadba\u0142 o bezpiecze\u0144stwo i styl sprz\u0119tu audio! Ten jedyny w swoim rodzaju stojak na s\u0142uchawki John Wick przedstawia cz\u0142owieka, mit, g\u0142ow\u0119 Baby Jagi (Keanu Reeves, oczywi\u015bcie) gotow\u0105 strzec twoich cennych s\u0142uchawek.<\/p>\n<p><strong>&#8222;Czekaj&#8230; Czy to g\u0142owa Johna Wicka na moim biurku?&#8221;<\/strong><\/p>\n<p>Tak! To szczeg\u00f3\u0142owe plastikowe popiersie wygl\u0105da, jakby zosta\u0142o teleportowane prosto z hotelu Continental. Ma wszystkie niezb\u0119dne elementy Johna Wicka: stoicki wyraz twarzy, idealnie zmierzwione w\u0142osy, mo\u017ce nawet odrobin\u0119 blizny bojowej. Wymiary 15 cm (szer.) x 18 cm (d\u0142.) x 21 cm (wys.) sprawiaj\u0105, \u017ce jest wystarczaj\u0105co onie\u015bmielaj\u0105cy, aby odstraszy\u0107 ka\u017cdego, kto o\u015bmieli\u0142by si\u0119 ingerowa\u0107 w twoj\u0105 konfiguracj\u0119 muzyczn\u0105.<\/p>\n<p><strong>Wi\u0119cej ni\u017c tylko \u0142adna buzia (nawet je\u015bli to twarz Keanu Reevesa)<\/strong><\/p>\n<p>Oczywi\u015bcie, ten stojak dodaje powa\u017cn\u0105 dawk\u0119 niesamowito\u015bci do biurka, ale jest te\u017c praktyczny! Wytrzyma\u0142a g\u0142owica Johna (zaskakuj\u0105co wytrzyma\u0142a jak na zaledwie 300 gram\u00f3w!) utrzymuje te drogie s\u0142uchawki z dala od pod\u0142ogi i zapobiega ich spl\u0105taniu. Koniec z gor\u0105czkowymi poszukiwaniami przed sesj\u0105 gamingow\u0105 &#8211; sprz\u0119t jest zawsze gotowy do dzia\u0142ania.<\/p>\n<p><strong>Najlepszy prezent dla fana Johna Wicka<\/strong><\/p>\n<p>Niezale\u017cnie od tego, czy chodzi o ciebie, czy o najwi\u0119kszego fanatyka Wicka, ten stojak na s\u0142uchawki to czyste z\u0142oto dla fan\u00f3w. To zabawny spos\u00f3b na rozpocz\u0119cie rozmowy, \u015bwiadectwo mi\u0142o\u015bci do film\u00f3w i cholernie przydatny spos\u00f3b na pochwalenie si\u0119 swoimi s\u0142uchawkami.<\/p>\n<p><strong>&#8222;Kiedy\u015b chroni\u0142em swoje s\u0142uchawki o\u0142\u00f3wkiem&#8230;&#8221;<\/strong><\/p>\n<p>&#8230;Ale te czasy ju\u017c min\u0119\u0142y. Ulepsz swoje wra\u017cenia d\u017awi\u0119kowe dzi\u0119ki stojakowi na s\u0142uchawki John Wick &#8211; poniewa\u017c czasami przesada JEST najlepszym podej\u015bciem.<\/p>\n","protected":false},"excerpt":{"rendered":"<p data-sourcepos=\"9:1-9:39\">Zapomnij o nudnych, standardowych stojakach na s\u0142uchawki &#8211; nadszed\u0142 czas, aby legendarny zab\u00f3jca zadba\u0142 o bezpiecze\u0144stwo i styl sprz\u0119tu audio! Ten jedyny w swoim rodzaju stojak na s\u0142uchawki John Wick przedstawia cz\u0142owieka, mit, g\u0142ow\u0119 Baby Jagi (Keanu Reeves, oczywi\u015bcie) gotow\u0105 strzec twoich cennych s\u0142uchawek.<\/p>\n","protected":false},"featured_media":18946,"comment_status":"open","ping_status":"closed","template":"","meta":[],"product_cat":[3426],"product_tag":[],"yoast_head":"<!-- This site is optimized with the Yoast SEO Premium plugin v22.9 (Yoast SEO v22.9) - https:\/\/yoast.com\/wordpress\/plugins\/seo\/ -->\n<title>Stojak na s\u0142uchawki John Wick - chro\u0144 sw\u00f3j sprz\u0119t w stylu zab\u00f3jcy<\/title>\n<meta name=\"description\" content=\"Zapomnij o nudnych, standardowych stojakach na s\u0142uchawki - nadszed\u0142 czas, aby legendarny zab\u00f3jca zadba\u0142 o bezpiecze\u0144stwo i styl sprz\u0119tu audio!\" \/>\n<meta name=\"robots\" content=\"index, follow, max-snippet:-1, max-image-preview:large, max-video-preview:-1\" \/>\n<link rel=\"canonical\" href=\"https:\/\/3dvikingsstore.com\/pl\/shop\/stojak-na-sluchawki-john-wick\/\" \/>\n<meta property=\"og:locale\" content=\"pl_PL\" \/>\n<meta property=\"og:type\" content=\"article\" \/>\n<meta property=\"og:title\" content=\"Stojak na s\u0142uchawki John Wick (Keanu Reeves) - chro\u0144 sw\u00f3j sprz\u0119t w stylu zab\u00f3jcy\" \/>\n<meta property=\"og:description\" content=\"Zapomnij o nudnych, standardowych stojakach na s\u0142uchawki - nadszed\u0142 czas, aby legendarny zab\u00f3jca zadba\u0142 o bezpiecze\u0144stwo i styl sprz\u0119tu audio!\" \/>\n<meta property=\"og:url\" content=\"https:\/\/3dvikingsstore.com\/pl\/shop\/stojak-na-sluchawki-john-wick\/\" \/>\n<meta property=\"og:site_name\" content=\"3D Vikings Store\" \/>\n<meta property=\"article:modified_time\" content=\"2024-03-04T11:19:39+00:00\" \/>\n<meta property=\"og:image\" content=\"https:\/\/3dvikingsstore.com\/wp-content\/uploads\/2024\/03\/John-Wick-1.jpg\" \/>\n\t<meta property=\"og:image:width\" content=\"2446\" \/>\n\t<meta property=\"og:image:height\" content=\"2446\" \/>\n\t<meta property=\"og:image:type\" content=\"image\/jpeg\" \/>\n<meta name=\"twitter:card\" content=\"summary_large_image\" \/>\n<meta name=\"twitter:label1\" content=\"Szacowany czas czytania\" \/>\n\t<meta name=\"twitter:data1\" content=\"2 minuty\" \/>\n<script type=\"application\/ld+json\" class=\"yoast-schema-graph\">{\"@context\":\"https:\/\/schema.org\",\"@graph\":[{\"@type\":[\"WebPage\",\"ItemPage\"],\"@id\":\"https:\/\/3dvikingsstore.com\/pl\/shop\/stojak-na-sluchawki-john-wick\/\",\"url\":\"https:\/\/3dvikingsstore.com\/pl\/shop\/stojak-na-sluchawki-john-wick\/\",\"name\":\"Stojak na s\u0142uchawki John Wick - chro\u0144 sw\u00f3j sprz\u0119t w stylu zab\u00f3jcy\",\"isPartOf\":{\"@id\":\"https:\/\/3dvikingsstore.com\/pl\/#website\"},\"primaryImageOfPage\":{\"@id\":\"https:\/\/3dvikingsstore.com\/pl\/shop\/stojak-na-sluchawki-john-wick\/#primaryimage\"},\"image\":{\"@id\":\"https:\/\/3dvikingsstore.com\/pl\/shop\/stojak-na-sluchawki-john-wick\/#primaryimage\"},\"thumbnailUrl\":\"https:\/\/3dvikingsstore.com\/wp-content\/uploads\/2024\/03\/John-Wick-1.jpg\",\"datePublished\":\"2024-03-04T09:59:38+00:00\",\"dateModified\":\"2024-03-04T11:19:39+00:00\",\"description\":\"Zapomnij o nudnych, standardowych stojakach na s\u0142uchawki - nadszed\u0142 czas, aby legendarny zab\u00f3jca zadba\u0142 o bezpiecze\u0144stwo i styl sprz\u0119tu audio!\",\"breadcrumb\":{\"@id\":\"https:\/\/3dvikingsstore.com\/pl\/shop\/stojak-na-sluchawki-john-wick\/#breadcrumb\"},\"inLanguage\":\"pl-PL\",\"potentialAction\":[{\"@type\":\"ReadAction\",\"target\":[\"https:\/\/3dvikingsstore.com\/pl\/shop\/stojak-na-sluchawki-john-wick\/\"]}]},{\"@type\":\"ImageObject\",\"inLanguage\":\"pl-PL\",\"@id\":\"https:\/\/3dvikingsstore.com\/pl\/shop\/stojak-na-sluchawki-john-wick\/#primaryimage\",\"url\":\"https:\/\/3dvikingsstore.com\/wp-content\/uploads\/2024\/03\/John-Wick-1.jpg\",\"contentUrl\":\"https:\/\/3dvikingsstore.com\/wp-content\/uploads\/2024\/03\/John-Wick-1.jpg\",\"width\":2446,\"height\":2446},{\"@type\":\"BreadcrumbList\",\"@id\":\"https:\/\/3dvikingsstore.com\/pl\/shop\/stojak-na-sluchawki-john-wick\/#breadcrumb\",\"itemListElement\":[{\"@type\":\"ListItem\",\"position\":1,\"name\":\"Home\",\"item\":\"https:\/\/3dvikingsstore.com\/pl\/\"},{\"@type\":\"ListItem\",\"position\":2,\"name\":\"Shop\",\"item\":\"https:\/\/3dvikingsstore.com\/shop\/\"},{\"@type\":\"ListItem\",\"position\":3,\"name\":\"Stojak na s\u0142uchawki John Wick (Keanu Reeves) &#8211; chro\u0144 sw\u00f3j sprz\u0119t w stylu zab\u00f3jcy\"}]},{\"@type\":\"WebSite\",\"@id\":\"https:\/\/3dvikingsstore.com\/pl\/#website\",\"url\":\"https:\/\/3dvikingsstore.com\/pl\/\",\"name\":\"3D Vikings Store\",\"description\":\"Dekoracje i Akcesoria do Gier Planszowych i Sto\u0142owych\",\"publisher\":{\"@id\":\"https:\/\/3dvikingsstore.com\/pl\/#organization\"},\"potentialAction\":[{\"@type\":\"SearchAction\",\"target\":{\"@type\":\"EntryPoint\",\"urlTemplate\":\"https:\/\/3dvikingsstore.com\/pl\/?s={search_term_string}\"},\"query-input\":\"required name=search_term_string\"}],\"inLanguage\":\"pl-PL\"},{\"@type\":\"Organization\",\"@id\":\"https:\/\/3dvikingsstore.com\/pl\/#organization\",\"name\":\"3D Vikings Store\",\"url\":\"https:\/\/3dvikingsstore.com\/pl\/\",\"logo\":{\"@type\":\"ImageObject\",\"inLanguage\":\"pl-PL\",\"@id\":\"https:\/\/3dvikingsstore.com\/pl\/#\/schema\/logo\/image\/\",\"url\":\"https:\/\/3dvikingsstore.com\/wp-content\/uploads\/2020\/03\/3dvikings-logo-karge-white.jpg\",\"contentUrl\":\"https:\/\/3dvikingsstore.com\/wp-content\/uploads\/2020\/03\/3dvikings-logo-karge-white.jpg\",\"width\":800,\"height\":800,\"caption\":\"3D Vikings Store\"},\"image\":{\"@id\":\"https:\/\/3dvikingsstore.com\/pl\/#\/schema\/logo\/image\/\"}}]}<\/script>\n<!-- \/ Yoast SEO Premium plugin. -->","yoast_head_json":{"title":"Stojak na s\u0142uchawki John Wick - chro\u0144 sw\u00f3j sprz\u0119t w stylu zab\u00f3jcy","description":"Zapomnij o nudnych, standardowych stojakach na s\u0142uchawki - nadszed\u0142 czas, aby legendarny zab\u00f3jca zadba\u0142 o bezpiecze\u0144stwo i styl sprz\u0119tu audio!","robots":{"index":"index","follow":"follow","max-snippet":"max-snippet:-1","max-image-preview":"max-image-preview:large","max-video-preview":"max-video-preview:-1"},"canonical":"https:\/\/3dvikingsstore.com\/pl\/shop\/stojak-na-sluchawki-john-wick\/","og_locale":"pl_PL","og_type":"article","og_title":"Stojak na s\u0142uchawki John Wick (Keanu Reeves) - chro\u0144 sw\u00f3j sprz\u0119t w stylu zab\u00f3jcy","og_description":"Zapomnij o nudnych, standardowych stojakach na s\u0142uchawki - nadszed\u0142 czas, aby legendarny zab\u00f3jca zadba\u0142 o bezpiecze\u0144stwo i styl sprz\u0119tu audio!","og_url":"https:\/\/3dvikingsstore.com\/pl\/shop\/stojak-na-sluchawki-john-wick\/","og_site_name":"3D Vikings Store","article_modified_time":"2024-03-04T11:19:39+00:00","og_image":[{"width":2446,"height":2446,"url":"https:\/\/3dvikingsstore.com\/wp-content\/uploads\/2024\/03\/John-Wick-1.jpg","type":"image\/jpeg"}],"twitter_card":"summary_large_image","twitter_misc":{"Szacowany czas czytania":"2 minuty"},"schema":{"@context":"https:\/\/schema.org","@graph":[{"@type":["WebPage","ItemPage"],"@id":"https:\/\/3dvikingsstore.com\/pl\/shop\/stojak-na-sluchawki-john-wick\/","url":"https:\/\/3dvikingsstore.com\/pl\/shop\/stojak-na-sluchawki-john-wick\/","name":"Stojak na s\u0142uchawki John Wick - chro\u0144 sw\u00f3j sprz\u0119t w stylu zab\u00f3jcy","isPartOf":{"@id":"https:\/\/3dvikingsstore.com\/pl\/#website"},"primaryImageOfPage":{"@id":"https:\/\/3dvikingsstore.com\/pl\/shop\/stojak-na-sluchawki-john-wick\/#primaryimage"},"image":{"@id":"https:\/\/3dvikingsstore.com\/pl\/shop\/stojak-na-sluchawki-john-wick\/#primaryimage"},"thumbnailUrl":"https:\/\/3dvikingsstore.com\/wp-content\/uploads\/2024\/03\/John-Wick-1.jpg","datePublished":"2024-03-04T09:59:38+00:00","dateModified":"2024-03-04T11:19:39+00:00","description":"Zapomnij o nudnych, standardowych stojakach na s\u0142uchawki - nadszed\u0142 czas, aby legendarny zab\u00f3jca zadba\u0142 o bezpiecze\u0144stwo i styl sprz\u0119tu audio!","breadcrumb":{"@id":"https:\/\/3dvikingsstore.com\/pl\/shop\/stojak-na-sluchawki-john-wick\/#breadcrumb"},"inLanguage":"pl-PL","potentialAction":[{"@type":"ReadAction","target":["https:\/\/3dvikingsstore.com\/pl\/shop\/stojak-na-sluchawki-john-wick\/"]}]},{"@type":"ImageObject","inLanguage":"pl-PL","@id":"https:\/\/3dvikingsstore.com\/pl\/shop\/stojak-na-sluchawki-john-wick\/#primaryimage","url":"https:\/\/3dvikingsstore.com\/wp-content\/uploads\/2024\/03\/John-Wick-1.jpg","contentUrl":"https:\/\/3dvikingsstore.com\/wp-content\/uploads\/2024\/03\/John-Wick-1.jpg","width":2446,"height":2446},{"@type":"BreadcrumbList","@id":"https:\/\/3dvikingsstore.com\/pl\/shop\/stojak-na-sluchawki-john-wick\/#breadcrumb","itemListElement":[{"@type":"ListItem","position":1,"name":"Home","item":"https:\/\/3dvikingsstore.com\/pl\/"},{"@type":"ListItem","position":2,"name":"Shop","item":"https:\/\/3dvikingsstore.com\/shop\/"},{"@type":"ListItem","position":3,"name":"Stojak na s\u0142uchawki John Wick (Keanu Reeves) &#8211; chro\u0144 sw\u00f3j sprz\u0119t w stylu zab\u00f3jcy"}]},{"@type":"WebSite","@id":"https:\/\/3dvikingsstore.com\/pl\/#website","url":"https:\/\/3dvikingsstore.com\/pl\/","name":"3D Vikings Store","description":"Dekoracje i Akcesoria do Gier Planszowych i Sto\u0142owych","publisher":{"@id":"https:\/\/3dvikingsstore.com\/pl\/#organization"},"potentialAction":[{"@type":"SearchAction","target":{"@type":"EntryPoint","urlTemplate":"https:\/\/3dvikingsstore.com\/pl\/?s={search_term_string}"},"query-input":"required name=search_term_string"}],"inLanguage":"pl-PL"},{"@type":"Organization","@id":"https:\/\/3dvikingsstore.com\/pl\/#organization","name":"3D Vikings Store","url":"https:\/\/3dvikingsstore.com\/pl\/","logo":{"@type":"ImageObject","inLanguage":"pl-PL","@id":"https:\/\/3dvikingsstore.com\/pl\/#\/schema\/logo\/image\/","url":"https:\/\/3dvikingsstore.com\/wp-content\/uploads\/2020\/03\/3dvikings-logo-karge-white.jpg","contentUrl":"https:\/\/3dvikingsstore.com\/wp-content\/uploads\/2020\/03\/3dvikings-logo-karge-white.jpg","width":800,"height":800,"caption":"3D Vikings Store"},"image":{"@id":"https:\/\/3dvikingsstore.com\/pl\/#\/schema\/logo\/image\/"}}]}},"_links":{"self":[{"href":"https:\/\/3dvikingsstore.com\/pl\/wp-json\/wp\/v2\/product\/18943"}],"collection":[{"href":"https:\/\/3dvikingsstore.com\/pl\/wp-json\/wp\/v2\/product"}],"about":[{"href":"https:\/\/3dvikingsstore.com\/pl\/wp-json\/wp\/v2\/types\/product"}],"replies":[{"embeddable":true,"href":"https:\/\/3dvikingsstore.com\/pl\/wp-json\/wp\/v2\/comments?post=18943"}],"version-history":[{"count":2,"href":"https:\/\/3dvikingsstore.com\/pl\/wp-json\/wp\/v2\/product\/18943\/revisions"}],"predecessor-version":[{"id":18962,"href":"https:\/\/3dvikingsstore.com\/pl\/wp-json\/wp\/v2\/product\/18943\/revisions\/18962"}],"wp:featuredmedia":[{"embeddable":true,"href":"https:\/\/3dvikingsstore.com\/pl\/wp-json\/wp\/v2\/media\/18946"}],"wp:attachment":[{"href":"https:\/\/3dvikingsstore.com\/pl\/wp-json\/wp\/v2\/media?parent=18943"}],"wp:term":[{"taxonomy":"product_cat","embeddable":true,"href":"https:\/\/3dvikingsstore.com\/pl\/wp-json\/wp\/v2\/product_cat?post=18943"},{"taxonomy":"product_tag","embeddable":true,"href":"https:\/\/3dvikingsstore.com\/pl\/wp-json\/wp\/v2\/product_tag?post=18943"}],"curies":[{"name":"wp","href":"https:\/\/api.w.org\/{rel}","templated":true}]}}