{"id":18935,"date":"2020-03-01T02:58:18","date_gmt":"2020-03-01T00:58:18","guid":{"rendered":"https:\/\/3dvikingsstore.com\/shop\/dwupoziomowe-ruiny-fantasy-nadajace-sie-do-scenariuszy-sredniowiecznych-lub-fantasy-28-mm\/"},"modified":"2025-10-29T04:11:48","modified_gmt":"2025-10-29T02:11:48","slug":"dwupoziomowe-ruiny-fantasy-nadajace-sie-do-scenariuszy-sredniowiecznych-lub-fantasy-28-mm","status":"publish","type":"product","link":"https:\/\/3dvikingsstore.com\/pl\/shop\/dwupoziomowe-ruiny-fantasy-nadajace-sie-do-scenariuszy-sredniowiecznych-lub-fantasy-28-mm\/","title":{"rendered":"Dwupoziomowe ruiny fantasy nadaj\u0105ce si\u0119 do scenariuszy \u015bredniowiecznych lub fantasy 28 mm"},"content":{"rendered":"<p><strong>Dwupoziomowe ruiny fantasy<\/strong>, odpowiednie do scenariuszy \u015bredniowiecznych lub fantasy w skali 28 mm! Ruiny te zosta\u0142y zaprojektowane tak, aby wygl\u0105da\u0142y jak stare ceglane budynki, kt\u00f3re zosta\u0142y cz\u0119\u015bciowo zniszczone przez czas, pogod\u0119 lub wojn\u0119. Maj\u0105 okna, drzwi, \u0142uki i schody, kt\u00f3re tworz\u0105 dynamiczny i interesuj\u0105cy teren dla twoich figurek. Mo\u017cna ich u\u017cywa\u0107 do tworzenia scen eksploracji, walki lub skradania si\u0119 w r\u00f3\u017cnych sceneriach, takich jak staro\u017cytne \u015bwi\u0105tynie, nawiedzone zamki lub rozdarte wojn\u0105 wioski.<\/p>\n<p>Ruiny sk\u0142adaj\u0105 si\u0119 z dw\u00f3ch cz\u0119\u015bci, kt\u00f3re mo\u017cna \u0142atwo przymocowa\u0107 lub od\u0142\u0105czy\u0107, co daje mo\u017cliwo\u015b\u0107 zmiany uk\u0142adu i wysoko\u015bci konstrukcji. Mo\u017cna je r\u00f3wnie\u017c \u0142\u0105czy\u0107 z innymi elementami scenerii, aby tworzy\u0107 wi\u0119ksze i bardziej z\u0142o\u017cone \u015brodowiska. Ruiny s\u0105 wykonane z wysokiej jako\u015bci plastiku i <strong>nie s\u0105 pomalowane<\/strong>, wi\u0119c mo\u017cesz uwolni\u0107 swoj\u0105 kreatywno\u015b\u0107 i pomalowa\u0107 je w dowolny spos\u00f3b. Mo\u017cesz tak\u017ce doda\u0107 szczeg\u00f3\u0142y, takie jak mech, winoro\u015bl, gruz lub graffiti, aby uczyni\u0107 je bardziej realistycznymi. Nale\u017cy pami\u0119ta\u0107, \u017ce miniatury pokazane na zdj\u0119ciach nie s\u0105 do\u0142\u0105czone do zestawu, s\u0142u\u017c\u0105 jedynie jako odniesienie do skali.<\/p>\n<p>Zam\u00f3w dwupoziomowe ruiny fantasy ju\u017c teraz i zwi\u0119ksz swoje do\u015bwiadczenie w grach sto\u0142owych!<\/p>\n","protected":false},"excerpt":{"rendered":"<p><strong>Dwupoziomowe ruiny fantasy<\/strong>, odpowiednie do scenariuszy \u015bredniowiecznych lub fantasy w skali 28 mm! Ruiny te zosta\u0142y zaprojektowane tak, aby wygl\u0105da\u0142y jak stare ceglane budynki, kt\u00f3re zosta\u0142y cz\u0119\u015bciowo zniszczone przez czas, pogod\u0119 lub wojn\u0119.<\/p>\n","protected":false},"featured_media":18936,"comment_status":"open","ping_status":"closed","template":"","meta":[],"product_cat":[3138,3137],"product_tag":[3160,3422,3298,3180,3182,3248,3421,3415,3284,3423,3181,3255,3177,3355],"yoast_head":"<!-- This site is optimized with the Yoast SEO Premium plugin v22.9 (Yoast SEO v22.9) - https:\/\/yoast.com\/wordpress\/plugins\/seo\/ -->\n<title>Dwupoziomowe ruiny fantasy nadaj\u0105ce si\u0119 do scenariuszy \u015bredniowiecznych lub fantasy 28 mm<\/title>\n<meta name=\"description\" content=\"Dwupoziomowe ruiny fantasy, odpowiednie do scenariuszy \u015bredniowiecznych lub fantasy w skali 28 mm! Ruiny te zosta\u0142y zaprojektowane tak, aby wygl\u0105da\u0142y jak stare ceglane budynki.\" \/>\n<meta name=\"robots\" content=\"index, follow, max-snippet:-1, max-image-preview:large, max-video-preview:-1\" \/>\n<link rel=\"canonical\" href=\"https:\/\/3dvikingsstore.com\/pl\/shop\/dwupoziomowe-ruiny-fantasy-nadajace-sie-do-scenariuszy-sredniowiecznych-lub-fantasy-28-mm\/\" \/>\n<meta property=\"og:locale\" content=\"pl_PL\" \/>\n<meta property=\"og:type\" content=\"article\" \/>\n<meta property=\"og:title\" content=\"Dwupoziomowe ruiny fantasy nadaj\u0105ce si\u0119 do scenariuszy \u015bredniowiecznych lub fantasy 28 mm\" \/>\n<meta property=\"og:description\" content=\"Dwupoziomowe ruiny fantasy, odpowiednie do scenariuszy \u015bredniowiecznych lub fantasy w skali 28 mm! Ruiny te zosta\u0142y zaprojektowane tak, aby wygl\u0105da\u0142y jak stare ceglane budynki.\" \/>\n<meta property=\"og:url\" content=\"https:\/\/3dvikingsstore.com\/pl\/shop\/dwupoziomowe-ruiny-fantasy-nadajace-sie-do-scenariuszy-sredniowiecznych-lub-fantasy-28-mm\/\" \/>\n<meta property=\"og:site_name\" content=\"3D Vikings Store\" \/>\n<meta property=\"article:modified_time\" content=\"2025-10-29T02:11:48+00:00\" \/>\n<meta property=\"og:image\" content=\"https:\/\/3dvikingsstore.com\/wp-content\/uploads\/2020\/03\/il_794xN.1979787329_dewz.jpg\" \/>\n\t<meta property=\"og:image:width\" content=\"794\" \/>\n\t<meta property=\"og:image:height\" content=\"635\" \/>\n\t<meta property=\"og:image:type\" content=\"image\/jpeg\" \/>\n<meta name=\"twitter:card\" content=\"summary_large_image\" \/>\n<meta name=\"twitter:label1\" content=\"Szacowany czas czytania\" \/>\n\t<meta name=\"twitter:data1\" content=\"1 minuta\" \/>\n<script type=\"application\/ld+json\" class=\"yoast-schema-graph\">{\"@context\":\"https:\/\/schema.org\",\"@graph\":[{\"@type\":[\"WebPage\",\"ItemPage\"],\"@id\":\"https:\/\/3dvikingsstore.com\/pl\/shop\/dwupoziomowe-ruiny-fantasy-nadajace-sie-do-scenariuszy-sredniowiecznych-lub-fantasy-28-mm\/\",\"url\":\"https:\/\/3dvikingsstore.com\/pl\/shop\/dwupoziomowe-ruiny-fantasy-nadajace-sie-do-scenariuszy-sredniowiecznych-lub-fantasy-28-mm\/\",\"name\":\"Dwupoziomowe ruiny fantasy nadaj\u0105ce si\u0119 do scenariuszy \u015bredniowiecznych lub fantasy 28 mm\",\"isPartOf\":{\"@id\":\"https:\/\/3dvikingsstore.com\/pl\/#website\"},\"primaryImageOfPage\":{\"@id\":\"https:\/\/3dvikingsstore.com\/pl\/shop\/dwupoziomowe-ruiny-fantasy-nadajace-sie-do-scenariuszy-sredniowiecznych-lub-fantasy-28-mm\/#primaryimage\"},\"image\":{\"@id\":\"https:\/\/3dvikingsstore.com\/pl\/shop\/dwupoziomowe-ruiny-fantasy-nadajace-sie-do-scenariuszy-sredniowiecznych-lub-fantasy-28-mm\/#primaryimage\"},\"thumbnailUrl\":\"https:\/\/3dvikingsstore.com\/wp-content\/uploads\/2020\/03\/il_794xN.1979787329_dewz.jpg\",\"datePublished\":\"2020-03-01T00:58:18+00:00\",\"dateModified\":\"2025-10-29T02:11:48+00:00\",\"description\":\"Dwupoziomowe ruiny fantasy, odpowiednie do scenariuszy \u015bredniowiecznych lub fantasy w skali 28 mm! Ruiny te zosta\u0142y zaprojektowane tak, aby wygl\u0105da\u0142y jak stare ceglane budynki.\",\"breadcrumb\":{\"@id\":\"https:\/\/3dvikingsstore.com\/pl\/shop\/dwupoziomowe-ruiny-fantasy-nadajace-sie-do-scenariuszy-sredniowiecznych-lub-fantasy-28-mm\/#breadcrumb\"},\"inLanguage\":\"pl-PL\",\"potentialAction\":[{\"@type\":\"ReadAction\",\"target\":[\"https:\/\/3dvikingsstore.com\/pl\/shop\/dwupoziomowe-ruiny-fantasy-nadajace-sie-do-scenariuszy-sredniowiecznych-lub-fantasy-28-mm\/\"]}]},{\"@type\":\"ImageObject\",\"inLanguage\":\"pl-PL\",\"@id\":\"https:\/\/3dvikingsstore.com\/pl\/shop\/dwupoziomowe-ruiny-fantasy-nadajace-sie-do-scenariuszy-sredniowiecznych-lub-fantasy-28-mm\/#primaryimage\",\"url\":\"https:\/\/3dvikingsstore.com\/wp-content\/uploads\/2020\/03\/il_794xN.1979787329_dewz.jpg\",\"contentUrl\":\"https:\/\/3dvikingsstore.com\/wp-content\/uploads\/2020\/03\/il_794xN.1979787329_dewz.jpg\",\"width\":794,\"height\":635},{\"@type\":\"BreadcrumbList\",\"@id\":\"https:\/\/3dvikingsstore.com\/pl\/shop\/dwupoziomowe-ruiny-fantasy-nadajace-sie-do-scenariuszy-sredniowiecznych-lub-fantasy-28-mm\/#breadcrumb\",\"itemListElement\":[{\"@type\":\"ListItem\",\"position\":1,\"name\":\"Home\",\"item\":\"https:\/\/3dvikingsstore.com\/pl\/\"},{\"@type\":\"ListItem\",\"position\":2,\"name\":\"Shop\",\"item\":\"https:\/\/3dvikingsstore.com\/shop\/\"},{\"@type\":\"ListItem\",\"position\":3,\"name\":\"Dwupoziomowe ruiny fantasy nadaj\u0105ce si\u0119 do scenariuszy \u015bredniowiecznych lub fantasy 28 mm\"}]},{\"@type\":\"WebSite\",\"@id\":\"https:\/\/3dvikingsstore.com\/pl\/#website\",\"url\":\"https:\/\/3dvikingsstore.com\/pl\/\",\"name\":\"3D Vikings Store\",\"description\":\"Dekoracje i Akcesoria do Gier Planszowych i Sto\u0142owych\",\"publisher\":{\"@id\":\"https:\/\/3dvikingsstore.com\/pl\/#organization\"},\"potentialAction\":[{\"@type\":\"SearchAction\",\"target\":{\"@type\":\"EntryPoint\",\"urlTemplate\":\"https:\/\/3dvikingsstore.com\/pl\/?s={search_term_string}\"},\"query-input\":\"required name=search_term_string\"}],\"inLanguage\":\"pl-PL\"},{\"@type\":\"Organization\",\"@id\":\"https:\/\/3dvikingsstore.com\/pl\/#organization\",\"name\":\"3D Vikings Store\",\"url\":\"https:\/\/3dvikingsstore.com\/pl\/\",\"logo\":{\"@type\":\"ImageObject\",\"inLanguage\":\"pl-PL\",\"@id\":\"https:\/\/3dvikingsstore.com\/pl\/#\/schema\/logo\/image\/\",\"url\":\"https:\/\/3dvikingsstore.com\/wp-content\/uploads\/2020\/03\/3dvikings-logo-karge-white.jpg\",\"contentUrl\":\"https:\/\/3dvikingsstore.com\/wp-content\/uploads\/2020\/03\/3dvikings-logo-karge-white.jpg\",\"width\":800,\"height\":800,\"caption\":\"3D Vikings Store\"},\"image\":{\"@id\":\"https:\/\/3dvikingsstore.com\/pl\/#\/schema\/logo\/image\/\"}}]}<\/script>\n<!-- \/ Yoast SEO Premium plugin. -->","yoast_head_json":{"title":"Dwupoziomowe ruiny fantasy nadaj\u0105ce si\u0119 do scenariuszy \u015bredniowiecznych lub fantasy 28 mm","description":"Dwupoziomowe ruiny fantasy, odpowiednie do scenariuszy \u015bredniowiecznych lub fantasy w skali 28 mm! Ruiny te zosta\u0142y zaprojektowane tak, aby wygl\u0105da\u0142y jak stare ceglane budynki.","robots":{"index":"index","follow":"follow","max-snippet":"max-snippet:-1","max-image-preview":"max-image-preview:large","max-video-preview":"max-video-preview:-1"},"canonical":"https:\/\/3dvikingsstore.com\/pl\/shop\/dwupoziomowe-ruiny-fantasy-nadajace-sie-do-scenariuszy-sredniowiecznych-lub-fantasy-28-mm\/","og_locale":"pl_PL","og_type":"article","og_title":"Dwupoziomowe ruiny fantasy nadaj\u0105ce si\u0119 do scenariuszy \u015bredniowiecznych lub fantasy 28 mm","og_description":"Dwupoziomowe ruiny fantasy, odpowiednie do scenariuszy \u015bredniowiecznych lub fantasy w skali 28 mm! Ruiny te zosta\u0142y zaprojektowane tak, aby wygl\u0105da\u0142y jak stare ceglane budynki.","og_url":"https:\/\/3dvikingsstore.com\/pl\/shop\/dwupoziomowe-ruiny-fantasy-nadajace-sie-do-scenariuszy-sredniowiecznych-lub-fantasy-28-mm\/","og_site_name":"3D Vikings Store","article_modified_time":"2025-10-29T02:11:48+00:00","og_image":[{"width":794,"height":635,"url":"https:\/\/3dvikingsstore.com\/wp-content\/uploads\/2020\/03\/il_794xN.1979787329_dewz.jpg","type":"image\/jpeg"}],"twitter_card":"summary_large_image","twitter_misc":{"Szacowany czas czytania":"1 minuta"},"schema":{"@context":"https:\/\/schema.org","@graph":[{"@type":["WebPage","ItemPage"],"@id":"https:\/\/3dvikingsstore.com\/pl\/shop\/dwupoziomowe-ruiny-fantasy-nadajace-sie-do-scenariuszy-sredniowiecznych-lub-fantasy-28-mm\/","url":"https:\/\/3dvikingsstore.com\/pl\/shop\/dwupoziomowe-ruiny-fantasy-nadajace-sie-do-scenariuszy-sredniowiecznych-lub-fantasy-28-mm\/","name":"Dwupoziomowe ruiny fantasy nadaj\u0105ce si\u0119 do scenariuszy \u015bredniowiecznych lub fantasy 28 mm","isPartOf":{"@id":"https:\/\/3dvikingsstore.com\/pl\/#website"},"primaryImageOfPage":{"@id":"https:\/\/3dvikingsstore.com\/pl\/shop\/dwupoziomowe-ruiny-fantasy-nadajace-sie-do-scenariuszy-sredniowiecznych-lub-fantasy-28-mm\/#primaryimage"},"image":{"@id":"https:\/\/3dvikingsstore.com\/pl\/shop\/dwupoziomowe-ruiny-fantasy-nadajace-sie-do-scenariuszy-sredniowiecznych-lub-fantasy-28-mm\/#primaryimage"},"thumbnailUrl":"https:\/\/3dvikingsstore.com\/wp-content\/uploads\/2020\/03\/il_794xN.1979787329_dewz.jpg","datePublished":"2020-03-01T00:58:18+00:00","dateModified":"2025-10-29T02:11:48+00:00","description":"Dwupoziomowe ruiny fantasy, odpowiednie do scenariuszy \u015bredniowiecznych lub fantasy w skali 28 mm! Ruiny te zosta\u0142y zaprojektowane tak, aby wygl\u0105da\u0142y jak stare ceglane budynki.","breadcrumb":{"@id":"https:\/\/3dvikingsstore.com\/pl\/shop\/dwupoziomowe-ruiny-fantasy-nadajace-sie-do-scenariuszy-sredniowiecznych-lub-fantasy-28-mm\/#breadcrumb"},"inLanguage":"pl-PL","potentialAction":[{"@type":"ReadAction","target":["https:\/\/3dvikingsstore.com\/pl\/shop\/dwupoziomowe-ruiny-fantasy-nadajace-sie-do-scenariuszy-sredniowiecznych-lub-fantasy-28-mm\/"]}]},{"@type":"ImageObject","inLanguage":"pl-PL","@id":"https:\/\/3dvikingsstore.com\/pl\/shop\/dwupoziomowe-ruiny-fantasy-nadajace-sie-do-scenariuszy-sredniowiecznych-lub-fantasy-28-mm\/#primaryimage","url":"https:\/\/3dvikingsstore.com\/wp-content\/uploads\/2020\/03\/il_794xN.1979787329_dewz.jpg","contentUrl":"https:\/\/3dvikingsstore.com\/wp-content\/uploads\/2020\/03\/il_794xN.1979787329_dewz.jpg","width":794,"height":635},{"@type":"BreadcrumbList","@id":"https:\/\/3dvikingsstore.com\/pl\/shop\/dwupoziomowe-ruiny-fantasy-nadajace-sie-do-scenariuszy-sredniowiecznych-lub-fantasy-28-mm\/#breadcrumb","itemListElement":[{"@type":"ListItem","position":1,"name":"Home","item":"https:\/\/3dvikingsstore.com\/pl\/"},{"@type":"ListItem","position":2,"name":"Shop","item":"https:\/\/3dvikingsstore.com\/shop\/"},{"@type":"ListItem","position":3,"name":"Dwupoziomowe ruiny fantasy nadaj\u0105ce si\u0119 do scenariuszy \u015bredniowiecznych lub fantasy 28 mm"}]},{"@type":"WebSite","@id":"https:\/\/3dvikingsstore.com\/pl\/#website","url":"https:\/\/3dvikingsstore.com\/pl\/","name":"3D Vikings Store","description":"Dekoracje i Akcesoria do Gier Planszowych i Sto\u0142owych","publisher":{"@id":"https:\/\/3dvikingsstore.com\/pl\/#organization"},"potentialAction":[{"@type":"SearchAction","target":{"@type":"EntryPoint","urlTemplate":"https:\/\/3dvikingsstore.com\/pl\/?s={search_term_string}"},"query-input":"required name=search_term_string"}],"inLanguage":"pl-PL"},{"@type":"Organization","@id":"https:\/\/3dvikingsstore.com\/pl\/#organization","name":"3D Vikings Store","url":"https:\/\/3dvikingsstore.com\/pl\/","logo":{"@type":"ImageObject","inLanguage":"pl-PL","@id":"https:\/\/3dvikingsstore.com\/pl\/#\/schema\/logo\/image\/","url":"https:\/\/3dvikingsstore.com\/wp-content\/uploads\/2020\/03\/3dvikings-logo-karge-white.jpg","contentUrl":"https:\/\/3dvikingsstore.com\/wp-content\/uploads\/2020\/03\/3dvikings-logo-karge-white.jpg","width":800,"height":800,"caption":"3D Vikings Store"},"image":{"@id":"https:\/\/3dvikingsstore.com\/pl\/#\/schema\/logo\/image\/"}}]}},"_links":{"self":[{"href":"https:\/\/3dvikingsstore.com\/pl\/wp-json\/wp\/v2\/product\/18935"}],"collection":[{"href":"https:\/\/3dvikingsstore.com\/pl\/wp-json\/wp\/v2\/product"}],"about":[{"href":"https:\/\/3dvikingsstore.com\/pl\/wp-json\/wp\/v2\/types\/product"}],"replies":[{"embeddable":true,"href":"https:\/\/3dvikingsstore.com\/pl\/wp-json\/wp\/v2\/comments?post=18935"}],"version-history":[{"count":0,"href":"https:\/\/3dvikingsstore.com\/pl\/wp-json\/wp\/v2\/product\/18935\/revisions"}],"wp:featuredmedia":[{"embeddable":true,"href":"https:\/\/3dvikingsstore.com\/pl\/wp-json\/wp\/v2\/media\/18936"}],"wp:attachment":[{"href":"https:\/\/3dvikingsstore.com\/pl\/wp-json\/wp\/v2\/media?parent=18935"}],"wp:term":[{"taxonomy":"product_cat","embeddable":true,"href":"https:\/\/3dvikingsstore.com\/pl\/wp-json\/wp\/v2\/product_cat?post=18935"},{"taxonomy":"product_tag","embeddable":true,"href":"https:\/\/3dvikingsstore.com\/pl\/wp-json\/wp\/v2\/product_tag?post=18935"}],"curies":[{"name":"wp","href":"https:\/\/api.w.org\/{rel}","templated":true}]}}