{"id":18929,"date":"2020-03-01T02:58:19","date_gmt":"2020-03-01T00:58:19","guid":{"rendered":"https:\/\/3dvikingsstore.com\/shop\/teren-sredniowieczny-28mm-zrujnowany-kamienny-budynek\/"},"modified":"2025-08-21T22:44:47","modified_gmt":"2025-08-21T20:44:47","slug":"teren-sredniowieczny-28mm-zrujnowany-kamienny-budynek","status":"publish","type":"product","link":"https:\/\/3dvikingsstore.com\/pl\/shop\/teren-sredniowieczny-28mm-zrujnowany-kamienny-budynek\/","title":{"rendered":"Teren \u015aredniowieczny 28mm: Zrujnowany Kamienny Budynek"},"content":{"rendered":"<p>Je\u015bli szukasz realistycznego i wci\u0105gaj\u0105cego elementu terenu do swoich \u015bredniowiecznych lub fantasy gier wojennych, pokochasz ten zrujnowany kamienny budynek. Model ten sk\u0142ada si\u0119 z dw\u00f3ch cz\u0119\u015bci (g\u00f3rnej i dolnej), kt\u00f3re mo\u017cna \u0142atwo z\u0142o\u017cy\u0107 i zdemontowa\u0107 w celu przechowywania i transportu.<\/p>\n<p>Zrujnowany kamienny budynek ma szczeg\u00f3\u0142owy i zwietrza\u0142y wygl\u0105d, kt\u00f3ry dodaje charakteru i atmosfery bitwom na stole. Mo\u017cna go u\u017cywa\u0107 jako t\u0142a, os\u0142ony lub celu dla swoich figurek. Model jest kompatybilny z ka\u017cd\u0105 gr\u0105 wojenn\u0105 w skali 28 mm, tak\u0105 jak Dungeons &amp; Dragons, Warhammer czy W\u0142adca Pier\u015bcieni.<\/p>\n<p>Model nie jest pomalowany, wi\u0119c mo\u017cna go dostosowa\u0107 do w\u0142asnych upodoba\u0144. Mo\u017cesz tak\u017ce doda\u0107 troch\u0119 ro\u015blinno\u015bci, trawy lub gruzu, aby poprawi\u0107 wygl\u0105d i wra\u017cenie terenu. Miniatury pokazane na zdj\u0119ciach nie wchodz\u0105 w sk\u0142ad zestawu, s\u0142u\u017c\u0105 jedynie jako odniesienie do skali.<\/p>\n<p>Model jest wykonany z PLA, kt\u00f3ry jest jednym z najbardziej przyjaznych dla \u015brodowiska tworzyw sztucznych dost\u0119pnych obecnie na rynku. PLA pochodzi ze \u017ar\u00f3de\u0142 odnawialnych, takich jak kukurydza i trzcina cukrowa, i jest biodegradowalny i nietoksyczny. PLA jest r\u00f3wnie\u017c trwa\u0142y i mocny, dzi\u0119ki czemu idealnie nadaje si\u0119 na teren do gier wojennych.<\/p>\n<p>Nie przegap tej okazji, aby doda\u0107 nieco realizmu i stylu do swoich scenariuszy gier wojennych. Zam\u00f3w sw\u00f3j zrujnowany kamienny budynek ju\u017c dzi\u015b i przygotuj si\u0119 na uwolnienie swojej wyobra\u017ani na polu bitwy! ?\ufe0f??\ufe0f<\/p>\n","protected":false},"excerpt":{"rendered":"<p>Je\u015bli szukasz realistycznego i wci\u0105gaj\u0105cego elementu terenu do swoich \u015bredniowiecznych lub fantasy gier wojennych, pokochasz ten zrujnowany kamienny budynek. Model ten sk\u0142ada si\u0119 z dw\u00f3ch cz\u0119\u015bci (g\u00f3rnej i dolnej), kt\u00f3re mo\u017cna \u0142atwo z\u0142o\u017cy\u0107 i zdemontowa\u0107 w celu przechowywania i transportu.<\/p>\n","protected":false},"featured_media":18930,"comment_status":"open","ping_status":"closed","template":"","meta":[],"product_cat":[3138,3137],"product_tag":[3160,3279,3419,3420,3218,3298,3180,3248,3181,3204,3256,3177,3280],"yoast_head":"<!-- This site is optimized with the Yoast SEO Premium plugin v22.9 (Yoast SEO v22.9) - https:\/\/yoast.com\/wordpress\/plugins\/seo\/ -->\n<title>Teren \u015aredniowieczny 28mm: Zrujnowany Kamienny Budynek<\/title>\n<meta name=\"description\" content=\"Je\u015bli szukasz realistycznego i wci\u0105gaj\u0105cego elementu terenu do swoich \u015bredniowiecznych lub fantasy gier wojennych, pokochasz ten zrujnowany kamienny budynek.\" \/>\n<meta name=\"robots\" content=\"index, follow, max-snippet:-1, max-image-preview:large, max-video-preview:-1\" \/>\n<link rel=\"canonical\" href=\"https:\/\/3dvikingsstore.com\/pl\/shop\/teren-sredniowieczny-28mm-zrujnowany-kamienny-budynek\/\" \/>\n<meta property=\"og:locale\" content=\"pl_PL\" \/>\n<meta property=\"og:type\" content=\"article\" \/>\n<meta property=\"og:title\" content=\"Teren \u015aredniowieczny 28mm: Zrujnowany Kamienny Budynek\" \/>\n<meta property=\"og:description\" content=\"Je\u015bli szukasz realistycznego i wci\u0105gaj\u0105cego elementu terenu do swoich \u015bredniowiecznych lub fantasy gier wojennych, pokochasz ten zrujnowany kamienny budynek.\" \/>\n<meta property=\"og:url\" content=\"https:\/\/3dvikingsstore.com\/pl\/shop\/teren-sredniowieczny-28mm-zrujnowany-kamienny-budynek\/\" \/>\n<meta property=\"og:site_name\" content=\"3D Vikings Store\" \/>\n<meta property=\"article:modified_time\" content=\"2025-08-21T20:44:47+00:00\" \/>\n<meta property=\"og:image\" content=\"https:\/\/3dvikingsstore.com\/wp-content\/uploads\/2020\/03\/il_1588xN.1932247008_2b2r.jpg\" \/>\n\t<meta property=\"og:image:width\" content=\"1588\" \/>\n\t<meta property=\"og:image:height\" content=\"1269\" \/>\n\t<meta property=\"og:image:type\" content=\"image\/jpeg\" \/>\n<meta name=\"twitter:card\" content=\"summary_large_image\" \/>\n<meta name=\"twitter:label1\" content=\"Szacowany czas czytania\" \/>\n\t<meta name=\"twitter:data1\" content=\"1 minuta\" \/>\n<script type=\"application\/ld+json\" class=\"yoast-schema-graph\">{\"@context\":\"https:\/\/schema.org\",\"@graph\":[{\"@type\":[\"WebPage\",\"ItemPage\"],\"@id\":\"https:\/\/3dvikingsstore.com\/pl\/shop\/teren-sredniowieczny-28mm-zrujnowany-kamienny-budynek\/\",\"url\":\"https:\/\/3dvikingsstore.com\/pl\/shop\/teren-sredniowieczny-28mm-zrujnowany-kamienny-budynek\/\",\"name\":\"Teren \u015aredniowieczny 28mm: Zrujnowany Kamienny Budynek\",\"isPartOf\":{\"@id\":\"https:\/\/3dvikingsstore.com\/pl\/#website\"},\"primaryImageOfPage\":{\"@id\":\"https:\/\/3dvikingsstore.com\/pl\/shop\/teren-sredniowieczny-28mm-zrujnowany-kamienny-budynek\/#primaryimage\"},\"image\":{\"@id\":\"https:\/\/3dvikingsstore.com\/pl\/shop\/teren-sredniowieczny-28mm-zrujnowany-kamienny-budynek\/#primaryimage\"},\"thumbnailUrl\":\"https:\/\/3dvikingsstore.com\/wp-content\/uploads\/2020\/03\/il_1588xN.1932247008_2b2r.jpg\",\"datePublished\":\"2020-03-01T00:58:19+00:00\",\"dateModified\":\"2025-08-21T20:44:47+00:00\",\"description\":\"Je\u015bli szukasz realistycznego i wci\u0105gaj\u0105cego elementu terenu do swoich \u015bredniowiecznych lub fantasy gier wojennych, pokochasz ten zrujnowany kamienny budynek.\",\"breadcrumb\":{\"@id\":\"https:\/\/3dvikingsstore.com\/pl\/shop\/teren-sredniowieczny-28mm-zrujnowany-kamienny-budynek\/#breadcrumb\"},\"inLanguage\":\"pl-PL\",\"potentialAction\":[{\"@type\":\"ReadAction\",\"target\":[\"https:\/\/3dvikingsstore.com\/pl\/shop\/teren-sredniowieczny-28mm-zrujnowany-kamienny-budynek\/\"]}]},{\"@type\":\"ImageObject\",\"inLanguage\":\"pl-PL\",\"@id\":\"https:\/\/3dvikingsstore.com\/pl\/shop\/teren-sredniowieczny-28mm-zrujnowany-kamienny-budynek\/#primaryimage\",\"url\":\"https:\/\/3dvikingsstore.com\/wp-content\/uploads\/2020\/03\/il_1588xN.1932247008_2b2r.jpg\",\"contentUrl\":\"https:\/\/3dvikingsstore.com\/wp-content\/uploads\/2020\/03\/il_1588xN.1932247008_2b2r.jpg\",\"width\":1588,\"height\":1269},{\"@type\":\"BreadcrumbList\",\"@id\":\"https:\/\/3dvikingsstore.com\/pl\/shop\/teren-sredniowieczny-28mm-zrujnowany-kamienny-budynek\/#breadcrumb\",\"itemListElement\":[{\"@type\":\"ListItem\",\"position\":1,\"name\":\"Home\",\"item\":\"https:\/\/3dvikingsstore.com\/pl\/\"},{\"@type\":\"ListItem\",\"position\":2,\"name\":\"Shop\",\"item\":\"https:\/\/3dvikingsstore.com\/shop\/\"},{\"@type\":\"ListItem\",\"position\":3,\"name\":\"Teren \u015aredniowieczny 28mm: Zrujnowany Kamienny Budynek\"}]},{\"@type\":\"WebSite\",\"@id\":\"https:\/\/3dvikingsstore.com\/pl\/#website\",\"url\":\"https:\/\/3dvikingsstore.com\/pl\/\",\"name\":\"3D Vikings Store\",\"description\":\"Dekoracje i Akcesoria do Gier Planszowych i Sto\u0142owych\",\"publisher\":{\"@id\":\"https:\/\/3dvikingsstore.com\/pl\/#organization\"},\"potentialAction\":[{\"@type\":\"SearchAction\",\"target\":{\"@type\":\"EntryPoint\",\"urlTemplate\":\"https:\/\/3dvikingsstore.com\/pl\/?s={search_term_string}\"},\"query-input\":\"required name=search_term_string\"}],\"inLanguage\":\"pl-PL\"},{\"@type\":\"Organization\",\"@id\":\"https:\/\/3dvikingsstore.com\/pl\/#organization\",\"name\":\"3D Vikings Store\",\"url\":\"https:\/\/3dvikingsstore.com\/pl\/\",\"logo\":{\"@type\":\"ImageObject\",\"inLanguage\":\"pl-PL\",\"@id\":\"https:\/\/3dvikingsstore.com\/pl\/#\/schema\/logo\/image\/\",\"url\":\"https:\/\/3dvikingsstore.com\/wp-content\/uploads\/2020\/03\/3dvikings-logo-karge-white.jpg\",\"contentUrl\":\"https:\/\/3dvikingsstore.com\/wp-content\/uploads\/2020\/03\/3dvikings-logo-karge-white.jpg\",\"width\":800,\"height\":800,\"caption\":\"3D Vikings Store\"},\"image\":{\"@id\":\"https:\/\/3dvikingsstore.com\/pl\/#\/schema\/logo\/image\/\"}}]}<\/script>\n<!-- \/ Yoast SEO Premium plugin. -->","yoast_head_json":{"title":"Teren \u015aredniowieczny 28mm: Zrujnowany Kamienny Budynek","description":"Je\u015bli szukasz realistycznego i wci\u0105gaj\u0105cego elementu terenu do swoich \u015bredniowiecznych lub fantasy gier wojennych, pokochasz ten zrujnowany kamienny budynek.","robots":{"index":"index","follow":"follow","max-snippet":"max-snippet:-1","max-image-preview":"max-image-preview:large","max-video-preview":"max-video-preview:-1"},"canonical":"https:\/\/3dvikingsstore.com\/pl\/shop\/teren-sredniowieczny-28mm-zrujnowany-kamienny-budynek\/","og_locale":"pl_PL","og_type":"article","og_title":"Teren \u015aredniowieczny 28mm: Zrujnowany Kamienny Budynek","og_description":"Je\u015bli szukasz realistycznego i wci\u0105gaj\u0105cego elementu terenu do swoich \u015bredniowiecznych lub fantasy gier wojennych, pokochasz ten zrujnowany kamienny budynek.","og_url":"https:\/\/3dvikingsstore.com\/pl\/shop\/teren-sredniowieczny-28mm-zrujnowany-kamienny-budynek\/","og_site_name":"3D Vikings Store","article_modified_time":"2025-08-21T20:44:47+00:00","og_image":[{"width":1588,"height":1269,"url":"https:\/\/3dvikingsstore.com\/wp-content\/uploads\/2020\/03\/il_1588xN.1932247008_2b2r.jpg","type":"image\/jpeg"}],"twitter_card":"summary_large_image","twitter_misc":{"Szacowany czas czytania":"1 minuta"},"schema":{"@context":"https:\/\/schema.org","@graph":[{"@type":["WebPage","ItemPage"],"@id":"https:\/\/3dvikingsstore.com\/pl\/shop\/teren-sredniowieczny-28mm-zrujnowany-kamienny-budynek\/","url":"https:\/\/3dvikingsstore.com\/pl\/shop\/teren-sredniowieczny-28mm-zrujnowany-kamienny-budynek\/","name":"Teren \u015aredniowieczny 28mm: Zrujnowany Kamienny Budynek","isPartOf":{"@id":"https:\/\/3dvikingsstore.com\/pl\/#website"},"primaryImageOfPage":{"@id":"https:\/\/3dvikingsstore.com\/pl\/shop\/teren-sredniowieczny-28mm-zrujnowany-kamienny-budynek\/#primaryimage"},"image":{"@id":"https:\/\/3dvikingsstore.com\/pl\/shop\/teren-sredniowieczny-28mm-zrujnowany-kamienny-budynek\/#primaryimage"},"thumbnailUrl":"https:\/\/3dvikingsstore.com\/wp-content\/uploads\/2020\/03\/il_1588xN.1932247008_2b2r.jpg","datePublished":"2020-03-01T00:58:19+00:00","dateModified":"2025-08-21T20:44:47+00:00","description":"Je\u015bli szukasz realistycznego i wci\u0105gaj\u0105cego elementu terenu do swoich \u015bredniowiecznych lub fantasy gier wojennych, pokochasz ten zrujnowany kamienny budynek.","breadcrumb":{"@id":"https:\/\/3dvikingsstore.com\/pl\/shop\/teren-sredniowieczny-28mm-zrujnowany-kamienny-budynek\/#breadcrumb"},"inLanguage":"pl-PL","potentialAction":[{"@type":"ReadAction","target":["https:\/\/3dvikingsstore.com\/pl\/shop\/teren-sredniowieczny-28mm-zrujnowany-kamienny-budynek\/"]}]},{"@type":"ImageObject","inLanguage":"pl-PL","@id":"https:\/\/3dvikingsstore.com\/pl\/shop\/teren-sredniowieczny-28mm-zrujnowany-kamienny-budynek\/#primaryimage","url":"https:\/\/3dvikingsstore.com\/wp-content\/uploads\/2020\/03\/il_1588xN.1932247008_2b2r.jpg","contentUrl":"https:\/\/3dvikingsstore.com\/wp-content\/uploads\/2020\/03\/il_1588xN.1932247008_2b2r.jpg","width":1588,"height":1269},{"@type":"BreadcrumbList","@id":"https:\/\/3dvikingsstore.com\/pl\/shop\/teren-sredniowieczny-28mm-zrujnowany-kamienny-budynek\/#breadcrumb","itemListElement":[{"@type":"ListItem","position":1,"name":"Home","item":"https:\/\/3dvikingsstore.com\/pl\/"},{"@type":"ListItem","position":2,"name":"Shop","item":"https:\/\/3dvikingsstore.com\/shop\/"},{"@type":"ListItem","position":3,"name":"Teren \u015aredniowieczny 28mm: Zrujnowany Kamienny Budynek"}]},{"@type":"WebSite","@id":"https:\/\/3dvikingsstore.com\/pl\/#website","url":"https:\/\/3dvikingsstore.com\/pl\/","name":"3D Vikings Store","description":"Dekoracje i Akcesoria do Gier Planszowych i Sto\u0142owych","publisher":{"@id":"https:\/\/3dvikingsstore.com\/pl\/#organization"},"potentialAction":[{"@type":"SearchAction","target":{"@type":"EntryPoint","urlTemplate":"https:\/\/3dvikingsstore.com\/pl\/?s={search_term_string}"},"query-input":"required name=search_term_string"}],"inLanguage":"pl-PL"},{"@type":"Organization","@id":"https:\/\/3dvikingsstore.com\/pl\/#organization","name":"3D Vikings Store","url":"https:\/\/3dvikingsstore.com\/pl\/","logo":{"@type":"ImageObject","inLanguage":"pl-PL","@id":"https:\/\/3dvikingsstore.com\/pl\/#\/schema\/logo\/image\/","url":"https:\/\/3dvikingsstore.com\/wp-content\/uploads\/2020\/03\/3dvikings-logo-karge-white.jpg","contentUrl":"https:\/\/3dvikingsstore.com\/wp-content\/uploads\/2020\/03\/3dvikings-logo-karge-white.jpg","width":800,"height":800,"caption":"3D Vikings Store"},"image":{"@id":"https:\/\/3dvikingsstore.com\/pl\/#\/schema\/logo\/image\/"}}]}},"_links":{"self":[{"href":"https:\/\/3dvikingsstore.com\/pl\/wp-json\/wp\/v2\/product\/18929"}],"collection":[{"href":"https:\/\/3dvikingsstore.com\/pl\/wp-json\/wp\/v2\/product"}],"about":[{"href":"https:\/\/3dvikingsstore.com\/pl\/wp-json\/wp\/v2\/types\/product"}],"replies":[{"embeddable":true,"href":"https:\/\/3dvikingsstore.com\/pl\/wp-json\/wp\/v2\/comments?post=18929"}],"version-history":[{"count":1,"href":"https:\/\/3dvikingsstore.com\/pl\/wp-json\/wp\/v2\/product\/18929\/revisions"}],"predecessor-version":[{"id":18932,"href":"https:\/\/3dvikingsstore.com\/pl\/wp-json\/wp\/v2\/product\/18929\/revisions\/18932"}],"wp:featuredmedia":[{"embeddable":true,"href":"https:\/\/3dvikingsstore.com\/pl\/wp-json\/wp\/v2\/media\/18930"}],"wp:attachment":[{"href":"https:\/\/3dvikingsstore.com\/pl\/wp-json\/wp\/v2\/media?parent=18929"}],"wp:term":[{"taxonomy":"product_cat","embeddable":true,"href":"https:\/\/3dvikingsstore.com\/pl\/wp-json\/wp\/v2\/product_cat?post=18929"},{"taxonomy":"product_tag","embeddable":true,"href":"https:\/\/3dvikingsstore.com\/pl\/wp-json\/wp\/v2\/product_tag?post=18929"}],"curies":[{"name":"wp","href":"https:\/\/api.w.org\/{rel}","templated":true}]}}