{"id":18925,"date":"2020-03-01T02:58:19","date_gmt":"2020-03-01T00:58:19","guid":{"rendered":"https:\/\/3dvikingsstore.com\/shop\/dwupoziomowe-ruiny-kamiennego-budynku-nadajace-sie-do-scenariuszy-fantasy\/"},"modified":"2024-03-01T14:19:05","modified_gmt":"2024-03-01T12:19:05","slug":"dwupoziomowe-ruiny-kamiennego-budynku-nadajace-sie-do-scenariuszy-fantasy","status":"publish","type":"product","link":"https:\/\/3dvikingsstore.com\/pl\/shop\/dwupoziomowe-ruiny-kamiennego-budynku-nadajace-sie-do-scenariuszy-fantasy\/","title":{"rendered":"Dwupoziomowe ruiny kamiennego budynku nadaj\u0105ce si\u0119 do scenariuszy fantasy"},"content":{"rendered":"<p>Szukasz sposobu na dodanie dramatyzmu i emocji do swoich gier fantasy? Chcesz stworzy\u0107 dynamiczne i wci\u0105gaj\u0105ce \u015brodowisko dla swoich bitew? W takim razie potrzebujesz <strong>Dwupi\u0119trowego, Zrujnowanego Domu Bitewnego<\/strong> &#8211; realistycznego i wszechstronnego elementu terenu, kt\u00f3ry urozmaici Twoje scenariusze bitewne.<\/p>\n<p>Dwupi\u0119trowy, Zrujnowany Dom Bitewny to model o szczeg\u00f3\u0142owym i surowym wygl\u0105dzie, przedstawiaj\u0105cym dom zniszczony przez wojn\u0119. Model ma dwa poziomy, kt\u00f3re mo\u017cna rozdzieli\u0107 i ponownie po\u0142\u0105czy\u0107, a tak\u017ce wiele okien, drzwi i otwor\u00f3w, kt\u00f3re dodaj\u0105 konstrukcji charakteru i funkcjonalno\u015bci. Model ma r\u00f3wnie\u017c kilka p\u0119kni\u0119\u0107, gruzu i uszkodze\u0144 spowodowanych po\u017carem, kt\u00f3re nadaj\u0105 mu zwietrza\u0142y i zu\u017cyty wygl\u0105d.<\/p>\n<p>Model jest kompatybilny z ka\u017cd\u0105 gr\u0105 wojenn\u0105 wymagaj\u0105c\u0105 scenerii fantasy, tak\u0105 jak Dungeons and Dragons, Warhammer czy W\u0142adca Pier\u015bcieni. Mo\u017cna go u\u017cywa\u0107 jako t\u0142a, os\u0142ony lub celu dla swoich figurek. Model mo\u017ce by\u0107 u\u017cywany w r\u00f3\u017cnych scenariuszach, takich jak obl\u0119\u017cenie, nalot, ratunek lub potyczka.<\/p>\n<p>Model nie jest pomalowany, wi\u0119c mo\u017cna go dostosowa\u0107 do w\u0142asnych upodoba\u0144. Mo\u017cesz tak\u017ce doda\u0107 troch\u0119 ro\u015blinno\u015bci, trawy lub gruzu, aby poprawi\u0107 wygl\u0105d i wra\u017cenie terenu. Miniatury pokazane na zdj\u0119ciach nie wchodz\u0105 w sk\u0142ad zestawu, s\u0142u\u017c\u0105 jedynie jako odniesienie do skali.<\/p>\n","protected":false},"excerpt":{"rendered":"<p><strong>Two Level Battle Ruined House<\/strong> &#8211; realistyczny i wszechstronny element terenu, kt\u00f3ry wzbogaci twoje scenariusze gier wojennych.<\/p>\n","protected":false},"featured_media":18926,"comment_status":"open","ping_status":"closed","template":"","meta":[],"product_cat":[3138,3137],"product_tag":[3160,3414,3418,3180,3220,3248,3415,3416,3181,3177,3195,3355,3417],"yoast_head":"<!-- This site is optimized with the Yoast SEO Premium plugin v22.9 (Yoast SEO v22.9) - https:\/\/yoast.com\/wordpress\/plugins\/seo\/ -->\n<title>Dwupoziomowe ruiny kamiennego budynku nadaj\u0105ce si\u0119 do scenariuszy fantasy<\/title>\n<meta name=\"description\" content=\"Urozmai\u0107 swoje scenariusze fantasy tym dwupoziomowym zrujnowanym domem. Sk\u0142ada si\u0119 z dw\u00f3ch cz\u0119\u015bci (g\u00f3rnej i dolnej) i nie jest pomalowana.\" \/>\n<meta name=\"robots\" content=\"index, follow, max-snippet:-1, max-image-preview:large, max-video-preview:-1\" \/>\n<link rel=\"canonical\" href=\"https:\/\/3dvikingsstore.com\/pl\/shop\/dwupoziomowe-ruiny-kamiennego-budynku-nadajace-sie-do-scenariuszy-fantasy\/\" \/>\n<meta property=\"og:locale\" content=\"pl_PL\" \/>\n<meta property=\"og:type\" content=\"article\" \/>\n<meta property=\"og:title\" content=\"Dwupoziomowe ruiny kamiennego budynku nadaj\u0105ce si\u0119 do scenariuszy fantasy\" \/>\n<meta property=\"og:description\" content=\"Urozmai\u0107 swoje scenariusze fantasy tym dwupoziomowym zrujnowanym domem. Sk\u0142ada si\u0119 z dw\u00f3ch cz\u0119\u015bci (g\u00f3rnej i dolnej) i nie jest pomalowana.\" \/>\n<meta property=\"og:url\" content=\"https:\/\/3dvikingsstore.com\/pl\/shop\/dwupoziomowe-ruiny-kamiennego-budynku-nadajace-sie-do-scenariuszy-fantasy\/\" \/>\n<meta property=\"og:site_name\" content=\"3D Vikings Store\" \/>\n<meta property=\"article:modified_time\" content=\"2024-03-01T12:19:05+00:00\" \/>\n<meta property=\"og:image\" content=\"https:\/\/3dvikingsstore.com\/wp-content\/uploads\/2020\/03\/il_1588xN.1979779003_pbkl.jpg\" \/>\n\t<meta property=\"og:image:width\" content=\"1588\" \/>\n\t<meta property=\"og:image:height\" content=\"1270\" \/>\n\t<meta property=\"og:image:type\" content=\"image\/jpeg\" \/>\n<meta name=\"twitter:card\" content=\"summary_large_image\" \/>\n<meta name=\"twitter:label1\" content=\"Szacowany czas czytania\" \/>\n\t<meta name=\"twitter:data1\" content=\"1 minuta\" \/>\n<script type=\"application\/ld+json\" class=\"yoast-schema-graph\">{\"@context\":\"https:\/\/schema.org\",\"@graph\":[{\"@type\":[\"WebPage\",\"ItemPage\"],\"@id\":\"https:\/\/3dvikingsstore.com\/pl\/shop\/dwupoziomowe-ruiny-kamiennego-budynku-nadajace-sie-do-scenariuszy-fantasy\/\",\"url\":\"https:\/\/3dvikingsstore.com\/pl\/shop\/dwupoziomowe-ruiny-kamiennego-budynku-nadajace-sie-do-scenariuszy-fantasy\/\",\"name\":\"Dwupoziomowe ruiny kamiennego budynku nadaj\u0105ce si\u0119 do scenariuszy fantasy\",\"isPartOf\":{\"@id\":\"https:\/\/3dvikingsstore.com\/pl\/#website\"},\"primaryImageOfPage\":{\"@id\":\"https:\/\/3dvikingsstore.com\/pl\/shop\/dwupoziomowe-ruiny-kamiennego-budynku-nadajace-sie-do-scenariuszy-fantasy\/#primaryimage\"},\"image\":{\"@id\":\"https:\/\/3dvikingsstore.com\/pl\/shop\/dwupoziomowe-ruiny-kamiennego-budynku-nadajace-sie-do-scenariuszy-fantasy\/#primaryimage\"},\"thumbnailUrl\":\"https:\/\/3dvikingsstore.com\/wp-content\/uploads\/2020\/03\/il_1588xN.1979779003_pbkl.jpg\",\"datePublished\":\"2020-03-01T00:58:19+00:00\",\"dateModified\":\"2024-03-01T12:19:05+00:00\",\"description\":\"Urozmai\u0107 swoje scenariusze fantasy tym dwupoziomowym zrujnowanym domem. Sk\u0142ada si\u0119 z dw\u00f3ch cz\u0119\u015bci (g\u00f3rnej i dolnej) i nie jest pomalowana.\",\"breadcrumb\":{\"@id\":\"https:\/\/3dvikingsstore.com\/pl\/shop\/dwupoziomowe-ruiny-kamiennego-budynku-nadajace-sie-do-scenariuszy-fantasy\/#breadcrumb\"},\"inLanguage\":\"pl-PL\",\"potentialAction\":[{\"@type\":\"ReadAction\",\"target\":[\"https:\/\/3dvikingsstore.com\/pl\/shop\/dwupoziomowe-ruiny-kamiennego-budynku-nadajace-sie-do-scenariuszy-fantasy\/\"]}]},{\"@type\":\"ImageObject\",\"inLanguage\":\"pl-PL\",\"@id\":\"https:\/\/3dvikingsstore.com\/pl\/shop\/dwupoziomowe-ruiny-kamiennego-budynku-nadajace-sie-do-scenariuszy-fantasy\/#primaryimage\",\"url\":\"https:\/\/3dvikingsstore.com\/wp-content\/uploads\/2020\/03\/il_1588xN.1979779003_pbkl.jpg\",\"contentUrl\":\"https:\/\/3dvikingsstore.com\/wp-content\/uploads\/2020\/03\/il_1588xN.1979779003_pbkl.jpg\",\"width\":1588,\"height\":1270},{\"@type\":\"BreadcrumbList\",\"@id\":\"https:\/\/3dvikingsstore.com\/pl\/shop\/dwupoziomowe-ruiny-kamiennego-budynku-nadajace-sie-do-scenariuszy-fantasy\/#breadcrumb\",\"itemListElement\":[{\"@type\":\"ListItem\",\"position\":1,\"name\":\"Home\",\"item\":\"https:\/\/3dvikingsstore.com\/pl\/\"},{\"@type\":\"ListItem\",\"position\":2,\"name\":\"Shop\",\"item\":\"https:\/\/3dvikingsstore.com\/shop\/\"},{\"@type\":\"ListItem\",\"position\":3,\"name\":\"Dwupoziomowe ruiny kamiennego budynku nadaj\u0105ce si\u0119 do scenariuszy fantasy\"}]},{\"@type\":\"WebSite\",\"@id\":\"https:\/\/3dvikingsstore.com\/pl\/#website\",\"url\":\"https:\/\/3dvikingsstore.com\/pl\/\",\"name\":\"3D Vikings Store\",\"description\":\"Dekoracje i Akcesoria do Gier Planszowych i Sto\u0142owych\",\"publisher\":{\"@id\":\"https:\/\/3dvikingsstore.com\/pl\/#organization\"},\"potentialAction\":[{\"@type\":\"SearchAction\",\"target\":{\"@type\":\"EntryPoint\",\"urlTemplate\":\"https:\/\/3dvikingsstore.com\/pl\/?s={search_term_string}\"},\"query-input\":\"required name=search_term_string\"}],\"inLanguage\":\"pl-PL\"},{\"@type\":\"Organization\",\"@id\":\"https:\/\/3dvikingsstore.com\/pl\/#organization\",\"name\":\"3D Vikings Store\",\"url\":\"https:\/\/3dvikingsstore.com\/pl\/\",\"logo\":{\"@type\":\"ImageObject\",\"inLanguage\":\"pl-PL\",\"@id\":\"https:\/\/3dvikingsstore.com\/pl\/#\/schema\/logo\/image\/\",\"url\":\"https:\/\/3dvikingsstore.com\/wp-content\/uploads\/2020\/03\/3dvikings-logo-karge-white.jpg\",\"contentUrl\":\"https:\/\/3dvikingsstore.com\/wp-content\/uploads\/2020\/03\/3dvikings-logo-karge-white.jpg\",\"width\":800,\"height\":800,\"caption\":\"3D Vikings Store\"},\"image\":{\"@id\":\"https:\/\/3dvikingsstore.com\/pl\/#\/schema\/logo\/image\/\"}}]}<\/script>\n<!-- \/ Yoast SEO Premium plugin. -->","yoast_head_json":{"title":"Dwupoziomowe ruiny kamiennego budynku nadaj\u0105ce si\u0119 do scenariuszy fantasy","description":"Urozmai\u0107 swoje scenariusze fantasy tym dwupoziomowym zrujnowanym domem. Sk\u0142ada si\u0119 z dw\u00f3ch cz\u0119\u015bci (g\u00f3rnej i dolnej) i nie jest pomalowana.","robots":{"index":"index","follow":"follow","max-snippet":"max-snippet:-1","max-image-preview":"max-image-preview:large","max-video-preview":"max-video-preview:-1"},"canonical":"https:\/\/3dvikingsstore.com\/pl\/shop\/dwupoziomowe-ruiny-kamiennego-budynku-nadajace-sie-do-scenariuszy-fantasy\/","og_locale":"pl_PL","og_type":"article","og_title":"Dwupoziomowe ruiny kamiennego budynku nadaj\u0105ce si\u0119 do scenariuszy fantasy","og_description":"Urozmai\u0107 swoje scenariusze fantasy tym dwupoziomowym zrujnowanym domem. Sk\u0142ada si\u0119 z dw\u00f3ch cz\u0119\u015bci (g\u00f3rnej i dolnej) i nie jest pomalowana.","og_url":"https:\/\/3dvikingsstore.com\/pl\/shop\/dwupoziomowe-ruiny-kamiennego-budynku-nadajace-sie-do-scenariuszy-fantasy\/","og_site_name":"3D Vikings Store","article_modified_time":"2024-03-01T12:19:05+00:00","og_image":[{"width":1588,"height":1270,"url":"https:\/\/3dvikingsstore.com\/wp-content\/uploads\/2020\/03\/il_1588xN.1979779003_pbkl.jpg","type":"image\/jpeg"}],"twitter_card":"summary_large_image","twitter_misc":{"Szacowany czas czytania":"1 minuta"},"schema":{"@context":"https:\/\/schema.org","@graph":[{"@type":["WebPage","ItemPage"],"@id":"https:\/\/3dvikingsstore.com\/pl\/shop\/dwupoziomowe-ruiny-kamiennego-budynku-nadajace-sie-do-scenariuszy-fantasy\/","url":"https:\/\/3dvikingsstore.com\/pl\/shop\/dwupoziomowe-ruiny-kamiennego-budynku-nadajace-sie-do-scenariuszy-fantasy\/","name":"Dwupoziomowe ruiny kamiennego budynku nadaj\u0105ce si\u0119 do scenariuszy fantasy","isPartOf":{"@id":"https:\/\/3dvikingsstore.com\/pl\/#website"},"primaryImageOfPage":{"@id":"https:\/\/3dvikingsstore.com\/pl\/shop\/dwupoziomowe-ruiny-kamiennego-budynku-nadajace-sie-do-scenariuszy-fantasy\/#primaryimage"},"image":{"@id":"https:\/\/3dvikingsstore.com\/pl\/shop\/dwupoziomowe-ruiny-kamiennego-budynku-nadajace-sie-do-scenariuszy-fantasy\/#primaryimage"},"thumbnailUrl":"https:\/\/3dvikingsstore.com\/wp-content\/uploads\/2020\/03\/il_1588xN.1979779003_pbkl.jpg","datePublished":"2020-03-01T00:58:19+00:00","dateModified":"2024-03-01T12:19:05+00:00","description":"Urozmai\u0107 swoje scenariusze fantasy tym dwupoziomowym zrujnowanym domem. Sk\u0142ada si\u0119 z dw\u00f3ch cz\u0119\u015bci (g\u00f3rnej i dolnej) i nie jest pomalowana.","breadcrumb":{"@id":"https:\/\/3dvikingsstore.com\/pl\/shop\/dwupoziomowe-ruiny-kamiennego-budynku-nadajace-sie-do-scenariuszy-fantasy\/#breadcrumb"},"inLanguage":"pl-PL","potentialAction":[{"@type":"ReadAction","target":["https:\/\/3dvikingsstore.com\/pl\/shop\/dwupoziomowe-ruiny-kamiennego-budynku-nadajace-sie-do-scenariuszy-fantasy\/"]}]},{"@type":"ImageObject","inLanguage":"pl-PL","@id":"https:\/\/3dvikingsstore.com\/pl\/shop\/dwupoziomowe-ruiny-kamiennego-budynku-nadajace-sie-do-scenariuszy-fantasy\/#primaryimage","url":"https:\/\/3dvikingsstore.com\/wp-content\/uploads\/2020\/03\/il_1588xN.1979779003_pbkl.jpg","contentUrl":"https:\/\/3dvikingsstore.com\/wp-content\/uploads\/2020\/03\/il_1588xN.1979779003_pbkl.jpg","width":1588,"height":1270},{"@type":"BreadcrumbList","@id":"https:\/\/3dvikingsstore.com\/pl\/shop\/dwupoziomowe-ruiny-kamiennego-budynku-nadajace-sie-do-scenariuszy-fantasy\/#breadcrumb","itemListElement":[{"@type":"ListItem","position":1,"name":"Home","item":"https:\/\/3dvikingsstore.com\/pl\/"},{"@type":"ListItem","position":2,"name":"Shop","item":"https:\/\/3dvikingsstore.com\/shop\/"},{"@type":"ListItem","position":3,"name":"Dwupoziomowe ruiny kamiennego budynku nadaj\u0105ce si\u0119 do scenariuszy fantasy"}]},{"@type":"WebSite","@id":"https:\/\/3dvikingsstore.com\/pl\/#website","url":"https:\/\/3dvikingsstore.com\/pl\/","name":"3D Vikings Store","description":"Dekoracje i Akcesoria do Gier Planszowych i Sto\u0142owych","publisher":{"@id":"https:\/\/3dvikingsstore.com\/pl\/#organization"},"potentialAction":[{"@type":"SearchAction","target":{"@type":"EntryPoint","urlTemplate":"https:\/\/3dvikingsstore.com\/pl\/?s={search_term_string}"},"query-input":"required name=search_term_string"}],"inLanguage":"pl-PL"},{"@type":"Organization","@id":"https:\/\/3dvikingsstore.com\/pl\/#organization","name":"3D Vikings Store","url":"https:\/\/3dvikingsstore.com\/pl\/","logo":{"@type":"ImageObject","inLanguage":"pl-PL","@id":"https:\/\/3dvikingsstore.com\/pl\/#\/schema\/logo\/image\/","url":"https:\/\/3dvikingsstore.com\/wp-content\/uploads\/2020\/03\/3dvikings-logo-karge-white.jpg","contentUrl":"https:\/\/3dvikingsstore.com\/wp-content\/uploads\/2020\/03\/3dvikings-logo-karge-white.jpg","width":800,"height":800,"caption":"3D Vikings Store"},"image":{"@id":"https:\/\/3dvikingsstore.com\/pl\/#\/schema\/logo\/image\/"}}]}},"_links":{"self":[{"href":"https:\/\/3dvikingsstore.com\/pl\/wp-json\/wp\/v2\/product\/18925"}],"collection":[{"href":"https:\/\/3dvikingsstore.com\/pl\/wp-json\/wp\/v2\/product"}],"about":[{"href":"https:\/\/3dvikingsstore.com\/pl\/wp-json\/wp\/v2\/types\/product"}],"replies":[{"embeddable":true,"href":"https:\/\/3dvikingsstore.com\/pl\/wp-json\/wp\/v2\/comments?post=18925"}],"version-history":[{"count":1,"href":"https:\/\/3dvikingsstore.com\/pl\/wp-json\/wp\/v2\/product\/18925\/revisions"}],"predecessor-version":[{"id":18928,"href":"https:\/\/3dvikingsstore.com\/pl\/wp-json\/wp\/v2\/product\/18925\/revisions\/18928"}],"wp:featuredmedia":[{"embeddable":true,"href":"https:\/\/3dvikingsstore.com\/pl\/wp-json\/wp\/v2\/media\/18926"}],"wp:attachment":[{"href":"https:\/\/3dvikingsstore.com\/pl\/wp-json\/wp\/v2\/media?parent=18925"}],"wp:term":[{"taxonomy":"product_cat","embeddable":true,"href":"https:\/\/3dvikingsstore.com\/pl\/wp-json\/wp\/v2\/product_cat?post=18925"},{"taxonomy":"product_tag","embeddable":true,"href":"https:\/\/3dvikingsstore.com\/pl\/wp-json\/wp\/v2\/product_tag?post=18925"}],"curies":[{"name":"wp","href":"https:\/\/api.w.org\/{rel}","templated":true}]}}