{"id":18921,"date":"2020-03-01T02:58:19","date_gmt":"2020-03-01T00:58:19","guid":{"rendered":"https:\/\/3dvikingsstore.com\/shop\/zestaw-dwoch-namiotow-barbarzyncow-w-skali-28-mm\/"},"modified":"2020-03-01T02:58:19","modified_gmt":"2020-03-01T00:58:19","slug":"zestaw-dwoch-namiotow-barbarzyncow-w-skali-28-mm","status":"publish","type":"product","link":"https:\/\/3dvikingsstore.com\/pl\/shop\/zestaw-dwoch-namiotow-barbarzyncow-w-skali-28-mm\/","title":{"rendered":"Zestaw dw\u00f3ch namiot\u00f3w barbarzy\u0144c\u00f3w w skali 28 mm"},"content":{"rendered":"<p data-sourcepos=\"3:1-3:81\"><strong>Ulepsz sw\u00f3j ob\u00f3z barbarzy\u0144c\u00f3w &#8211; niepomalowane namioty 28\/32 mm do gier RPG i wojennych<\/strong><\/p>\n<p data-sourcepos=\"5:1-5:99\">Przenie\u015b zaciek\u0142ego ducha koczowniczych barbarzy\u0144c\u00f3w na sw\u00f3j st\u00f3\u0142 dzi\u0119ki temu zestawowi z dwoma namiotami! Skrupulatnie zaprojektowane do miniatur 28\/32 mm, te autentyczne, kryte schronienia dodaj\u0105 odrobin\u0119 surowego realizmu do obozowisk i p\u00f3l bitewnych. Niezale\u017cnie od tego, czy wyobra\u017casz sobie wytrzyma\u0142e plemi\u0119 przetrwaj\u0105ce p\u00f3\u0142nocn\u0105 burz\u0119 w swojej grze RPG fantasy, czy te\u017c zahartowan\u0105 band\u0119 wojenn\u0105 w ruchu podczas kampanii potyczek, te namioty tworz\u0105 scen\u0119 dla niezliczonych przyg\u00f3d.<\/p>\n<p data-sourcepos=\"7:1-7:24\"><strong>Co sprawia, \u017ce s\u0105 wyj\u0105tkowi:<\/strong><\/p>\n<ul data-sourcepos=\"9:1-11:44\">\n<li data-sourcepos=\"9:1-9:241\"><strong>To wi\u0119cej ni\u017c namioty, to historia:<\/strong> Wyobra\u017a sobie te zu\u017cyte sk\u00f3ry, r\u0119cznie szyte szwy i solidne drewniane belki. Jeden z namiot\u00f3w nosi nawet trofea lub symboliczne oznaczenia &#8211; nie s\u0105 to zwyk\u0142e namioty, ale echa wygranych bitew i podj\u0119tych podr\u00f3\u017cy&#8230;<\/li>\n<li data-sourcepos=\"10:1-10:228\"><strong>Gotowe na Tw\u00f3j dotyk: <\/strong>Namioty te s\u0105 dostarczane w stanie surowym i zach\u0119caj\u0105 do artystycznej wizji. Obejmij zwietrza\u0142e br\u0105zy i szaro\u015bci dla do\u015bwiadczonego plemienia wojownik\u00f3w lub \u017cywe kolory klanowe dla barbarzy\u0144skich naje\u017ad\u017ac\u00f3w dumnych ze swoich podboj\u00f3w.<\/li>\n<li data-sourcepos=\"12:1-13:0\"><strong>Zbudowane z my\u015bl\u0105 o trudnych warunkach kampanii: <\/strong>Wytrzyma\u0142a konstrukcja oznacza, \u017ce przetrwaj\u0105 nawet najbardziej entuzjastyczne rzuty ko\u015b\u0107mi i miniaturowe manewry, staj\u0105c si\u0119 ukochanymi filarami twojego \u015bwiata na stole.<\/li>\n<\/ul>\n<p data-sourcepos=\"14:1-14:13\"><strong>Zestaw zawiera:<\/strong><\/p>\n<ul data-sourcepos=\"16:1-18:0\">\n<li data-sourcepos=\"16:1-16:67\">2 niepomalowane namioty barbarzy\u0144c\u00f3w (jeden z dekoracjami, jeden bez)<\/li>\n<\/ul>\n<p data-sourcepos=\"19:1-19:45\"><strong>Zam\u00f3w namioty barbarzy\u0144c\u00f3w &#8211; dzicz czeka!<\/strong><\/p>\n<p>&nbsp;<\/p>\n","protected":false},"excerpt":{"rendered":"<p>Dwa barbarzy\u0144skie namioty, jeden z dekoracjami na zewn\u0105trz i jeden bez. Elementy s\u0105 dostarczane w kolorze bia\u0142ym bez nadruku, ale dost\u0119pne s\u0105 r\u00f3wnie\u017c inne kolory.<\/p>\n","protected":false},"featured_media":18922,"comment_status":"open","ping_status":"closed","template":"","meta":[],"product_cat":[3138,3137],"product_tag":[3406,3404,3218,3412,3408,3413,3407,3403,3410,3409,3181,3405,3411],"yoast_head":"<!-- This site is optimized with the Yoast SEO Premium plugin v22.9 (Yoast SEO v22.9) - https:\/\/yoast.com\/wordpress\/plugins\/seo\/ -->\n<title>Zestaw dw\u00f3ch namiot\u00f3w barbarzy\u0144c\u00f3w w skali 28 mm<\/title>\n<meta name=\"robots\" content=\"index, follow, max-snippet:-1, max-image-preview:large, max-video-preview:-1\" \/>\n<link rel=\"canonical\" href=\"https:\/\/3dvikingsstore.com\/pl\/shop\/zestaw-dwoch-namiotow-barbarzyncow-w-skali-28-mm\/\" \/>\n<meta property=\"og:locale\" content=\"pl_PL\" \/>\n<meta property=\"og:type\" content=\"article\" \/>\n<meta property=\"og:title\" content=\"Zestaw dw\u00f3ch namiot\u00f3w barbarzy\u0144c\u00f3w w skali 28 mm\" \/>\n<meta property=\"og:description\" content=\"Dwa barbarzy\u0144skie namioty, jeden z dekoracjami na zewn\u0105trz i jeden bez. Elementy s\u0105 dostarczane w kolorze bia\u0142ym bez nadruku, ale dost\u0119pne s\u0105 r\u00f3wnie\u017c inne kolory.\" \/>\n<meta property=\"og:url\" content=\"https:\/\/3dvikingsstore.com\/pl\/shop\/zestaw-dwoch-namiotow-barbarzyncow-w-skali-28-mm\/\" \/>\n<meta property=\"og:site_name\" content=\"3D Vikings Store\" \/>\n<meta property=\"og:image\" content=\"https:\/\/3dvikingsstore.com\/wp-content\/uploads\/2020\/03\/il_1588xN.1932268896_4hwn.jpg\" \/>\n\t<meta property=\"og:image:width\" content=\"1588\" \/>\n\t<meta property=\"og:image:height\" content=\"999\" \/>\n\t<meta property=\"og:image:type\" content=\"image\/jpeg\" \/>\n<meta name=\"twitter:card\" content=\"summary_large_image\" \/>\n<meta name=\"twitter:label1\" content=\"Szacowany czas czytania\" \/>\n\t<meta name=\"twitter:data1\" content=\"1 minuta\" \/>\n<script type=\"application\/ld+json\" class=\"yoast-schema-graph\">{\"@context\":\"https:\/\/schema.org\",\"@graph\":[{\"@type\":[\"WebPage\",\"ItemPage\"],\"@id\":\"https:\/\/3dvikingsstore.com\/pl\/shop\/zestaw-dwoch-namiotow-barbarzyncow-w-skali-28-mm\/\",\"url\":\"https:\/\/3dvikingsstore.com\/pl\/shop\/zestaw-dwoch-namiotow-barbarzyncow-w-skali-28-mm\/\",\"name\":\"Zestaw dw\u00f3ch namiot\u00f3w barbarzy\u0144c\u00f3w w skali 28 mm\",\"isPartOf\":{\"@id\":\"https:\/\/3dvikingsstore.com\/pl\/#website\"},\"primaryImageOfPage\":{\"@id\":\"https:\/\/3dvikingsstore.com\/pl\/shop\/zestaw-dwoch-namiotow-barbarzyncow-w-skali-28-mm\/#primaryimage\"},\"image\":{\"@id\":\"https:\/\/3dvikingsstore.com\/pl\/shop\/zestaw-dwoch-namiotow-barbarzyncow-w-skali-28-mm\/#primaryimage\"},\"thumbnailUrl\":\"https:\/\/3dvikingsstore.com\/wp-content\/uploads\/2020\/03\/il_1588xN.1932268896_4hwn.jpg\",\"datePublished\":\"2020-03-01T00:58:19+00:00\",\"dateModified\":\"2020-03-01T00:58:19+00:00\",\"breadcrumb\":{\"@id\":\"https:\/\/3dvikingsstore.com\/pl\/shop\/zestaw-dwoch-namiotow-barbarzyncow-w-skali-28-mm\/#breadcrumb\"},\"inLanguage\":\"pl-PL\",\"potentialAction\":[{\"@type\":\"ReadAction\",\"target\":[\"https:\/\/3dvikingsstore.com\/pl\/shop\/zestaw-dwoch-namiotow-barbarzyncow-w-skali-28-mm\/\"]}]},{\"@type\":\"ImageObject\",\"inLanguage\":\"pl-PL\",\"@id\":\"https:\/\/3dvikingsstore.com\/pl\/shop\/zestaw-dwoch-namiotow-barbarzyncow-w-skali-28-mm\/#primaryimage\",\"url\":\"https:\/\/3dvikingsstore.com\/wp-content\/uploads\/2020\/03\/il_1588xN.1932268896_4hwn.jpg\",\"contentUrl\":\"https:\/\/3dvikingsstore.com\/wp-content\/uploads\/2020\/03\/il_1588xN.1932268896_4hwn.jpg\",\"width\":1588,\"height\":999},{\"@type\":\"BreadcrumbList\",\"@id\":\"https:\/\/3dvikingsstore.com\/pl\/shop\/zestaw-dwoch-namiotow-barbarzyncow-w-skali-28-mm\/#breadcrumb\",\"itemListElement\":[{\"@type\":\"ListItem\",\"position\":1,\"name\":\"Home\",\"item\":\"https:\/\/3dvikingsstore.com\/pl\/\"},{\"@type\":\"ListItem\",\"position\":2,\"name\":\"Shop\",\"item\":\"https:\/\/3dvikingsstore.com\/shop\/\"},{\"@type\":\"ListItem\",\"position\":3,\"name\":\"Zestaw dw\u00f3ch namiot\u00f3w barbarzy\u0144c\u00f3w w skali 28 mm\"}]},{\"@type\":\"WebSite\",\"@id\":\"https:\/\/3dvikingsstore.com\/pl\/#website\",\"url\":\"https:\/\/3dvikingsstore.com\/pl\/\",\"name\":\"3D Vikings Store\",\"description\":\"Dekoracje i Akcesoria do Gier Planszowych i Sto\u0142owych\",\"publisher\":{\"@id\":\"https:\/\/3dvikingsstore.com\/pl\/#organization\"},\"potentialAction\":[{\"@type\":\"SearchAction\",\"target\":{\"@type\":\"EntryPoint\",\"urlTemplate\":\"https:\/\/3dvikingsstore.com\/pl\/?s={search_term_string}\"},\"query-input\":\"required name=search_term_string\"}],\"inLanguage\":\"pl-PL\"},{\"@type\":\"Organization\",\"@id\":\"https:\/\/3dvikingsstore.com\/pl\/#organization\",\"name\":\"3D Vikings Store\",\"url\":\"https:\/\/3dvikingsstore.com\/pl\/\",\"logo\":{\"@type\":\"ImageObject\",\"inLanguage\":\"pl-PL\",\"@id\":\"https:\/\/3dvikingsstore.com\/pl\/#\/schema\/logo\/image\/\",\"url\":\"https:\/\/3dvikingsstore.com\/wp-content\/uploads\/2020\/03\/3dvikings-logo-karge-white.jpg\",\"contentUrl\":\"https:\/\/3dvikingsstore.com\/wp-content\/uploads\/2020\/03\/3dvikings-logo-karge-white.jpg\",\"width\":800,\"height\":800,\"caption\":\"3D Vikings Store\"},\"image\":{\"@id\":\"https:\/\/3dvikingsstore.com\/pl\/#\/schema\/logo\/image\/\"}}]}<\/script>\n<!-- \/ Yoast SEO Premium plugin. -->","yoast_head_json":{"title":"Zestaw dw\u00f3ch namiot\u00f3w barbarzy\u0144c\u00f3w w skali 28 mm","robots":{"index":"index","follow":"follow","max-snippet":"max-snippet:-1","max-image-preview":"max-image-preview:large","max-video-preview":"max-video-preview:-1"},"canonical":"https:\/\/3dvikingsstore.com\/pl\/shop\/zestaw-dwoch-namiotow-barbarzyncow-w-skali-28-mm\/","og_locale":"pl_PL","og_type":"article","og_title":"Zestaw dw\u00f3ch namiot\u00f3w barbarzy\u0144c\u00f3w w skali 28 mm","og_description":"Dwa barbarzy\u0144skie namioty, jeden z dekoracjami na zewn\u0105trz i jeden bez. Elementy s\u0105 dostarczane w kolorze bia\u0142ym bez nadruku, ale dost\u0119pne s\u0105 r\u00f3wnie\u017c inne kolory.","og_url":"https:\/\/3dvikingsstore.com\/pl\/shop\/zestaw-dwoch-namiotow-barbarzyncow-w-skali-28-mm\/","og_site_name":"3D Vikings Store","og_image":[{"width":1588,"height":999,"url":"https:\/\/3dvikingsstore.com\/wp-content\/uploads\/2020\/03\/il_1588xN.1932268896_4hwn.jpg","type":"image\/jpeg"}],"twitter_card":"summary_large_image","twitter_misc":{"Szacowany czas czytania":"1 minuta"},"schema":{"@context":"https:\/\/schema.org","@graph":[{"@type":["WebPage","ItemPage"],"@id":"https:\/\/3dvikingsstore.com\/pl\/shop\/zestaw-dwoch-namiotow-barbarzyncow-w-skali-28-mm\/","url":"https:\/\/3dvikingsstore.com\/pl\/shop\/zestaw-dwoch-namiotow-barbarzyncow-w-skali-28-mm\/","name":"Zestaw dw\u00f3ch namiot\u00f3w barbarzy\u0144c\u00f3w w skali 28 mm","isPartOf":{"@id":"https:\/\/3dvikingsstore.com\/pl\/#website"},"primaryImageOfPage":{"@id":"https:\/\/3dvikingsstore.com\/pl\/shop\/zestaw-dwoch-namiotow-barbarzyncow-w-skali-28-mm\/#primaryimage"},"image":{"@id":"https:\/\/3dvikingsstore.com\/pl\/shop\/zestaw-dwoch-namiotow-barbarzyncow-w-skali-28-mm\/#primaryimage"},"thumbnailUrl":"https:\/\/3dvikingsstore.com\/wp-content\/uploads\/2020\/03\/il_1588xN.1932268896_4hwn.jpg","datePublished":"2020-03-01T00:58:19+00:00","dateModified":"2020-03-01T00:58:19+00:00","breadcrumb":{"@id":"https:\/\/3dvikingsstore.com\/pl\/shop\/zestaw-dwoch-namiotow-barbarzyncow-w-skali-28-mm\/#breadcrumb"},"inLanguage":"pl-PL","potentialAction":[{"@type":"ReadAction","target":["https:\/\/3dvikingsstore.com\/pl\/shop\/zestaw-dwoch-namiotow-barbarzyncow-w-skali-28-mm\/"]}]},{"@type":"ImageObject","inLanguage":"pl-PL","@id":"https:\/\/3dvikingsstore.com\/pl\/shop\/zestaw-dwoch-namiotow-barbarzyncow-w-skali-28-mm\/#primaryimage","url":"https:\/\/3dvikingsstore.com\/wp-content\/uploads\/2020\/03\/il_1588xN.1932268896_4hwn.jpg","contentUrl":"https:\/\/3dvikingsstore.com\/wp-content\/uploads\/2020\/03\/il_1588xN.1932268896_4hwn.jpg","width":1588,"height":999},{"@type":"BreadcrumbList","@id":"https:\/\/3dvikingsstore.com\/pl\/shop\/zestaw-dwoch-namiotow-barbarzyncow-w-skali-28-mm\/#breadcrumb","itemListElement":[{"@type":"ListItem","position":1,"name":"Home","item":"https:\/\/3dvikingsstore.com\/pl\/"},{"@type":"ListItem","position":2,"name":"Shop","item":"https:\/\/3dvikingsstore.com\/shop\/"},{"@type":"ListItem","position":3,"name":"Zestaw dw\u00f3ch namiot\u00f3w barbarzy\u0144c\u00f3w w skali 28 mm"}]},{"@type":"WebSite","@id":"https:\/\/3dvikingsstore.com\/pl\/#website","url":"https:\/\/3dvikingsstore.com\/pl\/","name":"3D Vikings Store","description":"Dekoracje i Akcesoria do Gier Planszowych i Sto\u0142owych","publisher":{"@id":"https:\/\/3dvikingsstore.com\/pl\/#organization"},"potentialAction":[{"@type":"SearchAction","target":{"@type":"EntryPoint","urlTemplate":"https:\/\/3dvikingsstore.com\/pl\/?s={search_term_string}"},"query-input":"required name=search_term_string"}],"inLanguage":"pl-PL"},{"@type":"Organization","@id":"https:\/\/3dvikingsstore.com\/pl\/#organization","name":"3D Vikings Store","url":"https:\/\/3dvikingsstore.com\/pl\/","logo":{"@type":"ImageObject","inLanguage":"pl-PL","@id":"https:\/\/3dvikingsstore.com\/pl\/#\/schema\/logo\/image\/","url":"https:\/\/3dvikingsstore.com\/wp-content\/uploads\/2020\/03\/3dvikings-logo-karge-white.jpg","contentUrl":"https:\/\/3dvikingsstore.com\/wp-content\/uploads\/2020\/03\/3dvikings-logo-karge-white.jpg","width":800,"height":800,"caption":"3D Vikings Store"},"image":{"@id":"https:\/\/3dvikingsstore.com\/pl\/#\/schema\/logo\/image\/"}}]}},"_links":{"self":[{"href":"https:\/\/3dvikingsstore.com\/pl\/wp-json\/wp\/v2\/product\/18921"}],"collection":[{"href":"https:\/\/3dvikingsstore.com\/pl\/wp-json\/wp\/v2\/product"}],"about":[{"href":"https:\/\/3dvikingsstore.com\/pl\/wp-json\/wp\/v2\/types\/product"}],"replies":[{"embeddable":true,"href":"https:\/\/3dvikingsstore.com\/pl\/wp-json\/wp\/v2\/comments?post=18921"}],"version-history":[{"count":0,"href":"https:\/\/3dvikingsstore.com\/pl\/wp-json\/wp\/v2\/product\/18921\/revisions"}],"wp:featuredmedia":[{"embeddable":true,"href":"https:\/\/3dvikingsstore.com\/pl\/wp-json\/wp\/v2\/media\/18922"}],"wp:attachment":[{"href":"https:\/\/3dvikingsstore.com\/pl\/wp-json\/wp\/v2\/media?parent=18921"}],"wp:term":[{"taxonomy":"product_cat","embeddable":true,"href":"https:\/\/3dvikingsstore.com\/pl\/wp-json\/wp\/v2\/product_cat?post=18921"},{"taxonomy":"product_tag","embeddable":true,"href":"https:\/\/3dvikingsstore.com\/pl\/wp-json\/wp\/v2\/product_tag?post=18921"}],"curies":[{"name":"wp","href":"https:\/\/api.w.org\/{rel}","templated":true}]}}