{"id":18913,"date":"2020-03-01T02:58:20","date_gmt":"2020-03-01T00:58:20","guid":{"rendered":"https:\/\/3dvikingsstore.com\/shop\/wieza-do-kosci-zamek-grayskull-najlepszy-dodatek-do-gier-fantasy\/"},"modified":"2020-03-01T02:58:20","modified_gmt":"2020-03-01T00:58:20","slug":"wieza-do-kosci-zamek-grayskull-najlepszy-dodatek-do-gier-fantasy","status":"publish","type":"product","link":"https:\/\/3dvikingsstore.com\/pl\/shop\/wieza-do-kosci-zamek-grayskull-najlepszy-dodatek-do-gier-fantasy\/","title":{"rendered":"Wie\u017ca do Ko\u015bci Zamek Grayskull: Najlepszy Dodatek do Gier Fantasy"},"content":{"rendered":"<p><strong>Wie\u017ca do Ko\u015bci Zamek Grayskull<\/strong>, najlepszy dodatek do Twojego sto\u0142u do gier.<\/p>\n<p>Wie\u017ca do Ko\u015bci Zamek Grayskull to osza\u0142amiaj\u0105ca replika kultowej twierdzy z Eternii. Ma <strong>ponad 15 cm wysoko\u015bci<\/strong> i przedstawia skomplikowane detale, takie jak wej\u015bcie w kszta\u0142cie czaszki. Wie\u017ca wykonana jest z wytrzyma\u0142ego tworzywa sztucznego.<\/p>\n<p>Ale Wie\u017ca do Ko\u015bci Zamek Grayskull to nie tylko pi\u0119kny eksponat. Jest to r\u00f3wnie\u017c funkcjonalna wie\u017ca do gry w ko\u015bci. Wystarczy wrzuci\u0107 ko\u015bci na szczyt wie\u017cy i obserwowa\u0107, jak spadaj\u0105 po spiralnych schodach, l\u0105duj\u0105c w fosie poni\u017cej. Wie\u017ca zapewnia uczciwe i losowe rzuty za ka\u017cdym razem, jednocze\u015bnie dodaj\u0105c troch\u0119 zabawy i emocji do gry.<\/p>\n<p>Wie\u017ca do Ko\u015bci Zamek Grayskull jest kompatybilna z ka\u017cd\u0105 gr\u0105 RPG fantasy, kt\u00f3ra wykorzystuje ko\u015bci. Niezale\u017cnie od tego, czy eksplorujesz lochy, walczysz ze smokami, czy ratujesz \u015bwiat, wie\u017ca poprawi twoje wra\u017cenia z gry i sprawi, \u017ce poczujesz si\u0119 jak prawdziwy bohater. Wie\u017ca to tak\u017ce \u015bwietny prezent dla ka\u017cdego fana fantastyki lub nostalgii.<\/p>\n<p>Potrzebujesz wyj\u0105tkowego dodatku do Twoich sesji RPG fantasy? Nie przegap Wie\u017cy do Ko\u015bci Zamek Grayskull! <strong>Zam\u00f3w ju\u017c dzi\u015b i uwolnij moc Grayskulla!<\/strong><\/p>\n","protected":false},"excerpt":{"rendered":"<p>Wie\u017ca do Ko\u015bci Zamek Grayskull to osza\u0142amiaj\u0105ca replika kultowej twierdzy z Eternii. Poczuj magi\u0119 He-Mana na swoim stole! Ma ponad 16 cm wysoko\u015bci i posiada skomplikowane detale, takie jak wej\u015bcie w kszta\u0142cie czaszki. Wie\u017ca wykonana jest z wytrzyma\u0142ego tworzywa sztucznego.<\/p>\n","protected":false},"featured_media":18914,"comment_status":"open","ping_status":"closed","template":"","meta":[],"product_cat":[3146],"product_tag":[3402,3372,3390,3369,3396,3394,3397,3393,3392,3371,3398,3395,3391,3399,3401,3400,3213],"yoast_head":"<!-- This site is optimized with the Yoast SEO Premium plugin v22.9 (Yoast SEO v22.9) - https:\/\/yoast.com\/wordpress\/plugins\/seo\/ -->\n<title>Wie\u017ca do Ko\u015bci Zamek Grayskull: Najlepszy Dodatek do Gier Fantasy<\/title>\n<meta name=\"description\" content=\"Wie\u017ca do Ko\u015bci Zamek Grayskull to osza\u0142amiaj\u0105ca replika kultowej twierdzy z Eternii. Ma ponad 15 cm wysoko\u015bci i posiada skomplikowane detale.\" \/>\n<meta name=\"robots\" content=\"index, follow, max-snippet:-1, max-image-preview:large, max-video-preview:-1\" \/>\n<link rel=\"canonical\" href=\"https:\/\/3dvikingsstore.com\/pl\/shop\/wieza-do-kosci-zamek-grayskull-najlepszy-dodatek-do-gier-fantasy\/\" \/>\n<meta property=\"og:locale\" content=\"pl_PL\" \/>\n<meta property=\"og:type\" content=\"article\" \/>\n<meta property=\"og:title\" content=\"Wie\u017ca do Ko\u015bci Zamek Grayskull: Najlepszy Dodatek do Gier Fantasy\" \/>\n<meta property=\"og:description\" content=\"Wie\u017ca do Ko\u015bci Zamek Grayskull to osza\u0142amiaj\u0105ca replika kultowej twierdzy z Eternii. Ma ponad 15 cm wysoko\u015bci i posiada skomplikowane detale.\" \/>\n<meta property=\"og:url\" content=\"https:\/\/3dvikingsstore.com\/pl\/shop\/wieza-do-kosci-zamek-grayskull-najlepszy-dodatek-do-gier-fantasy\/\" \/>\n<meta property=\"og:site_name\" content=\"3D Vikings Store\" \/>\n<meta property=\"og:image\" content=\"https:\/\/3dvikingsstore.com\/wp-content\/uploads\/2020\/03\/grayskull-dice-tower-1.jpg\" \/>\n\t<meta property=\"og:image:width\" content=\"641\" \/>\n\t<meta property=\"og:image:height\" content=\"641\" \/>\n\t<meta property=\"og:image:type\" content=\"image\/jpeg\" \/>\n<meta name=\"twitter:card\" content=\"summary_large_image\" \/>\n<meta name=\"twitter:label1\" content=\"Szacowany czas czytania\" \/>\n\t<meta name=\"twitter:data1\" content=\"1 minuta\" \/>\n<script type=\"application\/ld+json\" class=\"yoast-schema-graph\">{\"@context\":\"https:\/\/schema.org\",\"@graph\":[{\"@type\":[\"WebPage\",\"ItemPage\"],\"@id\":\"https:\/\/3dvikingsstore.com\/pl\/shop\/wieza-do-kosci-zamek-grayskull-najlepszy-dodatek-do-gier-fantasy\/\",\"url\":\"https:\/\/3dvikingsstore.com\/pl\/shop\/wieza-do-kosci-zamek-grayskull-najlepszy-dodatek-do-gier-fantasy\/\",\"name\":\"Wie\u017ca do Ko\u015bci Zamek Grayskull: Najlepszy Dodatek do Gier Fantasy\",\"isPartOf\":{\"@id\":\"https:\/\/3dvikingsstore.com\/pl\/#website\"},\"primaryImageOfPage\":{\"@id\":\"https:\/\/3dvikingsstore.com\/pl\/shop\/wieza-do-kosci-zamek-grayskull-najlepszy-dodatek-do-gier-fantasy\/#primaryimage\"},\"image\":{\"@id\":\"https:\/\/3dvikingsstore.com\/pl\/shop\/wieza-do-kosci-zamek-grayskull-najlepszy-dodatek-do-gier-fantasy\/#primaryimage\"},\"thumbnailUrl\":\"https:\/\/3dvikingsstore.com\/wp-content\/uploads\/2020\/03\/grayskull-dice-tower-1.jpg\",\"datePublished\":\"2020-03-01T00:58:20+00:00\",\"dateModified\":\"2020-03-01T00:58:20+00:00\",\"description\":\"Wie\u017ca do Ko\u015bci Zamek Grayskull to osza\u0142amiaj\u0105ca replika kultowej twierdzy z Eternii. Ma ponad 15 cm wysoko\u015bci i posiada skomplikowane detale.\",\"breadcrumb\":{\"@id\":\"https:\/\/3dvikingsstore.com\/pl\/shop\/wieza-do-kosci-zamek-grayskull-najlepszy-dodatek-do-gier-fantasy\/#breadcrumb\"},\"inLanguage\":\"pl-PL\",\"potentialAction\":[{\"@type\":\"ReadAction\",\"target\":[\"https:\/\/3dvikingsstore.com\/pl\/shop\/wieza-do-kosci-zamek-grayskull-najlepszy-dodatek-do-gier-fantasy\/\"]}]},{\"@type\":\"ImageObject\",\"inLanguage\":\"pl-PL\",\"@id\":\"https:\/\/3dvikingsstore.com\/pl\/shop\/wieza-do-kosci-zamek-grayskull-najlepszy-dodatek-do-gier-fantasy\/#primaryimage\",\"url\":\"https:\/\/3dvikingsstore.com\/wp-content\/uploads\/2020\/03\/grayskull-dice-tower-1.jpg\",\"contentUrl\":\"https:\/\/3dvikingsstore.com\/wp-content\/uploads\/2020\/03\/grayskull-dice-tower-1.jpg\",\"width\":641,\"height\":641},{\"@type\":\"BreadcrumbList\",\"@id\":\"https:\/\/3dvikingsstore.com\/pl\/shop\/wieza-do-kosci-zamek-grayskull-najlepszy-dodatek-do-gier-fantasy\/#breadcrumb\",\"itemListElement\":[{\"@type\":\"ListItem\",\"position\":1,\"name\":\"Home\",\"item\":\"https:\/\/3dvikingsstore.com\/pl\/\"},{\"@type\":\"ListItem\",\"position\":2,\"name\":\"Shop\",\"item\":\"https:\/\/3dvikingsstore.com\/shop\/\"},{\"@type\":\"ListItem\",\"position\":3,\"name\":\"Wie\u017ca do Ko\u015bci Zamek Grayskull: Najlepszy Dodatek do Gier Fantasy\"}]},{\"@type\":\"WebSite\",\"@id\":\"https:\/\/3dvikingsstore.com\/pl\/#website\",\"url\":\"https:\/\/3dvikingsstore.com\/pl\/\",\"name\":\"3D Vikings Store\",\"description\":\"Dekoracje i Akcesoria do Gier Planszowych i Sto\u0142owych\",\"publisher\":{\"@id\":\"https:\/\/3dvikingsstore.com\/pl\/#organization\"},\"potentialAction\":[{\"@type\":\"SearchAction\",\"target\":{\"@type\":\"EntryPoint\",\"urlTemplate\":\"https:\/\/3dvikingsstore.com\/pl\/?s={search_term_string}\"},\"query-input\":\"required name=search_term_string\"}],\"inLanguage\":\"pl-PL\"},{\"@type\":\"Organization\",\"@id\":\"https:\/\/3dvikingsstore.com\/pl\/#organization\",\"name\":\"3D Vikings Store\",\"url\":\"https:\/\/3dvikingsstore.com\/pl\/\",\"logo\":{\"@type\":\"ImageObject\",\"inLanguage\":\"pl-PL\",\"@id\":\"https:\/\/3dvikingsstore.com\/pl\/#\/schema\/logo\/image\/\",\"url\":\"https:\/\/3dvikingsstore.com\/wp-content\/uploads\/2020\/03\/3dvikings-logo-karge-white.jpg\",\"contentUrl\":\"https:\/\/3dvikingsstore.com\/wp-content\/uploads\/2020\/03\/3dvikings-logo-karge-white.jpg\",\"width\":800,\"height\":800,\"caption\":\"3D Vikings Store\"},\"image\":{\"@id\":\"https:\/\/3dvikingsstore.com\/pl\/#\/schema\/logo\/image\/\"}}]}<\/script>\n<!-- \/ Yoast SEO Premium plugin. -->","yoast_head_json":{"title":"Wie\u017ca do Ko\u015bci Zamek Grayskull: Najlepszy Dodatek do Gier Fantasy","description":"Wie\u017ca do Ko\u015bci Zamek Grayskull to osza\u0142amiaj\u0105ca replika kultowej twierdzy z Eternii. Ma ponad 15 cm wysoko\u015bci i posiada skomplikowane detale.","robots":{"index":"index","follow":"follow","max-snippet":"max-snippet:-1","max-image-preview":"max-image-preview:large","max-video-preview":"max-video-preview:-1"},"canonical":"https:\/\/3dvikingsstore.com\/pl\/shop\/wieza-do-kosci-zamek-grayskull-najlepszy-dodatek-do-gier-fantasy\/","og_locale":"pl_PL","og_type":"article","og_title":"Wie\u017ca do Ko\u015bci Zamek Grayskull: Najlepszy Dodatek do Gier Fantasy","og_description":"Wie\u017ca do Ko\u015bci Zamek Grayskull to osza\u0142amiaj\u0105ca replika kultowej twierdzy z Eternii. Ma ponad 15 cm wysoko\u015bci i posiada skomplikowane detale.","og_url":"https:\/\/3dvikingsstore.com\/pl\/shop\/wieza-do-kosci-zamek-grayskull-najlepszy-dodatek-do-gier-fantasy\/","og_site_name":"3D Vikings Store","og_image":[{"width":641,"height":641,"url":"https:\/\/3dvikingsstore.com\/wp-content\/uploads\/2020\/03\/grayskull-dice-tower-1.jpg","type":"image\/jpeg"}],"twitter_card":"summary_large_image","twitter_misc":{"Szacowany czas czytania":"1 minuta"},"schema":{"@context":"https:\/\/schema.org","@graph":[{"@type":["WebPage","ItemPage"],"@id":"https:\/\/3dvikingsstore.com\/pl\/shop\/wieza-do-kosci-zamek-grayskull-najlepszy-dodatek-do-gier-fantasy\/","url":"https:\/\/3dvikingsstore.com\/pl\/shop\/wieza-do-kosci-zamek-grayskull-najlepszy-dodatek-do-gier-fantasy\/","name":"Wie\u017ca do Ko\u015bci Zamek Grayskull: Najlepszy Dodatek do Gier Fantasy","isPartOf":{"@id":"https:\/\/3dvikingsstore.com\/pl\/#website"},"primaryImageOfPage":{"@id":"https:\/\/3dvikingsstore.com\/pl\/shop\/wieza-do-kosci-zamek-grayskull-najlepszy-dodatek-do-gier-fantasy\/#primaryimage"},"image":{"@id":"https:\/\/3dvikingsstore.com\/pl\/shop\/wieza-do-kosci-zamek-grayskull-najlepszy-dodatek-do-gier-fantasy\/#primaryimage"},"thumbnailUrl":"https:\/\/3dvikingsstore.com\/wp-content\/uploads\/2020\/03\/grayskull-dice-tower-1.jpg","datePublished":"2020-03-01T00:58:20+00:00","dateModified":"2020-03-01T00:58:20+00:00","description":"Wie\u017ca do Ko\u015bci Zamek Grayskull to osza\u0142amiaj\u0105ca replika kultowej twierdzy z Eternii. Ma ponad 15 cm wysoko\u015bci i posiada skomplikowane detale.","breadcrumb":{"@id":"https:\/\/3dvikingsstore.com\/pl\/shop\/wieza-do-kosci-zamek-grayskull-najlepszy-dodatek-do-gier-fantasy\/#breadcrumb"},"inLanguage":"pl-PL","potentialAction":[{"@type":"ReadAction","target":["https:\/\/3dvikingsstore.com\/pl\/shop\/wieza-do-kosci-zamek-grayskull-najlepszy-dodatek-do-gier-fantasy\/"]}]},{"@type":"ImageObject","inLanguage":"pl-PL","@id":"https:\/\/3dvikingsstore.com\/pl\/shop\/wieza-do-kosci-zamek-grayskull-najlepszy-dodatek-do-gier-fantasy\/#primaryimage","url":"https:\/\/3dvikingsstore.com\/wp-content\/uploads\/2020\/03\/grayskull-dice-tower-1.jpg","contentUrl":"https:\/\/3dvikingsstore.com\/wp-content\/uploads\/2020\/03\/grayskull-dice-tower-1.jpg","width":641,"height":641},{"@type":"BreadcrumbList","@id":"https:\/\/3dvikingsstore.com\/pl\/shop\/wieza-do-kosci-zamek-grayskull-najlepszy-dodatek-do-gier-fantasy\/#breadcrumb","itemListElement":[{"@type":"ListItem","position":1,"name":"Home","item":"https:\/\/3dvikingsstore.com\/pl\/"},{"@type":"ListItem","position":2,"name":"Shop","item":"https:\/\/3dvikingsstore.com\/shop\/"},{"@type":"ListItem","position":3,"name":"Wie\u017ca do Ko\u015bci Zamek Grayskull: Najlepszy Dodatek do Gier Fantasy"}]},{"@type":"WebSite","@id":"https:\/\/3dvikingsstore.com\/pl\/#website","url":"https:\/\/3dvikingsstore.com\/pl\/","name":"3D Vikings Store","description":"Dekoracje i Akcesoria do Gier Planszowych i Sto\u0142owych","publisher":{"@id":"https:\/\/3dvikingsstore.com\/pl\/#organization"},"potentialAction":[{"@type":"SearchAction","target":{"@type":"EntryPoint","urlTemplate":"https:\/\/3dvikingsstore.com\/pl\/?s={search_term_string}"},"query-input":"required name=search_term_string"}],"inLanguage":"pl-PL"},{"@type":"Organization","@id":"https:\/\/3dvikingsstore.com\/pl\/#organization","name":"3D Vikings Store","url":"https:\/\/3dvikingsstore.com\/pl\/","logo":{"@type":"ImageObject","inLanguage":"pl-PL","@id":"https:\/\/3dvikingsstore.com\/pl\/#\/schema\/logo\/image\/","url":"https:\/\/3dvikingsstore.com\/wp-content\/uploads\/2020\/03\/3dvikings-logo-karge-white.jpg","contentUrl":"https:\/\/3dvikingsstore.com\/wp-content\/uploads\/2020\/03\/3dvikings-logo-karge-white.jpg","width":800,"height":800,"caption":"3D Vikings Store"},"image":{"@id":"https:\/\/3dvikingsstore.com\/pl\/#\/schema\/logo\/image\/"}}]}},"_links":{"self":[{"href":"https:\/\/3dvikingsstore.com\/pl\/wp-json\/wp\/v2\/product\/18913"}],"collection":[{"href":"https:\/\/3dvikingsstore.com\/pl\/wp-json\/wp\/v2\/product"}],"about":[{"href":"https:\/\/3dvikingsstore.com\/pl\/wp-json\/wp\/v2\/types\/product"}],"replies":[{"embeddable":true,"href":"https:\/\/3dvikingsstore.com\/pl\/wp-json\/wp\/v2\/comments?post=18913"}],"version-history":[{"count":0,"href":"https:\/\/3dvikingsstore.com\/pl\/wp-json\/wp\/v2\/product\/18913\/revisions"}],"wp:featuredmedia":[{"embeddable":true,"href":"https:\/\/3dvikingsstore.com\/pl\/wp-json\/wp\/v2\/media\/18914"}],"wp:attachment":[{"href":"https:\/\/3dvikingsstore.com\/pl\/wp-json\/wp\/v2\/media?parent=18913"}],"wp:term":[{"taxonomy":"product_cat","embeddable":true,"href":"https:\/\/3dvikingsstore.com\/pl\/wp-json\/wp\/v2\/product_cat?post=18913"},{"taxonomy":"product_tag","embeddable":true,"href":"https:\/\/3dvikingsstore.com\/pl\/wp-json\/wp\/v2\/product_tag?post=18913"}],"curies":[{"name":"wp","href":"https:\/\/api.w.org\/{rel}","templated":true}]}}