{"id":18906,"date":"2020-03-01T02:58:21","date_gmt":"2020-03-01T00:58:21","guid":{"rendered":"https:\/\/3dvikingsstore.com\/shop\/chatka-goblina-typu-2-do-gier-stolowych\/"},"modified":"2025-10-29T04:13:00","modified_gmt":"2025-10-29T02:13:00","slug":"chatka-goblina-typu-2-do-gier-stolowych","status":"publish","type":"product","link":"https:\/\/3dvikingsstore.com\/pl\/shop\/chatka-goblina-typu-2-do-gier-stolowych\/","title":{"rendered":"Chatka Goblina Typu 2 do Gier Sto\u0142owych"},"content":{"rendered":"<p data-sourcepos=\"5:1-5:171\">Dodaj odrobin\u0119 chaotycznej energii do swojego blatu! Ta starannie wykonana chatka goblin\u00f3w, skalowana do miniatur &#8222;Heroic&#8221; 28\/32 mm, to idealny spos\u00f3b na o\u017cywienie tych z\u0142o\u015bliwych hord. Niezale\u017cnie od tego, czy organizujesz zasadzk\u0119 na gobliny dla swoich poszukiwaczy przyg\u00f3d D&amp;D, czy te\u017c szukasz \u0142up\u00f3w w potyczce, jego dziwaczna konstrukcja nap\u0119dza zar\u00f3wno wyzwania taktyczne, jak i zabawne momenty fabularne.<\/p>\n<p data-sourcepos=\"7:1-7:29\"><strong>Dlaczego Tw\u00f3j st\u00f3\u0142 tego potrzebuje?<\/strong><\/p>\n<ul data-sourcepos=\"9:1-11:9\">\n<li data-sourcepos=\"9:1-9:230\"><strong>Gobliny w dobrym<\/strong> wydaniu: Wyobra\u017a sobie przekrzywion\u0105 konstrukcj\u0119, niedopasowane materia\u0142y i by\u0107 mo\u017ce chwiejn\u0105 flag\u0119 z prymitywnie narysowan\u0105 czaszk\u0105&#8230; ta chata m\u00f3wi wiele o jej chaotycznych mieszka\u0144cach, zanim jeszcze dodasz figurki!<\/li>\n<li data-sourcepos=\"10:1-10:250\"><strong>Wi\u0119cej ni\u017c s\u0142odycze dla oczu:<\/strong> Jest zbudowany tak, aby pasowa\u0142 do kom\u00f3rek siatki 1 &#8222;, wi\u0119c bitwy tocz\u0105 si\u0119 strategicznie zar\u00f3wno wok\u00f3\u0142, jak i wewn\u0105trz samej chaty. Wyobra\u017a sobie desperack\u0105 walk\u0119 o \u0142upy w \u015brodku lub odwa\u017cnego barbarzy\u0144c\u0119 u\u017cywaj\u0105cego go jako prowizorycznej os\u0142ony przed gobli\u0144skimi \u0142ucznikami&#8230;<\/li>\n<li data-sourcepos=\"11:1-11:9\"><strong>Kradnie scen\u0119 w Twoim stylu!<\/strong> Chatka przybywa niepomalowana, staj\u0105c si\u0119 Twoim p\u0142\u00f3tnem. Wykorzystaj brudn\u0105, chaotyczn\u0105 natur\u0119 oboz\u00f3w goblin\u00f3w, dodaj trofea z poprzednich &#8222;zwyci\u0119stw&#8221; lub pozw\u00f3l, aby te \u017cywe farby przekszta\u0142ci\u0142y je w zaskakuj\u0105co \u015bwi\u0105teczny element centralny dla twojego plemienia goblin\u00f3w.<\/li>\n<li data-sourcepos=\"12:1-13:0\"><strong>Stworzony do ostrej walki:<\/strong> Wytrzyma\u0142a konstrukcja oznacza, \u017ce nie rozpadnie si\u0119 przy pierwszym upadku figurki, nawet podczas najbardziej emocjonuj\u0105cych star\u0107 goblin\u00f3w z poszukiwaczami przyg\u00f3d.<\/li>\n<\/ul>\n<p data-sourcepos=\"14:1-14:9\"><strong>Zawiera:<\/strong><\/p>\n<ul data-sourcepos=\"16:1-18:0\">\n<li data-sourcepos=\"16:1-16:25\">1x Niepomalowana chatka goblin\u00f3w<\/li>\n<li data-sourcepos=\"17:1-18:0\">Wymiary: 95 x 80 x 71 mm (3,7 x 3,15 x 2,8 cala)<\/li>\n<\/ul>\n<p data-sourcepos=\"19:1-19:42\"><strong>Zam\u00f3w swoj\u0105 chatk\u0119 goblin\u00f3w &#8211; Chaos czeka!<\/strong><\/p>\n<p>&nbsp;<\/p>\n","protected":false},"excerpt":{"rendered":"<p>&#8222;Gobliny to ma\u0142e goblinoidy, kt\u00f3re wielu uwa\u017ca za niewiele wi\u0119cej ni\u017c uci\u0105\u017cliwe. Maj\u0105 p\u0142askie twarze, szerokie nosy, spiczaste uszy i ma\u0142e, ostre k\u0142y. Ich czo\u0142a opadaj\u0105 ku ty\u0142owi, a kolor oczu waha si\u0119 od czerwonego do \u017c\u00f3\u0142tego. Kolor ich sk\u00f3ry waha si\u0119 od \u017c\u00f3\u0142tego, przez wszelkie odcienie pomara\u0144czowego, a\u017c do g\u0142\u0119bokiej czerwieni; zazwyczaj wszyscy cz\u0142onkowie tego samego plemienia maj\u0105 ten sam kolor sk\u00f3ry, cho\u0107 wyst\u0119puj\u0105 r\u00f3wnie\u017c w odcieniach zieleni. Gobliny s\u0105 zazwyczaj ubrane w ciemne sk\u00f3ry zabrudzone z powodu z\u0142ej higieny i zabarwione w podobnej gamie odcieni co ich sk\u00f3ra&#8221;.<\/p>\n","protected":false},"featured_media":18907,"comment_status":"open","ping_status":"closed","template":"","meta":[],"product_cat":[3138,3137],"product_tag":[3278,3276,3383,3381,3389,3274,3277,3267,3272,3271,3388,3269,3270,3273,3275,3382,3203,3387,3384,3386,3385,3268],"yoast_head":"<!-- This site is optimized with the Yoast SEO Premium plugin v22.9 (Yoast SEO v22.9) - https:\/\/yoast.com\/wordpress\/plugins\/seo\/ -->\n<title>Chatka Goblina Typu 2 do Gier Sto\u0142owych<\/title>\n<meta name=\"robots\" content=\"index, follow, max-snippet:-1, max-image-preview:large, max-video-preview:-1\" \/>\n<link rel=\"canonical\" href=\"https:\/\/3dvikingsstore.com\/pl\/shop\/chatka-goblina-typu-2-do-gier-stolowych\/\" \/>\n<meta property=\"og:locale\" content=\"pl_PL\" \/>\n<meta property=\"og:type\" content=\"article\" \/>\n<meta property=\"og:title\" content=\"Chatka Goblina Typu 2 do Gier Sto\u0142owych\" \/>\n<meta property=\"og:description\" content=\"&quot;Gobliny to ma\u0142e goblinoidy, kt\u00f3re wielu uwa\u017ca za niewiele wi\u0119cej ni\u017c uci\u0105\u017cliwe. Maj\u0105 p\u0142askie twarze, szerokie nosy, spiczaste uszy i ma\u0142e, ostre k\u0142y. Ich czo\u0142a opadaj\u0105 ku ty\u0142owi, a kolor oczu waha si\u0119 od czerwonego do \u017c\u00f3\u0142tego. Kolor ich sk\u00f3ry waha si\u0119 od \u017c\u00f3\u0142tego, przez wszelkie odcienie pomara\u0144czowego, a\u017c do g\u0142\u0119bokiej czerwieni; zazwyczaj wszyscy cz\u0142onkowie tego samego plemienia maj\u0105 ten sam kolor sk\u00f3ry, cho\u0107 wyst\u0119puj\u0105 r\u00f3wnie\u017c w odcieniach zieleni. Gobliny s\u0105 zazwyczaj ubrane w ciemne sk\u00f3ry zabrudzone z powodu z\u0142ej higieny i zabarwione w podobnej gamie odcieni co ich sk\u00f3ra&quot;.\" \/>\n<meta property=\"og:url\" content=\"https:\/\/3dvikingsstore.com\/pl\/shop\/chatka-goblina-typu-2-do-gier-stolowych\/\" \/>\n<meta property=\"og:site_name\" content=\"3D Vikings Store\" \/>\n<meta property=\"article:modified_time\" content=\"2025-10-29T02:13:00+00:00\" \/>\n<meta property=\"og:image\" content=\"https:\/\/3dvikingsstore.com\/wp-content\/uploads\/2020\/03\/il_1588xN.1989260585_4ki6.jpg\" \/>\n\t<meta property=\"og:image:width\" content=\"1588\" \/>\n\t<meta property=\"og:image:height\" content=\"1191\" \/>\n\t<meta property=\"og:image:type\" content=\"image\/jpeg\" \/>\n<meta name=\"twitter:card\" content=\"summary_large_image\" \/>\n<meta name=\"twitter:label1\" content=\"Szacowany czas czytania\" \/>\n\t<meta name=\"twitter:data1\" content=\"1 minuta\" \/>\n<script type=\"application\/ld+json\" class=\"yoast-schema-graph\">{\"@context\":\"https:\/\/schema.org\",\"@graph\":[{\"@type\":[\"WebPage\",\"ItemPage\"],\"@id\":\"https:\/\/3dvikingsstore.com\/pl\/shop\/chatka-goblina-typu-2-do-gier-stolowych\/\",\"url\":\"https:\/\/3dvikingsstore.com\/pl\/shop\/chatka-goblina-typu-2-do-gier-stolowych\/\",\"name\":\"Chatka Goblina Typu 2 do Gier Sto\u0142owych\",\"isPartOf\":{\"@id\":\"https:\/\/3dvikingsstore.com\/pl\/#website\"},\"primaryImageOfPage\":{\"@id\":\"https:\/\/3dvikingsstore.com\/pl\/shop\/chatka-goblina-typu-2-do-gier-stolowych\/#primaryimage\"},\"image\":{\"@id\":\"https:\/\/3dvikingsstore.com\/pl\/shop\/chatka-goblina-typu-2-do-gier-stolowych\/#primaryimage\"},\"thumbnailUrl\":\"https:\/\/3dvikingsstore.com\/wp-content\/uploads\/2020\/03\/il_1588xN.1989260585_4ki6.jpg\",\"datePublished\":\"2020-03-01T00:58:21+00:00\",\"dateModified\":\"2025-10-29T02:13:00+00:00\",\"breadcrumb\":{\"@id\":\"https:\/\/3dvikingsstore.com\/pl\/shop\/chatka-goblina-typu-2-do-gier-stolowych\/#breadcrumb\"},\"inLanguage\":\"pl-PL\",\"potentialAction\":[{\"@type\":\"ReadAction\",\"target\":[\"https:\/\/3dvikingsstore.com\/pl\/shop\/chatka-goblina-typu-2-do-gier-stolowych\/\"]}]},{\"@type\":\"ImageObject\",\"inLanguage\":\"pl-PL\",\"@id\":\"https:\/\/3dvikingsstore.com\/pl\/shop\/chatka-goblina-typu-2-do-gier-stolowych\/#primaryimage\",\"url\":\"https:\/\/3dvikingsstore.com\/wp-content\/uploads\/2020\/03\/il_1588xN.1989260585_4ki6.jpg\",\"contentUrl\":\"https:\/\/3dvikingsstore.com\/wp-content\/uploads\/2020\/03\/il_1588xN.1989260585_4ki6.jpg\",\"width\":1588,\"height\":1191},{\"@type\":\"BreadcrumbList\",\"@id\":\"https:\/\/3dvikingsstore.com\/pl\/shop\/chatka-goblina-typu-2-do-gier-stolowych\/#breadcrumb\",\"itemListElement\":[{\"@type\":\"ListItem\",\"position\":1,\"name\":\"Home\",\"item\":\"https:\/\/3dvikingsstore.com\/pl\/\"},{\"@type\":\"ListItem\",\"position\":2,\"name\":\"Shop\",\"item\":\"https:\/\/3dvikingsstore.com\/shop\/\"},{\"@type\":\"ListItem\",\"position\":3,\"name\":\"Chatka Goblina Typu 2 do Gier Sto\u0142owych\"}]},{\"@type\":\"WebSite\",\"@id\":\"https:\/\/3dvikingsstore.com\/pl\/#website\",\"url\":\"https:\/\/3dvikingsstore.com\/pl\/\",\"name\":\"3D Vikings Store\",\"description\":\"Dekoracje i Akcesoria do Gier Planszowych i Sto\u0142owych\",\"publisher\":{\"@id\":\"https:\/\/3dvikingsstore.com\/pl\/#organization\"},\"potentialAction\":[{\"@type\":\"SearchAction\",\"target\":{\"@type\":\"EntryPoint\",\"urlTemplate\":\"https:\/\/3dvikingsstore.com\/pl\/?s={search_term_string}\"},\"query-input\":\"required name=search_term_string\"}],\"inLanguage\":\"pl-PL\"},{\"@type\":\"Organization\",\"@id\":\"https:\/\/3dvikingsstore.com\/pl\/#organization\",\"name\":\"3D Vikings Store\",\"url\":\"https:\/\/3dvikingsstore.com\/pl\/\",\"logo\":{\"@type\":\"ImageObject\",\"inLanguage\":\"pl-PL\",\"@id\":\"https:\/\/3dvikingsstore.com\/pl\/#\/schema\/logo\/image\/\",\"url\":\"https:\/\/3dvikingsstore.com\/wp-content\/uploads\/2020\/03\/3dvikings-logo-karge-white.jpg\",\"contentUrl\":\"https:\/\/3dvikingsstore.com\/wp-content\/uploads\/2020\/03\/3dvikings-logo-karge-white.jpg\",\"width\":800,\"height\":800,\"caption\":\"3D Vikings Store\"},\"image\":{\"@id\":\"https:\/\/3dvikingsstore.com\/pl\/#\/schema\/logo\/image\/\"}}]}<\/script>\n<!-- \/ Yoast SEO Premium plugin. -->","yoast_head_json":{"title":"Chatka Goblina Typu 2 do Gier Sto\u0142owych","robots":{"index":"index","follow":"follow","max-snippet":"max-snippet:-1","max-image-preview":"max-image-preview:large","max-video-preview":"max-video-preview:-1"},"canonical":"https:\/\/3dvikingsstore.com\/pl\/shop\/chatka-goblina-typu-2-do-gier-stolowych\/","og_locale":"pl_PL","og_type":"article","og_title":"Chatka Goblina Typu 2 do Gier Sto\u0142owych","og_description":"\"Gobliny to ma\u0142e goblinoidy, kt\u00f3re wielu uwa\u017ca za niewiele wi\u0119cej ni\u017c uci\u0105\u017cliwe. Maj\u0105 p\u0142askie twarze, szerokie nosy, spiczaste uszy i ma\u0142e, ostre k\u0142y. Ich czo\u0142a opadaj\u0105 ku ty\u0142owi, a kolor oczu waha si\u0119 od czerwonego do \u017c\u00f3\u0142tego. Kolor ich sk\u00f3ry waha si\u0119 od \u017c\u00f3\u0142tego, przez wszelkie odcienie pomara\u0144czowego, a\u017c do g\u0142\u0119bokiej czerwieni; zazwyczaj wszyscy cz\u0142onkowie tego samego plemienia maj\u0105 ten sam kolor sk\u00f3ry, cho\u0107 wyst\u0119puj\u0105 r\u00f3wnie\u017c w odcieniach zieleni. Gobliny s\u0105 zazwyczaj ubrane w ciemne sk\u00f3ry zabrudzone z powodu z\u0142ej higieny i zabarwione w podobnej gamie odcieni co ich sk\u00f3ra\".","og_url":"https:\/\/3dvikingsstore.com\/pl\/shop\/chatka-goblina-typu-2-do-gier-stolowych\/","og_site_name":"3D Vikings Store","article_modified_time":"2025-10-29T02:13:00+00:00","og_image":[{"width":1588,"height":1191,"url":"https:\/\/3dvikingsstore.com\/wp-content\/uploads\/2020\/03\/il_1588xN.1989260585_4ki6.jpg","type":"image\/jpeg"}],"twitter_card":"summary_large_image","twitter_misc":{"Szacowany czas czytania":"1 minuta"},"schema":{"@context":"https:\/\/schema.org","@graph":[{"@type":["WebPage","ItemPage"],"@id":"https:\/\/3dvikingsstore.com\/pl\/shop\/chatka-goblina-typu-2-do-gier-stolowych\/","url":"https:\/\/3dvikingsstore.com\/pl\/shop\/chatka-goblina-typu-2-do-gier-stolowych\/","name":"Chatka Goblina Typu 2 do Gier Sto\u0142owych","isPartOf":{"@id":"https:\/\/3dvikingsstore.com\/pl\/#website"},"primaryImageOfPage":{"@id":"https:\/\/3dvikingsstore.com\/pl\/shop\/chatka-goblina-typu-2-do-gier-stolowych\/#primaryimage"},"image":{"@id":"https:\/\/3dvikingsstore.com\/pl\/shop\/chatka-goblina-typu-2-do-gier-stolowych\/#primaryimage"},"thumbnailUrl":"https:\/\/3dvikingsstore.com\/wp-content\/uploads\/2020\/03\/il_1588xN.1989260585_4ki6.jpg","datePublished":"2020-03-01T00:58:21+00:00","dateModified":"2025-10-29T02:13:00+00:00","breadcrumb":{"@id":"https:\/\/3dvikingsstore.com\/pl\/shop\/chatka-goblina-typu-2-do-gier-stolowych\/#breadcrumb"},"inLanguage":"pl-PL","potentialAction":[{"@type":"ReadAction","target":["https:\/\/3dvikingsstore.com\/pl\/shop\/chatka-goblina-typu-2-do-gier-stolowych\/"]}]},{"@type":"ImageObject","inLanguage":"pl-PL","@id":"https:\/\/3dvikingsstore.com\/pl\/shop\/chatka-goblina-typu-2-do-gier-stolowych\/#primaryimage","url":"https:\/\/3dvikingsstore.com\/wp-content\/uploads\/2020\/03\/il_1588xN.1989260585_4ki6.jpg","contentUrl":"https:\/\/3dvikingsstore.com\/wp-content\/uploads\/2020\/03\/il_1588xN.1989260585_4ki6.jpg","width":1588,"height":1191},{"@type":"BreadcrumbList","@id":"https:\/\/3dvikingsstore.com\/pl\/shop\/chatka-goblina-typu-2-do-gier-stolowych\/#breadcrumb","itemListElement":[{"@type":"ListItem","position":1,"name":"Home","item":"https:\/\/3dvikingsstore.com\/pl\/"},{"@type":"ListItem","position":2,"name":"Shop","item":"https:\/\/3dvikingsstore.com\/shop\/"},{"@type":"ListItem","position":3,"name":"Chatka Goblina Typu 2 do Gier Sto\u0142owych"}]},{"@type":"WebSite","@id":"https:\/\/3dvikingsstore.com\/pl\/#website","url":"https:\/\/3dvikingsstore.com\/pl\/","name":"3D Vikings Store","description":"Dekoracje i Akcesoria do Gier Planszowych i Sto\u0142owych","publisher":{"@id":"https:\/\/3dvikingsstore.com\/pl\/#organization"},"potentialAction":[{"@type":"SearchAction","target":{"@type":"EntryPoint","urlTemplate":"https:\/\/3dvikingsstore.com\/pl\/?s={search_term_string}"},"query-input":"required name=search_term_string"}],"inLanguage":"pl-PL"},{"@type":"Organization","@id":"https:\/\/3dvikingsstore.com\/pl\/#organization","name":"3D Vikings Store","url":"https:\/\/3dvikingsstore.com\/pl\/","logo":{"@type":"ImageObject","inLanguage":"pl-PL","@id":"https:\/\/3dvikingsstore.com\/pl\/#\/schema\/logo\/image\/","url":"https:\/\/3dvikingsstore.com\/wp-content\/uploads\/2020\/03\/3dvikings-logo-karge-white.jpg","contentUrl":"https:\/\/3dvikingsstore.com\/wp-content\/uploads\/2020\/03\/3dvikings-logo-karge-white.jpg","width":800,"height":800,"caption":"3D Vikings Store"},"image":{"@id":"https:\/\/3dvikingsstore.com\/pl\/#\/schema\/logo\/image\/"}}]}},"_links":{"self":[{"href":"https:\/\/3dvikingsstore.com\/pl\/wp-json\/wp\/v2\/product\/18906"}],"collection":[{"href":"https:\/\/3dvikingsstore.com\/pl\/wp-json\/wp\/v2\/product"}],"about":[{"href":"https:\/\/3dvikingsstore.com\/pl\/wp-json\/wp\/v2\/types\/product"}],"replies":[{"embeddable":true,"href":"https:\/\/3dvikingsstore.com\/pl\/wp-json\/wp\/v2\/comments?post=18906"}],"version-history":[{"count":0,"href":"https:\/\/3dvikingsstore.com\/pl\/wp-json\/wp\/v2\/product\/18906\/revisions"}],"wp:featuredmedia":[{"embeddable":true,"href":"https:\/\/3dvikingsstore.com\/pl\/wp-json\/wp\/v2\/media\/18907"}],"wp:attachment":[{"href":"https:\/\/3dvikingsstore.com\/pl\/wp-json\/wp\/v2\/media?parent=18906"}],"wp:term":[{"taxonomy":"product_cat","embeddable":true,"href":"https:\/\/3dvikingsstore.com\/pl\/wp-json\/wp\/v2\/product_cat?post=18906"},{"taxonomy":"product_tag","embeddable":true,"href":"https:\/\/3dvikingsstore.com\/pl\/wp-json\/wp\/v2\/product_tag?post=18906"}],"curies":[{"name":"wp","href":"https:\/\/api.w.org\/{rel}","templated":true}]}}