{"id":18900,"date":"2020-03-01T02:58:22","date_gmt":"2020-03-01T00:58:22","guid":{"rendered":"https:\/\/3dvikingsstore.com\/shop\/zestaw-opancerzonych-beczek-elementy-rozproszonego-terenu-sci-fi-w-skali-28mm\/"},"modified":"2020-03-01T02:58:22","modified_gmt":"2020-03-01T00:58:22","slug":"zestaw-opancerzonych-beczek-elementy-rozproszonego-terenu-sci-fi-w-skali-28mm","status":"publish","type":"product","link":"https:\/\/3dvikingsstore.com\/pl\/shop\/zestaw-opancerzonych-beczek-elementy-rozproszonego-terenu-sci-fi-w-skali-28mm\/","title":{"rendered":"Zestaw Opancerzonych Beczek &#8211; Elementy Rozproszonego Terenu Sci-Fi w Skali 28mm"},"content":{"rendered":"<p>Przygotuj si\u0119 na wci\u0105gaj\u0105ce wra\u017cenia z gry dzi\u0119ki Zestawowi Opancerzonych Beczek &#8211; Element\u00f3w Rozproszonego Terenu Sci-Fi. Te misternie wykonane beczki, idealne dla entuzjast\u00f3w gier sto\u0142owych w skali 28 mm, oferuj\u0105 zar\u00f3wno funkcjonalne os\u0142ony, jak i rozwi\u0105zania do przechowywania podczas przyg\u00f3d science-fiction.<\/p>\n<p>Przy wysoko\u015bci 28 mm ka\u017cda lufa zapewnia znaczn\u0105 ochron\u0119 jednostek. Ich ci\u0119\u017cka, opancerzona obudowa sprawia, \u017ce wytrzymuj\u0105 nawet najbardziej intensywne starcia, pozwalaj\u0105c utrzyma\u0107 strategiczne pozycje na polu bitwy.<\/p>\n<p>Beczki te nie tylko s\u0142u\u017c\u0105 jako doskona\u0142a os\u0142ona, ale maj\u0105 r\u00f3wnie\u017c unikalny wygl\u0105d, kt\u00f3ry dodaje g\u0142\u0119bi \u015brodowisku gry.<\/p>\n<p><strong>Zestaw zawiera:<\/strong><\/p>\n<ul>\n<li>Jeden uchwyt na siedem kapsu\u0142ek<\/li>\n<li>Siedem kapsu\u0142ek z wieczkami<\/li>\n<\/ul>\n<p>Kapsu\u0142y te mog\u0105 by\u0107 u\u017cywane do przechowywania niezb\u0119dnych zapas\u00f3w, amunicji, a nawet dziwnych \u015bwiec\u0105cych p\u0142yn\u00f3w, dodaj\u0105c odrobin\u0119 realizmu i zanurzenia w grach. Pokrywy zapewniaj\u0105 bezpieczne zamkni\u0119cie, dzi\u0119ki czemu cenny \u0142adunek nie wyleje si\u0119 podczas intensywnych bitew.<\/p>\n<p>Wykonany z precyzj\u0105 i dba\u0142o\u015bci\u0105 o szczeg\u00f3\u0142y, Zestaw Opancerzonych Beczek &#8211; Elementy Rozproszonego Terenu Sci-Fi zosta\u0142 stworzony z wysokiej jako\u015bci materia\u0142\u00f3w, kt\u00f3re gwarantuj\u0105 trwa\u0142o\u015b\u0107 i wytrzyma\u0142o\u015b\u0107. Ka\u017cda beczka zosta\u0142a skrupulatnie zaprojektowana, aby p\u0142ynnie wtapia\u0107 si\u0119 w ustawienia sto\u0142u science-fiction, tworz\u0105c prawdziwie wci\u0105gaj\u0105ce wra\u017cenia z gry.<\/p>\n<p>Bez wzgl\u0119du na to, czy planujesz zasadzk\u0119, bronisz strategicznej lokacji, czy po prostu chcesz doda\u0107 troch\u0119 \u017cycia polu bitwy, Zestaw Opancerzonych Beczek &#8211; Elementy Rozproszonego Terenu Sci-Fi to idealny wyb\u00f3r. Wzboga\u0107 swoje przygody z grami ju\u017c dzi\u015b dzi\u0119ki temu wyj\u0105tkowemu elementowi terenu, kt\u00f3ry przeniesie Ci\u0119 do urzekaj\u0105cego \u015bwiata gier planszowych science-fiction.<\/p>\n<p>&nbsp;<\/p>\n","protected":false},"excerpt":{"rendered":"<p>Pojedyncza lufa ma wysoko\u015b\u0107 28 mm, dzi\u0119ki czemu stanowi doskona\u0142\u0105 os\u0142on\u0119 ze wzgl\u0119du na mocno opancerzon\u0105 obudow\u0119.<\/p>\n","protected":false},"featured_media":18901,"comment_status":"open","ping_status":"closed","template":"","meta":[],"product_cat":[3137,3152],"product_tag":[3379,3279,3247,3292,3295,3293,3291,3296,3202,3199,3255,3177,3280,3380],"yoast_head":"<!-- This site is optimized with the Yoast SEO Premium plugin v22.9 (Yoast SEO v22.9) - https:\/\/yoast.com\/wordpress\/plugins\/seo\/ -->\n<title>Zestaw Opancerzonych Beczek - Elementy Rozproszonego Terenu Sci-Fi w Skali 28mm<\/title>\n<meta name=\"robots\" content=\"index, follow, max-snippet:-1, max-image-preview:large, max-video-preview:-1\" \/>\n<link rel=\"canonical\" href=\"https:\/\/3dvikingsstore.com\/pl\/shop\/zestaw-opancerzonych-beczek-elementy-rozproszonego-terenu-sci-fi-w-skali-28mm\/\" \/>\n<meta property=\"og:locale\" content=\"pl_PL\" \/>\n<meta property=\"og:type\" content=\"article\" \/>\n<meta property=\"og:title\" content=\"Zestaw Opancerzonych Beczek - Elementy Rozproszonego Terenu Sci-Fi w Skali 28mm\" \/>\n<meta property=\"og:description\" content=\"Pojedyncza lufa ma wysoko\u015b\u0107 28 mm, dzi\u0119ki czemu stanowi doskona\u0142\u0105 os\u0142on\u0119 ze wzgl\u0119du na mocno opancerzon\u0105 obudow\u0119.\" \/>\n<meta property=\"og:url\" content=\"https:\/\/3dvikingsstore.com\/pl\/shop\/zestaw-opancerzonych-beczek-elementy-rozproszonego-terenu-sci-fi-w-skali-28mm\/\" \/>\n<meta property=\"og:site_name\" content=\"3D Vikings Store\" \/>\n<meta property=\"og:image\" content=\"https:\/\/3dvikingsstore.com\/wp-content\/uploads\/2020\/03\/il_1588xN.1983658527_a6b6.jpg\" \/>\n\t<meta property=\"og:image:width\" content=\"1588\" \/>\n\t<meta property=\"og:image:height\" content=\"1190\" \/>\n\t<meta property=\"og:image:type\" content=\"image\/jpeg\" \/>\n<meta name=\"twitter:card\" content=\"summary_large_image\" \/>\n<meta name=\"twitter:label1\" content=\"Szacowany czas czytania\" \/>\n\t<meta name=\"twitter:data1\" content=\"1 minuta\" \/>\n<script type=\"application\/ld+json\" class=\"yoast-schema-graph\">{\"@context\":\"https:\/\/schema.org\",\"@graph\":[{\"@type\":[\"WebPage\",\"ItemPage\"],\"@id\":\"https:\/\/3dvikingsstore.com\/pl\/shop\/zestaw-opancerzonych-beczek-elementy-rozproszonego-terenu-sci-fi-w-skali-28mm\/\",\"url\":\"https:\/\/3dvikingsstore.com\/pl\/shop\/zestaw-opancerzonych-beczek-elementy-rozproszonego-terenu-sci-fi-w-skali-28mm\/\",\"name\":\"Zestaw Opancerzonych Beczek - Elementy Rozproszonego Terenu Sci-Fi w Skali 28mm\",\"isPartOf\":{\"@id\":\"https:\/\/3dvikingsstore.com\/pl\/#website\"},\"primaryImageOfPage\":{\"@id\":\"https:\/\/3dvikingsstore.com\/pl\/shop\/zestaw-opancerzonych-beczek-elementy-rozproszonego-terenu-sci-fi-w-skali-28mm\/#primaryimage\"},\"image\":{\"@id\":\"https:\/\/3dvikingsstore.com\/pl\/shop\/zestaw-opancerzonych-beczek-elementy-rozproszonego-terenu-sci-fi-w-skali-28mm\/#primaryimage\"},\"thumbnailUrl\":\"https:\/\/3dvikingsstore.com\/wp-content\/uploads\/2020\/03\/il_1588xN.1983658527_a6b6.jpg\",\"datePublished\":\"2020-03-01T00:58:22+00:00\",\"dateModified\":\"2020-03-01T00:58:22+00:00\",\"breadcrumb\":{\"@id\":\"https:\/\/3dvikingsstore.com\/pl\/shop\/zestaw-opancerzonych-beczek-elementy-rozproszonego-terenu-sci-fi-w-skali-28mm\/#breadcrumb\"},\"inLanguage\":\"pl-PL\",\"potentialAction\":[{\"@type\":\"ReadAction\",\"target\":[\"https:\/\/3dvikingsstore.com\/pl\/shop\/zestaw-opancerzonych-beczek-elementy-rozproszonego-terenu-sci-fi-w-skali-28mm\/\"]}]},{\"@type\":\"ImageObject\",\"inLanguage\":\"pl-PL\",\"@id\":\"https:\/\/3dvikingsstore.com\/pl\/shop\/zestaw-opancerzonych-beczek-elementy-rozproszonego-terenu-sci-fi-w-skali-28mm\/#primaryimage\",\"url\":\"https:\/\/3dvikingsstore.com\/wp-content\/uploads\/2020\/03\/il_1588xN.1983658527_a6b6.jpg\",\"contentUrl\":\"https:\/\/3dvikingsstore.com\/wp-content\/uploads\/2020\/03\/il_1588xN.1983658527_a6b6.jpg\",\"width\":1588,\"height\":1190},{\"@type\":\"BreadcrumbList\",\"@id\":\"https:\/\/3dvikingsstore.com\/pl\/shop\/zestaw-opancerzonych-beczek-elementy-rozproszonego-terenu-sci-fi-w-skali-28mm\/#breadcrumb\",\"itemListElement\":[{\"@type\":\"ListItem\",\"position\":1,\"name\":\"Home\",\"item\":\"https:\/\/3dvikingsstore.com\/pl\/\"},{\"@type\":\"ListItem\",\"position\":2,\"name\":\"Shop\",\"item\":\"https:\/\/3dvikingsstore.com\/shop\/\"},{\"@type\":\"ListItem\",\"position\":3,\"name\":\"Zestaw Opancerzonych Beczek &#8211; Elementy Rozproszonego Terenu Sci-Fi w Skali 28mm\"}]},{\"@type\":\"WebSite\",\"@id\":\"https:\/\/3dvikingsstore.com\/pl\/#website\",\"url\":\"https:\/\/3dvikingsstore.com\/pl\/\",\"name\":\"3D Vikings Store\",\"description\":\"Dekoracje i Akcesoria do Gier Planszowych i Sto\u0142owych\",\"publisher\":{\"@id\":\"https:\/\/3dvikingsstore.com\/pl\/#organization\"},\"potentialAction\":[{\"@type\":\"SearchAction\",\"target\":{\"@type\":\"EntryPoint\",\"urlTemplate\":\"https:\/\/3dvikingsstore.com\/pl\/?s={search_term_string}\"},\"query-input\":\"required name=search_term_string\"}],\"inLanguage\":\"pl-PL\"},{\"@type\":\"Organization\",\"@id\":\"https:\/\/3dvikingsstore.com\/pl\/#organization\",\"name\":\"3D Vikings Store\",\"url\":\"https:\/\/3dvikingsstore.com\/pl\/\",\"logo\":{\"@type\":\"ImageObject\",\"inLanguage\":\"pl-PL\",\"@id\":\"https:\/\/3dvikingsstore.com\/pl\/#\/schema\/logo\/image\/\",\"url\":\"https:\/\/3dvikingsstore.com\/wp-content\/uploads\/2020\/03\/3dvikings-logo-karge-white.jpg\",\"contentUrl\":\"https:\/\/3dvikingsstore.com\/wp-content\/uploads\/2020\/03\/3dvikings-logo-karge-white.jpg\",\"width\":800,\"height\":800,\"caption\":\"3D Vikings Store\"},\"image\":{\"@id\":\"https:\/\/3dvikingsstore.com\/pl\/#\/schema\/logo\/image\/\"}}]}<\/script>\n<!-- \/ Yoast SEO Premium plugin. -->","yoast_head_json":{"title":"Zestaw Opancerzonych Beczek - Elementy Rozproszonego Terenu Sci-Fi w Skali 28mm","robots":{"index":"index","follow":"follow","max-snippet":"max-snippet:-1","max-image-preview":"max-image-preview:large","max-video-preview":"max-video-preview:-1"},"canonical":"https:\/\/3dvikingsstore.com\/pl\/shop\/zestaw-opancerzonych-beczek-elementy-rozproszonego-terenu-sci-fi-w-skali-28mm\/","og_locale":"pl_PL","og_type":"article","og_title":"Zestaw Opancerzonych Beczek - Elementy Rozproszonego Terenu Sci-Fi w Skali 28mm","og_description":"Pojedyncza lufa ma wysoko\u015b\u0107 28 mm, dzi\u0119ki czemu stanowi doskona\u0142\u0105 os\u0142on\u0119 ze wzgl\u0119du na mocno opancerzon\u0105 obudow\u0119.","og_url":"https:\/\/3dvikingsstore.com\/pl\/shop\/zestaw-opancerzonych-beczek-elementy-rozproszonego-terenu-sci-fi-w-skali-28mm\/","og_site_name":"3D Vikings Store","og_image":[{"width":1588,"height":1190,"url":"https:\/\/3dvikingsstore.com\/wp-content\/uploads\/2020\/03\/il_1588xN.1983658527_a6b6.jpg","type":"image\/jpeg"}],"twitter_card":"summary_large_image","twitter_misc":{"Szacowany czas czytania":"1 minuta"},"schema":{"@context":"https:\/\/schema.org","@graph":[{"@type":["WebPage","ItemPage"],"@id":"https:\/\/3dvikingsstore.com\/pl\/shop\/zestaw-opancerzonych-beczek-elementy-rozproszonego-terenu-sci-fi-w-skali-28mm\/","url":"https:\/\/3dvikingsstore.com\/pl\/shop\/zestaw-opancerzonych-beczek-elementy-rozproszonego-terenu-sci-fi-w-skali-28mm\/","name":"Zestaw Opancerzonych Beczek - Elementy Rozproszonego Terenu Sci-Fi w Skali 28mm","isPartOf":{"@id":"https:\/\/3dvikingsstore.com\/pl\/#website"},"primaryImageOfPage":{"@id":"https:\/\/3dvikingsstore.com\/pl\/shop\/zestaw-opancerzonych-beczek-elementy-rozproszonego-terenu-sci-fi-w-skali-28mm\/#primaryimage"},"image":{"@id":"https:\/\/3dvikingsstore.com\/pl\/shop\/zestaw-opancerzonych-beczek-elementy-rozproszonego-terenu-sci-fi-w-skali-28mm\/#primaryimage"},"thumbnailUrl":"https:\/\/3dvikingsstore.com\/wp-content\/uploads\/2020\/03\/il_1588xN.1983658527_a6b6.jpg","datePublished":"2020-03-01T00:58:22+00:00","dateModified":"2020-03-01T00:58:22+00:00","breadcrumb":{"@id":"https:\/\/3dvikingsstore.com\/pl\/shop\/zestaw-opancerzonych-beczek-elementy-rozproszonego-terenu-sci-fi-w-skali-28mm\/#breadcrumb"},"inLanguage":"pl-PL","potentialAction":[{"@type":"ReadAction","target":["https:\/\/3dvikingsstore.com\/pl\/shop\/zestaw-opancerzonych-beczek-elementy-rozproszonego-terenu-sci-fi-w-skali-28mm\/"]}]},{"@type":"ImageObject","inLanguage":"pl-PL","@id":"https:\/\/3dvikingsstore.com\/pl\/shop\/zestaw-opancerzonych-beczek-elementy-rozproszonego-terenu-sci-fi-w-skali-28mm\/#primaryimage","url":"https:\/\/3dvikingsstore.com\/wp-content\/uploads\/2020\/03\/il_1588xN.1983658527_a6b6.jpg","contentUrl":"https:\/\/3dvikingsstore.com\/wp-content\/uploads\/2020\/03\/il_1588xN.1983658527_a6b6.jpg","width":1588,"height":1190},{"@type":"BreadcrumbList","@id":"https:\/\/3dvikingsstore.com\/pl\/shop\/zestaw-opancerzonych-beczek-elementy-rozproszonego-terenu-sci-fi-w-skali-28mm\/#breadcrumb","itemListElement":[{"@type":"ListItem","position":1,"name":"Home","item":"https:\/\/3dvikingsstore.com\/pl\/"},{"@type":"ListItem","position":2,"name":"Shop","item":"https:\/\/3dvikingsstore.com\/shop\/"},{"@type":"ListItem","position":3,"name":"Zestaw Opancerzonych Beczek &#8211; Elementy Rozproszonego Terenu Sci-Fi w Skali 28mm"}]},{"@type":"WebSite","@id":"https:\/\/3dvikingsstore.com\/pl\/#website","url":"https:\/\/3dvikingsstore.com\/pl\/","name":"3D Vikings Store","description":"Dekoracje i Akcesoria do Gier Planszowych i Sto\u0142owych","publisher":{"@id":"https:\/\/3dvikingsstore.com\/pl\/#organization"},"potentialAction":[{"@type":"SearchAction","target":{"@type":"EntryPoint","urlTemplate":"https:\/\/3dvikingsstore.com\/pl\/?s={search_term_string}"},"query-input":"required name=search_term_string"}],"inLanguage":"pl-PL"},{"@type":"Organization","@id":"https:\/\/3dvikingsstore.com\/pl\/#organization","name":"3D Vikings Store","url":"https:\/\/3dvikingsstore.com\/pl\/","logo":{"@type":"ImageObject","inLanguage":"pl-PL","@id":"https:\/\/3dvikingsstore.com\/pl\/#\/schema\/logo\/image\/","url":"https:\/\/3dvikingsstore.com\/wp-content\/uploads\/2020\/03\/3dvikings-logo-karge-white.jpg","contentUrl":"https:\/\/3dvikingsstore.com\/wp-content\/uploads\/2020\/03\/3dvikings-logo-karge-white.jpg","width":800,"height":800,"caption":"3D Vikings Store"},"image":{"@id":"https:\/\/3dvikingsstore.com\/pl\/#\/schema\/logo\/image\/"}}]}},"_links":{"self":[{"href":"https:\/\/3dvikingsstore.com\/pl\/wp-json\/wp\/v2\/product\/18900"}],"collection":[{"href":"https:\/\/3dvikingsstore.com\/pl\/wp-json\/wp\/v2\/product"}],"about":[{"href":"https:\/\/3dvikingsstore.com\/pl\/wp-json\/wp\/v2\/types\/product"}],"replies":[{"embeddable":true,"href":"https:\/\/3dvikingsstore.com\/pl\/wp-json\/wp\/v2\/comments?post=18900"}],"version-history":[{"count":0,"href":"https:\/\/3dvikingsstore.com\/pl\/wp-json\/wp\/v2\/product\/18900\/revisions"}],"wp:featuredmedia":[{"embeddable":true,"href":"https:\/\/3dvikingsstore.com\/pl\/wp-json\/wp\/v2\/media\/18901"}],"wp:attachment":[{"href":"https:\/\/3dvikingsstore.com\/pl\/wp-json\/wp\/v2\/media?parent=18900"}],"wp:term":[{"taxonomy":"product_cat","embeddable":true,"href":"https:\/\/3dvikingsstore.com\/pl\/wp-json\/wp\/v2\/product_cat?post=18900"},{"taxonomy":"product_tag","embeddable":true,"href":"https:\/\/3dvikingsstore.com\/pl\/wp-json\/wp\/v2\/product_tag?post=18900"}],"curies":[{"name":"wp","href":"https:\/\/api.w.org\/{rel}","templated":true}]}}