{"id":18891,"date":"2020-03-01T02:58:22","date_gmt":"2020-03-01T00:58:22","guid":{"rendered":"https:\/\/3dvikingsstore.com\/shop\/wieza-do-kosci-warp-gate-sci-fi-do-kosci-o-wszystkich-rozmiarach\/"},"modified":"2025-10-29T04:13:01","modified_gmt":"2025-10-29T02:13:01","slug":"wieza-do-kosci-warp-gate-sci-fi-do-kosci-o-wszystkich-rozmiarach","status":"publish","type":"product","link":"https:\/\/3dvikingsstore.com\/pl\/shop\/wieza-do-kosci-warp-gate-sci-fi-do-kosci-o-wszystkich-rozmiarach\/","title":{"rendered":"Wie\u017ca do Ko\u015bci Warp Gate Sci-Fi Do Ko\u015bci o Wszystkich Rozmiarach"},"content":{"rendered":"<p>Masz ju\u017c do\u015b\u0107 gubienia ko\u015bci podczas nocy gier? Czy chcesz je\u017adzi\u0107 stylowo i pewnie? Wie\u017ca do Ko\u015bci Warp Gate \u2013 tajemnicze akcesorium dla ka\u017cdego mi\u0142o\u015bnika gier. Ta wie\u017ca mo\u017ce obs\u0142ugiwa\u0107 dowolny rozmiar ko\u015bci, od ma\u0142ych D6 do ogromnych D20. Po prostu wrzu\u0107 je na g\u00f3r\u0119 i obserwuj, jak spadaj\u0105 w d\u00f3\u0142 rynny, l\u0105duj\u0105c schludnie na tacy. Koniec z kostkami spadaj\u0105cymi ze sto\u0142u, przewracaj\u0105cymi figurki lub chowaj\u0105cymi si\u0119 pod kanap\u0105. Koniec z podejrzanymi rzutami lub oskar\u017ceniami o oszustwo. Po prostu czysta zabawa i ekscytacja z ka\u017cdym rzutem&#8230;<\/p>\n<p>Wie\u017ca do Ko\u015bci Warp Gate jest \u0142atwa w monta\u017cu i dostarczana jest niepomalowana, dzi\u0119ki czemu mo\u017cesz j\u0105 dostosowa\u0107 do swoich upodoba\u0144. To \u015bwietny spos\u00f3b na dodanie stylu i osobowo\u015bci do sto\u0142u do gry. Bez wzgl\u0119du na to, czy grasz w fantasy, science fiction, czy cokolwiek pomi\u0119dzy, Wie\u017ca do Ko\u015bci Warp Gate sprawi, \u017ce Twoje rzuty ko\u015b\u0107mi b\u0119d\u0105 bardziej przyjemne i satysfakcjonuj\u0105ce.<\/p>\n","protected":false},"excerpt":{"rendered":"<p>Wie\u017ca do Ko\u015bci Warp Gate \u2013 niepowtarzalny dodatek dla ka\u017cdego mi\u0142o\u015bnika gier. Ta wie\u017ca mo\u017ce obs\u0142ugiwa\u0107 dowolny rozmiar ko\u015bci, od ma\u0142ych D6 do ogromnych D20. Po prostu wrzu\u0107 je na g\u00f3r\u0119 i obserwuj, jak spadaj\u0105 w d\u00f3\u0142 rynny, l\u0105duj\u0105c schludnie na tacy. Koniec z kostkami spadaj\u0105cymi ze sto\u0142u, przewracaj\u0105cymi figurki lub chowaj\u0105cymi si\u0119 pod kanap\u0105. Koniec z podejrzanymi rzutami lub oskar\u017ceniami o oszustwo. Czysta zabawa i ekscytacja z ka\u017cd\u0105 rolk\u0105&#8230;<\/p>\n","protected":false},"featured_media":18892,"comment_status":"open","ping_status":"closed","template":"","meta":[],"product_cat":[3146],"product_tag":[3367,3376,3372,3369,3370,3371,3368,3375,3373,3303,3377,3378,3374],"yoast_head":"<!-- This site is optimized with the Yoast SEO Premium plugin v22.9 (Yoast SEO v22.9) - https:\/\/yoast.com\/wordpress\/plugins\/seo\/ -->\n<title>Wie\u017ca do Ko\u015bci Warp Gate Sci-Fi Do Ko\u015bci o Wszystkich Rozmiarach<\/title>\n<meta name=\"description\" content=\"Potrzebujesz Wie\u017cy do Ko\u015bci Warp Gate \u2013 najlepszego dodatku dla ka\u017cdego mi\u0142o\u015bnika ko\u015bci. Ta wie\u017ca mo\u017ce obs\u0142ugiwa\u0107 dowolny rozmiar ko\u015bci, od ma\u0142ych D6 do ogromnych D20.\" \/>\n<meta name=\"robots\" content=\"index, follow, max-snippet:-1, max-image-preview:large, max-video-preview:-1\" \/>\n<link rel=\"canonical\" href=\"https:\/\/3dvikingsstore.com\/pl\/shop\/wieza-do-kosci-warp-gate-sci-fi-do-kosci-o-wszystkich-rozmiarach\/\" \/>\n<meta property=\"og:locale\" content=\"pl_PL\" \/>\n<meta property=\"og:type\" content=\"article\" \/>\n<meta property=\"og:title\" content=\"Wie\u017ca do Ko\u015bci Warp Gate Sci-Fi Do Ko\u015bci o Wszystkich Rozmiarach\" \/>\n<meta property=\"og:description\" content=\"Potrzebujesz Wie\u017cy do Ko\u015bci Warp Gate \u2013 najlepszego dodatku dla ka\u017cdego mi\u0142o\u015bnika ko\u015bci. Ta wie\u017ca mo\u017ce obs\u0142ugiwa\u0107 dowolny rozmiar ko\u015bci, od ma\u0142ych D6 do ogromnych D20.\" \/>\n<meta property=\"og:url\" content=\"https:\/\/3dvikingsstore.com\/pl\/shop\/wieza-do-kosci-warp-gate-sci-fi-do-kosci-o-wszystkich-rozmiarach\/\" \/>\n<meta property=\"og:site_name\" content=\"3D Vikings Store\" \/>\n<meta property=\"article:modified_time\" content=\"2025-10-29T02:13:01+00:00\" \/>\n<meta property=\"og:image\" content=\"https:\/\/3dvikingsstore.com\/wp-content\/uploads\/2020\/03\/il_794xN.2061843411_ceb5.jpg\" \/>\n\t<meta property=\"og:image:width\" content=\"794\" \/>\n\t<meta property=\"og:image:height\" content=\"596\" \/>\n\t<meta property=\"og:image:type\" content=\"image\/jpeg\" \/>\n<meta name=\"twitter:card\" content=\"summary_large_image\" \/>\n<meta name=\"twitter:label1\" content=\"Szacowany czas czytania\" \/>\n\t<meta name=\"twitter:data1\" content=\"1 minuta\" \/>\n<script type=\"application\/ld+json\" class=\"yoast-schema-graph\">{\"@context\":\"https:\/\/schema.org\",\"@graph\":[{\"@type\":[\"WebPage\",\"ItemPage\"],\"@id\":\"https:\/\/3dvikingsstore.com\/pl\/shop\/wieza-do-kosci-warp-gate-sci-fi-do-kosci-o-wszystkich-rozmiarach\/\",\"url\":\"https:\/\/3dvikingsstore.com\/pl\/shop\/wieza-do-kosci-warp-gate-sci-fi-do-kosci-o-wszystkich-rozmiarach\/\",\"name\":\"Wie\u017ca do Ko\u015bci Warp Gate Sci-Fi Do Ko\u015bci o Wszystkich Rozmiarach\",\"isPartOf\":{\"@id\":\"https:\/\/3dvikingsstore.com\/pl\/#website\"},\"primaryImageOfPage\":{\"@id\":\"https:\/\/3dvikingsstore.com\/pl\/shop\/wieza-do-kosci-warp-gate-sci-fi-do-kosci-o-wszystkich-rozmiarach\/#primaryimage\"},\"image\":{\"@id\":\"https:\/\/3dvikingsstore.com\/pl\/shop\/wieza-do-kosci-warp-gate-sci-fi-do-kosci-o-wszystkich-rozmiarach\/#primaryimage\"},\"thumbnailUrl\":\"https:\/\/3dvikingsstore.com\/wp-content\/uploads\/2020\/03\/il_794xN.2061843411_ceb5.jpg\",\"datePublished\":\"2020-03-01T00:58:22+00:00\",\"dateModified\":\"2025-10-29T02:13:01+00:00\",\"description\":\"Potrzebujesz Wie\u017cy do Ko\u015bci Warp Gate \u2013 najlepszego dodatku dla ka\u017cdego mi\u0142o\u015bnika ko\u015bci. Ta wie\u017ca mo\u017ce obs\u0142ugiwa\u0107 dowolny rozmiar ko\u015bci, od ma\u0142ych D6 do ogromnych D20.\",\"breadcrumb\":{\"@id\":\"https:\/\/3dvikingsstore.com\/pl\/shop\/wieza-do-kosci-warp-gate-sci-fi-do-kosci-o-wszystkich-rozmiarach\/#breadcrumb\"},\"inLanguage\":\"pl-PL\",\"potentialAction\":[{\"@type\":\"ReadAction\",\"target\":[\"https:\/\/3dvikingsstore.com\/pl\/shop\/wieza-do-kosci-warp-gate-sci-fi-do-kosci-o-wszystkich-rozmiarach\/\"]}]},{\"@type\":\"ImageObject\",\"inLanguage\":\"pl-PL\",\"@id\":\"https:\/\/3dvikingsstore.com\/pl\/shop\/wieza-do-kosci-warp-gate-sci-fi-do-kosci-o-wszystkich-rozmiarach\/#primaryimage\",\"url\":\"https:\/\/3dvikingsstore.com\/wp-content\/uploads\/2020\/03\/il_794xN.2061843411_ceb5.jpg\",\"contentUrl\":\"https:\/\/3dvikingsstore.com\/wp-content\/uploads\/2020\/03\/il_794xN.2061843411_ceb5.jpg\",\"width\":794,\"height\":596},{\"@type\":\"BreadcrumbList\",\"@id\":\"https:\/\/3dvikingsstore.com\/pl\/shop\/wieza-do-kosci-warp-gate-sci-fi-do-kosci-o-wszystkich-rozmiarach\/#breadcrumb\",\"itemListElement\":[{\"@type\":\"ListItem\",\"position\":1,\"name\":\"Home\",\"item\":\"https:\/\/3dvikingsstore.com\/pl\/\"},{\"@type\":\"ListItem\",\"position\":2,\"name\":\"Shop\",\"item\":\"https:\/\/3dvikingsstore.com\/shop\/\"},{\"@type\":\"ListItem\",\"position\":3,\"name\":\"Wie\u017ca do Ko\u015bci Warp Gate Sci-Fi Do Ko\u015bci o Wszystkich Rozmiarach\"}]},{\"@type\":\"WebSite\",\"@id\":\"https:\/\/3dvikingsstore.com\/pl\/#website\",\"url\":\"https:\/\/3dvikingsstore.com\/pl\/\",\"name\":\"3D Vikings Store\",\"description\":\"Dekoracje i Akcesoria do Gier Planszowych i Sto\u0142owych\",\"publisher\":{\"@id\":\"https:\/\/3dvikingsstore.com\/pl\/#organization\"},\"potentialAction\":[{\"@type\":\"SearchAction\",\"target\":{\"@type\":\"EntryPoint\",\"urlTemplate\":\"https:\/\/3dvikingsstore.com\/pl\/?s={search_term_string}\"},\"query-input\":\"required name=search_term_string\"}],\"inLanguage\":\"pl-PL\"},{\"@type\":\"Organization\",\"@id\":\"https:\/\/3dvikingsstore.com\/pl\/#organization\",\"name\":\"3D Vikings Store\",\"url\":\"https:\/\/3dvikingsstore.com\/pl\/\",\"logo\":{\"@type\":\"ImageObject\",\"inLanguage\":\"pl-PL\",\"@id\":\"https:\/\/3dvikingsstore.com\/pl\/#\/schema\/logo\/image\/\",\"url\":\"https:\/\/3dvikingsstore.com\/wp-content\/uploads\/2020\/03\/3dvikings-logo-karge-white.jpg\",\"contentUrl\":\"https:\/\/3dvikingsstore.com\/wp-content\/uploads\/2020\/03\/3dvikings-logo-karge-white.jpg\",\"width\":800,\"height\":800,\"caption\":\"3D Vikings Store\"},\"image\":{\"@id\":\"https:\/\/3dvikingsstore.com\/pl\/#\/schema\/logo\/image\/\"}}]}<\/script>\n<!-- \/ Yoast SEO Premium plugin. -->","yoast_head_json":{"title":"Wie\u017ca do Ko\u015bci Warp Gate Sci-Fi Do Ko\u015bci o Wszystkich Rozmiarach","description":"Potrzebujesz Wie\u017cy do Ko\u015bci Warp Gate \u2013 najlepszego dodatku dla ka\u017cdego mi\u0142o\u015bnika ko\u015bci. Ta wie\u017ca mo\u017ce obs\u0142ugiwa\u0107 dowolny rozmiar ko\u015bci, od ma\u0142ych D6 do ogromnych D20.","robots":{"index":"index","follow":"follow","max-snippet":"max-snippet:-1","max-image-preview":"max-image-preview:large","max-video-preview":"max-video-preview:-1"},"canonical":"https:\/\/3dvikingsstore.com\/pl\/shop\/wieza-do-kosci-warp-gate-sci-fi-do-kosci-o-wszystkich-rozmiarach\/","og_locale":"pl_PL","og_type":"article","og_title":"Wie\u017ca do Ko\u015bci Warp Gate Sci-Fi Do Ko\u015bci o Wszystkich Rozmiarach","og_description":"Potrzebujesz Wie\u017cy do Ko\u015bci Warp Gate \u2013 najlepszego dodatku dla ka\u017cdego mi\u0142o\u015bnika ko\u015bci. Ta wie\u017ca mo\u017ce obs\u0142ugiwa\u0107 dowolny rozmiar ko\u015bci, od ma\u0142ych D6 do ogromnych D20.","og_url":"https:\/\/3dvikingsstore.com\/pl\/shop\/wieza-do-kosci-warp-gate-sci-fi-do-kosci-o-wszystkich-rozmiarach\/","og_site_name":"3D Vikings Store","article_modified_time":"2025-10-29T02:13:01+00:00","og_image":[{"width":794,"height":596,"url":"https:\/\/3dvikingsstore.com\/wp-content\/uploads\/2020\/03\/il_794xN.2061843411_ceb5.jpg","type":"image\/jpeg"}],"twitter_card":"summary_large_image","twitter_misc":{"Szacowany czas czytania":"1 minuta"},"schema":{"@context":"https:\/\/schema.org","@graph":[{"@type":["WebPage","ItemPage"],"@id":"https:\/\/3dvikingsstore.com\/pl\/shop\/wieza-do-kosci-warp-gate-sci-fi-do-kosci-o-wszystkich-rozmiarach\/","url":"https:\/\/3dvikingsstore.com\/pl\/shop\/wieza-do-kosci-warp-gate-sci-fi-do-kosci-o-wszystkich-rozmiarach\/","name":"Wie\u017ca do Ko\u015bci Warp Gate Sci-Fi Do Ko\u015bci o Wszystkich Rozmiarach","isPartOf":{"@id":"https:\/\/3dvikingsstore.com\/pl\/#website"},"primaryImageOfPage":{"@id":"https:\/\/3dvikingsstore.com\/pl\/shop\/wieza-do-kosci-warp-gate-sci-fi-do-kosci-o-wszystkich-rozmiarach\/#primaryimage"},"image":{"@id":"https:\/\/3dvikingsstore.com\/pl\/shop\/wieza-do-kosci-warp-gate-sci-fi-do-kosci-o-wszystkich-rozmiarach\/#primaryimage"},"thumbnailUrl":"https:\/\/3dvikingsstore.com\/wp-content\/uploads\/2020\/03\/il_794xN.2061843411_ceb5.jpg","datePublished":"2020-03-01T00:58:22+00:00","dateModified":"2025-10-29T02:13:01+00:00","description":"Potrzebujesz Wie\u017cy do Ko\u015bci Warp Gate \u2013 najlepszego dodatku dla ka\u017cdego mi\u0142o\u015bnika ko\u015bci. Ta wie\u017ca mo\u017ce obs\u0142ugiwa\u0107 dowolny rozmiar ko\u015bci, od ma\u0142ych D6 do ogromnych D20.","breadcrumb":{"@id":"https:\/\/3dvikingsstore.com\/pl\/shop\/wieza-do-kosci-warp-gate-sci-fi-do-kosci-o-wszystkich-rozmiarach\/#breadcrumb"},"inLanguage":"pl-PL","potentialAction":[{"@type":"ReadAction","target":["https:\/\/3dvikingsstore.com\/pl\/shop\/wieza-do-kosci-warp-gate-sci-fi-do-kosci-o-wszystkich-rozmiarach\/"]}]},{"@type":"ImageObject","inLanguage":"pl-PL","@id":"https:\/\/3dvikingsstore.com\/pl\/shop\/wieza-do-kosci-warp-gate-sci-fi-do-kosci-o-wszystkich-rozmiarach\/#primaryimage","url":"https:\/\/3dvikingsstore.com\/wp-content\/uploads\/2020\/03\/il_794xN.2061843411_ceb5.jpg","contentUrl":"https:\/\/3dvikingsstore.com\/wp-content\/uploads\/2020\/03\/il_794xN.2061843411_ceb5.jpg","width":794,"height":596},{"@type":"BreadcrumbList","@id":"https:\/\/3dvikingsstore.com\/pl\/shop\/wieza-do-kosci-warp-gate-sci-fi-do-kosci-o-wszystkich-rozmiarach\/#breadcrumb","itemListElement":[{"@type":"ListItem","position":1,"name":"Home","item":"https:\/\/3dvikingsstore.com\/pl\/"},{"@type":"ListItem","position":2,"name":"Shop","item":"https:\/\/3dvikingsstore.com\/shop\/"},{"@type":"ListItem","position":3,"name":"Wie\u017ca do Ko\u015bci Warp Gate Sci-Fi Do Ko\u015bci o Wszystkich Rozmiarach"}]},{"@type":"WebSite","@id":"https:\/\/3dvikingsstore.com\/pl\/#website","url":"https:\/\/3dvikingsstore.com\/pl\/","name":"3D Vikings Store","description":"Dekoracje i Akcesoria do Gier Planszowych i Sto\u0142owych","publisher":{"@id":"https:\/\/3dvikingsstore.com\/pl\/#organization"},"potentialAction":[{"@type":"SearchAction","target":{"@type":"EntryPoint","urlTemplate":"https:\/\/3dvikingsstore.com\/pl\/?s={search_term_string}"},"query-input":"required name=search_term_string"}],"inLanguage":"pl-PL"},{"@type":"Organization","@id":"https:\/\/3dvikingsstore.com\/pl\/#organization","name":"3D Vikings Store","url":"https:\/\/3dvikingsstore.com\/pl\/","logo":{"@type":"ImageObject","inLanguage":"pl-PL","@id":"https:\/\/3dvikingsstore.com\/pl\/#\/schema\/logo\/image\/","url":"https:\/\/3dvikingsstore.com\/wp-content\/uploads\/2020\/03\/3dvikings-logo-karge-white.jpg","contentUrl":"https:\/\/3dvikingsstore.com\/wp-content\/uploads\/2020\/03\/3dvikings-logo-karge-white.jpg","width":800,"height":800,"caption":"3D Vikings Store"},"image":{"@id":"https:\/\/3dvikingsstore.com\/pl\/#\/schema\/logo\/image\/"}}]}},"_links":{"self":[{"href":"https:\/\/3dvikingsstore.com\/pl\/wp-json\/wp\/v2\/product\/18891"}],"collection":[{"href":"https:\/\/3dvikingsstore.com\/pl\/wp-json\/wp\/v2\/product"}],"about":[{"href":"https:\/\/3dvikingsstore.com\/pl\/wp-json\/wp\/v2\/types\/product"}],"replies":[{"embeddable":true,"href":"https:\/\/3dvikingsstore.com\/pl\/wp-json\/wp\/v2\/comments?post=18891"}],"version-history":[{"count":0,"href":"https:\/\/3dvikingsstore.com\/pl\/wp-json\/wp\/v2\/product\/18891\/revisions"}],"wp:featuredmedia":[{"embeddable":true,"href":"https:\/\/3dvikingsstore.com\/pl\/wp-json\/wp\/v2\/media\/18892"}],"wp:attachment":[{"href":"https:\/\/3dvikingsstore.com\/pl\/wp-json\/wp\/v2\/media?parent=18891"}],"wp:term":[{"taxonomy":"product_cat","embeddable":true,"href":"https:\/\/3dvikingsstore.com\/pl\/wp-json\/wp\/v2\/product_cat?post=18891"},{"taxonomy":"product_tag","embeddable":true,"href":"https:\/\/3dvikingsstore.com\/pl\/wp-json\/wp\/v2\/product_tag?post=18891"}],"curies":[{"name":"wp","href":"https:\/\/api.w.org\/{rel}","templated":true}]}}