{"id":18889,"date":"2020-03-01T02:58:22","date_gmt":"2020-03-01T00:58:22","guid":{"rendered":"https:\/\/3dvikingsstore.com\/shop\/namiot-barbarzyncy-28-mm-idealny-dla-barbarzynskich-miniatur-i-terenu\/"},"modified":"2020-03-01T02:58:22","modified_gmt":"2020-03-01T00:58:22","slug":"namiot-barbarzyncy-28-mm-idealny-dla-barbarzynskich-miniatur-i-terenu","status":"publish","type":"product","link":"https:\/\/3dvikingsstore.com\/pl\/shop\/namiot-barbarzyncy-28-mm-idealny-dla-barbarzynskich-miniatur-i-terenu\/","title":{"rendered":"Namiot barbarzy\u0144cy 28 mm: Idealny dla barbarzy\u0144skich miniatur i terenu"},"content":{"rendered":"<p>Ten szczeg\u00f3\u0142owy namiot barbarzy\u0144c\u00f3w 28 mm o\u017cywia serce koczowniczej hordy. Wyposa\u017cony w zszywane sk\u00f3ry i solidne drewniane belki, jest idealnym elementem centralnym dla barbarzy\u0144skiego terenu 28 mm. Niezale\u017cnie od tego, czy twoje 28-milimetrowe figurki barbarzy\u0144c\u00f3w pochodz\u0105 z mro\u017anych pustkowi, czy suchych pusty\u0144, ten namiot przygotuje scen\u0119 dla epickich bitew na stole.<\/p>\n<p data-sourcepos=\"7:1-7:8\"><strong>Malowanie dla zanurzenia<\/strong><\/p>\n<ul data-sourcepos=\"9:1-9:60\">\n<li data-sourcepos=\"9:1-9:60\"><strong>Lakier bazowy:<\/strong> Warstwy jasnych br\u0105z\u00f3w o\u017cywiaj\u0105 sk\u00f3ry.<\/li>\n<li data-sourcepos=\"10:1-10:67\"><strong>Szczeg\u00f3\u0142y:<\/strong> Wyblak\u0142y szary kolor drewnianych wspornik\u00f3w dodaje realizmu.<\/li>\n<li data-sourcepos=\"11:1-11:82\"><strong>Battle-Worn:<\/strong> Czarny kolor nadaje g\u0142\u0119bi i sugeruje ci\u0119\u017ck\u0105 kampani\u0119.<\/li>\n<li data-sourcepos=\"12:1-12:76\"><strong>Wyr\u00f3\u017cnij si\u0119:<\/strong> Szczotkowane na sucho akcenty podkre\u015blaj\u0105 szwy, zapewniaj\u0105c wizualne zainteresowanie.<\/li>\n<li data-sourcepos=\"13:1-14:0\"><strong>Personalizacja:<\/strong> \u017bywe akcenty dekoracji i r\u00f3\u017cne odcienie br\u0105zu\/szaro\u015bci na sk\u00f3rach spersonalizuj\u0105 tw\u00f3j ob\u00f3z wojenny.<\/li>\n<\/ul>\n<p><strong>Niepomalowany. Twoje pole bitwy czeka.<\/strong><\/p>\n<p>&nbsp;<\/p>\n","protected":false},"excerpt":{"rendered":"<p>&#8222;Namiot barbarzy\u0144cy mo\u017cna znale\u017a\u0107 na Zielonej R\u00f3wninie 9 w ramach zestawu zada\u0144 Osada barbarzy\u0144c\u00f3w. &#8222;<\/p>\n","protected":false},"featured_media":18890,"comment_status":"open","ping_status":"closed","template":"","meta":[],"product_cat":[3138,3137],"product_tag":[3160,3276,3218,3298,3180,3366,3363,3324,3362,3181,3364,3365],"yoast_head":"<!-- This site is optimized with the Yoast SEO Premium plugin v22.9 (Yoast SEO v22.9) - https:\/\/yoast.com\/wordpress\/plugins\/seo\/ -->\n<title>Namiot barbarzy\u0144cy 28 mm: Idealny dla barbarzy\u0144skich miniatur i terenu<\/title>\n<meta name=\"description\" content=\"Ten szczeg\u00f3\u0142owy namiot barbarzy\u0144c\u00f3w 28 mm o\u017cywia serce koczowniczej hordy. Idealny element centralny dla barbarzy\u0144skiego terenu 28 mm.\" \/>\n<meta name=\"robots\" content=\"index, follow, max-snippet:-1, max-image-preview:large, max-video-preview:-1\" \/>\n<link rel=\"canonical\" href=\"https:\/\/3dvikingsstore.com\/pl\/shop\/namiot-barbarzyncy-28-mm-idealny-dla-barbarzynskich-miniatur-i-terenu\/\" \/>\n<meta property=\"og:locale\" content=\"pl_PL\" \/>\n<meta property=\"og:type\" content=\"article\" \/>\n<meta property=\"og:title\" content=\"Namiot barbarzy\u0144cy 28 mm: Idealny dla barbarzy\u0144skich miniatur i terenu\" \/>\n<meta property=\"og:description\" content=\"Ten szczeg\u00f3\u0142owy namiot barbarzy\u0144c\u00f3w 28 mm o\u017cywia serce koczowniczej hordy. Idealny element centralny dla barbarzy\u0144skiego terenu 28 mm.\" \/>\n<meta property=\"og:url\" content=\"https:\/\/3dvikingsstore.com\/pl\/shop\/namiot-barbarzyncy-28-mm-idealny-dla-barbarzynskich-miniatur-i-terenu\/\" \/>\n<meta property=\"og:site_name\" content=\"3D Vikings Store\" \/>\n<meta property=\"og:image\" content=\"https:\/\/3dvikingsstore.com\/wp-content\/uploads\/2020\/03\/il_1588xN.1932263534_rs4o.jpg\" \/>\n\t<meta property=\"og:image:width\" content=\"1588\" \/>\n\t<meta property=\"og:image:height\" content=\"1126\" \/>\n\t<meta property=\"og:image:type\" content=\"image\/jpeg\" \/>\n<meta name=\"twitter:card\" content=\"summary_large_image\" \/>\n<meta name=\"twitter:label1\" content=\"Szacowany czas czytania\" \/>\n\t<meta name=\"twitter:data1\" content=\"1 minuta\" \/>\n<script type=\"application\/ld+json\" class=\"yoast-schema-graph\">{\"@context\":\"https:\/\/schema.org\",\"@graph\":[{\"@type\":[\"WebPage\",\"ItemPage\"],\"@id\":\"https:\/\/3dvikingsstore.com\/pl\/shop\/namiot-barbarzyncy-28-mm-idealny-dla-barbarzynskich-miniatur-i-terenu\/\",\"url\":\"https:\/\/3dvikingsstore.com\/pl\/shop\/namiot-barbarzyncy-28-mm-idealny-dla-barbarzynskich-miniatur-i-terenu\/\",\"name\":\"Namiot barbarzy\u0144cy 28 mm: Idealny dla barbarzy\u0144skich miniatur i terenu\",\"isPartOf\":{\"@id\":\"https:\/\/3dvikingsstore.com\/pl\/#website\"},\"primaryImageOfPage\":{\"@id\":\"https:\/\/3dvikingsstore.com\/pl\/shop\/namiot-barbarzyncy-28-mm-idealny-dla-barbarzynskich-miniatur-i-terenu\/#primaryimage\"},\"image\":{\"@id\":\"https:\/\/3dvikingsstore.com\/pl\/shop\/namiot-barbarzyncy-28-mm-idealny-dla-barbarzynskich-miniatur-i-terenu\/#primaryimage\"},\"thumbnailUrl\":\"https:\/\/3dvikingsstore.com\/wp-content\/uploads\/2020\/03\/il_1588xN.1932263534_rs4o.jpg\",\"datePublished\":\"2020-03-01T00:58:22+00:00\",\"dateModified\":\"2020-03-01T00:58:22+00:00\",\"description\":\"Ten szczeg\u00f3\u0142owy namiot barbarzy\u0144c\u00f3w 28 mm o\u017cywia serce koczowniczej hordy. Idealny element centralny dla barbarzy\u0144skiego terenu 28 mm.\",\"breadcrumb\":{\"@id\":\"https:\/\/3dvikingsstore.com\/pl\/shop\/namiot-barbarzyncy-28-mm-idealny-dla-barbarzynskich-miniatur-i-terenu\/#breadcrumb\"},\"inLanguage\":\"pl-PL\",\"potentialAction\":[{\"@type\":\"ReadAction\",\"target\":[\"https:\/\/3dvikingsstore.com\/pl\/shop\/namiot-barbarzyncy-28-mm-idealny-dla-barbarzynskich-miniatur-i-terenu\/\"]}]},{\"@type\":\"ImageObject\",\"inLanguage\":\"pl-PL\",\"@id\":\"https:\/\/3dvikingsstore.com\/pl\/shop\/namiot-barbarzyncy-28-mm-idealny-dla-barbarzynskich-miniatur-i-terenu\/#primaryimage\",\"url\":\"https:\/\/3dvikingsstore.com\/wp-content\/uploads\/2020\/03\/il_1588xN.1932263534_rs4o.jpg\",\"contentUrl\":\"https:\/\/3dvikingsstore.com\/wp-content\/uploads\/2020\/03\/il_1588xN.1932263534_rs4o.jpg\",\"width\":1588,\"height\":1126},{\"@type\":\"BreadcrumbList\",\"@id\":\"https:\/\/3dvikingsstore.com\/pl\/shop\/namiot-barbarzyncy-28-mm-idealny-dla-barbarzynskich-miniatur-i-terenu\/#breadcrumb\",\"itemListElement\":[{\"@type\":\"ListItem\",\"position\":1,\"name\":\"Home\",\"item\":\"https:\/\/3dvikingsstore.com\/pl\/\"},{\"@type\":\"ListItem\",\"position\":2,\"name\":\"Shop\",\"item\":\"https:\/\/3dvikingsstore.com\/shop\/\"},{\"@type\":\"ListItem\",\"position\":3,\"name\":\"Namiot barbarzy\u0144cy 28 mm: Idealny dla barbarzy\u0144skich miniatur i terenu\"}]},{\"@type\":\"WebSite\",\"@id\":\"https:\/\/3dvikingsstore.com\/pl\/#website\",\"url\":\"https:\/\/3dvikingsstore.com\/pl\/\",\"name\":\"3D Vikings Store\",\"description\":\"Dekoracje i Akcesoria do Gier Planszowych i Sto\u0142owych\",\"publisher\":{\"@id\":\"https:\/\/3dvikingsstore.com\/pl\/#organization\"},\"potentialAction\":[{\"@type\":\"SearchAction\",\"target\":{\"@type\":\"EntryPoint\",\"urlTemplate\":\"https:\/\/3dvikingsstore.com\/pl\/?s={search_term_string}\"},\"query-input\":\"required name=search_term_string\"}],\"inLanguage\":\"pl-PL\"},{\"@type\":\"Organization\",\"@id\":\"https:\/\/3dvikingsstore.com\/pl\/#organization\",\"name\":\"3D Vikings Store\",\"url\":\"https:\/\/3dvikingsstore.com\/pl\/\",\"logo\":{\"@type\":\"ImageObject\",\"inLanguage\":\"pl-PL\",\"@id\":\"https:\/\/3dvikingsstore.com\/pl\/#\/schema\/logo\/image\/\",\"url\":\"https:\/\/3dvikingsstore.com\/wp-content\/uploads\/2020\/03\/3dvikings-logo-karge-white.jpg\",\"contentUrl\":\"https:\/\/3dvikingsstore.com\/wp-content\/uploads\/2020\/03\/3dvikings-logo-karge-white.jpg\",\"width\":800,\"height\":800,\"caption\":\"3D Vikings Store\"},\"image\":{\"@id\":\"https:\/\/3dvikingsstore.com\/pl\/#\/schema\/logo\/image\/\"}}]}<\/script>\n<!-- \/ Yoast SEO Premium plugin. -->","yoast_head_json":{"title":"Namiot barbarzy\u0144cy 28 mm: Idealny dla barbarzy\u0144skich miniatur i terenu","description":"Ten szczeg\u00f3\u0142owy namiot barbarzy\u0144c\u00f3w 28 mm o\u017cywia serce koczowniczej hordy. Idealny element centralny dla barbarzy\u0144skiego terenu 28 mm.","robots":{"index":"index","follow":"follow","max-snippet":"max-snippet:-1","max-image-preview":"max-image-preview:large","max-video-preview":"max-video-preview:-1"},"canonical":"https:\/\/3dvikingsstore.com\/pl\/shop\/namiot-barbarzyncy-28-mm-idealny-dla-barbarzynskich-miniatur-i-terenu\/","og_locale":"pl_PL","og_type":"article","og_title":"Namiot barbarzy\u0144cy 28 mm: Idealny dla barbarzy\u0144skich miniatur i terenu","og_description":"Ten szczeg\u00f3\u0142owy namiot barbarzy\u0144c\u00f3w 28 mm o\u017cywia serce koczowniczej hordy. Idealny element centralny dla barbarzy\u0144skiego terenu 28 mm.","og_url":"https:\/\/3dvikingsstore.com\/pl\/shop\/namiot-barbarzyncy-28-mm-idealny-dla-barbarzynskich-miniatur-i-terenu\/","og_site_name":"3D Vikings Store","og_image":[{"width":1588,"height":1126,"url":"https:\/\/3dvikingsstore.com\/wp-content\/uploads\/2020\/03\/il_1588xN.1932263534_rs4o.jpg","type":"image\/jpeg"}],"twitter_card":"summary_large_image","twitter_misc":{"Szacowany czas czytania":"1 minuta"},"schema":{"@context":"https:\/\/schema.org","@graph":[{"@type":["WebPage","ItemPage"],"@id":"https:\/\/3dvikingsstore.com\/pl\/shop\/namiot-barbarzyncy-28-mm-idealny-dla-barbarzynskich-miniatur-i-terenu\/","url":"https:\/\/3dvikingsstore.com\/pl\/shop\/namiot-barbarzyncy-28-mm-idealny-dla-barbarzynskich-miniatur-i-terenu\/","name":"Namiot barbarzy\u0144cy 28 mm: Idealny dla barbarzy\u0144skich miniatur i terenu","isPartOf":{"@id":"https:\/\/3dvikingsstore.com\/pl\/#website"},"primaryImageOfPage":{"@id":"https:\/\/3dvikingsstore.com\/pl\/shop\/namiot-barbarzyncy-28-mm-idealny-dla-barbarzynskich-miniatur-i-terenu\/#primaryimage"},"image":{"@id":"https:\/\/3dvikingsstore.com\/pl\/shop\/namiot-barbarzyncy-28-mm-idealny-dla-barbarzynskich-miniatur-i-terenu\/#primaryimage"},"thumbnailUrl":"https:\/\/3dvikingsstore.com\/wp-content\/uploads\/2020\/03\/il_1588xN.1932263534_rs4o.jpg","datePublished":"2020-03-01T00:58:22+00:00","dateModified":"2020-03-01T00:58:22+00:00","description":"Ten szczeg\u00f3\u0142owy namiot barbarzy\u0144c\u00f3w 28 mm o\u017cywia serce koczowniczej hordy. Idealny element centralny dla barbarzy\u0144skiego terenu 28 mm.","breadcrumb":{"@id":"https:\/\/3dvikingsstore.com\/pl\/shop\/namiot-barbarzyncy-28-mm-idealny-dla-barbarzynskich-miniatur-i-terenu\/#breadcrumb"},"inLanguage":"pl-PL","potentialAction":[{"@type":"ReadAction","target":["https:\/\/3dvikingsstore.com\/pl\/shop\/namiot-barbarzyncy-28-mm-idealny-dla-barbarzynskich-miniatur-i-terenu\/"]}]},{"@type":"ImageObject","inLanguage":"pl-PL","@id":"https:\/\/3dvikingsstore.com\/pl\/shop\/namiot-barbarzyncy-28-mm-idealny-dla-barbarzynskich-miniatur-i-terenu\/#primaryimage","url":"https:\/\/3dvikingsstore.com\/wp-content\/uploads\/2020\/03\/il_1588xN.1932263534_rs4o.jpg","contentUrl":"https:\/\/3dvikingsstore.com\/wp-content\/uploads\/2020\/03\/il_1588xN.1932263534_rs4o.jpg","width":1588,"height":1126},{"@type":"BreadcrumbList","@id":"https:\/\/3dvikingsstore.com\/pl\/shop\/namiot-barbarzyncy-28-mm-idealny-dla-barbarzynskich-miniatur-i-terenu\/#breadcrumb","itemListElement":[{"@type":"ListItem","position":1,"name":"Home","item":"https:\/\/3dvikingsstore.com\/pl\/"},{"@type":"ListItem","position":2,"name":"Shop","item":"https:\/\/3dvikingsstore.com\/shop\/"},{"@type":"ListItem","position":3,"name":"Namiot barbarzy\u0144cy 28 mm: Idealny dla barbarzy\u0144skich miniatur i terenu"}]},{"@type":"WebSite","@id":"https:\/\/3dvikingsstore.com\/pl\/#website","url":"https:\/\/3dvikingsstore.com\/pl\/","name":"3D Vikings Store","description":"Dekoracje i Akcesoria do Gier Planszowych i Sto\u0142owych","publisher":{"@id":"https:\/\/3dvikingsstore.com\/pl\/#organization"},"potentialAction":[{"@type":"SearchAction","target":{"@type":"EntryPoint","urlTemplate":"https:\/\/3dvikingsstore.com\/pl\/?s={search_term_string}"},"query-input":"required name=search_term_string"}],"inLanguage":"pl-PL"},{"@type":"Organization","@id":"https:\/\/3dvikingsstore.com\/pl\/#organization","name":"3D Vikings Store","url":"https:\/\/3dvikingsstore.com\/pl\/","logo":{"@type":"ImageObject","inLanguage":"pl-PL","@id":"https:\/\/3dvikingsstore.com\/pl\/#\/schema\/logo\/image\/","url":"https:\/\/3dvikingsstore.com\/wp-content\/uploads\/2020\/03\/3dvikings-logo-karge-white.jpg","contentUrl":"https:\/\/3dvikingsstore.com\/wp-content\/uploads\/2020\/03\/3dvikings-logo-karge-white.jpg","width":800,"height":800,"caption":"3D Vikings Store"},"image":{"@id":"https:\/\/3dvikingsstore.com\/pl\/#\/schema\/logo\/image\/"}}]}},"_links":{"self":[{"href":"https:\/\/3dvikingsstore.com\/pl\/wp-json\/wp\/v2\/product\/18889"}],"collection":[{"href":"https:\/\/3dvikingsstore.com\/pl\/wp-json\/wp\/v2\/product"}],"about":[{"href":"https:\/\/3dvikingsstore.com\/pl\/wp-json\/wp\/v2\/types\/product"}],"replies":[{"embeddable":true,"href":"https:\/\/3dvikingsstore.com\/pl\/wp-json\/wp\/v2\/comments?post=18889"}],"version-history":[{"count":0,"href":"https:\/\/3dvikingsstore.com\/pl\/wp-json\/wp\/v2\/product\/18889\/revisions"}],"wp:featuredmedia":[{"embeddable":true,"href":"https:\/\/3dvikingsstore.com\/pl\/wp-json\/wp\/v2\/media\/18890"}],"wp:attachment":[{"href":"https:\/\/3dvikingsstore.com\/pl\/wp-json\/wp\/v2\/media?parent=18889"}],"wp:term":[{"taxonomy":"product_cat","embeddable":true,"href":"https:\/\/3dvikingsstore.com\/pl\/wp-json\/wp\/v2\/product_cat?post=18889"},{"taxonomy":"product_tag","embeddable":true,"href":"https:\/\/3dvikingsstore.com\/pl\/wp-json\/wp\/v2\/product_tag?post=18889"}],"curies":[{"name":"wp","href":"https:\/\/api.w.org\/{rel}","templated":true}]}}