{"id":18873,"date":"2020-03-01T02:58:28","date_gmt":"2020-03-01T00:58:28","guid":{"rendered":"https:\/\/3dvikingsstore.com\/shop\/ekstraktor-mineralow-sci-fi-elementy-rozproszonego-terenu-28mm-32mm-skala\/"},"modified":"2020-03-01T02:58:28","modified_gmt":"2020-03-01T00:58:28","slug":"ekstraktor-mineralow-sci-fi-elementy-rozproszonego-terenu-28mm-32mm-skala","status":"publish","type":"product","link":"https:\/\/3dvikingsstore.com\/pl\/shop\/ekstraktor-mineralow-sci-fi-elementy-rozproszonego-terenu-28mm-32mm-skala\/","title":{"rendered":"Ekstraktor Minera\u0142\u00f3w Sci-Fi &#8211; Elementy Rozproszonego Terenu 28mm &#8211; 32mm Skala"},"content":{"rendered":"<p>Zautomatyzowane ekstraktory minera\u0142\u00f3w to zaawansowane maszyny, kt\u00f3re zbieraj\u0105 cenne minera\u0142y z powierzchni planety. Pracuj\u0105 w grupach, wierc\u0105c i wykopuj\u0105c surowce niezb\u0119dne do budowy i rozbudowy plac\u00f3wki. S\u0105 one wyposa\u017cone w czujniki i skanery, kt\u00f3re wykrywaj\u0105 najbardziej op\u0142acalne miejsca do wydobycia.<\/p>\n<p>Model Automatycznych Ekstraktor\u00f3w Minera\u0142\u00f3w to doskona\u0142y element do Twojej kolekcji rozproszonych element\u00f3w terenu sci-fi. Jest to jednocz\u0119\u015bciowa konstrukcja, kt\u00f3ra nie wymaga \u017cadnego monta\u017cu. Jest \u0142atwy do pomalowania i ma wiele szczeg\u00f3\u0142\u00f3w i tekstur, kt\u00f3re sprawiaj\u0105, \u017ce wygl\u0105da realistycznie. Ma 98 mm wysoko\u015bci na skalistej podstawie, kt\u00f3r\u0105 mo\u017cna wykorzysta\u0107 do tworzenia r\u00f3\u017cnych poziom\u00f3w i wzniesie\u0144 na terenie. Mo\u017ce r\u00f3wnie\u017c zapewni\u0107 lekk\u0105 os\u0142on\u0119 dla jednostek, je\u015bli zostanie ustawiona pod odpowiednim k\u0105tem. Wygl\u0105da \u015bwietnie na ka\u017cdej powierzchni planety, zw\u0142aszcza na skalistym lub pustynnym terenie.<\/p>\n<p>Rozmiar ca\u0142kowity &#8211; 145 x 138 x 98 (mm)<\/p>\n<p>W zestawie bez farby.<\/p>\n<p>Drukowany jest z PLA, kt\u00f3ry jest jednym z najbardziej przyjaznych dla \u015brodowiska filament\u00f3w dost\u0119pnych obecnie na rynku. Pochodz\u0105cy z upraw takich jak kukurydza i trzcina cukrowa, PLA jest odnawialny, a co najwa\u017cniejsze biodegradowalny i nietoksyczny. Wydrukowane na nim przedmioty s\u0105 trwa\u0142e i wytrzyma\u0142e.<\/p>\n","protected":false},"excerpt":{"rendered":"<p>Zautomatyzowane ekstraktory minera\u0142\u00f3w to zaawansowane maszyny, kt\u00f3re zbieraj\u0105 cenne minera\u0142y z powierzchni planety. Pracuj\u0105 w grupach, wierc\u0105c i wykopuj\u0105c surowce niezb\u0119dne do budowy i rozbudowy plac\u00f3wki. S\u0105 one wyposa\u017cone w czujniki i skanery, kt\u00f3re wykrywaj\u0105 najbardziej op\u0142acalne miejsca do wydobycia.<\/p>\n","protected":false},"featured_media":18874,"comment_status":"open","ping_status":"closed","template":"","meta":[],"product_cat":[3137,3152],"product_tag":[3279,3247,3292,3293,3294,3352,3291,3297,3296,3202,3255,3177,3280],"yoast_head":"<!-- This site is optimized with the Yoast SEO Premium plugin v22.9 (Yoast SEO v22.9) - https:\/\/yoast.com\/wordpress\/plugins\/seo\/ -->\n<title>Ekstraktor Minera\u0142\u00f3w Sci-Fi - Elementy Rozproszonego Terenu 28mm - 32mm Skala<\/title>\n<meta name=\"description\" content=\"Model Automatycznych Ekstraktor\u00f3w Minera\u0142\u00f3w to doskona\u0142y element do Twojej kolekcji rozproszonych element\u00f3w terenu sci-fi. Jest to konstrukcja jednocz\u0119\u015bciowa. Nie wymaga monta\u017cu.\" \/>\n<meta name=\"robots\" content=\"index, follow, max-snippet:-1, max-image-preview:large, max-video-preview:-1\" \/>\n<link rel=\"canonical\" href=\"https:\/\/3dvikingsstore.com\/pl\/shop\/ekstraktor-mineralow-sci-fi-elementy-rozproszonego-terenu-28mm-32mm-skala\/\" \/>\n<meta property=\"og:locale\" content=\"pl_PL\" \/>\n<meta property=\"og:type\" content=\"article\" \/>\n<meta property=\"og:title\" content=\"Ekstraktor Minera\u0142\u00f3w Sci-Fi - Elementy Rozproszonego Terenu 28mm - 32mm Skala\" \/>\n<meta property=\"og:description\" content=\"Model Automatycznych Ekstraktor\u00f3w Minera\u0142\u00f3w to doskona\u0142y element do Twojej kolekcji rozproszonych element\u00f3w terenu sci-fi. Jest to konstrukcja jednocz\u0119\u015bciowa. Nie wymaga monta\u017cu.\" \/>\n<meta property=\"og:url\" content=\"https:\/\/3dvikingsstore.com\/pl\/shop\/ekstraktor-mineralow-sci-fi-elementy-rozproszonego-terenu-28mm-32mm-skala\/\" \/>\n<meta property=\"og:site_name\" content=\"3D Vikings Store\" \/>\n<meta property=\"og:image\" content=\"https:\/\/3dvikingsstore.com\/wp-content\/uploads\/2020\/03\/il_794xN.1983744767_8k3e.jpg\" \/>\n\t<meta property=\"og:image:width\" content=\"794\" \/>\n\t<meta property=\"og:image:height\" content=\"595\" \/>\n\t<meta property=\"og:image:type\" content=\"image\/jpeg\" \/>\n<meta name=\"twitter:card\" content=\"summary_large_image\" \/>\n<meta name=\"twitter:label1\" content=\"Szacowany czas czytania\" \/>\n\t<meta name=\"twitter:data1\" content=\"1 minuta\" \/>\n<script type=\"application\/ld+json\" class=\"yoast-schema-graph\">{\"@context\":\"https:\/\/schema.org\",\"@graph\":[{\"@type\":[\"WebPage\",\"ItemPage\"],\"@id\":\"https:\/\/3dvikingsstore.com\/pl\/shop\/ekstraktor-mineralow-sci-fi-elementy-rozproszonego-terenu-28mm-32mm-skala\/\",\"url\":\"https:\/\/3dvikingsstore.com\/pl\/shop\/ekstraktor-mineralow-sci-fi-elementy-rozproszonego-terenu-28mm-32mm-skala\/\",\"name\":\"Ekstraktor Minera\u0142\u00f3w Sci-Fi - Elementy Rozproszonego Terenu 28mm - 32mm Skala\",\"isPartOf\":{\"@id\":\"https:\/\/3dvikingsstore.com\/pl\/#website\"},\"primaryImageOfPage\":{\"@id\":\"https:\/\/3dvikingsstore.com\/pl\/shop\/ekstraktor-mineralow-sci-fi-elementy-rozproszonego-terenu-28mm-32mm-skala\/#primaryimage\"},\"image\":{\"@id\":\"https:\/\/3dvikingsstore.com\/pl\/shop\/ekstraktor-mineralow-sci-fi-elementy-rozproszonego-terenu-28mm-32mm-skala\/#primaryimage\"},\"thumbnailUrl\":\"https:\/\/3dvikingsstore.com\/wp-content\/uploads\/2020\/03\/il_794xN.1983744767_8k3e.jpg\",\"datePublished\":\"2020-03-01T00:58:28+00:00\",\"dateModified\":\"2020-03-01T00:58:28+00:00\",\"description\":\"Model Automatycznych Ekstraktor\u00f3w Minera\u0142\u00f3w to doskona\u0142y element do Twojej kolekcji rozproszonych element\u00f3w terenu sci-fi. Jest to konstrukcja jednocz\u0119\u015bciowa. Nie wymaga monta\u017cu.\",\"breadcrumb\":{\"@id\":\"https:\/\/3dvikingsstore.com\/pl\/shop\/ekstraktor-mineralow-sci-fi-elementy-rozproszonego-terenu-28mm-32mm-skala\/#breadcrumb\"},\"inLanguage\":\"pl-PL\",\"potentialAction\":[{\"@type\":\"ReadAction\",\"target\":[\"https:\/\/3dvikingsstore.com\/pl\/shop\/ekstraktor-mineralow-sci-fi-elementy-rozproszonego-terenu-28mm-32mm-skala\/\"]}]},{\"@type\":\"ImageObject\",\"inLanguage\":\"pl-PL\",\"@id\":\"https:\/\/3dvikingsstore.com\/pl\/shop\/ekstraktor-mineralow-sci-fi-elementy-rozproszonego-terenu-28mm-32mm-skala\/#primaryimage\",\"url\":\"https:\/\/3dvikingsstore.com\/wp-content\/uploads\/2020\/03\/il_794xN.1983744767_8k3e.jpg\",\"contentUrl\":\"https:\/\/3dvikingsstore.com\/wp-content\/uploads\/2020\/03\/il_794xN.1983744767_8k3e.jpg\",\"width\":794,\"height\":595},{\"@type\":\"BreadcrumbList\",\"@id\":\"https:\/\/3dvikingsstore.com\/pl\/shop\/ekstraktor-mineralow-sci-fi-elementy-rozproszonego-terenu-28mm-32mm-skala\/#breadcrumb\",\"itemListElement\":[{\"@type\":\"ListItem\",\"position\":1,\"name\":\"Home\",\"item\":\"https:\/\/3dvikingsstore.com\/pl\/\"},{\"@type\":\"ListItem\",\"position\":2,\"name\":\"Shop\",\"item\":\"https:\/\/3dvikingsstore.com\/shop\/\"},{\"@type\":\"ListItem\",\"position\":3,\"name\":\"Ekstraktor Minera\u0142\u00f3w Sci-Fi &#8211; Elementy Rozproszonego Terenu 28mm &#8211; 32mm Skala\"}]},{\"@type\":\"WebSite\",\"@id\":\"https:\/\/3dvikingsstore.com\/pl\/#website\",\"url\":\"https:\/\/3dvikingsstore.com\/pl\/\",\"name\":\"3D Vikings Store\",\"description\":\"Dekoracje i Akcesoria do Gier Planszowych i Sto\u0142owych\",\"publisher\":{\"@id\":\"https:\/\/3dvikingsstore.com\/pl\/#organization\"},\"potentialAction\":[{\"@type\":\"SearchAction\",\"target\":{\"@type\":\"EntryPoint\",\"urlTemplate\":\"https:\/\/3dvikingsstore.com\/pl\/?s={search_term_string}\"},\"query-input\":\"required name=search_term_string\"}],\"inLanguage\":\"pl-PL\"},{\"@type\":\"Organization\",\"@id\":\"https:\/\/3dvikingsstore.com\/pl\/#organization\",\"name\":\"3D Vikings Store\",\"url\":\"https:\/\/3dvikingsstore.com\/pl\/\",\"logo\":{\"@type\":\"ImageObject\",\"inLanguage\":\"pl-PL\",\"@id\":\"https:\/\/3dvikingsstore.com\/pl\/#\/schema\/logo\/image\/\",\"url\":\"https:\/\/3dvikingsstore.com\/wp-content\/uploads\/2020\/03\/3dvikings-logo-karge-white.jpg\",\"contentUrl\":\"https:\/\/3dvikingsstore.com\/wp-content\/uploads\/2020\/03\/3dvikings-logo-karge-white.jpg\",\"width\":800,\"height\":800,\"caption\":\"3D Vikings Store\"},\"image\":{\"@id\":\"https:\/\/3dvikingsstore.com\/pl\/#\/schema\/logo\/image\/\"}}]}<\/script>\n<!-- \/ Yoast SEO Premium plugin. -->","yoast_head_json":{"title":"Ekstraktor Minera\u0142\u00f3w Sci-Fi - Elementy Rozproszonego Terenu 28mm - 32mm Skala","description":"Model Automatycznych Ekstraktor\u00f3w Minera\u0142\u00f3w to doskona\u0142y element do Twojej kolekcji rozproszonych element\u00f3w terenu sci-fi. Jest to konstrukcja jednocz\u0119\u015bciowa. Nie wymaga monta\u017cu.","robots":{"index":"index","follow":"follow","max-snippet":"max-snippet:-1","max-image-preview":"max-image-preview:large","max-video-preview":"max-video-preview:-1"},"canonical":"https:\/\/3dvikingsstore.com\/pl\/shop\/ekstraktor-mineralow-sci-fi-elementy-rozproszonego-terenu-28mm-32mm-skala\/","og_locale":"pl_PL","og_type":"article","og_title":"Ekstraktor Minera\u0142\u00f3w Sci-Fi - Elementy Rozproszonego Terenu 28mm - 32mm Skala","og_description":"Model Automatycznych Ekstraktor\u00f3w Minera\u0142\u00f3w to doskona\u0142y element do Twojej kolekcji rozproszonych element\u00f3w terenu sci-fi. Jest to konstrukcja jednocz\u0119\u015bciowa. Nie wymaga monta\u017cu.","og_url":"https:\/\/3dvikingsstore.com\/pl\/shop\/ekstraktor-mineralow-sci-fi-elementy-rozproszonego-terenu-28mm-32mm-skala\/","og_site_name":"3D Vikings Store","og_image":[{"width":794,"height":595,"url":"https:\/\/3dvikingsstore.com\/wp-content\/uploads\/2020\/03\/il_794xN.1983744767_8k3e.jpg","type":"image\/jpeg"}],"twitter_card":"summary_large_image","twitter_misc":{"Szacowany czas czytania":"1 minuta"},"schema":{"@context":"https:\/\/schema.org","@graph":[{"@type":["WebPage","ItemPage"],"@id":"https:\/\/3dvikingsstore.com\/pl\/shop\/ekstraktor-mineralow-sci-fi-elementy-rozproszonego-terenu-28mm-32mm-skala\/","url":"https:\/\/3dvikingsstore.com\/pl\/shop\/ekstraktor-mineralow-sci-fi-elementy-rozproszonego-terenu-28mm-32mm-skala\/","name":"Ekstraktor Minera\u0142\u00f3w Sci-Fi - Elementy Rozproszonego Terenu 28mm - 32mm Skala","isPartOf":{"@id":"https:\/\/3dvikingsstore.com\/pl\/#website"},"primaryImageOfPage":{"@id":"https:\/\/3dvikingsstore.com\/pl\/shop\/ekstraktor-mineralow-sci-fi-elementy-rozproszonego-terenu-28mm-32mm-skala\/#primaryimage"},"image":{"@id":"https:\/\/3dvikingsstore.com\/pl\/shop\/ekstraktor-mineralow-sci-fi-elementy-rozproszonego-terenu-28mm-32mm-skala\/#primaryimage"},"thumbnailUrl":"https:\/\/3dvikingsstore.com\/wp-content\/uploads\/2020\/03\/il_794xN.1983744767_8k3e.jpg","datePublished":"2020-03-01T00:58:28+00:00","dateModified":"2020-03-01T00:58:28+00:00","description":"Model Automatycznych Ekstraktor\u00f3w Minera\u0142\u00f3w to doskona\u0142y element do Twojej kolekcji rozproszonych element\u00f3w terenu sci-fi. Jest to konstrukcja jednocz\u0119\u015bciowa. Nie wymaga monta\u017cu.","breadcrumb":{"@id":"https:\/\/3dvikingsstore.com\/pl\/shop\/ekstraktor-mineralow-sci-fi-elementy-rozproszonego-terenu-28mm-32mm-skala\/#breadcrumb"},"inLanguage":"pl-PL","potentialAction":[{"@type":"ReadAction","target":["https:\/\/3dvikingsstore.com\/pl\/shop\/ekstraktor-mineralow-sci-fi-elementy-rozproszonego-terenu-28mm-32mm-skala\/"]}]},{"@type":"ImageObject","inLanguage":"pl-PL","@id":"https:\/\/3dvikingsstore.com\/pl\/shop\/ekstraktor-mineralow-sci-fi-elementy-rozproszonego-terenu-28mm-32mm-skala\/#primaryimage","url":"https:\/\/3dvikingsstore.com\/wp-content\/uploads\/2020\/03\/il_794xN.1983744767_8k3e.jpg","contentUrl":"https:\/\/3dvikingsstore.com\/wp-content\/uploads\/2020\/03\/il_794xN.1983744767_8k3e.jpg","width":794,"height":595},{"@type":"BreadcrumbList","@id":"https:\/\/3dvikingsstore.com\/pl\/shop\/ekstraktor-mineralow-sci-fi-elementy-rozproszonego-terenu-28mm-32mm-skala\/#breadcrumb","itemListElement":[{"@type":"ListItem","position":1,"name":"Home","item":"https:\/\/3dvikingsstore.com\/pl\/"},{"@type":"ListItem","position":2,"name":"Shop","item":"https:\/\/3dvikingsstore.com\/shop\/"},{"@type":"ListItem","position":3,"name":"Ekstraktor Minera\u0142\u00f3w Sci-Fi &#8211; Elementy Rozproszonego Terenu 28mm &#8211; 32mm Skala"}]},{"@type":"WebSite","@id":"https:\/\/3dvikingsstore.com\/pl\/#website","url":"https:\/\/3dvikingsstore.com\/pl\/","name":"3D Vikings Store","description":"Dekoracje i Akcesoria do Gier Planszowych i Sto\u0142owych","publisher":{"@id":"https:\/\/3dvikingsstore.com\/pl\/#organization"},"potentialAction":[{"@type":"SearchAction","target":{"@type":"EntryPoint","urlTemplate":"https:\/\/3dvikingsstore.com\/pl\/?s={search_term_string}"},"query-input":"required name=search_term_string"}],"inLanguage":"pl-PL"},{"@type":"Organization","@id":"https:\/\/3dvikingsstore.com\/pl\/#organization","name":"3D Vikings Store","url":"https:\/\/3dvikingsstore.com\/pl\/","logo":{"@type":"ImageObject","inLanguage":"pl-PL","@id":"https:\/\/3dvikingsstore.com\/pl\/#\/schema\/logo\/image\/","url":"https:\/\/3dvikingsstore.com\/wp-content\/uploads\/2020\/03\/3dvikings-logo-karge-white.jpg","contentUrl":"https:\/\/3dvikingsstore.com\/wp-content\/uploads\/2020\/03\/3dvikings-logo-karge-white.jpg","width":800,"height":800,"caption":"3D Vikings Store"},"image":{"@id":"https:\/\/3dvikingsstore.com\/pl\/#\/schema\/logo\/image\/"}}]}},"_links":{"self":[{"href":"https:\/\/3dvikingsstore.com\/pl\/wp-json\/wp\/v2\/product\/18873"}],"collection":[{"href":"https:\/\/3dvikingsstore.com\/pl\/wp-json\/wp\/v2\/product"}],"about":[{"href":"https:\/\/3dvikingsstore.com\/pl\/wp-json\/wp\/v2\/types\/product"}],"replies":[{"embeddable":true,"href":"https:\/\/3dvikingsstore.com\/pl\/wp-json\/wp\/v2\/comments?post=18873"}],"version-history":[{"count":0,"href":"https:\/\/3dvikingsstore.com\/pl\/wp-json\/wp\/v2\/product\/18873\/revisions"}],"wp:featuredmedia":[{"embeddable":true,"href":"https:\/\/3dvikingsstore.com\/pl\/wp-json\/wp\/v2\/media\/18874"}],"wp:attachment":[{"href":"https:\/\/3dvikingsstore.com\/pl\/wp-json\/wp\/v2\/media?parent=18873"}],"wp:term":[{"taxonomy":"product_cat","embeddable":true,"href":"https:\/\/3dvikingsstore.com\/pl\/wp-json\/wp\/v2\/product_cat?post=18873"},{"taxonomy":"product_tag","embeddable":true,"href":"https:\/\/3dvikingsstore.com\/pl\/wp-json\/wp\/v2\/product_tag?post=18873"}],"curies":[{"name":"wp","href":"https:\/\/api.w.org\/{rel}","templated":true}]}}