{"id":18871,"date":"2020-03-01T02:58:30","date_gmt":"2020-03-01T00:58:30","guid":{"rendered":"https:\/\/3dvikingsstore.com\/shop\/statek-kosmiczny-sci-fi-w-skali-28-mm\/"},"modified":"2020-03-01T02:58:30","modified_gmt":"2020-03-01T00:58:30","slug":"statek-kosmiczny-sci-fi-w-skali-28-mm","status":"publish","type":"product","link":"https:\/\/3dvikingsstore.com\/pl\/shop\/statek-kosmiczny-sci-fi-w-skali-28-mm\/","title":{"rendered":"Statek kosmiczny sci-fi w skali 28 mm"},"content":{"rendered":"<p>Przenie\u015b swoje gry wojenne na wy\u017cszy poziom dzi\u0119ki temu <strong>statkowi gwiezdnemu SciFi<\/strong>! Jest to realistyczny i szczeg\u00f3\u0142owy element terenu, kt\u00f3ry sprawi, \u017ce twoje gry b\u0119d\u0105 bardziej wci\u0105gaj\u0105ce i ekscytuj\u0105ce. Niezale\u017cnie od tego, czy grasz w Star Wars Legion, Imperial Assault, czy jak\u0105kolwiek inn\u0105 gr\u0119 RPG Sci-Fi, ten statek kosmiczny idealnie wpasuje si\u0119 w tw\u00f3j krajobraz gry.<\/p>\n<p>Ten statek kosmiczny w skali 28 mm jest kompatybilny z wi\u0119kszo\u015bci\u0105 miniatur do gier wojennych. Charakteryzuje si\u0119 eleganckim i futurystycznym wygl\u0105dem, z metalowym kad\u0142ubem i kokpitem. Statek kosmiczny ma ciemny i zwietrza\u0142y wygl\u0105d, nadaj\u0105cy mu wiele charakteru i uroku. Wyko\u0144czenie na zdj\u0119ciu zosta\u0142o osi\u0105gni\u0119te poprzez spryskanie czarn\u0105 farb\u0105 na zewn\u0105trz i na\u0142o\u017cenie ja\u015bniejszego i ja\u015bniejszego szarego p\u0119dzla na wierzch. Mo\u017cesz tak\u017ce u\u017cy\u0107 w\u0142asnych kolor\u00f3w i technik, aby dostosowa\u0107 statek kosmiczny do swoich upodoba\u0144.<\/p>\n<p><strong>Statek kosmiczny nie jest pomalowany<\/strong>dzi\u0119ki czemu mo\u017cesz uwolni\u0107 swoj\u0105 kreatywno\u015b\u0107 i uczyni\u0107 go swoim w\u0142asnym. Mo\u017cesz u\u017cy\u0107 go jako terenu, pojazdu lub elementu scenerii w swoich grach. Niezale\u017cnie od tego, czy walczysz dla rebeliant\u00f3w, Imperium, czy w\u0142asnej frakcji, z przyjemno\u015bci\u0105 wykorzystasz ten statek kosmiczny jako t\u0142o dla epickich bitew w galaktyce! ?<\/p>\n<p>Statek kosmiczny to pozycja obowi\u0105zkowa dla ka\u017cdego fana sci-fi lub wargamera. Doda on wiele zabawy i realizmu do twoich gier i sprawi, \u017ce twoje figurki b\u0119d\u0105 si\u0119 wyr\u00f3\u017cnia\u0107. Zam\u00f3w ju\u017c dzi\u015b i przygotuj si\u0119 na niesamowite przygody w kosmosie! ?<\/p>\n<p>Drukowany jest z PLA, kt\u00f3ry jest jednym z najbardziej przyjaznych dla \u015brodowiska filament\u00f3w dost\u0119pnych obecnie na rynku. Pochodz\u0105cy z upraw takich jak kukurydza i trzcina cukrowa, PLA jest odnawialny, a co najwa\u017cniejsze biodegradowalny i nietoksyczny. Wydrukowane na nim przedmioty s\u0105 trwa\u0142e i wytrzyma\u0142e.<\/p>\n","protected":false},"excerpt":{"rendered":"<p>Przenie\u015b swoje gry wojenne na wy\u017cszy poziom dzi\u0119ki temu <strong>statkowi gwiezdnemu SciFi<\/strong>! Jest to realistyczny i szczeg\u00f3\u0142owy element terenu, kt\u00f3ry sprawi, \u017ce twoje gry b\u0119d\u0105 bardziej wci\u0105gaj\u0105ce i ekscytuj\u0105ce. Niezale\u017cnie od tego, czy grasz w Star Wars Legion, Imperial Assault, czy jak\u0105kolwiek inn\u0105 gr\u0119 RPG Sci-Fi, ten statek kosmiczny idealnie wpasuje si\u0119 w tw\u00f3j krajobraz gry.<\/p>\n","protected":false},"featured_media":18872,"comment_status":"open","ping_status":"closed","template":"","meta":[],"product_cat":[3137,3152],"product_tag":[3160,3249,3349,3348,3254,3346,3347,3205,3202,3351,3350,3251,3177],"yoast_head":"<!-- This site is optimized with the Yoast SEO Premium plugin v22.9 (Yoast SEO v22.9) - https:\/\/yoast.com\/wordpress\/plugins\/seo\/ -->\n<title>Statek kosmiczny sci-fi w skali 28 mm<\/title>\n<meta name=\"description\" content=\"Przenie\u015b swoj\u0105 gr\u0119 wojenn\u0105 na wy\u017cszy poziom dzi\u0119ki temu statkowi gwiezdnemu SciFi! Jest to realistyczny i szczeg\u00f3\u0142owy element terenu, kt\u00f3ry sprawi, \u017ce twoje gry b\u0119d\u0105 bardziej wci\u0105gaj\u0105ce i ekscytuj\u0105ce.\" \/>\n<meta name=\"robots\" content=\"index, follow, max-snippet:-1, max-image-preview:large, max-video-preview:-1\" \/>\n<link rel=\"canonical\" href=\"https:\/\/3dvikingsstore.com\/pl\/shop\/statek-kosmiczny-sci-fi-w-skali-28-mm\/\" \/>\n<meta property=\"og:locale\" content=\"pl_PL\" \/>\n<meta property=\"og:type\" content=\"article\" \/>\n<meta property=\"og:title\" content=\"Statek kosmiczny sci-fi w skali 28 mm\" \/>\n<meta property=\"og:description\" content=\"Przenie\u015b swoj\u0105 gr\u0119 wojenn\u0105 na wy\u017cszy poziom dzi\u0119ki temu statkowi gwiezdnemu SciFi! Jest to realistyczny i szczeg\u00f3\u0142owy element terenu, kt\u00f3ry sprawi, \u017ce twoje gry b\u0119d\u0105 bardziej wci\u0105gaj\u0105ce i ekscytuj\u0105ce.\" \/>\n<meta property=\"og:url\" content=\"https:\/\/3dvikingsstore.com\/pl\/shop\/statek-kosmiczny-sci-fi-w-skali-28-mm\/\" \/>\n<meta property=\"og:site_name\" content=\"3D Vikings Store\" \/>\n<meta property=\"og:image\" content=\"https:\/\/3dvikingsstore.com\/wp-content\/uploads\/2020\/03\/il_1588xN.1934836166_ddk4.jpg\" \/>\n\t<meta property=\"og:image:width\" content=\"1588\" \/>\n\t<meta property=\"og:image:height\" content=\"1288\" \/>\n\t<meta property=\"og:image:type\" content=\"image\/jpeg\" \/>\n<meta name=\"twitter:card\" content=\"summary_large_image\" \/>\n<meta name=\"twitter:label1\" content=\"Szacowany czas czytania\" \/>\n\t<meta name=\"twitter:data1\" content=\"2 minuty\" \/>\n<script type=\"application\/ld+json\" class=\"yoast-schema-graph\">{\"@context\":\"https:\/\/schema.org\",\"@graph\":[{\"@type\":[\"WebPage\",\"ItemPage\"],\"@id\":\"https:\/\/3dvikingsstore.com\/pl\/shop\/statek-kosmiczny-sci-fi-w-skali-28-mm\/\",\"url\":\"https:\/\/3dvikingsstore.com\/pl\/shop\/statek-kosmiczny-sci-fi-w-skali-28-mm\/\",\"name\":\"Statek kosmiczny sci-fi w skali 28 mm\",\"isPartOf\":{\"@id\":\"https:\/\/3dvikingsstore.com\/pl\/#website\"},\"primaryImageOfPage\":{\"@id\":\"https:\/\/3dvikingsstore.com\/pl\/shop\/statek-kosmiczny-sci-fi-w-skali-28-mm\/#primaryimage\"},\"image\":{\"@id\":\"https:\/\/3dvikingsstore.com\/pl\/shop\/statek-kosmiczny-sci-fi-w-skali-28-mm\/#primaryimage\"},\"thumbnailUrl\":\"https:\/\/3dvikingsstore.com\/wp-content\/uploads\/2020\/03\/il_1588xN.1934836166_ddk4.jpg\",\"datePublished\":\"2020-03-01T00:58:30+00:00\",\"dateModified\":\"2020-03-01T00:58:30+00:00\",\"description\":\"Przenie\u015b swoj\u0105 gr\u0119 wojenn\u0105 na wy\u017cszy poziom dzi\u0119ki temu statkowi gwiezdnemu SciFi! Jest to realistyczny i szczeg\u00f3\u0142owy element terenu, kt\u00f3ry sprawi, \u017ce twoje gry b\u0119d\u0105 bardziej wci\u0105gaj\u0105ce i ekscytuj\u0105ce.\",\"breadcrumb\":{\"@id\":\"https:\/\/3dvikingsstore.com\/pl\/shop\/statek-kosmiczny-sci-fi-w-skali-28-mm\/#breadcrumb\"},\"inLanguage\":\"pl-PL\",\"potentialAction\":[{\"@type\":\"ReadAction\",\"target\":[\"https:\/\/3dvikingsstore.com\/pl\/shop\/statek-kosmiczny-sci-fi-w-skali-28-mm\/\"]}]},{\"@type\":\"ImageObject\",\"inLanguage\":\"pl-PL\",\"@id\":\"https:\/\/3dvikingsstore.com\/pl\/shop\/statek-kosmiczny-sci-fi-w-skali-28-mm\/#primaryimage\",\"url\":\"https:\/\/3dvikingsstore.com\/wp-content\/uploads\/2020\/03\/il_1588xN.1934836166_ddk4.jpg\",\"contentUrl\":\"https:\/\/3dvikingsstore.com\/wp-content\/uploads\/2020\/03\/il_1588xN.1934836166_ddk4.jpg\",\"width\":1588,\"height\":1288},{\"@type\":\"BreadcrumbList\",\"@id\":\"https:\/\/3dvikingsstore.com\/pl\/shop\/statek-kosmiczny-sci-fi-w-skali-28-mm\/#breadcrumb\",\"itemListElement\":[{\"@type\":\"ListItem\",\"position\":1,\"name\":\"Home\",\"item\":\"https:\/\/3dvikingsstore.com\/pl\/\"},{\"@type\":\"ListItem\",\"position\":2,\"name\":\"Shop\",\"item\":\"https:\/\/3dvikingsstore.com\/shop\/\"},{\"@type\":\"ListItem\",\"position\":3,\"name\":\"Statek kosmiczny sci-fi w skali 28 mm\"}]},{\"@type\":\"WebSite\",\"@id\":\"https:\/\/3dvikingsstore.com\/pl\/#website\",\"url\":\"https:\/\/3dvikingsstore.com\/pl\/\",\"name\":\"3D Vikings Store\",\"description\":\"Dekoracje i Akcesoria do Gier Planszowych i Sto\u0142owych\",\"publisher\":{\"@id\":\"https:\/\/3dvikingsstore.com\/pl\/#organization\"},\"potentialAction\":[{\"@type\":\"SearchAction\",\"target\":{\"@type\":\"EntryPoint\",\"urlTemplate\":\"https:\/\/3dvikingsstore.com\/pl\/?s={search_term_string}\"},\"query-input\":\"required name=search_term_string\"}],\"inLanguage\":\"pl-PL\"},{\"@type\":\"Organization\",\"@id\":\"https:\/\/3dvikingsstore.com\/pl\/#organization\",\"name\":\"3D Vikings Store\",\"url\":\"https:\/\/3dvikingsstore.com\/pl\/\",\"logo\":{\"@type\":\"ImageObject\",\"inLanguage\":\"pl-PL\",\"@id\":\"https:\/\/3dvikingsstore.com\/pl\/#\/schema\/logo\/image\/\",\"url\":\"https:\/\/3dvikingsstore.com\/wp-content\/uploads\/2020\/03\/3dvikings-logo-karge-white.jpg\",\"contentUrl\":\"https:\/\/3dvikingsstore.com\/wp-content\/uploads\/2020\/03\/3dvikings-logo-karge-white.jpg\",\"width\":800,\"height\":800,\"caption\":\"3D Vikings Store\"},\"image\":{\"@id\":\"https:\/\/3dvikingsstore.com\/pl\/#\/schema\/logo\/image\/\"}}]}<\/script>\n<!-- \/ Yoast SEO Premium plugin. -->","yoast_head_json":{"title":"Statek kosmiczny sci-fi w skali 28 mm","description":"Przenie\u015b swoj\u0105 gr\u0119 wojenn\u0105 na wy\u017cszy poziom dzi\u0119ki temu statkowi gwiezdnemu SciFi! Jest to realistyczny i szczeg\u00f3\u0142owy element terenu, kt\u00f3ry sprawi, \u017ce twoje gry b\u0119d\u0105 bardziej wci\u0105gaj\u0105ce i ekscytuj\u0105ce.","robots":{"index":"index","follow":"follow","max-snippet":"max-snippet:-1","max-image-preview":"max-image-preview:large","max-video-preview":"max-video-preview:-1"},"canonical":"https:\/\/3dvikingsstore.com\/pl\/shop\/statek-kosmiczny-sci-fi-w-skali-28-mm\/","og_locale":"pl_PL","og_type":"article","og_title":"Statek kosmiczny sci-fi w skali 28 mm","og_description":"Przenie\u015b swoj\u0105 gr\u0119 wojenn\u0105 na wy\u017cszy poziom dzi\u0119ki temu statkowi gwiezdnemu SciFi! Jest to realistyczny i szczeg\u00f3\u0142owy element terenu, kt\u00f3ry sprawi, \u017ce twoje gry b\u0119d\u0105 bardziej wci\u0105gaj\u0105ce i ekscytuj\u0105ce.","og_url":"https:\/\/3dvikingsstore.com\/pl\/shop\/statek-kosmiczny-sci-fi-w-skali-28-mm\/","og_site_name":"3D Vikings Store","og_image":[{"width":1588,"height":1288,"url":"https:\/\/3dvikingsstore.com\/wp-content\/uploads\/2020\/03\/il_1588xN.1934836166_ddk4.jpg","type":"image\/jpeg"}],"twitter_card":"summary_large_image","twitter_misc":{"Szacowany czas czytania":"2 minuty"},"schema":{"@context":"https:\/\/schema.org","@graph":[{"@type":["WebPage","ItemPage"],"@id":"https:\/\/3dvikingsstore.com\/pl\/shop\/statek-kosmiczny-sci-fi-w-skali-28-mm\/","url":"https:\/\/3dvikingsstore.com\/pl\/shop\/statek-kosmiczny-sci-fi-w-skali-28-mm\/","name":"Statek kosmiczny sci-fi w skali 28 mm","isPartOf":{"@id":"https:\/\/3dvikingsstore.com\/pl\/#website"},"primaryImageOfPage":{"@id":"https:\/\/3dvikingsstore.com\/pl\/shop\/statek-kosmiczny-sci-fi-w-skali-28-mm\/#primaryimage"},"image":{"@id":"https:\/\/3dvikingsstore.com\/pl\/shop\/statek-kosmiczny-sci-fi-w-skali-28-mm\/#primaryimage"},"thumbnailUrl":"https:\/\/3dvikingsstore.com\/wp-content\/uploads\/2020\/03\/il_1588xN.1934836166_ddk4.jpg","datePublished":"2020-03-01T00:58:30+00:00","dateModified":"2020-03-01T00:58:30+00:00","description":"Przenie\u015b swoj\u0105 gr\u0119 wojenn\u0105 na wy\u017cszy poziom dzi\u0119ki temu statkowi gwiezdnemu SciFi! Jest to realistyczny i szczeg\u00f3\u0142owy element terenu, kt\u00f3ry sprawi, \u017ce twoje gry b\u0119d\u0105 bardziej wci\u0105gaj\u0105ce i ekscytuj\u0105ce.","breadcrumb":{"@id":"https:\/\/3dvikingsstore.com\/pl\/shop\/statek-kosmiczny-sci-fi-w-skali-28-mm\/#breadcrumb"},"inLanguage":"pl-PL","potentialAction":[{"@type":"ReadAction","target":["https:\/\/3dvikingsstore.com\/pl\/shop\/statek-kosmiczny-sci-fi-w-skali-28-mm\/"]}]},{"@type":"ImageObject","inLanguage":"pl-PL","@id":"https:\/\/3dvikingsstore.com\/pl\/shop\/statek-kosmiczny-sci-fi-w-skali-28-mm\/#primaryimage","url":"https:\/\/3dvikingsstore.com\/wp-content\/uploads\/2020\/03\/il_1588xN.1934836166_ddk4.jpg","contentUrl":"https:\/\/3dvikingsstore.com\/wp-content\/uploads\/2020\/03\/il_1588xN.1934836166_ddk4.jpg","width":1588,"height":1288},{"@type":"BreadcrumbList","@id":"https:\/\/3dvikingsstore.com\/pl\/shop\/statek-kosmiczny-sci-fi-w-skali-28-mm\/#breadcrumb","itemListElement":[{"@type":"ListItem","position":1,"name":"Home","item":"https:\/\/3dvikingsstore.com\/pl\/"},{"@type":"ListItem","position":2,"name":"Shop","item":"https:\/\/3dvikingsstore.com\/shop\/"},{"@type":"ListItem","position":3,"name":"Statek kosmiczny sci-fi w skali 28 mm"}]},{"@type":"WebSite","@id":"https:\/\/3dvikingsstore.com\/pl\/#website","url":"https:\/\/3dvikingsstore.com\/pl\/","name":"3D Vikings Store","description":"Dekoracje i Akcesoria do Gier Planszowych i Sto\u0142owych","publisher":{"@id":"https:\/\/3dvikingsstore.com\/pl\/#organization"},"potentialAction":[{"@type":"SearchAction","target":{"@type":"EntryPoint","urlTemplate":"https:\/\/3dvikingsstore.com\/pl\/?s={search_term_string}"},"query-input":"required name=search_term_string"}],"inLanguage":"pl-PL"},{"@type":"Organization","@id":"https:\/\/3dvikingsstore.com\/pl\/#organization","name":"3D Vikings Store","url":"https:\/\/3dvikingsstore.com\/pl\/","logo":{"@type":"ImageObject","inLanguage":"pl-PL","@id":"https:\/\/3dvikingsstore.com\/pl\/#\/schema\/logo\/image\/","url":"https:\/\/3dvikingsstore.com\/wp-content\/uploads\/2020\/03\/3dvikings-logo-karge-white.jpg","contentUrl":"https:\/\/3dvikingsstore.com\/wp-content\/uploads\/2020\/03\/3dvikings-logo-karge-white.jpg","width":800,"height":800,"caption":"3D Vikings Store"},"image":{"@id":"https:\/\/3dvikingsstore.com\/pl\/#\/schema\/logo\/image\/"}}]}},"_links":{"self":[{"href":"https:\/\/3dvikingsstore.com\/pl\/wp-json\/wp\/v2\/product\/18871"}],"collection":[{"href":"https:\/\/3dvikingsstore.com\/pl\/wp-json\/wp\/v2\/product"}],"about":[{"href":"https:\/\/3dvikingsstore.com\/pl\/wp-json\/wp\/v2\/types\/product"}],"replies":[{"embeddable":true,"href":"https:\/\/3dvikingsstore.com\/pl\/wp-json\/wp\/v2\/comments?post=18871"}],"version-history":[{"count":0,"href":"https:\/\/3dvikingsstore.com\/pl\/wp-json\/wp\/v2\/product\/18871\/revisions"}],"wp:featuredmedia":[{"embeddable":true,"href":"https:\/\/3dvikingsstore.com\/pl\/wp-json\/wp\/v2\/media\/18872"}],"wp:attachment":[{"href":"https:\/\/3dvikingsstore.com\/pl\/wp-json\/wp\/v2\/media?parent=18871"}],"wp:term":[{"taxonomy":"product_cat","embeddable":true,"href":"https:\/\/3dvikingsstore.com\/pl\/wp-json\/wp\/v2\/product_cat?post=18871"},{"taxonomy":"product_tag","embeddable":true,"href":"https:\/\/3dvikingsstore.com\/pl\/wp-json\/wp\/v2\/product_tag?post=18871"}],"curies":[{"name":"wp","href":"https:\/\/api.w.org\/{rel}","templated":true}]}}