{"id":18867,"date":"2020-03-01T02:58:30","date_gmt":"2020-03-01T00:58:30","guid":{"rendered":"https:\/\/3dvikingsstore.com\/shop\/masywny-wrak-gotyckiego-statku-kosmicznego-w-skali-28-mm\/"},"modified":"2020-03-01T02:58:30","modified_gmt":"2020-03-01T00:58:30","slug":"masywny-wrak-gotyckiego-statku-kosmicznego-w-skali-28-mm","status":"publish","type":"product","link":"https:\/\/3dvikingsstore.com\/pl\/shop\/masywny-wrak-gotyckiego-statku-kosmicznego-w-skali-28-mm\/","title":{"rendered":"Masywny wrak gotyckiego statku kosmicznego w skali 28 mm"},"content":{"rendered":"<p>Czy jeste\u015b fanem <strong>gotyckich modeli statk\u00f3w kosmicznych<\/strong>? W takim razie b\u0119dziesz zachwycony tym wspania\u0142ym dzie\u0142em od Terrain4Print. Jest to dzi\u00f3b statku, kt\u00f3ry oddaje istot\u0119 stylu gotyckiego. Sk\u0142ada si\u0119 z trzech cz\u0119\u015bci, kt\u00f3re p\u0142ynnie \u0142\u0105cz\u0105 si\u0119 ze sob\u0105 za pomoc\u0105 klips\u00f3w.<\/p>\n<p>Wn\u0119trze nosa jest pe\u0142ne skomplikowanych detali, kt\u00f3re sprawiaj\u0105, \u017ce wygl\u0105da realistycznie i imponuj\u0105co. Widoczne s\u0105 w\u0142azy wyrzutni torpedowych i instrumenty steruj\u0105ce statkiem. S\u0105 idealne do dodawania g\u0142\u0119bi i zainteresowania do gier i scenariuszy. Mo\u017cna ich u\u017cywa\u0107 jako znacznik\u00f3w cel\u00f3w lub jako cz\u0119\u015bci scenerii.<\/p>\n<p>Ten element jest nie tylko pi\u0119kny, ale tak\u017ce przyjazny dla \u015brodowiska. Drukowany jest z PLA, czyli filamentu wykonanego z ro\u015blin takich jak kukurydza i trzcina cukrowa. PLA jest odnawialny i biodegradowalny, wi\u0119c nie szkodzi \u015brodowisku. Jest r\u00f3wnie\u017c nietoksyczny i bezpieczny w u\u017cyciu. Wydruki PLA s\u0105 mocne i trwa\u0142e, dzi\u0119ki czemu mo\u017cesz cieszy\u0107 si\u0119 swoim nosem Gothic Spaceship przez d\u0142ugi czas bez obawy o p\u0119kni\u0119cie lub blakni\u0119cie.<\/p>\n<p>W zestawie bez farby.<\/p>\n","protected":false},"excerpt":{"rendered":"<p>Wn\u0119trze nosa jest pe\u0142ne skomplikowanych detali, kt\u00f3re sprawiaj\u0105, \u017ce wygl\u0105da realistycznie i imponuj\u0105co. Widoczne s\u0105 w\u0142azy wyrzutni torpedowych i instrumenty steruj\u0105ce statkiem. S\u0105 idealne do dodawania g\u0142\u0119bi i zainteresowania do gier i scenariuszy. Mo\u017cna ich u\u017cywa\u0107 jako znacznik\u00f3w cel\u00f3w lub jako cz\u0119\u015bci scenerii.<\/p>\n","protected":false},"featured_media":18868,"comment_status":"open","ping_status":"closed","template":"","meta":[],"product_cat":[3137,3152],"product_tag":[3279,3247,3323,3249,3248,3345,3322,3282,3258,3204,3199,3255,3256,3177,3280,3281,3257],"yoast_head":"<!-- This site is optimized with the Yoast SEO Premium plugin v22.9 (Yoast SEO v22.9) - https:\/\/yoast.com\/wordpress\/plugins\/seo\/ -->\n<title>Masywny wrak gotyckiego statku kosmicznego w skali 28 mm<\/title>\n<meta name=\"description\" content=\"Odkryj wrak gotyckiego statku kosmicznego, osza\u0142amiaj\u0105cy element, kt\u00f3ry wzbogaci twoje gry i scenariusze. Oddaje istot\u0119 stylu gotyckiego.\" \/>\n<meta name=\"robots\" content=\"index, follow, max-snippet:-1, max-image-preview:large, max-video-preview:-1\" \/>\n<link rel=\"canonical\" href=\"https:\/\/3dvikingsstore.com\/pl\/shop\/masywny-wrak-gotyckiego-statku-kosmicznego-w-skali-28-mm\/\" \/>\n<meta property=\"og:locale\" content=\"pl_PL\" \/>\n<meta property=\"og:type\" content=\"article\" \/>\n<meta property=\"og:title\" content=\"Masywny wrak gotyckiego statku kosmicznego w skali 28 mm\" \/>\n<meta property=\"og:description\" content=\"Odkryj wrak gotyckiego statku kosmicznego, osza\u0142amiaj\u0105cy element, kt\u00f3ry wzbogaci twoje gry i scenariusze. Oddaje istot\u0119 stylu gotyckiego.\" \/>\n<meta property=\"og:url\" content=\"https:\/\/3dvikingsstore.com\/pl\/shop\/masywny-wrak-gotyckiego-statku-kosmicznego-w-skali-28-mm\/\" \/>\n<meta property=\"og:site_name\" content=\"3D Vikings Store\" \/>\n<meta property=\"og:image\" content=\"https:\/\/3dvikingsstore.com\/wp-content\/uploads\/2020\/03\/il_794xN.1931076308_eh8t.jpg\" \/>\n\t<meta property=\"og:image:width\" content=\"794\" \/>\n\t<meta property=\"og:image:height\" content=\"790\" \/>\n\t<meta property=\"og:image:type\" content=\"image\/jpeg\" \/>\n<meta name=\"twitter:card\" content=\"summary_large_image\" \/>\n<meta name=\"twitter:label1\" content=\"Szacowany czas czytania\" \/>\n\t<meta name=\"twitter:data1\" content=\"1 minuta\" \/>\n<script type=\"application\/ld+json\" class=\"yoast-schema-graph\">{\"@context\":\"https:\/\/schema.org\",\"@graph\":[{\"@type\":[\"WebPage\",\"ItemPage\"],\"@id\":\"https:\/\/3dvikingsstore.com\/pl\/shop\/masywny-wrak-gotyckiego-statku-kosmicznego-w-skali-28-mm\/\",\"url\":\"https:\/\/3dvikingsstore.com\/pl\/shop\/masywny-wrak-gotyckiego-statku-kosmicznego-w-skali-28-mm\/\",\"name\":\"Masywny wrak gotyckiego statku kosmicznego w skali 28 mm\",\"isPartOf\":{\"@id\":\"https:\/\/3dvikingsstore.com\/pl\/#website\"},\"primaryImageOfPage\":{\"@id\":\"https:\/\/3dvikingsstore.com\/pl\/shop\/masywny-wrak-gotyckiego-statku-kosmicznego-w-skali-28-mm\/#primaryimage\"},\"image\":{\"@id\":\"https:\/\/3dvikingsstore.com\/pl\/shop\/masywny-wrak-gotyckiego-statku-kosmicznego-w-skali-28-mm\/#primaryimage\"},\"thumbnailUrl\":\"https:\/\/3dvikingsstore.com\/wp-content\/uploads\/2020\/03\/il_794xN.1931076308_eh8t.jpg\",\"datePublished\":\"2020-03-01T00:58:30+00:00\",\"dateModified\":\"2020-03-01T00:58:30+00:00\",\"description\":\"Odkryj wrak gotyckiego statku kosmicznego, osza\u0142amiaj\u0105cy element, kt\u00f3ry wzbogaci twoje gry i scenariusze. Oddaje istot\u0119 stylu gotyckiego.\",\"breadcrumb\":{\"@id\":\"https:\/\/3dvikingsstore.com\/pl\/shop\/masywny-wrak-gotyckiego-statku-kosmicznego-w-skali-28-mm\/#breadcrumb\"},\"inLanguage\":\"pl-PL\",\"potentialAction\":[{\"@type\":\"ReadAction\",\"target\":[\"https:\/\/3dvikingsstore.com\/pl\/shop\/masywny-wrak-gotyckiego-statku-kosmicznego-w-skali-28-mm\/\"]}]},{\"@type\":\"ImageObject\",\"inLanguage\":\"pl-PL\",\"@id\":\"https:\/\/3dvikingsstore.com\/pl\/shop\/masywny-wrak-gotyckiego-statku-kosmicznego-w-skali-28-mm\/#primaryimage\",\"url\":\"https:\/\/3dvikingsstore.com\/wp-content\/uploads\/2020\/03\/il_794xN.1931076308_eh8t.jpg\",\"contentUrl\":\"https:\/\/3dvikingsstore.com\/wp-content\/uploads\/2020\/03\/il_794xN.1931076308_eh8t.jpg\",\"width\":794,\"height\":790},{\"@type\":\"BreadcrumbList\",\"@id\":\"https:\/\/3dvikingsstore.com\/pl\/shop\/masywny-wrak-gotyckiego-statku-kosmicznego-w-skali-28-mm\/#breadcrumb\",\"itemListElement\":[{\"@type\":\"ListItem\",\"position\":1,\"name\":\"Home\",\"item\":\"https:\/\/3dvikingsstore.com\/pl\/\"},{\"@type\":\"ListItem\",\"position\":2,\"name\":\"Shop\",\"item\":\"https:\/\/3dvikingsstore.com\/shop\/\"},{\"@type\":\"ListItem\",\"position\":3,\"name\":\"Masywny wrak gotyckiego statku kosmicznego w skali 28 mm\"}]},{\"@type\":\"WebSite\",\"@id\":\"https:\/\/3dvikingsstore.com\/pl\/#website\",\"url\":\"https:\/\/3dvikingsstore.com\/pl\/\",\"name\":\"3D Vikings Store\",\"description\":\"Dekoracje i Akcesoria do Gier Planszowych i Sto\u0142owych\",\"publisher\":{\"@id\":\"https:\/\/3dvikingsstore.com\/pl\/#organization\"},\"potentialAction\":[{\"@type\":\"SearchAction\",\"target\":{\"@type\":\"EntryPoint\",\"urlTemplate\":\"https:\/\/3dvikingsstore.com\/pl\/?s={search_term_string}\"},\"query-input\":\"required name=search_term_string\"}],\"inLanguage\":\"pl-PL\"},{\"@type\":\"Organization\",\"@id\":\"https:\/\/3dvikingsstore.com\/pl\/#organization\",\"name\":\"3D Vikings Store\",\"url\":\"https:\/\/3dvikingsstore.com\/pl\/\",\"logo\":{\"@type\":\"ImageObject\",\"inLanguage\":\"pl-PL\",\"@id\":\"https:\/\/3dvikingsstore.com\/pl\/#\/schema\/logo\/image\/\",\"url\":\"https:\/\/3dvikingsstore.com\/wp-content\/uploads\/2020\/03\/3dvikings-logo-karge-white.jpg\",\"contentUrl\":\"https:\/\/3dvikingsstore.com\/wp-content\/uploads\/2020\/03\/3dvikings-logo-karge-white.jpg\",\"width\":800,\"height\":800,\"caption\":\"3D Vikings Store\"},\"image\":{\"@id\":\"https:\/\/3dvikingsstore.com\/pl\/#\/schema\/logo\/image\/\"}}]}<\/script>\n<!-- \/ Yoast SEO Premium plugin. -->","yoast_head_json":{"title":"Masywny wrak gotyckiego statku kosmicznego w skali 28 mm","description":"Odkryj wrak gotyckiego statku kosmicznego, osza\u0142amiaj\u0105cy element, kt\u00f3ry wzbogaci twoje gry i scenariusze. Oddaje istot\u0119 stylu gotyckiego.","robots":{"index":"index","follow":"follow","max-snippet":"max-snippet:-1","max-image-preview":"max-image-preview:large","max-video-preview":"max-video-preview:-1"},"canonical":"https:\/\/3dvikingsstore.com\/pl\/shop\/masywny-wrak-gotyckiego-statku-kosmicznego-w-skali-28-mm\/","og_locale":"pl_PL","og_type":"article","og_title":"Masywny wrak gotyckiego statku kosmicznego w skali 28 mm","og_description":"Odkryj wrak gotyckiego statku kosmicznego, osza\u0142amiaj\u0105cy element, kt\u00f3ry wzbogaci twoje gry i scenariusze. Oddaje istot\u0119 stylu gotyckiego.","og_url":"https:\/\/3dvikingsstore.com\/pl\/shop\/masywny-wrak-gotyckiego-statku-kosmicznego-w-skali-28-mm\/","og_site_name":"3D Vikings Store","og_image":[{"width":794,"height":790,"url":"https:\/\/3dvikingsstore.com\/wp-content\/uploads\/2020\/03\/il_794xN.1931076308_eh8t.jpg","type":"image\/jpeg"}],"twitter_card":"summary_large_image","twitter_misc":{"Szacowany czas czytania":"1 minuta"},"schema":{"@context":"https:\/\/schema.org","@graph":[{"@type":["WebPage","ItemPage"],"@id":"https:\/\/3dvikingsstore.com\/pl\/shop\/masywny-wrak-gotyckiego-statku-kosmicznego-w-skali-28-mm\/","url":"https:\/\/3dvikingsstore.com\/pl\/shop\/masywny-wrak-gotyckiego-statku-kosmicznego-w-skali-28-mm\/","name":"Masywny wrak gotyckiego statku kosmicznego w skali 28 mm","isPartOf":{"@id":"https:\/\/3dvikingsstore.com\/pl\/#website"},"primaryImageOfPage":{"@id":"https:\/\/3dvikingsstore.com\/pl\/shop\/masywny-wrak-gotyckiego-statku-kosmicznego-w-skali-28-mm\/#primaryimage"},"image":{"@id":"https:\/\/3dvikingsstore.com\/pl\/shop\/masywny-wrak-gotyckiego-statku-kosmicznego-w-skali-28-mm\/#primaryimage"},"thumbnailUrl":"https:\/\/3dvikingsstore.com\/wp-content\/uploads\/2020\/03\/il_794xN.1931076308_eh8t.jpg","datePublished":"2020-03-01T00:58:30+00:00","dateModified":"2020-03-01T00:58:30+00:00","description":"Odkryj wrak gotyckiego statku kosmicznego, osza\u0142amiaj\u0105cy element, kt\u00f3ry wzbogaci twoje gry i scenariusze. Oddaje istot\u0119 stylu gotyckiego.","breadcrumb":{"@id":"https:\/\/3dvikingsstore.com\/pl\/shop\/masywny-wrak-gotyckiego-statku-kosmicznego-w-skali-28-mm\/#breadcrumb"},"inLanguage":"pl-PL","potentialAction":[{"@type":"ReadAction","target":["https:\/\/3dvikingsstore.com\/pl\/shop\/masywny-wrak-gotyckiego-statku-kosmicznego-w-skali-28-mm\/"]}]},{"@type":"ImageObject","inLanguage":"pl-PL","@id":"https:\/\/3dvikingsstore.com\/pl\/shop\/masywny-wrak-gotyckiego-statku-kosmicznego-w-skali-28-mm\/#primaryimage","url":"https:\/\/3dvikingsstore.com\/wp-content\/uploads\/2020\/03\/il_794xN.1931076308_eh8t.jpg","contentUrl":"https:\/\/3dvikingsstore.com\/wp-content\/uploads\/2020\/03\/il_794xN.1931076308_eh8t.jpg","width":794,"height":790},{"@type":"BreadcrumbList","@id":"https:\/\/3dvikingsstore.com\/pl\/shop\/masywny-wrak-gotyckiego-statku-kosmicznego-w-skali-28-mm\/#breadcrumb","itemListElement":[{"@type":"ListItem","position":1,"name":"Home","item":"https:\/\/3dvikingsstore.com\/pl\/"},{"@type":"ListItem","position":2,"name":"Shop","item":"https:\/\/3dvikingsstore.com\/shop\/"},{"@type":"ListItem","position":3,"name":"Masywny wrak gotyckiego statku kosmicznego w skali 28 mm"}]},{"@type":"WebSite","@id":"https:\/\/3dvikingsstore.com\/pl\/#website","url":"https:\/\/3dvikingsstore.com\/pl\/","name":"3D Vikings Store","description":"Dekoracje i Akcesoria do Gier Planszowych i Sto\u0142owych","publisher":{"@id":"https:\/\/3dvikingsstore.com\/pl\/#organization"},"potentialAction":[{"@type":"SearchAction","target":{"@type":"EntryPoint","urlTemplate":"https:\/\/3dvikingsstore.com\/pl\/?s={search_term_string}"},"query-input":"required name=search_term_string"}],"inLanguage":"pl-PL"},{"@type":"Organization","@id":"https:\/\/3dvikingsstore.com\/pl\/#organization","name":"3D Vikings Store","url":"https:\/\/3dvikingsstore.com\/pl\/","logo":{"@type":"ImageObject","inLanguage":"pl-PL","@id":"https:\/\/3dvikingsstore.com\/pl\/#\/schema\/logo\/image\/","url":"https:\/\/3dvikingsstore.com\/wp-content\/uploads\/2020\/03\/3dvikings-logo-karge-white.jpg","contentUrl":"https:\/\/3dvikingsstore.com\/wp-content\/uploads\/2020\/03\/3dvikings-logo-karge-white.jpg","width":800,"height":800,"caption":"3D Vikings Store"},"image":{"@id":"https:\/\/3dvikingsstore.com\/pl\/#\/schema\/logo\/image\/"}}]}},"_links":{"self":[{"href":"https:\/\/3dvikingsstore.com\/pl\/wp-json\/wp\/v2\/product\/18867"}],"collection":[{"href":"https:\/\/3dvikingsstore.com\/pl\/wp-json\/wp\/v2\/product"}],"about":[{"href":"https:\/\/3dvikingsstore.com\/pl\/wp-json\/wp\/v2\/types\/product"}],"replies":[{"embeddable":true,"href":"https:\/\/3dvikingsstore.com\/pl\/wp-json\/wp\/v2\/comments?post=18867"}],"version-history":[{"count":0,"href":"https:\/\/3dvikingsstore.com\/pl\/wp-json\/wp\/v2\/product\/18867\/revisions"}],"wp:featuredmedia":[{"embeddable":true,"href":"https:\/\/3dvikingsstore.com\/pl\/wp-json\/wp\/v2\/media\/18868"}],"wp:attachment":[{"href":"https:\/\/3dvikingsstore.com\/pl\/wp-json\/wp\/v2\/media?parent=18867"}],"wp:term":[{"taxonomy":"product_cat","embeddable":true,"href":"https:\/\/3dvikingsstore.com\/pl\/wp-json\/wp\/v2\/product_cat?post=18867"},{"taxonomy":"product_tag","embeddable":true,"href":"https:\/\/3dvikingsstore.com\/pl\/wp-json\/wp\/v2\/product_tag?post=18867"}],"curies":[{"name":"wp","href":"https:\/\/api.w.org\/{rel}","templated":true}]}}