{"id":18865,"date":"2020-03-01T02:58:31","date_gmt":"2020-03-01T00:58:31","guid":{"rendered":"https:\/\/3dvikingsstore.com\/shop\/steampunkowa-brama-do-modulowych-wzgorz-do-gier-w-skali-28-mm\/"},"modified":"2020-03-01T02:58:31","modified_gmt":"2020-03-01T00:58:31","slug":"steampunkowa-brama-do-modulowych-wzgorz-do-gier-w-skali-28-mm","status":"publish","type":"product","link":"https:\/\/3dvikingsstore.com\/pl\/shop\/steampunkowa-brama-do-modulowych-wzgorz-do-gier-w-skali-28-mm\/","title":{"rendered":"Steampunkowa brama do modu\u0142owych wzg\u00f3rz do gier w skali 28 mm"},"content":{"rendered":"<p>Jest to wej\u015bcie w steampunkowym stylu do serii modu\u0142owych wzg\u00f3rz. W zestawie znajduje si\u0119 jeden element i klipsy do mocowania na wzg\u00f3rzach z serii gamingowej, ale s\u0105 te\u017c otwory na magnesy, je\u015bli nie chcesz u\u017cywa\u0107 klips\u00f3w. Rozmiar wynosi 3 mm, je\u015bli magnesy s\u0105 wi\u0119ksze, nale\u017cy u\u017cy\u0107 wiertarki.<\/p>\n<p>Dostarczany jest niepomalowany.<\/p>\n<p>Miniatury nie s\u0105 uwzgl\u0119dnione, poniewa\u017c s\u0105 pokazane w skali.<\/p>\n<p>Drukowany jest z PLA, kt\u00f3ry jest jednym z najbardziej przyjaznych dla \u015brodowiska filament\u00f3w dost\u0119pnych obecnie na rynku. Pochodz\u0105cy z upraw takich jak kukurydza i trzcina cukrowa, PLA jest odnawialny, a co najwa\u017cniejsze biodegradowalny i nietoksyczny. Wydrukowane na nim przedmioty s\u0105 trwa\u0142e i wytrzyma\u0142e.<\/p>\n","protected":false},"excerpt":{"rendered":"<p>Jest to wej\u015bcie w steampunkowym stylu do serii modu\u0142owych wzg\u00f3rz. W zestawie znajduje si\u0119 jeden element i klipsy do mocowania na wzg\u00f3rzach z serii gamingowej, ale s\u0105 te\u017c otwory na magnesy, je\u015bli nie chcesz u\u017cywa\u0107 klips\u00f3w. Rozmiar wynosi 3 mm, je\u015bli magnesy s\u0105 wi\u0119ksze, nale\u017cy u\u017cy\u0107 wiertarki.<\/p>\n","protected":false},"featured_media":18866,"comment_status":"open","ping_status":"closed","template":"","meta":[],"product_cat":[3137],"product_tag":[3160,3279,3247,3180,3249,3181,3344,3255,3177,3280,3281,3343],"yoast_head":"<!-- This site is optimized with the Yoast SEO Premium plugin v22.9 (Yoast SEO v22.9) - https:\/\/yoast.com\/wordpress\/plugins\/seo\/ -->\n<title>Steampunkowa brama do modu\u0142owych wzg\u00f3rz do gier w skali 28 mm<\/title>\n<meta name=\"robots\" content=\"index, follow, max-snippet:-1, max-image-preview:large, max-video-preview:-1\" \/>\n<link rel=\"canonical\" href=\"https:\/\/3dvikingsstore.com\/pl\/shop\/steampunkowa-brama-do-modulowych-wzgorz-do-gier-w-skali-28-mm\/\" \/>\n<meta property=\"og:locale\" content=\"pl_PL\" \/>\n<meta property=\"og:type\" content=\"article\" \/>\n<meta property=\"og:title\" content=\"Steampunkowa brama do modu\u0142owych wzg\u00f3rz do gier w skali 28 mm\" \/>\n<meta property=\"og:description\" content=\"Jest to wej\u015bcie w steampunkowym stylu do serii modu\u0142owych wzg\u00f3rz. W zestawie znajduje si\u0119 jeden element i klipsy do mocowania na wzg\u00f3rzach z serii gamingowej, ale s\u0105 te\u017c otwory na magnesy, je\u015bli nie chcesz u\u017cywa\u0107 klips\u00f3w. Rozmiar wynosi 3 mm, je\u015bli magnesy s\u0105 wi\u0119ksze, nale\u017cy u\u017cy\u0107 wiertarki.\" \/>\n<meta property=\"og:url\" content=\"https:\/\/3dvikingsstore.com\/pl\/shop\/steampunkowa-brama-do-modulowych-wzgorz-do-gier-w-skali-28-mm\/\" \/>\n<meta property=\"og:site_name\" content=\"3D Vikings Store\" \/>\n<meta property=\"og:image\" content=\"https:\/\/3dvikingsstore.com\/wp-content\/uploads\/2020\/03\/il_794xN.1932499912_ns95.jpg\" \/>\n\t<meta property=\"og:image:width\" content=\"794\" \/>\n\t<meta property=\"og:image:height\" content=\"575\" \/>\n\t<meta property=\"og:image:type\" content=\"image\/jpeg\" \/>\n<meta name=\"twitter:card\" content=\"summary_large_image\" \/>\n<meta name=\"twitter:label1\" content=\"Szacowany czas czytania\" \/>\n\t<meta name=\"twitter:data1\" content=\"1 minuta\" \/>\n<script type=\"application\/ld+json\" class=\"yoast-schema-graph\">{\"@context\":\"https:\/\/schema.org\",\"@graph\":[{\"@type\":[\"WebPage\",\"ItemPage\"],\"@id\":\"https:\/\/3dvikingsstore.com\/pl\/shop\/steampunkowa-brama-do-modulowych-wzgorz-do-gier-w-skali-28-mm\/\",\"url\":\"https:\/\/3dvikingsstore.com\/pl\/shop\/steampunkowa-brama-do-modulowych-wzgorz-do-gier-w-skali-28-mm\/\",\"name\":\"Steampunkowa brama do modu\u0142owych wzg\u00f3rz do gier w skali 28 mm\",\"isPartOf\":{\"@id\":\"https:\/\/3dvikingsstore.com\/pl\/#website\"},\"primaryImageOfPage\":{\"@id\":\"https:\/\/3dvikingsstore.com\/pl\/shop\/steampunkowa-brama-do-modulowych-wzgorz-do-gier-w-skali-28-mm\/#primaryimage\"},\"image\":{\"@id\":\"https:\/\/3dvikingsstore.com\/pl\/shop\/steampunkowa-brama-do-modulowych-wzgorz-do-gier-w-skali-28-mm\/#primaryimage\"},\"thumbnailUrl\":\"https:\/\/3dvikingsstore.com\/wp-content\/uploads\/2020\/03\/il_794xN.1932499912_ns95.jpg\",\"datePublished\":\"2020-03-01T00:58:31+00:00\",\"dateModified\":\"2020-03-01T00:58:31+00:00\",\"breadcrumb\":{\"@id\":\"https:\/\/3dvikingsstore.com\/pl\/shop\/steampunkowa-brama-do-modulowych-wzgorz-do-gier-w-skali-28-mm\/#breadcrumb\"},\"inLanguage\":\"pl-PL\",\"potentialAction\":[{\"@type\":\"ReadAction\",\"target\":[\"https:\/\/3dvikingsstore.com\/pl\/shop\/steampunkowa-brama-do-modulowych-wzgorz-do-gier-w-skali-28-mm\/\"]}]},{\"@type\":\"ImageObject\",\"inLanguage\":\"pl-PL\",\"@id\":\"https:\/\/3dvikingsstore.com\/pl\/shop\/steampunkowa-brama-do-modulowych-wzgorz-do-gier-w-skali-28-mm\/#primaryimage\",\"url\":\"https:\/\/3dvikingsstore.com\/wp-content\/uploads\/2020\/03\/il_794xN.1932499912_ns95.jpg\",\"contentUrl\":\"https:\/\/3dvikingsstore.com\/wp-content\/uploads\/2020\/03\/il_794xN.1932499912_ns95.jpg\",\"width\":794,\"height\":575},{\"@type\":\"BreadcrumbList\",\"@id\":\"https:\/\/3dvikingsstore.com\/pl\/shop\/steampunkowa-brama-do-modulowych-wzgorz-do-gier-w-skali-28-mm\/#breadcrumb\",\"itemListElement\":[{\"@type\":\"ListItem\",\"position\":1,\"name\":\"Home\",\"item\":\"https:\/\/3dvikingsstore.com\/pl\/\"},{\"@type\":\"ListItem\",\"position\":2,\"name\":\"Shop\",\"item\":\"https:\/\/3dvikingsstore.com\/shop\/\"},{\"@type\":\"ListItem\",\"position\":3,\"name\":\"Steampunkowa brama do modu\u0142owych wzg\u00f3rz do gier w skali 28 mm\"}]},{\"@type\":\"WebSite\",\"@id\":\"https:\/\/3dvikingsstore.com\/pl\/#website\",\"url\":\"https:\/\/3dvikingsstore.com\/pl\/\",\"name\":\"3D Vikings Store\",\"description\":\"Dekoracje i Akcesoria do Gier Planszowych i Sto\u0142owych\",\"publisher\":{\"@id\":\"https:\/\/3dvikingsstore.com\/pl\/#organization\"},\"potentialAction\":[{\"@type\":\"SearchAction\",\"target\":{\"@type\":\"EntryPoint\",\"urlTemplate\":\"https:\/\/3dvikingsstore.com\/pl\/?s={search_term_string}\"},\"query-input\":\"required name=search_term_string\"}],\"inLanguage\":\"pl-PL\"},{\"@type\":\"Organization\",\"@id\":\"https:\/\/3dvikingsstore.com\/pl\/#organization\",\"name\":\"3D Vikings Store\",\"url\":\"https:\/\/3dvikingsstore.com\/pl\/\",\"logo\":{\"@type\":\"ImageObject\",\"inLanguage\":\"pl-PL\",\"@id\":\"https:\/\/3dvikingsstore.com\/pl\/#\/schema\/logo\/image\/\",\"url\":\"https:\/\/3dvikingsstore.com\/wp-content\/uploads\/2020\/03\/3dvikings-logo-karge-white.jpg\",\"contentUrl\":\"https:\/\/3dvikingsstore.com\/wp-content\/uploads\/2020\/03\/3dvikings-logo-karge-white.jpg\",\"width\":800,\"height\":800,\"caption\":\"3D Vikings Store\"},\"image\":{\"@id\":\"https:\/\/3dvikingsstore.com\/pl\/#\/schema\/logo\/image\/\"}}]}<\/script>\n<!-- \/ Yoast SEO Premium plugin. -->","yoast_head_json":{"title":"Steampunkowa brama do modu\u0142owych wzg\u00f3rz do gier w skali 28 mm","robots":{"index":"index","follow":"follow","max-snippet":"max-snippet:-1","max-image-preview":"max-image-preview:large","max-video-preview":"max-video-preview:-1"},"canonical":"https:\/\/3dvikingsstore.com\/pl\/shop\/steampunkowa-brama-do-modulowych-wzgorz-do-gier-w-skali-28-mm\/","og_locale":"pl_PL","og_type":"article","og_title":"Steampunkowa brama do modu\u0142owych wzg\u00f3rz do gier w skali 28 mm","og_description":"Jest to wej\u015bcie w steampunkowym stylu do serii modu\u0142owych wzg\u00f3rz. W zestawie znajduje si\u0119 jeden element i klipsy do mocowania na wzg\u00f3rzach z serii gamingowej, ale s\u0105 te\u017c otwory na magnesy, je\u015bli nie chcesz u\u017cywa\u0107 klips\u00f3w. Rozmiar wynosi 3 mm, je\u015bli magnesy s\u0105 wi\u0119ksze, nale\u017cy u\u017cy\u0107 wiertarki.","og_url":"https:\/\/3dvikingsstore.com\/pl\/shop\/steampunkowa-brama-do-modulowych-wzgorz-do-gier-w-skali-28-mm\/","og_site_name":"3D Vikings Store","og_image":[{"width":794,"height":575,"url":"https:\/\/3dvikingsstore.com\/wp-content\/uploads\/2020\/03\/il_794xN.1932499912_ns95.jpg","type":"image\/jpeg"}],"twitter_card":"summary_large_image","twitter_misc":{"Szacowany czas czytania":"1 minuta"},"schema":{"@context":"https:\/\/schema.org","@graph":[{"@type":["WebPage","ItemPage"],"@id":"https:\/\/3dvikingsstore.com\/pl\/shop\/steampunkowa-brama-do-modulowych-wzgorz-do-gier-w-skali-28-mm\/","url":"https:\/\/3dvikingsstore.com\/pl\/shop\/steampunkowa-brama-do-modulowych-wzgorz-do-gier-w-skali-28-mm\/","name":"Steampunkowa brama do modu\u0142owych wzg\u00f3rz do gier w skali 28 mm","isPartOf":{"@id":"https:\/\/3dvikingsstore.com\/pl\/#website"},"primaryImageOfPage":{"@id":"https:\/\/3dvikingsstore.com\/pl\/shop\/steampunkowa-brama-do-modulowych-wzgorz-do-gier-w-skali-28-mm\/#primaryimage"},"image":{"@id":"https:\/\/3dvikingsstore.com\/pl\/shop\/steampunkowa-brama-do-modulowych-wzgorz-do-gier-w-skali-28-mm\/#primaryimage"},"thumbnailUrl":"https:\/\/3dvikingsstore.com\/wp-content\/uploads\/2020\/03\/il_794xN.1932499912_ns95.jpg","datePublished":"2020-03-01T00:58:31+00:00","dateModified":"2020-03-01T00:58:31+00:00","breadcrumb":{"@id":"https:\/\/3dvikingsstore.com\/pl\/shop\/steampunkowa-brama-do-modulowych-wzgorz-do-gier-w-skali-28-mm\/#breadcrumb"},"inLanguage":"pl-PL","potentialAction":[{"@type":"ReadAction","target":["https:\/\/3dvikingsstore.com\/pl\/shop\/steampunkowa-brama-do-modulowych-wzgorz-do-gier-w-skali-28-mm\/"]}]},{"@type":"ImageObject","inLanguage":"pl-PL","@id":"https:\/\/3dvikingsstore.com\/pl\/shop\/steampunkowa-brama-do-modulowych-wzgorz-do-gier-w-skali-28-mm\/#primaryimage","url":"https:\/\/3dvikingsstore.com\/wp-content\/uploads\/2020\/03\/il_794xN.1932499912_ns95.jpg","contentUrl":"https:\/\/3dvikingsstore.com\/wp-content\/uploads\/2020\/03\/il_794xN.1932499912_ns95.jpg","width":794,"height":575},{"@type":"BreadcrumbList","@id":"https:\/\/3dvikingsstore.com\/pl\/shop\/steampunkowa-brama-do-modulowych-wzgorz-do-gier-w-skali-28-mm\/#breadcrumb","itemListElement":[{"@type":"ListItem","position":1,"name":"Home","item":"https:\/\/3dvikingsstore.com\/pl\/"},{"@type":"ListItem","position":2,"name":"Shop","item":"https:\/\/3dvikingsstore.com\/shop\/"},{"@type":"ListItem","position":3,"name":"Steampunkowa brama do modu\u0142owych wzg\u00f3rz do gier w skali 28 mm"}]},{"@type":"WebSite","@id":"https:\/\/3dvikingsstore.com\/pl\/#website","url":"https:\/\/3dvikingsstore.com\/pl\/","name":"3D Vikings Store","description":"Dekoracje i Akcesoria do Gier Planszowych i Sto\u0142owych","publisher":{"@id":"https:\/\/3dvikingsstore.com\/pl\/#organization"},"potentialAction":[{"@type":"SearchAction","target":{"@type":"EntryPoint","urlTemplate":"https:\/\/3dvikingsstore.com\/pl\/?s={search_term_string}"},"query-input":"required name=search_term_string"}],"inLanguage":"pl-PL"},{"@type":"Organization","@id":"https:\/\/3dvikingsstore.com\/pl\/#organization","name":"3D Vikings Store","url":"https:\/\/3dvikingsstore.com\/pl\/","logo":{"@type":"ImageObject","inLanguage":"pl-PL","@id":"https:\/\/3dvikingsstore.com\/pl\/#\/schema\/logo\/image\/","url":"https:\/\/3dvikingsstore.com\/wp-content\/uploads\/2020\/03\/3dvikings-logo-karge-white.jpg","contentUrl":"https:\/\/3dvikingsstore.com\/wp-content\/uploads\/2020\/03\/3dvikings-logo-karge-white.jpg","width":800,"height":800,"caption":"3D Vikings Store"},"image":{"@id":"https:\/\/3dvikingsstore.com\/pl\/#\/schema\/logo\/image\/"}}]}},"_links":{"self":[{"href":"https:\/\/3dvikingsstore.com\/pl\/wp-json\/wp\/v2\/product\/18865"}],"collection":[{"href":"https:\/\/3dvikingsstore.com\/pl\/wp-json\/wp\/v2\/product"}],"about":[{"href":"https:\/\/3dvikingsstore.com\/pl\/wp-json\/wp\/v2\/types\/product"}],"replies":[{"embeddable":true,"href":"https:\/\/3dvikingsstore.com\/pl\/wp-json\/wp\/v2\/comments?post=18865"}],"version-history":[{"count":0,"href":"https:\/\/3dvikingsstore.com\/pl\/wp-json\/wp\/v2\/product\/18865\/revisions"}],"wp:featuredmedia":[{"embeddable":true,"href":"https:\/\/3dvikingsstore.com\/pl\/wp-json\/wp\/v2\/media\/18866"}],"wp:attachment":[{"href":"https:\/\/3dvikingsstore.com\/pl\/wp-json\/wp\/v2\/media?parent=18865"}],"wp:term":[{"taxonomy":"product_cat","embeddable":true,"href":"https:\/\/3dvikingsstore.com\/pl\/wp-json\/wp\/v2\/product_cat?post=18865"},{"taxonomy":"product_tag","embeddable":true,"href":"https:\/\/3dvikingsstore.com\/pl\/wp-json\/wp\/v2\/product_tag?post=18865"}],"curies":[{"name":"wp","href":"https:\/\/api.w.org\/{rel}","templated":true}]}}