{"id":18845,"date":"2021-03-17T19:58:53","date_gmt":"2021-03-17T17:58:53","guid":{"rendered":"https:\/\/3dvikingsstore.com\/shop\/deska-rozdzielcza-gloomhaven-zestaw-4-sztuk\/"},"modified":"2024-03-01T13:41:38","modified_gmt":"2024-03-01T11:41:38","slug":"deska-rozdzielcza-gloomhaven-zestaw-4-sztuk","status":"publish","type":"product","link":"https:\/\/3dvikingsstore.com\/pl\/shop\/deska-rozdzielcza-gloomhaven-zestaw-4-sztuk\/","title":{"rendered":"Deska rozdzielcza Gloomhaven (zestaw 4 sztuk)"},"content":{"rendered":"<p>Prosty pulpit nawigacyjny do gry planszowej Gloomhaven. Du\u017ce sloty po lewej i prawej stronie przeznaczone s\u0105 odpowiednio na karty odrzucone i utracone. Du\u017cy slot w lewym g\u00f3rnym rogu jest przeznaczony na pozosta\u0142\u0105 tali\u0119, a dwa cienkie sloty poni\u017cej s\u0105 przeznaczone na dwie karty, kt\u00f3re zagrywasz w tej turze. Dwa miejsca w prawym g\u00f3rnym rogu przeznaczone s\u0105 na karty przedmiot\u00f3w.<\/p>\n<p>Sze\u015b\u0107 kwadrat\u00f3w jest przeznaczonych dla kostek 12 mm. U\u017cywam g\u00f3rnego rz\u0119du dla XP, dolnego dla HP, poniewa\u017c dolny rz\u0105d jest nieco \u0142atwiej dost\u0119pny. Pierwsze miejsce na ko\u015bci jest przeznaczone na dziesi\u0105tki, drugie i trzecie miejsce na dwie ko\u015bci do liczenia 0-9. To powinno pozwoli\u0107 ci osi\u0105gn\u0105\u0107 69 na obu &#8211; du\u017co!<\/p>\n<p>Wreszcie, dwie sko\u015bne tacki s\u0105 przeznaczone na karty modyfikator\u00f3w ataku.<\/p>\n<p>Ko\u015bci i karty nie s\u0105 do\u0142\u0105czone.<\/p>\n<div id=\"sel-ext-win\" class=\"sel-text-win\" style=\"display: none;\"><\/div>\n","protected":false},"excerpt":{"rendered":"<p>Prosty pulpit nawigacyjny do gry planszowej Gloomhaven. Du\u017ce sloty po lewej i prawej stronie przeznaczone s\u0105 odpowiednio na karty odrzucone i utracone. Du\u017cy slot w lewym g\u00f3rnym rogu jest przeznaczony na pozosta\u0142\u0105 tali\u0119, a dwa cienkie sloty poni\u017cej s\u0105 przeznaczone na dwie karty, kt\u00f3re zagrywasz w tej turze. Dwa miejsca w prawym g\u00f3rnym rogu przeznaczone s\u0105 na karty przedmiot\u00f3w.<\/p>\n","protected":false},"featured_media":18846,"comment_status":"open","ping_status":"closed","template":"","meta":[],"product_cat":[3144,3142],"product_tag":[3339,3335,3338,3336,3333,3341,3342,3330,3334,3331,3337,3332,3340],"yoast_head":"<!-- This site is optimized with the Yoast SEO Premium plugin v22.9 (Yoast SEO v22.9) - https:\/\/yoast.com\/wordpress\/plugins\/seo\/ -->\n<title>Deska rozdzielcza Gloomhaven (zestaw 4 sztuk)<\/title>\n<meta name=\"description\" content=\"Prosty pulpit nawigacyjny do gry planszowej Gloomhaven. Du\u017ce sloty po lewej i prawej stronie przeznaczone s\u0105 odpowiednio na karty odrzucone i utracone.\" \/>\n<meta name=\"robots\" content=\"index, follow, max-snippet:-1, max-image-preview:large, max-video-preview:-1\" \/>\n<link rel=\"canonical\" href=\"https:\/\/3dvikingsstore.com\/pl\/shop\/deska-rozdzielcza-gloomhaven-zestaw-4-sztuk\/\" \/>\n<meta property=\"og:locale\" content=\"pl_PL\" \/>\n<meta property=\"og:type\" content=\"article\" \/>\n<meta property=\"og:title\" content=\"Deska rozdzielcza Gloomhaven (zestaw 4 sztuk)\" \/>\n<meta property=\"og:description\" content=\"Prosty pulpit nawigacyjny do gry planszowej Gloomhaven. Du\u017ce sloty po lewej i prawej stronie przeznaczone s\u0105 odpowiednio na karty odrzucone i utracone.\" \/>\n<meta property=\"og:url\" content=\"https:\/\/3dvikingsstore.com\/pl\/shop\/deska-rozdzielcza-gloomhaven-zestaw-4-sztuk\/\" \/>\n<meta property=\"og:site_name\" content=\"3D Vikings Store\" \/>\n<meta property=\"article:modified_time\" content=\"2024-03-01T11:41:38+00:00\" \/>\n<meta property=\"og:image\" content=\"https:\/\/3dvikingsstore.com\/wp-content\/uploads\/2021\/03\/DSC_5806-scaled-e1617177982518.jpg\" \/>\n\t<meta property=\"og:image:width\" content=\"1333\" \/>\n\t<meta property=\"og:image:height\" content=\"1000\" \/>\n\t<meta property=\"og:image:type\" content=\"image\/jpeg\" \/>\n<meta name=\"twitter:card\" content=\"summary_large_image\" \/>\n<meta name=\"twitter:label1\" content=\"Szacowany czas czytania\" \/>\n\t<meta name=\"twitter:data1\" content=\"1 minuta\" \/>\n<script type=\"application\/ld+json\" class=\"yoast-schema-graph\">{\"@context\":\"https:\/\/schema.org\",\"@graph\":[{\"@type\":[\"WebPage\",\"ItemPage\"],\"@id\":\"https:\/\/3dvikingsstore.com\/pl\/shop\/deska-rozdzielcza-gloomhaven-zestaw-4-sztuk\/\",\"url\":\"https:\/\/3dvikingsstore.com\/pl\/shop\/deska-rozdzielcza-gloomhaven-zestaw-4-sztuk\/\",\"name\":\"Deska rozdzielcza Gloomhaven (zestaw 4 sztuk)\",\"isPartOf\":{\"@id\":\"https:\/\/3dvikingsstore.com\/pl\/#website\"},\"primaryImageOfPage\":{\"@id\":\"https:\/\/3dvikingsstore.com\/pl\/shop\/deska-rozdzielcza-gloomhaven-zestaw-4-sztuk\/#primaryimage\"},\"image\":{\"@id\":\"https:\/\/3dvikingsstore.com\/pl\/shop\/deska-rozdzielcza-gloomhaven-zestaw-4-sztuk\/#primaryimage\"},\"thumbnailUrl\":\"https:\/\/3dvikingsstore.com\/wp-content\/uploads\/2021\/03\/DSC_5806-scaled-e1617177982518.jpg\",\"datePublished\":\"2021-03-17T17:58:53+00:00\",\"dateModified\":\"2024-03-01T11:41:38+00:00\",\"description\":\"Prosty pulpit nawigacyjny do gry planszowej Gloomhaven. Du\u017ce sloty po lewej i prawej stronie przeznaczone s\u0105 odpowiednio na karty odrzucone i utracone.\",\"breadcrumb\":{\"@id\":\"https:\/\/3dvikingsstore.com\/pl\/shop\/deska-rozdzielcza-gloomhaven-zestaw-4-sztuk\/#breadcrumb\"},\"inLanguage\":\"pl-PL\",\"potentialAction\":[{\"@type\":\"ReadAction\",\"target\":[\"https:\/\/3dvikingsstore.com\/pl\/shop\/deska-rozdzielcza-gloomhaven-zestaw-4-sztuk\/\"]}]},{\"@type\":\"ImageObject\",\"inLanguage\":\"pl-PL\",\"@id\":\"https:\/\/3dvikingsstore.com\/pl\/shop\/deska-rozdzielcza-gloomhaven-zestaw-4-sztuk\/#primaryimage\",\"url\":\"https:\/\/3dvikingsstore.com\/wp-content\/uploads\/2021\/03\/DSC_5806-scaled-e1617177982518.jpg\",\"contentUrl\":\"https:\/\/3dvikingsstore.com\/wp-content\/uploads\/2021\/03\/DSC_5806-scaled-e1617177982518.jpg\",\"width\":1333,\"height\":1000},{\"@type\":\"BreadcrumbList\",\"@id\":\"https:\/\/3dvikingsstore.com\/pl\/shop\/deska-rozdzielcza-gloomhaven-zestaw-4-sztuk\/#breadcrumb\",\"itemListElement\":[{\"@type\":\"ListItem\",\"position\":1,\"name\":\"Home\",\"item\":\"https:\/\/3dvikingsstore.com\/pl\/\"},{\"@type\":\"ListItem\",\"position\":2,\"name\":\"Shop\",\"item\":\"https:\/\/3dvikingsstore.com\/shop\/\"},{\"@type\":\"ListItem\",\"position\":3,\"name\":\"Deska rozdzielcza Gloomhaven (zestaw 4 sztuk)\"}]},{\"@type\":\"WebSite\",\"@id\":\"https:\/\/3dvikingsstore.com\/pl\/#website\",\"url\":\"https:\/\/3dvikingsstore.com\/pl\/\",\"name\":\"3D Vikings Store\",\"description\":\"Dekoracje i Akcesoria do Gier Planszowych i Sto\u0142owych\",\"publisher\":{\"@id\":\"https:\/\/3dvikingsstore.com\/pl\/#organization\"},\"potentialAction\":[{\"@type\":\"SearchAction\",\"target\":{\"@type\":\"EntryPoint\",\"urlTemplate\":\"https:\/\/3dvikingsstore.com\/pl\/?s={search_term_string}\"},\"query-input\":\"required name=search_term_string\"}],\"inLanguage\":\"pl-PL\"},{\"@type\":\"Organization\",\"@id\":\"https:\/\/3dvikingsstore.com\/pl\/#organization\",\"name\":\"3D Vikings Store\",\"url\":\"https:\/\/3dvikingsstore.com\/pl\/\",\"logo\":{\"@type\":\"ImageObject\",\"inLanguage\":\"pl-PL\",\"@id\":\"https:\/\/3dvikingsstore.com\/pl\/#\/schema\/logo\/image\/\",\"url\":\"https:\/\/3dvikingsstore.com\/wp-content\/uploads\/2020\/03\/3dvikings-logo-karge-white.jpg\",\"contentUrl\":\"https:\/\/3dvikingsstore.com\/wp-content\/uploads\/2020\/03\/3dvikings-logo-karge-white.jpg\",\"width\":800,\"height\":800,\"caption\":\"3D Vikings Store\"},\"image\":{\"@id\":\"https:\/\/3dvikingsstore.com\/pl\/#\/schema\/logo\/image\/\"}}]}<\/script>\n<!-- \/ Yoast SEO Premium plugin. -->","yoast_head_json":{"title":"Deska rozdzielcza Gloomhaven (zestaw 4 sztuk)","description":"Prosty pulpit nawigacyjny do gry planszowej Gloomhaven. Du\u017ce sloty po lewej i prawej stronie przeznaczone s\u0105 odpowiednio na karty odrzucone i utracone.","robots":{"index":"index","follow":"follow","max-snippet":"max-snippet:-1","max-image-preview":"max-image-preview:large","max-video-preview":"max-video-preview:-1"},"canonical":"https:\/\/3dvikingsstore.com\/pl\/shop\/deska-rozdzielcza-gloomhaven-zestaw-4-sztuk\/","og_locale":"pl_PL","og_type":"article","og_title":"Deska rozdzielcza Gloomhaven (zestaw 4 sztuk)","og_description":"Prosty pulpit nawigacyjny do gry planszowej Gloomhaven. Du\u017ce sloty po lewej i prawej stronie przeznaczone s\u0105 odpowiednio na karty odrzucone i utracone.","og_url":"https:\/\/3dvikingsstore.com\/pl\/shop\/deska-rozdzielcza-gloomhaven-zestaw-4-sztuk\/","og_site_name":"3D Vikings Store","article_modified_time":"2024-03-01T11:41:38+00:00","og_image":[{"width":1333,"height":1000,"url":"https:\/\/3dvikingsstore.com\/wp-content\/uploads\/2021\/03\/DSC_5806-scaled-e1617177982518.jpg","type":"image\/jpeg"}],"twitter_card":"summary_large_image","twitter_misc":{"Szacowany czas czytania":"1 minuta"},"schema":{"@context":"https:\/\/schema.org","@graph":[{"@type":["WebPage","ItemPage"],"@id":"https:\/\/3dvikingsstore.com\/pl\/shop\/deska-rozdzielcza-gloomhaven-zestaw-4-sztuk\/","url":"https:\/\/3dvikingsstore.com\/pl\/shop\/deska-rozdzielcza-gloomhaven-zestaw-4-sztuk\/","name":"Deska rozdzielcza Gloomhaven (zestaw 4 sztuk)","isPartOf":{"@id":"https:\/\/3dvikingsstore.com\/pl\/#website"},"primaryImageOfPage":{"@id":"https:\/\/3dvikingsstore.com\/pl\/shop\/deska-rozdzielcza-gloomhaven-zestaw-4-sztuk\/#primaryimage"},"image":{"@id":"https:\/\/3dvikingsstore.com\/pl\/shop\/deska-rozdzielcza-gloomhaven-zestaw-4-sztuk\/#primaryimage"},"thumbnailUrl":"https:\/\/3dvikingsstore.com\/wp-content\/uploads\/2021\/03\/DSC_5806-scaled-e1617177982518.jpg","datePublished":"2021-03-17T17:58:53+00:00","dateModified":"2024-03-01T11:41:38+00:00","description":"Prosty pulpit nawigacyjny do gry planszowej Gloomhaven. Du\u017ce sloty po lewej i prawej stronie przeznaczone s\u0105 odpowiednio na karty odrzucone i utracone.","breadcrumb":{"@id":"https:\/\/3dvikingsstore.com\/pl\/shop\/deska-rozdzielcza-gloomhaven-zestaw-4-sztuk\/#breadcrumb"},"inLanguage":"pl-PL","potentialAction":[{"@type":"ReadAction","target":["https:\/\/3dvikingsstore.com\/pl\/shop\/deska-rozdzielcza-gloomhaven-zestaw-4-sztuk\/"]}]},{"@type":"ImageObject","inLanguage":"pl-PL","@id":"https:\/\/3dvikingsstore.com\/pl\/shop\/deska-rozdzielcza-gloomhaven-zestaw-4-sztuk\/#primaryimage","url":"https:\/\/3dvikingsstore.com\/wp-content\/uploads\/2021\/03\/DSC_5806-scaled-e1617177982518.jpg","contentUrl":"https:\/\/3dvikingsstore.com\/wp-content\/uploads\/2021\/03\/DSC_5806-scaled-e1617177982518.jpg","width":1333,"height":1000},{"@type":"BreadcrumbList","@id":"https:\/\/3dvikingsstore.com\/pl\/shop\/deska-rozdzielcza-gloomhaven-zestaw-4-sztuk\/#breadcrumb","itemListElement":[{"@type":"ListItem","position":1,"name":"Home","item":"https:\/\/3dvikingsstore.com\/pl\/"},{"@type":"ListItem","position":2,"name":"Shop","item":"https:\/\/3dvikingsstore.com\/shop\/"},{"@type":"ListItem","position":3,"name":"Deska rozdzielcza Gloomhaven (zestaw 4 sztuk)"}]},{"@type":"WebSite","@id":"https:\/\/3dvikingsstore.com\/pl\/#website","url":"https:\/\/3dvikingsstore.com\/pl\/","name":"3D Vikings Store","description":"Dekoracje i Akcesoria do Gier Planszowych i Sto\u0142owych","publisher":{"@id":"https:\/\/3dvikingsstore.com\/pl\/#organization"},"potentialAction":[{"@type":"SearchAction","target":{"@type":"EntryPoint","urlTemplate":"https:\/\/3dvikingsstore.com\/pl\/?s={search_term_string}"},"query-input":"required name=search_term_string"}],"inLanguage":"pl-PL"},{"@type":"Organization","@id":"https:\/\/3dvikingsstore.com\/pl\/#organization","name":"3D Vikings Store","url":"https:\/\/3dvikingsstore.com\/pl\/","logo":{"@type":"ImageObject","inLanguage":"pl-PL","@id":"https:\/\/3dvikingsstore.com\/pl\/#\/schema\/logo\/image\/","url":"https:\/\/3dvikingsstore.com\/wp-content\/uploads\/2020\/03\/3dvikings-logo-karge-white.jpg","contentUrl":"https:\/\/3dvikingsstore.com\/wp-content\/uploads\/2020\/03\/3dvikings-logo-karge-white.jpg","width":800,"height":800,"caption":"3D Vikings Store"},"image":{"@id":"https:\/\/3dvikingsstore.com\/pl\/#\/schema\/logo\/image\/"}}]}},"_links":{"self":[{"href":"https:\/\/3dvikingsstore.com\/pl\/wp-json\/wp\/v2\/product\/18845"}],"collection":[{"href":"https:\/\/3dvikingsstore.com\/pl\/wp-json\/wp\/v2\/product"}],"about":[{"href":"https:\/\/3dvikingsstore.com\/pl\/wp-json\/wp\/v2\/types\/product"}],"replies":[{"embeddable":true,"href":"https:\/\/3dvikingsstore.com\/pl\/wp-json\/wp\/v2\/comments?post=18845"}],"version-history":[{"count":2,"href":"https:\/\/3dvikingsstore.com\/pl\/wp-json\/wp\/v2\/product\/18845\/revisions"}],"predecessor-version":[{"id":18864,"href":"https:\/\/3dvikingsstore.com\/pl\/wp-json\/wp\/v2\/product\/18845\/revisions\/18864"}],"wp:featuredmedia":[{"embeddable":true,"href":"https:\/\/3dvikingsstore.com\/pl\/wp-json\/wp\/v2\/media\/18846"}],"wp:attachment":[{"href":"https:\/\/3dvikingsstore.com\/pl\/wp-json\/wp\/v2\/media?parent=18845"}],"wp:term":[{"taxonomy":"product_cat","embeddable":true,"href":"https:\/\/3dvikingsstore.com\/pl\/wp-json\/wp\/v2\/product_cat?post=18845"},{"taxonomy":"product_tag","embeddable":true,"href":"https:\/\/3dvikingsstore.com\/pl\/wp-json\/wp\/v2\/product_tag?post=18845"}],"curies":[{"name":"wp","href":"https:\/\/api.w.org\/{rel}","templated":true}]}}