{"id":18835,"date":"2020-03-01T02:58:30","date_gmt":"2020-03-01T00:58:30","guid":{"rendered":"https:\/\/3dvikingsstore.com\/shop\/dom-wikingow-fantasy-ze-zdejmowanym-dachem-w-skali-28-mm\/"},"modified":"2020-03-01T02:58:30","modified_gmt":"2020-03-01T00:58:30","slug":"dom-wikingow-fantasy-ze-zdejmowanym-dachem-w-skali-28-mm","status":"publish","type":"product","link":"https:\/\/3dvikingsstore.com\/pl\/shop\/dom-wikingow-fantasy-ze-zdejmowanym-dachem-w-skali-28-mm\/","title":{"rendered":"Dom wiking\u00f3w fantasy ze zdejmowanym dachem w skali 28 mm"},"content":{"rendered":"<p>Je\u015bli szukasz realistycznego i wci\u0105gaj\u0105cego terenu do swoich gier sto\u0142owych fantasy, pokochasz ten Fantasy Viking House!<\/p>\n<p>Ten dom wiking\u00f3w ma skal\u0119 28 mm, idealn\u0105 do u\u017cycia z miniaturami RPG. Jest to drewniana konstrukcja z dachem krytym strzech\u0105, drzwiami i oknami. Dom ma rustykalny i przytulny wygl\u0105d, nadaj\u0105c mu wiele charakteru i uroku. Domek jest dostarczany w dw\u00f3ch niepomalowanych cz\u0119\u015bciach, dzi\u0119ki czemu mo\u017cna go \u0142atwo z\u0142o\u017cy\u0107 i dostosowa\u0107 do w\u0142asnych upodoba\u0144. Mo\u017cesz pomalowa\u0107 go na ulubione kolory, doda\u0107 detale, takie jak mech, \u015bnieg czy ogie\u0144, a nawet stworzy\u0107 w\u0142asne akcesoria, takie jak meble, narz\u0119dzia czy zwierz\u0119ta. Do wyko\u0144czenia i pomalowania domu potrzebne b\u0119d\u0105 podstawowe narz\u0119dzia modelarskie, takie jak klej, podk\u0142ad i farba. Mo\u017cesz tak\u017ce u\u017cy\u0107 technik mycia, suchego p\u0119dzla lub aerografu, aby uwydatni\u0107 szczeg\u00f3\u0142y i uzyska\u0107 osza\u0142amiaj\u0105cy efekt.<\/p>\n<p>Ten dom to pozycja obowi\u0105zkowa dla ka\u017cdego fana fantasy lub gracza sto\u0142owego. Doda to wiele zabawy i realizmu do twoich gier i sprawi, \u017ce twoje figurki b\u0119d\u0105 si\u0119 wyr\u00f3\u017cnia\u0107. Niezale\u017cnie od tego, czy grasz wikingiem, barbarzy\u0144c\u0105 czy \u015bredniowiecznym ch\u0142opem, z przyjemno\u015bci\u0105 wykorzystasz ten dom jako schronienie, dom lub element scenerii. Zam\u00f3w ju\u017c dzi\u015b i przygotuj si\u0119 na epickie przygody w \u015bwiecie fantasy! ?\ufe0f<\/p>\n<p>Drukowany jest z PLA, kt\u00f3ry jest jednym z najbardziej przyjaznych dla \u015brodowiska filament\u00f3w dost\u0119pnych obecnie na rynku. Pochodz\u0105cy z upraw takich jak kukurydza i trzcina cukrowa, PLA jest odnawialny, a co najwa\u017cniejsze biodegradowalny i nietoksyczny. Wydrukowane na nim przedmioty s\u0105 trwa\u0142e i wytrzyma\u0142e.<\/p>\n","protected":false},"excerpt":{"rendered":"<p>Ten dom wiking\u00f3w ma skal\u0119 28 mm, idealn\u0105 do u\u017cycia z miniaturami RPG. Dostarczany niepomalowany w wielu cz\u0119\u015bciach. &#8222;\u015aciany by\u0142y wykonane z wikliny (plecionych patyk\u00f3w, pokrytych b\u0142otem, aby chroni\u0107 przed wiatrem i deszczem). Domy wiking\u00f3w by\u0142y cz\u0119sto jednopokojowe, z ogniskiem po\u015brodku&#8221;. Dom ma rustykalny i przytulny wygl\u0105d, nadaj\u0105c mu wiele charakteru i uroku.<\/p>\n","protected":false},"featured_media":18836,"comment_status":"open","ping_status":"closed","template":"","meta":[],"product_cat":[3138,3137],"product_tag":[3160,3326,3218,3298,3327,3180,3325,3248,3328,3324,3203,3181,3329],"yoast_head":"<!-- This site is optimized with the Yoast SEO Premium plugin v22.9 (Yoast SEO v22.9) - https:\/\/yoast.com\/wordpress\/plugins\/seo\/ -->\n<title>Dom wiking\u00f3w fantasy ze zdejmowanym dachem w skali 28 mm<\/title>\n<meta name=\"description\" content=\"Ten dom wiking\u00f3w ma skal\u0119 28 mm, idealn\u0105 do u\u017cycia z miniaturami RPG. Jest to drewniana konstrukcja z dachem krytym strzech\u0105, drzwiami i oknami.\" \/>\n<meta name=\"robots\" content=\"index, follow, max-snippet:-1, max-image-preview:large, max-video-preview:-1\" \/>\n<link rel=\"canonical\" href=\"https:\/\/3dvikingsstore.com\/pl\/shop\/dom-wikingow-fantasy-ze-zdejmowanym-dachem-w-skali-28-mm\/\" \/>\n<meta property=\"og:locale\" content=\"pl_PL\" \/>\n<meta property=\"og:type\" content=\"article\" \/>\n<meta property=\"og:title\" content=\"Dom wiking\u00f3w fantasy ze zdejmowanym dachem w skali 28 mm\" \/>\n<meta property=\"og:description\" content=\"Ten dom wiking\u00f3w ma skal\u0119 28 mm, idealn\u0105 do u\u017cycia z miniaturami RPG. Jest to drewniana konstrukcja z dachem krytym strzech\u0105, drzwiami i oknami.\" \/>\n<meta property=\"og:url\" content=\"https:\/\/3dvikingsstore.com\/pl\/shop\/dom-wikingow-fantasy-ze-zdejmowanym-dachem-w-skali-28-mm\/\" \/>\n<meta property=\"og:site_name\" content=\"3D Vikings Store\" \/>\n<meta property=\"og:image\" content=\"https:\/\/3dvikingsstore.com\/wp-content\/uploads\/2020\/03\/il_1588xN.1932319958_dgc7.jpg\" \/>\n\t<meta property=\"og:image:width\" content=\"1588\" \/>\n\t<meta property=\"og:image:height\" content=\"1191\" \/>\n\t<meta property=\"og:image:type\" content=\"image\/jpeg\" \/>\n<meta name=\"twitter:card\" content=\"summary_large_image\" \/>\n<meta name=\"twitter:label1\" content=\"Szacowany czas czytania\" \/>\n\t<meta name=\"twitter:data1\" content=\"1 minuta\" \/>\n<script type=\"application\/ld+json\" class=\"yoast-schema-graph\">{\"@context\":\"https:\/\/schema.org\",\"@graph\":[{\"@type\":[\"WebPage\",\"ItemPage\"],\"@id\":\"https:\/\/3dvikingsstore.com\/pl\/shop\/dom-wikingow-fantasy-ze-zdejmowanym-dachem-w-skali-28-mm\/\",\"url\":\"https:\/\/3dvikingsstore.com\/pl\/shop\/dom-wikingow-fantasy-ze-zdejmowanym-dachem-w-skali-28-mm\/\",\"name\":\"Dom wiking\u00f3w fantasy ze zdejmowanym dachem w skali 28 mm\",\"isPartOf\":{\"@id\":\"https:\/\/3dvikingsstore.com\/pl\/#website\"},\"primaryImageOfPage\":{\"@id\":\"https:\/\/3dvikingsstore.com\/pl\/shop\/dom-wikingow-fantasy-ze-zdejmowanym-dachem-w-skali-28-mm\/#primaryimage\"},\"image\":{\"@id\":\"https:\/\/3dvikingsstore.com\/pl\/shop\/dom-wikingow-fantasy-ze-zdejmowanym-dachem-w-skali-28-mm\/#primaryimage\"},\"thumbnailUrl\":\"https:\/\/3dvikingsstore.com\/wp-content\/uploads\/2020\/03\/il_1588xN.1932319958_dgc7.jpg\",\"datePublished\":\"2020-03-01T00:58:30+00:00\",\"dateModified\":\"2020-03-01T00:58:30+00:00\",\"description\":\"Ten dom wiking\u00f3w ma skal\u0119 28 mm, idealn\u0105 do u\u017cycia z miniaturami RPG. Jest to drewniana konstrukcja z dachem krytym strzech\u0105, drzwiami i oknami.\",\"breadcrumb\":{\"@id\":\"https:\/\/3dvikingsstore.com\/pl\/shop\/dom-wikingow-fantasy-ze-zdejmowanym-dachem-w-skali-28-mm\/#breadcrumb\"},\"inLanguage\":\"pl-PL\",\"potentialAction\":[{\"@type\":\"ReadAction\",\"target\":[\"https:\/\/3dvikingsstore.com\/pl\/shop\/dom-wikingow-fantasy-ze-zdejmowanym-dachem-w-skali-28-mm\/\"]}]},{\"@type\":\"ImageObject\",\"inLanguage\":\"pl-PL\",\"@id\":\"https:\/\/3dvikingsstore.com\/pl\/shop\/dom-wikingow-fantasy-ze-zdejmowanym-dachem-w-skali-28-mm\/#primaryimage\",\"url\":\"https:\/\/3dvikingsstore.com\/wp-content\/uploads\/2020\/03\/il_1588xN.1932319958_dgc7.jpg\",\"contentUrl\":\"https:\/\/3dvikingsstore.com\/wp-content\/uploads\/2020\/03\/il_1588xN.1932319958_dgc7.jpg\",\"width\":1588,\"height\":1191},{\"@type\":\"BreadcrumbList\",\"@id\":\"https:\/\/3dvikingsstore.com\/pl\/shop\/dom-wikingow-fantasy-ze-zdejmowanym-dachem-w-skali-28-mm\/#breadcrumb\",\"itemListElement\":[{\"@type\":\"ListItem\",\"position\":1,\"name\":\"Home\",\"item\":\"https:\/\/3dvikingsstore.com\/pl\/\"},{\"@type\":\"ListItem\",\"position\":2,\"name\":\"Shop\",\"item\":\"https:\/\/3dvikingsstore.com\/shop\/\"},{\"@type\":\"ListItem\",\"position\":3,\"name\":\"Dom wiking\u00f3w fantasy ze zdejmowanym dachem w skali 28 mm\"}]},{\"@type\":\"WebSite\",\"@id\":\"https:\/\/3dvikingsstore.com\/pl\/#website\",\"url\":\"https:\/\/3dvikingsstore.com\/pl\/\",\"name\":\"3D Vikings Store\",\"description\":\"Dekoracje i Akcesoria do Gier Planszowych i Sto\u0142owych\",\"publisher\":{\"@id\":\"https:\/\/3dvikingsstore.com\/pl\/#organization\"},\"potentialAction\":[{\"@type\":\"SearchAction\",\"target\":{\"@type\":\"EntryPoint\",\"urlTemplate\":\"https:\/\/3dvikingsstore.com\/pl\/?s={search_term_string}\"},\"query-input\":\"required name=search_term_string\"}],\"inLanguage\":\"pl-PL\"},{\"@type\":\"Organization\",\"@id\":\"https:\/\/3dvikingsstore.com\/pl\/#organization\",\"name\":\"3D Vikings Store\",\"url\":\"https:\/\/3dvikingsstore.com\/pl\/\",\"logo\":{\"@type\":\"ImageObject\",\"inLanguage\":\"pl-PL\",\"@id\":\"https:\/\/3dvikingsstore.com\/pl\/#\/schema\/logo\/image\/\",\"url\":\"https:\/\/3dvikingsstore.com\/wp-content\/uploads\/2020\/03\/3dvikings-logo-karge-white.jpg\",\"contentUrl\":\"https:\/\/3dvikingsstore.com\/wp-content\/uploads\/2020\/03\/3dvikings-logo-karge-white.jpg\",\"width\":800,\"height\":800,\"caption\":\"3D Vikings Store\"},\"image\":{\"@id\":\"https:\/\/3dvikingsstore.com\/pl\/#\/schema\/logo\/image\/\"}}]}<\/script>\n<!-- \/ Yoast SEO Premium plugin. -->","yoast_head_json":{"title":"Dom wiking\u00f3w fantasy ze zdejmowanym dachem w skali 28 mm","description":"Ten dom wiking\u00f3w ma skal\u0119 28 mm, idealn\u0105 do u\u017cycia z miniaturami RPG. Jest to drewniana konstrukcja z dachem krytym strzech\u0105, drzwiami i oknami.","robots":{"index":"index","follow":"follow","max-snippet":"max-snippet:-1","max-image-preview":"max-image-preview:large","max-video-preview":"max-video-preview:-1"},"canonical":"https:\/\/3dvikingsstore.com\/pl\/shop\/dom-wikingow-fantasy-ze-zdejmowanym-dachem-w-skali-28-mm\/","og_locale":"pl_PL","og_type":"article","og_title":"Dom wiking\u00f3w fantasy ze zdejmowanym dachem w skali 28 mm","og_description":"Ten dom wiking\u00f3w ma skal\u0119 28 mm, idealn\u0105 do u\u017cycia z miniaturami RPG. Jest to drewniana konstrukcja z dachem krytym strzech\u0105, drzwiami i oknami.","og_url":"https:\/\/3dvikingsstore.com\/pl\/shop\/dom-wikingow-fantasy-ze-zdejmowanym-dachem-w-skali-28-mm\/","og_site_name":"3D Vikings Store","og_image":[{"width":1588,"height":1191,"url":"https:\/\/3dvikingsstore.com\/wp-content\/uploads\/2020\/03\/il_1588xN.1932319958_dgc7.jpg","type":"image\/jpeg"}],"twitter_card":"summary_large_image","twitter_misc":{"Szacowany czas czytania":"1 minuta"},"schema":{"@context":"https:\/\/schema.org","@graph":[{"@type":["WebPage","ItemPage"],"@id":"https:\/\/3dvikingsstore.com\/pl\/shop\/dom-wikingow-fantasy-ze-zdejmowanym-dachem-w-skali-28-mm\/","url":"https:\/\/3dvikingsstore.com\/pl\/shop\/dom-wikingow-fantasy-ze-zdejmowanym-dachem-w-skali-28-mm\/","name":"Dom wiking\u00f3w fantasy ze zdejmowanym dachem w skali 28 mm","isPartOf":{"@id":"https:\/\/3dvikingsstore.com\/pl\/#website"},"primaryImageOfPage":{"@id":"https:\/\/3dvikingsstore.com\/pl\/shop\/dom-wikingow-fantasy-ze-zdejmowanym-dachem-w-skali-28-mm\/#primaryimage"},"image":{"@id":"https:\/\/3dvikingsstore.com\/pl\/shop\/dom-wikingow-fantasy-ze-zdejmowanym-dachem-w-skali-28-mm\/#primaryimage"},"thumbnailUrl":"https:\/\/3dvikingsstore.com\/wp-content\/uploads\/2020\/03\/il_1588xN.1932319958_dgc7.jpg","datePublished":"2020-03-01T00:58:30+00:00","dateModified":"2020-03-01T00:58:30+00:00","description":"Ten dom wiking\u00f3w ma skal\u0119 28 mm, idealn\u0105 do u\u017cycia z miniaturami RPG. Jest to drewniana konstrukcja z dachem krytym strzech\u0105, drzwiami i oknami.","breadcrumb":{"@id":"https:\/\/3dvikingsstore.com\/pl\/shop\/dom-wikingow-fantasy-ze-zdejmowanym-dachem-w-skali-28-mm\/#breadcrumb"},"inLanguage":"pl-PL","potentialAction":[{"@type":"ReadAction","target":["https:\/\/3dvikingsstore.com\/pl\/shop\/dom-wikingow-fantasy-ze-zdejmowanym-dachem-w-skali-28-mm\/"]}]},{"@type":"ImageObject","inLanguage":"pl-PL","@id":"https:\/\/3dvikingsstore.com\/pl\/shop\/dom-wikingow-fantasy-ze-zdejmowanym-dachem-w-skali-28-mm\/#primaryimage","url":"https:\/\/3dvikingsstore.com\/wp-content\/uploads\/2020\/03\/il_1588xN.1932319958_dgc7.jpg","contentUrl":"https:\/\/3dvikingsstore.com\/wp-content\/uploads\/2020\/03\/il_1588xN.1932319958_dgc7.jpg","width":1588,"height":1191},{"@type":"BreadcrumbList","@id":"https:\/\/3dvikingsstore.com\/pl\/shop\/dom-wikingow-fantasy-ze-zdejmowanym-dachem-w-skali-28-mm\/#breadcrumb","itemListElement":[{"@type":"ListItem","position":1,"name":"Home","item":"https:\/\/3dvikingsstore.com\/pl\/"},{"@type":"ListItem","position":2,"name":"Shop","item":"https:\/\/3dvikingsstore.com\/shop\/"},{"@type":"ListItem","position":3,"name":"Dom wiking\u00f3w fantasy ze zdejmowanym dachem w skali 28 mm"}]},{"@type":"WebSite","@id":"https:\/\/3dvikingsstore.com\/pl\/#website","url":"https:\/\/3dvikingsstore.com\/pl\/","name":"3D Vikings Store","description":"Dekoracje i Akcesoria do Gier Planszowych i Sto\u0142owych","publisher":{"@id":"https:\/\/3dvikingsstore.com\/pl\/#organization"},"potentialAction":[{"@type":"SearchAction","target":{"@type":"EntryPoint","urlTemplate":"https:\/\/3dvikingsstore.com\/pl\/?s={search_term_string}"},"query-input":"required name=search_term_string"}],"inLanguage":"pl-PL"},{"@type":"Organization","@id":"https:\/\/3dvikingsstore.com\/pl\/#organization","name":"3D Vikings Store","url":"https:\/\/3dvikingsstore.com\/pl\/","logo":{"@type":"ImageObject","inLanguage":"pl-PL","@id":"https:\/\/3dvikingsstore.com\/pl\/#\/schema\/logo\/image\/","url":"https:\/\/3dvikingsstore.com\/wp-content\/uploads\/2020\/03\/3dvikings-logo-karge-white.jpg","contentUrl":"https:\/\/3dvikingsstore.com\/wp-content\/uploads\/2020\/03\/3dvikings-logo-karge-white.jpg","width":800,"height":800,"caption":"3D Vikings Store"},"image":{"@id":"https:\/\/3dvikingsstore.com\/pl\/#\/schema\/logo\/image\/"}}]}},"_links":{"self":[{"href":"https:\/\/3dvikingsstore.com\/pl\/wp-json\/wp\/v2\/product\/18835"}],"collection":[{"href":"https:\/\/3dvikingsstore.com\/pl\/wp-json\/wp\/v2\/product"}],"about":[{"href":"https:\/\/3dvikingsstore.com\/pl\/wp-json\/wp\/v2\/types\/product"}],"replies":[{"embeddable":true,"href":"https:\/\/3dvikingsstore.com\/pl\/wp-json\/wp\/v2\/comments?post=18835"}],"version-history":[{"count":0,"href":"https:\/\/3dvikingsstore.com\/pl\/wp-json\/wp\/v2\/product\/18835\/revisions"}],"wp:featuredmedia":[{"embeddable":true,"href":"https:\/\/3dvikingsstore.com\/pl\/wp-json\/wp\/v2\/media\/18836"}],"wp:attachment":[{"href":"https:\/\/3dvikingsstore.com\/pl\/wp-json\/wp\/v2\/media?parent=18835"}],"wp:term":[{"taxonomy":"product_cat","embeddable":true,"href":"https:\/\/3dvikingsstore.com\/pl\/wp-json\/wp\/v2\/product_cat?post=18835"},{"taxonomy":"product_tag","embeddable":true,"href":"https:\/\/3dvikingsstore.com\/pl\/wp-json\/wp\/v2\/product_tag?post=18835"}],"curies":[{"name":"wp","href":"https:\/\/api.w.org\/{rel}","templated":true}]}}