{"id":18832,"date":"2020-03-01T02:58:30","date_gmt":"2020-03-01T00:58:30","guid":{"rendered":"https:\/\/3dvikingsstore.com\/shop\/fragmenty-zrujnowanej-sciany-ogromnego-modulowego-wraku-gotyckiego-statku-kosmicznego-w-skali-28mm\/"},"modified":"2020-03-01T02:58:30","modified_gmt":"2020-03-01T00:58:30","slug":"fragmenty-zrujnowanej-sciany-ogromnego-modulowego-wraku-gotyckiego-statku-kosmicznego-w-skali-28mm","status":"publish","type":"product","link":"https:\/\/3dvikingsstore.com\/pl\/shop\/fragmenty-zrujnowanej-sciany-ogromnego-modulowego-wraku-gotyckiego-statku-kosmicznego-w-skali-28mm\/","title":{"rendered":"Fragmenty Zrujnowanej \u015aciany Ogromnego, Modu\u0142owego Wraku Gotyckiego Statku Kosmicznego w Skali 28mm"},"content":{"rendered":"<p>Ten zestaw zawiera dwa fragmenty zrujnowanej \u015bciany z serii wrak\u00f3w gotyckich statk\u00f3w kosmicznych. Jeden z nich jest z wn\u0119k\u0105 na bro\u0144, a drugi z wn\u0119k\u0105 na symbol dekoracyjny (w zestawie znajduj\u0105 si\u0119 3 r\u00f3\u017cne symbole, a tak\u017ce 5 mniejszych symboli do wn\u0119ki na bro\u0144).<\/p>\n<p>Wszystkie cz\u0119\u015bci z serii wrak\u00f3w gotyckich statk\u00f3w kosmicznych s\u0105 ze sob\u0105 kompatybilne, co oznacza, \u017ce mo\u017cesz je dowolnie \u0142\u0105czy\u0107, aby dopasowa\u0107 je do swoich potrzeb.<\/p>\n<p>Dostarczany jest niepomalowany.<\/p>\n<p>Drukowany jest z PLA, kt\u00f3ry jest jednym z najbardziej przyjaznych dla \u015brodowiska filament\u00f3w dost\u0119pnych obecnie na rynku. Pochodz\u0105cy z upraw takich jak kukurydza i trzcina cukrowa, PLA jest odnawialny, a co najwa\u017cniejsze biodegradowalny i nietoksyczny. Wydrukowane na nim przedmioty s\u0105 trwa\u0142e i wytrzyma\u0142e.<\/p>\n","protected":false},"excerpt":{"rendered":"<p>Ten zestaw zawiera dwa fragmenty zrujnowanej \u015bciany z serii Wrak\u00f3w Gotyckich Statk\u00f3w Kosmicznych. Jeden z nich jest z wn\u0119k\u0105 na bro\u0144, a drugi z wn\u0119k\u0105 na symbol dekoracyjny (w zestawie znajduj\u0105 si\u0119 3 r\u00f3\u017cne symbole, a tak\u017ce 5 mniejszych symboli do wn\u0119ki na bro\u0144).<\/p>\n","protected":false},"featured_media":18833,"comment_status":"open","ping_status":"closed","template":"","meta":[],"product_cat":[3137,3152],"product_tag":[3279,3247,3249,3248,3282,3258,3204,3199,3255,3256,3177,3280,3281,3257],"yoast_head":"<!-- This site is optimized with the Yoast SEO Premium plugin v22.9 (Yoast SEO v22.9) - https:\/\/yoast.com\/wordpress\/plugins\/seo\/ -->\n<title>Fragmenty Zrujnowanej \u015aciany Ogromnego, Modu\u0142owego Wraku Gotyckiego Statku Kosmicznego w Skali 28mm<\/title>\n<meta name=\"robots\" content=\"index, follow, max-snippet:-1, max-image-preview:large, max-video-preview:-1\" \/>\n<link rel=\"canonical\" href=\"https:\/\/3dvikingsstore.com\/pl\/shop\/fragmenty-zrujnowanej-sciany-ogromnego-modulowego-wraku-gotyckiego-statku-kosmicznego-w-skali-28mm\/\" \/>\n<meta property=\"og:locale\" content=\"pl_PL\" \/>\n<meta property=\"og:type\" content=\"article\" \/>\n<meta property=\"og:title\" content=\"Fragmenty Zrujnowanej \u015aciany Ogromnego, Modu\u0142owego Wraku Gotyckiego Statku Kosmicznego w Skali 28mm\" \/>\n<meta property=\"og:description\" content=\"Ten zestaw zawiera dwa fragmenty zrujnowanej \u015bciany z serii Wrak\u00f3w Gotyckich Statk\u00f3w Kosmicznych. Jeden z nich jest z wn\u0119k\u0105 na bro\u0144, a drugi z wn\u0119k\u0105 na symbol dekoracyjny (w zestawie znajduj\u0105 si\u0119 3 r\u00f3\u017cne symbole, a tak\u017ce 5 mniejszych symboli do wn\u0119ki na bro\u0144).\" \/>\n<meta property=\"og:url\" content=\"https:\/\/3dvikingsstore.com\/pl\/shop\/fragmenty-zrujnowanej-sciany-ogromnego-modulowego-wraku-gotyckiego-statku-kosmicznego-w-skali-28mm\/\" \/>\n<meta property=\"og:site_name\" content=\"3D Vikings Store\" \/>\n<meta property=\"og:image\" content=\"https:\/\/3dvikingsstore.com\/wp-content\/uploads\/2020\/03\/il_794xN.1932153270_ej20.jpg\" \/>\n\t<meta property=\"og:image:width\" content=\"794\" \/>\n\t<meta property=\"og:image:height\" content=\"564\" \/>\n\t<meta property=\"og:image:type\" content=\"image\/jpeg\" \/>\n<meta name=\"twitter:card\" content=\"summary_large_image\" \/>\n<meta name=\"twitter:label1\" content=\"Szacowany czas czytania\" \/>\n\t<meta name=\"twitter:data1\" content=\"1 minuta\" \/>\n<script type=\"application\/ld+json\" class=\"yoast-schema-graph\">{\"@context\":\"https:\/\/schema.org\",\"@graph\":[{\"@type\":[\"WebPage\",\"ItemPage\"],\"@id\":\"https:\/\/3dvikingsstore.com\/pl\/shop\/fragmenty-zrujnowanej-sciany-ogromnego-modulowego-wraku-gotyckiego-statku-kosmicznego-w-skali-28mm\/\",\"url\":\"https:\/\/3dvikingsstore.com\/pl\/shop\/fragmenty-zrujnowanej-sciany-ogromnego-modulowego-wraku-gotyckiego-statku-kosmicznego-w-skali-28mm\/\",\"name\":\"Fragmenty Zrujnowanej \u015aciany Ogromnego, Modu\u0142owego Wraku Gotyckiego Statku Kosmicznego w Skali 28mm\",\"isPartOf\":{\"@id\":\"https:\/\/3dvikingsstore.com\/pl\/#website\"},\"primaryImageOfPage\":{\"@id\":\"https:\/\/3dvikingsstore.com\/pl\/shop\/fragmenty-zrujnowanej-sciany-ogromnego-modulowego-wraku-gotyckiego-statku-kosmicznego-w-skali-28mm\/#primaryimage\"},\"image\":{\"@id\":\"https:\/\/3dvikingsstore.com\/pl\/shop\/fragmenty-zrujnowanej-sciany-ogromnego-modulowego-wraku-gotyckiego-statku-kosmicznego-w-skali-28mm\/#primaryimage\"},\"thumbnailUrl\":\"https:\/\/3dvikingsstore.com\/wp-content\/uploads\/2020\/03\/il_794xN.1932153270_ej20.jpg\",\"datePublished\":\"2020-03-01T00:58:30+00:00\",\"dateModified\":\"2020-03-01T00:58:30+00:00\",\"breadcrumb\":{\"@id\":\"https:\/\/3dvikingsstore.com\/pl\/shop\/fragmenty-zrujnowanej-sciany-ogromnego-modulowego-wraku-gotyckiego-statku-kosmicznego-w-skali-28mm\/#breadcrumb\"},\"inLanguage\":\"pl-PL\",\"potentialAction\":[{\"@type\":\"ReadAction\",\"target\":[\"https:\/\/3dvikingsstore.com\/pl\/shop\/fragmenty-zrujnowanej-sciany-ogromnego-modulowego-wraku-gotyckiego-statku-kosmicznego-w-skali-28mm\/\"]}]},{\"@type\":\"ImageObject\",\"inLanguage\":\"pl-PL\",\"@id\":\"https:\/\/3dvikingsstore.com\/pl\/shop\/fragmenty-zrujnowanej-sciany-ogromnego-modulowego-wraku-gotyckiego-statku-kosmicznego-w-skali-28mm\/#primaryimage\",\"url\":\"https:\/\/3dvikingsstore.com\/wp-content\/uploads\/2020\/03\/il_794xN.1932153270_ej20.jpg\",\"contentUrl\":\"https:\/\/3dvikingsstore.com\/wp-content\/uploads\/2020\/03\/il_794xN.1932153270_ej20.jpg\",\"width\":794,\"height\":564},{\"@type\":\"BreadcrumbList\",\"@id\":\"https:\/\/3dvikingsstore.com\/pl\/shop\/fragmenty-zrujnowanej-sciany-ogromnego-modulowego-wraku-gotyckiego-statku-kosmicznego-w-skali-28mm\/#breadcrumb\",\"itemListElement\":[{\"@type\":\"ListItem\",\"position\":1,\"name\":\"Home\",\"item\":\"https:\/\/3dvikingsstore.com\/pl\/\"},{\"@type\":\"ListItem\",\"position\":2,\"name\":\"Shop\",\"item\":\"https:\/\/3dvikingsstore.com\/shop\/\"},{\"@type\":\"ListItem\",\"position\":3,\"name\":\"Fragmenty Zrujnowanej \u015aciany Ogromnego, Modu\u0142owego Wraku Gotyckiego Statku Kosmicznego w Skali 28mm\"}]},{\"@type\":\"WebSite\",\"@id\":\"https:\/\/3dvikingsstore.com\/pl\/#website\",\"url\":\"https:\/\/3dvikingsstore.com\/pl\/\",\"name\":\"3D Vikings Store\",\"description\":\"Dekoracje i Akcesoria do Gier Planszowych i Sto\u0142owych\",\"publisher\":{\"@id\":\"https:\/\/3dvikingsstore.com\/pl\/#organization\"},\"potentialAction\":[{\"@type\":\"SearchAction\",\"target\":{\"@type\":\"EntryPoint\",\"urlTemplate\":\"https:\/\/3dvikingsstore.com\/pl\/?s={search_term_string}\"},\"query-input\":\"required name=search_term_string\"}],\"inLanguage\":\"pl-PL\"},{\"@type\":\"Organization\",\"@id\":\"https:\/\/3dvikingsstore.com\/pl\/#organization\",\"name\":\"3D Vikings Store\",\"url\":\"https:\/\/3dvikingsstore.com\/pl\/\",\"logo\":{\"@type\":\"ImageObject\",\"inLanguage\":\"pl-PL\",\"@id\":\"https:\/\/3dvikingsstore.com\/pl\/#\/schema\/logo\/image\/\",\"url\":\"https:\/\/3dvikingsstore.com\/wp-content\/uploads\/2020\/03\/3dvikings-logo-karge-white.jpg\",\"contentUrl\":\"https:\/\/3dvikingsstore.com\/wp-content\/uploads\/2020\/03\/3dvikings-logo-karge-white.jpg\",\"width\":800,\"height\":800,\"caption\":\"3D Vikings Store\"},\"image\":{\"@id\":\"https:\/\/3dvikingsstore.com\/pl\/#\/schema\/logo\/image\/\"}}]}<\/script>\n<!-- \/ Yoast SEO Premium plugin. -->","yoast_head_json":{"title":"Fragmenty Zrujnowanej \u015aciany Ogromnego, Modu\u0142owego Wraku Gotyckiego Statku Kosmicznego w Skali 28mm","robots":{"index":"index","follow":"follow","max-snippet":"max-snippet:-1","max-image-preview":"max-image-preview:large","max-video-preview":"max-video-preview:-1"},"canonical":"https:\/\/3dvikingsstore.com\/pl\/shop\/fragmenty-zrujnowanej-sciany-ogromnego-modulowego-wraku-gotyckiego-statku-kosmicznego-w-skali-28mm\/","og_locale":"pl_PL","og_type":"article","og_title":"Fragmenty Zrujnowanej \u015aciany Ogromnego, Modu\u0142owego Wraku Gotyckiego Statku Kosmicznego w Skali 28mm","og_description":"Ten zestaw zawiera dwa fragmenty zrujnowanej \u015bciany z serii Wrak\u00f3w Gotyckich Statk\u00f3w Kosmicznych. Jeden z nich jest z wn\u0119k\u0105 na bro\u0144, a drugi z wn\u0119k\u0105 na symbol dekoracyjny (w zestawie znajduj\u0105 si\u0119 3 r\u00f3\u017cne symbole, a tak\u017ce 5 mniejszych symboli do wn\u0119ki na bro\u0144).","og_url":"https:\/\/3dvikingsstore.com\/pl\/shop\/fragmenty-zrujnowanej-sciany-ogromnego-modulowego-wraku-gotyckiego-statku-kosmicznego-w-skali-28mm\/","og_site_name":"3D Vikings Store","og_image":[{"width":794,"height":564,"url":"https:\/\/3dvikingsstore.com\/wp-content\/uploads\/2020\/03\/il_794xN.1932153270_ej20.jpg","type":"image\/jpeg"}],"twitter_card":"summary_large_image","twitter_misc":{"Szacowany czas czytania":"1 minuta"},"schema":{"@context":"https:\/\/schema.org","@graph":[{"@type":["WebPage","ItemPage"],"@id":"https:\/\/3dvikingsstore.com\/pl\/shop\/fragmenty-zrujnowanej-sciany-ogromnego-modulowego-wraku-gotyckiego-statku-kosmicznego-w-skali-28mm\/","url":"https:\/\/3dvikingsstore.com\/pl\/shop\/fragmenty-zrujnowanej-sciany-ogromnego-modulowego-wraku-gotyckiego-statku-kosmicznego-w-skali-28mm\/","name":"Fragmenty Zrujnowanej \u015aciany Ogromnego, Modu\u0142owego Wraku Gotyckiego Statku Kosmicznego w Skali 28mm","isPartOf":{"@id":"https:\/\/3dvikingsstore.com\/pl\/#website"},"primaryImageOfPage":{"@id":"https:\/\/3dvikingsstore.com\/pl\/shop\/fragmenty-zrujnowanej-sciany-ogromnego-modulowego-wraku-gotyckiego-statku-kosmicznego-w-skali-28mm\/#primaryimage"},"image":{"@id":"https:\/\/3dvikingsstore.com\/pl\/shop\/fragmenty-zrujnowanej-sciany-ogromnego-modulowego-wraku-gotyckiego-statku-kosmicznego-w-skali-28mm\/#primaryimage"},"thumbnailUrl":"https:\/\/3dvikingsstore.com\/wp-content\/uploads\/2020\/03\/il_794xN.1932153270_ej20.jpg","datePublished":"2020-03-01T00:58:30+00:00","dateModified":"2020-03-01T00:58:30+00:00","breadcrumb":{"@id":"https:\/\/3dvikingsstore.com\/pl\/shop\/fragmenty-zrujnowanej-sciany-ogromnego-modulowego-wraku-gotyckiego-statku-kosmicznego-w-skali-28mm\/#breadcrumb"},"inLanguage":"pl-PL","potentialAction":[{"@type":"ReadAction","target":["https:\/\/3dvikingsstore.com\/pl\/shop\/fragmenty-zrujnowanej-sciany-ogromnego-modulowego-wraku-gotyckiego-statku-kosmicznego-w-skali-28mm\/"]}]},{"@type":"ImageObject","inLanguage":"pl-PL","@id":"https:\/\/3dvikingsstore.com\/pl\/shop\/fragmenty-zrujnowanej-sciany-ogromnego-modulowego-wraku-gotyckiego-statku-kosmicznego-w-skali-28mm\/#primaryimage","url":"https:\/\/3dvikingsstore.com\/wp-content\/uploads\/2020\/03\/il_794xN.1932153270_ej20.jpg","contentUrl":"https:\/\/3dvikingsstore.com\/wp-content\/uploads\/2020\/03\/il_794xN.1932153270_ej20.jpg","width":794,"height":564},{"@type":"BreadcrumbList","@id":"https:\/\/3dvikingsstore.com\/pl\/shop\/fragmenty-zrujnowanej-sciany-ogromnego-modulowego-wraku-gotyckiego-statku-kosmicznego-w-skali-28mm\/#breadcrumb","itemListElement":[{"@type":"ListItem","position":1,"name":"Home","item":"https:\/\/3dvikingsstore.com\/pl\/"},{"@type":"ListItem","position":2,"name":"Shop","item":"https:\/\/3dvikingsstore.com\/shop\/"},{"@type":"ListItem","position":3,"name":"Fragmenty Zrujnowanej \u015aciany Ogromnego, Modu\u0142owego Wraku Gotyckiego Statku Kosmicznego w Skali 28mm"}]},{"@type":"WebSite","@id":"https:\/\/3dvikingsstore.com\/pl\/#website","url":"https:\/\/3dvikingsstore.com\/pl\/","name":"3D Vikings Store","description":"Dekoracje i Akcesoria do Gier Planszowych i Sto\u0142owych","publisher":{"@id":"https:\/\/3dvikingsstore.com\/pl\/#organization"},"potentialAction":[{"@type":"SearchAction","target":{"@type":"EntryPoint","urlTemplate":"https:\/\/3dvikingsstore.com\/pl\/?s={search_term_string}"},"query-input":"required name=search_term_string"}],"inLanguage":"pl-PL"},{"@type":"Organization","@id":"https:\/\/3dvikingsstore.com\/pl\/#organization","name":"3D Vikings Store","url":"https:\/\/3dvikingsstore.com\/pl\/","logo":{"@type":"ImageObject","inLanguage":"pl-PL","@id":"https:\/\/3dvikingsstore.com\/pl\/#\/schema\/logo\/image\/","url":"https:\/\/3dvikingsstore.com\/wp-content\/uploads\/2020\/03\/3dvikings-logo-karge-white.jpg","contentUrl":"https:\/\/3dvikingsstore.com\/wp-content\/uploads\/2020\/03\/3dvikings-logo-karge-white.jpg","width":800,"height":800,"caption":"3D Vikings Store"},"image":{"@id":"https:\/\/3dvikingsstore.com\/pl\/#\/schema\/logo\/image\/"}}]}},"_links":{"self":[{"href":"https:\/\/3dvikingsstore.com\/pl\/wp-json\/wp\/v2\/product\/18832"}],"collection":[{"href":"https:\/\/3dvikingsstore.com\/pl\/wp-json\/wp\/v2\/product"}],"about":[{"href":"https:\/\/3dvikingsstore.com\/pl\/wp-json\/wp\/v2\/types\/product"}],"replies":[{"embeddable":true,"href":"https:\/\/3dvikingsstore.com\/pl\/wp-json\/wp\/v2\/comments?post=18832"}],"version-history":[{"count":0,"href":"https:\/\/3dvikingsstore.com\/pl\/wp-json\/wp\/v2\/product\/18832\/revisions"}],"wp:featuredmedia":[{"embeddable":true,"href":"https:\/\/3dvikingsstore.com\/pl\/wp-json\/wp\/v2\/media\/18833"}],"wp:attachment":[{"href":"https:\/\/3dvikingsstore.com\/pl\/wp-json\/wp\/v2\/media?parent=18832"}],"wp:term":[{"taxonomy":"product_cat","embeddable":true,"href":"https:\/\/3dvikingsstore.com\/pl\/wp-json\/wp\/v2\/product_cat?post=18832"},{"taxonomy":"product_tag","embeddable":true,"href":"https:\/\/3dvikingsstore.com\/pl\/wp-json\/wp\/v2\/product_tag?post=18832"}],"curies":[{"name":"wp","href":"https:\/\/api.w.org\/{rel}","templated":true}]}}