{"id":18828,"date":"2020-03-01T02:58:31","date_gmt":"2020-03-01T00:58:31","guid":{"rendered":"https:\/\/3dvikingsstore.com\/shop\/namiot-wikingow-dla-terenu-fantasy-w-skali-28-mm\/"},"modified":"2020-03-01T02:58:31","modified_gmt":"2020-03-01T00:58:31","slug":"namiot-wikingow-dla-terenu-fantasy-w-skali-28-mm","status":"publish","type":"product","link":"https:\/\/3dvikingsstore.com\/pl\/shop\/namiot-wikingow-dla-terenu-fantasy-w-skali-28-mm\/","title":{"rendered":"Namiot wiking\u00f3w dla terenu fantasy w skali 28 mm"},"content":{"rendered":"<p><strong>Zanurz si\u0119 w czaruj\u0105cym u\u015bcisku namiotu wiking\u00f3w: Majestatyczny dodatek do kr\u00f3lestwa wyobra\u017ani<\/strong><\/p>\n<p>Wyrusz na ekscytuj\u0105c\u0105 przygod\u0119 po\u015br\u00f3d urzekaj\u0105cych krajobraz\u00f3w swojego wymarzonego terenu dzi\u0119ki niezwyk\u0142emu namiotowi wiking\u00f3w. To miniaturowe arcydzie\u0142o, zaprojektowane przez genialnego rzemie\u015blnika, oddaje istot\u0119 kultury wiking\u00f3w z nienagann\u0105 szczeg\u00f3\u0142owo\u015bci\u0105.<\/p>\n<p>Wykonany z najwy\u017cszej jako\u015bci materia\u0142\u00f3w, ten namiot szczyci si\u0119 autentyczn\u0105 skandynawsk\u0105 estetyk\u0105, gotow\u0105 u\u015bwietni\u0107 \u015bredniowieczne bitwy lub poprawi\u0107 spok\u00f3j wioski wiking\u00f3w. Mierz\u0105c oko\u0142o 10 cm wysoko\u015bci i 14 cm \u015brednicy, idealnie skaluje si\u0119 z miniaturami 28 mm, tworz\u0105c prawdziwie wci\u0105gaj\u0105ce wra\u017cenia z gry.<\/p>\n<p>Namiot Wiking\u00f3w to puste p\u0142\u00f3tno dla Twojej artystycznej ekspresji. Ujarzmij swojego wewn\u0119trznego artyst\u0119 i uwolnij swoj\u0105 kreatywno\u015b\u0107, aby pomalowa\u0107 go \u017cywymi kolorami i skomplikowanymi wzorami, kt\u00f3re pasuj\u0105 do Twojej wizji. Jego solidna konstrukcja zapewnia trwa\u0142o\u015b\u0107, umo\u017cliwiaj\u0105c tworzenie i odtwarzanie niezliczonych epickich bitew bez obaw.<\/p>\n<p>Niezale\u017cnie od tego, czy szukasz schronienia dla swoich wojownik\u00f3w wiking\u00f3w, tymczasowej przystani dla odkrywc\u00f3w, czy centralnego elementu \u015bredniowiecznych dioram, namiot wiking\u00f3w spe\u0142ni twoje pragnienia dzi\u0119ki niezr\u00f3wnanej wszechstronno\u015bci. Miniatury przedstawione obok namiotu s\u0105 \u015bwiadectwem jego wielko\u015bci, zapewniaj\u0105c wgl\u0105d w nieograniczone mo\u017cliwo\u015bci, jakie oferuje.<\/p>\n<p><strong>Poczuj urok wiking\u00f3w dzi\u0119ki namiotowi wiking\u00f3w. Jego czaruj\u0105ca obecno\u015b\u0107 zmieni twoje przygody na stole w niezapomniane opowie\u015bci o m\u0119stwie i intrygach.<\/strong><\/p>\n","protected":false},"excerpt":{"rendered":"<p>Wyrusz na ekscytuj\u0105c\u0105 przygod\u0119 po\u015br\u00f3d urzekaj\u0105cych krajobraz\u00f3w swojego wymarzonego terenu dzi\u0119ki niezwyk\u0142emu namiotowi wiking\u00f3w. To miniaturowe arcydzie\u0142o, zaprojektowane przez pomys\u0142owego rzemie\u015blnika, oddaje istot\u0119 kultury wiking\u00f3w z nienagann\u0105 szczeg\u00f3\u0142owo\u015bci\u0105.<\/p>\n","protected":false},"featured_media":18829,"comment_status":"open","ping_status":"closed","template":"","meta":[],"product_cat":[3138,3137],"product_tag":[3160,3315,3312,3298,3180,3316,3317,3181,3310,3313,3309,3314,3311],"yoast_head":"<!-- This site is optimized with the Yoast SEO Premium plugin v22.9 (Yoast SEO v22.9) - https:\/\/yoast.com\/wordpress\/plugins\/seo\/ -->\n<title>Namiot wiking\u00f3w dla terenu fantasy w skali 28 mm<\/title>\n<meta name=\"robots\" content=\"index, follow, max-snippet:-1, max-image-preview:large, max-video-preview:-1\" \/>\n<link rel=\"canonical\" href=\"https:\/\/3dvikingsstore.com\/pl\/shop\/namiot-wikingow-dla-terenu-fantasy-w-skali-28-mm\/\" \/>\n<meta property=\"og:locale\" content=\"pl_PL\" \/>\n<meta property=\"og:type\" content=\"article\" \/>\n<meta property=\"og:title\" content=\"Namiot wiking\u00f3w dla terenu fantasy w skali 28 mm\" \/>\n<meta property=\"og:description\" content=\"Wyrusz na ekscytuj\u0105c\u0105 przygod\u0119 po\u015br\u00f3d urzekaj\u0105cych krajobraz\u00f3w swojego wymarzonego terenu dzi\u0119ki niezwyk\u0142emu namiotowi wiking\u00f3w. To miniaturowe arcydzie\u0142o, zaprojektowane przez pomys\u0142owego rzemie\u015blnika, oddaje istot\u0119 kultury wiking\u00f3w z nienagann\u0105 szczeg\u00f3\u0142owo\u015bci\u0105.\" \/>\n<meta property=\"og:url\" content=\"https:\/\/3dvikingsstore.com\/pl\/shop\/namiot-wikingow-dla-terenu-fantasy-w-skali-28-mm\/\" \/>\n<meta property=\"og:site_name\" content=\"3D Vikings Store\" \/>\n<meta property=\"og:image\" content=\"https:\/\/3dvikingsstore.com\/wp-content\/uploads\/2020\/03\/il_794xN.1979810241_hrhp.jpg\" \/>\n\t<meta property=\"og:image:width\" content=\"794\" \/>\n\t<meta property=\"og:image:height\" content=\"596\" \/>\n\t<meta property=\"og:image:type\" content=\"image\/jpeg\" \/>\n<meta name=\"twitter:card\" content=\"summary_large_image\" \/>\n<meta name=\"twitter:label1\" content=\"Szacowany czas czytania\" \/>\n\t<meta name=\"twitter:data1\" content=\"1 minuta\" \/>\n<script type=\"application\/ld+json\" class=\"yoast-schema-graph\">{\"@context\":\"https:\/\/schema.org\",\"@graph\":[{\"@type\":[\"WebPage\",\"ItemPage\"],\"@id\":\"https:\/\/3dvikingsstore.com\/pl\/shop\/namiot-wikingow-dla-terenu-fantasy-w-skali-28-mm\/\",\"url\":\"https:\/\/3dvikingsstore.com\/pl\/shop\/namiot-wikingow-dla-terenu-fantasy-w-skali-28-mm\/\",\"name\":\"Namiot wiking\u00f3w dla terenu fantasy w skali 28 mm\",\"isPartOf\":{\"@id\":\"https:\/\/3dvikingsstore.com\/pl\/#website\"},\"primaryImageOfPage\":{\"@id\":\"https:\/\/3dvikingsstore.com\/pl\/shop\/namiot-wikingow-dla-terenu-fantasy-w-skali-28-mm\/#primaryimage\"},\"image\":{\"@id\":\"https:\/\/3dvikingsstore.com\/pl\/shop\/namiot-wikingow-dla-terenu-fantasy-w-skali-28-mm\/#primaryimage\"},\"thumbnailUrl\":\"https:\/\/3dvikingsstore.com\/wp-content\/uploads\/2020\/03\/il_794xN.1979810241_hrhp.jpg\",\"datePublished\":\"2020-03-01T00:58:31+00:00\",\"dateModified\":\"2020-03-01T00:58:31+00:00\",\"breadcrumb\":{\"@id\":\"https:\/\/3dvikingsstore.com\/pl\/shop\/namiot-wikingow-dla-terenu-fantasy-w-skali-28-mm\/#breadcrumb\"},\"inLanguage\":\"pl-PL\",\"potentialAction\":[{\"@type\":\"ReadAction\",\"target\":[\"https:\/\/3dvikingsstore.com\/pl\/shop\/namiot-wikingow-dla-terenu-fantasy-w-skali-28-mm\/\"]}]},{\"@type\":\"ImageObject\",\"inLanguage\":\"pl-PL\",\"@id\":\"https:\/\/3dvikingsstore.com\/pl\/shop\/namiot-wikingow-dla-terenu-fantasy-w-skali-28-mm\/#primaryimage\",\"url\":\"https:\/\/3dvikingsstore.com\/wp-content\/uploads\/2020\/03\/il_794xN.1979810241_hrhp.jpg\",\"contentUrl\":\"https:\/\/3dvikingsstore.com\/wp-content\/uploads\/2020\/03\/il_794xN.1979810241_hrhp.jpg\",\"width\":794,\"height\":596},{\"@type\":\"BreadcrumbList\",\"@id\":\"https:\/\/3dvikingsstore.com\/pl\/shop\/namiot-wikingow-dla-terenu-fantasy-w-skali-28-mm\/#breadcrumb\",\"itemListElement\":[{\"@type\":\"ListItem\",\"position\":1,\"name\":\"Home\",\"item\":\"https:\/\/3dvikingsstore.com\/pl\/\"},{\"@type\":\"ListItem\",\"position\":2,\"name\":\"Shop\",\"item\":\"https:\/\/3dvikingsstore.com\/shop\/\"},{\"@type\":\"ListItem\",\"position\":3,\"name\":\"Namiot wiking\u00f3w dla terenu fantasy w skali 28 mm\"}]},{\"@type\":\"WebSite\",\"@id\":\"https:\/\/3dvikingsstore.com\/pl\/#website\",\"url\":\"https:\/\/3dvikingsstore.com\/pl\/\",\"name\":\"3D Vikings Store\",\"description\":\"Dekoracje i Akcesoria do Gier Planszowych i Sto\u0142owych\",\"publisher\":{\"@id\":\"https:\/\/3dvikingsstore.com\/pl\/#organization\"},\"potentialAction\":[{\"@type\":\"SearchAction\",\"target\":{\"@type\":\"EntryPoint\",\"urlTemplate\":\"https:\/\/3dvikingsstore.com\/pl\/?s={search_term_string}\"},\"query-input\":\"required name=search_term_string\"}],\"inLanguage\":\"pl-PL\"},{\"@type\":\"Organization\",\"@id\":\"https:\/\/3dvikingsstore.com\/pl\/#organization\",\"name\":\"3D Vikings Store\",\"url\":\"https:\/\/3dvikingsstore.com\/pl\/\",\"logo\":{\"@type\":\"ImageObject\",\"inLanguage\":\"pl-PL\",\"@id\":\"https:\/\/3dvikingsstore.com\/pl\/#\/schema\/logo\/image\/\",\"url\":\"https:\/\/3dvikingsstore.com\/wp-content\/uploads\/2020\/03\/3dvikings-logo-karge-white.jpg\",\"contentUrl\":\"https:\/\/3dvikingsstore.com\/wp-content\/uploads\/2020\/03\/3dvikings-logo-karge-white.jpg\",\"width\":800,\"height\":800,\"caption\":\"3D Vikings Store\"},\"image\":{\"@id\":\"https:\/\/3dvikingsstore.com\/pl\/#\/schema\/logo\/image\/\"}}]}<\/script>\n<!-- \/ Yoast SEO Premium plugin. -->","yoast_head_json":{"title":"Namiot wiking\u00f3w dla terenu fantasy w skali 28 mm","robots":{"index":"index","follow":"follow","max-snippet":"max-snippet:-1","max-image-preview":"max-image-preview:large","max-video-preview":"max-video-preview:-1"},"canonical":"https:\/\/3dvikingsstore.com\/pl\/shop\/namiot-wikingow-dla-terenu-fantasy-w-skali-28-mm\/","og_locale":"pl_PL","og_type":"article","og_title":"Namiot wiking\u00f3w dla terenu fantasy w skali 28 mm","og_description":"Wyrusz na ekscytuj\u0105c\u0105 przygod\u0119 po\u015br\u00f3d urzekaj\u0105cych krajobraz\u00f3w swojego wymarzonego terenu dzi\u0119ki niezwyk\u0142emu namiotowi wiking\u00f3w. To miniaturowe arcydzie\u0142o, zaprojektowane przez pomys\u0142owego rzemie\u015blnika, oddaje istot\u0119 kultury wiking\u00f3w z nienagann\u0105 szczeg\u00f3\u0142owo\u015bci\u0105.","og_url":"https:\/\/3dvikingsstore.com\/pl\/shop\/namiot-wikingow-dla-terenu-fantasy-w-skali-28-mm\/","og_site_name":"3D Vikings Store","og_image":[{"width":794,"height":596,"url":"https:\/\/3dvikingsstore.com\/wp-content\/uploads\/2020\/03\/il_794xN.1979810241_hrhp.jpg","type":"image\/jpeg"}],"twitter_card":"summary_large_image","twitter_misc":{"Szacowany czas czytania":"1 minuta"},"schema":{"@context":"https:\/\/schema.org","@graph":[{"@type":["WebPage","ItemPage"],"@id":"https:\/\/3dvikingsstore.com\/pl\/shop\/namiot-wikingow-dla-terenu-fantasy-w-skali-28-mm\/","url":"https:\/\/3dvikingsstore.com\/pl\/shop\/namiot-wikingow-dla-terenu-fantasy-w-skali-28-mm\/","name":"Namiot wiking\u00f3w dla terenu fantasy w skali 28 mm","isPartOf":{"@id":"https:\/\/3dvikingsstore.com\/pl\/#website"},"primaryImageOfPage":{"@id":"https:\/\/3dvikingsstore.com\/pl\/shop\/namiot-wikingow-dla-terenu-fantasy-w-skali-28-mm\/#primaryimage"},"image":{"@id":"https:\/\/3dvikingsstore.com\/pl\/shop\/namiot-wikingow-dla-terenu-fantasy-w-skali-28-mm\/#primaryimage"},"thumbnailUrl":"https:\/\/3dvikingsstore.com\/wp-content\/uploads\/2020\/03\/il_794xN.1979810241_hrhp.jpg","datePublished":"2020-03-01T00:58:31+00:00","dateModified":"2020-03-01T00:58:31+00:00","breadcrumb":{"@id":"https:\/\/3dvikingsstore.com\/pl\/shop\/namiot-wikingow-dla-terenu-fantasy-w-skali-28-mm\/#breadcrumb"},"inLanguage":"pl-PL","potentialAction":[{"@type":"ReadAction","target":["https:\/\/3dvikingsstore.com\/pl\/shop\/namiot-wikingow-dla-terenu-fantasy-w-skali-28-mm\/"]}]},{"@type":"ImageObject","inLanguage":"pl-PL","@id":"https:\/\/3dvikingsstore.com\/pl\/shop\/namiot-wikingow-dla-terenu-fantasy-w-skali-28-mm\/#primaryimage","url":"https:\/\/3dvikingsstore.com\/wp-content\/uploads\/2020\/03\/il_794xN.1979810241_hrhp.jpg","contentUrl":"https:\/\/3dvikingsstore.com\/wp-content\/uploads\/2020\/03\/il_794xN.1979810241_hrhp.jpg","width":794,"height":596},{"@type":"BreadcrumbList","@id":"https:\/\/3dvikingsstore.com\/pl\/shop\/namiot-wikingow-dla-terenu-fantasy-w-skali-28-mm\/#breadcrumb","itemListElement":[{"@type":"ListItem","position":1,"name":"Home","item":"https:\/\/3dvikingsstore.com\/pl\/"},{"@type":"ListItem","position":2,"name":"Shop","item":"https:\/\/3dvikingsstore.com\/shop\/"},{"@type":"ListItem","position":3,"name":"Namiot wiking\u00f3w dla terenu fantasy w skali 28 mm"}]},{"@type":"WebSite","@id":"https:\/\/3dvikingsstore.com\/pl\/#website","url":"https:\/\/3dvikingsstore.com\/pl\/","name":"3D Vikings Store","description":"Dekoracje i Akcesoria do Gier Planszowych i Sto\u0142owych","publisher":{"@id":"https:\/\/3dvikingsstore.com\/pl\/#organization"},"potentialAction":[{"@type":"SearchAction","target":{"@type":"EntryPoint","urlTemplate":"https:\/\/3dvikingsstore.com\/pl\/?s={search_term_string}"},"query-input":"required name=search_term_string"}],"inLanguage":"pl-PL"},{"@type":"Organization","@id":"https:\/\/3dvikingsstore.com\/pl\/#organization","name":"3D Vikings Store","url":"https:\/\/3dvikingsstore.com\/pl\/","logo":{"@type":"ImageObject","inLanguage":"pl-PL","@id":"https:\/\/3dvikingsstore.com\/pl\/#\/schema\/logo\/image\/","url":"https:\/\/3dvikingsstore.com\/wp-content\/uploads\/2020\/03\/3dvikings-logo-karge-white.jpg","contentUrl":"https:\/\/3dvikingsstore.com\/wp-content\/uploads\/2020\/03\/3dvikings-logo-karge-white.jpg","width":800,"height":800,"caption":"3D Vikings Store"},"image":{"@id":"https:\/\/3dvikingsstore.com\/pl\/#\/schema\/logo\/image\/"}}]}},"_links":{"self":[{"href":"https:\/\/3dvikingsstore.com\/pl\/wp-json\/wp\/v2\/product\/18828"}],"collection":[{"href":"https:\/\/3dvikingsstore.com\/pl\/wp-json\/wp\/v2\/product"}],"about":[{"href":"https:\/\/3dvikingsstore.com\/pl\/wp-json\/wp\/v2\/types\/product"}],"replies":[{"embeddable":true,"href":"https:\/\/3dvikingsstore.com\/pl\/wp-json\/wp\/v2\/comments?post=18828"}],"version-history":[{"count":0,"href":"https:\/\/3dvikingsstore.com\/pl\/wp-json\/wp\/v2\/product\/18828\/revisions"}],"wp:featuredmedia":[{"embeddable":true,"href":"https:\/\/3dvikingsstore.com\/pl\/wp-json\/wp\/v2\/media\/18829"}],"wp:attachment":[{"href":"https:\/\/3dvikingsstore.com\/pl\/wp-json\/wp\/v2\/media?parent=18828"}],"wp:term":[{"taxonomy":"product_cat","embeddable":true,"href":"https:\/\/3dvikingsstore.com\/pl\/wp-json\/wp\/v2\/product_cat?post=18828"},{"taxonomy":"product_tag","embeddable":true,"href":"https:\/\/3dvikingsstore.com\/pl\/wp-json\/wp\/v2\/product_tag?post=18828"}],"curies":[{"name":"wp","href":"https:\/\/api.w.org\/{rel}","templated":true}]}}