{"id":18826,"date":"2020-03-01T02:58:31","date_gmt":"2020-03-01T00:58:31","guid":{"rendered":"https:\/\/3dvikingsstore.com\/shop\/pustynny-budynek-terenowy-w-skali-28mm\/"},"modified":"2020-03-01T02:58:31","modified_gmt":"2020-03-01T00:58:31","slug":"pustynny-budynek-terenowy-w-skali-28mm","status":"publish","type":"product","link":"https:\/\/3dvikingsstore.com\/pl\/shop\/pustynny-budynek-terenowy-w-skali-28mm\/","title":{"rendered":"Pustynny Budynek Terenowy w Skali 28mm"},"content":{"rendered":"<p>Szukasz sposobu na urozmaicenie swojej gry Star Wars Legion? Chcesz stworzy\u0107 realistyczny i wci\u0105gaj\u0105cy pustynny teren dla swoich figurek RPG? Je\u015bli tak, pokochasz ten pustynny budynek sci-fi z naszego sklepu.<\/p>\n<p>Ten teren w skali 28 mm jest kompatybilny z innymi miniaturami RPG, takimi jak D&amp;D, Pathfinder i Imperial Assault. Zosta\u0142 zaprojektowany tak, aby pasowa\u0142 do tematyki i stylu Star Wars Legion, gry sto\u0142owej, kt\u00f3ra pozwala odtworzy\u0107 epickie bitwy z sagi Gwiezdnych Wojen. Niezale\u017cnie od tego, czy walczysz dla Sojuszu Rebeliant\u00f3w, czy Imperium Galaktycznego, ten budynek doda nowy wymiar do twojej rozgrywki.<\/p>\n<p>Budynek ma 152 mm d\u0142ugo\u015bci, 127 mm szeroko\u015bci i 102 mm wysoko\u015bci (6&#8243; x 5&#8243; x 4&#8243;) i jest dostarczany w stanie surowym, gotowym do personalizacji. Mo\u017cna j\u0105 pomalowa\u0107, przeszlifowa\u0107 lub doda\u0107 inne detale. Budynek wykonany jest z wysokiej jako\u015bci tworzywa sztucznego PLA, kt\u00f3re jest trwa\u0142e i \u0142atwe w obr\u00f3bce. Ma szczeg\u00f3\u0142owy wygl\u0105d zewn\u0119trzny, zdejmowany dach i wn\u0119trze, kt\u00f3re mo\u017ce pomie\u015bci\u0107 figurki.<\/p>\n<p>Zam\u00f3w teraz i przygotuj si\u0119 na epickie bitwy w odleg\u0142ej galaktyce. Ten pustynny budynek sci-fi jest idealny do u\u017cytku z miniaturami RPG, takimi jak Star Wars, Dungeons &amp; Dragons, Pathfinder, Imperial Assault lub innymi grami sto\u0142owymi. Zwi\u0119kszy to Twoje wra\u017cenia z gry i sprawi, \u017ce Twoi znajomi b\u0119d\u0105 zazdro\u015bni.<\/p>\n","protected":false},"excerpt":{"rendered":"<p>Ten teren w skali 28 mm jest kompatybilny z innymi miniaturami RPG, takimi jak D&amp;D, Pathfinder i Imperial Assault. Zosta\u0142 zaprojektowany tak, aby pasowa\u0142 do tematyki i stylu Star Wars Legion, gry sto\u0142owej, kt\u00f3ra pozwala odtworzy\u0107 epickie bitwy z sagi Gwiezdnych Wojen.<\/p>\n","protected":false},"featured_media":18827,"comment_status":"open","ping_status":"closed","template":"","meta":[],"product_cat":[3138,3137,3152],"product_tag":[3160,3302,3304,3305,3180,3294,3306,3303,3205,3202,3181,3308,3307],"yoast_head":"<!-- This site is optimized with the Yoast SEO Premium plugin v22.9 (Yoast SEO v22.9) - https:\/\/yoast.com\/wordpress\/plugins\/seo\/ -->\n<title>Pustynny Budynek Terenowy w Skali 28mm<\/title>\n<meta name=\"description\" content=\"Ten pustynny budynek terenowy w skali 28 mm jest kompatybilny z innymi miniaturami RPG, takimi jak D&amp;D, Pathfinder i Imperial Assault.\" \/>\n<meta name=\"robots\" content=\"index, follow, max-snippet:-1, max-image-preview:large, max-video-preview:-1\" \/>\n<link rel=\"canonical\" href=\"https:\/\/3dvikingsstore.com\/pl\/shop\/pustynny-budynek-terenowy-w-skali-28mm\/\" \/>\n<meta property=\"og:locale\" content=\"pl_PL\" \/>\n<meta property=\"og:type\" content=\"article\" \/>\n<meta property=\"og:title\" content=\"Pustynny Budynek Terenowy w Skali 28mm\" \/>\n<meta property=\"og:description\" content=\"Ten pustynny budynek terenowy w skali 28 mm jest kompatybilny z innymi miniaturami RPG, takimi jak D&amp;D, Pathfinder i Imperial Assault.\" \/>\n<meta property=\"og:url\" content=\"https:\/\/3dvikingsstore.com\/pl\/shop\/pustynny-budynek-terenowy-w-skali-28mm\/\" \/>\n<meta property=\"og:site_name\" content=\"3D Vikings Store\" \/>\n<meta property=\"og:image\" content=\"https:\/\/3dvikingsstore.com\/wp-content\/uploads\/2020\/03\/il_794xN.1932416140_g5e0.jpg\" \/>\n\t<meta property=\"og:image:width\" content=\"794\" \/>\n\t<meta property=\"og:image:height\" content=\"607\" \/>\n\t<meta property=\"og:image:type\" content=\"image\/jpeg\" \/>\n<meta name=\"twitter:card\" content=\"summary_large_image\" \/>\n<meta name=\"twitter:label1\" content=\"Szacowany czas czytania\" \/>\n\t<meta name=\"twitter:data1\" content=\"1 minuta\" \/>\n<script type=\"application\/ld+json\" class=\"yoast-schema-graph\">{\"@context\":\"https:\/\/schema.org\",\"@graph\":[{\"@type\":[\"WebPage\",\"ItemPage\"],\"@id\":\"https:\/\/3dvikingsstore.com\/pl\/shop\/pustynny-budynek-terenowy-w-skali-28mm\/\",\"url\":\"https:\/\/3dvikingsstore.com\/pl\/shop\/pustynny-budynek-terenowy-w-skali-28mm\/\",\"name\":\"Pustynny Budynek Terenowy w Skali 28mm\",\"isPartOf\":{\"@id\":\"https:\/\/3dvikingsstore.com\/pl\/#website\"},\"primaryImageOfPage\":{\"@id\":\"https:\/\/3dvikingsstore.com\/pl\/shop\/pustynny-budynek-terenowy-w-skali-28mm\/#primaryimage\"},\"image\":{\"@id\":\"https:\/\/3dvikingsstore.com\/pl\/shop\/pustynny-budynek-terenowy-w-skali-28mm\/#primaryimage\"},\"thumbnailUrl\":\"https:\/\/3dvikingsstore.com\/wp-content\/uploads\/2020\/03\/il_794xN.1932416140_g5e0.jpg\",\"datePublished\":\"2020-03-01T00:58:31+00:00\",\"dateModified\":\"2020-03-01T00:58:31+00:00\",\"description\":\"Ten pustynny budynek terenowy w skali 28 mm jest kompatybilny z innymi miniaturami RPG, takimi jak D&D, Pathfinder i Imperial Assault.\",\"breadcrumb\":{\"@id\":\"https:\/\/3dvikingsstore.com\/pl\/shop\/pustynny-budynek-terenowy-w-skali-28mm\/#breadcrumb\"},\"inLanguage\":\"pl-PL\",\"potentialAction\":[{\"@type\":\"ReadAction\",\"target\":[\"https:\/\/3dvikingsstore.com\/pl\/shop\/pustynny-budynek-terenowy-w-skali-28mm\/\"]}]},{\"@type\":\"ImageObject\",\"inLanguage\":\"pl-PL\",\"@id\":\"https:\/\/3dvikingsstore.com\/pl\/shop\/pustynny-budynek-terenowy-w-skali-28mm\/#primaryimage\",\"url\":\"https:\/\/3dvikingsstore.com\/wp-content\/uploads\/2020\/03\/il_794xN.1932416140_g5e0.jpg\",\"contentUrl\":\"https:\/\/3dvikingsstore.com\/wp-content\/uploads\/2020\/03\/il_794xN.1932416140_g5e0.jpg\",\"width\":794,\"height\":607},{\"@type\":\"BreadcrumbList\",\"@id\":\"https:\/\/3dvikingsstore.com\/pl\/shop\/pustynny-budynek-terenowy-w-skali-28mm\/#breadcrumb\",\"itemListElement\":[{\"@type\":\"ListItem\",\"position\":1,\"name\":\"Home\",\"item\":\"https:\/\/3dvikingsstore.com\/pl\/\"},{\"@type\":\"ListItem\",\"position\":2,\"name\":\"Shop\",\"item\":\"https:\/\/3dvikingsstore.com\/shop\/\"},{\"@type\":\"ListItem\",\"position\":3,\"name\":\"Pustynny Budynek Terenowy w Skali 28mm\"}]},{\"@type\":\"WebSite\",\"@id\":\"https:\/\/3dvikingsstore.com\/pl\/#website\",\"url\":\"https:\/\/3dvikingsstore.com\/pl\/\",\"name\":\"3D Vikings Store\",\"description\":\"Dekoracje i Akcesoria do Gier Planszowych i Sto\u0142owych\",\"publisher\":{\"@id\":\"https:\/\/3dvikingsstore.com\/pl\/#organization\"},\"potentialAction\":[{\"@type\":\"SearchAction\",\"target\":{\"@type\":\"EntryPoint\",\"urlTemplate\":\"https:\/\/3dvikingsstore.com\/pl\/?s={search_term_string}\"},\"query-input\":\"required name=search_term_string\"}],\"inLanguage\":\"pl-PL\"},{\"@type\":\"Organization\",\"@id\":\"https:\/\/3dvikingsstore.com\/pl\/#organization\",\"name\":\"3D Vikings Store\",\"url\":\"https:\/\/3dvikingsstore.com\/pl\/\",\"logo\":{\"@type\":\"ImageObject\",\"inLanguage\":\"pl-PL\",\"@id\":\"https:\/\/3dvikingsstore.com\/pl\/#\/schema\/logo\/image\/\",\"url\":\"https:\/\/3dvikingsstore.com\/wp-content\/uploads\/2020\/03\/3dvikings-logo-karge-white.jpg\",\"contentUrl\":\"https:\/\/3dvikingsstore.com\/wp-content\/uploads\/2020\/03\/3dvikings-logo-karge-white.jpg\",\"width\":800,\"height\":800,\"caption\":\"3D Vikings Store\"},\"image\":{\"@id\":\"https:\/\/3dvikingsstore.com\/pl\/#\/schema\/logo\/image\/\"}}]}<\/script>\n<!-- \/ Yoast SEO Premium plugin. -->","yoast_head_json":{"title":"Pustynny Budynek Terenowy w Skali 28mm","description":"Ten pustynny budynek terenowy w skali 28 mm jest kompatybilny z innymi miniaturami RPG, takimi jak D&D, Pathfinder i Imperial Assault.","robots":{"index":"index","follow":"follow","max-snippet":"max-snippet:-1","max-image-preview":"max-image-preview:large","max-video-preview":"max-video-preview:-1"},"canonical":"https:\/\/3dvikingsstore.com\/pl\/shop\/pustynny-budynek-terenowy-w-skali-28mm\/","og_locale":"pl_PL","og_type":"article","og_title":"Pustynny Budynek Terenowy w Skali 28mm","og_description":"Ten pustynny budynek terenowy w skali 28 mm jest kompatybilny z innymi miniaturami RPG, takimi jak D&D, Pathfinder i Imperial Assault.","og_url":"https:\/\/3dvikingsstore.com\/pl\/shop\/pustynny-budynek-terenowy-w-skali-28mm\/","og_site_name":"3D Vikings Store","og_image":[{"width":794,"height":607,"url":"https:\/\/3dvikingsstore.com\/wp-content\/uploads\/2020\/03\/il_794xN.1932416140_g5e0.jpg","type":"image\/jpeg"}],"twitter_card":"summary_large_image","twitter_misc":{"Szacowany czas czytania":"1 minuta"},"schema":{"@context":"https:\/\/schema.org","@graph":[{"@type":["WebPage","ItemPage"],"@id":"https:\/\/3dvikingsstore.com\/pl\/shop\/pustynny-budynek-terenowy-w-skali-28mm\/","url":"https:\/\/3dvikingsstore.com\/pl\/shop\/pustynny-budynek-terenowy-w-skali-28mm\/","name":"Pustynny Budynek Terenowy w Skali 28mm","isPartOf":{"@id":"https:\/\/3dvikingsstore.com\/pl\/#website"},"primaryImageOfPage":{"@id":"https:\/\/3dvikingsstore.com\/pl\/shop\/pustynny-budynek-terenowy-w-skali-28mm\/#primaryimage"},"image":{"@id":"https:\/\/3dvikingsstore.com\/pl\/shop\/pustynny-budynek-terenowy-w-skali-28mm\/#primaryimage"},"thumbnailUrl":"https:\/\/3dvikingsstore.com\/wp-content\/uploads\/2020\/03\/il_794xN.1932416140_g5e0.jpg","datePublished":"2020-03-01T00:58:31+00:00","dateModified":"2020-03-01T00:58:31+00:00","description":"Ten pustynny budynek terenowy w skali 28 mm jest kompatybilny z innymi miniaturami RPG, takimi jak D&D, Pathfinder i Imperial Assault.","breadcrumb":{"@id":"https:\/\/3dvikingsstore.com\/pl\/shop\/pustynny-budynek-terenowy-w-skali-28mm\/#breadcrumb"},"inLanguage":"pl-PL","potentialAction":[{"@type":"ReadAction","target":["https:\/\/3dvikingsstore.com\/pl\/shop\/pustynny-budynek-terenowy-w-skali-28mm\/"]}]},{"@type":"ImageObject","inLanguage":"pl-PL","@id":"https:\/\/3dvikingsstore.com\/pl\/shop\/pustynny-budynek-terenowy-w-skali-28mm\/#primaryimage","url":"https:\/\/3dvikingsstore.com\/wp-content\/uploads\/2020\/03\/il_794xN.1932416140_g5e0.jpg","contentUrl":"https:\/\/3dvikingsstore.com\/wp-content\/uploads\/2020\/03\/il_794xN.1932416140_g5e0.jpg","width":794,"height":607},{"@type":"BreadcrumbList","@id":"https:\/\/3dvikingsstore.com\/pl\/shop\/pustynny-budynek-terenowy-w-skali-28mm\/#breadcrumb","itemListElement":[{"@type":"ListItem","position":1,"name":"Home","item":"https:\/\/3dvikingsstore.com\/pl\/"},{"@type":"ListItem","position":2,"name":"Shop","item":"https:\/\/3dvikingsstore.com\/shop\/"},{"@type":"ListItem","position":3,"name":"Pustynny Budynek Terenowy w Skali 28mm"}]},{"@type":"WebSite","@id":"https:\/\/3dvikingsstore.com\/pl\/#website","url":"https:\/\/3dvikingsstore.com\/pl\/","name":"3D Vikings Store","description":"Dekoracje i Akcesoria do Gier Planszowych i Sto\u0142owych","publisher":{"@id":"https:\/\/3dvikingsstore.com\/pl\/#organization"},"potentialAction":[{"@type":"SearchAction","target":{"@type":"EntryPoint","urlTemplate":"https:\/\/3dvikingsstore.com\/pl\/?s={search_term_string}"},"query-input":"required name=search_term_string"}],"inLanguage":"pl-PL"},{"@type":"Organization","@id":"https:\/\/3dvikingsstore.com\/pl\/#organization","name":"3D Vikings Store","url":"https:\/\/3dvikingsstore.com\/pl\/","logo":{"@type":"ImageObject","inLanguage":"pl-PL","@id":"https:\/\/3dvikingsstore.com\/pl\/#\/schema\/logo\/image\/","url":"https:\/\/3dvikingsstore.com\/wp-content\/uploads\/2020\/03\/3dvikings-logo-karge-white.jpg","contentUrl":"https:\/\/3dvikingsstore.com\/wp-content\/uploads\/2020\/03\/3dvikings-logo-karge-white.jpg","width":800,"height":800,"caption":"3D Vikings Store"},"image":{"@id":"https:\/\/3dvikingsstore.com\/pl\/#\/schema\/logo\/image\/"}}]}},"_links":{"self":[{"href":"https:\/\/3dvikingsstore.com\/pl\/wp-json\/wp\/v2\/product\/18826"}],"collection":[{"href":"https:\/\/3dvikingsstore.com\/pl\/wp-json\/wp\/v2\/product"}],"about":[{"href":"https:\/\/3dvikingsstore.com\/pl\/wp-json\/wp\/v2\/types\/product"}],"replies":[{"embeddable":true,"href":"https:\/\/3dvikingsstore.com\/pl\/wp-json\/wp\/v2\/comments?post=18826"}],"version-history":[{"count":0,"href":"https:\/\/3dvikingsstore.com\/pl\/wp-json\/wp\/v2\/product\/18826\/revisions"}],"wp:featuredmedia":[{"embeddable":true,"href":"https:\/\/3dvikingsstore.com\/pl\/wp-json\/wp\/v2\/media\/18827"}],"wp:attachment":[{"href":"https:\/\/3dvikingsstore.com\/pl\/wp-json\/wp\/v2\/media?parent=18826"}],"wp:term":[{"taxonomy":"product_cat","embeddable":true,"href":"https:\/\/3dvikingsstore.com\/pl\/wp-json\/wp\/v2\/product_cat?post=18826"},{"taxonomy":"product_tag","embeddable":true,"href":"https:\/\/3dvikingsstore.com\/pl\/wp-json\/wp\/v2\/product_tag?post=18826"}],"curies":[{"name":"wp","href":"https:\/\/api.w.org\/{rel}","templated":true}]}}