{"id":18823,"date":"2020-03-01T02:58:32","date_gmt":"2020-03-01T00:58:32","guid":{"rendered":"https:\/\/3dvikingsstore.com\/shop\/kolekcja-domkow-na-drzewie-elfow-28mm-do-dnd\/"},"modified":"2024-02-29T13:28:53","modified_gmt":"2024-02-29T11:28:53","slug":"kolekcja-domkow-na-drzewie-elfow-28mm-do-dnd","status":"publish","type":"product","link":"https:\/\/3dvikingsstore.com\/pl\/shop\/kolekcja-domkow-na-drzewie-elfow-28mm-do-dnd\/","title":{"rendered":"Kolekcja Domk\u00f3w na Drzewie Elf\u00f3w 28mm do DnD"},"content":{"rendered":"<p>Jest to jeden z modu\u0142owych domk\u00f3w elf\u00f3w nadaj\u0105cych si\u0119 do gier wojennych 28 mm. Zosta\u0142 on zaprojektowany w spos\u00f3b, kt\u00f3ry pozwala dodawa\u0107 kolejne mosty mi\u0119dzy domkami na drzewie i tworzy\u0107 ca\u0142e po\u0142\u0105czone ze sob\u0105 miasto.<\/p>\n<p><strong>Zestaw zawiera:<\/strong><\/p>\n<ul>\n<li>1 x domki na drzewie<\/li>\n<li>1x most<\/li>\n<\/ul>\n<p><strong>Wymiary:<\/strong> 9 1\/2&#8243; Wys. 243 mm wysoko\u015bci<\/p>\n<p><strong>W zestawie bez farby.<\/strong><\/p>\n<p>Drukowany jest z PLA, kt\u00f3ry jest jednym z najbardziej przyjaznych dla \u015brodowiska filament\u00f3w dost\u0119pnych obecnie na rynku. Pochodz\u0105cy z upraw takich jak kukurydza i trzcina cukrowa, PLA jest odnawialny, a co najwa\u017cniejsze biodegradowalny i nietoksyczny. Wydrukowane na nim przedmioty s\u0105 trwa\u0142e i wytrzyma\u0142e.<\/p>\n","protected":false},"excerpt":{"rendered":"<p>Jest to jeden z modu\u0142owych domk\u00f3w elf\u00f3w nadaj\u0105cych si\u0119 do gier wojennych 28 mm. Zosta\u0142 on zaprojektowany w spos\u00f3b, kt\u00f3ry pozwala dodawa\u0107 kolejne mosty mi\u0119dzy domkami na drzewie i tworzy\u0107 ca\u0142e po\u0142\u0105czone ze sob\u0105 miasto.<\/p>\n<div id=\"sel-ext-win\" class=\"sel-text-win\" style=\"display: none;\"><\/div>\n","protected":false},"featured_media":18824,"comment_status":"open","ping_status":"closed","template":"","meta":[],"product_cat":[3137],"product_tag":[3160,3218,3298,3300,3301,3299,3180,3248,3179,3282,3181,3255,3177],"yoast_head":"<!-- This site is optimized with the Yoast SEO Premium plugin v22.9 (Yoast SEO v22.9) - https:\/\/yoast.com\/wordpress\/plugins\/seo\/ -->\n<title>Kolekcja Domk\u00f3w na Drzewie Elf\u00f3w 28mm do DnD<\/title>\n<meta name=\"description\" content=\"Modu\u0142owe domki elf\u00f3w nadaj\u0105ce si\u0119 do gier wojennych 28 mm. Zosta\u0142 on zaprojektowany w spos\u00f3b, kt\u00f3ry pozwala dodawa\u0107 kolejne mosty mi\u0119dzy domkami na drzewie i tworzy\u0107 ca\u0142e po\u0142\u0105czone ze sob\u0105 miasto.\" \/>\n<meta name=\"robots\" content=\"index, follow, max-snippet:-1, max-image-preview:large, max-video-preview:-1\" \/>\n<link rel=\"canonical\" href=\"https:\/\/3dvikingsstore.com\/pl\/shop\/kolekcja-domkow-na-drzewie-elfow-28mm-do-dnd\/\" \/>\n<meta property=\"og:locale\" content=\"pl_PL\" \/>\n<meta property=\"og:type\" content=\"article\" \/>\n<meta property=\"og:title\" content=\"Kolekcja Domk\u00f3w na Drzewie Elf\u00f3w 28mm do DnD\" \/>\n<meta property=\"og:description\" content=\"Modu\u0142owe domki elf\u00f3w nadaj\u0105ce si\u0119 do gier wojennych 28 mm. Zosta\u0142 on zaprojektowany w spos\u00f3b, kt\u00f3ry pozwala dodawa\u0107 kolejne mosty mi\u0119dzy domkami na drzewie i tworzy\u0107 ca\u0142e po\u0142\u0105czone ze sob\u0105 miasto.\" \/>\n<meta property=\"og:url\" content=\"https:\/\/3dvikingsstore.com\/pl\/shop\/kolekcja-domkow-na-drzewie-elfow-28mm-do-dnd\/\" \/>\n<meta property=\"og:site_name\" content=\"3D Vikings Store\" \/>\n<meta property=\"article:modified_time\" content=\"2024-02-29T11:28:53+00:00\" \/>\n<meta property=\"og:image\" content=\"https:\/\/3dvikingsstore.com\/wp-content\/uploads\/2020\/03\/il_794xN.1932210094_a14j.jpg\" \/>\n\t<meta property=\"og:image:width\" content=\"794\" \/>\n\t<meta property=\"og:image:height\" content=\"586\" \/>\n\t<meta property=\"og:image:type\" content=\"image\/jpeg\" \/>\n<meta name=\"twitter:card\" content=\"summary_large_image\" \/>\n<meta name=\"twitter:label1\" content=\"Szacowany czas czytania\" \/>\n\t<meta name=\"twitter:data1\" content=\"1 minuta\" \/>\n<script type=\"application\/ld+json\" class=\"yoast-schema-graph\">{\"@context\":\"https:\/\/schema.org\",\"@graph\":[{\"@type\":[\"WebPage\",\"ItemPage\"],\"@id\":\"https:\/\/3dvikingsstore.com\/pl\/shop\/kolekcja-domkow-na-drzewie-elfow-28mm-do-dnd\/\",\"url\":\"https:\/\/3dvikingsstore.com\/pl\/shop\/kolekcja-domkow-na-drzewie-elfow-28mm-do-dnd\/\",\"name\":\"Kolekcja Domk\u00f3w na Drzewie Elf\u00f3w 28mm do DnD\",\"isPartOf\":{\"@id\":\"https:\/\/3dvikingsstore.com\/pl\/#website\"},\"primaryImageOfPage\":{\"@id\":\"https:\/\/3dvikingsstore.com\/pl\/shop\/kolekcja-domkow-na-drzewie-elfow-28mm-do-dnd\/#primaryimage\"},\"image\":{\"@id\":\"https:\/\/3dvikingsstore.com\/pl\/shop\/kolekcja-domkow-na-drzewie-elfow-28mm-do-dnd\/#primaryimage\"},\"thumbnailUrl\":\"https:\/\/3dvikingsstore.com\/wp-content\/uploads\/2020\/03\/il_794xN.1932210094_a14j.jpg\",\"datePublished\":\"2020-03-01T00:58:32+00:00\",\"dateModified\":\"2024-02-29T11:28:53+00:00\",\"description\":\"Modu\u0142owe domki elf\u00f3w nadaj\u0105ce si\u0119 do gier wojennych 28 mm. Zosta\u0142 on zaprojektowany w spos\u00f3b, kt\u00f3ry pozwala dodawa\u0107 kolejne mosty mi\u0119dzy domkami na drzewie i tworzy\u0107 ca\u0142e po\u0142\u0105czone ze sob\u0105 miasto.\",\"breadcrumb\":{\"@id\":\"https:\/\/3dvikingsstore.com\/pl\/shop\/kolekcja-domkow-na-drzewie-elfow-28mm-do-dnd\/#breadcrumb\"},\"inLanguage\":\"pl-PL\",\"potentialAction\":[{\"@type\":\"ReadAction\",\"target\":[\"https:\/\/3dvikingsstore.com\/pl\/shop\/kolekcja-domkow-na-drzewie-elfow-28mm-do-dnd\/\"]}]},{\"@type\":\"ImageObject\",\"inLanguage\":\"pl-PL\",\"@id\":\"https:\/\/3dvikingsstore.com\/pl\/shop\/kolekcja-domkow-na-drzewie-elfow-28mm-do-dnd\/#primaryimage\",\"url\":\"https:\/\/3dvikingsstore.com\/wp-content\/uploads\/2020\/03\/il_794xN.1932210094_a14j.jpg\",\"contentUrl\":\"https:\/\/3dvikingsstore.com\/wp-content\/uploads\/2020\/03\/il_794xN.1932210094_a14j.jpg\",\"width\":794,\"height\":586},{\"@type\":\"BreadcrumbList\",\"@id\":\"https:\/\/3dvikingsstore.com\/pl\/shop\/kolekcja-domkow-na-drzewie-elfow-28mm-do-dnd\/#breadcrumb\",\"itemListElement\":[{\"@type\":\"ListItem\",\"position\":1,\"name\":\"Home\",\"item\":\"https:\/\/3dvikingsstore.com\/pl\/\"},{\"@type\":\"ListItem\",\"position\":2,\"name\":\"Shop\",\"item\":\"https:\/\/3dvikingsstore.com\/shop\/\"},{\"@type\":\"ListItem\",\"position\":3,\"name\":\"Kolekcja Domk\u00f3w na Drzewie Elf\u00f3w 28mm do DnD\"}]},{\"@type\":\"WebSite\",\"@id\":\"https:\/\/3dvikingsstore.com\/pl\/#website\",\"url\":\"https:\/\/3dvikingsstore.com\/pl\/\",\"name\":\"3D Vikings Store\",\"description\":\"Dekoracje i Akcesoria do Gier Planszowych i Sto\u0142owych\",\"publisher\":{\"@id\":\"https:\/\/3dvikingsstore.com\/pl\/#organization\"},\"potentialAction\":[{\"@type\":\"SearchAction\",\"target\":{\"@type\":\"EntryPoint\",\"urlTemplate\":\"https:\/\/3dvikingsstore.com\/pl\/?s={search_term_string}\"},\"query-input\":\"required name=search_term_string\"}],\"inLanguage\":\"pl-PL\"},{\"@type\":\"Organization\",\"@id\":\"https:\/\/3dvikingsstore.com\/pl\/#organization\",\"name\":\"3D Vikings Store\",\"url\":\"https:\/\/3dvikingsstore.com\/pl\/\",\"logo\":{\"@type\":\"ImageObject\",\"inLanguage\":\"pl-PL\",\"@id\":\"https:\/\/3dvikingsstore.com\/pl\/#\/schema\/logo\/image\/\",\"url\":\"https:\/\/3dvikingsstore.com\/wp-content\/uploads\/2020\/03\/3dvikings-logo-karge-white.jpg\",\"contentUrl\":\"https:\/\/3dvikingsstore.com\/wp-content\/uploads\/2020\/03\/3dvikings-logo-karge-white.jpg\",\"width\":800,\"height\":800,\"caption\":\"3D Vikings Store\"},\"image\":{\"@id\":\"https:\/\/3dvikingsstore.com\/pl\/#\/schema\/logo\/image\/\"}}]}<\/script>\n<!-- \/ Yoast SEO Premium plugin. -->","yoast_head_json":{"title":"Kolekcja Domk\u00f3w na Drzewie Elf\u00f3w 28mm do DnD","description":"Modu\u0142owe domki elf\u00f3w nadaj\u0105ce si\u0119 do gier wojennych 28 mm. Zosta\u0142 on zaprojektowany w spos\u00f3b, kt\u00f3ry pozwala dodawa\u0107 kolejne mosty mi\u0119dzy domkami na drzewie i tworzy\u0107 ca\u0142e po\u0142\u0105czone ze sob\u0105 miasto.","robots":{"index":"index","follow":"follow","max-snippet":"max-snippet:-1","max-image-preview":"max-image-preview:large","max-video-preview":"max-video-preview:-1"},"canonical":"https:\/\/3dvikingsstore.com\/pl\/shop\/kolekcja-domkow-na-drzewie-elfow-28mm-do-dnd\/","og_locale":"pl_PL","og_type":"article","og_title":"Kolekcja Domk\u00f3w na Drzewie Elf\u00f3w 28mm do DnD","og_description":"Modu\u0142owe domki elf\u00f3w nadaj\u0105ce si\u0119 do gier wojennych 28 mm. Zosta\u0142 on zaprojektowany w spos\u00f3b, kt\u00f3ry pozwala dodawa\u0107 kolejne mosty mi\u0119dzy domkami na drzewie i tworzy\u0107 ca\u0142e po\u0142\u0105czone ze sob\u0105 miasto.","og_url":"https:\/\/3dvikingsstore.com\/pl\/shop\/kolekcja-domkow-na-drzewie-elfow-28mm-do-dnd\/","og_site_name":"3D Vikings Store","article_modified_time":"2024-02-29T11:28:53+00:00","og_image":[{"width":794,"height":586,"url":"https:\/\/3dvikingsstore.com\/wp-content\/uploads\/2020\/03\/il_794xN.1932210094_a14j.jpg","type":"image\/jpeg"}],"twitter_card":"summary_large_image","twitter_misc":{"Szacowany czas czytania":"1 minuta"},"schema":{"@context":"https:\/\/schema.org","@graph":[{"@type":["WebPage","ItemPage"],"@id":"https:\/\/3dvikingsstore.com\/pl\/shop\/kolekcja-domkow-na-drzewie-elfow-28mm-do-dnd\/","url":"https:\/\/3dvikingsstore.com\/pl\/shop\/kolekcja-domkow-na-drzewie-elfow-28mm-do-dnd\/","name":"Kolekcja Domk\u00f3w na Drzewie Elf\u00f3w 28mm do DnD","isPartOf":{"@id":"https:\/\/3dvikingsstore.com\/pl\/#website"},"primaryImageOfPage":{"@id":"https:\/\/3dvikingsstore.com\/pl\/shop\/kolekcja-domkow-na-drzewie-elfow-28mm-do-dnd\/#primaryimage"},"image":{"@id":"https:\/\/3dvikingsstore.com\/pl\/shop\/kolekcja-domkow-na-drzewie-elfow-28mm-do-dnd\/#primaryimage"},"thumbnailUrl":"https:\/\/3dvikingsstore.com\/wp-content\/uploads\/2020\/03\/il_794xN.1932210094_a14j.jpg","datePublished":"2020-03-01T00:58:32+00:00","dateModified":"2024-02-29T11:28:53+00:00","description":"Modu\u0142owe domki elf\u00f3w nadaj\u0105ce si\u0119 do gier wojennych 28 mm. Zosta\u0142 on zaprojektowany w spos\u00f3b, kt\u00f3ry pozwala dodawa\u0107 kolejne mosty mi\u0119dzy domkami na drzewie i tworzy\u0107 ca\u0142e po\u0142\u0105czone ze sob\u0105 miasto.","breadcrumb":{"@id":"https:\/\/3dvikingsstore.com\/pl\/shop\/kolekcja-domkow-na-drzewie-elfow-28mm-do-dnd\/#breadcrumb"},"inLanguage":"pl-PL","potentialAction":[{"@type":"ReadAction","target":["https:\/\/3dvikingsstore.com\/pl\/shop\/kolekcja-domkow-na-drzewie-elfow-28mm-do-dnd\/"]}]},{"@type":"ImageObject","inLanguage":"pl-PL","@id":"https:\/\/3dvikingsstore.com\/pl\/shop\/kolekcja-domkow-na-drzewie-elfow-28mm-do-dnd\/#primaryimage","url":"https:\/\/3dvikingsstore.com\/wp-content\/uploads\/2020\/03\/il_794xN.1932210094_a14j.jpg","contentUrl":"https:\/\/3dvikingsstore.com\/wp-content\/uploads\/2020\/03\/il_794xN.1932210094_a14j.jpg","width":794,"height":586},{"@type":"BreadcrumbList","@id":"https:\/\/3dvikingsstore.com\/pl\/shop\/kolekcja-domkow-na-drzewie-elfow-28mm-do-dnd\/#breadcrumb","itemListElement":[{"@type":"ListItem","position":1,"name":"Home","item":"https:\/\/3dvikingsstore.com\/pl\/"},{"@type":"ListItem","position":2,"name":"Shop","item":"https:\/\/3dvikingsstore.com\/shop\/"},{"@type":"ListItem","position":3,"name":"Kolekcja Domk\u00f3w na Drzewie Elf\u00f3w 28mm do DnD"}]},{"@type":"WebSite","@id":"https:\/\/3dvikingsstore.com\/pl\/#website","url":"https:\/\/3dvikingsstore.com\/pl\/","name":"3D Vikings Store","description":"Dekoracje i Akcesoria do Gier Planszowych i Sto\u0142owych","publisher":{"@id":"https:\/\/3dvikingsstore.com\/pl\/#organization"},"potentialAction":[{"@type":"SearchAction","target":{"@type":"EntryPoint","urlTemplate":"https:\/\/3dvikingsstore.com\/pl\/?s={search_term_string}"},"query-input":"required name=search_term_string"}],"inLanguage":"pl-PL"},{"@type":"Organization","@id":"https:\/\/3dvikingsstore.com\/pl\/#organization","name":"3D Vikings Store","url":"https:\/\/3dvikingsstore.com\/pl\/","logo":{"@type":"ImageObject","inLanguage":"pl-PL","@id":"https:\/\/3dvikingsstore.com\/pl\/#\/schema\/logo\/image\/","url":"https:\/\/3dvikingsstore.com\/wp-content\/uploads\/2020\/03\/3dvikings-logo-karge-white.jpg","contentUrl":"https:\/\/3dvikingsstore.com\/wp-content\/uploads\/2020\/03\/3dvikings-logo-karge-white.jpg","width":800,"height":800,"caption":"3D Vikings Store"},"image":{"@id":"https:\/\/3dvikingsstore.com\/pl\/#\/schema\/logo\/image\/"}}]}},"_links":{"self":[{"href":"https:\/\/3dvikingsstore.com\/pl\/wp-json\/wp\/v2\/product\/18823"}],"collection":[{"href":"https:\/\/3dvikingsstore.com\/pl\/wp-json\/wp\/v2\/product"}],"about":[{"href":"https:\/\/3dvikingsstore.com\/pl\/wp-json\/wp\/v2\/types\/product"}],"replies":[{"embeddable":true,"href":"https:\/\/3dvikingsstore.com\/pl\/wp-json\/wp\/v2\/comments?post=18823"}],"version-history":[{"count":1,"href":"https:\/\/3dvikingsstore.com\/pl\/wp-json\/wp\/v2\/product\/18823\/revisions"}],"predecessor-version":[{"id":18840,"href":"https:\/\/3dvikingsstore.com\/pl\/wp-json\/wp\/v2\/product\/18823\/revisions\/18840"}],"wp:featuredmedia":[{"embeddable":true,"href":"https:\/\/3dvikingsstore.com\/pl\/wp-json\/wp\/v2\/media\/18824"}],"wp:attachment":[{"href":"https:\/\/3dvikingsstore.com\/pl\/wp-json\/wp\/v2\/media?parent=18823"}],"wp:term":[{"taxonomy":"product_cat","embeddable":true,"href":"https:\/\/3dvikingsstore.com\/pl\/wp-json\/wp\/v2\/product_cat?post=18823"},{"taxonomy":"product_tag","embeddable":true,"href":"https:\/\/3dvikingsstore.com\/pl\/wp-json\/wp\/v2\/product_tag?post=18823"}],"curies":[{"name":"wp","href":"https:\/\/api.w.org\/{rel}","templated":true}]}}