{"id":18820,"date":"2020-03-01T02:58:32","date_gmt":"2020-03-01T00:58:32","guid":{"rendered":"https:\/\/3dvikingsstore.com\/shop\/hub-alpha-dragons-rest-rozproszone-elementy-terenu-sci-fi-28mm-32mm-skala\/"},"modified":"2020-03-01T02:58:32","modified_gmt":"2020-03-01T00:58:32","slug":"hub-alpha-dragons-rest-rozproszone-elementy-terenu-sci-fi-28mm-32mm-skala","status":"publish","type":"product","link":"https:\/\/3dvikingsstore.com\/pl\/shop\/hub-alpha-dragons-rest-rozproszone-elementy-terenu-sci-fi-28mm-32mm-skala\/","title":{"rendered":"Hub Alpha Dragons Rest Rozproszone Elementy Terenu Sci-Fi 28mm &#8211; 32mm Skala"},"content":{"rendered":"<p>Spadaj\u0105 z nieba, \u015bwiec\u0105c eterycznym \u015bwiat\u0142em. Ich zej\u015bcie zosta\u0142o spowolnione przez pok\u0142adowy system manewrowania orbitalnego. Po wyl\u0105dowaniu Hub Alphas, pocz\u0105tkowa plac\u00f3wka zostaje za\u0142o\u017cona, a koloni\u015bci zaczynaj\u0105 przekszta\u0142ca\u0107 nowo odkryt\u0105 planet\u0119 w dom. Nasi nieustraszeni odkrywcy z niecierpliwo\u015bci\u0105 przygotowuj\u0105 si\u0119 na odkrycia i potencjalne niebezpiecze\u0144stwa, kt\u00f3re na nich czekaj\u0105&#8230;<\/p>\n<p>Cz\u0119\u015b\u0107 modu\u0142owej serii Outpost: Hub Alpha to wielocz\u0119\u015bciowy wydruk, kt\u00f3ry pozwala na stworzenie bazy operacyjnej. Drzwi mo\u017cna \u0142atwo wsuwa\u0107 i wysuwa\u0107 lub blokowa\u0107 przegrodami, aby umo\u017cliwi\u0107 r\u00f3\u017cne konfiguracje wej\u015b\u0107. Drzwi mo\u017cna r\u00f3wnie\u017c zast\u0105pi\u0107 ramp\u0105.<\/p>\n<p>Wiele urz\u0105dze\u0144 Hub Alphas mo\u017cna uk\u0142ada\u0107 w stosy, korzystaj\u0105c z wbudowanych prowadnic lokalizacji. Wewn\u0105trz znajduje si\u0119 zdejmowana kratka pod\u0142ogowa, kt\u00f3ra umo\u017cliwia kolonistom dost\u0119p do innych poziom\u00f3w za pomoc\u0105 wewn\u0119trznej drabiny. Zdejmowany dach mie\u015bci podstawowy sprz\u0119t podtrzymuj\u0105cy \u017cycie potrzebny do kolonizacji.<\/p>\n<p>Rozmiar ca\u0142kowity &#8211; szer. 219 mm x wys. 84 mm x g\u0142. 208 mm<\/p>\n<p>W ZESTAWIE:<\/p>\n<p>1 x MOP Base A &#8211; Hub<br \/>\n1 x MOP Roof A<br \/>\n5 x przed\u0142u\u017cona noga MOP A<br \/>\n2 x Rampa drzwiowa MOP<br \/>\n5 x drzwi MOP A<br \/>\n1 x Wtyczka MOP Roof A 5szt.<br \/>\n1 x kratka MOP Base A<\/p>\n<p>W zestawie bez farby.<\/p>\n","protected":false},"excerpt":{"rendered":"<p>Cz\u0119\u015b\u0107 modu\u0142owej serii Outpost: Hub Alpha to wielocz\u0119\u015bciowy wydruk, kt\u00f3ry pozwala na stworzenie bazy operacyjnej. Drzwi mo\u017cna \u0142atwo wsuwa\u0107 i wysuwa\u0107 lub blokowa\u0107 przegrodami, aby umo\u017cliwi\u0107 r\u00f3\u017cne konfiguracje wej\u015b\u0107. Drzwi mo\u017cna r\u00f3wnie\u017c zast\u0105pi\u0107 ramp\u0105.<\/p>\n<p>Wiele urz\u0105dze\u0144 Hub Alphas mo\u017cna uk\u0142ada\u0107 w stosy, korzystaj\u0105c z wbudowanych prowadnic lokalizacji. Wewn\u0105trz znajduje si\u0119 zdejmowana kratka pod\u0142ogowa, kt\u00f3ra umo\u017cliwia kolonistom dost\u0119p do innych poziom\u00f3w za pomoc\u0105 wewn\u0119trznej drabiny. Zdejmowany dach mie\u015bci podstawowy sprz\u0119t podtrzymuj\u0105cy \u017cycie potrzebny do kolonizacji.<\/p>\n","protected":false},"featured_media":18821,"comment_status":"open","ping_status":"closed","template":"","meta":[],"product_cat":[3137,3152],"product_tag":[3279,3247,3292,3295,3293,3294,3291,3297,3296,3202,3255,3177,3280],"yoast_head":"<!-- This site is optimized with the Yoast SEO Premium plugin v22.9 (Yoast SEO v22.9) - https:\/\/yoast.com\/wordpress\/plugins\/seo\/ -->\n<title>Hub Alpha Dragons Rest Rozproszone Elementy Terenu Sci-Fi 28mm - 32mm Skala<\/title>\n<meta name=\"robots\" content=\"index, follow, max-snippet:-1, max-image-preview:large, max-video-preview:-1\" \/>\n<link rel=\"canonical\" href=\"https:\/\/3dvikingsstore.com\/pl\/shop\/hub-alpha-dragons-rest-rozproszone-elementy-terenu-sci-fi-28mm-32mm-skala\/\" \/>\n<meta property=\"og:locale\" content=\"pl_PL\" \/>\n<meta property=\"og:type\" content=\"article\" \/>\n<meta property=\"og:title\" content=\"Hub Alpha Dragons Rest Rozproszone Elementy Terenu Sci-Fi 28mm - 32mm Skala\" \/>\n<meta property=\"og:description\" content=\"Cz\u0119\u015b\u0107 modu\u0142owej serii Outpost: Hub Alpha to wielocz\u0119\u015bciowy wydruk, kt\u00f3ry pozwala na stworzenie bazy operacyjnej. Drzwi mo\u017cna \u0142atwo wsuwa\u0107 i wysuwa\u0107 lub blokowa\u0107 przegrodami, aby umo\u017cliwi\u0107 r\u00f3\u017cne konfiguracje wej\u015b\u0107. Drzwi mo\u017cna r\u00f3wnie\u017c zast\u0105pi\u0107 ramp\u0105. Wiele urz\u0105dze\u0144 Hub Alphas mo\u017cna uk\u0142ada\u0107 w stosy, korzystaj\u0105c z wbudowanych prowadnic lokalizacji. Wewn\u0105trz znajduje si\u0119 zdejmowana kratka pod\u0142ogowa, kt\u00f3ra umo\u017cliwia kolonistom dost\u0119p do innych poziom\u00f3w za pomoc\u0105 wewn\u0119trznej drabiny. Zdejmowany dach mie\u015bci podstawowy sprz\u0119t podtrzymuj\u0105cy \u017cycie potrzebny do kolonizacji.\" \/>\n<meta property=\"og:url\" content=\"https:\/\/3dvikingsstore.com\/pl\/shop\/hub-alpha-dragons-rest-rozproszone-elementy-terenu-sci-fi-28mm-32mm-skala\/\" \/>\n<meta property=\"og:site_name\" content=\"3D Vikings Store\" \/>\n<meta property=\"og:image\" content=\"https:\/\/3dvikingsstore.com\/wp-content\/uploads\/2020\/03\/il_794xN.1983727335_sam4.jpg\" \/>\n\t<meta property=\"og:image:width\" content=\"794\" \/>\n\t<meta property=\"og:image:height\" content=\"595\" \/>\n\t<meta property=\"og:image:type\" content=\"image\/jpeg\" \/>\n<meta name=\"twitter:card\" content=\"summary_large_image\" \/>\n<meta name=\"twitter:label1\" content=\"Szacowany czas czytania\" \/>\n\t<meta name=\"twitter:data1\" content=\"1 minuta\" \/>\n<script type=\"application\/ld+json\" class=\"yoast-schema-graph\">{\"@context\":\"https:\/\/schema.org\",\"@graph\":[{\"@type\":[\"WebPage\",\"ItemPage\"],\"@id\":\"https:\/\/3dvikingsstore.com\/pl\/shop\/hub-alpha-dragons-rest-rozproszone-elementy-terenu-sci-fi-28mm-32mm-skala\/\",\"url\":\"https:\/\/3dvikingsstore.com\/pl\/shop\/hub-alpha-dragons-rest-rozproszone-elementy-terenu-sci-fi-28mm-32mm-skala\/\",\"name\":\"Hub Alpha Dragons Rest Rozproszone Elementy Terenu Sci-Fi 28mm - 32mm Skala\",\"isPartOf\":{\"@id\":\"https:\/\/3dvikingsstore.com\/pl\/#website\"},\"primaryImageOfPage\":{\"@id\":\"https:\/\/3dvikingsstore.com\/pl\/shop\/hub-alpha-dragons-rest-rozproszone-elementy-terenu-sci-fi-28mm-32mm-skala\/#primaryimage\"},\"image\":{\"@id\":\"https:\/\/3dvikingsstore.com\/pl\/shop\/hub-alpha-dragons-rest-rozproszone-elementy-terenu-sci-fi-28mm-32mm-skala\/#primaryimage\"},\"thumbnailUrl\":\"https:\/\/3dvikingsstore.com\/wp-content\/uploads\/2020\/03\/il_794xN.1983727335_sam4.jpg\",\"datePublished\":\"2020-03-01T00:58:32+00:00\",\"dateModified\":\"2020-03-01T00:58:32+00:00\",\"breadcrumb\":{\"@id\":\"https:\/\/3dvikingsstore.com\/pl\/shop\/hub-alpha-dragons-rest-rozproszone-elementy-terenu-sci-fi-28mm-32mm-skala\/#breadcrumb\"},\"inLanguage\":\"pl-PL\",\"potentialAction\":[{\"@type\":\"ReadAction\",\"target\":[\"https:\/\/3dvikingsstore.com\/pl\/shop\/hub-alpha-dragons-rest-rozproszone-elementy-terenu-sci-fi-28mm-32mm-skala\/\"]}]},{\"@type\":\"ImageObject\",\"inLanguage\":\"pl-PL\",\"@id\":\"https:\/\/3dvikingsstore.com\/pl\/shop\/hub-alpha-dragons-rest-rozproszone-elementy-terenu-sci-fi-28mm-32mm-skala\/#primaryimage\",\"url\":\"https:\/\/3dvikingsstore.com\/wp-content\/uploads\/2020\/03\/il_794xN.1983727335_sam4.jpg\",\"contentUrl\":\"https:\/\/3dvikingsstore.com\/wp-content\/uploads\/2020\/03\/il_794xN.1983727335_sam4.jpg\",\"width\":794,\"height\":595},{\"@type\":\"BreadcrumbList\",\"@id\":\"https:\/\/3dvikingsstore.com\/pl\/shop\/hub-alpha-dragons-rest-rozproszone-elementy-terenu-sci-fi-28mm-32mm-skala\/#breadcrumb\",\"itemListElement\":[{\"@type\":\"ListItem\",\"position\":1,\"name\":\"Home\",\"item\":\"https:\/\/3dvikingsstore.com\/pl\/\"},{\"@type\":\"ListItem\",\"position\":2,\"name\":\"Shop\",\"item\":\"https:\/\/3dvikingsstore.com\/shop\/\"},{\"@type\":\"ListItem\",\"position\":3,\"name\":\"Hub Alpha Dragons Rest Rozproszone Elementy Terenu Sci-Fi 28mm &#8211; 32mm Skala\"}]},{\"@type\":\"WebSite\",\"@id\":\"https:\/\/3dvikingsstore.com\/pl\/#website\",\"url\":\"https:\/\/3dvikingsstore.com\/pl\/\",\"name\":\"3D Vikings Store\",\"description\":\"Dekoracje i Akcesoria do Gier Planszowych i Sto\u0142owych\",\"publisher\":{\"@id\":\"https:\/\/3dvikingsstore.com\/pl\/#organization\"},\"potentialAction\":[{\"@type\":\"SearchAction\",\"target\":{\"@type\":\"EntryPoint\",\"urlTemplate\":\"https:\/\/3dvikingsstore.com\/pl\/?s={search_term_string}\"},\"query-input\":\"required name=search_term_string\"}],\"inLanguage\":\"pl-PL\"},{\"@type\":\"Organization\",\"@id\":\"https:\/\/3dvikingsstore.com\/pl\/#organization\",\"name\":\"3D Vikings Store\",\"url\":\"https:\/\/3dvikingsstore.com\/pl\/\",\"logo\":{\"@type\":\"ImageObject\",\"inLanguage\":\"pl-PL\",\"@id\":\"https:\/\/3dvikingsstore.com\/pl\/#\/schema\/logo\/image\/\",\"url\":\"https:\/\/3dvikingsstore.com\/wp-content\/uploads\/2020\/03\/3dvikings-logo-karge-white.jpg\",\"contentUrl\":\"https:\/\/3dvikingsstore.com\/wp-content\/uploads\/2020\/03\/3dvikings-logo-karge-white.jpg\",\"width\":800,\"height\":800,\"caption\":\"3D Vikings Store\"},\"image\":{\"@id\":\"https:\/\/3dvikingsstore.com\/pl\/#\/schema\/logo\/image\/\"}}]}<\/script>\n<!-- \/ Yoast SEO Premium plugin. -->","yoast_head_json":{"title":"Hub Alpha Dragons Rest Rozproszone Elementy Terenu Sci-Fi 28mm - 32mm Skala","robots":{"index":"index","follow":"follow","max-snippet":"max-snippet:-1","max-image-preview":"max-image-preview:large","max-video-preview":"max-video-preview:-1"},"canonical":"https:\/\/3dvikingsstore.com\/pl\/shop\/hub-alpha-dragons-rest-rozproszone-elementy-terenu-sci-fi-28mm-32mm-skala\/","og_locale":"pl_PL","og_type":"article","og_title":"Hub Alpha Dragons Rest Rozproszone Elementy Terenu Sci-Fi 28mm - 32mm Skala","og_description":"Cz\u0119\u015b\u0107 modu\u0142owej serii Outpost: Hub Alpha to wielocz\u0119\u015bciowy wydruk, kt\u00f3ry pozwala na stworzenie bazy operacyjnej. Drzwi mo\u017cna \u0142atwo wsuwa\u0107 i wysuwa\u0107 lub blokowa\u0107 przegrodami, aby umo\u017cliwi\u0107 r\u00f3\u017cne konfiguracje wej\u015b\u0107. Drzwi mo\u017cna r\u00f3wnie\u017c zast\u0105pi\u0107 ramp\u0105. Wiele urz\u0105dze\u0144 Hub Alphas mo\u017cna uk\u0142ada\u0107 w stosy, korzystaj\u0105c z wbudowanych prowadnic lokalizacji. Wewn\u0105trz znajduje si\u0119 zdejmowana kratka pod\u0142ogowa, kt\u00f3ra umo\u017cliwia kolonistom dost\u0119p do innych poziom\u00f3w za pomoc\u0105 wewn\u0119trznej drabiny. Zdejmowany dach mie\u015bci podstawowy sprz\u0119t podtrzymuj\u0105cy \u017cycie potrzebny do kolonizacji.","og_url":"https:\/\/3dvikingsstore.com\/pl\/shop\/hub-alpha-dragons-rest-rozproszone-elementy-terenu-sci-fi-28mm-32mm-skala\/","og_site_name":"3D Vikings Store","og_image":[{"width":794,"height":595,"url":"https:\/\/3dvikingsstore.com\/wp-content\/uploads\/2020\/03\/il_794xN.1983727335_sam4.jpg","type":"image\/jpeg"}],"twitter_card":"summary_large_image","twitter_misc":{"Szacowany czas czytania":"1 minuta"},"schema":{"@context":"https:\/\/schema.org","@graph":[{"@type":["WebPage","ItemPage"],"@id":"https:\/\/3dvikingsstore.com\/pl\/shop\/hub-alpha-dragons-rest-rozproszone-elementy-terenu-sci-fi-28mm-32mm-skala\/","url":"https:\/\/3dvikingsstore.com\/pl\/shop\/hub-alpha-dragons-rest-rozproszone-elementy-terenu-sci-fi-28mm-32mm-skala\/","name":"Hub Alpha Dragons Rest Rozproszone Elementy Terenu Sci-Fi 28mm - 32mm Skala","isPartOf":{"@id":"https:\/\/3dvikingsstore.com\/pl\/#website"},"primaryImageOfPage":{"@id":"https:\/\/3dvikingsstore.com\/pl\/shop\/hub-alpha-dragons-rest-rozproszone-elementy-terenu-sci-fi-28mm-32mm-skala\/#primaryimage"},"image":{"@id":"https:\/\/3dvikingsstore.com\/pl\/shop\/hub-alpha-dragons-rest-rozproszone-elementy-terenu-sci-fi-28mm-32mm-skala\/#primaryimage"},"thumbnailUrl":"https:\/\/3dvikingsstore.com\/wp-content\/uploads\/2020\/03\/il_794xN.1983727335_sam4.jpg","datePublished":"2020-03-01T00:58:32+00:00","dateModified":"2020-03-01T00:58:32+00:00","breadcrumb":{"@id":"https:\/\/3dvikingsstore.com\/pl\/shop\/hub-alpha-dragons-rest-rozproszone-elementy-terenu-sci-fi-28mm-32mm-skala\/#breadcrumb"},"inLanguage":"pl-PL","potentialAction":[{"@type":"ReadAction","target":["https:\/\/3dvikingsstore.com\/pl\/shop\/hub-alpha-dragons-rest-rozproszone-elementy-terenu-sci-fi-28mm-32mm-skala\/"]}]},{"@type":"ImageObject","inLanguage":"pl-PL","@id":"https:\/\/3dvikingsstore.com\/pl\/shop\/hub-alpha-dragons-rest-rozproszone-elementy-terenu-sci-fi-28mm-32mm-skala\/#primaryimage","url":"https:\/\/3dvikingsstore.com\/wp-content\/uploads\/2020\/03\/il_794xN.1983727335_sam4.jpg","contentUrl":"https:\/\/3dvikingsstore.com\/wp-content\/uploads\/2020\/03\/il_794xN.1983727335_sam4.jpg","width":794,"height":595},{"@type":"BreadcrumbList","@id":"https:\/\/3dvikingsstore.com\/pl\/shop\/hub-alpha-dragons-rest-rozproszone-elementy-terenu-sci-fi-28mm-32mm-skala\/#breadcrumb","itemListElement":[{"@type":"ListItem","position":1,"name":"Home","item":"https:\/\/3dvikingsstore.com\/pl\/"},{"@type":"ListItem","position":2,"name":"Shop","item":"https:\/\/3dvikingsstore.com\/shop\/"},{"@type":"ListItem","position":3,"name":"Hub Alpha Dragons Rest Rozproszone Elementy Terenu Sci-Fi 28mm &#8211; 32mm Skala"}]},{"@type":"WebSite","@id":"https:\/\/3dvikingsstore.com\/pl\/#website","url":"https:\/\/3dvikingsstore.com\/pl\/","name":"3D Vikings Store","description":"Dekoracje i Akcesoria do Gier Planszowych i Sto\u0142owych","publisher":{"@id":"https:\/\/3dvikingsstore.com\/pl\/#organization"},"potentialAction":[{"@type":"SearchAction","target":{"@type":"EntryPoint","urlTemplate":"https:\/\/3dvikingsstore.com\/pl\/?s={search_term_string}"},"query-input":"required name=search_term_string"}],"inLanguage":"pl-PL"},{"@type":"Organization","@id":"https:\/\/3dvikingsstore.com\/pl\/#organization","name":"3D Vikings Store","url":"https:\/\/3dvikingsstore.com\/pl\/","logo":{"@type":"ImageObject","inLanguage":"pl-PL","@id":"https:\/\/3dvikingsstore.com\/pl\/#\/schema\/logo\/image\/","url":"https:\/\/3dvikingsstore.com\/wp-content\/uploads\/2020\/03\/3dvikings-logo-karge-white.jpg","contentUrl":"https:\/\/3dvikingsstore.com\/wp-content\/uploads\/2020\/03\/3dvikings-logo-karge-white.jpg","width":800,"height":800,"caption":"3D Vikings Store"},"image":{"@id":"https:\/\/3dvikingsstore.com\/pl\/#\/schema\/logo\/image\/"}}]}},"_links":{"self":[{"href":"https:\/\/3dvikingsstore.com\/pl\/wp-json\/wp\/v2\/product\/18820"}],"collection":[{"href":"https:\/\/3dvikingsstore.com\/pl\/wp-json\/wp\/v2\/product"}],"about":[{"href":"https:\/\/3dvikingsstore.com\/pl\/wp-json\/wp\/v2\/types\/product"}],"replies":[{"embeddable":true,"href":"https:\/\/3dvikingsstore.com\/pl\/wp-json\/wp\/v2\/comments?post=18820"}],"version-history":[{"count":0,"href":"https:\/\/3dvikingsstore.com\/pl\/wp-json\/wp\/v2\/product\/18820\/revisions"}],"wp:featuredmedia":[{"embeddable":true,"href":"https:\/\/3dvikingsstore.com\/pl\/wp-json\/wp\/v2\/media\/18821"}],"wp:attachment":[{"href":"https:\/\/3dvikingsstore.com\/pl\/wp-json\/wp\/v2\/media?parent=18820"}],"wp:term":[{"taxonomy":"product_cat","embeddable":true,"href":"https:\/\/3dvikingsstore.com\/pl\/wp-json\/wp\/v2\/product_cat?post=18820"},{"taxonomy":"product_tag","embeddable":true,"href":"https:\/\/3dvikingsstore.com\/pl\/wp-json\/wp\/v2\/product_tag?post=18820"}],"curies":[{"name":"wp","href":"https:\/\/api.w.org\/{rel}","templated":true}]}}