{"id":18817,"date":"2020-03-01T02:58:32","date_gmt":"2020-03-01T00:58:32","guid":{"rendered":"https:\/\/3dvikingsstore.com\/shop\/masywny-modulowy-wrak-gotyckiego-statku-kosmicznego-z-dzialem-w-skali-28-mm\/"},"modified":"2020-03-01T02:58:32","modified_gmt":"2020-03-01T00:58:32","slug":"masywny-modulowy-wrak-gotyckiego-statku-kosmicznego-z-dzialem-w-skali-28-mm","status":"publish","type":"product","link":"https:\/\/3dvikingsstore.com\/pl\/shop\/masywny-modulowy-wrak-gotyckiego-statku-kosmicznego-z-dzialem-w-skali-28-mm\/","title":{"rendered":"Masywny, modu\u0142owy wrak gotyckiego statku kosmicznego z dzia\u0142em w skali 28 mm"},"content":{"rendered":"<p>Witaj w ekscytuj\u0105cych odm\u0119tach serii Modu\u0142owych Wrak\u00f3w Gotyckich Statk\u00f3w Kosmicznych! Nasz precyzyjnie wykonany Port Dzia\u0142a to urzekaj\u0105cy dodatek do Twoich rozgrywek.<\/p>\n<p>Wykonany z wytrzyma\u0142ego i przyjaznego dla \u015brodowiska materia\u0142u PLA, ten port dzia\u0142a w skali 28mm p\u0142ynnie \u0142\u0105czy si\u0119 z innymi elementami wrak\u00f3w gotyckich statk\u00f3w kosmicznych, umo\u017cliwiaj\u0105c nieko\u0144cz\u0105c\u0105 si\u0119 personalizacj\u0119. Jego skomplikowane detale, w tym szyny kompatybilne z saniami strzeleckimi, skrupulatnie odwzorowane w\u0142azy i uderzaj\u0105ca konstrukcja z otwartym portem, rozpalaj\u0105 wyobra\u017ani\u0119.<\/p>\n<p>Modu\u0142owo\u015b\u0107 tego gunportu umo\u017cliwia kszta\u0142towanie \u015brodowiska gry z niezr\u00f3wnan\u0105 elastyczno\u015bci\u0105. Po\u0142\u0105cz go z innymi elementami wraku gotyckich, aby stworzy\u0107 rozleg\u0142e, wci\u0105gaj\u0105ce pole bitwy, kt\u00f3re zachwyci zar\u00f3wno graczy, jak i widz\u00f3w.<\/p>\n<p>Niezale\u017cnie od tego, czy przemierzasz kosmiczn\u0105 pustk\u0119, czy bierzesz udzia\u0142 w ekscytuj\u0105cych bitwach naziemnych, modu\u0142owy wrak statku kosmicznego gotyckich podniesie poziom rozgrywki dzi\u0119ki niezr\u00f3wnanemu realizmowi i dba\u0142o\u015bci o szczeg\u00f3\u0142y. Jej niepomalowane wyko\u0144czenie zapewnia swobod\u0119 dostosowania jej do w\u0142asnych potrzeb, zapewniaj\u0105c idealne dopasowanie do \u015bwiata gier.<\/p>\n<p>W ramach naszego zaanga\u017cowania w zr\u00f3wnowa\u017cony rozw\u00f3j wykorzystujemy biodegradowalny i nietoksyczny PLA do wszystkich naszych produkt\u00f3w drukowanych w 3D. Wybierz akcesoria do gier, kt\u00f3re nie tylko poprawiaj\u0105 jako\u015b\u0107 rozgrywki, ale tak\u017ce chroni\u0105 nasz\u0105 planet\u0119.<\/p>\n<p>Rozpal swoj\u0105 pasj\u0119 do gier z Modu\u0142owym Portem Dzia\u0142a do Wrak\u00f3w Gotyckich Statk\u00f3w Kosmicznych &#8211; \u015bwiadectwem naszego po\u015bwi\u0119cenia dla innowacji, zr\u00f3wnowa\u017conego rozwoju i czystej rado\u015bci z wci\u0105gaj\u0105cych gier.<\/p>\n<p>&nbsp;<\/p>\n","protected":false},"excerpt":{"rendered":"<p>Jest to kompletny zestaw element\u00f3w tworz\u0105cych dzia\u0142o z serii gotyckich wrak\u00f3w statk\u00f3w kosmicznych. Port pistoletowy ma szyny, kt\u00f3re pasuj\u0105 do sa\u0144 pistoletowych. Posiada r\u00f3wnie\u017c w\u0142azy, zar\u00f3wno zamkni\u0119te, jak i podniesione do po\u0142owy.<\/p>\n","protected":false},"featured_media":18818,"comment_status":"open","ping_status":"closed","template":"","meta":[],"product_cat":[3137,3152],"product_tag":[3279,3247,3249,3248,3282,3258,3204,3199,3255,3256,3177,3280,3281,3257],"yoast_head":"<!-- This site is optimized with the Yoast SEO Premium plugin v22.9 (Yoast SEO v22.9) - https:\/\/yoast.com\/wordpress\/plugins\/seo\/ -->\n<title>Masywny, modu\u0142owy wrak gotyckiego statku kosmicznego z dzia\u0142em w skali 28 mm<\/title>\n<meta name=\"robots\" content=\"index, follow, max-snippet:-1, max-image-preview:large, max-video-preview:-1\" \/>\n<link rel=\"canonical\" href=\"https:\/\/3dvikingsstore.com\/pl\/shop\/masywny-modulowy-wrak-gotyckiego-statku-kosmicznego-z-dzialem-w-skali-28-mm\/\" \/>\n<meta property=\"og:locale\" content=\"pl_PL\" \/>\n<meta property=\"og:type\" content=\"article\" \/>\n<meta property=\"og:title\" content=\"Masywny, modu\u0142owy wrak gotyckiego statku kosmicznego z dzia\u0142em w skali 28 mm\" \/>\n<meta property=\"og:description\" content=\"Jest to kompletny zestaw element\u00f3w tworz\u0105cych dzia\u0142o z serii gotyckich wrak\u00f3w statk\u00f3w kosmicznych. Port pistoletowy ma szyny, kt\u00f3re pasuj\u0105 do sa\u0144 pistoletowych. Posiada r\u00f3wnie\u017c w\u0142azy, zar\u00f3wno zamkni\u0119te, jak i podniesione do po\u0142owy.\" \/>\n<meta property=\"og:url\" content=\"https:\/\/3dvikingsstore.com\/pl\/shop\/masywny-modulowy-wrak-gotyckiego-statku-kosmicznego-z-dzialem-w-skali-28-mm\/\" \/>\n<meta property=\"og:site_name\" content=\"3D Vikings Store\" \/>\n<meta property=\"og:image\" content=\"https:\/\/3dvikingsstore.com\/wp-content\/uploads\/2020\/03\/il_794xN.1979675259_5ht3.jpg\" \/>\n\t<meta property=\"og:image:width\" content=\"794\" \/>\n\t<meta property=\"og:image:height\" content=\"649\" \/>\n\t<meta property=\"og:image:type\" content=\"image\/jpeg\" \/>\n<meta name=\"twitter:card\" content=\"summary_large_image\" \/>\n<meta name=\"twitter:label1\" content=\"Szacowany czas czytania\" \/>\n\t<meta name=\"twitter:data1\" content=\"1 minuta\" \/>\n<script type=\"application\/ld+json\" class=\"yoast-schema-graph\">{\"@context\":\"https:\/\/schema.org\",\"@graph\":[{\"@type\":[\"WebPage\",\"ItemPage\"],\"@id\":\"https:\/\/3dvikingsstore.com\/pl\/shop\/masywny-modulowy-wrak-gotyckiego-statku-kosmicznego-z-dzialem-w-skali-28-mm\/\",\"url\":\"https:\/\/3dvikingsstore.com\/pl\/shop\/masywny-modulowy-wrak-gotyckiego-statku-kosmicznego-z-dzialem-w-skali-28-mm\/\",\"name\":\"Masywny, modu\u0142owy wrak gotyckiego statku kosmicznego z dzia\u0142em w skali 28 mm\",\"isPartOf\":{\"@id\":\"https:\/\/3dvikingsstore.com\/pl\/#website\"},\"primaryImageOfPage\":{\"@id\":\"https:\/\/3dvikingsstore.com\/pl\/shop\/masywny-modulowy-wrak-gotyckiego-statku-kosmicznego-z-dzialem-w-skali-28-mm\/#primaryimage\"},\"image\":{\"@id\":\"https:\/\/3dvikingsstore.com\/pl\/shop\/masywny-modulowy-wrak-gotyckiego-statku-kosmicznego-z-dzialem-w-skali-28-mm\/#primaryimage\"},\"thumbnailUrl\":\"https:\/\/3dvikingsstore.com\/wp-content\/uploads\/2020\/03\/il_794xN.1979675259_5ht3.jpg\",\"datePublished\":\"2020-03-01T00:58:32+00:00\",\"dateModified\":\"2020-03-01T00:58:32+00:00\",\"breadcrumb\":{\"@id\":\"https:\/\/3dvikingsstore.com\/pl\/shop\/masywny-modulowy-wrak-gotyckiego-statku-kosmicznego-z-dzialem-w-skali-28-mm\/#breadcrumb\"},\"inLanguage\":\"pl-PL\",\"potentialAction\":[{\"@type\":\"ReadAction\",\"target\":[\"https:\/\/3dvikingsstore.com\/pl\/shop\/masywny-modulowy-wrak-gotyckiego-statku-kosmicznego-z-dzialem-w-skali-28-mm\/\"]}]},{\"@type\":\"ImageObject\",\"inLanguage\":\"pl-PL\",\"@id\":\"https:\/\/3dvikingsstore.com\/pl\/shop\/masywny-modulowy-wrak-gotyckiego-statku-kosmicznego-z-dzialem-w-skali-28-mm\/#primaryimage\",\"url\":\"https:\/\/3dvikingsstore.com\/wp-content\/uploads\/2020\/03\/il_794xN.1979675259_5ht3.jpg\",\"contentUrl\":\"https:\/\/3dvikingsstore.com\/wp-content\/uploads\/2020\/03\/il_794xN.1979675259_5ht3.jpg\",\"width\":794,\"height\":649},{\"@type\":\"BreadcrumbList\",\"@id\":\"https:\/\/3dvikingsstore.com\/pl\/shop\/masywny-modulowy-wrak-gotyckiego-statku-kosmicznego-z-dzialem-w-skali-28-mm\/#breadcrumb\",\"itemListElement\":[{\"@type\":\"ListItem\",\"position\":1,\"name\":\"Home\",\"item\":\"https:\/\/3dvikingsstore.com\/pl\/\"},{\"@type\":\"ListItem\",\"position\":2,\"name\":\"Shop\",\"item\":\"https:\/\/3dvikingsstore.com\/shop\/\"},{\"@type\":\"ListItem\",\"position\":3,\"name\":\"Masywny, modu\u0142owy wrak gotyckiego statku kosmicznego z dzia\u0142em w skali 28 mm\"}]},{\"@type\":\"WebSite\",\"@id\":\"https:\/\/3dvikingsstore.com\/pl\/#website\",\"url\":\"https:\/\/3dvikingsstore.com\/pl\/\",\"name\":\"3D Vikings Store\",\"description\":\"Dekoracje i Akcesoria do Gier Planszowych i Sto\u0142owych\",\"publisher\":{\"@id\":\"https:\/\/3dvikingsstore.com\/pl\/#organization\"},\"potentialAction\":[{\"@type\":\"SearchAction\",\"target\":{\"@type\":\"EntryPoint\",\"urlTemplate\":\"https:\/\/3dvikingsstore.com\/pl\/?s={search_term_string}\"},\"query-input\":\"required name=search_term_string\"}],\"inLanguage\":\"pl-PL\"},{\"@type\":\"Organization\",\"@id\":\"https:\/\/3dvikingsstore.com\/pl\/#organization\",\"name\":\"3D Vikings Store\",\"url\":\"https:\/\/3dvikingsstore.com\/pl\/\",\"logo\":{\"@type\":\"ImageObject\",\"inLanguage\":\"pl-PL\",\"@id\":\"https:\/\/3dvikingsstore.com\/pl\/#\/schema\/logo\/image\/\",\"url\":\"https:\/\/3dvikingsstore.com\/wp-content\/uploads\/2020\/03\/3dvikings-logo-karge-white.jpg\",\"contentUrl\":\"https:\/\/3dvikingsstore.com\/wp-content\/uploads\/2020\/03\/3dvikings-logo-karge-white.jpg\",\"width\":800,\"height\":800,\"caption\":\"3D Vikings Store\"},\"image\":{\"@id\":\"https:\/\/3dvikingsstore.com\/pl\/#\/schema\/logo\/image\/\"}}]}<\/script>\n<!-- \/ Yoast SEO Premium plugin. -->","yoast_head_json":{"title":"Masywny, modu\u0142owy wrak gotyckiego statku kosmicznego z dzia\u0142em w skali 28 mm","robots":{"index":"index","follow":"follow","max-snippet":"max-snippet:-1","max-image-preview":"max-image-preview:large","max-video-preview":"max-video-preview:-1"},"canonical":"https:\/\/3dvikingsstore.com\/pl\/shop\/masywny-modulowy-wrak-gotyckiego-statku-kosmicznego-z-dzialem-w-skali-28-mm\/","og_locale":"pl_PL","og_type":"article","og_title":"Masywny, modu\u0142owy wrak gotyckiego statku kosmicznego z dzia\u0142em w skali 28 mm","og_description":"Jest to kompletny zestaw element\u00f3w tworz\u0105cych dzia\u0142o z serii gotyckich wrak\u00f3w statk\u00f3w kosmicznych. Port pistoletowy ma szyny, kt\u00f3re pasuj\u0105 do sa\u0144 pistoletowych. Posiada r\u00f3wnie\u017c w\u0142azy, zar\u00f3wno zamkni\u0119te, jak i podniesione do po\u0142owy.","og_url":"https:\/\/3dvikingsstore.com\/pl\/shop\/masywny-modulowy-wrak-gotyckiego-statku-kosmicznego-z-dzialem-w-skali-28-mm\/","og_site_name":"3D Vikings Store","og_image":[{"width":794,"height":649,"url":"https:\/\/3dvikingsstore.com\/wp-content\/uploads\/2020\/03\/il_794xN.1979675259_5ht3.jpg","type":"image\/jpeg"}],"twitter_card":"summary_large_image","twitter_misc":{"Szacowany czas czytania":"1 minuta"},"schema":{"@context":"https:\/\/schema.org","@graph":[{"@type":["WebPage","ItemPage"],"@id":"https:\/\/3dvikingsstore.com\/pl\/shop\/masywny-modulowy-wrak-gotyckiego-statku-kosmicznego-z-dzialem-w-skali-28-mm\/","url":"https:\/\/3dvikingsstore.com\/pl\/shop\/masywny-modulowy-wrak-gotyckiego-statku-kosmicznego-z-dzialem-w-skali-28-mm\/","name":"Masywny, modu\u0142owy wrak gotyckiego statku kosmicznego z dzia\u0142em w skali 28 mm","isPartOf":{"@id":"https:\/\/3dvikingsstore.com\/pl\/#website"},"primaryImageOfPage":{"@id":"https:\/\/3dvikingsstore.com\/pl\/shop\/masywny-modulowy-wrak-gotyckiego-statku-kosmicznego-z-dzialem-w-skali-28-mm\/#primaryimage"},"image":{"@id":"https:\/\/3dvikingsstore.com\/pl\/shop\/masywny-modulowy-wrak-gotyckiego-statku-kosmicznego-z-dzialem-w-skali-28-mm\/#primaryimage"},"thumbnailUrl":"https:\/\/3dvikingsstore.com\/wp-content\/uploads\/2020\/03\/il_794xN.1979675259_5ht3.jpg","datePublished":"2020-03-01T00:58:32+00:00","dateModified":"2020-03-01T00:58:32+00:00","breadcrumb":{"@id":"https:\/\/3dvikingsstore.com\/pl\/shop\/masywny-modulowy-wrak-gotyckiego-statku-kosmicznego-z-dzialem-w-skali-28-mm\/#breadcrumb"},"inLanguage":"pl-PL","potentialAction":[{"@type":"ReadAction","target":["https:\/\/3dvikingsstore.com\/pl\/shop\/masywny-modulowy-wrak-gotyckiego-statku-kosmicznego-z-dzialem-w-skali-28-mm\/"]}]},{"@type":"ImageObject","inLanguage":"pl-PL","@id":"https:\/\/3dvikingsstore.com\/pl\/shop\/masywny-modulowy-wrak-gotyckiego-statku-kosmicznego-z-dzialem-w-skali-28-mm\/#primaryimage","url":"https:\/\/3dvikingsstore.com\/wp-content\/uploads\/2020\/03\/il_794xN.1979675259_5ht3.jpg","contentUrl":"https:\/\/3dvikingsstore.com\/wp-content\/uploads\/2020\/03\/il_794xN.1979675259_5ht3.jpg","width":794,"height":649},{"@type":"BreadcrumbList","@id":"https:\/\/3dvikingsstore.com\/pl\/shop\/masywny-modulowy-wrak-gotyckiego-statku-kosmicznego-z-dzialem-w-skali-28-mm\/#breadcrumb","itemListElement":[{"@type":"ListItem","position":1,"name":"Home","item":"https:\/\/3dvikingsstore.com\/pl\/"},{"@type":"ListItem","position":2,"name":"Shop","item":"https:\/\/3dvikingsstore.com\/shop\/"},{"@type":"ListItem","position":3,"name":"Masywny, modu\u0142owy wrak gotyckiego statku kosmicznego z dzia\u0142em w skali 28 mm"}]},{"@type":"WebSite","@id":"https:\/\/3dvikingsstore.com\/pl\/#website","url":"https:\/\/3dvikingsstore.com\/pl\/","name":"3D Vikings Store","description":"Dekoracje i Akcesoria do Gier Planszowych i Sto\u0142owych","publisher":{"@id":"https:\/\/3dvikingsstore.com\/pl\/#organization"},"potentialAction":[{"@type":"SearchAction","target":{"@type":"EntryPoint","urlTemplate":"https:\/\/3dvikingsstore.com\/pl\/?s={search_term_string}"},"query-input":"required name=search_term_string"}],"inLanguage":"pl-PL"},{"@type":"Organization","@id":"https:\/\/3dvikingsstore.com\/pl\/#organization","name":"3D Vikings Store","url":"https:\/\/3dvikingsstore.com\/pl\/","logo":{"@type":"ImageObject","inLanguage":"pl-PL","@id":"https:\/\/3dvikingsstore.com\/pl\/#\/schema\/logo\/image\/","url":"https:\/\/3dvikingsstore.com\/wp-content\/uploads\/2020\/03\/3dvikings-logo-karge-white.jpg","contentUrl":"https:\/\/3dvikingsstore.com\/wp-content\/uploads\/2020\/03\/3dvikings-logo-karge-white.jpg","width":800,"height":800,"caption":"3D Vikings Store"},"image":{"@id":"https:\/\/3dvikingsstore.com\/pl\/#\/schema\/logo\/image\/"}}]}},"_links":{"self":[{"href":"https:\/\/3dvikingsstore.com\/pl\/wp-json\/wp\/v2\/product\/18817"}],"collection":[{"href":"https:\/\/3dvikingsstore.com\/pl\/wp-json\/wp\/v2\/product"}],"about":[{"href":"https:\/\/3dvikingsstore.com\/pl\/wp-json\/wp\/v2\/types\/product"}],"replies":[{"embeddable":true,"href":"https:\/\/3dvikingsstore.com\/pl\/wp-json\/wp\/v2\/comments?post=18817"}],"version-history":[{"count":0,"href":"https:\/\/3dvikingsstore.com\/pl\/wp-json\/wp\/v2\/product\/18817\/revisions"}],"wp:featuredmedia":[{"embeddable":true,"href":"https:\/\/3dvikingsstore.com\/pl\/wp-json\/wp\/v2\/media\/18818"}],"wp:attachment":[{"href":"https:\/\/3dvikingsstore.com\/pl\/wp-json\/wp\/v2\/media?parent=18817"}],"wp:term":[{"taxonomy":"product_cat","embeddable":true,"href":"https:\/\/3dvikingsstore.com\/pl\/wp-json\/wp\/v2\/product_cat?post=18817"},{"taxonomy":"product_tag","embeddable":true,"href":"https:\/\/3dvikingsstore.com\/pl\/wp-json\/wp\/v2\/product_tag?post=18817"}],"curies":[{"name":"wp","href":"https:\/\/api.w.org\/{rel}","templated":true}]}}