{"id":18814,"date":"2021-04-01T12:36:31","date_gmt":"2021-04-01T10:36:31","guid":{"rendered":"https:\/\/3dvikingsstore.com\/shop\/sredniowieczna-wieza-do-gry-w-kosci-dla-wszystkich-rozmiarow-kosci\/"},"modified":"2025-10-29T05:31:48","modified_gmt":"2025-10-29T03:31:48","slug":"sredniowieczna-wieza-do-gry-w-kosci-dla-wszystkich-rozmiarow-kosci","status":"publish","type":"product","link":"https:\/\/3dvikingsstore.com\/pl\/shop\/sredniowieczna-wieza-do-gry-w-kosci-dla-wszystkich-rozmiarow-kosci\/","title":{"rendered":"\u015aredniowieczna wie\u017ca do gry w ko\u015bci dla wszystkich rozmiar\u00f3w ko\u015bci"},"content":{"rendered":"<p>Czy jeste\u015b gotowy rzuci\u0107 ko\u015b\u0107mi jak \u015bredniowieczny w\u0142adca? W takim razie potrzebujesz tej niesamowitej i wytrzyma\u0142ej \u015bredniowiecznej wie\u017cy do gry w ko\u015bci, kt\u00f3ra ma prawie 11 cm wysoko\u015bci i sk\u0142ada si\u0119 z dw\u00f3ch \u0142atwych do z\u0142o\u017cenia element\u00f3w. Bez wzgl\u0119du na rozmiar posiadanych ko\u015bci, od ma\u0142ych D4 do ogromnych D20, ta wie\u017ca z \u0142atwo\u015bci\u0105 sobie z nimi poradzi. Po prostu upu\u015b\u0107 ko\u015bci na g\u00f3r\u0119 i obserwuj, jak spadaj\u0105 na aren\u0119, gdzie mo\u017cesz \u0142atwo zobaczy\u0107 wyniki.<\/p>\n<p>Ta wie\u017ca nie jest pomalowana, wi\u0119c mo\u017cna j\u0105 dostosowa\u0107 do w\u0142asnych upodoba\u0144. Mo\u017cesz pomalowa\u0107 go na swoje ulubione kolory. To od Ciebie zale\u017cy, jak chcesz uczyni\u0107 t\u0119 wie\u017c\u0119 swoj\u0105 w\u0142asn\u0105. Ko\u015bci nie s\u0105 do\u0142\u0105czone do zestawu, ale mo\u017cesz u\u017cy\u0107 dowolnych ko\u015bci z t\u0105 wie\u017c\u0105. Niezale\u017cnie od tego, czy posiadasz ko\u015bci metalowe, plastikowe, drewniane, czy nawet ko\u015bciane, ta wie\u017ca b\u0119dzie z nimi wsp\u00f3\u0142pracowa\u0107.<\/p>\n<p>Jest to idealne akcesorium do gier sto\u0142owych, niezale\u017cnie od tego, czy grasz w Dungeons and Dragons, Warhammer czy cokolwiek innego. Ta wie\u017ca doda troch\u0119 zabawy i emocji do sesji gry oraz sprawi, \u017ce rzuty ko\u015b\u0107mi b\u0119d\u0105 bardziej sprawiedliwe i losowe. Nie przegap szansy na zdobycie w\u0142asnej \u015bredniowiecznej wie\u017cy do ko\u015bci ju\u017c dzi\u015b i zaimponuj znajomym swoimi niesamowitymi umiej\u0119tno\u015bciami rzucania ko\u015b\u0107mi!<\/p>\n<p>W zestawie bez farby.<\/p>\n","protected":false},"excerpt":{"rendered":"<p>Czy jeste\u015b gotowy rzuci\u0107 ko\u015b\u0107mi jak \u015bredniowieczny w\u0142adca? W takim razie potrzebujesz tej niesamowitej i wytrzyma\u0142ej \u015bredniowiecznej wie\u017cy do gry w ko\u015bci, kt\u00f3ra ma prawie 11 cm wysoko\u015bci i sk\u0142ada si\u0119 z dw\u00f3ch \u0142atwych do z\u0142o\u017cenia element\u00f3w.<\/p>\n","protected":false},"featured_media":18815,"comment_status":"open","ping_status":"closed","template":"","meta":[],"product_cat":[3146],"product_tag":[],"yoast_head":"<!-- This site is optimized with the Yoast SEO Premium plugin v22.9 (Yoast SEO v22.9) - https:\/\/yoast.com\/wordpress\/plugins\/seo\/ -->\n<title>\u015aredniowieczna wie\u017ca do gry w ko\u015bci dla wszystkich rozmiar\u00f3w ko\u015bci<\/title>\n<meta name=\"description\" content=\"Wysokiej jako\u015bci i wytrzyma\u0142a \u015bredniowieczna wie\u017ca do gry w ko\u015bci o wysoko\u015bci prawie 11 cm (4,33 cala), sk\u0142adaj\u0105ca si\u0119 z dw\u00f3ch cz\u0119\u015bci.\" \/>\n<meta name=\"robots\" content=\"index, follow, max-snippet:-1, max-image-preview:large, max-video-preview:-1\" \/>\n<link rel=\"canonical\" href=\"https:\/\/3dvikingsstore.com\/pl\/shop\/sredniowieczna-wieza-do-gry-w-kosci-dla-wszystkich-rozmiarow-kosci\/\" \/>\n<meta property=\"og:locale\" content=\"pl_PL\" \/>\n<meta property=\"og:type\" content=\"article\" \/>\n<meta property=\"og:title\" content=\"\u015aredniowieczna wie\u017ca do gry w ko\u015bci dla wszystkich rozmiar\u00f3w ko\u015bci\" \/>\n<meta property=\"og:description\" content=\"Wysokiej jako\u015bci i wytrzyma\u0142a \u015bredniowieczna wie\u017ca do gry w ko\u015bci o wysoko\u015bci prawie 11 cm (4,33 cala), sk\u0142adaj\u0105ca si\u0119 z dw\u00f3ch cz\u0119\u015bci.\" \/>\n<meta property=\"og:url\" content=\"https:\/\/3dvikingsstore.com\/pl\/shop\/sredniowieczna-wieza-do-gry-w-kosci-dla-wszystkich-rozmiarow-kosci\/\" \/>\n<meta property=\"og:site_name\" content=\"3D Vikings Store\" \/>\n<meta property=\"article:modified_time\" content=\"2025-10-29T03:31:48+00:00\" \/>\n<meta property=\"og:image\" content=\"https:\/\/3dvikingsstore.com\/wp-content\/uploads\/2021\/04\/il_1140xN.2881548574_amml.jpg\" \/>\n\t<meta property=\"og:image:width\" content=\"1140\" \/>\n\t<meta property=\"og:image:height\" content=\"855\" \/>\n\t<meta property=\"og:image:type\" content=\"image\/jpeg\" \/>\n<meta name=\"twitter:card\" content=\"summary_large_image\" \/>\n<meta name=\"twitter:label1\" content=\"Szacowany czas czytania\" \/>\n\t<meta name=\"twitter:data1\" content=\"1 minuta\" \/>\n<script type=\"application\/ld+json\" class=\"yoast-schema-graph\">{\"@context\":\"https:\/\/schema.org\",\"@graph\":[{\"@type\":[\"WebPage\",\"ItemPage\"],\"@id\":\"https:\/\/3dvikingsstore.com\/pl\/shop\/sredniowieczna-wieza-do-gry-w-kosci-dla-wszystkich-rozmiarow-kosci\/\",\"url\":\"https:\/\/3dvikingsstore.com\/pl\/shop\/sredniowieczna-wieza-do-gry-w-kosci-dla-wszystkich-rozmiarow-kosci\/\",\"name\":\"\u015aredniowieczna wie\u017ca do gry w ko\u015bci dla wszystkich rozmiar\u00f3w ko\u015bci\",\"isPartOf\":{\"@id\":\"https:\/\/3dvikingsstore.com\/pl\/#website\"},\"primaryImageOfPage\":{\"@id\":\"https:\/\/3dvikingsstore.com\/pl\/shop\/sredniowieczna-wieza-do-gry-w-kosci-dla-wszystkich-rozmiarow-kosci\/#primaryimage\"},\"image\":{\"@id\":\"https:\/\/3dvikingsstore.com\/pl\/shop\/sredniowieczna-wieza-do-gry-w-kosci-dla-wszystkich-rozmiarow-kosci\/#primaryimage\"},\"thumbnailUrl\":\"https:\/\/3dvikingsstore.com\/wp-content\/uploads\/2021\/04\/il_1140xN.2881548574_amml.jpg\",\"datePublished\":\"2021-04-01T10:36:31+00:00\",\"dateModified\":\"2025-10-29T03:31:48+00:00\",\"description\":\"Wysokiej jako\u015bci i wytrzyma\u0142a \u015bredniowieczna wie\u017ca do gry w ko\u015bci o wysoko\u015bci prawie 11 cm (4,33 cala), sk\u0142adaj\u0105ca si\u0119 z dw\u00f3ch cz\u0119\u015bci.\",\"breadcrumb\":{\"@id\":\"https:\/\/3dvikingsstore.com\/pl\/shop\/sredniowieczna-wieza-do-gry-w-kosci-dla-wszystkich-rozmiarow-kosci\/#breadcrumb\"},\"inLanguage\":\"pl-PL\",\"potentialAction\":[{\"@type\":\"ReadAction\",\"target\":[\"https:\/\/3dvikingsstore.com\/pl\/shop\/sredniowieczna-wieza-do-gry-w-kosci-dla-wszystkich-rozmiarow-kosci\/\"]}]},{\"@type\":\"ImageObject\",\"inLanguage\":\"pl-PL\",\"@id\":\"https:\/\/3dvikingsstore.com\/pl\/shop\/sredniowieczna-wieza-do-gry-w-kosci-dla-wszystkich-rozmiarow-kosci\/#primaryimage\",\"url\":\"https:\/\/3dvikingsstore.com\/wp-content\/uploads\/2021\/04\/il_1140xN.2881548574_amml.jpg\",\"contentUrl\":\"https:\/\/3dvikingsstore.com\/wp-content\/uploads\/2021\/04\/il_1140xN.2881548574_amml.jpg\",\"width\":1140,\"height\":855},{\"@type\":\"BreadcrumbList\",\"@id\":\"https:\/\/3dvikingsstore.com\/pl\/shop\/sredniowieczna-wieza-do-gry-w-kosci-dla-wszystkich-rozmiarow-kosci\/#breadcrumb\",\"itemListElement\":[{\"@type\":\"ListItem\",\"position\":1,\"name\":\"Home\",\"item\":\"https:\/\/3dvikingsstore.com\/pl\/\"},{\"@type\":\"ListItem\",\"position\":2,\"name\":\"Shop\",\"item\":\"https:\/\/3dvikingsstore.com\/shop\/\"},{\"@type\":\"ListItem\",\"position\":3,\"name\":\"\u015aredniowieczna wie\u017ca do gry w ko\u015bci dla wszystkich rozmiar\u00f3w ko\u015bci\"}]},{\"@type\":\"WebSite\",\"@id\":\"https:\/\/3dvikingsstore.com\/pl\/#website\",\"url\":\"https:\/\/3dvikingsstore.com\/pl\/\",\"name\":\"3D Vikings Store\",\"description\":\"Dekoracje i Akcesoria do Gier Planszowych i Sto\u0142owych\",\"publisher\":{\"@id\":\"https:\/\/3dvikingsstore.com\/pl\/#organization\"},\"potentialAction\":[{\"@type\":\"SearchAction\",\"target\":{\"@type\":\"EntryPoint\",\"urlTemplate\":\"https:\/\/3dvikingsstore.com\/pl\/?s={search_term_string}\"},\"query-input\":\"required name=search_term_string\"}],\"inLanguage\":\"pl-PL\"},{\"@type\":\"Organization\",\"@id\":\"https:\/\/3dvikingsstore.com\/pl\/#organization\",\"name\":\"3D Vikings Store\",\"url\":\"https:\/\/3dvikingsstore.com\/pl\/\",\"logo\":{\"@type\":\"ImageObject\",\"inLanguage\":\"pl-PL\",\"@id\":\"https:\/\/3dvikingsstore.com\/pl\/#\/schema\/logo\/image\/\",\"url\":\"https:\/\/3dvikingsstore.com\/wp-content\/uploads\/2020\/03\/3dvikings-logo-karge-white.jpg\",\"contentUrl\":\"https:\/\/3dvikingsstore.com\/wp-content\/uploads\/2020\/03\/3dvikings-logo-karge-white.jpg\",\"width\":800,\"height\":800,\"caption\":\"3D Vikings Store\"},\"image\":{\"@id\":\"https:\/\/3dvikingsstore.com\/pl\/#\/schema\/logo\/image\/\"}}]}<\/script>\n<!-- \/ Yoast SEO Premium plugin. -->","yoast_head_json":{"title":"\u015aredniowieczna wie\u017ca do gry w ko\u015bci dla wszystkich rozmiar\u00f3w ko\u015bci","description":"Wysokiej jako\u015bci i wytrzyma\u0142a \u015bredniowieczna wie\u017ca do gry w ko\u015bci o wysoko\u015bci prawie 11 cm (4,33 cala), sk\u0142adaj\u0105ca si\u0119 z dw\u00f3ch cz\u0119\u015bci.","robots":{"index":"index","follow":"follow","max-snippet":"max-snippet:-1","max-image-preview":"max-image-preview:large","max-video-preview":"max-video-preview:-1"},"canonical":"https:\/\/3dvikingsstore.com\/pl\/shop\/sredniowieczna-wieza-do-gry-w-kosci-dla-wszystkich-rozmiarow-kosci\/","og_locale":"pl_PL","og_type":"article","og_title":"\u015aredniowieczna wie\u017ca do gry w ko\u015bci dla wszystkich rozmiar\u00f3w ko\u015bci","og_description":"Wysokiej jako\u015bci i wytrzyma\u0142a \u015bredniowieczna wie\u017ca do gry w ko\u015bci o wysoko\u015bci prawie 11 cm (4,33 cala), sk\u0142adaj\u0105ca si\u0119 z dw\u00f3ch cz\u0119\u015bci.","og_url":"https:\/\/3dvikingsstore.com\/pl\/shop\/sredniowieczna-wieza-do-gry-w-kosci-dla-wszystkich-rozmiarow-kosci\/","og_site_name":"3D Vikings Store","article_modified_time":"2025-10-29T03:31:48+00:00","og_image":[{"width":1140,"height":855,"url":"https:\/\/3dvikingsstore.com\/wp-content\/uploads\/2021\/04\/il_1140xN.2881548574_amml.jpg","type":"image\/jpeg"}],"twitter_card":"summary_large_image","twitter_misc":{"Szacowany czas czytania":"1 minuta"},"schema":{"@context":"https:\/\/schema.org","@graph":[{"@type":["WebPage","ItemPage"],"@id":"https:\/\/3dvikingsstore.com\/pl\/shop\/sredniowieczna-wieza-do-gry-w-kosci-dla-wszystkich-rozmiarow-kosci\/","url":"https:\/\/3dvikingsstore.com\/pl\/shop\/sredniowieczna-wieza-do-gry-w-kosci-dla-wszystkich-rozmiarow-kosci\/","name":"\u015aredniowieczna wie\u017ca do gry w ko\u015bci dla wszystkich rozmiar\u00f3w ko\u015bci","isPartOf":{"@id":"https:\/\/3dvikingsstore.com\/pl\/#website"},"primaryImageOfPage":{"@id":"https:\/\/3dvikingsstore.com\/pl\/shop\/sredniowieczna-wieza-do-gry-w-kosci-dla-wszystkich-rozmiarow-kosci\/#primaryimage"},"image":{"@id":"https:\/\/3dvikingsstore.com\/pl\/shop\/sredniowieczna-wieza-do-gry-w-kosci-dla-wszystkich-rozmiarow-kosci\/#primaryimage"},"thumbnailUrl":"https:\/\/3dvikingsstore.com\/wp-content\/uploads\/2021\/04\/il_1140xN.2881548574_amml.jpg","datePublished":"2021-04-01T10:36:31+00:00","dateModified":"2025-10-29T03:31:48+00:00","description":"Wysokiej jako\u015bci i wytrzyma\u0142a \u015bredniowieczna wie\u017ca do gry w ko\u015bci o wysoko\u015bci prawie 11 cm (4,33 cala), sk\u0142adaj\u0105ca si\u0119 z dw\u00f3ch cz\u0119\u015bci.","breadcrumb":{"@id":"https:\/\/3dvikingsstore.com\/pl\/shop\/sredniowieczna-wieza-do-gry-w-kosci-dla-wszystkich-rozmiarow-kosci\/#breadcrumb"},"inLanguage":"pl-PL","potentialAction":[{"@type":"ReadAction","target":["https:\/\/3dvikingsstore.com\/pl\/shop\/sredniowieczna-wieza-do-gry-w-kosci-dla-wszystkich-rozmiarow-kosci\/"]}]},{"@type":"ImageObject","inLanguage":"pl-PL","@id":"https:\/\/3dvikingsstore.com\/pl\/shop\/sredniowieczna-wieza-do-gry-w-kosci-dla-wszystkich-rozmiarow-kosci\/#primaryimage","url":"https:\/\/3dvikingsstore.com\/wp-content\/uploads\/2021\/04\/il_1140xN.2881548574_amml.jpg","contentUrl":"https:\/\/3dvikingsstore.com\/wp-content\/uploads\/2021\/04\/il_1140xN.2881548574_amml.jpg","width":1140,"height":855},{"@type":"BreadcrumbList","@id":"https:\/\/3dvikingsstore.com\/pl\/shop\/sredniowieczna-wieza-do-gry-w-kosci-dla-wszystkich-rozmiarow-kosci\/#breadcrumb","itemListElement":[{"@type":"ListItem","position":1,"name":"Home","item":"https:\/\/3dvikingsstore.com\/pl\/"},{"@type":"ListItem","position":2,"name":"Shop","item":"https:\/\/3dvikingsstore.com\/shop\/"},{"@type":"ListItem","position":3,"name":"\u015aredniowieczna wie\u017ca do gry w ko\u015bci dla wszystkich rozmiar\u00f3w ko\u015bci"}]},{"@type":"WebSite","@id":"https:\/\/3dvikingsstore.com\/pl\/#website","url":"https:\/\/3dvikingsstore.com\/pl\/","name":"3D Vikings Store","description":"Dekoracje i Akcesoria do Gier Planszowych i Sto\u0142owych","publisher":{"@id":"https:\/\/3dvikingsstore.com\/pl\/#organization"},"potentialAction":[{"@type":"SearchAction","target":{"@type":"EntryPoint","urlTemplate":"https:\/\/3dvikingsstore.com\/pl\/?s={search_term_string}"},"query-input":"required name=search_term_string"}],"inLanguage":"pl-PL"},{"@type":"Organization","@id":"https:\/\/3dvikingsstore.com\/pl\/#organization","name":"3D Vikings Store","url":"https:\/\/3dvikingsstore.com\/pl\/","logo":{"@type":"ImageObject","inLanguage":"pl-PL","@id":"https:\/\/3dvikingsstore.com\/pl\/#\/schema\/logo\/image\/","url":"https:\/\/3dvikingsstore.com\/wp-content\/uploads\/2020\/03\/3dvikings-logo-karge-white.jpg","contentUrl":"https:\/\/3dvikingsstore.com\/wp-content\/uploads\/2020\/03\/3dvikings-logo-karge-white.jpg","width":800,"height":800,"caption":"3D Vikings Store"},"image":{"@id":"https:\/\/3dvikingsstore.com\/pl\/#\/schema\/logo\/image\/"}}]}},"_links":{"self":[{"href":"https:\/\/3dvikingsstore.com\/pl\/wp-json\/wp\/v2\/product\/18814"}],"collection":[{"href":"https:\/\/3dvikingsstore.com\/pl\/wp-json\/wp\/v2\/product"}],"about":[{"href":"https:\/\/3dvikingsstore.com\/pl\/wp-json\/wp\/v2\/types\/product"}],"replies":[{"embeddable":true,"href":"https:\/\/3dvikingsstore.com\/pl\/wp-json\/wp\/v2\/comments?post=18814"}],"version-history":[{"count":0,"href":"https:\/\/3dvikingsstore.com\/pl\/wp-json\/wp\/v2\/product\/18814\/revisions"}],"wp:featuredmedia":[{"embeddable":true,"href":"https:\/\/3dvikingsstore.com\/pl\/wp-json\/wp\/v2\/media\/18815"}],"wp:attachment":[{"href":"https:\/\/3dvikingsstore.com\/pl\/wp-json\/wp\/v2\/media?parent=18814"}],"wp:term":[{"taxonomy":"product_cat","embeddable":true,"href":"https:\/\/3dvikingsstore.com\/pl\/wp-json\/wp\/v2\/product_cat?post=18814"},{"taxonomy":"product_tag","embeddable":true,"href":"https:\/\/3dvikingsstore.com\/pl\/wp-json\/wp\/v2\/product_tag?post=18814"}],"curies":[{"name":"wp","href":"https:\/\/api.w.org\/{rel}","templated":true}]}}