{"id":18812,"date":"2020-03-01T02:58:31","date_gmt":"2020-03-01T00:58:31","guid":{"rendered":"https:\/\/3dvikingsstore.com\/shop\/gola-kamienna-ruina-do-gier-bitewnych-wwii-lub-fantasy-jednoczesciowa\/"},"modified":"2020-03-01T02:58:31","modified_gmt":"2020-03-01T00:58:31","slug":"gola-kamienna-ruina-do-gier-bitewnych-wwii-lub-fantasy-jednoczesciowa","status":"publish","type":"product","link":"https:\/\/3dvikingsstore.com\/pl\/shop\/gola-kamienna-ruina-do-gier-bitewnych-wwii-lub-fantasy-jednoczesciowa\/","title":{"rendered":"Go\u0142a, Kamienna Ruina do Gier Bitewnych WWII lub Fantasy (Jednocz\u0119\u015bciowa)"},"content":{"rendered":"<p>Je\u015bli szukasz prostego i wszechstronnego elementu terenu do swoich gier wojennych z okresu II wojny \u015bwiatowej lub fantasy, pokochasz ten kamienny, zrujnowany budynek. Model ten jest jednocz\u0119\u015bciow\u0105 konstrukcj\u0105, kt\u00f3r\u0105 mo\u017cna \u0142atwo umie\u015bci\u0107 na blacie.<\/p>\n<p>Zrujnowany budynek z go\u0142ego kamienia ma rustykalny i zniszczony wygl\u0105d, kt\u00f3ry dodaje realizmu i atmosfery do scenariuszy gier wojennych. Mo\u017cna go u\u017cywa\u0107 jako t\u0142a, os\u0142ony lub celu dla swoich figurek. Model jest kompatybilny z ka\u017cd\u0105 gr\u0105 wojenn\u0105, kt\u00f3ra wymaga \u015bredniowiecznej lub wsp\u00f3\u0142czesnej scenerii, takiej jak Dungeons and Dragons, Warhammer lub Bolt Action.<\/p>\n<p>Model nie jest pomalowany, wi\u0119c mo\u017cna go dostosowa\u0107 do w\u0142asnych upodoba\u0144. Mo\u017cesz tak\u017ce doda\u0107 troch\u0119 ro\u015blinno\u015bci, trawy lub gruzu, aby poprawi\u0107 wygl\u0105d i wra\u017cenie terenu. Miniatury pokazane na zdj\u0119ciach nie wchodz\u0105 w sk\u0142ad zestawu, s\u0142u\u017c\u0105 jedynie jako odniesienie do skali.<\/p>\n<p>Model wykonany jest z tworzywa sztucznego PLA, kt\u00f3re jest jednym z najbardziej przyjaznych dla \u015brodowiska filament\u00f3w dost\u0119pnych obecnie na rynku. PLA pochodzi ze \u017ar\u00f3de\u0142 odnawialnych, takich jak kukurydza i trzcina cukrowa, i jest biodegradowalny i nietoksyczny. PLA jest r\u00f3wnie\u017c trwa\u0142y i mocny, dzi\u0119ki czemu idealnie nadaje si\u0119 na teren do gier wojennych.<\/p>\n<p>Model zosta\u0142 nam dostarczony przez Terrain4Print, oficjalnego licencjonowanego sprzedawc\u0119.<\/p>\n<p>Nie przegap tej okazji, aby doda\u0107 troch\u0119 prostoty i r\u00f3\u017cnorodno\u015bci do swojego terenu do gry wojennej. Zam\u00f3w sw\u00f3j zrujnowany budynek z go\u0142ego kamienia ju\u017c dzi\u015b i przygotuj si\u0119 na przygody w grach wojennych! ???<\/p>\n","protected":false},"excerpt":{"rendered":"<p>Je\u015bli szukasz prostego i wszechstronnego elementu terenu do swoich gier wojennych z okresu II wojny \u015bwiatowej lub fantasy, pokochasz ten kamienny, zrujnowany budynek. Model ten jest jednocz\u0119\u015bciow\u0105 konstrukcj\u0105, kt\u00f3r\u0105 mo\u017cna \u0142atwo umie\u015bci\u0107 na blacie.<\/p>\n","protected":false},"featured_media":18813,"comment_status":"open","ping_status":"closed","template":"","meta":[],"product_cat":[3138,3137],"product_tag":[3160,3290,3285,3180,3286,3289,3288,3284,3203,3181,3177,3196,3287],"yoast_head":"<!-- This site is optimized with the Yoast SEO Premium plugin v22.9 (Yoast SEO v22.9) - https:\/\/yoast.com\/wordpress\/plugins\/seo\/ -->\n<title>Zrujnowany budynek z go\u0142ego kamienia do gier wojennych II wojny \u015bwiatowej lub fantasy<\/title>\n<meta name=\"description\" content=\"Zrujnowany budynek z go\u0142ego kamienia ma rustykalny i zniszczony wygl\u0105d, kt\u00f3ry dodaje realizmu i atmosfery do scenariuszy gier wojennych.\" \/>\n<meta name=\"robots\" content=\"index, follow, max-snippet:-1, max-image-preview:large, max-video-preview:-1\" \/>\n<link rel=\"canonical\" href=\"https:\/\/3dvikingsstore.com\/pl\/shop\/gola-kamienna-ruina-do-gier-bitewnych-wwii-lub-fantasy-jednoczesciowa\/\" \/>\n<meta property=\"og:locale\" content=\"pl_PL\" \/>\n<meta property=\"og:type\" content=\"article\" \/>\n<meta property=\"og:title\" content=\"Go\u0142a, Kamienna Ruina do Gier Bitewnych WWII lub Fantasy (Jednocz\u0119\u015bciowa)\" \/>\n<meta property=\"og:description\" content=\"Zrujnowany budynek z go\u0142ego kamienia ma rustykalny i zniszczony wygl\u0105d, kt\u00f3ry dodaje realizmu i atmosfery do scenariuszy gier wojennych.\" \/>\n<meta property=\"og:url\" content=\"https:\/\/3dvikingsstore.com\/pl\/shop\/gola-kamienna-ruina-do-gier-bitewnych-wwii-lub-fantasy-jednoczesciowa\/\" \/>\n<meta property=\"og:site_name\" content=\"3D Vikings Store\" \/>\n<meta property=\"og:image\" content=\"https:\/\/3dvikingsstore.com\/wp-content\/uploads\/2020\/03\/il_794xN.1979773311_ntgf.jpg\" \/>\n\t<meta property=\"og:image:width\" content=\"794\" \/>\n\t<meta property=\"og:image:height\" content=\"635\" \/>\n\t<meta property=\"og:image:type\" content=\"image\/jpeg\" \/>\n<meta name=\"twitter:card\" content=\"summary_large_image\" \/>\n<meta name=\"twitter:label1\" content=\"Szacowany czas czytania\" \/>\n\t<meta name=\"twitter:data1\" content=\"1 minuta\" \/>\n<script type=\"application\/ld+json\" class=\"yoast-schema-graph\">{\"@context\":\"https:\/\/schema.org\",\"@graph\":[{\"@type\":[\"WebPage\",\"ItemPage\"],\"@id\":\"https:\/\/3dvikingsstore.com\/pl\/shop\/gola-kamienna-ruina-do-gier-bitewnych-wwii-lub-fantasy-jednoczesciowa\/\",\"url\":\"https:\/\/3dvikingsstore.com\/pl\/shop\/gola-kamienna-ruina-do-gier-bitewnych-wwii-lub-fantasy-jednoczesciowa\/\",\"name\":\"Zrujnowany budynek z go\u0142ego kamienia do gier wojennych II wojny \u015bwiatowej lub fantasy\",\"isPartOf\":{\"@id\":\"https:\/\/3dvikingsstore.com\/pl\/#website\"},\"primaryImageOfPage\":{\"@id\":\"https:\/\/3dvikingsstore.com\/pl\/shop\/gola-kamienna-ruina-do-gier-bitewnych-wwii-lub-fantasy-jednoczesciowa\/#primaryimage\"},\"image\":{\"@id\":\"https:\/\/3dvikingsstore.com\/pl\/shop\/gola-kamienna-ruina-do-gier-bitewnych-wwii-lub-fantasy-jednoczesciowa\/#primaryimage\"},\"thumbnailUrl\":\"https:\/\/3dvikingsstore.com\/wp-content\/uploads\/2020\/03\/il_794xN.1979773311_ntgf.jpg\",\"datePublished\":\"2020-03-01T00:58:31+00:00\",\"dateModified\":\"2020-03-01T00:58:31+00:00\",\"description\":\"Zrujnowany budynek z go\u0142ego kamienia ma rustykalny i zniszczony wygl\u0105d, kt\u00f3ry dodaje realizmu i atmosfery do scenariuszy gier wojennych.\",\"breadcrumb\":{\"@id\":\"https:\/\/3dvikingsstore.com\/pl\/shop\/gola-kamienna-ruina-do-gier-bitewnych-wwii-lub-fantasy-jednoczesciowa\/#breadcrumb\"},\"inLanguage\":\"pl-PL\",\"potentialAction\":[{\"@type\":\"ReadAction\",\"target\":[\"https:\/\/3dvikingsstore.com\/pl\/shop\/gola-kamienna-ruina-do-gier-bitewnych-wwii-lub-fantasy-jednoczesciowa\/\"]}]},{\"@type\":\"ImageObject\",\"inLanguage\":\"pl-PL\",\"@id\":\"https:\/\/3dvikingsstore.com\/pl\/shop\/gola-kamienna-ruina-do-gier-bitewnych-wwii-lub-fantasy-jednoczesciowa\/#primaryimage\",\"url\":\"https:\/\/3dvikingsstore.com\/wp-content\/uploads\/2020\/03\/il_794xN.1979773311_ntgf.jpg\",\"contentUrl\":\"https:\/\/3dvikingsstore.com\/wp-content\/uploads\/2020\/03\/il_794xN.1979773311_ntgf.jpg\",\"width\":794,\"height\":635},{\"@type\":\"BreadcrumbList\",\"@id\":\"https:\/\/3dvikingsstore.com\/pl\/shop\/gola-kamienna-ruina-do-gier-bitewnych-wwii-lub-fantasy-jednoczesciowa\/#breadcrumb\",\"itemListElement\":[{\"@type\":\"ListItem\",\"position\":1,\"name\":\"Home\",\"item\":\"https:\/\/3dvikingsstore.com\/pl\/\"},{\"@type\":\"ListItem\",\"position\":2,\"name\":\"Shop\",\"item\":\"https:\/\/3dvikingsstore.com\/shop\/\"},{\"@type\":\"ListItem\",\"position\":3,\"name\":\"Go\u0142a, Kamienna Ruina do Gier Bitewnych WWII lub Fantasy (Jednocz\u0119\u015bciowa)\"}]},{\"@type\":\"WebSite\",\"@id\":\"https:\/\/3dvikingsstore.com\/pl\/#website\",\"url\":\"https:\/\/3dvikingsstore.com\/pl\/\",\"name\":\"3D Vikings Store\",\"description\":\"Dekoracje i Akcesoria do Gier Planszowych i Sto\u0142owych\",\"publisher\":{\"@id\":\"https:\/\/3dvikingsstore.com\/pl\/#organization\"},\"potentialAction\":[{\"@type\":\"SearchAction\",\"target\":{\"@type\":\"EntryPoint\",\"urlTemplate\":\"https:\/\/3dvikingsstore.com\/pl\/?s={search_term_string}\"},\"query-input\":\"required name=search_term_string\"}],\"inLanguage\":\"pl-PL\"},{\"@type\":\"Organization\",\"@id\":\"https:\/\/3dvikingsstore.com\/pl\/#organization\",\"name\":\"3D Vikings Store\",\"url\":\"https:\/\/3dvikingsstore.com\/pl\/\",\"logo\":{\"@type\":\"ImageObject\",\"inLanguage\":\"pl-PL\",\"@id\":\"https:\/\/3dvikingsstore.com\/pl\/#\/schema\/logo\/image\/\",\"url\":\"https:\/\/3dvikingsstore.com\/wp-content\/uploads\/2020\/03\/3dvikings-logo-karge-white.jpg\",\"contentUrl\":\"https:\/\/3dvikingsstore.com\/wp-content\/uploads\/2020\/03\/3dvikings-logo-karge-white.jpg\",\"width\":800,\"height\":800,\"caption\":\"3D Vikings Store\"},\"image\":{\"@id\":\"https:\/\/3dvikingsstore.com\/pl\/#\/schema\/logo\/image\/\"}}]}<\/script>\n<!-- \/ Yoast SEO Premium plugin. -->","yoast_head_json":{"title":"Zrujnowany budynek z go\u0142ego kamienia do gier wojennych II wojny \u015bwiatowej lub fantasy","description":"Zrujnowany budynek z go\u0142ego kamienia ma rustykalny i zniszczony wygl\u0105d, kt\u00f3ry dodaje realizmu i atmosfery do scenariuszy gier wojennych.","robots":{"index":"index","follow":"follow","max-snippet":"max-snippet:-1","max-image-preview":"max-image-preview:large","max-video-preview":"max-video-preview:-1"},"canonical":"https:\/\/3dvikingsstore.com\/pl\/shop\/gola-kamienna-ruina-do-gier-bitewnych-wwii-lub-fantasy-jednoczesciowa\/","og_locale":"pl_PL","og_type":"article","og_title":"Go\u0142a, Kamienna Ruina do Gier Bitewnych WWII lub Fantasy (Jednocz\u0119\u015bciowa)","og_description":"Zrujnowany budynek z go\u0142ego kamienia ma rustykalny i zniszczony wygl\u0105d, kt\u00f3ry dodaje realizmu i atmosfery do scenariuszy gier wojennych.","og_url":"https:\/\/3dvikingsstore.com\/pl\/shop\/gola-kamienna-ruina-do-gier-bitewnych-wwii-lub-fantasy-jednoczesciowa\/","og_site_name":"3D Vikings Store","og_image":[{"width":794,"height":635,"url":"https:\/\/3dvikingsstore.com\/wp-content\/uploads\/2020\/03\/il_794xN.1979773311_ntgf.jpg","type":"image\/jpeg"}],"twitter_card":"summary_large_image","twitter_misc":{"Szacowany czas czytania":"1 minuta"},"schema":{"@context":"https:\/\/schema.org","@graph":[{"@type":["WebPage","ItemPage"],"@id":"https:\/\/3dvikingsstore.com\/pl\/shop\/gola-kamienna-ruina-do-gier-bitewnych-wwii-lub-fantasy-jednoczesciowa\/","url":"https:\/\/3dvikingsstore.com\/pl\/shop\/gola-kamienna-ruina-do-gier-bitewnych-wwii-lub-fantasy-jednoczesciowa\/","name":"Zrujnowany budynek z go\u0142ego kamienia do gier wojennych II wojny \u015bwiatowej lub fantasy","isPartOf":{"@id":"https:\/\/3dvikingsstore.com\/pl\/#website"},"primaryImageOfPage":{"@id":"https:\/\/3dvikingsstore.com\/pl\/shop\/gola-kamienna-ruina-do-gier-bitewnych-wwii-lub-fantasy-jednoczesciowa\/#primaryimage"},"image":{"@id":"https:\/\/3dvikingsstore.com\/pl\/shop\/gola-kamienna-ruina-do-gier-bitewnych-wwii-lub-fantasy-jednoczesciowa\/#primaryimage"},"thumbnailUrl":"https:\/\/3dvikingsstore.com\/wp-content\/uploads\/2020\/03\/il_794xN.1979773311_ntgf.jpg","datePublished":"2020-03-01T00:58:31+00:00","dateModified":"2020-03-01T00:58:31+00:00","description":"Zrujnowany budynek z go\u0142ego kamienia ma rustykalny i zniszczony wygl\u0105d, kt\u00f3ry dodaje realizmu i atmosfery do scenariuszy gier wojennych.","breadcrumb":{"@id":"https:\/\/3dvikingsstore.com\/pl\/shop\/gola-kamienna-ruina-do-gier-bitewnych-wwii-lub-fantasy-jednoczesciowa\/#breadcrumb"},"inLanguage":"pl-PL","potentialAction":[{"@type":"ReadAction","target":["https:\/\/3dvikingsstore.com\/pl\/shop\/gola-kamienna-ruina-do-gier-bitewnych-wwii-lub-fantasy-jednoczesciowa\/"]}]},{"@type":"ImageObject","inLanguage":"pl-PL","@id":"https:\/\/3dvikingsstore.com\/pl\/shop\/gola-kamienna-ruina-do-gier-bitewnych-wwii-lub-fantasy-jednoczesciowa\/#primaryimage","url":"https:\/\/3dvikingsstore.com\/wp-content\/uploads\/2020\/03\/il_794xN.1979773311_ntgf.jpg","contentUrl":"https:\/\/3dvikingsstore.com\/wp-content\/uploads\/2020\/03\/il_794xN.1979773311_ntgf.jpg","width":794,"height":635},{"@type":"BreadcrumbList","@id":"https:\/\/3dvikingsstore.com\/pl\/shop\/gola-kamienna-ruina-do-gier-bitewnych-wwii-lub-fantasy-jednoczesciowa\/#breadcrumb","itemListElement":[{"@type":"ListItem","position":1,"name":"Home","item":"https:\/\/3dvikingsstore.com\/pl\/"},{"@type":"ListItem","position":2,"name":"Shop","item":"https:\/\/3dvikingsstore.com\/shop\/"},{"@type":"ListItem","position":3,"name":"Go\u0142a, Kamienna Ruina do Gier Bitewnych WWII lub Fantasy (Jednocz\u0119\u015bciowa)"}]},{"@type":"WebSite","@id":"https:\/\/3dvikingsstore.com\/pl\/#website","url":"https:\/\/3dvikingsstore.com\/pl\/","name":"3D Vikings Store","description":"Dekoracje i Akcesoria do Gier Planszowych i Sto\u0142owych","publisher":{"@id":"https:\/\/3dvikingsstore.com\/pl\/#organization"},"potentialAction":[{"@type":"SearchAction","target":{"@type":"EntryPoint","urlTemplate":"https:\/\/3dvikingsstore.com\/pl\/?s={search_term_string}"},"query-input":"required name=search_term_string"}],"inLanguage":"pl-PL"},{"@type":"Organization","@id":"https:\/\/3dvikingsstore.com\/pl\/#organization","name":"3D Vikings Store","url":"https:\/\/3dvikingsstore.com\/pl\/","logo":{"@type":"ImageObject","inLanguage":"pl-PL","@id":"https:\/\/3dvikingsstore.com\/pl\/#\/schema\/logo\/image\/","url":"https:\/\/3dvikingsstore.com\/wp-content\/uploads\/2020\/03\/3dvikings-logo-karge-white.jpg","contentUrl":"https:\/\/3dvikingsstore.com\/wp-content\/uploads\/2020\/03\/3dvikings-logo-karge-white.jpg","width":800,"height":800,"caption":"3D Vikings Store"},"image":{"@id":"https:\/\/3dvikingsstore.com\/pl\/#\/schema\/logo\/image\/"}}]}},"_links":{"self":[{"href":"https:\/\/3dvikingsstore.com\/pl\/wp-json\/wp\/v2\/product\/18812"}],"collection":[{"href":"https:\/\/3dvikingsstore.com\/pl\/wp-json\/wp\/v2\/product"}],"about":[{"href":"https:\/\/3dvikingsstore.com\/pl\/wp-json\/wp\/v2\/types\/product"}],"replies":[{"embeddable":true,"href":"https:\/\/3dvikingsstore.com\/pl\/wp-json\/wp\/v2\/comments?post=18812"}],"version-history":[{"count":0,"href":"https:\/\/3dvikingsstore.com\/pl\/wp-json\/wp\/v2\/product\/18812\/revisions"}],"wp:featuredmedia":[{"embeddable":true,"href":"https:\/\/3dvikingsstore.com\/pl\/wp-json\/wp\/v2\/media\/18813"}],"wp:attachment":[{"href":"https:\/\/3dvikingsstore.com\/pl\/wp-json\/wp\/v2\/media?parent=18812"}],"wp:term":[{"taxonomy":"product_cat","embeddable":true,"href":"https:\/\/3dvikingsstore.com\/pl\/wp-json\/wp\/v2\/product_cat?post=18812"},{"taxonomy":"product_tag","embeddable":true,"href":"https:\/\/3dvikingsstore.com\/pl\/wp-json\/wp\/v2\/product_tag?post=18812"}],"curies":[{"name":"wp","href":"https:\/\/api.w.org\/{rel}","templated":true}]}}