{"id":18810,"date":"2020-03-01T02:58:32","date_gmt":"2020-03-01T00:58:32","guid":{"rendered":"https:\/\/3dvikingsstore.com\/shop\/pustynny-budynek-sci-fi-kompatybilny-z-star-wars-legion-skala-28mm-32mm\/"},"modified":"2020-03-01T02:58:32","modified_gmt":"2020-03-01T00:58:32","slug":"pustynny-budynek-sci-fi-kompatybilny-z-star-wars-legion-skala-28mm-32mm","status":"publish","type":"product","link":"https:\/\/3dvikingsstore.com\/pl\/shop\/pustynny-budynek-sci-fi-kompatybilny-z-star-wars-legion-skala-28mm-32mm\/","title":{"rendered":"Pustynny Budynek Sci-Fi Kompatybilny z Star Wars Legion Skala 28mm 32mm"},"content":{"rendered":"<p>? Szukasz realistycznego i wci\u0105gaj\u0105cego elementu terenu do swoich gier sto\u0142owych sci-fi? Chcesz odtworzy\u0107 epickie bitwy z Gwiezdnych Wojen lub zbada\u0107 surowe pustynie Dune? Je\u015bli tak, to pokochasz ten budynek kompatybilny z pustynnym \u015bwiatem Sci-Fi Star Wars Legion!<\/p>\n<p>Ten budynek zosta\u0142 zaprojektowany tak, aby idealnie pasowa\u0142 do Star Wars Legion i innych miniatur RPG (Star Wars, Dungeons &amp; Dragons, Pathfinder), Warhammer lub innych gier sto\u0142owych. Ma szczeg\u00f3\u0142ow\u0105 i solidn\u0105 konstrukcj\u0119 z dachem w kszta\u0142cie kopu\u0142y, okr\u0105g\u0142ym wej\u015bciem i oknami. Budynek ma tekstur\u0119 przypominaj\u0105c\u0105 piaskowiec i jest dost\u0119pny w szarym kolorze, co nadaje mu realistyczny pustynny wygl\u0105d. Budynek ma wymiary 6,77&#8243; x 8,22&#8243; x 3,74&#8243; (172 mm x 209 mm x 95 mm), co czyni go doskona\u0142ym elementem centralnym sto\u0142u do gier.<\/p>\n<p>Budynek jest dostarczany w stanie niedoko\u0144czonym, dzi\u0119ki czemu mo\u017cna go dostosowa\u0107 do w\u0142asnych upodoba\u0144. Mo\u017cesz pomalowa\u0107 go na ulubione kolory, doda\u0107 efekty pogodowe, a nawet do\u0142\u0105czy\u0107 akcesoria, takie jak anteny, flagi lub znaki. Do wyko\u0144czenia i pomalowania budynku potrzebne b\u0119d\u0105 podstawowe narz\u0119dzia modelarskie, takie jak papier \u015bcierny, klej, podk\u0142ad i farba. Mo\u017cesz tak\u017ce u\u017cy\u0107 technik mycia, suchego p\u0119dzla lub aerografu, aby uwydatni\u0107 szczeg\u00f3\u0142y i uzyska\u0107 osza\u0142amiaj\u0105cy efekt.<\/p>\n<p>Ten budynek to pozycja obowi\u0105zkowa dla ka\u017cdego fana sci-fi lub gracza sto\u0142owego. Doda on wiele zabawy i realizmu do twoich gier i sprawi, \u017ce twoje figurki b\u0119d\u0105 si\u0119 wyr\u00f3\u017cnia\u0107. Niezale\u017cnie od tego, czy walczysz dla Sojuszu Rebeliant\u00f3w, Imperium Galaktycznego, czy w\u0142asnej frakcji, z przyjemno\u015bci\u0105 wykorzystasz ten budynek jako os\u0142on\u0119, baz\u0119 lub element scenerii. Zam\u00f3w ju\u017c dzi\u015b i przygotuj si\u0119 na epickie przygody na pustyni! ?<\/p>\n<p>Drukowany jest z PLA, kt\u00f3ry jest jednym z najbardziej przyjaznych dla \u015brodowiska filament\u00f3w dost\u0119pnych obecnie na rynku. Pochodz\u0105cy z upraw takich jak kukurydza i trzcina cukrowa, PLA jest odnawialny, a co najwa\u017cniejsze biodegradowalny i nietoksyczny. Wydrukowane na nim przedmioty s\u0105 trwa\u0142e i wytrzyma\u0142e.<\/p>\n","protected":false},"excerpt":{"rendered":"<p>Ten budynek zosta\u0142 zaprojektowany tak, aby idealnie pasowa\u0142 do Star Wars Legion i innych miniatur RPG (Star Wars, Dungeons &amp; Dragons, Pathfinder), Warhammer lub innych gier sto\u0142owych. Ma szczeg\u00f3\u0142ow\u0105 i solidn\u0105 konstrukcj\u0119 z dachem w kszta\u0142cie kopu\u0142y, okr\u0105g\u0142ym wej\u015bciem i oknami. Budynek ma tekstur\u0119 przypominaj\u0105c\u0105 piaskowiec i jest dost\u0119pny w szarym kolorze, co nadaje mu realistyczny pustynny wygl\u0105d.<\/p>\n","protected":false},"featured_media":18811,"comment_status":"open","ping_status":"closed","template":"","meta":[],"product_cat":[3138,3137,3152],"product_tag":[3212,3160,3209,3211,3210,3203,3208,3207,3205,3202,3206,3204],"yoast_head":"<!-- This site is optimized with the Yoast SEO Premium plugin v22.9 (Yoast SEO v22.9) - https:\/\/yoast.com\/wordpress\/plugins\/seo\/ -->\n<title>Pustynny Budynek Sci-Fi Kompatybilny z Star Wars Legion Skala 28mm 32mm<\/title>\n<meta name=\"description\" content=\"Ten budynek zosta\u0142 zaprojektowany tak, aby idealnie pasowa\u0142 do Star Wars Legion i innych miniatur RPG (Star Wars, Dungeons &amp; Dragons, Pathfinder), Warhammer.\" \/>\n<meta name=\"robots\" content=\"index, follow, max-snippet:-1, max-image-preview:large, max-video-preview:-1\" \/>\n<link rel=\"canonical\" href=\"https:\/\/3dvikingsstore.com\/pl\/shop\/pustynny-budynek-sci-fi-kompatybilny-z-star-wars-legion-skala-28mm-32mm\/\" \/>\n<meta property=\"og:locale\" content=\"pl_PL\" \/>\n<meta property=\"og:type\" content=\"article\" \/>\n<meta property=\"og:title\" content=\"Pustynny Budynek Sci-Fi Kompatybilny z Star Wars Legion Skala 28mm 32mm\" \/>\n<meta property=\"og:description\" content=\"Ten budynek zosta\u0142 zaprojektowany tak, aby idealnie pasowa\u0142 do Star Wars Legion i innych miniatur RPG (Star Wars, Dungeons &amp; Dragons, Pathfinder), Warhammer.\" \/>\n<meta property=\"og:url\" content=\"https:\/\/3dvikingsstore.com\/pl\/shop\/pustynny-budynek-sci-fi-kompatybilny-z-star-wars-legion-skala-28mm-32mm\/\" \/>\n<meta property=\"og:site_name\" content=\"3D Vikings Store\" \/>\n<meta property=\"og:image\" content=\"https:\/\/3dvikingsstore.com\/wp-content\/uploads\/2020\/03\/il_794xN.1980009451_hxm9.jpg\" \/>\n\t<meta property=\"og:image:width\" content=\"794\" \/>\n\t<meta property=\"og:image:height\" content=\"568\" \/>\n\t<meta property=\"og:image:type\" content=\"image\/jpeg\" \/>\n<meta name=\"twitter:card\" content=\"summary_large_image\" \/>\n<meta name=\"twitter:label1\" content=\"Szacowany czas czytania\" \/>\n\t<meta name=\"twitter:data1\" content=\"2 minuty\" \/>\n<script type=\"application\/ld+json\" class=\"yoast-schema-graph\">{\"@context\":\"https:\/\/schema.org\",\"@graph\":[{\"@type\":[\"WebPage\",\"ItemPage\"],\"@id\":\"https:\/\/3dvikingsstore.com\/pl\/shop\/pustynny-budynek-sci-fi-kompatybilny-z-star-wars-legion-skala-28mm-32mm\/\",\"url\":\"https:\/\/3dvikingsstore.com\/pl\/shop\/pustynny-budynek-sci-fi-kompatybilny-z-star-wars-legion-skala-28mm-32mm\/\",\"name\":\"Pustynny Budynek Sci-Fi Kompatybilny z Star Wars Legion Skala 28mm 32mm\",\"isPartOf\":{\"@id\":\"https:\/\/3dvikingsstore.com\/pl\/#website\"},\"primaryImageOfPage\":{\"@id\":\"https:\/\/3dvikingsstore.com\/pl\/shop\/pustynny-budynek-sci-fi-kompatybilny-z-star-wars-legion-skala-28mm-32mm\/#primaryimage\"},\"image\":{\"@id\":\"https:\/\/3dvikingsstore.com\/pl\/shop\/pustynny-budynek-sci-fi-kompatybilny-z-star-wars-legion-skala-28mm-32mm\/#primaryimage\"},\"thumbnailUrl\":\"https:\/\/3dvikingsstore.com\/wp-content\/uploads\/2020\/03\/il_794xN.1980009451_hxm9.jpg\",\"datePublished\":\"2020-03-01T00:58:32+00:00\",\"dateModified\":\"2020-03-01T00:58:32+00:00\",\"description\":\"Ten budynek zosta\u0142 zaprojektowany tak, aby idealnie pasowa\u0142 do Star Wars Legion i innych miniatur RPG (Star Wars, Dungeons & Dragons, Pathfinder), Warhammer.\",\"breadcrumb\":{\"@id\":\"https:\/\/3dvikingsstore.com\/pl\/shop\/pustynny-budynek-sci-fi-kompatybilny-z-star-wars-legion-skala-28mm-32mm\/#breadcrumb\"},\"inLanguage\":\"pl-PL\",\"potentialAction\":[{\"@type\":\"ReadAction\",\"target\":[\"https:\/\/3dvikingsstore.com\/pl\/shop\/pustynny-budynek-sci-fi-kompatybilny-z-star-wars-legion-skala-28mm-32mm\/\"]}]},{\"@type\":\"ImageObject\",\"inLanguage\":\"pl-PL\",\"@id\":\"https:\/\/3dvikingsstore.com\/pl\/shop\/pustynny-budynek-sci-fi-kompatybilny-z-star-wars-legion-skala-28mm-32mm\/#primaryimage\",\"url\":\"https:\/\/3dvikingsstore.com\/wp-content\/uploads\/2020\/03\/il_794xN.1980009451_hxm9.jpg\",\"contentUrl\":\"https:\/\/3dvikingsstore.com\/wp-content\/uploads\/2020\/03\/il_794xN.1980009451_hxm9.jpg\",\"width\":794,\"height\":568},{\"@type\":\"BreadcrumbList\",\"@id\":\"https:\/\/3dvikingsstore.com\/pl\/shop\/pustynny-budynek-sci-fi-kompatybilny-z-star-wars-legion-skala-28mm-32mm\/#breadcrumb\",\"itemListElement\":[{\"@type\":\"ListItem\",\"position\":1,\"name\":\"Home\",\"item\":\"https:\/\/3dvikingsstore.com\/pl\/\"},{\"@type\":\"ListItem\",\"position\":2,\"name\":\"Shop\",\"item\":\"https:\/\/3dvikingsstore.com\/shop\/\"},{\"@type\":\"ListItem\",\"position\":3,\"name\":\"Pustynny Budynek Sci-Fi Kompatybilny z Star Wars Legion Skala 28mm 32mm\"}]},{\"@type\":\"WebSite\",\"@id\":\"https:\/\/3dvikingsstore.com\/pl\/#website\",\"url\":\"https:\/\/3dvikingsstore.com\/pl\/\",\"name\":\"3D Vikings Store\",\"description\":\"Dekoracje i Akcesoria do Gier Planszowych i Sto\u0142owych\",\"publisher\":{\"@id\":\"https:\/\/3dvikingsstore.com\/pl\/#organization\"},\"potentialAction\":[{\"@type\":\"SearchAction\",\"target\":{\"@type\":\"EntryPoint\",\"urlTemplate\":\"https:\/\/3dvikingsstore.com\/pl\/?s={search_term_string}\"},\"query-input\":\"required name=search_term_string\"}],\"inLanguage\":\"pl-PL\"},{\"@type\":\"Organization\",\"@id\":\"https:\/\/3dvikingsstore.com\/pl\/#organization\",\"name\":\"3D Vikings Store\",\"url\":\"https:\/\/3dvikingsstore.com\/pl\/\",\"logo\":{\"@type\":\"ImageObject\",\"inLanguage\":\"pl-PL\",\"@id\":\"https:\/\/3dvikingsstore.com\/pl\/#\/schema\/logo\/image\/\",\"url\":\"https:\/\/3dvikingsstore.com\/wp-content\/uploads\/2020\/03\/3dvikings-logo-karge-white.jpg\",\"contentUrl\":\"https:\/\/3dvikingsstore.com\/wp-content\/uploads\/2020\/03\/3dvikings-logo-karge-white.jpg\",\"width\":800,\"height\":800,\"caption\":\"3D Vikings Store\"},\"image\":{\"@id\":\"https:\/\/3dvikingsstore.com\/pl\/#\/schema\/logo\/image\/\"}}]}<\/script>\n<!-- \/ Yoast SEO Premium plugin. -->","yoast_head_json":{"title":"Pustynny Budynek Sci-Fi Kompatybilny z Star Wars Legion Skala 28mm 32mm","description":"Ten budynek zosta\u0142 zaprojektowany tak, aby idealnie pasowa\u0142 do Star Wars Legion i innych miniatur RPG (Star Wars, Dungeons & Dragons, Pathfinder), Warhammer.","robots":{"index":"index","follow":"follow","max-snippet":"max-snippet:-1","max-image-preview":"max-image-preview:large","max-video-preview":"max-video-preview:-1"},"canonical":"https:\/\/3dvikingsstore.com\/pl\/shop\/pustynny-budynek-sci-fi-kompatybilny-z-star-wars-legion-skala-28mm-32mm\/","og_locale":"pl_PL","og_type":"article","og_title":"Pustynny Budynek Sci-Fi Kompatybilny z Star Wars Legion Skala 28mm 32mm","og_description":"Ten budynek zosta\u0142 zaprojektowany tak, aby idealnie pasowa\u0142 do Star Wars Legion i innych miniatur RPG (Star Wars, Dungeons & Dragons, Pathfinder), Warhammer.","og_url":"https:\/\/3dvikingsstore.com\/pl\/shop\/pustynny-budynek-sci-fi-kompatybilny-z-star-wars-legion-skala-28mm-32mm\/","og_site_name":"3D Vikings Store","og_image":[{"width":794,"height":568,"url":"https:\/\/3dvikingsstore.com\/wp-content\/uploads\/2020\/03\/il_794xN.1980009451_hxm9.jpg","type":"image\/jpeg"}],"twitter_card":"summary_large_image","twitter_misc":{"Szacowany czas czytania":"2 minuty"},"schema":{"@context":"https:\/\/schema.org","@graph":[{"@type":["WebPage","ItemPage"],"@id":"https:\/\/3dvikingsstore.com\/pl\/shop\/pustynny-budynek-sci-fi-kompatybilny-z-star-wars-legion-skala-28mm-32mm\/","url":"https:\/\/3dvikingsstore.com\/pl\/shop\/pustynny-budynek-sci-fi-kompatybilny-z-star-wars-legion-skala-28mm-32mm\/","name":"Pustynny Budynek Sci-Fi Kompatybilny z Star Wars Legion Skala 28mm 32mm","isPartOf":{"@id":"https:\/\/3dvikingsstore.com\/pl\/#website"},"primaryImageOfPage":{"@id":"https:\/\/3dvikingsstore.com\/pl\/shop\/pustynny-budynek-sci-fi-kompatybilny-z-star-wars-legion-skala-28mm-32mm\/#primaryimage"},"image":{"@id":"https:\/\/3dvikingsstore.com\/pl\/shop\/pustynny-budynek-sci-fi-kompatybilny-z-star-wars-legion-skala-28mm-32mm\/#primaryimage"},"thumbnailUrl":"https:\/\/3dvikingsstore.com\/wp-content\/uploads\/2020\/03\/il_794xN.1980009451_hxm9.jpg","datePublished":"2020-03-01T00:58:32+00:00","dateModified":"2020-03-01T00:58:32+00:00","description":"Ten budynek zosta\u0142 zaprojektowany tak, aby idealnie pasowa\u0142 do Star Wars Legion i innych miniatur RPG (Star Wars, Dungeons & Dragons, Pathfinder), Warhammer.","breadcrumb":{"@id":"https:\/\/3dvikingsstore.com\/pl\/shop\/pustynny-budynek-sci-fi-kompatybilny-z-star-wars-legion-skala-28mm-32mm\/#breadcrumb"},"inLanguage":"pl-PL","potentialAction":[{"@type":"ReadAction","target":["https:\/\/3dvikingsstore.com\/pl\/shop\/pustynny-budynek-sci-fi-kompatybilny-z-star-wars-legion-skala-28mm-32mm\/"]}]},{"@type":"ImageObject","inLanguage":"pl-PL","@id":"https:\/\/3dvikingsstore.com\/pl\/shop\/pustynny-budynek-sci-fi-kompatybilny-z-star-wars-legion-skala-28mm-32mm\/#primaryimage","url":"https:\/\/3dvikingsstore.com\/wp-content\/uploads\/2020\/03\/il_794xN.1980009451_hxm9.jpg","contentUrl":"https:\/\/3dvikingsstore.com\/wp-content\/uploads\/2020\/03\/il_794xN.1980009451_hxm9.jpg","width":794,"height":568},{"@type":"BreadcrumbList","@id":"https:\/\/3dvikingsstore.com\/pl\/shop\/pustynny-budynek-sci-fi-kompatybilny-z-star-wars-legion-skala-28mm-32mm\/#breadcrumb","itemListElement":[{"@type":"ListItem","position":1,"name":"Home","item":"https:\/\/3dvikingsstore.com\/pl\/"},{"@type":"ListItem","position":2,"name":"Shop","item":"https:\/\/3dvikingsstore.com\/shop\/"},{"@type":"ListItem","position":3,"name":"Pustynny Budynek Sci-Fi Kompatybilny z Star Wars Legion Skala 28mm 32mm"}]},{"@type":"WebSite","@id":"https:\/\/3dvikingsstore.com\/pl\/#website","url":"https:\/\/3dvikingsstore.com\/pl\/","name":"3D Vikings Store","description":"Dekoracje i Akcesoria do Gier Planszowych i Sto\u0142owych","publisher":{"@id":"https:\/\/3dvikingsstore.com\/pl\/#organization"},"potentialAction":[{"@type":"SearchAction","target":{"@type":"EntryPoint","urlTemplate":"https:\/\/3dvikingsstore.com\/pl\/?s={search_term_string}"},"query-input":"required name=search_term_string"}],"inLanguage":"pl-PL"},{"@type":"Organization","@id":"https:\/\/3dvikingsstore.com\/pl\/#organization","name":"3D Vikings Store","url":"https:\/\/3dvikingsstore.com\/pl\/","logo":{"@type":"ImageObject","inLanguage":"pl-PL","@id":"https:\/\/3dvikingsstore.com\/pl\/#\/schema\/logo\/image\/","url":"https:\/\/3dvikingsstore.com\/wp-content\/uploads\/2020\/03\/3dvikings-logo-karge-white.jpg","contentUrl":"https:\/\/3dvikingsstore.com\/wp-content\/uploads\/2020\/03\/3dvikings-logo-karge-white.jpg","width":800,"height":800,"caption":"3D Vikings Store"},"image":{"@id":"https:\/\/3dvikingsstore.com\/pl\/#\/schema\/logo\/image\/"}}]}},"_links":{"self":[{"href":"https:\/\/3dvikingsstore.com\/pl\/wp-json\/wp\/v2\/product\/18810"}],"collection":[{"href":"https:\/\/3dvikingsstore.com\/pl\/wp-json\/wp\/v2\/product"}],"about":[{"href":"https:\/\/3dvikingsstore.com\/pl\/wp-json\/wp\/v2\/types\/product"}],"replies":[{"embeddable":true,"href":"https:\/\/3dvikingsstore.com\/pl\/wp-json\/wp\/v2\/comments?post=18810"}],"version-history":[{"count":0,"href":"https:\/\/3dvikingsstore.com\/pl\/wp-json\/wp\/v2\/product\/18810\/revisions"}],"wp:featuredmedia":[{"embeddable":true,"href":"https:\/\/3dvikingsstore.com\/pl\/wp-json\/wp\/v2\/media\/18811"}],"wp:attachment":[{"href":"https:\/\/3dvikingsstore.com\/pl\/wp-json\/wp\/v2\/media?parent=18810"}],"wp:term":[{"taxonomy":"product_cat","embeddable":true,"href":"https:\/\/3dvikingsstore.com\/pl\/wp-json\/wp\/v2\/product_cat?post=18810"},{"taxonomy":"product_tag","embeddable":true,"href":"https:\/\/3dvikingsstore.com\/pl\/wp-json\/wp\/v2\/product_tag?post=18810"}],"curies":[{"name":"wp","href":"https:\/\/api.w.org\/{rel}","templated":true}]}}