{"id":18808,"date":"2020-03-01T02:58:32","date_gmt":"2020-03-01T00:58:32","guid":{"rendered":"https:\/\/3dvikingsstore.com\/shop\/zestaw-3-mrocznych-konstrukcji-blokowych-teren-przemyslowy\/"},"modified":"2020-03-01T02:58:32","modified_gmt":"2020-03-01T00:58:32","slug":"zestaw-3-mrocznych-konstrukcji-blokowych-teren-przemyslowy","status":"publish","type":"product","link":"https:\/\/3dvikingsstore.com\/pl\/shop\/zestaw-3-mrocznych-konstrukcji-blokowych-teren-przemyslowy\/","title":{"rendered":"Zestaw 3 mrocznych konstrukcji blokowych &#8211; teren przemys\u0142owy"},"content":{"rendered":"<p>Jeste\u015b fanem ponurych scenerii i industrialnych teren\u00f3w? Lubisz tworzy\u0107 wci\u0105gaj\u0105ce i klimatyczne sceny do swoich gier sto\u0142owych? Je\u015bli tak, pokochasz Blokowe Budowle Grimdark!<\/p>\n<p>S\u0105 to modu\u0142owe elementy terenu przemys\u0142owego, kt\u00f3re mo\u017cna wykorzysta\u0107 do tworzenia niesamowitych scen dystopijnych fabryk, pustkowi i p\u00f3l bitewnych. Zestaw zawiera trzy bloki o r\u00f3\u017cnych rozmiarach, ka\u017cdy z realistycznymi detalami, takimi jak rury, otwory wentylacyjne i metalowe p\u0142yty.<\/p>\n<p>Mo\u017cna je uk\u0142ada\u0107 w stosy, obraca\u0107 i \u0142\u0105czy\u0107 na niesko\u0144czenie wiele sposob\u00f3w, tworz\u0105c w\u0142asne, unikalne struktury. Klocki s\u0105 wykonane z wysokiej jako\u015bci plastiku i nie s\u0105 pomalowane, wi\u0119c mo\u017cesz uwolni\u0107 swoj\u0105 kreatywno\u015b\u0107 i pomalowa\u0107 je w dowolny spos\u00f3b.<\/p>\n<p>Bez wzgl\u0119du na to, czy chcesz, aby wygl\u0105da\u0142y na zardzewia\u0142e, brudne, czy nawet \u015bwiec\u0105ce, Blokowe Budowle Grimdark dodadz\u0105 du\u017co charakteru i atmosfery do Twoich gier sto\u0142owych.<\/p>\n<p>Nie przegap okazji, by zdoby\u0107 te niesamowite elementy terenu! Zam\u00f3w ju\u017c dzi\u015b i zacznij budowa\u0107 sw\u00f3j mroczny \u015bwiat!<\/p>\n<p><strong>Wymiary 1 bloku: 100 mm x 125 mm x 100 mm. Cale 3,93&#8243; x 4,92&#8243; x 3,93&#8243;<\/strong><\/p>\n<p>Drukowany jest z PLA, kt\u00f3ry jest jednym z najbardziej przyjaznych dla \u015brodowiska filament\u00f3w dost\u0119pnych obecnie na rynku. Pochodz\u0105cy z upraw takich jak kukurydza i trzcina cukrowa, PLA jest odnawialny, a co najwa\u017cniejsze biodegradowalny i nietoksyczny. Wydrukowane na nim przedmioty s\u0105 trwa\u0142e i wytrzyma\u0142e.<\/p>\n","protected":false},"excerpt":{"rendered":"<p>S\u0105 to modu\u0142owe elementy terenu przemys\u0142owego, kt\u00f3re mo\u017cna wykorzysta\u0107 do tworzenia niesamowitych scen dystopijnych fabryk, pustkowi i p\u00f3l bitewnych. Zestaw zawiera trzy bloki o r\u00f3\u017cnych rozmiarach, ka\u017cdy z realistycznymi detalami, takimi jak rury, otwory wentylacyjne i metalowe p\u0142yty.<\/p>\n","protected":false},"featured_media":18809,"comment_status":"open","ping_status":"closed","template":"","meta":[],"product_cat":[3137,3152],"product_tag":[3279,3247,3249,3248,3282,3258,3204,3199,3255,3256,3177,3280,3281,3257],"yoast_head":"<!-- This site is optimized with the Yoast SEO Premium plugin v22.9 (Yoast SEO v22.9) - https:\/\/yoast.com\/wordpress\/plugins\/seo\/ -->\n<title>Zestaw 3 mrocznych konstrukcji blokowych - teren przemys\u0142owy<\/title>\n<meta name=\"description\" content=\"S\u0105 to modu\u0142owe elementy terenu przemys\u0142owego, kt\u00f3re mo\u017cna wykorzysta\u0107 do tworzenia niesamowitych scen dystopijnych fabryk, pustkowi i p\u00f3l bitewnych.\" \/>\n<meta name=\"robots\" content=\"index, follow, max-snippet:-1, max-image-preview:large, max-video-preview:-1\" \/>\n<link rel=\"canonical\" href=\"https:\/\/3dvikingsstore.com\/pl\/shop\/zestaw-3-mrocznych-konstrukcji-blokowych-teren-przemyslowy\/\" \/>\n<meta property=\"og:locale\" content=\"pl_PL\" \/>\n<meta property=\"og:type\" content=\"article\" \/>\n<meta property=\"og:title\" content=\"Zestaw 3 mrocznych konstrukcji blokowych - teren przemys\u0142owy\" \/>\n<meta property=\"og:description\" content=\"S\u0105 to modu\u0142owe elementy terenu przemys\u0142owego, kt\u00f3re mo\u017cna wykorzysta\u0107 do tworzenia niesamowitych scen dystopijnych fabryk, pustkowi i p\u00f3l bitewnych.\" \/>\n<meta property=\"og:url\" content=\"https:\/\/3dvikingsstore.com\/pl\/shop\/zestaw-3-mrocznych-konstrukcji-blokowych-teren-przemyslowy\/\" \/>\n<meta property=\"og:site_name\" content=\"3D Vikings Store\" \/>\n<meta property=\"og:image\" content=\"https:\/\/3dvikingsstore.com\/wp-content\/uploads\/2020\/03\/il_794xN.1979705793_7r74.jpg\" \/>\n\t<meta property=\"og:image:width\" content=\"794\" \/>\n\t<meta property=\"og:image:height\" content=\"540\" \/>\n\t<meta property=\"og:image:type\" content=\"image\/jpeg\" \/>\n<meta name=\"twitter:card\" content=\"summary_large_image\" \/>\n<meta name=\"twitter:label1\" content=\"Szacowany czas czytania\" \/>\n\t<meta name=\"twitter:data1\" content=\"1 minuta\" \/>\n<script type=\"application\/ld+json\" class=\"yoast-schema-graph\">{\"@context\":\"https:\/\/schema.org\",\"@graph\":[{\"@type\":[\"WebPage\",\"ItemPage\"],\"@id\":\"https:\/\/3dvikingsstore.com\/pl\/shop\/zestaw-3-mrocznych-konstrukcji-blokowych-teren-przemyslowy\/\",\"url\":\"https:\/\/3dvikingsstore.com\/pl\/shop\/zestaw-3-mrocznych-konstrukcji-blokowych-teren-przemyslowy\/\",\"name\":\"Zestaw 3 mrocznych konstrukcji blokowych - teren przemys\u0142owy\",\"isPartOf\":{\"@id\":\"https:\/\/3dvikingsstore.com\/pl\/#website\"},\"primaryImageOfPage\":{\"@id\":\"https:\/\/3dvikingsstore.com\/pl\/shop\/zestaw-3-mrocznych-konstrukcji-blokowych-teren-przemyslowy\/#primaryimage\"},\"image\":{\"@id\":\"https:\/\/3dvikingsstore.com\/pl\/shop\/zestaw-3-mrocznych-konstrukcji-blokowych-teren-przemyslowy\/#primaryimage\"},\"thumbnailUrl\":\"https:\/\/3dvikingsstore.com\/wp-content\/uploads\/2020\/03\/il_794xN.1979705793_7r74.jpg\",\"datePublished\":\"2020-03-01T00:58:32+00:00\",\"dateModified\":\"2020-03-01T00:58:32+00:00\",\"description\":\"S\u0105 to modu\u0142owe elementy terenu przemys\u0142owego, kt\u00f3re mo\u017cna wykorzysta\u0107 do tworzenia niesamowitych scen dystopijnych fabryk, pustkowi i p\u00f3l bitewnych.\",\"breadcrumb\":{\"@id\":\"https:\/\/3dvikingsstore.com\/pl\/shop\/zestaw-3-mrocznych-konstrukcji-blokowych-teren-przemyslowy\/#breadcrumb\"},\"inLanguage\":\"pl-PL\",\"potentialAction\":[{\"@type\":\"ReadAction\",\"target\":[\"https:\/\/3dvikingsstore.com\/pl\/shop\/zestaw-3-mrocznych-konstrukcji-blokowych-teren-przemyslowy\/\"]}]},{\"@type\":\"ImageObject\",\"inLanguage\":\"pl-PL\",\"@id\":\"https:\/\/3dvikingsstore.com\/pl\/shop\/zestaw-3-mrocznych-konstrukcji-blokowych-teren-przemyslowy\/#primaryimage\",\"url\":\"https:\/\/3dvikingsstore.com\/wp-content\/uploads\/2020\/03\/il_794xN.1979705793_7r74.jpg\",\"contentUrl\":\"https:\/\/3dvikingsstore.com\/wp-content\/uploads\/2020\/03\/il_794xN.1979705793_7r74.jpg\",\"width\":794,\"height\":540},{\"@type\":\"BreadcrumbList\",\"@id\":\"https:\/\/3dvikingsstore.com\/pl\/shop\/zestaw-3-mrocznych-konstrukcji-blokowych-teren-przemyslowy\/#breadcrumb\",\"itemListElement\":[{\"@type\":\"ListItem\",\"position\":1,\"name\":\"Home\",\"item\":\"https:\/\/3dvikingsstore.com\/pl\/\"},{\"@type\":\"ListItem\",\"position\":2,\"name\":\"Shop\",\"item\":\"https:\/\/3dvikingsstore.com\/shop\/\"},{\"@type\":\"ListItem\",\"position\":3,\"name\":\"Zestaw 3 mrocznych konstrukcji blokowych &#8211; teren przemys\u0142owy\"}]},{\"@type\":\"WebSite\",\"@id\":\"https:\/\/3dvikingsstore.com\/pl\/#website\",\"url\":\"https:\/\/3dvikingsstore.com\/pl\/\",\"name\":\"3D Vikings Store\",\"description\":\"Dekoracje i Akcesoria do Gier Planszowych i Sto\u0142owych\",\"publisher\":{\"@id\":\"https:\/\/3dvikingsstore.com\/pl\/#organization\"},\"potentialAction\":[{\"@type\":\"SearchAction\",\"target\":{\"@type\":\"EntryPoint\",\"urlTemplate\":\"https:\/\/3dvikingsstore.com\/pl\/?s={search_term_string}\"},\"query-input\":\"required name=search_term_string\"}],\"inLanguage\":\"pl-PL\"},{\"@type\":\"Organization\",\"@id\":\"https:\/\/3dvikingsstore.com\/pl\/#organization\",\"name\":\"3D Vikings Store\",\"url\":\"https:\/\/3dvikingsstore.com\/pl\/\",\"logo\":{\"@type\":\"ImageObject\",\"inLanguage\":\"pl-PL\",\"@id\":\"https:\/\/3dvikingsstore.com\/pl\/#\/schema\/logo\/image\/\",\"url\":\"https:\/\/3dvikingsstore.com\/wp-content\/uploads\/2020\/03\/3dvikings-logo-karge-white.jpg\",\"contentUrl\":\"https:\/\/3dvikingsstore.com\/wp-content\/uploads\/2020\/03\/3dvikings-logo-karge-white.jpg\",\"width\":800,\"height\":800,\"caption\":\"3D Vikings Store\"},\"image\":{\"@id\":\"https:\/\/3dvikingsstore.com\/pl\/#\/schema\/logo\/image\/\"}}]}<\/script>\n<!-- \/ Yoast SEO Premium plugin. -->","yoast_head_json":{"title":"Zestaw 3 mrocznych konstrukcji blokowych - teren przemys\u0142owy","description":"S\u0105 to modu\u0142owe elementy terenu przemys\u0142owego, kt\u00f3re mo\u017cna wykorzysta\u0107 do tworzenia niesamowitych scen dystopijnych fabryk, pustkowi i p\u00f3l bitewnych.","robots":{"index":"index","follow":"follow","max-snippet":"max-snippet:-1","max-image-preview":"max-image-preview:large","max-video-preview":"max-video-preview:-1"},"canonical":"https:\/\/3dvikingsstore.com\/pl\/shop\/zestaw-3-mrocznych-konstrukcji-blokowych-teren-przemyslowy\/","og_locale":"pl_PL","og_type":"article","og_title":"Zestaw 3 mrocznych konstrukcji blokowych - teren przemys\u0142owy","og_description":"S\u0105 to modu\u0142owe elementy terenu przemys\u0142owego, kt\u00f3re mo\u017cna wykorzysta\u0107 do tworzenia niesamowitych scen dystopijnych fabryk, pustkowi i p\u00f3l bitewnych.","og_url":"https:\/\/3dvikingsstore.com\/pl\/shop\/zestaw-3-mrocznych-konstrukcji-blokowych-teren-przemyslowy\/","og_site_name":"3D Vikings Store","og_image":[{"width":794,"height":540,"url":"https:\/\/3dvikingsstore.com\/wp-content\/uploads\/2020\/03\/il_794xN.1979705793_7r74.jpg","type":"image\/jpeg"}],"twitter_card":"summary_large_image","twitter_misc":{"Szacowany czas czytania":"1 minuta"},"schema":{"@context":"https:\/\/schema.org","@graph":[{"@type":["WebPage","ItemPage"],"@id":"https:\/\/3dvikingsstore.com\/pl\/shop\/zestaw-3-mrocznych-konstrukcji-blokowych-teren-przemyslowy\/","url":"https:\/\/3dvikingsstore.com\/pl\/shop\/zestaw-3-mrocznych-konstrukcji-blokowych-teren-przemyslowy\/","name":"Zestaw 3 mrocznych konstrukcji blokowych - teren przemys\u0142owy","isPartOf":{"@id":"https:\/\/3dvikingsstore.com\/pl\/#website"},"primaryImageOfPage":{"@id":"https:\/\/3dvikingsstore.com\/pl\/shop\/zestaw-3-mrocznych-konstrukcji-blokowych-teren-przemyslowy\/#primaryimage"},"image":{"@id":"https:\/\/3dvikingsstore.com\/pl\/shop\/zestaw-3-mrocznych-konstrukcji-blokowych-teren-przemyslowy\/#primaryimage"},"thumbnailUrl":"https:\/\/3dvikingsstore.com\/wp-content\/uploads\/2020\/03\/il_794xN.1979705793_7r74.jpg","datePublished":"2020-03-01T00:58:32+00:00","dateModified":"2020-03-01T00:58:32+00:00","description":"S\u0105 to modu\u0142owe elementy terenu przemys\u0142owego, kt\u00f3re mo\u017cna wykorzysta\u0107 do tworzenia niesamowitych scen dystopijnych fabryk, pustkowi i p\u00f3l bitewnych.","breadcrumb":{"@id":"https:\/\/3dvikingsstore.com\/pl\/shop\/zestaw-3-mrocznych-konstrukcji-blokowych-teren-przemyslowy\/#breadcrumb"},"inLanguage":"pl-PL","potentialAction":[{"@type":"ReadAction","target":["https:\/\/3dvikingsstore.com\/pl\/shop\/zestaw-3-mrocznych-konstrukcji-blokowych-teren-przemyslowy\/"]}]},{"@type":"ImageObject","inLanguage":"pl-PL","@id":"https:\/\/3dvikingsstore.com\/pl\/shop\/zestaw-3-mrocznych-konstrukcji-blokowych-teren-przemyslowy\/#primaryimage","url":"https:\/\/3dvikingsstore.com\/wp-content\/uploads\/2020\/03\/il_794xN.1979705793_7r74.jpg","contentUrl":"https:\/\/3dvikingsstore.com\/wp-content\/uploads\/2020\/03\/il_794xN.1979705793_7r74.jpg","width":794,"height":540},{"@type":"BreadcrumbList","@id":"https:\/\/3dvikingsstore.com\/pl\/shop\/zestaw-3-mrocznych-konstrukcji-blokowych-teren-przemyslowy\/#breadcrumb","itemListElement":[{"@type":"ListItem","position":1,"name":"Home","item":"https:\/\/3dvikingsstore.com\/pl\/"},{"@type":"ListItem","position":2,"name":"Shop","item":"https:\/\/3dvikingsstore.com\/shop\/"},{"@type":"ListItem","position":3,"name":"Zestaw 3 mrocznych konstrukcji blokowych &#8211; teren przemys\u0142owy"}]},{"@type":"WebSite","@id":"https:\/\/3dvikingsstore.com\/pl\/#website","url":"https:\/\/3dvikingsstore.com\/pl\/","name":"3D Vikings Store","description":"Dekoracje i Akcesoria do Gier Planszowych i Sto\u0142owych","publisher":{"@id":"https:\/\/3dvikingsstore.com\/pl\/#organization"},"potentialAction":[{"@type":"SearchAction","target":{"@type":"EntryPoint","urlTemplate":"https:\/\/3dvikingsstore.com\/pl\/?s={search_term_string}"},"query-input":"required name=search_term_string"}],"inLanguage":"pl-PL"},{"@type":"Organization","@id":"https:\/\/3dvikingsstore.com\/pl\/#organization","name":"3D Vikings Store","url":"https:\/\/3dvikingsstore.com\/pl\/","logo":{"@type":"ImageObject","inLanguage":"pl-PL","@id":"https:\/\/3dvikingsstore.com\/pl\/#\/schema\/logo\/image\/","url":"https:\/\/3dvikingsstore.com\/wp-content\/uploads\/2020\/03\/3dvikings-logo-karge-white.jpg","contentUrl":"https:\/\/3dvikingsstore.com\/wp-content\/uploads\/2020\/03\/3dvikings-logo-karge-white.jpg","width":800,"height":800,"caption":"3D Vikings Store"},"image":{"@id":"https:\/\/3dvikingsstore.com\/pl\/#\/schema\/logo\/image\/"}}]}},"_links":{"self":[{"href":"https:\/\/3dvikingsstore.com\/pl\/wp-json\/wp\/v2\/product\/18808"}],"collection":[{"href":"https:\/\/3dvikingsstore.com\/pl\/wp-json\/wp\/v2\/product"}],"about":[{"href":"https:\/\/3dvikingsstore.com\/pl\/wp-json\/wp\/v2\/types\/product"}],"replies":[{"embeddable":true,"href":"https:\/\/3dvikingsstore.com\/pl\/wp-json\/wp\/v2\/comments?post=18808"}],"version-history":[{"count":0,"href":"https:\/\/3dvikingsstore.com\/pl\/wp-json\/wp\/v2\/product\/18808\/revisions"}],"wp:featuredmedia":[{"embeddable":true,"href":"https:\/\/3dvikingsstore.com\/pl\/wp-json\/wp\/v2\/media\/18809"}],"wp:attachment":[{"href":"https:\/\/3dvikingsstore.com\/pl\/wp-json\/wp\/v2\/media?parent=18808"}],"wp:term":[{"taxonomy":"product_cat","embeddable":true,"href":"https:\/\/3dvikingsstore.com\/pl\/wp-json\/wp\/v2\/product_cat?post=18808"},{"taxonomy":"product_tag","embeddable":true,"href":"https:\/\/3dvikingsstore.com\/pl\/wp-json\/wp\/v2\/product_tag?post=18808"}],"curies":[{"name":"wp","href":"https:\/\/api.w.org\/{rel}","templated":true}]}}