{"id":18802,"date":"2020-03-01T02:58:33","date_gmt":"2020-03-01T00:58:33","guid":{"rendered":"https:\/\/3dvikingsstore.com\/shop\/chatka-goblina-typu-3-do-gier-stolowych\/"},"modified":"2020-03-01T02:58:33","modified_gmt":"2020-03-01T00:58:33","slug":"chatka-goblina-typu-3-do-gier-stolowych","status":"publish","type":"product","link":"https:\/\/3dvikingsstore.com\/pl\/shop\/chatka-goblina-typu-3-do-gier-stolowych\/","title":{"rendered":"Chatka Goblina Typu 3 do Gier Sto\u0142owych"},"content":{"rendered":"<p>Miniaturowa chatka goblin\u00f3w do scenerii goblin\u00f3w lub barbarzy\u0144c\u00f3w. Jest skalowany do gier w skali 28 mm-32 mm (lub skali &#8222;Heroic&#8221;) i \u015bwietnie nadaje si\u0119 do gier wojennych lub jako sceneria w potyczkach RPG. Ten element zosta\u0142 zaprojektowany tak, aby zmie\u015bci\u0142 si\u0119 w 1-calowych kom\u00f3rkach siatki, je\u015bli u\u017cywasz mapy z siatk\u0105, i mo\u017ce by\u0107 zrzucony jako teren rozproszony w grach typu &#8222;free range&#8221;.<\/p>\n<p>ZAWIERA:<br \/>\n1 x niepomalowana chatka goblin\u00f3w<\/p>\n<p>Wymiary: 88 x 62 x 62 mm (3,5 x 2,44 x 2,44 cala)<\/p>\n<p>Drukowany jest z PLA, kt\u00f3ry jest jednym z najbardziej przyjaznych dla \u015brodowiska filament\u00f3w dost\u0119pnych obecnie na rynku. Pochodz\u0105cy z upraw takich jak kukurydza i trzcina cukrowa, PLA jest odnawialny, a co najwa\u017cniejsze biodegradowalny i nietoksyczny. Wydrukowane na nim przedmioty s\u0105 trwa\u0142e i wytrzyma\u0142e.<\/p>\n","protected":false},"excerpt":{"rendered":"<p>Miniaturowa chatka goblin\u00f3w do scenerii goblin\u00f3w lub barbarzy\u0144c\u00f3w. Jest skalowany do gier w skali 28 mm-32 mm (lub skali &#8222;Heroic&#8221;) i \u015bwietnie nadaje si\u0119 do gier wojennych lub jako sceneria w potyczkach RPG. Ten element zosta\u0142 zaprojektowany tak, aby zmie\u015bci\u0142 si\u0119 w 1-calowych kom\u00f3rkach siatki, je\u015bli u\u017cywasz mapy z siatk\u0105, i mo\u017ce by\u0107 zrzucony jako teren rozproszony w grach typu &#8222;free range&#8221;.<\/p>\n","protected":false},"featured_media":18803,"comment_status":"open","ping_status":"closed","template":"","meta":[],"product_cat":[3137],"product_tag":[3278,3276,3274,3277,3267,3272,3271,3269,3270,3273,3275,3203,3268],"yoast_head":"<!-- This site is optimized with the Yoast SEO Premium plugin v22.9 (Yoast SEO v22.9) - https:\/\/yoast.com\/wordpress\/plugins\/seo\/ -->\n<title>Chatka Goblina Typu 3 do Gier Sto\u0142owych<\/title>\n<meta name=\"robots\" content=\"index, follow, max-snippet:-1, max-image-preview:large, max-video-preview:-1\" \/>\n<link rel=\"canonical\" href=\"https:\/\/3dvikingsstore.com\/pl\/shop\/chatka-goblina-typu-3-do-gier-stolowych\/\" \/>\n<meta property=\"og:locale\" content=\"pl_PL\" \/>\n<meta property=\"og:type\" content=\"article\" \/>\n<meta property=\"og:title\" content=\"Chatka Goblina Typu 3 do Gier Sto\u0142owych\" \/>\n<meta property=\"og:description\" content=\"Miniaturowa chatka goblin\u00f3w do scenerii goblin\u00f3w lub barbarzy\u0144c\u00f3w. Jest skalowany do gier w skali 28 mm-32 mm (lub skali &quot;Heroic&quot;) i \u015bwietnie nadaje si\u0119 do gier wojennych lub jako sceneria w potyczkach RPG. Ten element zosta\u0142 zaprojektowany tak, aby zmie\u015bci\u0142 si\u0119 w 1-calowych kom\u00f3rkach siatki, je\u015bli u\u017cywasz mapy z siatk\u0105, i mo\u017ce by\u0107 zrzucony jako teren rozproszony w grach typu &quot;free range&quot;.\" \/>\n<meta property=\"og:url\" content=\"https:\/\/3dvikingsstore.com\/pl\/shop\/chatka-goblina-typu-3-do-gier-stolowych\/\" \/>\n<meta property=\"og:site_name\" content=\"3D Vikings Store\" \/>\n<meta property=\"og:image\" content=\"https:\/\/3dvikingsstore.com\/wp-content\/uploads\/2020\/03\/il_794xN.1989303381_g7vn.jpg\" \/>\n\t<meta property=\"og:image:width\" content=\"794\" \/>\n\t<meta property=\"og:image:height\" content=\"596\" \/>\n\t<meta property=\"og:image:type\" content=\"image\/jpeg\" \/>\n<meta name=\"twitter:card\" content=\"summary_large_image\" \/>\n<meta name=\"twitter:label1\" content=\"Szacowany czas czytania\" \/>\n\t<meta name=\"twitter:data1\" content=\"1 minuta\" \/>\n<script type=\"application\/ld+json\" class=\"yoast-schema-graph\">{\"@context\":\"https:\/\/schema.org\",\"@graph\":[{\"@type\":[\"WebPage\",\"ItemPage\"],\"@id\":\"https:\/\/3dvikingsstore.com\/pl\/shop\/chatka-goblina-typu-3-do-gier-stolowych\/\",\"url\":\"https:\/\/3dvikingsstore.com\/pl\/shop\/chatka-goblina-typu-3-do-gier-stolowych\/\",\"name\":\"Chatka Goblina Typu 3 do Gier Sto\u0142owych\",\"isPartOf\":{\"@id\":\"https:\/\/3dvikingsstore.com\/pl\/#website\"},\"primaryImageOfPage\":{\"@id\":\"https:\/\/3dvikingsstore.com\/pl\/shop\/chatka-goblina-typu-3-do-gier-stolowych\/#primaryimage\"},\"image\":{\"@id\":\"https:\/\/3dvikingsstore.com\/pl\/shop\/chatka-goblina-typu-3-do-gier-stolowych\/#primaryimage\"},\"thumbnailUrl\":\"https:\/\/3dvikingsstore.com\/wp-content\/uploads\/2020\/03\/il_794xN.1989303381_g7vn.jpg\",\"datePublished\":\"2020-03-01T00:58:33+00:00\",\"dateModified\":\"2020-03-01T00:58:33+00:00\",\"breadcrumb\":{\"@id\":\"https:\/\/3dvikingsstore.com\/pl\/shop\/chatka-goblina-typu-3-do-gier-stolowych\/#breadcrumb\"},\"inLanguage\":\"pl-PL\",\"potentialAction\":[{\"@type\":\"ReadAction\",\"target\":[\"https:\/\/3dvikingsstore.com\/pl\/shop\/chatka-goblina-typu-3-do-gier-stolowych\/\"]}]},{\"@type\":\"ImageObject\",\"inLanguage\":\"pl-PL\",\"@id\":\"https:\/\/3dvikingsstore.com\/pl\/shop\/chatka-goblina-typu-3-do-gier-stolowych\/#primaryimage\",\"url\":\"https:\/\/3dvikingsstore.com\/wp-content\/uploads\/2020\/03\/il_794xN.1989303381_g7vn.jpg\",\"contentUrl\":\"https:\/\/3dvikingsstore.com\/wp-content\/uploads\/2020\/03\/il_794xN.1989303381_g7vn.jpg\",\"width\":794,\"height\":596},{\"@type\":\"BreadcrumbList\",\"@id\":\"https:\/\/3dvikingsstore.com\/pl\/shop\/chatka-goblina-typu-3-do-gier-stolowych\/#breadcrumb\",\"itemListElement\":[{\"@type\":\"ListItem\",\"position\":1,\"name\":\"Home\",\"item\":\"https:\/\/3dvikingsstore.com\/pl\/\"},{\"@type\":\"ListItem\",\"position\":2,\"name\":\"Shop\",\"item\":\"https:\/\/3dvikingsstore.com\/shop\/\"},{\"@type\":\"ListItem\",\"position\":3,\"name\":\"Chatka Goblina Typu 3 do Gier Sto\u0142owych\"}]},{\"@type\":\"WebSite\",\"@id\":\"https:\/\/3dvikingsstore.com\/pl\/#website\",\"url\":\"https:\/\/3dvikingsstore.com\/pl\/\",\"name\":\"3D Vikings Store\",\"description\":\"Dekoracje i Akcesoria do Gier Planszowych i Sto\u0142owych\",\"publisher\":{\"@id\":\"https:\/\/3dvikingsstore.com\/pl\/#organization\"},\"potentialAction\":[{\"@type\":\"SearchAction\",\"target\":{\"@type\":\"EntryPoint\",\"urlTemplate\":\"https:\/\/3dvikingsstore.com\/pl\/?s={search_term_string}\"},\"query-input\":\"required name=search_term_string\"}],\"inLanguage\":\"pl-PL\"},{\"@type\":\"Organization\",\"@id\":\"https:\/\/3dvikingsstore.com\/pl\/#organization\",\"name\":\"3D Vikings Store\",\"url\":\"https:\/\/3dvikingsstore.com\/pl\/\",\"logo\":{\"@type\":\"ImageObject\",\"inLanguage\":\"pl-PL\",\"@id\":\"https:\/\/3dvikingsstore.com\/pl\/#\/schema\/logo\/image\/\",\"url\":\"https:\/\/3dvikingsstore.com\/wp-content\/uploads\/2020\/03\/3dvikings-logo-karge-white.jpg\",\"contentUrl\":\"https:\/\/3dvikingsstore.com\/wp-content\/uploads\/2020\/03\/3dvikings-logo-karge-white.jpg\",\"width\":800,\"height\":800,\"caption\":\"3D Vikings Store\"},\"image\":{\"@id\":\"https:\/\/3dvikingsstore.com\/pl\/#\/schema\/logo\/image\/\"}}]}<\/script>\n<!-- \/ Yoast SEO Premium plugin. -->","yoast_head_json":{"title":"Chatka Goblina Typu 3 do Gier Sto\u0142owych","robots":{"index":"index","follow":"follow","max-snippet":"max-snippet:-1","max-image-preview":"max-image-preview:large","max-video-preview":"max-video-preview:-1"},"canonical":"https:\/\/3dvikingsstore.com\/pl\/shop\/chatka-goblina-typu-3-do-gier-stolowych\/","og_locale":"pl_PL","og_type":"article","og_title":"Chatka Goblina Typu 3 do Gier Sto\u0142owych","og_description":"Miniaturowa chatka goblin\u00f3w do scenerii goblin\u00f3w lub barbarzy\u0144c\u00f3w. Jest skalowany do gier w skali 28 mm-32 mm (lub skali \"Heroic\") i \u015bwietnie nadaje si\u0119 do gier wojennych lub jako sceneria w potyczkach RPG. Ten element zosta\u0142 zaprojektowany tak, aby zmie\u015bci\u0142 si\u0119 w 1-calowych kom\u00f3rkach siatki, je\u015bli u\u017cywasz mapy z siatk\u0105, i mo\u017ce by\u0107 zrzucony jako teren rozproszony w grach typu \"free range\".","og_url":"https:\/\/3dvikingsstore.com\/pl\/shop\/chatka-goblina-typu-3-do-gier-stolowych\/","og_site_name":"3D Vikings Store","og_image":[{"width":794,"height":596,"url":"https:\/\/3dvikingsstore.com\/wp-content\/uploads\/2020\/03\/il_794xN.1989303381_g7vn.jpg","type":"image\/jpeg"}],"twitter_card":"summary_large_image","twitter_misc":{"Szacowany czas czytania":"1 minuta"},"schema":{"@context":"https:\/\/schema.org","@graph":[{"@type":["WebPage","ItemPage"],"@id":"https:\/\/3dvikingsstore.com\/pl\/shop\/chatka-goblina-typu-3-do-gier-stolowych\/","url":"https:\/\/3dvikingsstore.com\/pl\/shop\/chatka-goblina-typu-3-do-gier-stolowych\/","name":"Chatka Goblina Typu 3 do Gier Sto\u0142owych","isPartOf":{"@id":"https:\/\/3dvikingsstore.com\/pl\/#website"},"primaryImageOfPage":{"@id":"https:\/\/3dvikingsstore.com\/pl\/shop\/chatka-goblina-typu-3-do-gier-stolowych\/#primaryimage"},"image":{"@id":"https:\/\/3dvikingsstore.com\/pl\/shop\/chatka-goblina-typu-3-do-gier-stolowych\/#primaryimage"},"thumbnailUrl":"https:\/\/3dvikingsstore.com\/wp-content\/uploads\/2020\/03\/il_794xN.1989303381_g7vn.jpg","datePublished":"2020-03-01T00:58:33+00:00","dateModified":"2020-03-01T00:58:33+00:00","breadcrumb":{"@id":"https:\/\/3dvikingsstore.com\/pl\/shop\/chatka-goblina-typu-3-do-gier-stolowych\/#breadcrumb"},"inLanguage":"pl-PL","potentialAction":[{"@type":"ReadAction","target":["https:\/\/3dvikingsstore.com\/pl\/shop\/chatka-goblina-typu-3-do-gier-stolowych\/"]}]},{"@type":"ImageObject","inLanguage":"pl-PL","@id":"https:\/\/3dvikingsstore.com\/pl\/shop\/chatka-goblina-typu-3-do-gier-stolowych\/#primaryimage","url":"https:\/\/3dvikingsstore.com\/wp-content\/uploads\/2020\/03\/il_794xN.1989303381_g7vn.jpg","contentUrl":"https:\/\/3dvikingsstore.com\/wp-content\/uploads\/2020\/03\/il_794xN.1989303381_g7vn.jpg","width":794,"height":596},{"@type":"BreadcrumbList","@id":"https:\/\/3dvikingsstore.com\/pl\/shop\/chatka-goblina-typu-3-do-gier-stolowych\/#breadcrumb","itemListElement":[{"@type":"ListItem","position":1,"name":"Home","item":"https:\/\/3dvikingsstore.com\/pl\/"},{"@type":"ListItem","position":2,"name":"Shop","item":"https:\/\/3dvikingsstore.com\/shop\/"},{"@type":"ListItem","position":3,"name":"Chatka Goblina Typu 3 do Gier Sto\u0142owych"}]},{"@type":"WebSite","@id":"https:\/\/3dvikingsstore.com\/pl\/#website","url":"https:\/\/3dvikingsstore.com\/pl\/","name":"3D Vikings Store","description":"Dekoracje i Akcesoria do Gier Planszowych i Sto\u0142owych","publisher":{"@id":"https:\/\/3dvikingsstore.com\/pl\/#organization"},"potentialAction":[{"@type":"SearchAction","target":{"@type":"EntryPoint","urlTemplate":"https:\/\/3dvikingsstore.com\/pl\/?s={search_term_string}"},"query-input":"required name=search_term_string"}],"inLanguage":"pl-PL"},{"@type":"Organization","@id":"https:\/\/3dvikingsstore.com\/pl\/#organization","name":"3D Vikings Store","url":"https:\/\/3dvikingsstore.com\/pl\/","logo":{"@type":"ImageObject","inLanguage":"pl-PL","@id":"https:\/\/3dvikingsstore.com\/pl\/#\/schema\/logo\/image\/","url":"https:\/\/3dvikingsstore.com\/wp-content\/uploads\/2020\/03\/3dvikings-logo-karge-white.jpg","contentUrl":"https:\/\/3dvikingsstore.com\/wp-content\/uploads\/2020\/03\/3dvikings-logo-karge-white.jpg","width":800,"height":800,"caption":"3D Vikings Store"},"image":{"@id":"https:\/\/3dvikingsstore.com\/pl\/#\/schema\/logo\/image\/"}}]}},"_links":{"self":[{"href":"https:\/\/3dvikingsstore.com\/pl\/wp-json\/wp\/v2\/product\/18802"}],"collection":[{"href":"https:\/\/3dvikingsstore.com\/pl\/wp-json\/wp\/v2\/product"}],"about":[{"href":"https:\/\/3dvikingsstore.com\/pl\/wp-json\/wp\/v2\/types\/product"}],"replies":[{"embeddable":true,"href":"https:\/\/3dvikingsstore.com\/pl\/wp-json\/wp\/v2\/comments?post=18802"}],"version-history":[{"count":0,"href":"https:\/\/3dvikingsstore.com\/pl\/wp-json\/wp\/v2\/product\/18802\/revisions"}],"wp:featuredmedia":[{"embeddable":true,"href":"https:\/\/3dvikingsstore.com\/pl\/wp-json\/wp\/v2\/media\/18803"}],"wp:attachment":[{"href":"https:\/\/3dvikingsstore.com\/pl\/wp-json\/wp\/v2\/media?parent=18802"}],"wp:term":[{"taxonomy":"product_cat","embeddable":true,"href":"https:\/\/3dvikingsstore.com\/pl\/wp-json\/wp\/v2\/product_cat?post=18802"},{"taxonomy":"product_tag","embeddable":true,"href":"https:\/\/3dvikingsstore.com\/pl\/wp-json\/wp\/v2\/product_tag?post=18802"}],"curies":[{"name":"wp","href":"https:\/\/api.w.org\/{rel}","templated":true}]}}