{"id":18793,"date":"2021-03-17T19:58:55","date_gmt":"2021-03-17T17:58:55","guid":{"rendered":"https:\/\/3dvikingsstore.com\/shop\/sredniowieczny-dom-w-skali-28-mm-do-budowy-sredniowiecznych-i-fantastycznych-wiosek-miasto-tarok\/"},"modified":"2025-10-29T04:13:12","modified_gmt":"2025-10-29T02:13:12","slug":"sredniowieczny-dom-w-skali-28-mm-do-budowy-sredniowiecznych-i-fantastycznych-wiosek-miasto-tarok","status":"publish","type":"product","link":"https:\/\/3dvikingsstore.com\/pl\/shop\/sredniowieczny-dom-w-skali-28-mm-do-budowy-sredniowiecznych-i-fantastycznych-wiosek-miasto-tarok\/","title":{"rendered":"\u015aredniowieczny dom w skali 28 mm do budowy \u015bredniowiecznych i fantastycznych wiosek. Miasto Tarok"},"content":{"rendered":"<p>Miasto Tarok to \u015bredniowieczna i fantastyczna wioska z budynkami, kt\u00f3re by\u0142y wspania\u0142e w czasach swojej \u015bwietno\u015bci, ale po wielkiej wojnie s\u0105 tylko rozpadaj\u0105cymi si\u0119 pozosta\u0142o\u015bciami po wspania\u0142ych budynkach, kt\u00f3rymi kiedy\u015b by\u0142y. Obszar ten jest nadal zaludniony, ale jego mieszka\u0144cy popadli w ci\u0119\u017ckie czasy. W miar\u0119 jak ludzie wracaj\u0105, opuszczone niegdy\u015b budynki zyskuj\u0105 nowe \u017cycie, m\u0142yn, kowal i kopalnia zn\u00f3w dzia\u0142aj\u0105 i pojawia si\u0119 nowe \u015bwiat\u0142o tam, gdzie kiedy\u015b by\u0142a tylko ciemno\u015b\u0107.<\/p>\n<p>Jest to \u015bredniowieczny dom z tej serii. Mo\u017cesz otwiera\u0107 i zamyka\u0107 drzwi tego \u015bredniowiecznego domu, aby o\u017cywi\u0107 sw\u00f3j blat. Wszystkie p\u0119kni\u0119cia i detale s\u0105 modelowane indywidualnie. W tym modelu mo\u017cna znale\u017a\u0107 kilka powtarzaj\u0105cych si\u0119 wzor\u00f3w.<\/p>\n<p>Okna maj\u0105 szczelin\u0119, w kt\u00f3rej mo\u017cna umie\u015bci\u0107 przezroczyst\u0105 foli\u0119 plastikow\u0105 (folia plastikowa nie jest do\u0142\u0105czona) lub wydrukowa\u0107 szklane obrazy za pomoc\u0105 drukarki atramentowej. U\u017cyj ma\u0142ych podgrzewaczy (podgrzewacze nie s\u0105 do\u0142\u0105czone do zestawu), aby imitowa\u0107 \u015bwiat\u0142o wewn\u0105trz, podczas gdy gracze przemierzaj\u0105 ten obszar.<\/p>\n<p>&nbsp;<\/p>\n<p><img fetchpriority=\"high\" decoding=\"async\" class=\"size-full wp-image-12518 aligncenter\" src=\"https:\/\/3dvikingsstore.com\/wp-content\/uploads\/2021\/03\/medieval-building.jpg\" alt=\"\u015aredniowieczny budynek dla terenu\" width=\"680\" height=\"809\" srcset=\"https:\/\/3dvikingsstore.com\/wp-content\/uploads\/2021\/03\/medieval-building.jpg 680w, https:\/\/3dvikingsstore.com\/wp-content\/uploads\/2021\/03\/medieval-building-252x300.jpg 252w, https:\/\/3dvikingsstore.com\/wp-content\/uploads\/2021\/03\/medieval-building-160x190.jpg 160w, https:\/\/3dvikingsstore.com\/wp-content\/uploads\/2021\/03\/medieval-building-225x267.jpg 225w, https:\/\/3dvikingsstore.com\/wp-content\/uploads\/2021\/03\/medieval-building-300x357.jpg 300w, https:\/\/3dvikingsstore.com\/wp-content\/uploads\/2021\/03\/medieval-building-600x714.jpg 600w, https:\/\/3dvikingsstore.com\/wp-content\/uploads\/2021\/03\/medieval-building-64x76.jpg 64w\" sizes=\"(max-width: 680px) 100vw, 680px\" \/><\/p>\n<p>W zestawie bez farby.<\/p>\n<p>Miniatury nie s\u0105 uwzgl\u0119dnione, poniewa\u017c s\u0105 pokazane w skali.<\/p>\n","protected":false},"excerpt":{"rendered":"<p>Mo\u017cesz otwiera\u0107 i zamyka\u0107 drzwi tego \u015bredniowiecznego domu, aby o\u017cywi\u0107 sw\u00f3j blat. Wszystkie p\u0119kni\u0119cia i detale s\u0105 modelowane indywidualnie. W tym modelu mo\u017cna znale\u017a\u0107 kilka powtarzaj\u0105cych si\u0119 wzor\u00f3w.<\/p>\n","protected":false},"featured_media":18794,"comment_status":"open","ping_status":"closed","template":"","meta":[],"product_cat":[3138],"product_tag":[3223,3220,3222,3221],"yoast_head":"<!-- This site is optimized with the Yoast SEO Premium plugin v22.9 (Yoast SEO v22.9) - https:\/\/yoast.com\/wordpress\/plugins\/seo\/ -->\n<title>\u015aredniowieczny dom w skali 28 mm do budowy \u015bredniowiecznych i fantastycznych wiosek. Miasto Tarok<\/title>\n<meta name=\"description\" content=\"Jest to \u015bredniowieczny dom z tej serii. Mo\u017cesz otwiera\u0107 i zamyka\u0107 drzwi tego \u015bredniowiecznego domu, aby o\u017cywi\u0107 sw\u00f3j blat. Wszystkie p\u0119kni\u0119cia i detale s\u0105 modelowane indywidualnie. W tym modelu mo\u017cna znale\u017a\u0107 kilka powtarzaj\u0105cych si\u0119 wzor\u00f3w.\" \/>\n<meta name=\"robots\" content=\"index, follow, max-snippet:-1, max-image-preview:large, max-video-preview:-1\" \/>\n<link rel=\"canonical\" href=\"https:\/\/3dvikingsstore.com\/pl\/shop\/sredniowieczny-dom-w-skali-28-mm-do-budowy-sredniowiecznych-i-fantastycznych-wiosek-miasto-tarok\/\" \/>\n<meta property=\"og:locale\" content=\"pl_PL\" \/>\n<meta property=\"og:type\" content=\"article\" \/>\n<meta property=\"og:title\" content=\"\u015aredniowieczny dom w skali 28 mm do budowy \u015bredniowiecznych i fantastycznych wiosek. Miasto Tarok\" \/>\n<meta property=\"og:description\" content=\"Jest to \u015bredniowieczny dom z tej serii. Mo\u017cesz otwiera\u0107 i zamyka\u0107 drzwi tego \u015bredniowiecznego domu, aby o\u017cywi\u0107 sw\u00f3j blat. Wszystkie p\u0119kni\u0119cia i detale s\u0105 modelowane indywidualnie. W tym modelu mo\u017cna znale\u017a\u0107 kilka powtarzaj\u0105cych si\u0119 wzor\u00f3w.\" \/>\n<meta property=\"og:url\" content=\"https:\/\/3dvikingsstore.com\/pl\/shop\/sredniowieczny-dom-w-skali-28-mm-do-budowy-sredniowiecznych-i-fantastycznych-wiosek-miasto-tarok\/\" \/>\n<meta property=\"og:site_name\" content=\"3D Vikings Store\" \/>\n<meta property=\"article:modified_time\" content=\"2025-10-29T02:13:12+00:00\" \/>\n<meta property=\"og:image\" content=\"https:\/\/3dvikingsstore.com\/wp-content\/uploads\/2021\/03\/3d_printable_medieval_home_pic04.jpg\" \/>\n\t<meta property=\"og:image:width\" content=\"800\" \/>\n\t<meta property=\"og:image:height\" content=\"894\" \/>\n\t<meta property=\"og:image:type\" content=\"image\/jpeg\" \/>\n<meta name=\"twitter:card\" content=\"summary_large_image\" \/>\n<meta name=\"twitter:label1\" content=\"Szacowany czas czytania\" \/>\n\t<meta name=\"twitter:data1\" content=\"1 minuta\" \/>\n<script type=\"application\/ld+json\" class=\"yoast-schema-graph\">{\"@context\":\"https:\/\/schema.org\",\"@graph\":[{\"@type\":[\"WebPage\",\"ItemPage\"],\"@id\":\"https:\/\/3dvikingsstore.com\/pl\/shop\/sredniowieczny-dom-w-skali-28-mm-do-budowy-sredniowiecznych-i-fantastycznych-wiosek-miasto-tarok\/\",\"url\":\"https:\/\/3dvikingsstore.com\/pl\/shop\/sredniowieczny-dom-w-skali-28-mm-do-budowy-sredniowiecznych-i-fantastycznych-wiosek-miasto-tarok\/\",\"name\":\"\u015aredniowieczny dom w skali 28 mm do budowy \u015bredniowiecznych i fantastycznych wiosek. Miasto Tarok\",\"isPartOf\":{\"@id\":\"https:\/\/3dvikingsstore.com\/pl\/#website\"},\"primaryImageOfPage\":{\"@id\":\"https:\/\/3dvikingsstore.com\/pl\/shop\/sredniowieczny-dom-w-skali-28-mm-do-budowy-sredniowiecznych-i-fantastycznych-wiosek-miasto-tarok\/#primaryimage\"},\"image\":{\"@id\":\"https:\/\/3dvikingsstore.com\/pl\/shop\/sredniowieczny-dom-w-skali-28-mm-do-budowy-sredniowiecznych-i-fantastycznych-wiosek-miasto-tarok\/#primaryimage\"},\"thumbnailUrl\":\"https:\/\/3dvikingsstore.com\/wp-content\/uploads\/2021\/03\/3d_printable_medieval_home_pic04.jpg\",\"datePublished\":\"2021-03-17T17:58:55+00:00\",\"dateModified\":\"2025-10-29T02:13:12+00:00\",\"description\":\"Jest to \u015bredniowieczny dom z tej serii. Mo\u017cesz otwiera\u0107 i zamyka\u0107 drzwi tego \u015bredniowiecznego domu, aby o\u017cywi\u0107 sw\u00f3j blat. Wszystkie p\u0119kni\u0119cia i detale s\u0105 modelowane indywidualnie. W tym modelu mo\u017cna znale\u017a\u0107 kilka powtarzaj\u0105cych si\u0119 wzor\u00f3w.\",\"breadcrumb\":{\"@id\":\"https:\/\/3dvikingsstore.com\/pl\/shop\/sredniowieczny-dom-w-skali-28-mm-do-budowy-sredniowiecznych-i-fantastycznych-wiosek-miasto-tarok\/#breadcrumb\"},\"inLanguage\":\"pl-PL\",\"potentialAction\":[{\"@type\":\"ReadAction\",\"target\":[\"https:\/\/3dvikingsstore.com\/pl\/shop\/sredniowieczny-dom-w-skali-28-mm-do-budowy-sredniowiecznych-i-fantastycznych-wiosek-miasto-tarok\/\"]}]},{\"@type\":\"ImageObject\",\"inLanguage\":\"pl-PL\",\"@id\":\"https:\/\/3dvikingsstore.com\/pl\/shop\/sredniowieczny-dom-w-skali-28-mm-do-budowy-sredniowiecznych-i-fantastycznych-wiosek-miasto-tarok\/#primaryimage\",\"url\":\"https:\/\/3dvikingsstore.com\/wp-content\/uploads\/2021\/03\/3d_printable_medieval_home_pic04.jpg\",\"contentUrl\":\"https:\/\/3dvikingsstore.com\/wp-content\/uploads\/2021\/03\/3d_printable_medieval_home_pic04.jpg\",\"width\":800,\"height\":894},{\"@type\":\"BreadcrumbList\",\"@id\":\"https:\/\/3dvikingsstore.com\/pl\/shop\/sredniowieczny-dom-w-skali-28-mm-do-budowy-sredniowiecznych-i-fantastycznych-wiosek-miasto-tarok\/#breadcrumb\",\"itemListElement\":[{\"@type\":\"ListItem\",\"position\":1,\"name\":\"Home\",\"item\":\"https:\/\/3dvikingsstore.com\/pl\/\"},{\"@type\":\"ListItem\",\"position\":2,\"name\":\"Shop\",\"item\":\"https:\/\/3dvikingsstore.com\/shop\/\"},{\"@type\":\"ListItem\",\"position\":3,\"name\":\"\u015aredniowieczny dom w skali 28 mm do budowy \u015bredniowiecznych i fantastycznych wiosek. Miasto Tarok\"}]},{\"@type\":\"WebSite\",\"@id\":\"https:\/\/3dvikingsstore.com\/pl\/#website\",\"url\":\"https:\/\/3dvikingsstore.com\/pl\/\",\"name\":\"3D Vikings Store\",\"description\":\"Dekoracje i Akcesoria do Gier Planszowych i Sto\u0142owych\",\"publisher\":{\"@id\":\"https:\/\/3dvikingsstore.com\/pl\/#organization\"},\"potentialAction\":[{\"@type\":\"SearchAction\",\"target\":{\"@type\":\"EntryPoint\",\"urlTemplate\":\"https:\/\/3dvikingsstore.com\/pl\/?s={search_term_string}\"},\"query-input\":\"required name=search_term_string\"}],\"inLanguage\":\"pl-PL\"},{\"@type\":\"Organization\",\"@id\":\"https:\/\/3dvikingsstore.com\/pl\/#organization\",\"name\":\"3D Vikings Store\",\"url\":\"https:\/\/3dvikingsstore.com\/pl\/\",\"logo\":{\"@type\":\"ImageObject\",\"inLanguage\":\"pl-PL\",\"@id\":\"https:\/\/3dvikingsstore.com\/pl\/#\/schema\/logo\/image\/\",\"url\":\"https:\/\/3dvikingsstore.com\/wp-content\/uploads\/2020\/03\/3dvikings-logo-karge-white.jpg\",\"contentUrl\":\"https:\/\/3dvikingsstore.com\/wp-content\/uploads\/2020\/03\/3dvikings-logo-karge-white.jpg\",\"width\":800,\"height\":800,\"caption\":\"3D Vikings Store\"},\"image\":{\"@id\":\"https:\/\/3dvikingsstore.com\/pl\/#\/schema\/logo\/image\/\"}}]}<\/script>\n<!-- \/ Yoast SEO Premium plugin. -->","yoast_head_json":{"title":"\u015aredniowieczny dom w skali 28 mm do budowy \u015bredniowiecznych i fantastycznych wiosek. Miasto Tarok","description":"Jest to \u015bredniowieczny dom z tej serii. Mo\u017cesz otwiera\u0107 i zamyka\u0107 drzwi tego \u015bredniowiecznego domu, aby o\u017cywi\u0107 sw\u00f3j blat. Wszystkie p\u0119kni\u0119cia i detale s\u0105 modelowane indywidualnie. W tym modelu mo\u017cna znale\u017a\u0107 kilka powtarzaj\u0105cych si\u0119 wzor\u00f3w.","robots":{"index":"index","follow":"follow","max-snippet":"max-snippet:-1","max-image-preview":"max-image-preview:large","max-video-preview":"max-video-preview:-1"},"canonical":"https:\/\/3dvikingsstore.com\/pl\/shop\/sredniowieczny-dom-w-skali-28-mm-do-budowy-sredniowiecznych-i-fantastycznych-wiosek-miasto-tarok\/","og_locale":"pl_PL","og_type":"article","og_title":"\u015aredniowieczny dom w skali 28 mm do budowy \u015bredniowiecznych i fantastycznych wiosek. Miasto Tarok","og_description":"Jest to \u015bredniowieczny dom z tej serii. Mo\u017cesz otwiera\u0107 i zamyka\u0107 drzwi tego \u015bredniowiecznego domu, aby o\u017cywi\u0107 sw\u00f3j blat. Wszystkie p\u0119kni\u0119cia i detale s\u0105 modelowane indywidualnie. W tym modelu mo\u017cna znale\u017a\u0107 kilka powtarzaj\u0105cych si\u0119 wzor\u00f3w.","og_url":"https:\/\/3dvikingsstore.com\/pl\/shop\/sredniowieczny-dom-w-skali-28-mm-do-budowy-sredniowiecznych-i-fantastycznych-wiosek-miasto-tarok\/","og_site_name":"3D Vikings Store","article_modified_time":"2025-10-29T02:13:12+00:00","og_image":[{"width":800,"height":894,"url":"https:\/\/3dvikingsstore.com\/wp-content\/uploads\/2021\/03\/3d_printable_medieval_home_pic04.jpg","type":"image\/jpeg"}],"twitter_card":"summary_large_image","twitter_misc":{"Szacowany czas czytania":"1 minuta"},"schema":{"@context":"https:\/\/schema.org","@graph":[{"@type":["WebPage","ItemPage"],"@id":"https:\/\/3dvikingsstore.com\/pl\/shop\/sredniowieczny-dom-w-skali-28-mm-do-budowy-sredniowiecznych-i-fantastycznych-wiosek-miasto-tarok\/","url":"https:\/\/3dvikingsstore.com\/pl\/shop\/sredniowieczny-dom-w-skali-28-mm-do-budowy-sredniowiecznych-i-fantastycznych-wiosek-miasto-tarok\/","name":"\u015aredniowieczny dom w skali 28 mm do budowy \u015bredniowiecznych i fantastycznych wiosek. Miasto Tarok","isPartOf":{"@id":"https:\/\/3dvikingsstore.com\/pl\/#website"},"primaryImageOfPage":{"@id":"https:\/\/3dvikingsstore.com\/pl\/shop\/sredniowieczny-dom-w-skali-28-mm-do-budowy-sredniowiecznych-i-fantastycznych-wiosek-miasto-tarok\/#primaryimage"},"image":{"@id":"https:\/\/3dvikingsstore.com\/pl\/shop\/sredniowieczny-dom-w-skali-28-mm-do-budowy-sredniowiecznych-i-fantastycznych-wiosek-miasto-tarok\/#primaryimage"},"thumbnailUrl":"https:\/\/3dvikingsstore.com\/wp-content\/uploads\/2021\/03\/3d_printable_medieval_home_pic04.jpg","datePublished":"2021-03-17T17:58:55+00:00","dateModified":"2025-10-29T02:13:12+00:00","description":"Jest to \u015bredniowieczny dom z tej serii. Mo\u017cesz otwiera\u0107 i zamyka\u0107 drzwi tego \u015bredniowiecznego domu, aby o\u017cywi\u0107 sw\u00f3j blat. Wszystkie p\u0119kni\u0119cia i detale s\u0105 modelowane indywidualnie. W tym modelu mo\u017cna znale\u017a\u0107 kilka powtarzaj\u0105cych si\u0119 wzor\u00f3w.","breadcrumb":{"@id":"https:\/\/3dvikingsstore.com\/pl\/shop\/sredniowieczny-dom-w-skali-28-mm-do-budowy-sredniowiecznych-i-fantastycznych-wiosek-miasto-tarok\/#breadcrumb"},"inLanguage":"pl-PL","potentialAction":[{"@type":"ReadAction","target":["https:\/\/3dvikingsstore.com\/pl\/shop\/sredniowieczny-dom-w-skali-28-mm-do-budowy-sredniowiecznych-i-fantastycznych-wiosek-miasto-tarok\/"]}]},{"@type":"ImageObject","inLanguage":"pl-PL","@id":"https:\/\/3dvikingsstore.com\/pl\/shop\/sredniowieczny-dom-w-skali-28-mm-do-budowy-sredniowiecznych-i-fantastycznych-wiosek-miasto-tarok\/#primaryimage","url":"https:\/\/3dvikingsstore.com\/wp-content\/uploads\/2021\/03\/3d_printable_medieval_home_pic04.jpg","contentUrl":"https:\/\/3dvikingsstore.com\/wp-content\/uploads\/2021\/03\/3d_printable_medieval_home_pic04.jpg","width":800,"height":894},{"@type":"BreadcrumbList","@id":"https:\/\/3dvikingsstore.com\/pl\/shop\/sredniowieczny-dom-w-skali-28-mm-do-budowy-sredniowiecznych-i-fantastycznych-wiosek-miasto-tarok\/#breadcrumb","itemListElement":[{"@type":"ListItem","position":1,"name":"Home","item":"https:\/\/3dvikingsstore.com\/pl\/"},{"@type":"ListItem","position":2,"name":"Shop","item":"https:\/\/3dvikingsstore.com\/shop\/"},{"@type":"ListItem","position":3,"name":"\u015aredniowieczny dom w skali 28 mm do budowy \u015bredniowiecznych i fantastycznych wiosek. Miasto Tarok"}]},{"@type":"WebSite","@id":"https:\/\/3dvikingsstore.com\/pl\/#website","url":"https:\/\/3dvikingsstore.com\/pl\/","name":"3D Vikings Store","description":"Dekoracje i Akcesoria do Gier Planszowych i Sto\u0142owych","publisher":{"@id":"https:\/\/3dvikingsstore.com\/pl\/#organization"},"potentialAction":[{"@type":"SearchAction","target":{"@type":"EntryPoint","urlTemplate":"https:\/\/3dvikingsstore.com\/pl\/?s={search_term_string}"},"query-input":"required name=search_term_string"}],"inLanguage":"pl-PL"},{"@type":"Organization","@id":"https:\/\/3dvikingsstore.com\/pl\/#organization","name":"3D Vikings Store","url":"https:\/\/3dvikingsstore.com\/pl\/","logo":{"@type":"ImageObject","inLanguage":"pl-PL","@id":"https:\/\/3dvikingsstore.com\/pl\/#\/schema\/logo\/image\/","url":"https:\/\/3dvikingsstore.com\/wp-content\/uploads\/2020\/03\/3dvikings-logo-karge-white.jpg","contentUrl":"https:\/\/3dvikingsstore.com\/wp-content\/uploads\/2020\/03\/3dvikings-logo-karge-white.jpg","width":800,"height":800,"caption":"3D Vikings Store"},"image":{"@id":"https:\/\/3dvikingsstore.com\/pl\/#\/schema\/logo\/image\/"}}]}},"_links":{"self":[{"href":"https:\/\/3dvikingsstore.com\/pl\/wp-json\/wp\/v2\/product\/18793"}],"collection":[{"href":"https:\/\/3dvikingsstore.com\/pl\/wp-json\/wp\/v2\/product"}],"about":[{"href":"https:\/\/3dvikingsstore.com\/pl\/wp-json\/wp\/v2\/types\/product"}],"replies":[{"embeddable":true,"href":"https:\/\/3dvikingsstore.com\/pl\/wp-json\/wp\/v2\/comments?post=18793"}],"version-history":[{"count":1,"href":"https:\/\/3dvikingsstore.com\/pl\/wp-json\/wp\/v2\/product\/18793\/revisions"}],"predecessor-version":[{"id":18842,"href":"https:\/\/3dvikingsstore.com\/pl\/wp-json\/wp\/v2\/product\/18793\/revisions\/18842"}],"wp:featuredmedia":[{"embeddable":true,"href":"https:\/\/3dvikingsstore.com\/pl\/wp-json\/wp\/v2\/media\/18794"}],"wp:attachment":[{"href":"https:\/\/3dvikingsstore.com\/pl\/wp-json\/wp\/v2\/media?parent=18793"}],"wp:term":[{"taxonomy":"product_cat","embeddable":true,"href":"https:\/\/3dvikingsstore.com\/pl\/wp-json\/wp\/v2\/product_cat?post=18793"},{"taxonomy":"product_tag","embeddable":true,"href":"https:\/\/3dvikingsstore.com\/pl\/wp-json\/wp\/v2\/product_tag?post=18793"}],"curies":[{"name":"wp","href":"https:\/\/api.w.org\/{rel}","templated":true}]}}