{"id":18755,"date":"2020-03-01T02:58:31","date_gmt":"2020-03-01T00:58:31","guid":{"rendered":"https:\/\/3dvikingsstore.com\/shop\/teren-wraku-statku-w-skali-28-mm\/"},"modified":"2020-03-01T02:58:31","modified_gmt":"2020-03-01T00:58:31","slug":"teren-wraku-statku-w-skali-28-mm","status":"publish","type":"product","link":"https:\/\/3dvikingsstore.com\/pl\/shop\/teren-wraku-statku-w-skali-28-mm\/","title":{"rendered":"Teren wraku statku w skali 28 mm"},"content":{"rendered":"<p>Wyrusz na epick\u0105 morsk\u0105 przygod\u0119 z naszym starannie wykonanym, drukowanym w 3D elementem terenu wraku statku, zaprojektowanym w celu zwi\u0119kszenia wci\u0105gaj\u0105cych wra\u017ce\u0144 z gier sto\u0142owych. Ten kultowy rekwizyt, oddaj\u0105cy wspania\u0142o\u015b\u0107 zatopionego statku, stanie si\u0119 centralnym punktem twojego pola bitwy, inspiruj\u0105c niezliczone opowie\u015bci o m\u0119stwie i podbojach.<\/p>\n<p><strong>Ujawnianie szczeg\u00f3\u0142\u00f3w:<\/strong><\/p>\n<ul>\n<li><strong>Niezr\u00f3wnane wymiary:<\/strong> Mierz\u0105cy <strong>46 mm x 111 mm x 88 mm<\/strong> wrak statku zapewnia du\u017co miejsca na skomplikowane starcia i strategiczn\u0105 rozgrywk\u0119.<\/li>\n<li><strong>Bezkompromisowa precyzja:<\/strong> Wykonany przy u\u017cyciu najnowocze\u015bniejszej technologii druku 3D, ka\u017cdy szczeg\u00f3\u0142 tego elementu terenu jest odwzorowany z wyj\u0105tkow\u0105 dok\u0142adno\u015bci\u0105, tworz\u0105c hipnotyzuj\u0105co realistyczn\u0105 scen\u0119, kt\u00f3ra przenosi Ci\u0119 w samo serce akcji.<\/li>\n<li><strong>Ekologiczna konstrukcja:<\/strong> Priorytetowo traktujemy zr\u00f3wnowa\u017cony rozw\u00f3j, wykorzystuj\u0105c filament PLA (kwas polimlekowy), przyjazny dla \u015brodowiska materia\u0142 pochodz\u0105cy z zasob\u00f3w odnawialnych. PLA jest nie tylko biodegradowalny, ale tak\u017ce zapewnia trwa\u0142o\u015b\u0107 i wytrzyma\u0142o\u015b\u0107 naszych produkt\u00f3w, gwarantuj\u0105c, \u017ce wytrzymaj\u0105 one rygory bitew sto\u0142owych.<\/li>\n<\/ul>\n<p><strong>Przekszta\u0142canie blatu:<\/strong><\/p>\n<p>Niezale\u017cnie od tego, czy poruszasz si\u0119 po niebezpiecznych wodach, czy bierzesz udzia\u0142 w zaciek\u0142ych bitwach na otwartym morzu, nasz wrak statku z \u0142atwo\u015bci\u0105 zintegruje si\u0119 z twoimi sesjami gry. Jego sugestywny design rozpali wyobra\u017ani\u0119 i zainspiruje do niezliczonych godzin ekscytuj\u0105cej rozgrywki.<\/p>\n<ul>\n<li><strong>P\u0142\u00f3tno z mo\u017cliwo\u015bci\u0105 personalizacji:<\/strong> Nasze elementy terenu s\u0105 dostarczane niepomalowane, co daje mo\u017cliwo\u015b\u0107 spersonalizowania ich za pomoc\u0105 preferowanych schemat\u00f3w kolor\u00f3w i efekt\u00f3w pogodowych. Daj si\u0119 ponie\u015b\u0107 kreatywno\u015bci, tworz\u0105c niestandardowy rekwizyt, kt\u00f3ry idealnie uzupe\u0142ni Tw\u00f3j unikalny styl gry.<\/li>\n<li><strong>Bezproblemowa integracja:<\/strong> Zaprojektowany, aby idealnie skalowa\u0107 si\u0119 z miniaturami 28 mm, nasz wrak statku bez trudu wtopi si\u0119 w istniej\u0105c\u0105 kolekcj\u0119 blat\u00f3w, zapewniaj\u0105c sp\u00f3jne i wci\u0105gaj\u0105ce wra\u017cenia z gry.<\/li>\n<li><strong>Niesko\u0144czone mo\u017cliwo\u015bci:<\/strong> Wykorzystaj nasz element terenu jako centralny punkt bitew morskich, wrak pe\u0142en skarb\u00f3w do zbadania lub t\u0142o dla dramatycznej misji ratunkowej. Mo\u017cliwo\u015bci s\u0105 nieograniczone, pozwalaj\u0105c ci stworzy\u0107 niezapomniane chwile w grach.<\/li>\n<\/ul>\n<p>Zanurz si\u0119 w ekscytuj\u0105cym \u015bwiecie gier sto\u0142owych dzi\u0119ki naszemu wrakowi statku w skali 28 mm. Wyj\u0105tkowa szczeg\u00f3\u0142owo\u015b\u0107, przyjazna dla \u015brodowiska konstrukcja i nieograniczone mo\u017cliwo\u015bci rozgrywki wznios\u0105 twoje przygody na nowy poziom, tworz\u0105c trwa\u0142e wspomnienia i zapewniaj\u0105c niezliczone godziny rado\u015bci z gry.<\/p>\n","protected":false},"excerpt":{"rendered":"<p>Wyrusz na epick\u0105 morsk\u0105 przygod\u0119 z naszym starannie wykonanym, drukowanym w 3D elementem terenu wraku statku, zaprojektowanym w celu zwi\u0119kszenia wci\u0105gaj\u0105cych wra\u017ce\u0144 z gier sto\u0142owych. Ten kultowy rekwizyt, oddaj\u0105cy wspania\u0142o\u015b\u0107 zatopionego statku, stanie si\u0119 centralnym punktem twojego pola bitwy, inspiruj\u0105c niezliczone opowie\u015bci o m\u0119stwie i podbojach.<\/p>\n","protected":false},"featured_media":18756,"comment_status":"open","ping_status":"closed","template":"","meta":[],"product_cat":[3137,3152],"product_tag":[3247,3249,3248,3254,3259,3205,3202,3258,3204,3199,3255,3256,3177,3257],"yoast_head":"<!-- This site is optimized with the Yoast SEO Premium plugin v22.9 (Yoast SEO v22.9) - https:\/\/yoast.com\/wordpress\/plugins\/seo\/ -->\n<title>Teren wraku statku w skali 28 mm<\/title>\n<meta name=\"robots\" content=\"index, follow, max-snippet:-1, max-image-preview:large, max-video-preview:-1\" \/>\n<link rel=\"canonical\" href=\"https:\/\/3dvikingsstore.com\/pl\/shop\/teren-wraku-statku-w-skali-28-mm\/\" \/>\n<meta property=\"og:locale\" content=\"pl_PL\" \/>\n<meta property=\"og:type\" content=\"article\" \/>\n<meta property=\"og:title\" content=\"Teren wraku statku w skali 28 mm\" \/>\n<meta property=\"og:description\" content=\"Wyrusz na epick\u0105 morsk\u0105 przygod\u0119 z naszym starannie wykonanym, drukowanym w 3D elementem terenu wraku statku, zaprojektowanym w celu zwi\u0119kszenia wci\u0105gaj\u0105cych wra\u017ce\u0144 z gier sto\u0142owych. Ten kultowy rekwizyt, oddaj\u0105cy wspania\u0142o\u015b\u0107 zatopionego statku, stanie si\u0119 centralnym punktem twojego pola bitwy, inspiruj\u0105c niezliczone opowie\u015bci o m\u0119stwie i podbojach.\" \/>\n<meta property=\"og:url\" content=\"https:\/\/3dvikingsstore.com\/pl\/shop\/teren-wraku-statku-w-skali-28-mm\/\" \/>\n<meta property=\"og:site_name\" content=\"3D Vikings Store\" \/>\n<meta property=\"og:image\" content=\"https:\/\/3dvikingsstore.com\/wp-content\/uploads\/2020\/03\/il_794xN.1979822289_j32k.jpg\" \/>\n\t<meta property=\"og:image:width\" content=\"794\" \/>\n\t<meta property=\"og:image:height\" content=\"578\" \/>\n\t<meta property=\"og:image:type\" content=\"image\/jpeg\" \/>\n<meta name=\"twitter:card\" content=\"summary_large_image\" \/>\n<meta name=\"twitter:label1\" content=\"Szacowany czas czytania\" \/>\n\t<meta name=\"twitter:data1\" content=\"2 minuty\" \/>\n<script type=\"application\/ld+json\" class=\"yoast-schema-graph\">{\"@context\":\"https:\/\/schema.org\",\"@graph\":[{\"@type\":[\"WebPage\",\"ItemPage\"],\"@id\":\"https:\/\/3dvikingsstore.com\/pl\/shop\/teren-wraku-statku-w-skali-28-mm\/\",\"url\":\"https:\/\/3dvikingsstore.com\/pl\/shop\/teren-wraku-statku-w-skali-28-mm\/\",\"name\":\"Teren wraku statku w skali 28 mm\",\"isPartOf\":{\"@id\":\"https:\/\/3dvikingsstore.com\/pl\/#website\"},\"primaryImageOfPage\":{\"@id\":\"https:\/\/3dvikingsstore.com\/pl\/shop\/teren-wraku-statku-w-skali-28-mm\/#primaryimage\"},\"image\":{\"@id\":\"https:\/\/3dvikingsstore.com\/pl\/shop\/teren-wraku-statku-w-skali-28-mm\/#primaryimage\"},\"thumbnailUrl\":\"https:\/\/3dvikingsstore.com\/wp-content\/uploads\/2020\/03\/il_794xN.1979822289_j32k.jpg\",\"datePublished\":\"2020-03-01T00:58:31+00:00\",\"dateModified\":\"2020-03-01T00:58:31+00:00\",\"breadcrumb\":{\"@id\":\"https:\/\/3dvikingsstore.com\/pl\/shop\/teren-wraku-statku-w-skali-28-mm\/#breadcrumb\"},\"inLanguage\":\"pl-PL\",\"potentialAction\":[{\"@type\":\"ReadAction\",\"target\":[\"https:\/\/3dvikingsstore.com\/pl\/shop\/teren-wraku-statku-w-skali-28-mm\/\"]}]},{\"@type\":\"ImageObject\",\"inLanguage\":\"pl-PL\",\"@id\":\"https:\/\/3dvikingsstore.com\/pl\/shop\/teren-wraku-statku-w-skali-28-mm\/#primaryimage\",\"url\":\"https:\/\/3dvikingsstore.com\/wp-content\/uploads\/2020\/03\/il_794xN.1979822289_j32k.jpg\",\"contentUrl\":\"https:\/\/3dvikingsstore.com\/wp-content\/uploads\/2020\/03\/il_794xN.1979822289_j32k.jpg\",\"width\":794,\"height\":578},{\"@type\":\"BreadcrumbList\",\"@id\":\"https:\/\/3dvikingsstore.com\/pl\/shop\/teren-wraku-statku-w-skali-28-mm\/#breadcrumb\",\"itemListElement\":[{\"@type\":\"ListItem\",\"position\":1,\"name\":\"Home\",\"item\":\"https:\/\/3dvikingsstore.com\/pl\/\"},{\"@type\":\"ListItem\",\"position\":2,\"name\":\"Shop\",\"item\":\"https:\/\/3dvikingsstore.com\/shop\/\"},{\"@type\":\"ListItem\",\"position\":3,\"name\":\"Teren wraku statku w skali 28 mm\"}]},{\"@type\":\"WebSite\",\"@id\":\"https:\/\/3dvikingsstore.com\/pl\/#website\",\"url\":\"https:\/\/3dvikingsstore.com\/pl\/\",\"name\":\"3D Vikings Store\",\"description\":\"Dekoracje i Akcesoria do Gier Planszowych i Sto\u0142owych\",\"publisher\":{\"@id\":\"https:\/\/3dvikingsstore.com\/pl\/#organization\"},\"potentialAction\":[{\"@type\":\"SearchAction\",\"target\":{\"@type\":\"EntryPoint\",\"urlTemplate\":\"https:\/\/3dvikingsstore.com\/pl\/?s={search_term_string}\"},\"query-input\":\"required name=search_term_string\"}],\"inLanguage\":\"pl-PL\"},{\"@type\":\"Organization\",\"@id\":\"https:\/\/3dvikingsstore.com\/pl\/#organization\",\"name\":\"3D Vikings Store\",\"url\":\"https:\/\/3dvikingsstore.com\/pl\/\",\"logo\":{\"@type\":\"ImageObject\",\"inLanguage\":\"pl-PL\",\"@id\":\"https:\/\/3dvikingsstore.com\/pl\/#\/schema\/logo\/image\/\",\"url\":\"https:\/\/3dvikingsstore.com\/wp-content\/uploads\/2020\/03\/3dvikings-logo-karge-white.jpg\",\"contentUrl\":\"https:\/\/3dvikingsstore.com\/wp-content\/uploads\/2020\/03\/3dvikings-logo-karge-white.jpg\",\"width\":800,\"height\":800,\"caption\":\"3D Vikings Store\"},\"image\":{\"@id\":\"https:\/\/3dvikingsstore.com\/pl\/#\/schema\/logo\/image\/\"}}]}<\/script>\n<!-- \/ Yoast SEO Premium plugin. -->","yoast_head_json":{"title":"Teren wraku statku w skali 28 mm","robots":{"index":"index","follow":"follow","max-snippet":"max-snippet:-1","max-image-preview":"max-image-preview:large","max-video-preview":"max-video-preview:-1"},"canonical":"https:\/\/3dvikingsstore.com\/pl\/shop\/teren-wraku-statku-w-skali-28-mm\/","og_locale":"pl_PL","og_type":"article","og_title":"Teren wraku statku w skali 28 mm","og_description":"Wyrusz na epick\u0105 morsk\u0105 przygod\u0119 z naszym starannie wykonanym, drukowanym w 3D elementem terenu wraku statku, zaprojektowanym w celu zwi\u0119kszenia wci\u0105gaj\u0105cych wra\u017ce\u0144 z gier sto\u0142owych. Ten kultowy rekwizyt, oddaj\u0105cy wspania\u0142o\u015b\u0107 zatopionego statku, stanie si\u0119 centralnym punktem twojego pola bitwy, inspiruj\u0105c niezliczone opowie\u015bci o m\u0119stwie i podbojach.","og_url":"https:\/\/3dvikingsstore.com\/pl\/shop\/teren-wraku-statku-w-skali-28-mm\/","og_site_name":"3D Vikings Store","og_image":[{"width":794,"height":578,"url":"https:\/\/3dvikingsstore.com\/wp-content\/uploads\/2020\/03\/il_794xN.1979822289_j32k.jpg","type":"image\/jpeg"}],"twitter_card":"summary_large_image","twitter_misc":{"Szacowany czas czytania":"2 minuty"},"schema":{"@context":"https:\/\/schema.org","@graph":[{"@type":["WebPage","ItemPage"],"@id":"https:\/\/3dvikingsstore.com\/pl\/shop\/teren-wraku-statku-w-skali-28-mm\/","url":"https:\/\/3dvikingsstore.com\/pl\/shop\/teren-wraku-statku-w-skali-28-mm\/","name":"Teren wraku statku w skali 28 mm","isPartOf":{"@id":"https:\/\/3dvikingsstore.com\/pl\/#website"},"primaryImageOfPage":{"@id":"https:\/\/3dvikingsstore.com\/pl\/shop\/teren-wraku-statku-w-skali-28-mm\/#primaryimage"},"image":{"@id":"https:\/\/3dvikingsstore.com\/pl\/shop\/teren-wraku-statku-w-skali-28-mm\/#primaryimage"},"thumbnailUrl":"https:\/\/3dvikingsstore.com\/wp-content\/uploads\/2020\/03\/il_794xN.1979822289_j32k.jpg","datePublished":"2020-03-01T00:58:31+00:00","dateModified":"2020-03-01T00:58:31+00:00","breadcrumb":{"@id":"https:\/\/3dvikingsstore.com\/pl\/shop\/teren-wraku-statku-w-skali-28-mm\/#breadcrumb"},"inLanguage":"pl-PL","potentialAction":[{"@type":"ReadAction","target":["https:\/\/3dvikingsstore.com\/pl\/shop\/teren-wraku-statku-w-skali-28-mm\/"]}]},{"@type":"ImageObject","inLanguage":"pl-PL","@id":"https:\/\/3dvikingsstore.com\/pl\/shop\/teren-wraku-statku-w-skali-28-mm\/#primaryimage","url":"https:\/\/3dvikingsstore.com\/wp-content\/uploads\/2020\/03\/il_794xN.1979822289_j32k.jpg","contentUrl":"https:\/\/3dvikingsstore.com\/wp-content\/uploads\/2020\/03\/il_794xN.1979822289_j32k.jpg","width":794,"height":578},{"@type":"BreadcrumbList","@id":"https:\/\/3dvikingsstore.com\/pl\/shop\/teren-wraku-statku-w-skali-28-mm\/#breadcrumb","itemListElement":[{"@type":"ListItem","position":1,"name":"Home","item":"https:\/\/3dvikingsstore.com\/pl\/"},{"@type":"ListItem","position":2,"name":"Shop","item":"https:\/\/3dvikingsstore.com\/shop\/"},{"@type":"ListItem","position":3,"name":"Teren wraku statku w skali 28 mm"}]},{"@type":"WebSite","@id":"https:\/\/3dvikingsstore.com\/pl\/#website","url":"https:\/\/3dvikingsstore.com\/pl\/","name":"3D Vikings Store","description":"Dekoracje i Akcesoria do Gier Planszowych i Sto\u0142owych","publisher":{"@id":"https:\/\/3dvikingsstore.com\/pl\/#organization"},"potentialAction":[{"@type":"SearchAction","target":{"@type":"EntryPoint","urlTemplate":"https:\/\/3dvikingsstore.com\/pl\/?s={search_term_string}"},"query-input":"required name=search_term_string"}],"inLanguage":"pl-PL"},{"@type":"Organization","@id":"https:\/\/3dvikingsstore.com\/pl\/#organization","name":"3D Vikings Store","url":"https:\/\/3dvikingsstore.com\/pl\/","logo":{"@type":"ImageObject","inLanguage":"pl-PL","@id":"https:\/\/3dvikingsstore.com\/pl\/#\/schema\/logo\/image\/","url":"https:\/\/3dvikingsstore.com\/wp-content\/uploads\/2020\/03\/3dvikings-logo-karge-white.jpg","contentUrl":"https:\/\/3dvikingsstore.com\/wp-content\/uploads\/2020\/03\/3dvikings-logo-karge-white.jpg","width":800,"height":800,"caption":"3D Vikings Store"},"image":{"@id":"https:\/\/3dvikingsstore.com\/pl\/#\/schema\/logo\/image\/"}}]}},"_links":{"self":[{"href":"https:\/\/3dvikingsstore.com\/pl\/wp-json\/wp\/v2\/product\/18755"}],"collection":[{"href":"https:\/\/3dvikingsstore.com\/pl\/wp-json\/wp\/v2\/product"}],"about":[{"href":"https:\/\/3dvikingsstore.com\/pl\/wp-json\/wp\/v2\/types\/product"}],"replies":[{"embeddable":true,"href":"https:\/\/3dvikingsstore.com\/pl\/wp-json\/wp\/v2\/comments?post=18755"}],"version-history":[{"count":0,"href":"https:\/\/3dvikingsstore.com\/pl\/wp-json\/wp\/v2\/product\/18755\/revisions"}],"wp:featuredmedia":[{"embeddable":true,"href":"https:\/\/3dvikingsstore.com\/pl\/wp-json\/wp\/v2\/media\/18756"}],"wp:attachment":[{"href":"https:\/\/3dvikingsstore.com\/pl\/wp-json\/wp\/v2\/media?parent=18755"}],"wp:term":[{"taxonomy":"product_cat","embeddable":true,"href":"https:\/\/3dvikingsstore.com\/pl\/wp-json\/wp\/v2\/product_cat?post=18755"},{"taxonomy":"product_tag","embeddable":true,"href":"https:\/\/3dvikingsstore.com\/pl\/wp-json\/wp\/v2\/product_tag?post=18755"}],"curies":[{"name":"wp","href":"https:\/\/api.w.org\/{rel}","templated":true}]}}