{"id":18751,"date":"2020-03-01T02:58:31","date_gmt":"2020-03-01T00:58:31","guid":{"rendered":"https:\/\/3dvikingsstore.com\/shop\/zestaw-wrakow-statkow-gwiezdnych-sci-fi-teren-do-gier-wojennych-w-skali-28-mm\/"},"modified":"2020-03-01T02:58:31","modified_gmt":"2020-03-01T00:58:31","slug":"zestaw-wrakow-statkow-gwiezdnych-sci-fi-teren-do-gier-wojennych-w-skali-28-mm","status":"publish","type":"product","link":"https:\/\/3dvikingsstore.com\/pl\/shop\/zestaw-wrakow-statkow-gwiezdnych-sci-fi-teren-do-gier-wojennych-w-skali-28-mm\/","title":{"rendered":"Zestaw wrak\u00f3w statk\u00f3w gwiezdnych Sci-Fi &#8211; teren do gier wojennych w skali 28 mm"},"content":{"rendered":"<p>Dodaj troch\u0119 klimatu science-fiction do swojej scenerii do gier wojennych dzi\u0119ki zestawowi <strong>wrak\u00f3w<\/strong> statk\u00f3w kosmicznych! Zestaw zawiera dwa wraki statk\u00f3w kosmicznych (jak pokazano na zdj\u0119ciach), ka\u017cdy o unikalnym i realistycznym wygl\u0105dzie. Wraki maj\u0105 metalow\u0105 konstrukcj\u0119 z dziurami, p\u0119kni\u0119ciami i drutami. Wyko\u0144czenie na zdj\u0119ciach zosta\u0142o osi\u0105gni\u0119te poprzez spryskanie czarn\u0105 farb\u0105 na zewn\u0105trz i przetarcie na sucho ja\u015bniejsz\u0105 i ja\u015bniejsz\u0105 szaro\u015bci\u0105. Mo\u017cesz tak\u017ce u\u017cy\u0107 w\u0142asnych kolor\u00f3w i technik, aby dostosowa\u0107 wraki do swoich upodoba\u0144.<\/p>\n<p>Wraki statk\u00f3w kosmicznych s\u0105 idealne do u\u017cycia z miniaturami do gier wojennych (Warhammer 40k, Star Wars Legion lub inne gry sto\u0142owe).  <strong>Wraki s\u0105 niepomalowane<\/strong>, dzi\u0119ki czemu mo\u017cesz uwolni\u0107 swoj\u0105 kreatywno\u015b\u0107 i uczyni\u0107 je w\u0142asnymi. Mo\u017cesz u\u017cy\u0107 ich jako os\u0142ony, terenu lub element\u00f3w scenerii w swoich 28-milimetrowych grach terenowych scifi. Niezale\u017cnie od tego, czy grasz jako kosmiczny marine, rebeliant czy \u0142owca nagr\u00f3d, z przyjemno\u015bci\u0105 wykorzystasz te wraki statk\u00f3w kosmicznych jako t\u0142o dla epickich bitew w galaktyce! ?<\/p>\n<p>Wraki statk\u00f3w kosmicznych to pozycja obowi\u0105zkowa dla ka\u017cdego fana sci-fi lub gracza wojennego. Dodadz\u0105 one wiele zabawy i realizmu do twoich gier i sprawi\u0105, \u017ce twoje figurki b\u0119d\u0105 si\u0119 wyr\u00f3\u017cnia\u0107. Zam\u00f3w ju\u017c dzi\u015b i przygotuj si\u0119 na niesamowite przygody w kosmosie! ?<\/p>\n","protected":false},"excerpt":{"rendered":"<p>Dodaj troch\u0119 klimatu science-fiction do swojej scenerii do gier wojennych dzi\u0119ki zestawowi wrak\u00f3w statk\u00f3w kosmicznych! Zestaw zawiera dwa wraki statk\u00f3w kosmicznych (jak pokazano na zdj\u0119ciach), ka\u017cdy o unikalnym i realistycznym wygl\u0105dzie. Wraki maj\u0105 metalow\u0105 konstrukcj\u0119 z dziurami, p\u0119kni\u0119ciami i drutami. Wyko\u0144czenie na zdj\u0119ciach zosta\u0142o osi\u0105gni\u0119te poprzez spryskanie czarn\u0105 farb\u0105 na zewn\u0105trz i przetarcie na sucho<br \/><a class=\"more-link\" href=\"https:\/\/3dvikingsstore.com\/pl\/shop\/zestaw-wrakow-statkow-gwiezdnych-sci-fi-teren-do-gier-wojennych-w-skali-28-mm\/\"><br \/>\n        Read More<span class=\"screen-reader-text\"> &#8222;Zestaw wrak\u00f3w statk\u00f3w gwiezdnych Sci-Fi &#8211; teren do gier wojennych w skali 28 mm&#8221;<\/span><\/a><\/p>\n","protected":false},"featured_media":18752,"comment_status":"open","ping_status":"closed","template":"","meta":[],"product_cat":[3137,3152],"product_tag":[3247,3194,3180,3250,3249,3248,3253,3207,3205,3251,3252,3181,3204],"yoast_head":"<!-- This site is optimized with the Yoast SEO Premium plugin v22.9 (Yoast SEO v22.9) - https:\/\/yoast.com\/wordpress\/plugins\/seo\/ -->\n<title>Zestaw wrak\u00f3w statk\u00f3w gwiezdnych Sci-Fi - teren do gier wojennych w skali 28 mm<\/title>\n<meta name=\"description\" content=\"Dodaj troch\u0119 klimatu science-fiction do swojej scenerii do gier wojennych dzi\u0119ki temu 28-milimetrowemu elementowi terenu science-fiction! Zestaw zawiera dwa wraki statk\u00f3w kosmicznych, ka\u017cdy o realistycznym wygl\u0105dzie.\" \/>\n<meta name=\"robots\" content=\"index, follow, max-snippet:-1, max-image-preview:large, max-video-preview:-1\" \/>\n<link rel=\"canonical\" href=\"https:\/\/3dvikingsstore.com\/pl\/shop\/zestaw-wrakow-statkow-gwiezdnych-sci-fi-teren-do-gier-wojennych-w-skali-28-mm\/\" \/>\n<meta property=\"og:locale\" content=\"pl_PL\" \/>\n<meta property=\"og:type\" content=\"article\" \/>\n<meta property=\"og:title\" content=\"Zestaw wrak\u00f3w statk\u00f3w gwiezdnych Sci-Fi - teren do gier wojennych w skali 28 mm\" \/>\n<meta property=\"og:description\" content=\"Dodaj troch\u0119 klimatu science-fiction do swojej scenerii do gier wojennych dzi\u0119ki temu 28-milimetrowemu elementowi terenu science-fiction! Zestaw zawiera dwa wraki statk\u00f3w kosmicznych, ka\u017cdy o realistycznym wygl\u0105dzie.\" \/>\n<meta property=\"og:url\" content=\"https:\/\/3dvikingsstore.com\/pl\/shop\/zestaw-wrakow-statkow-gwiezdnych-sci-fi-teren-do-gier-wojennych-w-skali-28-mm\/\" \/>\n<meta property=\"og:site_name\" content=\"3D Vikings Store\" \/>\n<meta property=\"og:image\" content=\"https:\/\/3dvikingsstore.com\/wp-content\/uploads\/2020\/03\/il_794xN.1982384001_pvyi.jpg\" \/>\n\t<meta property=\"og:image:width\" content=\"794\" \/>\n\t<meta property=\"og:image:height\" content=\"546\" \/>\n\t<meta property=\"og:image:type\" content=\"image\/jpeg\" \/>\n<meta name=\"twitter:card\" content=\"summary_large_image\" \/>\n<meta name=\"twitter:label1\" content=\"Szacowany czas czytania\" \/>\n\t<meta name=\"twitter:data1\" content=\"1 minuta\" \/>\n<script type=\"application\/ld+json\" class=\"yoast-schema-graph\">{\"@context\":\"https:\/\/schema.org\",\"@graph\":[{\"@type\":[\"WebPage\",\"ItemPage\"],\"@id\":\"https:\/\/3dvikingsstore.com\/pl\/shop\/zestaw-wrakow-statkow-gwiezdnych-sci-fi-teren-do-gier-wojennych-w-skali-28-mm\/\",\"url\":\"https:\/\/3dvikingsstore.com\/pl\/shop\/zestaw-wrakow-statkow-gwiezdnych-sci-fi-teren-do-gier-wojennych-w-skali-28-mm\/\",\"name\":\"Zestaw wrak\u00f3w statk\u00f3w gwiezdnych Sci-Fi - teren do gier wojennych w skali 28 mm\",\"isPartOf\":{\"@id\":\"https:\/\/3dvikingsstore.com\/pl\/#website\"},\"primaryImageOfPage\":{\"@id\":\"https:\/\/3dvikingsstore.com\/pl\/shop\/zestaw-wrakow-statkow-gwiezdnych-sci-fi-teren-do-gier-wojennych-w-skali-28-mm\/#primaryimage\"},\"image\":{\"@id\":\"https:\/\/3dvikingsstore.com\/pl\/shop\/zestaw-wrakow-statkow-gwiezdnych-sci-fi-teren-do-gier-wojennych-w-skali-28-mm\/#primaryimage\"},\"thumbnailUrl\":\"https:\/\/3dvikingsstore.com\/wp-content\/uploads\/2020\/03\/il_794xN.1982384001_pvyi.jpg\",\"datePublished\":\"2020-03-01T00:58:31+00:00\",\"dateModified\":\"2020-03-01T00:58:31+00:00\",\"description\":\"Dodaj troch\u0119 klimatu science-fiction do swojej scenerii do gier wojennych dzi\u0119ki temu 28-milimetrowemu elementowi terenu science-fiction! Zestaw zawiera dwa wraki statk\u00f3w kosmicznych, ka\u017cdy o realistycznym wygl\u0105dzie.\",\"breadcrumb\":{\"@id\":\"https:\/\/3dvikingsstore.com\/pl\/shop\/zestaw-wrakow-statkow-gwiezdnych-sci-fi-teren-do-gier-wojennych-w-skali-28-mm\/#breadcrumb\"},\"inLanguage\":\"pl-PL\",\"potentialAction\":[{\"@type\":\"ReadAction\",\"target\":[\"https:\/\/3dvikingsstore.com\/pl\/shop\/zestaw-wrakow-statkow-gwiezdnych-sci-fi-teren-do-gier-wojennych-w-skali-28-mm\/\"]}]},{\"@type\":\"ImageObject\",\"inLanguage\":\"pl-PL\",\"@id\":\"https:\/\/3dvikingsstore.com\/pl\/shop\/zestaw-wrakow-statkow-gwiezdnych-sci-fi-teren-do-gier-wojennych-w-skali-28-mm\/#primaryimage\",\"url\":\"https:\/\/3dvikingsstore.com\/wp-content\/uploads\/2020\/03\/il_794xN.1982384001_pvyi.jpg\",\"contentUrl\":\"https:\/\/3dvikingsstore.com\/wp-content\/uploads\/2020\/03\/il_794xN.1982384001_pvyi.jpg\",\"width\":794,\"height\":546},{\"@type\":\"BreadcrumbList\",\"@id\":\"https:\/\/3dvikingsstore.com\/pl\/shop\/zestaw-wrakow-statkow-gwiezdnych-sci-fi-teren-do-gier-wojennych-w-skali-28-mm\/#breadcrumb\",\"itemListElement\":[{\"@type\":\"ListItem\",\"position\":1,\"name\":\"Home\",\"item\":\"https:\/\/3dvikingsstore.com\/pl\/\"},{\"@type\":\"ListItem\",\"position\":2,\"name\":\"Shop\",\"item\":\"https:\/\/3dvikingsstore.com\/shop\/\"},{\"@type\":\"ListItem\",\"position\":3,\"name\":\"Zestaw wrak\u00f3w statk\u00f3w gwiezdnych Sci-Fi &#8211; teren do gier wojennych w skali 28 mm\"}]},{\"@type\":\"WebSite\",\"@id\":\"https:\/\/3dvikingsstore.com\/pl\/#website\",\"url\":\"https:\/\/3dvikingsstore.com\/pl\/\",\"name\":\"3D Vikings Store\",\"description\":\"Dekoracje i Akcesoria do Gier Planszowych i Sto\u0142owych\",\"publisher\":{\"@id\":\"https:\/\/3dvikingsstore.com\/pl\/#organization\"},\"potentialAction\":[{\"@type\":\"SearchAction\",\"target\":{\"@type\":\"EntryPoint\",\"urlTemplate\":\"https:\/\/3dvikingsstore.com\/pl\/?s={search_term_string}\"},\"query-input\":\"required name=search_term_string\"}],\"inLanguage\":\"pl-PL\"},{\"@type\":\"Organization\",\"@id\":\"https:\/\/3dvikingsstore.com\/pl\/#organization\",\"name\":\"3D Vikings Store\",\"url\":\"https:\/\/3dvikingsstore.com\/pl\/\",\"logo\":{\"@type\":\"ImageObject\",\"inLanguage\":\"pl-PL\",\"@id\":\"https:\/\/3dvikingsstore.com\/pl\/#\/schema\/logo\/image\/\",\"url\":\"https:\/\/3dvikingsstore.com\/wp-content\/uploads\/2020\/03\/3dvikings-logo-karge-white.jpg\",\"contentUrl\":\"https:\/\/3dvikingsstore.com\/wp-content\/uploads\/2020\/03\/3dvikings-logo-karge-white.jpg\",\"width\":800,\"height\":800,\"caption\":\"3D Vikings Store\"},\"image\":{\"@id\":\"https:\/\/3dvikingsstore.com\/pl\/#\/schema\/logo\/image\/\"}}]}<\/script>\n<!-- \/ Yoast SEO Premium plugin. -->","yoast_head_json":{"title":"Zestaw wrak\u00f3w statk\u00f3w gwiezdnych Sci-Fi - teren do gier wojennych w skali 28 mm","description":"Dodaj troch\u0119 klimatu science-fiction do swojej scenerii do gier wojennych dzi\u0119ki temu 28-milimetrowemu elementowi terenu science-fiction! Zestaw zawiera dwa wraki statk\u00f3w kosmicznych, ka\u017cdy o realistycznym wygl\u0105dzie.","robots":{"index":"index","follow":"follow","max-snippet":"max-snippet:-1","max-image-preview":"max-image-preview:large","max-video-preview":"max-video-preview:-1"},"canonical":"https:\/\/3dvikingsstore.com\/pl\/shop\/zestaw-wrakow-statkow-gwiezdnych-sci-fi-teren-do-gier-wojennych-w-skali-28-mm\/","og_locale":"pl_PL","og_type":"article","og_title":"Zestaw wrak\u00f3w statk\u00f3w gwiezdnych Sci-Fi - teren do gier wojennych w skali 28 mm","og_description":"Dodaj troch\u0119 klimatu science-fiction do swojej scenerii do gier wojennych dzi\u0119ki temu 28-milimetrowemu elementowi terenu science-fiction! Zestaw zawiera dwa wraki statk\u00f3w kosmicznych, ka\u017cdy o realistycznym wygl\u0105dzie.","og_url":"https:\/\/3dvikingsstore.com\/pl\/shop\/zestaw-wrakow-statkow-gwiezdnych-sci-fi-teren-do-gier-wojennych-w-skali-28-mm\/","og_site_name":"3D Vikings Store","og_image":[{"width":794,"height":546,"url":"https:\/\/3dvikingsstore.com\/wp-content\/uploads\/2020\/03\/il_794xN.1982384001_pvyi.jpg","type":"image\/jpeg"}],"twitter_card":"summary_large_image","twitter_misc":{"Szacowany czas czytania":"1 minuta"},"schema":{"@context":"https:\/\/schema.org","@graph":[{"@type":["WebPage","ItemPage"],"@id":"https:\/\/3dvikingsstore.com\/pl\/shop\/zestaw-wrakow-statkow-gwiezdnych-sci-fi-teren-do-gier-wojennych-w-skali-28-mm\/","url":"https:\/\/3dvikingsstore.com\/pl\/shop\/zestaw-wrakow-statkow-gwiezdnych-sci-fi-teren-do-gier-wojennych-w-skali-28-mm\/","name":"Zestaw wrak\u00f3w statk\u00f3w gwiezdnych Sci-Fi - teren do gier wojennych w skali 28 mm","isPartOf":{"@id":"https:\/\/3dvikingsstore.com\/pl\/#website"},"primaryImageOfPage":{"@id":"https:\/\/3dvikingsstore.com\/pl\/shop\/zestaw-wrakow-statkow-gwiezdnych-sci-fi-teren-do-gier-wojennych-w-skali-28-mm\/#primaryimage"},"image":{"@id":"https:\/\/3dvikingsstore.com\/pl\/shop\/zestaw-wrakow-statkow-gwiezdnych-sci-fi-teren-do-gier-wojennych-w-skali-28-mm\/#primaryimage"},"thumbnailUrl":"https:\/\/3dvikingsstore.com\/wp-content\/uploads\/2020\/03\/il_794xN.1982384001_pvyi.jpg","datePublished":"2020-03-01T00:58:31+00:00","dateModified":"2020-03-01T00:58:31+00:00","description":"Dodaj troch\u0119 klimatu science-fiction do swojej scenerii do gier wojennych dzi\u0119ki temu 28-milimetrowemu elementowi terenu science-fiction! Zestaw zawiera dwa wraki statk\u00f3w kosmicznych, ka\u017cdy o realistycznym wygl\u0105dzie.","breadcrumb":{"@id":"https:\/\/3dvikingsstore.com\/pl\/shop\/zestaw-wrakow-statkow-gwiezdnych-sci-fi-teren-do-gier-wojennych-w-skali-28-mm\/#breadcrumb"},"inLanguage":"pl-PL","potentialAction":[{"@type":"ReadAction","target":["https:\/\/3dvikingsstore.com\/pl\/shop\/zestaw-wrakow-statkow-gwiezdnych-sci-fi-teren-do-gier-wojennych-w-skali-28-mm\/"]}]},{"@type":"ImageObject","inLanguage":"pl-PL","@id":"https:\/\/3dvikingsstore.com\/pl\/shop\/zestaw-wrakow-statkow-gwiezdnych-sci-fi-teren-do-gier-wojennych-w-skali-28-mm\/#primaryimage","url":"https:\/\/3dvikingsstore.com\/wp-content\/uploads\/2020\/03\/il_794xN.1982384001_pvyi.jpg","contentUrl":"https:\/\/3dvikingsstore.com\/wp-content\/uploads\/2020\/03\/il_794xN.1982384001_pvyi.jpg","width":794,"height":546},{"@type":"BreadcrumbList","@id":"https:\/\/3dvikingsstore.com\/pl\/shop\/zestaw-wrakow-statkow-gwiezdnych-sci-fi-teren-do-gier-wojennych-w-skali-28-mm\/#breadcrumb","itemListElement":[{"@type":"ListItem","position":1,"name":"Home","item":"https:\/\/3dvikingsstore.com\/pl\/"},{"@type":"ListItem","position":2,"name":"Shop","item":"https:\/\/3dvikingsstore.com\/shop\/"},{"@type":"ListItem","position":3,"name":"Zestaw wrak\u00f3w statk\u00f3w gwiezdnych Sci-Fi &#8211; teren do gier wojennych w skali 28 mm"}]},{"@type":"WebSite","@id":"https:\/\/3dvikingsstore.com\/pl\/#website","url":"https:\/\/3dvikingsstore.com\/pl\/","name":"3D Vikings Store","description":"Dekoracje i Akcesoria do Gier Planszowych i Sto\u0142owych","publisher":{"@id":"https:\/\/3dvikingsstore.com\/pl\/#organization"},"potentialAction":[{"@type":"SearchAction","target":{"@type":"EntryPoint","urlTemplate":"https:\/\/3dvikingsstore.com\/pl\/?s={search_term_string}"},"query-input":"required name=search_term_string"}],"inLanguage":"pl-PL"},{"@type":"Organization","@id":"https:\/\/3dvikingsstore.com\/pl\/#organization","name":"3D Vikings Store","url":"https:\/\/3dvikingsstore.com\/pl\/","logo":{"@type":"ImageObject","inLanguage":"pl-PL","@id":"https:\/\/3dvikingsstore.com\/pl\/#\/schema\/logo\/image\/","url":"https:\/\/3dvikingsstore.com\/wp-content\/uploads\/2020\/03\/3dvikings-logo-karge-white.jpg","contentUrl":"https:\/\/3dvikingsstore.com\/wp-content\/uploads\/2020\/03\/3dvikings-logo-karge-white.jpg","width":800,"height":800,"caption":"3D Vikings Store"},"image":{"@id":"https:\/\/3dvikingsstore.com\/pl\/#\/schema\/logo\/image\/"}}]}},"_links":{"self":[{"href":"https:\/\/3dvikingsstore.com\/pl\/wp-json\/wp\/v2\/product\/18751"}],"collection":[{"href":"https:\/\/3dvikingsstore.com\/pl\/wp-json\/wp\/v2\/product"}],"about":[{"href":"https:\/\/3dvikingsstore.com\/pl\/wp-json\/wp\/v2\/types\/product"}],"replies":[{"embeddable":true,"href":"https:\/\/3dvikingsstore.com\/pl\/wp-json\/wp\/v2\/comments?post=18751"}],"version-history":[{"count":0,"href":"https:\/\/3dvikingsstore.com\/pl\/wp-json\/wp\/v2\/product\/18751\/revisions"}],"wp:featuredmedia":[{"embeddable":true,"href":"https:\/\/3dvikingsstore.com\/pl\/wp-json\/wp\/v2\/media\/18752"}],"wp:attachment":[{"href":"https:\/\/3dvikingsstore.com\/pl\/wp-json\/wp\/v2\/media?parent=18751"}],"wp:term":[{"taxonomy":"product_cat","embeddable":true,"href":"https:\/\/3dvikingsstore.com\/pl\/wp-json\/wp\/v2\/product_cat?post=18751"},{"taxonomy":"product_tag","embeddable":true,"href":"https:\/\/3dvikingsstore.com\/pl\/wp-json\/wp\/v2\/product_tag?post=18751"}],"curies":[{"name":"wp","href":"https:\/\/api.w.org\/{rel}","templated":true}]}}