{"id":18698,"date":"2024-01-24T14:47:19","date_gmt":"2024-01-24T12:47:19","guid":{"rendered":"https:\/\/3dvikingsstore.com\/shop\/wieza-do-kosci-mimika-niech-twoje-kosci-tocza-sie-plynnie\/"},"modified":"2024-01-24T14:47:19","modified_gmt":"2024-01-24T12:47:19","slug":"wieza-do-kosci-mimika-niech-twoje-kosci-tocza-sie-plynnie","status":"publish","type":"product","link":"https:\/\/3dvikingsstore.com\/pl\/shop\/wieza-do-kosci-mimika-niech-twoje-kosci-tocza-sie-plynnie\/","title":{"rendered":"Wie\u017ca do Ko\u015bci Mimika: Niech Twoje ko\u015bci tocz\u0105 si\u0119 p\u0142ynnie."},"content":{"rendered":"<p>Przedstawiamy <strong>Wie\u017c\u0119 do Ko\u015bci Mimika<\/strong> &#8211; idealny dodatek do Twojego zestawu do gier! Ta wie\u017ca zosta\u0142a zaprojektowana, aby zapewni\u0107 p\u0142ynne toczenie si\u0119 ko\u015bci i zapobiec ich rozrzucaniu po ca\u0142ym stole. Wie\u017ca do Ko\u015bci Mimika jest wykonana z wysokiej jako\u015bci materia\u0142\u00f3w i zbudowana tak, aby s\u0142u\u017cy\u0107 przez d\u0142ugi czas. Ma ca\u0142kowit\u0105 wysoko\u015b\u0107 18 cm i wa\u017cy 400 gram\u00f3w, dzi\u0119ki czemu jest \u0142atwy w transporcie i przechowywaniu.<\/p>\n<p>Wie\u017ca do Ko\u015bci Mimika to obowi\u0105zkowa pozycja dla ka\u017cdego powa\u017cnego gracza. Zosta\u0142 zaprojektowany do pracy z zestawami kostek o dowolnym rozmiarze.<\/p>\n<p>Wie\u017ca ta jest nie tylko funkcjonalna, ale tak\u017ce atrakcyjna wizualnie. Jego unikalny design jest inspirowany potworem mimicznym z gry Dungeons and Dragons. Wie\u017ca do Ko\u015bci Mimika to \u015bwietny spos\u00f3b na rozpocz\u0119cie rozmowy i z pewno\u015bci\u0105 zrobi wra\u017cenie na znajomych i innych graczach.<\/p>\n<p>Nie wymaga monta\u017cu, dzi\u0119ki czemu idealnie nadaje si\u0119 do podr\u00f3\u017cy. Jest r\u00f3wnie\u017c \u0142atwy w czyszczeniu i konserwacji, dzi\u0119ki czemu b\u0119dzie s\u0142u\u017cy\u0142 przez wiele lat.<\/p>\n<p>Podsumowuj\u0105c, jest to wysokiej jako\u015bci, funkcjonalny i atrakcyjny wizualnie dodatek do ka\u017cdej konfiguracji gamingowej. Jego unikalny design z pewno\u015bci\u0105 zrobi wra\u017cenie na znajomych i innych graczach, a jego trwa\u0142o\u015b\u0107 gwarantuje, \u017ce b\u0119dzie s\u0142u\u017cy\u0142 przez wiele lat. Zam\u00f3w ju\u017c dzi\u015b i przenie\u015b swoje wra\u017cenia z gry na wy\u017cszy poziom!<\/p>\n","protected":false},"excerpt":{"rendered":"<p>Przedstawiamy <strong>Wie\u017c\u0119 do Ko\u015bci Mimika<\/strong> &#8211; idealny dodatek do Twojego zestawu do gier!<\/p>\n<p>Ta wie\u017ca zosta\u0142a zaprojektowana, aby zapewni\u0107 p\u0142ynne toczenie si\u0119 ko\u015bci i zapobiec ich rozrzucaniu po ca\u0142ym stole. Wie\u017ca do Ko\u015bci Mimika jest wykonana z wysokiej jako\u015bci materia\u0142\u00f3w i zbudowana tak, aby s\u0142u\u017cy\u0107 przez d\u0142ugi czas. Ma ca\u0142kowit\u0105 wysoko\u015b\u0107 18 cm i wa\u017cy 400 gram\u00f3w, dzi\u0119ki czemu jest \u0142atwy w transporcie i przechowywaniu.<\/p>\n","protected":false},"featured_media":18699,"comment_status":"open","ping_status":"closed","template":"","meta":[],"product_cat":[3146],"product_tag":[3218,3219,3213,3214],"yoast_head":"<!-- This site is optimized with the Yoast SEO Premium plugin v22.9 (Yoast SEO v22.9) - https:\/\/yoast.com\/wordpress\/plugins\/seo\/ -->\n<title>Wie\u017ca do Ko\u015bci Mimika: Niech Twoje ko\u015bci tocz\u0105 si\u0119 p\u0142ynnie.<\/title>\n<meta name=\"description\" content=\"Wie\u017ca do Ko\u015bci Mimika - idealny dodatek do Twojego zestawu do gier! Zaprojektowany, aby zapewni\u0107 p\u0142ynne toczenie si\u0119 ko\u015bci i zapobiec ich rozrzucaniu po ca\u0142ym stole.\" \/>\n<meta name=\"robots\" content=\"index, follow, max-snippet:-1, max-image-preview:large, max-video-preview:-1\" \/>\n<link rel=\"canonical\" href=\"https:\/\/3dvikingsstore.com\/pl\/shop\/wieza-do-kosci-mimika-niech-twoje-kosci-tocza-sie-plynnie\/\" \/>\n<meta property=\"og:locale\" content=\"pl_PL\" \/>\n<meta property=\"og:type\" content=\"article\" \/>\n<meta property=\"og:title\" content=\"Wie\u017ca do Ko\u015bci Mimika: Niech Twoje ko\u015bci tocz\u0105 si\u0119 p\u0142ynnie.\" \/>\n<meta property=\"og:description\" content=\"Wie\u017ca do Ko\u015bci Mimika - idealny dodatek do Twojego zestawu do gier! Zaprojektowany, aby zapewni\u0107 p\u0142ynne toczenie si\u0119 ko\u015bci i zapobiec ich rozrzucaniu po ca\u0142ym stole.\" \/>\n<meta property=\"og:url\" content=\"https:\/\/3dvikingsstore.com\/pl\/shop\/wieza-do-kosci-mimika-niech-twoje-kosci-tocza-sie-plynnie\/\" \/>\n<meta property=\"og:site_name\" content=\"3D Vikings Store\" \/>\n<meta property=\"og:image\" content=\"https:\/\/3dvikingsstore.com\/wp-content\/uploads\/2024\/01\/DSC_6004.jpg\" \/>\n\t<meta property=\"og:image:width\" content=\"1830\" \/>\n\t<meta property=\"og:image:height\" content=\"1830\" \/>\n\t<meta property=\"og:image:type\" content=\"image\/jpeg\" \/>\n<meta name=\"twitter:card\" content=\"summary_large_image\" \/>\n<meta name=\"twitter:label1\" content=\"Szacowany czas czytania\" \/>\n\t<meta name=\"twitter:data1\" content=\"1 minuta\" \/>\n<script type=\"application\/ld+json\" class=\"yoast-schema-graph\">{\"@context\":\"https:\/\/schema.org\",\"@graph\":[{\"@type\":[\"WebPage\",\"ItemPage\"],\"@id\":\"https:\/\/3dvikingsstore.com\/pl\/shop\/wieza-do-kosci-mimika-niech-twoje-kosci-tocza-sie-plynnie\/\",\"url\":\"https:\/\/3dvikingsstore.com\/pl\/shop\/wieza-do-kosci-mimika-niech-twoje-kosci-tocza-sie-plynnie\/\",\"name\":\"Wie\u017ca do Ko\u015bci Mimika: Niech Twoje ko\u015bci tocz\u0105 si\u0119 p\u0142ynnie.\",\"isPartOf\":{\"@id\":\"https:\/\/3dvikingsstore.com\/pl\/#website\"},\"primaryImageOfPage\":{\"@id\":\"https:\/\/3dvikingsstore.com\/pl\/shop\/wieza-do-kosci-mimika-niech-twoje-kosci-tocza-sie-plynnie\/#primaryimage\"},\"image\":{\"@id\":\"https:\/\/3dvikingsstore.com\/pl\/shop\/wieza-do-kosci-mimika-niech-twoje-kosci-tocza-sie-plynnie\/#primaryimage\"},\"thumbnailUrl\":\"https:\/\/3dvikingsstore.com\/wp-content\/uploads\/2024\/01\/DSC_6004.jpg\",\"datePublished\":\"2024-01-24T12:47:19+00:00\",\"dateModified\":\"2024-01-24T12:47:19+00:00\",\"description\":\"Wie\u017ca do Ko\u015bci Mimika - idealny dodatek do Twojego zestawu do gier! Zaprojektowany, aby zapewni\u0107 p\u0142ynne toczenie si\u0119 ko\u015bci i zapobiec ich rozrzucaniu po ca\u0142ym stole.\",\"breadcrumb\":{\"@id\":\"https:\/\/3dvikingsstore.com\/pl\/shop\/wieza-do-kosci-mimika-niech-twoje-kosci-tocza-sie-plynnie\/#breadcrumb\"},\"inLanguage\":\"pl-PL\",\"potentialAction\":[{\"@type\":\"ReadAction\",\"target\":[\"https:\/\/3dvikingsstore.com\/pl\/shop\/wieza-do-kosci-mimika-niech-twoje-kosci-tocza-sie-plynnie\/\"]}]},{\"@type\":\"ImageObject\",\"inLanguage\":\"pl-PL\",\"@id\":\"https:\/\/3dvikingsstore.com\/pl\/shop\/wieza-do-kosci-mimika-niech-twoje-kosci-tocza-sie-plynnie\/#primaryimage\",\"url\":\"https:\/\/3dvikingsstore.com\/wp-content\/uploads\/2024\/01\/DSC_6004.jpg\",\"contentUrl\":\"https:\/\/3dvikingsstore.com\/wp-content\/uploads\/2024\/01\/DSC_6004.jpg\",\"width\":1830,\"height\":1830},{\"@type\":\"BreadcrumbList\",\"@id\":\"https:\/\/3dvikingsstore.com\/pl\/shop\/wieza-do-kosci-mimika-niech-twoje-kosci-tocza-sie-plynnie\/#breadcrumb\",\"itemListElement\":[{\"@type\":\"ListItem\",\"position\":1,\"name\":\"Home\",\"item\":\"https:\/\/3dvikingsstore.com\/pl\/\"},{\"@type\":\"ListItem\",\"position\":2,\"name\":\"Shop\",\"item\":\"https:\/\/3dvikingsstore.com\/shop\/\"},{\"@type\":\"ListItem\",\"position\":3,\"name\":\"Wie\u017ca do Ko\u015bci Mimika: Niech Twoje ko\u015bci tocz\u0105 si\u0119 p\u0142ynnie.\"}]},{\"@type\":\"WebSite\",\"@id\":\"https:\/\/3dvikingsstore.com\/pl\/#website\",\"url\":\"https:\/\/3dvikingsstore.com\/pl\/\",\"name\":\"3D Vikings Store\",\"description\":\"Dekoracje i Akcesoria do Gier Planszowych i Sto\u0142owych\",\"publisher\":{\"@id\":\"https:\/\/3dvikingsstore.com\/pl\/#organization\"},\"potentialAction\":[{\"@type\":\"SearchAction\",\"target\":{\"@type\":\"EntryPoint\",\"urlTemplate\":\"https:\/\/3dvikingsstore.com\/pl\/?s={search_term_string}\"},\"query-input\":\"required name=search_term_string\"}],\"inLanguage\":\"pl-PL\"},{\"@type\":\"Organization\",\"@id\":\"https:\/\/3dvikingsstore.com\/pl\/#organization\",\"name\":\"3D Vikings Store\",\"url\":\"https:\/\/3dvikingsstore.com\/pl\/\",\"logo\":{\"@type\":\"ImageObject\",\"inLanguage\":\"pl-PL\",\"@id\":\"https:\/\/3dvikingsstore.com\/pl\/#\/schema\/logo\/image\/\",\"url\":\"https:\/\/3dvikingsstore.com\/wp-content\/uploads\/2020\/03\/3dvikings-logo-karge-white.jpg\",\"contentUrl\":\"https:\/\/3dvikingsstore.com\/wp-content\/uploads\/2020\/03\/3dvikings-logo-karge-white.jpg\",\"width\":800,\"height\":800,\"caption\":\"3D Vikings Store\"},\"image\":{\"@id\":\"https:\/\/3dvikingsstore.com\/pl\/#\/schema\/logo\/image\/\"}}]}<\/script>\n<!-- \/ Yoast SEO Premium plugin. -->","yoast_head_json":{"title":"Wie\u017ca do Ko\u015bci Mimika: Niech Twoje ko\u015bci tocz\u0105 si\u0119 p\u0142ynnie.","description":"Wie\u017ca do Ko\u015bci Mimika - idealny dodatek do Twojego zestawu do gier! Zaprojektowany, aby zapewni\u0107 p\u0142ynne toczenie si\u0119 ko\u015bci i zapobiec ich rozrzucaniu po ca\u0142ym stole.","robots":{"index":"index","follow":"follow","max-snippet":"max-snippet:-1","max-image-preview":"max-image-preview:large","max-video-preview":"max-video-preview:-1"},"canonical":"https:\/\/3dvikingsstore.com\/pl\/shop\/wieza-do-kosci-mimika-niech-twoje-kosci-tocza-sie-plynnie\/","og_locale":"pl_PL","og_type":"article","og_title":"Wie\u017ca do Ko\u015bci Mimika: Niech Twoje ko\u015bci tocz\u0105 si\u0119 p\u0142ynnie.","og_description":"Wie\u017ca do Ko\u015bci Mimika - idealny dodatek do Twojego zestawu do gier! Zaprojektowany, aby zapewni\u0107 p\u0142ynne toczenie si\u0119 ko\u015bci i zapobiec ich rozrzucaniu po ca\u0142ym stole.","og_url":"https:\/\/3dvikingsstore.com\/pl\/shop\/wieza-do-kosci-mimika-niech-twoje-kosci-tocza-sie-plynnie\/","og_site_name":"3D Vikings Store","og_image":[{"width":1830,"height":1830,"url":"https:\/\/3dvikingsstore.com\/wp-content\/uploads\/2024\/01\/DSC_6004.jpg","type":"image\/jpeg"}],"twitter_card":"summary_large_image","twitter_misc":{"Szacowany czas czytania":"1 minuta"},"schema":{"@context":"https:\/\/schema.org","@graph":[{"@type":["WebPage","ItemPage"],"@id":"https:\/\/3dvikingsstore.com\/pl\/shop\/wieza-do-kosci-mimika-niech-twoje-kosci-tocza-sie-plynnie\/","url":"https:\/\/3dvikingsstore.com\/pl\/shop\/wieza-do-kosci-mimika-niech-twoje-kosci-tocza-sie-plynnie\/","name":"Wie\u017ca do Ko\u015bci Mimika: Niech Twoje ko\u015bci tocz\u0105 si\u0119 p\u0142ynnie.","isPartOf":{"@id":"https:\/\/3dvikingsstore.com\/pl\/#website"},"primaryImageOfPage":{"@id":"https:\/\/3dvikingsstore.com\/pl\/shop\/wieza-do-kosci-mimika-niech-twoje-kosci-tocza-sie-plynnie\/#primaryimage"},"image":{"@id":"https:\/\/3dvikingsstore.com\/pl\/shop\/wieza-do-kosci-mimika-niech-twoje-kosci-tocza-sie-plynnie\/#primaryimage"},"thumbnailUrl":"https:\/\/3dvikingsstore.com\/wp-content\/uploads\/2024\/01\/DSC_6004.jpg","datePublished":"2024-01-24T12:47:19+00:00","dateModified":"2024-01-24T12:47:19+00:00","description":"Wie\u017ca do Ko\u015bci Mimika - idealny dodatek do Twojego zestawu do gier! Zaprojektowany, aby zapewni\u0107 p\u0142ynne toczenie si\u0119 ko\u015bci i zapobiec ich rozrzucaniu po ca\u0142ym stole.","breadcrumb":{"@id":"https:\/\/3dvikingsstore.com\/pl\/shop\/wieza-do-kosci-mimika-niech-twoje-kosci-tocza-sie-plynnie\/#breadcrumb"},"inLanguage":"pl-PL","potentialAction":[{"@type":"ReadAction","target":["https:\/\/3dvikingsstore.com\/pl\/shop\/wieza-do-kosci-mimika-niech-twoje-kosci-tocza-sie-plynnie\/"]}]},{"@type":"ImageObject","inLanguage":"pl-PL","@id":"https:\/\/3dvikingsstore.com\/pl\/shop\/wieza-do-kosci-mimika-niech-twoje-kosci-tocza-sie-plynnie\/#primaryimage","url":"https:\/\/3dvikingsstore.com\/wp-content\/uploads\/2024\/01\/DSC_6004.jpg","contentUrl":"https:\/\/3dvikingsstore.com\/wp-content\/uploads\/2024\/01\/DSC_6004.jpg","width":1830,"height":1830},{"@type":"BreadcrumbList","@id":"https:\/\/3dvikingsstore.com\/pl\/shop\/wieza-do-kosci-mimika-niech-twoje-kosci-tocza-sie-plynnie\/#breadcrumb","itemListElement":[{"@type":"ListItem","position":1,"name":"Home","item":"https:\/\/3dvikingsstore.com\/pl\/"},{"@type":"ListItem","position":2,"name":"Shop","item":"https:\/\/3dvikingsstore.com\/shop\/"},{"@type":"ListItem","position":3,"name":"Wie\u017ca do Ko\u015bci Mimika: Niech Twoje ko\u015bci tocz\u0105 si\u0119 p\u0142ynnie."}]},{"@type":"WebSite","@id":"https:\/\/3dvikingsstore.com\/pl\/#website","url":"https:\/\/3dvikingsstore.com\/pl\/","name":"3D Vikings Store","description":"Dekoracje i Akcesoria do Gier Planszowych i Sto\u0142owych","publisher":{"@id":"https:\/\/3dvikingsstore.com\/pl\/#organization"},"potentialAction":[{"@type":"SearchAction","target":{"@type":"EntryPoint","urlTemplate":"https:\/\/3dvikingsstore.com\/pl\/?s={search_term_string}"},"query-input":"required name=search_term_string"}],"inLanguage":"pl-PL"},{"@type":"Organization","@id":"https:\/\/3dvikingsstore.com\/pl\/#organization","name":"3D Vikings Store","url":"https:\/\/3dvikingsstore.com\/pl\/","logo":{"@type":"ImageObject","inLanguage":"pl-PL","@id":"https:\/\/3dvikingsstore.com\/pl\/#\/schema\/logo\/image\/","url":"https:\/\/3dvikingsstore.com\/wp-content\/uploads\/2020\/03\/3dvikings-logo-karge-white.jpg","contentUrl":"https:\/\/3dvikingsstore.com\/wp-content\/uploads\/2020\/03\/3dvikings-logo-karge-white.jpg","width":800,"height":800,"caption":"3D Vikings Store"},"image":{"@id":"https:\/\/3dvikingsstore.com\/pl\/#\/schema\/logo\/image\/"}}]}},"_links":{"self":[{"href":"https:\/\/3dvikingsstore.com\/pl\/wp-json\/wp\/v2\/product\/18698"}],"collection":[{"href":"https:\/\/3dvikingsstore.com\/pl\/wp-json\/wp\/v2\/product"}],"about":[{"href":"https:\/\/3dvikingsstore.com\/pl\/wp-json\/wp\/v2\/types\/product"}],"replies":[{"embeddable":true,"href":"https:\/\/3dvikingsstore.com\/pl\/wp-json\/wp\/v2\/comments?post=18698"}],"version-history":[{"count":0,"href":"https:\/\/3dvikingsstore.com\/pl\/wp-json\/wp\/v2\/product\/18698\/revisions"}],"wp:featuredmedia":[{"embeddable":true,"href":"https:\/\/3dvikingsstore.com\/pl\/wp-json\/wp\/v2\/media\/18699"}],"wp:attachment":[{"href":"https:\/\/3dvikingsstore.com\/pl\/wp-json\/wp\/v2\/media?parent=18698"}],"wp:term":[{"taxonomy":"product_cat","embeddable":true,"href":"https:\/\/3dvikingsstore.com\/pl\/wp-json\/wp\/v2\/product_cat?post=18698"},{"taxonomy":"product_tag","embeddable":true,"href":"https:\/\/3dvikingsstore.com\/pl\/wp-json\/wp\/v2\/product_tag?post=18698"}],"curies":[{"name":"wp","href":"https:\/\/api.w.org\/{rel}","templated":true}]}}