{"id":18690,"date":"2024-01-23T22:16:02","date_gmt":"2024-01-23T20:16:02","guid":{"rendered":"https:\/\/3dvikingsstore.com\/shop\/wieza-do-kosci-z-czaszka-do-gier-stolowych\/"},"modified":"2024-03-25T19:14:28","modified_gmt":"2024-03-25T17:14:28","slug":"wieza-do-kosci-z-czaszka-do-gier-stolowych","status":"publish","type":"product","link":"https:\/\/3dvikingsstore.com\/pl\/shop\/wieza-do-kosci-z-czaszka-do-gier-stolowych\/","title":{"rendered":"Wie\u017ca do ko\u015bci z czaszk\u0105 do gier sto\u0142owych"},"content":{"rendered":"\t\t<div data-elementor-type=\"wp-post\" data-elementor-id=\"18690\" class=\"elementor elementor-18690 elementor-12698\">\n\t\t\t\t\t\t\t\t\t<section class=\"elementor-section elementor-top-section elementor-element elementor-element-711307ca elementor-section-boxed elementor-section-height-default elementor-section-height-default\" data-id=\"711307ca\" data-element_type=\"section\">\n\t\t\t\t\t\t<div class=\"elementor-container elementor-column-gap-default\">\n\t\t\t\t\t<div class=\"elementor-column elementor-col-100 elementor-top-column elementor-element elementor-element-2029d467\" data-id=\"2029d467\" data-element_type=\"column\">\n\t\t\t<div class=\"elementor-widget-wrap elementor-element-populated\">\n\t\t\t\t\t\t\t\t<div class=\"elementor-element elementor-element-7af228e8 elementor-widget elementor-widget-text-editor\" data-id=\"7af228e8\" data-element_type=\"widget\" data-widget_type=\"text-editor.default\">\n\t\t\t\t<div class=\"elementor-widget-container\">\n\t\t\t\t\t\t\t<p>Przedstawiamy <strong>Wie\u017c\u0119 do Ko\u015bci Czaszki<\/strong>, wyj\u0105tkowy i zabawny dodatek, kt\u00f3ry mo\u017ce doda\u0107 troch\u0119 emocji do Twoich sesji gier sto\u0142owych. Ta wie\u017ca do gry w ko\u015bci ma realistyczny wygl\u0105d czaszki z przera\u017caj\u0105cym paj\u0105kiem pe\u0142zaj\u0105cym po jej g\u0142owie, co dodaje wie\u017cy grozy i tajemniczo\u015bci. Czaszka ma z\u0142owieszczy grymas i puste oczy, kt\u00f3re wydaj\u0105 si\u0119 wpatrywa\u0107 w ciebie, gdy rzucasz ko\u015b\u0107mi. Paj\u0105k pe\u0142zaj\u0105cy po g\u0142owie czaszki to \u015bwietny szczeg\u00f3\u0142, kt\u00f3ry wyr\u00f3\u017cnia t\u0119 wie\u017c\u0119 na tle innych.<\/p>\n<p>Jest idealny do ka\u017cdej sesji gier sto\u0142owych, niezale\u017cnie od tego, czy grasz w Dungeons and Dragons, Pathfinder, Warhammer 40k czy inne RPG. Sprawi to, \u017ce rzuty ko\u015b\u0107mi b\u0119d\u0105 bardziej ekscytuj\u0105ce i trzymaj\u0105ce w napi\u0119ciu. Poczujesz przyp\u0142yw adrenaliny, obserwuj\u0105c, jak twoje ko\u015bci spadaj\u0105 z oczu czaszki i l\u0105duj\u0105 na tacy. Uzyskasz trafienie krytyczne czy fumble? Czy odniesiesz sukces czy pora\u017ck\u0119? Wie\u017ca do gry w ko\u015bci z czaszk\u0105 doda pikanterii i dramatyzmu do rozgrywki.<\/p>\n<p>Ta wie\u017ca do gry w ko\u015bci z czaszk\u0105 jest wykonana z wysokiej jako\u015bci materia\u0142\u00f3w, kt\u00f3re zapewniaj\u0105 trwa\u0142o\u015b\u0107 i d\u0142ugowieczno\u015b\u0107. Nie wymaga monta\u017cu, dzi\u0119ki czemu jest wygodny w przechowywaniu i transporcie. Ta wie\u017ca do ko\u015bci jest r\u00f3wnie\u017c kompatybilna z wi\u0119kszo\u015bci\u0105 rozmiar\u00f3w ko\u015bci, co oznacza, \u017ce mo\u017cna jej u\u017cywa\u0107 z ulubionymi zestawami ko\u015bci.<\/p>\n<p>Zam\u00f3w ju\u017c dzi\u015b i poczuj dreszczyk emocji zwi\u0105zany z Poca\u0142unkiem Pustyni! To \u015bwietny prezent dla siebie lub ka\u017cdego entuzjasty gier sto\u0142owych. To pozycja obowi\u0105zkowa dla ka\u017cdego gracza, kt\u00f3ry uwielbia upiorne i zabawne akcesoria. Kup teraz, zanim znikn\u0105!<\/p>\n<p>Podsumowuj\u0105c, jest to \u015bwietne akcesorium dla ka\u017cdego entuzjasty gier sto\u0142owych, kt\u00f3ry uwielbia upiorne i zabawne akcesoria. Jest to pozycja obowi\u0105zkowa dla ka\u017cdego gracza, kt\u00f3ry chce doda\u0107 troch\u0119 emocji i dramatyzmu do swojej rozgrywki. Zam\u00f3w ju\u017c dzi\u015b i poczuj dreszczyk emocji zwi\u0105zany z Poca\u0142unkiem Pustyni! Mi\u0142ego grania!<\/p>\n\t\t\t\t\t\t<\/div>\n\t\t\t\t<\/div>\n\t\t\t\t\t<\/div>\n\t\t<\/div>\n\t\t\t\t\t\t\t<\/div>\n\t\t<\/section>\n\t\t\t\t\t\t\t<\/div>\n\t\t","protected":false},"excerpt":{"rendered":"<p><strong>Wie\u017ca Czaszek<\/strong>, wyj\u0105tkowe i zabawne akcesorium, kt\u00f3re mo\u017ce doda\u0107 troch\u0119 emocji do twoich sesji gier planszowych.<\/p>\n<p>Czaszka ma z\u0142owieszczy grymas i puste oczy, kt\u00f3re wydaj\u0105 si\u0119 wpatrywa\u0107 w ciebie, gdy rzucasz ko\u015b\u0107mi. Paj\u0105k pe\u0142zaj\u0105cy po g\u0142owie czaszki to \u015bwietny szczeg\u00f3\u0142, kt\u00f3ry wyr\u00f3\u017cnia t\u0119 wie\u017c\u0119 na tle innych.<\/p>\n<p>Zam\u00f3w ju\u017c dzi\u015b i poczuj dreszczyk emocji zwi\u0105zany z Poca\u0142unkiem Pustyni! Mi\u0142ego grania!<\/p>\n","protected":false},"featured_media":74488,"comment_status":"open","ping_status":"closed","template":"","meta":[],"product_cat":[3146],"product_tag":[3213,3214],"yoast_head":"<!-- This site is optimized with the Yoast SEO Premium plugin v22.9 (Yoast SEO v22.9) - https:\/\/yoast.com\/wordpress\/plugins\/seo\/ -->\n<title>Wie\u017ca do ko\u015bci z czaszk\u0105 do gier sto\u0142owych<\/title>\n<meta name=\"description\" content=\"Ta wie\u017ca do ko\u015bci ma realistyczny wygl\u0105d czaszki z przera\u017caj\u0105cym paj\u0105kiem pe\u0142zaj\u0105cym po jej g\u0142owie. Zam\u00f3w ju\u017c dzi\u015b i poczuj dreszczyk emocji zwi\u0105zany z Poca\u0142unkiem Pustyni!\" \/>\n<meta name=\"robots\" content=\"index, follow, max-snippet:-1, max-image-preview:large, max-video-preview:-1\" \/>\n<link rel=\"canonical\" href=\"https:\/\/3dvikingsstore.com\/pl\/shop\/wieza-do-kosci-z-czaszka-do-gier-stolowych\/\" \/>\n<meta property=\"og:locale\" content=\"pl_PL\" \/>\n<meta property=\"og:type\" content=\"article\" \/>\n<meta property=\"og:title\" content=\"Wie\u017ca do ko\u015bci z czaszk\u0105 do gier sto\u0142owych\" \/>\n<meta property=\"og:description\" content=\"Ta wie\u017ca do ko\u015bci ma realistyczny wygl\u0105d czaszki z przera\u017caj\u0105cym paj\u0105kiem pe\u0142zaj\u0105cym po jej g\u0142owie. Zam\u00f3w ju\u017c dzi\u015b i poczuj dreszczyk emocji zwi\u0105zany z Poca\u0142unkiem Pustyni!\" \/>\n<meta property=\"og:url\" content=\"https:\/\/3dvikingsstore.com\/pl\/shop\/wieza-do-kosci-z-czaszka-do-gier-stolowych\/\" \/>\n<meta property=\"og:site_name\" content=\"3D Vikings Store\" \/>\n<meta property=\"article:modified_time\" content=\"2024-03-25T17:14:28+00:00\" \/>\n<meta property=\"og:image\" content=\"https:\/\/3dvikingsstore.com\/wp-content\/uploads\/2024\/01\/71FgXNIMDeL._AC_SL1500_.jpg\" \/>\n\t<meta property=\"og:image:width\" content=\"1500\" \/>\n\t<meta property=\"og:image:height\" content=\"1125\" \/>\n\t<meta property=\"og:image:type\" content=\"image\/jpeg\" \/>\n<meta name=\"twitter:card\" content=\"summary_large_image\" \/>\n<meta name=\"twitter:label1\" content=\"Szacowany czas czytania\" \/>\n\t<meta name=\"twitter:data1\" content=\"2 minuty\" \/>\n<script type=\"application\/ld+json\" class=\"yoast-schema-graph\">{\"@context\":\"https:\/\/schema.org\",\"@graph\":[{\"@type\":[\"WebPage\",\"ItemPage\"],\"@id\":\"https:\/\/3dvikingsstore.com\/pl\/shop\/wieza-do-kosci-z-czaszka-do-gier-stolowych\/\",\"url\":\"https:\/\/3dvikingsstore.com\/pl\/shop\/wieza-do-kosci-z-czaszka-do-gier-stolowych\/\",\"name\":\"Wie\u017ca do ko\u015bci z czaszk\u0105 do gier sto\u0142owych\",\"isPartOf\":{\"@id\":\"https:\/\/3dvikingsstore.com\/pl\/#website\"},\"primaryImageOfPage\":{\"@id\":\"https:\/\/3dvikingsstore.com\/pl\/shop\/wieza-do-kosci-z-czaszka-do-gier-stolowych\/#primaryimage\"},\"image\":{\"@id\":\"https:\/\/3dvikingsstore.com\/pl\/shop\/wieza-do-kosci-z-czaszka-do-gier-stolowych\/#primaryimage\"},\"thumbnailUrl\":\"https:\/\/3dvikingsstore.com\/wp-content\/uploads\/2024\/01\/painted-skull-dt.png\",\"datePublished\":\"2024-01-23T20:16:02+00:00\",\"dateModified\":\"2024-03-25T17:14:28+00:00\",\"description\":\"Ta wie\u017ca do ko\u015bci ma realistyczny wygl\u0105d czaszki z przera\u017caj\u0105cym paj\u0105kiem pe\u0142zaj\u0105cym po jej g\u0142owie. Zam\u00f3w ju\u017c dzi\u015b i poczuj dreszczyk emocji zwi\u0105zany z Poca\u0142unkiem Pustyni!\",\"breadcrumb\":{\"@id\":\"https:\/\/3dvikingsstore.com\/pl\/shop\/wieza-do-kosci-z-czaszka-do-gier-stolowych\/#breadcrumb\"},\"inLanguage\":\"pl-PL\",\"potentialAction\":[{\"@type\":\"ReadAction\",\"target\":[\"https:\/\/3dvikingsstore.com\/pl\/shop\/wieza-do-kosci-z-czaszka-do-gier-stolowych\/\"]}]},{\"@type\":\"ImageObject\",\"inLanguage\":\"pl-PL\",\"@id\":\"https:\/\/3dvikingsstore.com\/pl\/shop\/wieza-do-kosci-z-czaszka-do-gier-stolowych\/#primaryimage\",\"url\":\"https:\/\/3dvikingsstore.com\/wp-content\/uploads\/2024\/01\/painted-skull-dt.png\",\"contentUrl\":\"https:\/\/3dvikingsstore.com\/wp-content\/uploads\/2024\/01\/painted-skull-dt.png\",\"width\":797,\"height\":1170},{\"@type\":\"BreadcrumbList\",\"@id\":\"https:\/\/3dvikingsstore.com\/pl\/shop\/wieza-do-kosci-z-czaszka-do-gier-stolowych\/#breadcrumb\",\"itemListElement\":[{\"@type\":\"ListItem\",\"position\":1,\"name\":\"Home\",\"item\":\"https:\/\/3dvikingsstore.com\/pl\/\"},{\"@type\":\"ListItem\",\"position\":2,\"name\":\"Shop\",\"item\":\"https:\/\/3dvikingsstore.com\/shop\/\"},{\"@type\":\"ListItem\",\"position\":3,\"name\":\"Wie\u017ca do ko\u015bci z czaszk\u0105 do gier sto\u0142owych\"}]},{\"@type\":\"WebSite\",\"@id\":\"https:\/\/3dvikingsstore.com\/pl\/#website\",\"url\":\"https:\/\/3dvikingsstore.com\/pl\/\",\"name\":\"3D Vikings Store\",\"description\":\"Dekoracje i Akcesoria do Gier Planszowych i Sto\u0142owych\",\"publisher\":{\"@id\":\"https:\/\/3dvikingsstore.com\/pl\/#organization\"},\"potentialAction\":[{\"@type\":\"SearchAction\",\"target\":{\"@type\":\"EntryPoint\",\"urlTemplate\":\"https:\/\/3dvikingsstore.com\/pl\/?s={search_term_string}\"},\"query-input\":\"required name=search_term_string\"}],\"inLanguage\":\"pl-PL\"},{\"@type\":\"Organization\",\"@id\":\"https:\/\/3dvikingsstore.com\/pl\/#organization\",\"name\":\"3D Vikings Store\",\"url\":\"https:\/\/3dvikingsstore.com\/pl\/\",\"logo\":{\"@type\":\"ImageObject\",\"inLanguage\":\"pl-PL\",\"@id\":\"https:\/\/3dvikingsstore.com\/pl\/#\/schema\/logo\/image\/\",\"url\":\"https:\/\/3dvikingsstore.com\/wp-content\/uploads\/2020\/03\/3dvikings-logo-karge-white.jpg\",\"contentUrl\":\"https:\/\/3dvikingsstore.com\/wp-content\/uploads\/2020\/03\/3dvikings-logo-karge-white.jpg\",\"width\":800,\"height\":800,\"caption\":\"3D Vikings Store\"},\"image\":{\"@id\":\"https:\/\/3dvikingsstore.com\/pl\/#\/schema\/logo\/image\/\"}}]}<\/script>\n<!-- \/ Yoast SEO Premium plugin. -->","yoast_head_json":{"title":"Wie\u017ca do ko\u015bci z czaszk\u0105 do gier sto\u0142owych","description":"Ta wie\u017ca do ko\u015bci ma realistyczny wygl\u0105d czaszki z przera\u017caj\u0105cym paj\u0105kiem pe\u0142zaj\u0105cym po jej g\u0142owie. Zam\u00f3w ju\u017c dzi\u015b i poczuj dreszczyk emocji zwi\u0105zany z Poca\u0142unkiem Pustyni!","robots":{"index":"index","follow":"follow","max-snippet":"max-snippet:-1","max-image-preview":"max-image-preview:large","max-video-preview":"max-video-preview:-1"},"canonical":"https:\/\/3dvikingsstore.com\/pl\/shop\/wieza-do-kosci-z-czaszka-do-gier-stolowych\/","og_locale":"pl_PL","og_type":"article","og_title":"Wie\u017ca do ko\u015bci z czaszk\u0105 do gier sto\u0142owych","og_description":"Ta wie\u017ca do ko\u015bci ma realistyczny wygl\u0105d czaszki z przera\u017caj\u0105cym paj\u0105kiem pe\u0142zaj\u0105cym po jej g\u0142owie. Zam\u00f3w ju\u017c dzi\u015b i poczuj dreszczyk emocji zwi\u0105zany z Poca\u0142unkiem Pustyni!","og_url":"https:\/\/3dvikingsstore.com\/pl\/shop\/wieza-do-kosci-z-czaszka-do-gier-stolowych\/","og_site_name":"3D Vikings Store","article_modified_time":"2024-03-25T17:14:28+00:00","og_image":[{"width":1500,"height":1125,"url":"https:\/\/3dvikingsstore.com\/wp-content\/uploads\/2024\/01\/71FgXNIMDeL._AC_SL1500_.jpg","type":"image\/jpeg"}],"twitter_card":"summary_large_image","twitter_misc":{"Szacowany czas czytania":"2 minuty"},"schema":{"@context":"https:\/\/schema.org","@graph":[{"@type":["WebPage","ItemPage"],"@id":"https:\/\/3dvikingsstore.com\/pl\/shop\/wieza-do-kosci-z-czaszka-do-gier-stolowych\/","url":"https:\/\/3dvikingsstore.com\/pl\/shop\/wieza-do-kosci-z-czaszka-do-gier-stolowych\/","name":"Wie\u017ca do ko\u015bci z czaszk\u0105 do gier sto\u0142owych","isPartOf":{"@id":"https:\/\/3dvikingsstore.com\/pl\/#website"},"primaryImageOfPage":{"@id":"https:\/\/3dvikingsstore.com\/pl\/shop\/wieza-do-kosci-z-czaszka-do-gier-stolowych\/#primaryimage"},"image":{"@id":"https:\/\/3dvikingsstore.com\/pl\/shop\/wieza-do-kosci-z-czaszka-do-gier-stolowych\/#primaryimage"},"thumbnailUrl":"https:\/\/3dvikingsstore.com\/wp-content\/uploads\/2024\/01\/painted-skull-dt.png","datePublished":"2024-01-23T20:16:02+00:00","dateModified":"2024-03-25T17:14:28+00:00","description":"Ta wie\u017ca do ko\u015bci ma realistyczny wygl\u0105d czaszki z przera\u017caj\u0105cym paj\u0105kiem pe\u0142zaj\u0105cym po jej g\u0142owie. Zam\u00f3w ju\u017c dzi\u015b i poczuj dreszczyk emocji zwi\u0105zany z Poca\u0142unkiem Pustyni!","breadcrumb":{"@id":"https:\/\/3dvikingsstore.com\/pl\/shop\/wieza-do-kosci-z-czaszka-do-gier-stolowych\/#breadcrumb"},"inLanguage":"pl-PL","potentialAction":[{"@type":"ReadAction","target":["https:\/\/3dvikingsstore.com\/pl\/shop\/wieza-do-kosci-z-czaszka-do-gier-stolowych\/"]}]},{"@type":"ImageObject","inLanguage":"pl-PL","@id":"https:\/\/3dvikingsstore.com\/pl\/shop\/wieza-do-kosci-z-czaszka-do-gier-stolowych\/#primaryimage","url":"https:\/\/3dvikingsstore.com\/wp-content\/uploads\/2024\/01\/painted-skull-dt.png","contentUrl":"https:\/\/3dvikingsstore.com\/wp-content\/uploads\/2024\/01\/painted-skull-dt.png","width":797,"height":1170},{"@type":"BreadcrumbList","@id":"https:\/\/3dvikingsstore.com\/pl\/shop\/wieza-do-kosci-z-czaszka-do-gier-stolowych\/#breadcrumb","itemListElement":[{"@type":"ListItem","position":1,"name":"Home","item":"https:\/\/3dvikingsstore.com\/pl\/"},{"@type":"ListItem","position":2,"name":"Shop","item":"https:\/\/3dvikingsstore.com\/shop\/"},{"@type":"ListItem","position":3,"name":"Wie\u017ca do ko\u015bci z czaszk\u0105 do gier sto\u0142owych"}]},{"@type":"WebSite","@id":"https:\/\/3dvikingsstore.com\/pl\/#website","url":"https:\/\/3dvikingsstore.com\/pl\/","name":"3D Vikings Store","description":"Dekoracje i Akcesoria do Gier Planszowych i Sto\u0142owych","publisher":{"@id":"https:\/\/3dvikingsstore.com\/pl\/#organization"},"potentialAction":[{"@type":"SearchAction","target":{"@type":"EntryPoint","urlTemplate":"https:\/\/3dvikingsstore.com\/pl\/?s={search_term_string}"},"query-input":"required name=search_term_string"}],"inLanguage":"pl-PL"},{"@type":"Organization","@id":"https:\/\/3dvikingsstore.com\/pl\/#organization","name":"3D Vikings Store","url":"https:\/\/3dvikingsstore.com\/pl\/","logo":{"@type":"ImageObject","inLanguage":"pl-PL","@id":"https:\/\/3dvikingsstore.com\/pl\/#\/schema\/logo\/image\/","url":"https:\/\/3dvikingsstore.com\/wp-content\/uploads\/2020\/03\/3dvikings-logo-karge-white.jpg","contentUrl":"https:\/\/3dvikingsstore.com\/wp-content\/uploads\/2020\/03\/3dvikings-logo-karge-white.jpg","width":800,"height":800,"caption":"3D Vikings Store"},"image":{"@id":"https:\/\/3dvikingsstore.com\/pl\/#\/schema\/logo\/image\/"}}]}},"_links":{"self":[{"href":"https:\/\/3dvikingsstore.com\/pl\/wp-json\/wp\/v2\/product\/18690"}],"collection":[{"href":"https:\/\/3dvikingsstore.com\/pl\/wp-json\/wp\/v2\/product"}],"about":[{"href":"https:\/\/3dvikingsstore.com\/pl\/wp-json\/wp\/v2\/types\/product"}],"replies":[{"embeddable":true,"href":"https:\/\/3dvikingsstore.com\/pl\/wp-json\/wp\/v2\/comments?post=18690"}],"version-history":[{"count":4,"href":"https:\/\/3dvikingsstore.com\/pl\/wp-json\/wp\/v2\/product\/18690\/revisions"}],"predecessor-version":[{"id":18762,"href":"https:\/\/3dvikingsstore.com\/pl\/wp-json\/wp\/v2\/product\/18690\/revisions\/18762"}],"wp:featuredmedia":[{"embeddable":true,"href":"https:\/\/3dvikingsstore.com\/pl\/wp-json\/wp\/v2\/media\/74488"}],"wp:attachment":[{"href":"https:\/\/3dvikingsstore.com\/pl\/wp-json\/wp\/v2\/media?parent=18690"}],"wp:term":[{"taxonomy":"product_cat","embeddable":true,"href":"https:\/\/3dvikingsstore.com\/pl\/wp-json\/wp\/v2\/product_cat?post=18690"},{"taxonomy":"product_tag","embeddable":true,"href":"https:\/\/3dvikingsstore.com\/pl\/wp-json\/wp\/v2\/product_tag?post=18690"}],"curies":[{"name":"wp","href":"https:\/\/api.w.org\/{rel}","templated":true}]}}