{"id":18685,"date":"2024-01-24T15:05:19","date_gmt":"2024-01-24T13:05:19","guid":{"rendered":"https:\/\/3dvikingsstore.com\/shop\/zatopiony-statek-piracki-zaimponuj-innym-graczom\/"},"modified":"2024-01-24T15:05:19","modified_gmt":"2024-01-24T13:05:19","slug":"zatopiony-statek-piracki-zaimponuj-innym-graczom","status":"publish","type":"product","link":"https:\/\/3dvikingsstore.com\/pl\/shop\/zatopiony-statek-piracki-zaimponuj-innym-graczom\/","title":{"rendered":"Zatopiony statek piracki &#8211; zaimponuj innym graczom"},"content":{"rendered":"<p>Wie\u017ca do ko\u015bci zatopionego statku pirackiego &#8211; jedyna w swoim rodzaju wie\u017ca do ko\u015bci, kt\u00f3ra z pewno\u015bci\u0105 zrobi wra\u017cenie na Twoich znajomych i wsp\u00f3\u0142graczach. Ta wie\u017ca do gry w ko\u015bci zosta\u0142a zaprojektowana tak, jakby by\u0142a statkiem pirackim, kt\u00f3ry zosta\u0142 rozbity i zatopiony na dnie oceanu. Zosta\u0142 zaprojektowany tak, aby zapewni\u0107 p\u0142ynne toczenie si\u0119 ko\u015bci i zapobiec ich rozrzucaniu po ca\u0142ym stole.<\/p>\n<p>Wie\u017ca do gry w ko\u015bci Zapad\u0142ego Statku Pirat\u00f3w wykonana jest z wysokiej jako\u015bci materia\u0142\u00f3w, a jej konstrukcja pozwala na d\u0142ugie u\u017cytkowanie. Ma ca\u0142kowit\u0105 wysoko\u015b\u0107 20 cm i wa\u017cy 250 gram\u00f3w, dzi\u0119ki czemu jest \u0142atwy w transporcie i przechowywaniu. Zosta\u0142 zaprojektowany do pracy z typowymi zestawami ko\u015bci.<\/p>\n<p>Ta wie\u017ca do gry w ko\u015bci jest nie tylko funkcjonalna, ale tak\u017ce atrakcyjna wizualnie. Jego unikalny design inspirowany jest zatopionymi statkami pirackimi ze z\u0142otej ery piractwa. Wie\u017ca do Ko\u015bci Zatopionego Statku Pirackiego to \u015bwietny spos\u00f3b na rozpocz\u0119cie rozmowy i z pewno\u015bci\u0105 zrobi wra\u017cenie na znajomych i innych graczach.<\/p>\n<p>Wie\u017ca do Ko\u015bci Zatopionego Statku Pirackiego jest \u0142atwa w monta\u017cu i demonta\u017cu, co czyni j\u0105 idealn\u0105 do podr\u00f3\u017cy. Jest r\u00f3wnie\u017c \u0142atwy w czyszczeniu i konserwacji, dzi\u0119ki czemu b\u0119dzie s\u0142u\u017cy\u0142 przez wiele lat.<\/p>\n<p>Podsumowuj\u0105c, Wie\u017ca do Ko\u015bci Zatopionego Statku Pirackiego to wysokiej jako\u015bci, funkcjonalny i atrakcyjny wizualnie dodatek do ka\u017cdego zestawu do gier. Jego unikalny design z pewno\u015bci\u0105 zrobi wra\u017cenie na znajomych i innych graczach, a jego trwa\u0142o\u015b\u0107 gwarantuje, \u017ce b\u0119dzie s\u0142u\u017cy\u0142 przez wiele lat. Zam\u00f3w ju\u017c dzi\u015b i przenie\u015b swoje wra\u017cenia z gry na wy\u017cszy poziom!<\/p>\n","protected":false},"excerpt":{"rendered":"<p>Wie\u017ca do gry w ko\u015bci zatopiony statek piracki &#8211; wyj\u0105tkowa wie\u017ca do gry w ko\u015bci, kt\u00f3ra z pewno\u015bci\u0105 zrobi wra\u017cenie na twoich przyjacio\u0142ach i kolegach graczach. Ta wie\u017ca do gry w ko\u015bci zosta\u0142a zaprojektowana tak, jakby by\u0142a statkiem pirackim, kt\u00f3ry zosta\u0142 rozbity i zatopiony na dnie oceanu. Zosta\u0142 zaprojektowany, aby zapewni\u0107 p\u0142ynne toczenie si\u0119 ko\u015bci i zapobiec ich rozrzucaniu po ca\u0142ym stole.<\/p>\n","protected":false},"featured_media":18686,"comment_status":"open","ping_status":"closed","template":"","meta":[],"product_cat":[3146],"product_tag":[3217,3213,3214],"yoast_head":"<!-- This site is optimized with the Yoast SEO Premium plugin v22.9 (Yoast SEO v22.9) - https:\/\/yoast.com\/wordpress\/plugins\/seo\/ -->\n<title>Zatopiony statek piracki - zaimponuj innym graczom<\/title>\n<meta name=\"description\" content=\"Kostka wie\u017cy statku pirackiego - jedyna w swoim rodzaju wie\u017ca do rzucania kostkami. Jest modelowany tak, jakby by\u0142 statkiem pirackim, kt\u00f3ry zosta\u0142 rozbity i zatopiony na dnie oceanu\" \/>\n<meta name=\"robots\" content=\"index, follow, max-snippet:-1, max-image-preview:large, max-video-preview:-1\" \/>\n<link rel=\"canonical\" href=\"https:\/\/3dvikingsstore.com\/pl\/shop\/zatopiony-statek-piracki-zaimponuj-innym-graczom\/\" \/>\n<meta property=\"og:locale\" content=\"pl_PL\" \/>\n<meta property=\"og:type\" content=\"article\" \/>\n<meta property=\"og:title\" content=\"Zatopiony statek piracki - zaimponuj innym graczom\" \/>\n<meta property=\"og:description\" content=\"Kostka wie\u017cy statku pirackiego - jedyna w swoim rodzaju wie\u017ca do rzucania kostkami. Jest modelowany tak, jakby by\u0142 statkiem pirackim, kt\u00f3ry zosta\u0142 rozbity i zatopiony na dnie oceanu\" \/>\n<meta property=\"og:url\" content=\"https:\/\/3dvikingsstore.com\/pl\/shop\/zatopiony-statek-piracki-zaimponuj-innym-graczom\/\" \/>\n<meta property=\"og:site_name\" content=\"3D Vikings Store\" \/>\n<meta property=\"og:image\" content=\"https:\/\/3dvikingsstore.com\/wp-content\/uploads\/2024\/01\/DSC_6198-scaled.jpg\" \/>\n\t<meta property=\"og:image:width\" content=\"2560\" \/>\n\t<meta property=\"og:image:height\" content=\"2537\" \/>\n\t<meta property=\"og:image:type\" content=\"image\/jpeg\" \/>\n<meta name=\"twitter:card\" content=\"summary_large_image\" \/>\n<meta name=\"twitter:label1\" content=\"Szacowany czas czytania\" \/>\n\t<meta name=\"twitter:data1\" content=\"2 minuty\" \/>\n<script type=\"application\/ld+json\" class=\"yoast-schema-graph\">{\"@context\":\"https:\/\/schema.org\",\"@graph\":[{\"@type\":[\"WebPage\",\"ItemPage\"],\"@id\":\"https:\/\/3dvikingsstore.com\/pl\/shop\/zatopiony-statek-piracki-zaimponuj-innym-graczom\/\",\"url\":\"https:\/\/3dvikingsstore.com\/pl\/shop\/zatopiony-statek-piracki-zaimponuj-innym-graczom\/\",\"name\":\"Zatopiony statek piracki - zaimponuj innym graczom\",\"isPartOf\":{\"@id\":\"https:\/\/3dvikingsstore.com\/pl\/#website\"},\"primaryImageOfPage\":{\"@id\":\"https:\/\/3dvikingsstore.com\/pl\/shop\/zatopiony-statek-piracki-zaimponuj-innym-graczom\/#primaryimage\"},\"image\":{\"@id\":\"https:\/\/3dvikingsstore.com\/pl\/shop\/zatopiony-statek-piracki-zaimponuj-innym-graczom\/#primaryimage\"},\"thumbnailUrl\":\"https:\/\/3dvikingsstore.com\/wp-content\/uploads\/2024\/01\/DSC_6198-scaled.jpg\",\"datePublished\":\"2024-01-24T13:05:19+00:00\",\"dateModified\":\"2024-01-24T13:05:19+00:00\",\"description\":\"Kostka wie\u017cy statku pirackiego - jedyna w swoim rodzaju wie\u017ca do rzucania kostkami. Jest modelowany tak, jakby by\u0142 statkiem pirackim, kt\u00f3ry zosta\u0142 rozbity i zatopiony na dnie oceanu\",\"breadcrumb\":{\"@id\":\"https:\/\/3dvikingsstore.com\/pl\/shop\/zatopiony-statek-piracki-zaimponuj-innym-graczom\/#breadcrumb\"},\"inLanguage\":\"pl-PL\",\"potentialAction\":[{\"@type\":\"ReadAction\",\"target\":[\"https:\/\/3dvikingsstore.com\/pl\/shop\/zatopiony-statek-piracki-zaimponuj-innym-graczom\/\"]}]},{\"@type\":\"ImageObject\",\"inLanguage\":\"pl-PL\",\"@id\":\"https:\/\/3dvikingsstore.com\/pl\/shop\/zatopiony-statek-piracki-zaimponuj-innym-graczom\/#primaryimage\",\"url\":\"https:\/\/3dvikingsstore.com\/wp-content\/uploads\/2024\/01\/DSC_6198-scaled.jpg\",\"contentUrl\":\"https:\/\/3dvikingsstore.com\/wp-content\/uploads\/2024\/01\/DSC_6198-scaled.jpg\",\"width\":2560,\"height\":2537},{\"@type\":\"BreadcrumbList\",\"@id\":\"https:\/\/3dvikingsstore.com\/pl\/shop\/zatopiony-statek-piracki-zaimponuj-innym-graczom\/#breadcrumb\",\"itemListElement\":[{\"@type\":\"ListItem\",\"position\":1,\"name\":\"Home\",\"item\":\"https:\/\/3dvikingsstore.com\/pl\/\"},{\"@type\":\"ListItem\",\"position\":2,\"name\":\"Shop\",\"item\":\"https:\/\/3dvikingsstore.com\/shop\/\"},{\"@type\":\"ListItem\",\"position\":3,\"name\":\"Zatopiony statek piracki &#8211; zaimponuj innym graczom\"}]},{\"@type\":\"WebSite\",\"@id\":\"https:\/\/3dvikingsstore.com\/pl\/#website\",\"url\":\"https:\/\/3dvikingsstore.com\/pl\/\",\"name\":\"3D Vikings Store\",\"description\":\"Dekoracje i Akcesoria do Gier Planszowych i Sto\u0142owych\",\"publisher\":{\"@id\":\"https:\/\/3dvikingsstore.com\/pl\/#organization\"},\"potentialAction\":[{\"@type\":\"SearchAction\",\"target\":{\"@type\":\"EntryPoint\",\"urlTemplate\":\"https:\/\/3dvikingsstore.com\/pl\/?s={search_term_string}\"},\"query-input\":\"required name=search_term_string\"}],\"inLanguage\":\"pl-PL\"},{\"@type\":\"Organization\",\"@id\":\"https:\/\/3dvikingsstore.com\/pl\/#organization\",\"name\":\"3D Vikings Store\",\"url\":\"https:\/\/3dvikingsstore.com\/pl\/\",\"logo\":{\"@type\":\"ImageObject\",\"inLanguage\":\"pl-PL\",\"@id\":\"https:\/\/3dvikingsstore.com\/pl\/#\/schema\/logo\/image\/\",\"url\":\"https:\/\/3dvikingsstore.com\/wp-content\/uploads\/2020\/03\/3dvikings-logo-karge-white.jpg\",\"contentUrl\":\"https:\/\/3dvikingsstore.com\/wp-content\/uploads\/2020\/03\/3dvikings-logo-karge-white.jpg\",\"width\":800,\"height\":800,\"caption\":\"3D Vikings Store\"},\"image\":{\"@id\":\"https:\/\/3dvikingsstore.com\/pl\/#\/schema\/logo\/image\/\"}}]}<\/script>\n<!-- \/ Yoast SEO Premium plugin. -->","yoast_head_json":{"title":"Zatopiony statek piracki - zaimponuj innym graczom","description":"Kostka wie\u017cy statku pirackiego - jedyna w swoim rodzaju wie\u017ca do rzucania kostkami. Jest modelowany tak, jakby by\u0142 statkiem pirackim, kt\u00f3ry zosta\u0142 rozbity i zatopiony na dnie oceanu","robots":{"index":"index","follow":"follow","max-snippet":"max-snippet:-1","max-image-preview":"max-image-preview:large","max-video-preview":"max-video-preview:-1"},"canonical":"https:\/\/3dvikingsstore.com\/pl\/shop\/zatopiony-statek-piracki-zaimponuj-innym-graczom\/","og_locale":"pl_PL","og_type":"article","og_title":"Zatopiony statek piracki - zaimponuj innym graczom","og_description":"Kostka wie\u017cy statku pirackiego - jedyna w swoim rodzaju wie\u017ca do rzucania kostkami. Jest modelowany tak, jakby by\u0142 statkiem pirackim, kt\u00f3ry zosta\u0142 rozbity i zatopiony na dnie oceanu","og_url":"https:\/\/3dvikingsstore.com\/pl\/shop\/zatopiony-statek-piracki-zaimponuj-innym-graczom\/","og_site_name":"3D Vikings Store","og_image":[{"width":2560,"height":2537,"url":"https:\/\/3dvikingsstore.com\/wp-content\/uploads\/2024\/01\/DSC_6198-scaled.jpg","type":"image\/jpeg"}],"twitter_card":"summary_large_image","twitter_misc":{"Szacowany czas czytania":"2 minuty"},"schema":{"@context":"https:\/\/schema.org","@graph":[{"@type":["WebPage","ItemPage"],"@id":"https:\/\/3dvikingsstore.com\/pl\/shop\/zatopiony-statek-piracki-zaimponuj-innym-graczom\/","url":"https:\/\/3dvikingsstore.com\/pl\/shop\/zatopiony-statek-piracki-zaimponuj-innym-graczom\/","name":"Zatopiony statek piracki - zaimponuj innym graczom","isPartOf":{"@id":"https:\/\/3dvikingsstore.com\/pl\/#website"},"primaryImageOfPage":{"@id":"https:\/\/3dvikingsstore.com\/pl\/shop\/zatopiony-statek-piracki-zaimponuj-innym-graczom\/#primaryimage"},"image":{"@id":"https:\/\/3dvikingsstore.com\/pl\/shop\/zatopiony-statek-piracki-zaimponuj-innym-graczom\/#primaryimage"},"thumbnailUrl":"https:\/\/3dvikingsstore.com\/wp-content\/uploads\/2024\/01\/DSC_6198-scaled.jpg","datePublished":"2024-01-24T13:05:19+00:00","dateModified":"2024-01-24T13:05:19+00:00","description":"Kostka wie\u017cy statku pirackiego - jedyna w swoim rodzaju wie\u017ca do rzucania kostkami. Jest modelowany tak, jakby by\u0142 statkiem pirackim, kt\u00f3ry zosta\u0142 rozbity i zatopiony na dnie oceanu","breadcrumb":{"@id":"https:\/\/3dvikingsstore.com\/pl\/shop\/zatopiony-statek-piracki-zaimponuj-innym-graczom\/#breadcrumb"},"inLanguage":"pl-PL","potentialAction":[{"@type":"ReadAction","target":["https:\/\/3dvikingsstore.com\/pl\/shop\/zatopiony-statek-piracki-zaimponuj-innym-graczom\/"]}]},{"@type":"ImageObject","inLanguage":"pl-PL","@id":"https:\/\/3dvikingsstore.com\/pl\/shop\/zatopiony-statek-piracki-zaimponuj-innym-graczom\/#primaryimage","url":"https:\/\/3dvikingsstore.com\/wp-content\/uploads\/2024\/01\/DSC_6198-scaled.jpg","contentUrl":"https:\/\/3dvikingsstore.com\/wp-content\/uploads\/2024\/01\/DSC_6198-scaled.jpg","width":2560,"height":2537},{"@type":"BreadcrumbList","@id":"https:\/\/3dvikingsstore.com\/pl\/shop\/zatopiony-statek-piracki-zaimponuj-innym-graczom\/#breadcrumb","itemListElement":[{"@type":"ListItem","position":1,"name":"Home","item":"https:\/\/3dvikingsstore.com\/pl\/"},{"@type":"ListItem","position":2,"name":"Shop","item":"https:\/\/3dvikingsstore.com\/shop\/"},{"@type":"ListItem","position":3,"name":"Zatopiony statek piracki &#8211; zaimponuj innym graczom"}]},{"@type":"WebSite","@id":"https:\/\/3dvikingsstore.com\/pl\/#website","url":"https:\/\/3dvikingsstore.com\/pl\/","name":"3D Vikings Store","description":"Dekoracje i Akcesoria do Gier Planszowych i Sto\u0142owych","publisher":{"@id":"https:\/\/3dvikingsstore.com\/pl\/#organization"},"potentialAction":[{"@type":"SearchAction","target":{"@type":"EntryPoint","urlTemplate":"https:\/\/3dvikingsstore.com\/pl\/?s={search_term_string}"},"query-input":"required name=search_term_string"}],"inLanguage":"pl-PL"},{"@type":"Organization","@id":"https:\/\/3dvikingsstore.com\/pl\/#organization","name":"3D Vikings Store","url":"https:\/\/3dvikingsstore.com\/pl\/","logo":{"@type":"ImageObject","inLanguage":"pl-PL","@id":"https:\/\/3dvikingsstore.com\/pl\/#\/schema\/logo\/image\/","url":"https:\/\/3dvikingsstore.com\/wp-content\/uploads\/2020\/03\/3dvikings-logo-karge-white.jpg","contentUrl":"https:\/\/3dvikingsstore.com\/wp-content\/uploads\/2020\/03\/3dvikings-logo-karge-white.jpg","width":800,"height":800,"caption":"3D Vikings Store"},"image":{"@id":"https:\/\/3dvikingsstore.com\/pl\/#\/schema\/logo\/image\/"}}]}},"_links":{"self":[{"href":"https:\/\/3dvikingsstore.com\/pl\/wp-json\/wp\/v2\/product\/18685"}],"collection":[{"href":"https:\/\/3dvikingsstore.com\/pl\/wp-json\/wp\/v2\/product"}],"about":[{"href":"https:\/\/3dvikingsstore.com\/pl\/wp-json\/wp\/v2\/types\/product"}],"replies":[{"embeddable":true,"href":"https:\/\/3dvikingsstore.com\/pl\/wp-json\/wp\/v2\/comments?post=18685"}],"version-history":[{"count":0,"href":"https:\/\/3dvikingsstore.com\/pl\/wp-json\/wp\/v2\/product\/18685\/revisions"}],"wp:featuredmedia":[{"embeddable":true,"href":"https:\/\/3dvikingsstore.com\/pl\/wp-json\/wp\/v2\/media\/18686"}],"wp:attachment":[{"href":"https:\/\/3dvikingsstore.com\/pl\/wp-json\/wp\/v2\/media?parent=18685"}],"wp:term":[{"taxonomy":"product_cat","embeddable":true,"href":"https:\/\/3dvikingsstore.com\/pl\/wp-json\/wp\/v2\/product_cat?post=18685"},{"taxonomy":"product_tag","embeddable":true,"href":"https:\/\/3dvikingsstore.com\/pl\/wp-json\/wp\/v2\/product_tag?post=18685"}],"curies":[{"name":"wp","href":"https:\/\/api.w.org\/{rel}","templated":true}]}}