{"id":18678,"date":"2024-01-26T23:21:00","date_gmt":"2024-01-26T21:21:00","guid":{"rendered":"https:\/\/3dvikingsstore.com\/shop\/wieza-do-kosci-zamku-rzucaj-kosci-i-zwyciezaj\/"},"modified":"2024-01-26T23:21:00","modified_gmt":"2024-01-26T21:21:00","slug":"wieza-do-kosci-zamku-rzucaj-kosci-i-zwyciezaj","status":"publish","type":"product","link":"https:\/\/3dvikingsstore.com\/pl\/shop\/wieza-do-kosci-zamku-rzucaj-kosci-i-zwyciezaj\/","title":{"rendered":"Wie\u017ca do Ko\u015bci Zamku \u2013 Rzucaj ko\u015bci i zwyci\u0119\u017caj!"},"content":{"rendered":"<h2>Jednocz\u0119\u015bciowa wie\u017ca do ko\u015bci Dungeons &amp; Dragons dla epickich przyg\u00f3d<\/h2>\n<p><strong>Masz do\u015b\u0107 nieuczciwych rzut\u00f3w ko\u015b\u0107mi zak\u0142\u00f3caj\u0105cych twoje kampanie Dungeons &amp; Dragons?<\/strong>  Podnie\u015b poziom swojej rozgrywki i poczuj magi\u0119 dzi\u0119ki tej innowacyjnej, jednocz\u0119\u015bciowej wie\u017cy do ko\u015bci, stworzonej specjalnie z my\u015bl\u0105 o najwi\u0119kszej grze fabularnej na \u015bwiecie. Koniec z szukaniem ko\u015bci i martwieniem si\u0119 o nieuczciwe rzuty. Po prostu za\u0142aduj sw\u00f3j los do tej solidnej i stylowej wie\u017cy, wypowiedz swoje \u017cyczenia i pozw\u00f3l, by przygoda rozwija\u0142a si\u0119 z ka\u017cdym satysfakcjonuj\u0105cym upadkiem.<\/p>\n<p>Przechowuj swoj\u0105 wie\u017c\u0119 ko\u015bci Dungeons &amp; Dragons w mgnieniu oka dzi\u0119ki jej jednocz\u0119\u015bciowej konstrukcji! Wie\u017ca jest idealna do u\u017cytku z r\u00f3\u017cnymi grami, w tym Pathfinder i Magic: The Gathering.<\/p>\n<p>Wie\u017ca do Ko\u015bci Zamku to niezb\u0119dny dodatek dla ka\u017cdego mi\u0142o\u015bnika gier planszowych. Ta misternie zaprojektowana wie\u017ca jest idealna do rzucania ko\u015b\u0107mi i dodaje odrobin\u0119 \u015bredniowiecznego klimatu do rozgrywki. Wie\u017ca jest wykonana z wysokiej jako\u015bci materia\u0142\u00f3w i jest trwa\u0142a. Zosta\u0142a zaprojektowana tak, aby by\u0142a zar\u00f3wno funkcjonalna, jak i estetyczna, dzi\u0119ki czemu jest doskona\u0142ym dodatkiem do ka\u017cdego zestawu do gier.<\/p>\n<p>Wie\u017ca do Ko\u015bci Zamku zosta\u0142a zaprojektowana tak, aby by\u0107 zar\u00f3wno praktyczna, jak i stylowa. Jest to idealne rozwi\u0105zanie dla graczy, kt\u00f3rzy chc\u0105 doda\u0107 odrobin\u0119 elegancji do swojej konfiguracji gamingowej. Wie\u017ca jest r\u00f3wnie\u017c \u015bwietnym prezentem dla ka\u017cdego entuzjasty gier planszowych. Z pewno\u015bci\u0105 b\u0119dzie to hit dla ka\u017cdego, kto uwielbia gra\u0107 w gry.<\/p>\n<p>Podsumowuj\u0105c, Wie\u017ca do gry w ko\u015bci Zamek jest \u015bwietnym dodatkiem dla ka\u017cdego mi\u0142o\u015bnika gier planszowych. Jest zar\u00f3wno funkcjonalny, jak i stylowy, co czyni go doskona\u0142ym dodatkiem do ka\u017cdego zestawu do gier. Wie\u017ca jest \u0142atwa w monta\u017cu i wytrzyma\u0142a. Jest idealny do u\u017cytku z r\u00f3\u017cnymi grami i z pewno\u015bci\u0105 zrobi wra\u017cenie. Je\u015bli szukasz sposobu, by doda\u0107 odrobin\u0119 \u015bredniowiecznego szyku do swoich gier, to ta wie\u017ca do ko\u015bci, imituj\u0105ca zamek, jest doskona\u0142ym rozwi\u0105zaniem dla Ciebie.<\/p>\n","protected":false},"excerpt":{"rendered":"<p><strong>Wie\u017ca ko\u015bciana na zamek<\/strong> to obowi\u0105zkowe akcesorium dla ka\u017cdego mi\u0142o\u015bnika gier planszowych. Ta misternie zaprojektowana wie\u017ca jest idealna do rzucania ko\u015b\u0107mi i dodaje odrobin\u0119 \u015bredniowiecznego klimatu do rozgrywki. Wie\u017ca zosta\u0142a wykonana z wysokiej jako\u015bci materia\u0142\u00f3w i jest trwa\u0142a. Zosta\u0142a zaprojektowana tak, aby by\u0142a zar\u00f3wno funkcjonalna, jak i estetyczna, dzi\u0119ki czemu jest doskona\u0142ym dodatkiem do ka\u017cdego zestawu do gier.<\/p>\n","protected":false},"featured_media":18679,"comment_status":"open","ping_status":"closed","template":"","meta":[],"product_cat":[3146],"product_tag":[3213,3214],"yoast_head":"<!-- This site is optimized with the Yoast SEO Premium plugin v22.9 (Yoast SEO v22.9) - https:\/\/yoast.com\/wordpress\/plugins\/seo\/ -->\n<title>Wie\u017ca do Ko\u015bci Zamku \u2013 Rzucaj ko\u015bci i zwyci\u0119\u017caj!<\/title>\n<meta name=\"description\" content=\"Wie\u017ca do Ko\u015bci Zamku to niezb\u0119dny dodatek dla ka\u017cdego mi\u0142o\u015bnika gier planszowych. Ta misternie zaprojektowana wie\u017ca doda rozgrywce \u015bredniowiecznego charakteru.\" \/>\n<meta name=\"robots\" content=\"index, follow, max-snippet:-1, max-image-preview:large, max-video-preview:-1\" \/>\n<link rel=\"canonical\" href=\"https:\/\/3dvikingsstore.com\/pl\/shop\/wieza-do-kosci-zamku-rzucaj-kosci-i-zwyciezaj\/\" \/>\n<meta property=\"og:locale\" content=\"pl_PL\" \/>\n<meta property=\"og:type\" content=\"article\" \/>\n<meta property=\"og:title\" content=\"Wie\u017ca do Ko\u015bci Zamku \u2013 Rzucaj ko\u015bci i zwyci\u0119\u017caj!\" \/>\n<meta property=\"og:description\" content=\"Wie\u017ca do Ko\u015bci Zamku to niezb\u0119dny dodatek dla ka\u017cdego mi\u0142o\u015bnika gier planszowych. Ta misternie zaprojektowana wie\u017ca doda rozgrywce \u015bredniowiecznego charakteru.\" \/>\n<meta property=\"og:url\" content=\"https:\/\/3dvikingsstore.com\/pl\/shop\/wieza-do-kosci-zamku-rzucaj-kosci-i-zwyciezaj\/\" \/>\n<meta property=\"og:site_name\" content=\"3D Vikings Store\" \/>\n<meta property=\"og:image\" content=\"https:\/\/3dvikingsstore.com\/wp-content\/uploads\/2024\/01\/castle-dice-tower.jpg\" \/>\n\t<meta property=\"og:image:width\" content=\"1293\" \/>\n\t<meta property=\"og:image:height\" content=\"1500\" \/>\n\t<meta property=\"og:image:type\" content=\"image\/jpeg\" \/>\n<meta name=\"twitter:card\" content=\"summary_large_image\" \/>\n<meta name=\"twitter:label1\" content=\"Szacowany czas czytania\" \/>\n\t<meta name=\"twitter:data1\" content=\"2 minuty\" \/>\n<script type=\"application\/ld+json\" class=\"yoast-schema-graph\">{\"@context\":\"https:\/\/schema.org\",\"@graph\":[{\"@type\":[\"WebPage\",\"ItemPage\"],\"@id\":\"https:\/\/3dvikingsstore.com\/pl\/shop\/wieza-do-kosci-zamku-rzucaj-kosci-i-zwyciezaj\/\",\"url\":\"https:\/\/3dvikingsstore.com\/pl\/shop\/wieza-do-kosci-zamku-rzucaj-kosci-i-zwyciezaj\/\",\"name\":\"Wie\u017ca do Ko\u015bci Zamku \u2013 Rzucaj ko\u015bci i zwyci\u0119\u017caj!\",\"isPartOf\":{\"@id\":\"https:\/\/3dvikingsstore.com\/pl\/#website\"},\"primaryImageOfPage\":{\"@id\":\"https:\/\/3dvikingsstore.com\/pl\/shop\/wieza-do-kosci-zamku-rzucaj-kosci-i-zwyciezaj\/#primaryimage\"},\"image\":{\"@id\":\"https:\/\/3dvikingsstore.com\/pl\/shop\/wieza-do-kosci-zamku-rzucaj-kosci-i-zwyciezaj\/#primaryimage\"},\"thumbnailUrl\":\"https:\/\/3dvikingsstore.com\/wp-content\/uploads\/2024\/01\/castle-dice-tower.jpg\",\"datePublished\":\"2024-01-26T21:21:00+00:00\",\"dateModified\":\"2024-01-26T21:21:00+00:00\",\"description\":\"Wie\u017ca do Ko\u015bci Zamku to niezb\u0119dny dodatek dla ka\u017cdego mi\u0142o\u015bnika gier planszowych. Ta misternie zaprojektowana wie\u017ca doda rozgrywce \u015bredniowiecznego charakteru.\",\"breadcrumb\":{\"@id\":\"https:\/\/3dvikingsstore.com\/pl\/shop\/wieza-do-kosci-zamku-rzucaj-kosci-i-zwyciezaj\/#breadcrumb\"},\"inLanguage\":\"pl-PL\",\"potentialAction\":[{\"@type\":\"ReadAction\",\"target\":[\"https:\/\/3dvikingsstore.com\/pl\/shop\/wieza-do-kosci-zamku-rzucaj-kosci-i-zwyciezaj\/\"]}]},{\"@type\":\"ImageObject\",\"inLanguage\":\"pl-PL\",\"@id\":\"https:\/\/3dvikingsstore.com\/pl\/shop\/wieza-do-kosci-zamku-rzucaj-kosci-i-zwyciezaj\/#primaryimage\",\"url\":\"https:\/\/3dvikingsstore.com\/wp-content\/uploads\/2024\/01\/castle-dice-tower.jpg\",\"contentUrl\":\"https:\/\/3dvikingsstore.com\/wp-content\/uploads\/2024\/01\/castle-dice-tower.jpg\",\"width\":1293,\"height\":1500},{\"@type\":\"BreadcrumbList\",\"@id\":\"https:\/\/3dvikingsstore.com\/pl\/shop\/wieza-do-kosci-zamku-rzucaj-kosci-i-zwyciezaj\/#breadcrumb\",\"itemListElement\":[{\"@type\":\"ListItem\",\"position\":1,\"name\":\"Home\",\"item\":\"https:\/\/3dvikingsstore.com\/pl\/\"},{\"@type\":\"ListItem\",\"position\":2,\"name\":\"Shop\",\"item\":\"https:\/\/3dvikingsstore.com\/shop\/\"},{\"@type\":\"ListItem\",\"position\":3,\"name\":\"Wie\u017ca do Ko\u015bci Zamku \u2013 Rzucaj ko\u015bci i zwyci\u0119\u017caj!\"}]},{\"@type\":\"WebSite\",\"@id\":\"https:\/\/3dvikingsstore.com\/pl\/#website\",\"url\":\"https:\/\/3dvikingsstore.com\/pl\/\",\"name\":\"3D Vikings Store\",\"description\":\"Dekoracje i Akcesoria do Gier Planszowych i Sto\u0142owych\",\"publisher\":{\"@id\":\"https:\/\/3dvikingsstore.com\/pl\/#organization\"},\"potentialAction\":[{\"@type\":\"SearchAction\",\"target\":{\"@type\":\"EntryPoint\",\"urlTemplate\":\"https:\/\/3dvikingsstore.com\/pl\/?s={search_term_string}\"},\"query-input\":\"required name=search_term_string\"}],\"inLanguage\":\"pl-PL\"},{\"@type\":\"Organization\",\"@id\":\"https:\/\/3dvikingsstore.com\/pl\/#organization\",\"name\":\"3D Vikings Store\",\"url\":\"https:\/\/3dvikingsstore.com\/pl\/\",\"logo\":{\"@type\":\"ImageObject\",\"inLanguage\":\"pl-PL\",\"@id\":\"https:\/\/3dvikingsstore.com\/pl\/#\/schema\/logo\/image\/\",\"url\":\"https:\/\/3dvikingsstore.com\/wp-content\/uploads\/2020\/03\/3dvikings-logo-karge-white.jpg\",\"contentUrl\":\"https:\/\/3dvikingsstore.com\/wp-content\/uploads\/2020\/03\/3dvikings-logo-karge-white.jpg\",\"width\":800,\"height\":800,\"caption\":\"3D Vikings Store\"},\"image\":{\"@id\":\"https:\/\/3dvikingsstore.com\/pl\/#\/schema\/logo\/image\/\"}}]}<\/script>\n<!-- \/ Yoast SEO Premium plugin. -->","yoast_head_json":{"title":"Wie\u017ca do Ko\u015bci Zamku \u2013 Rzucaj ko\u015bci i zwyci\u0119\u017caj!","description":"Wie\u017ca do Ko\u015bci Zamku to niezb\u0119dny dodatek dla ka\u017cdego mi\u0142o\u015bnika gier planszowych. Ta misternie zaprojektowana wie\u017ca doda rozgrywce \u015bredniowiecznego charakteru.","robots":{"index":"index","follow":"follow","max-snippet":"max-snippet:-1","max-image-preview":"max-image-preview:large","max-video-preview":"max-video-preview:-1"},"canonical":"https:\/\/3dvikingsstore.com\/pl\/shop\/wieza-do-kosci-zamku-rzucaj-kosci-i-zwyciezaj\/","og_locale":"pl_PL","og_type":"article","og_title":"Wie\u017ca do Ko\u015bci Zamku \u2013 Rzucaj ko\u015bci i zwyci\u0119\u017caj!","og_description":"Wie\u017ca do Ko\u015bci Zamku to niezb\u0119dny dodatek dla ka\u017cdego mi\u0142o\u015bnika gier planszowych. Ta misternie zaprojektowana wie\u017ca doda rozgrywce \u015bredniowiecznego charakteru.","og_url":"https:\/\/3dvikingsstore.com\/pl\/shop\/wieza-do-kosci-zamku-rzucaj-kosci-i-zwyciezaj\/","og_site_name":"3D Vikings Store","og_image":[{"width":1293,"height":1500,"url":"https:\/\/3dvikingsstore.com\/wp-content\/uploads\/2024\/01\/castle-dice-tower.jpg","type":"image\/jpeg"}],"twitter_card":"summary_large_image","twitter_misc":{"Szacowany czas czytania":"2 minuty"},"schema":{"@context":"https:\/\/schema.org","@graph":[{"@type":["WebPage","ItemPage"],"@id":"https:\/\/3dvikingsstore.com\/pl\/shop\/wieza-do-kosci-zamku-rzucaj-kosci-i-zwyciezaj\/","url":"https:\/\/3dvikingsstore.com\/pl\/shop\/wieza-do-kosci-zamku-rzucaj-kosci-i-zwyciezaj\/","name":"Wie\u017ca do Ko\u015bci Zamku \u2013 Rzucaj ko\u015bci i zwyci\u0119\u017caj!","isPartOf":{"@id":"https:\/\/3dvikingsstore.com\/pl\/#website"},"primaryImageOfPage":{"@id":"https:\/\/3dvikingsstore.com\/pl\/shop\/wieza-do-kosci-zamku-rzucaj-kosci-i-zwyciezaj\/#primaryimage"},"image":{"@id":"https:\/\/3dvikingsstore.com\/pl\/shop\/wieza-do-kosci-zamku-rzucaj-kosci-i-zwyciezaj\/#primaryimage"},"thumbnailUrl":"https:\/\/3dvikingsstore.com\/wp-content\/uploads\/2024\/01\/castle-dice-tower.jpg","datePublished":"2024-01-26T21:21:00+00:00","dateModified":"2024-01-26T21:21:00+00:00","description":"Wie\u017ca do Ko\u015bci Zamku to niezb\u0119dny dodatek dla ka\u017cdego mi\u0142o\u015bnika gier planszowych. Ta misternie zaprojektowana wie\u017ca doda rozgrywce \u015bredniowiecznego charakteru.","breadcrumb":{"@id":"https:\/\/3dvikingsstore.com\/pl\/shop\/wieza-do-kosci-zamku-rzucaj-kosci-i-zwyciezaj\/#breadcrumb"},"inLanguage":"pl-PL","potentialAction":[{"@type":"ReadAction","target":["https:\/\/3dvikingsstore.com\/pl\/shop\/wieza-do-kosci-zamku-rzucaj-kosci-i-zwyciezaj\/"]}]},{"@type":"ImageObject","inLanguage":"pl-PL","@id":"https:\/\/3dvikingsstore.com\/pl\/shop\/wieza-do-kosci-zamku-rzucaj-kosci-i-zwyciezaj\/#primaryimage","url":"https:\/\/3dvikingsstore.com\/wp-content\/uploads\/2024\/01\/castle-dice-tower.jpg","contentUrl":"https:\/\/3dvikingsstore.com\/wp-content\/uploads\/2024\/01\/castle-dice-tower.jpg","width":1293,"height":1500},{"@type":"BreadcrumbList","@id":"https:\/\/3dvikingsstore.com\/pl\/shop\/wieza-do-kosci-zamku-rzucaj-kosci-i-zwyciezaj\/#breadcrumb","itemListElement":[{"@type":"ListItem","position":1,"name":"Home","item":"https:\/\/3dvikingsstore.com\/pl\/"},{"@type":"ListItem","position":2,"name":"Shop","item":"https:\/\/3dvikingsstore.com\/shop\/"},{"@type":"ListItem","position":3,"name":"Wie\u017ca do Ko\u015bci Zamku \u2013 Rzucaj ko\u015bci i zwyci\u0119\u017caj!"}]},{"@type":"WebSite","@id":"https:\/\/3dvikingsstore.com\/pl\/#website","url":"https:\/\/3dvikingsstore.com\/pl\/","name":"3D Vikings Store","description":"Dekoracje i Akcesoria do Gier Planszowych i Sto\u0142owych","publisher":{"@id":"https:\/\/3dvikingsstore.com\/pl\/#organization"},"potentialAction":[{"@type":"SearchAction","target":{"@type":"EntryPoint","urlTemplate":"https:\/\/3dvikingsstore.com\/pl\/?s={search_term_string}"},"query-input":"required name=search_term_string"}],"inLanguage":"pl-PL"},{"@type":"Organization","@id":"https:\/\/3dvikingsstore.com\/pl\/#organization","name":"3D Vikings Store","url":"https:\/\/3dvikingsstore.com\/pl\/","logo":{"@type":"ImageObject","inLanguage":"pl-PL","@id":"https:\/\/3dvikingsstore.com\/pl\/#\/schema\/logo\/image\/","url":"https:\/\/3dvikingsstore.com\/wp-content\/uploads\/2020\/03\/3dvikings-logo-karge-white.jpg","contentUrl":"https:\/\/3dvikingsstore.com\/wp-content\/uploads\/2020\/03\/3dvikings-logo-karge-white.jpg","width":800,"height":800,"caption":"3D Vikings Store"},"image":{"@id":"https:\/\/3dvikingsstore.com\/pl\/#\/schema\/logo\/image\/"}}]}},"_links":{"self":[{"href":"https:\/\/3dvikingsstore.com\/pl\/wp-json\/wp\/v2\/product\/18678"}],"collection":[{"href":"https:\/\/3dvikingsstore.com\/pl\/wp-json\/wp\/v2\/product"}],"about":[{"href":"https:\/\/3dvikingsstore.com\/pl\/wp-json\/wp\/v2\/types\/product"}],"replies":[{"embeddable":true,"href":"https:\/\/3dvikingsstore.com\/pl\/wp-json\/wp\/v2\/comments?post=18678"}],"version-history":[{"count":0,"href":"https:\/\/3dvikingsstore.com\/pl\/wp-json\/wp\/v2\/product\/18678\/revisions"}],"wp:featuredmedia":[{"embeddable":true,"href":"https:\/\/3dvikingsstore.com\/pl\/wp-json\/wp\/v2\/media\/18679"}],"wp:attachment":[{"href":"https:\/\/3dvikingsstore.com\/pl\/wp-json\/wp\/v2\/media?parent=18678"}],"wp:term":[{"taxonomy":"product_cat","embeddable":true,"href":"https:\/\/3dvikingsstore.com\/pl\/wp-json\/wp\/v2\/product_cat?post=18678"},{"taxonomy":"product_tag","embeddable":true,"href":"https:\/\/3dvikingsstore.com\/pl\/wp-json\/wp\/v2\/product_tag?post=18678"}],"curies":[{"name":"wp","href":"https:\/\/api.w.org\/{rel}","templated":true}]}}