{"id":18661,"date":"2024-01-27T10:36:44","date_gmt":"2024-01-27T08:36:44","guid":{"rendered":"https:\/\/3dvikingsstore.com\/shop\/wieza-do-kosci-czarodzieja-magiczny-akcesorium-do-gier-planszowych\/"},"modified":"2024-01-27T10:36:44","modified_gmt":"2024-01-27T08:36:44","slug":"wieza-do-kosci-czarodzieja-magiczny-akcesorium-do-gier-planszowych","status":"publish","type":"product","link":"https:\/\/3dvikingsstore.com\/pl\/shop\/wieza-do-kosci-czarodzieja-magiczny-akcesorium-do-gier-planszowych\/","title":{"rendered":"Wie\u017ca do Ko\u015bci Czarodzieja: Magiczny Akcesorium do Gier Planszowych"},"content":{"rendered":"<p>Szukasz sposobu na dodanie odrobiny magii i emocji do nast\u0119pnej sesji gry fabularnej? Czy chcesz zaimponowa\u0107 swoim znajomym wyj\u0105tkowym i osza\u0142amiaj\u0105cym akcesorium, kt\u00f3re poprawi twoje wra\u017cenia z gry? Je\u015bli tak, mo\u017ce zainteresowa\u0107 Ci\u0119 Wie\u017ca Czarodzieja, wie\u017ca do ko\u015bci, kt\u00f3ra wygl\u0105da jak zamek czarodzieja!<\/p>\n<p>Wie\u017ca jest wykonana z wytrzyma\u0142ego plastiku i ozdobiona realistycznymi detalami, takimi jak ceglana konstrukcja, okno i dolne drzwi. Kostki staczaj\u0105 si\u0119 ze szczytu wie\u017cy przez dach do tacy u podstawy. Wie\u017ca ma 29 cm wysoko\u015bci i 12 cm szeroko\u015bci i mo\u017ce pomie\u015bci\u0107 do sze\u015bciu standardowych ko\u015bci.<\/p>\n<p>Wie\u017ca do Ko\u015bci Czarodzieja to nie tylko pi\u0119kny element artystyczny, ale r\u00f3wnie\u017c funkcjonalna wie\u017ca do ko\u015bci, dzi\u0119ki kt\u00f3rej Twoje rzuty ko\u015bci\u0105 b\u0119d\u0105 bardziej sprawiedliwe i zabawne. Wie\u017ca ma g\u0142adkie i wytrzyma\u0142e wn\u0119trze, kt\u00f3re zapewnia losowy i bezstronny wynik za ka\u017cdym razem.<\/p>\n<p>Wie\u017ca Czarodzieja to doskona\u0142y prezent dla fan\u00f3w gier fabularnych, takich jak Dungeons &amp; Dragons, Pathfinder lub Warhammer. Mo\u017ce by\u0107 r\u00f3wnie\u017c u\u017cywany jako dekoracja domu, biura lub pokoju gier. Wie\u017ca jest dostarczana w wytrzyma\u0142ym pude\u0142ku, kt\u00f3re chroni j\u0105 przed uszkodzeniami podczas transportu i przechowywania. Wie\u017ca jest \u0142atwa w monta\u017cu i demonta\u017cu oraz sk\u0142ada si\u0119 z 3 cz\u0119\u015bci, co u\u0142atwia jej przechowywanie.<\/p>\n<p>Wie\u017ca ko\u015bci Zamku Czarnoksi\u0119\u017ca to magiczna wie\u017ca ko\u015bci, kt\u00f3ra uczyni Twoje gry fabularne bardziej wci\u0105gaj\u0105cymi i przyjemnymi. Zam\u00f3w ju\u017c dzi\u015b i uwolnij swojego wewn\u0119trznego czarodzieja!<\/p>\n","protected":false},"excerpt":{"rendered":"<p>Wie\u017ca Czarnoksi\u0119\u017cnika to idealny prezent dla ka\u017cdego fana gier fantasy RPG, takich jak Dungeons &amp; Dragons, Pathfinder lub Warhammer. Mo\u017ce by\u0107 r\u00f3wnie\u017c u\u017cywany jako dekoracja domu, biura lub pokoju gier. Wie\u017ca jest dostarczana w wytrzyma\u0142ym pude\u0142ku, kt\u00f3re chroni j\u0105 przed uszkodzeniami podczas transportu i przechowywania. Wie\u017ca jest \u0142atwa w monta\u017cu i demonta\u017cu oraz sk\u0142ada si\u0119 z 3 cz\u0119\u015bci, co u\u0142atwia jej przechowywanie.<\/p>\n","protected":false},"featured_media":18662,"comment_status":"open","ping_status":"closed","template":"","meta":[],"product_cat":[3146],"product_tag":[3213,3215,3214],"yoast_head":"<!-- This site is optimized with the Yoast SEO Premium plugin v22.9 (Yoast SEO v22.9) - https:\/\/yoast.com\/wordpress\/plugins\/seo\/ -->\n<title>Wie\u017ca do Ko\u015bci Czarodzieja: Magiczny Akcesorium do Gier Planszowych<\/title>\n<meta name=\"description\" content=\"Wie\u017ca do Ko\u015bci Czarodzieja to pi\u0119knie zaprojektowany dodatek, kt\u00f3ry jest idealny dla mi\u0142o\u015bnik\u00f3w gier planszowych. Wie\u017ca jest inspirowana zamkiem czarodziej\u00f3w.\" \/>\n<meta name=\"robots\" content=\"index, follow, max-snippet:-1, max-image-preview:large, max-video-preview:-1\" \/>\n<link rel=\"canonical\" href=\"https:\/\/3dvikingsstore.com\/pl\/shop\/wieza-do-kosci-czarodzieja-magiczny-akcesorium-do-gier-planszowych\/\" \/>\n<meta property=\"og:locale\" content=\"pl_PL\" \/>\n<meta property=\"og:type\" content=\"article\" \/>\n<meta property=\"og:title\" content=\"Wie\u017ca do Ko\u015bci Czarodzieja: Magiczny Akcesorium do Gier Planszowych\" \/>\n<meta property=\"og:description\" content=\"Wie\u017ca do Ko\u015bci Czarodzieja to pi\u0119knie zaprojektowany dodatek, kt\u00f3ry jest idealny dla mi\u0142o\u015bnik\u00f3w gier planszowych. Wie\u017ca jest inspirowana zamkiem czarodziej\u00f3w.\" \/>\n<meta property=\"og:url\" content=\"https:\/\/3dvikingsstore.com\/pl\/shop\/wieza-do-kosci-czarodzieja-magiczny-akcesorium-do-gier-planszowych\/\" \/>\n<meta property=\"og:site_name\" content=\"3D Vikings Store\" \/>\n<meta property=\"og:image\" content=\"https:\/\/3dvikingsstore.com\/wp-content\/uploads\/2024\/01\/DSC_6266.jpg\" \/>\n\t<meta property=\"og:image:width\" content=\"1295\" \/>\n\t<meta property=\"og:image:height\" content=\"2418\" \/>\n\t<meta property=\"og:image:type\" content=\"image\/jpeg\" \/>\n<meta name=\"twitter:card\" content=\"summary_large_image\" \/>\n<meta name=\"twitter:label1\" content=\"Szacowany czas czytania\" \/>\n\t<meta name=\"twitter:data1\" content=\"1 minuta\" \/>\n<script type=\"application\/ld+json\" class=\"yoast-schema-graph\">{\"@context\":\"https:\/\/schema.org\",\"@graph\":[{\"@type\":[\"WebPage\",\"ItemPage\"],\"@id\":\"https:\/\/3dvikingsstore.com\/pl\/shop\/wieza-do-kosci-czarodzieja-magiczny-akcesorium-do-gier-planszowych\/\",\"url\":\"https:\/\/3dvikingsstore.com\/pl\/shop\/wieza-do-kosci-czarodzieja-magiczny-akcesorium-do-gier-planszowych\/\",\"name\":\"Wie\u017ca do Ko\u015bci Czarodzieja: Magiczny Akcesorium do Gier Planszowych\",\"isPartOf\":{\"@id\":\"https:\/\/3dvikingsstore.com\/pl\/#website\"},\"primaryImageOfPage\":{\"@id\":\"https:\/\/3dvikingsstore.com\/pl\/shop\/wieza-do-kosci-czarodzieja-magiczny-akcesorium-do-gier-planszowych\/#primaryimage\"},\"image\":{\"@id\":\"https:\/\/3dvikingsstore.com\/pl\/shop\/wieza-do-kosci-czarodzieja-magiczny-akcesorium-do-gier-planszowych\/#primaryimage\"},\"thumbnailUrl\":\"https:\/\/3dvikingsstore.com\/wp-content\/uploads\/2024\/01\/DSC_6266.jpg\",\"datePublished\":\"2024-01-27T08:36:44+00:00\",\"dateModified\":\"2024-01-27T08:36:44+00:00\",\"description\":\"Wie\u017ca do Ko\u015bci Czarodzieja to pi\u0119knie zaprojektowany dodatek, kt\u00f3ry jest idealny dla mi\u0142o\u015bnik\u00f3w gier planszowych. Wie\u017ca jest inspirowana zamkiem czarodziej\u00f3w.\",\"breadcrumb\":{\"@id\":\"https:\/\/3dvikingsstore.com\/pl\/shop\/wieza-do-kosci-czarodzieja-magiczny-akcesorium-do-gier-planszowych\/#breadcrumb\"},\"inLanguage\":\"pl-PL\",\"potentialAction\":[{\"@type\":\"ReadAction\",\"target\":[\"https:\/\/3dvikingsstore.com\/pl\/shop\/wieza-do-kosci-czarodzieja-magiczny-akcesorium-do-gier-planszowych\/\"]}]},{\"@type\":\"ImageObject\",\"inLanguage\":\"pl-PL\",\"@id\":\"https:\/\/3dvikingsstore.com\/pl\/shop\/wieza-do-kosci-czarodzieja-magiczny-akcesorium-do-gier-planszowych\/#primaryimage\",\"url\":\"https:\/\/3dvikingsstore.com\/wp-content\/uploads\/2024\/01\/DSC_6266.jpg\",\"contentUrl\":\"https:\/\/3dvikingsstore.com\/wp-content\/uploads\/2024\/01\/DSC_6266.jpg\",\"width\":1295,\"height\":2418},{\"@type\":\"BreadcrumbList\",\"@id\":\"https:\/\/3dvikingsstore.com\/pl\/shop\/wieza-do-kosci-czarodzieja-magiczny-akcesorium-do-gier-planszowych\/#breadcrumb\",\"itemListElement\":[{\"@type\":\"ListItem\",\"position\":1,\"name\":\"Home\",\"item\":\"https:\/\/3dvikingsstore.com\/pl\/\"},{\"@type\":\"ListItem\",\"position\":2,\"name\":\"Shop\",\"item\":\"https:\/\/3dvikingsstore.com\/shop\/\"},{\"@type\":\"ListItem\",\"position\":3,\"name\":\"Wie\u017ca do Ko\u015bci Czarodzieja: Magiczny Akcesorium do Gier Planszowych\"}]},{\"@type\":\"WebSite\",\"@id\":\"https:\/\/3dvikingsstore.com\/pl\/#website\",\"url\":\"https:\/\/3dvikingsstore.com\/pl\/\",\"name\":\"3D Vikings Store\",\"description\":\"Dekoracje i Akcesoria do Gier Planszowych i Sto\u0142owych\",\"publisher\":{\"@id\":\"https:\/\/3dvikingsstore.com\/pl\/#organization\"},\"potentialAction\":[{\"@type\":\"SearchAction\",\"target\":{\"@type\":\"EntryPoint\",\"urlTemplate\":\"https:\/\/3dvikingsstore.com\/pl\/?s={search_term_string}\"},\"query-input\":\"required name=search_term_string\"}],\"inLanguage\":\"pl-PL\"},{\"@type\":\"Organization\",\"@id\":\"https:\/\/3dvikingsstore.com\/pl\/#organization\",\"name\":\"3D Vikings Store\",\"url\":\"https:\/\/3dvikingsstore.com\/pl\/\",\"logo\":{\"@type\":\"ImageObject\",\"inLanguage\":\"pl-PL\",\"@id\":\"https:\/\/3dvikingsstore.com\/pl\/#\/schema\/logo\/image\/\",\"url\":\"https:\/\/3dvikingsstore.com\/wp-content\/uploads\/2020\/03\/3dvikings-logo-karge-white.jpg\",\"contentUrl\":\"https:\/\/3dvikingsstore.com\/wp-content\/uploads\/2020\/03\/3dvikings-logo-karge-white.jpg\",\"width\":800,\"height\":800,\"caption\":\"3D Vikings Store\"},\"image\":{\"@id\":\"https:\/\/3dvikingsstore.com\/pl\/#\/schema\/logo\/image\/\"}}]}<\/script>\n<!-- \/ Yoast SEO Premium plugin. -->","yoast_head_json":{"title":"Wie\u017ca do Ko\u015bci Czarodzieja: Magiczny Akcesorium do Gier Planszowych","description":"Wie\u017ca do Ko\u015bci Czarodzieja to pi\u0119knie zaprojektowany dodatek, kt\u00f3ry jest idealny dla mi\u0142o\u015bnik\u00f3w gier planszowych. Wie\u017ca jest inspirowana zamkiem czarodziej\u00f3w.","robots":{"index":"index","follow":"follow","max-snippet":"max-snippet:-1","max-image-preview":"max-image-preview:large","max-video-preview":"max-video-preview:-1"},"canonical":"https:\/\/3dvikingsstore.com\/pl\/shop\/wieza-do-kosci-czarodzieja-magiczny-akcesorium-do-gier-planszowych\/","og_locale":"pl_PL","og_type":"article","og_title":"Wie\u017ca do Ko\u015bci Czarodzieja: Magiczny Akcesorium do Gier Planszowych","og_description":"Wie\u017ca do Ko\u015bci Czarodzieja to pi\u0119knie zaprojektowany dodatek, kt\u00f3ry jest idealny dla mi\u0142o\u015bnik\u00f3w gier planszowych. Wie\u017ca jest inspirowana zamkiem czarodziej\u00f3w.","og_url":"https:\/\/3dvikingsstore.com\/pl\/shop\/wieza-do-kosci-czarodzieja-magiczny-akcesorium-do-gier-planszowych\/","og_site_name":"3D Vikings Store","og_image":[{"width":1295,"height":2418,"url":"https:\/\/3dvikingsstore.com\/wp-content\/uploads\/2024\/01\/DSC_6266.jpg","type":"image\/jpeg"}],"twitter_card":"summary_large_image","twitter_misc":{"Szacowany czas czytania":"1 minuta"},"schema":{"@context":"https:\/\/schema.org","@graph":[{"@type":["WebPage","ItemPage"],"@id":"https:\/\/3dvikingsstore.com\/pl\/shop\/wieza-do-kosci-czarodzieja-magiczny-akcesorium-do-gier-planszowych\/","url":"https:\/\/3dvikingsstore.com\/pl\/shop\/wieza-do-kosci-czarodzieja-magiczny-akcesorium-do-gier-planszowych\/","name":"Wie\u017ca do Ko\u015bci Czarodzieja: Magiczny Akcesorium do Gier Planszowych","isPartOf":{"@id":"https:\/\/3dvikingsstore.com\/pl\/#website"},"primaryImageOfPage":{"@id":"https:\/\/3dvikingsstore.com\/pl\/shop\/wieza-do-kosci-czarodzieja-magiczny-akcesorium-do-gier-planszowych\/#primaryimage"},"image":{"@id":"https:\/\/3dvikingsstore.com\/pl\/shop\/wieza-do-kosci-czarodzieja-magiczny-akcesorium-do-gier-planszowych\/#primaryimage"},"thumbnailUrl":"https:\/\/3dvikingsstore.com\/wp-content\/uploads\/2024\/01\/DSC_6266.jpg","datePublished":"2024-01-27T08:36:44+00:00","dateModified":"2024-01-27T08:36:44+00:00","description":"Wie\u017ca do Ko\u015bci Czarodzieja to pi\u0119knie zaprojektowany dodatek, kt\u00f3ry jest idealny dla mi\u0142o\u015bnik\u00f3w gier planszowych. Wie\u017ca jest inspirowana zamkiem czarodziej\u00f3w.","breadcrumb":{"@id":"https:\/\/3dvikingsstore.com\/pl\/shop\/wieza-do-kosci-czarodzieja-magiczny-akcesorium-do-gier-planszowych\/#breadcrumb"},"inLanguage":"pl-PL","potentialAction":[{"@type":"ReadAction","target":["https:\/\/3dvikingsstore.com\/pl\/shop\/wieza-do-kosci-czarodzieja-magiczny-akcesorium-do-gier-planszowych\/"]}]},{"@type":"ImageObject","inLanguage":"pl-PL","@id":"https:\/\/3dvikingsstore.com\/pl\/shop\/wieza-do-kosci-czarodzieja-magiczny-akcesorium-do-gier-planszowych\/#primaryimage","url":"https:\/\/3dvikingsstore.com\/wp-content\/uploads\/2024\/01\/DSC_6266.jpg","contentUrl":"https:\/\/3dvikingsstore.com\/wp-content\/uploads\/2024\/01\/DSC_6266.jpg","width":1295,"height":2418},{"@type":"BreadcrumbList","@id":"https:\/\/3dvikingsstore.com\/pl\/shop\/wieza-do-kosci-czarodzieja-magiczny-akcesorium-do-gier-planszowych\/#breadcrumb","itemListElement":[{"@type":"ListItem","position":1,"name":"Home","item":"https:\/\/3dvikingsstore.com\/pl\/"},{"@type":"ListItem","position":2,"name":"Shop","item":"https:\/\/3dvikingsstore.com\/shop\/"},{"@type":"ListItem","position":3,"name":"Wie\u017ca do Ko\u015bci Czarodzieja: Magiczny Akcesorium do Gier Planszowych"}]},{"@type":"WebSite","@id":"https:\/\/3dvikingsstore.com\/pl\/#website","url":"https:\/\/3dvikingsstore.com\/pl\/","name":"3D Vikings Store","description":"Dekoracje i Akcesoria do Gier Planszowych i Sto\u0142owych","publisher":{"@id":"https:\/\/3dvikingsstore.com\/pl\/#organization"},"potentialAction":[{"@type":"SearchAction","target":{"@type":"EntryPoint","urlTemplate":"https:\/\/3dvikingsstore.com\/pl\/?s={search_term_string}"},"query-input":"required name=search_term_string"}],"inLanguage":"pl-PL"},{"@type":"Organization","@id":"https:\/\/3dvikingsstore.com\/pl\/#organization","name":"3D Vikings Store","url":"https:\/\/3dvikingsstore.com\/pl\/","logo":{"@type":"ImageObject","inLanguage":"pl-PL","@id":"https:\/\/3dvikingsstore.com\/pl\/#\/schema\/logo\/image\/","url":"https:\/\/3dvikingsstore.com\/wp-content\/uploads\/2020\/03\/3dvikings-logo-karge-white.jpg","contentUrl":"https:\/\/3dvikingsstore.com\/wp-content\/uploads\/2020\/03\/3dvikings-logo-karge-white.jpg","width":800,"height":800,"caption":"3D Vikings Store"},"image":{"@id":"https:\/\/3dvikingsstore.com\/pl\/#\/schema\/logo\/image\/"}}]}},"_links":{"self":[{"href":"https:\/\/3dvikingsstore.com\/pl\/wp-json\/wp\/v2\/product\/18661"}],"collection":[{"href":"https:\/\/3dvikingsstore.com\/pl\/wp-json\/wp\/v2\/product"}],"about":[{"href":"https:\/\/3dvikingsstore.com\/pl\/wp-json\/wp\/v2\/types\/product"}],"replies":[{"embeddable":true,"href":"https:\/\/3dvikingsstore.com\/pl\/wp-json\/wp\/v2\/comments?post=18661"}],"version-history":[{"count":0,"href":"https:\/\/3dvikingsstore.com\/pl\/wp-json\/wp\/v2\/product\/18661\/revisions"}],"wp:featuredmedia":[{"embeddable":true,"href":"https:\/\/3dvikingsstore.com\/pl\/wp-json\/wp\/v2\/media\/18662"}],"wp:attachment":[{"href":"https:\/\/3dvikingsstore.com\/pl\/wp-json\/wp\/v2\/media?parent=18661"}],"wp:term":[{"taxonomy":"product_cat","embeddable":true,"href":"https:\/\/3dvikingsstore.com\/pl\/wp-json\/wp\/v2\/product_cat?post=18661"},{"taxonomy":"product_tag","embeddable":true,"href":"https:\/\/3dvikingsstore.com\/pl\/wp-json\/wp\/v2\/product_tag?post=18661"}],"curies":[{"name":"wp","href":"https:\/\/api.w.org\/{rel}","templated":true}]}}