{"id":18655,"date":"2024-01-28T15:58:03","date_gmt":"2024-01-28T13:58:03","guid":{"rendered":"https:\/\/3dvikingsstore.com\/shop\/wieza-do-kosci-doktora-zarazy-rzucaj-kosci-ze-stylem-i-tajemnica\/"},"modified":"2024-01-28T15:58:03","modified_gmt":"2024-01-28T13:58:03","slug":"wieza-do-kosci-doktora-zarazy-rzucaj-kosci-ze-stylem-i-tajemnica","status":"publish","type":"product","link":"https:\/\/3dvikingsstore.com\/pl\/shop\/wieza-do-kosci-doktora-zarazy-rzucaj-kosci-ze-stylem-i-tajemnica\/","title":{"rendered":"Wie\u017ca do Ko\u015bci Doktora Zarazy &#8211; Rzucaj ko\u015bci ze stylem i tajemnic\u0105"},"content":{"rendered":"<p>Szukasz wyj\u0105tkowego i przyci\u0105gaj\u0105cego wzrok akcesorium do gier sto\u0142owych? Czy chcesz doda\u0107 troch\u0119 polotu i intrygi do swoich rzut\u00f3w ko\u015b\u0107mi? W takim razie potrzebujesz <strong>Wie\u017cy do Ko\u015bci Doktora Zarazy<\/strong>! To najlepsza wie\u017ca dla ka\u017cdego mi\u0142o\u015bnika gier.<\/p>\n<p>Plague Dice Tower to wie\u017ca do gry w ko\u015bci, kt\u00f3ra zawiera szczeg\u00f3\u0142owy i realistyczny projekt lekarza d\u017cumy &#8211; postaci historycznej, kt\u00f3ra nosi\u0142a charakterystyczn\u0105 mask\u0119 i p\u0142aszcz, aby leczy\u0107 ofiary zarazy. Wie\u017ca wykonana jest z wysokiej jako\u015bci filamentu PLA, kt\u00f3ry jest trwa\u0142y, lekki i przyjazny dla \u015brodowiska.<\/p>\n<p>Wie\u017ca do gry w ko\u015bci jest \u0142atwa w u\u017cyciu i przyjemna do ogl\u0105dania. Po prostu wrzu\u0107 swoje ko\u015bci na szczyt wie\u017cy i obserwuj, jak staczaj\u0105 si\u0119 z n\u00f3g lekarza zarazy na tac\u0119 poni\u017cej. Wie\u017ca do ko\u015bci zapewnia uczciwe i losowe rzuty za ka\u017cdym razem, a jednocze\u015bnie dodaje grze stylu i tajemniczo\u015bci.<\/p>\n<p>Wie\u017ca jest kompatybilna z dowolnymi standardowymi ko\u015b\u0107mi i mo\u017ce by\u0107 u\u017cywana w ka\u017cdej grze wymagaj\u0105cej rzucania ko\u015b\u0107mi, takiej jak Dungeons &amp; Dragons, Pathfinder, Warhammer czy Catan. Wie\u017ca do gry w ko\u015bci jest r\u00f3wnie\u017c \u015bwietnym elementem do rozm\u00f3w i idealnym prezentem dla ka\u017cdego entuzjasty gier.<\/p>\n<p>Nie zadowalaj si\u0119 nudn\u0105, prost\u0105 lub zwyczajn\u0105 wie\u017c\u0105 do gry w ko\u015bci. Dodaj pikanterii swojej grze z <strong>Wie\u017c\u0105 do Ko\u015bci Doktora Zarazy<\/strong> i rzucaj ko\u015bci ze stylem i tajemnic\u0105. Zam\u00f3w ju\u017c dzi\u015b i przygotuj si\u0119 na zaimponowanie znajomym i wrogom swoj\u0105 niesamowit\u0105 wie\u017c\u0105 do ko\u015bci! ???<\/p>\n","protected":false},"excerpt":{"rendered":"<p>Szukasz wyj\u0105tkowego i przyci\u0105gaj\u0105cego wzrok akcesorium do gier sto\u0142owych? Czy chcesz doda\u0107 troch\u0119 polotu i intrygi do swoich rzut\u00f3w ko\u015b\u0107mi? <strong>Wie\u017ca do Ko\u015bci Doktora Zarazy<\/strong> \u2013 tajemnicza i stylowa. Niezb\u0119dna dla ka\u017cdego mi\u0142o\u015bnika gier.<\/p>\n","protected":false},"featured_media":18656,"comment_status":"open","ping_status":"closed","template":"","meta":[],"product_cat":[3146],"product_tag":[3213,3215,3214],"yoast_head":"<!-- This site is optimized with the Yoast SEO Premium plugin v22.9 (Yoast SEO v22.9) - https:\/\/yoast.com\/wordpress\/plugins\/seo\/ -->\n<title>Wie\u017ca do Ko\u015bci Doktora Zarazy - Rzucaj ko\u015bci ze stylem i tajemnic\u0105<\/title>\n<meta name=\"description\" content=\"Potrzebujesz Wie\u017cy do Ko\u015bci Doktora Zarazy \u2013 najlepszej wie\u017cy do ko\u015bci dla ka\u017cdego mi\u0142o\u015bnika gier. Wie\u017ca do Ko\u015bci Doktora Zarazy jest \u0142atwa w u\u017cyciu i przyjemna w ogl\u0105daniu.\" \/>\n<meta name=\"robots\" content=\"index, follow, max-snippet:-1, max-image-preview:large, max-video-preview:-1\" \/>\n<link rel=\"canonical\" href=\"https:\/\/3dvikingsstore.com\/pl\/shop\/wieza-do-kosci-doktora-zarazy-rzucaj-kosci-ze-stylem-i-tajemnica\/\" \/>\n<meta property=\"og:locale\" content=\"pl_PL\" \/>\n<meta property=\"og:type\" content=\"article\" \/>\n<meta property=\"og:title\" content=\"Wie\u017ca do Ko\u015bci Doktora Zarazy - Rzucaj ko\u015bci ze stylem i tajemnic\u0105\" \/>\n<meta property=\"og:description\" content=\"Potrzebujesz Wie\u017cy do Ko\u015bci Doktora Zarazy \u2013 najlepszej wie\u017cy do ko\u015bci dla ka\u017cdego mi\u0142o\u015bnika gier. Wie\u017ca do Ko\u015bci Doktora Zarazy jest \u0142atwa w u\u017cyciu i przyjemna w ogl\u0105daniu.\" \/>\n<meta property=\"og:url\" content=\"https:\/\/3dvikingsstore.com\/pl\/shop\/wieza-do-kosci-doktora-zarazy-rzucaj-kosci-ze-stylem-i-tajemnica\/\" \/>\n<meta property=\"og:site_name\" content=\"3D Vikings Store\" \/>\n<meta property=\"og:image\" content=\"https:\/\/3dvikingsstore.com\/wp-content\/uploads\/2024\/01\/DSC_6175.jpg\" \/>\n\t<meta property=\"og:image:width\" content=\"1030\" \/>\n\t<meta property=\"og:image:height\" content=\"2438\" \/>\n\t<meta property=\"og:image:type\" content=\"image\/jpeg\" \/>\n<meta name=\"twitter:card\" content=\"summary_large_image\" \/>\n<meta name=\"twitter:label1\" content=\"Szacowany czas czytania\" \/>\n\t<meta name=\"twitter:data1\" content=\"1 minuta\" \/>\n<script type=\"application\/ld+json\" class=\"yoast-schema-graph\">{\"@context\":\"https:\/\/schema.org\",\"@graph\":[{\"@type\":[\"WebPage\",\"ItemPage\"],\"@id\":\"https:\/\/3dvikingsstore.com\/pl\/shop\/wieza-do-kosci-doktora-zarazy-rzucaj-kosci-ze-stylem-i-tajemnica\/\",\"url\":\"https:\/\/3dvikingsstore.com\/pl\/shop\/wieza-do-kosci-doktora-zarazy-rzucaj-kosci-ze-stylem-i-tajemnica\/\",\"name\":\"Wie\u017ca do Ko\u015bci Doktora Zarazy - Rzucaj ko\u015bci ze stylem i tajemnic\u0105\",\"isPartOf\":{\"@id\":\"https:\/\/3dvikingsstore.com\/pl\/#website\"},\"primaryImageOfPage\":{\"@id\":\"https:\/\/3dvikingsstore.com\/pl\/shop\/wieza-do-kosci-doktora-zarazy-rzucaj-kosci-ze-stylem-i-tajemnica\/#primaryimage\"},\"image\":{\"@id\":\"https:\/\/3dvikingsstore.com\/pl\/shop\/wieza-do-kosci-doktora-zarazy-rzucaj-kosci-ze-stylem-i-tajemnica\/#primaryimage\"},\"thumbnailUrl\":\"https:\/\/3dvikingsstore.com\/wp-content\/uploads\/2024\/01\/DSC_6175.jpg\",\"datePublished\":\"2024-01-28T13:58:03+00:00\",\"dateModified\":\"2024-01-28T13:58:03+00:00\",\"description\":\"Potrzebujesz Wie\u017cy do Ko\u015bci Doktora Zarazy \u2013 najlepszej wie\u017cy do ko\u015bci dla ka\u017cdego mi\u0142o\u015bnika gier. Wie\u017ca do Ko\u015bci Doktora Zarazy jest \u0142atwa w u\u017cyciu i przyjemna w ogl\u0105daniu.\",\"breadcrumb\":{\"@id\":\"https:\/\/3dvikingsstore.com\/pl\/shop\/wieza-do-kosci-doktora-zarazy-rzucaj-kosci-ze-stylem-i-tajemnica\/#breadcrumb\"},\"inLanguage\":\"pl-PL\",\"potentialAction\":[{\"@type\":\"ReadAction\",\"target\":[\"https:\/\/3dvikingsstore.com\/pl\/shop\/wieza-do-kosci-doktora-zarazy-rzucaj-kosci-ze-stylem-i-tajemnica\/\"]}]},{\"@type\":\"ImageObject\",\"inLanguage\":\"pl-PL\",\"@id\":\"https:\/\/3dvikingsstore.com\/pl\/shop\/wieza-do-kosci-doktora-zarazy-rzucaj-kosci-ze-stylem-i-tajemnica\/#primaryimage\",\"url\":\"https:\/\/3dvikingsstore.com\/wp-content\/uploads\/2024\/01\/DSC_6175.jpg\",\"contentUrl\":\"https:\/\/3dvikingsstore.com\/wp-content\/uploads\/2024\/01\/DSC_6175.jpg\",\"width\":1030,\"height\":2438},{\"@type\":\"BreadcrumbList\",\"@id\":\"https:\/\/3dvikingsstore.com\/pl\/shop\/wieza-do-kosci-doktora-zarazy-rzucaj-kosci-ze-stylem-i-tajemnica\/#breadcrumb\",\"itemListElement\":[{\"@type\":\"ListItem\",\"position\":1,\"name\":\"Home\",\"item\":\"https:\/\/3dvikingsstore.com\/pl\/\"},{\"@type\":\"ListItem\",\"position\":2,\"name\":\"Shop\",\"item\":\"https:\/\/3dvikingsstore.com\/shop\/\"},{\"@type\":\"ListItem\",\"position\":3,\"name\":\"Wie\u017ca do Ko\u015bci Doktora Zarazy &#8211; Rzucaj ko\u015bci ze stylem i tajemnic\u0105\"}]},{\"@type\":\"WebSite\",\"@id\":\"https:\/\/3dvikingsstore.com\/pl\/#website\",\"url\":\"https:\/\/3dvikingsstore.com\/pl\/\",\"name\":\"3D Vikings Store\",\"description\":\"Dekoracje i Akcesoria do Gier Planszowych i Sto\u0142owych\",\"publisher\":{\"@id\":\"https:\/\/3dvikingsstore.com\/pl\/#organization\"},\"potentialAction\":[{\"@type\":\"SearchAction\",\"target\":{\"@type\":\"EntryPoint\",\"urlTemplate\":\"https:\/\/3dvikingsstore.com\/pl\/?s={search_term_string}\"},\"query-input\":\"required name=search_term_string\"}],\"inLanguage\":\"pl-PL\"},{\"@type\":\"Organization\",\"@id\":\"https:\/\/3dvikingsstore.com\/pl\/#organization\",\"name\":\"3D Vikings Store\",\"url\":\"https:\/\/3dvikingsstore.com\/pl\/\",\"logo\":{\"@type\":\"ImageObject\",\"inLanguage\":\"pl-PL\",\"@id\":\"https:\/\/3dvikingsstore.com\/pl\/#\/schema\/logo\/image\/\",\"url\":\"https:\/\/3dvikingsstore.com\/wp-content\/uploads\/2020\/03\/3dvikings-logo-karge-white.jpg\",\"contentUrl\":\"https:\/\/3dvikingsstore.com\/wp-content\/uploads\/2020\/03\/3dvikings-logo-karge-white.jpg\",\"width\":800,\"height\":800,\"caption\":\"3D Vikings Store\"},\"image\":{\"@id\":\"https:\/\/3dvikingsstore.com\/pl\/#\/schema\/logo\/image\/\"}}]}<\/script>\n<!-- \/ Yoast SEO Premium plugin. -->","yoast_head_json":{"title":"Wie\u017ca do Ko\u015bci Doktora Zarazy - Rzucaj ko\u015bci ze stylem i tajemnic\u0105","description":"Potrzebujesz Wie\u017cy do Ko\u015bci Doktora Zarazy \u2013 najlepszej wie\u017cy do ko\u015bci dla ka\u017cdego mi\u0142o\u015bnika gier. Wie\u017ca do Ko\u015bci Doktora Zarazy jest \u0142atwa w u\u017cyciu i przyjemna w ogl\u0105daniu.","robots":{"index":"index","follow":"follow","max-snippet":"max-snippet:-1","max-image-preview":"max-image-preview:large","max-video-preview":"max-video-preview:-1"},"canonical":"https:\/\/3dvikingsstore.com\/pl\/shop\/wieza-do-kosci-doktora-zarazy-rzucaj-kosci-ze-stylem-i-tajemnica\/","og_locale":"pl_PL","og_type":"article","og_title":"Wie\u017ca do Ko\u015bci Doktora Zarazy - Rzucaj ko\u015bci ze stylem i tajemnic\u0105","og_description":"Potrzebujesz Wie\u017cy do Ko\u015bci Doktora Zarazy \u2013 najlepszej wie\u017cy do ko\u015bci dla ka\u017cdego mi\u0142o\u015bnika gier. Wie\u017ca do Ko\u015bci Doktora Zarazy jest \u0142atwa w u\u017cyciu i przyjemna w ogl\u0105daniu.","og_url":"https:\/\/3dvikingsstore.com\/pl\/shop\/wieza-do-kosci-doktora-zarazy-rzucaj-kosci-ze-stylem-i-tajemnica\/","og_site_name":"3D Vikings Store","og_image":[{"width":1030,"height":2438,"url":"https:\/\/3dvikingsstore.com\/wp-content\/uploads\/2024\/01\/DSC_6175.jpg","type":"image\/jpeg"}],"twitter_card":"summary_large_image","twitter_misc":{"Szacowany czas czytania":"1 minuta"},"schema":{"@context":"https:\/\/schema.org","@graph":[{"@type":["WebPage","ItemPage"],"@id":"https:\/\/3dvikingsstore.com\/pl\/shop\/wieza-do-kosci-doktora-zarazy-rzucaj-kosci-ze-stylem-i-tajemnica\/","url":"https:\/\/3dvikingsstore.com\/pl\/shop\/wieza-do-kosci-doktora-zarazy-rzucaj-kosci-ze-stylem-i-tajemnica\/","name":"Wie\u017ca do Ko\u015bci Doktora Zarazy - Rzucaj ko\u015bci ze stylem i tajemnic\u0105","isPartOf":{"@id":"https:\/\/3dvikingsstore.com\/pl\/#website"},"primaryImageOfPage":{"@id":"https:\/\/3dvikingsstore.com\/pl\/shop\/wieza-do-kosci-doktora-zarazy-rzucaj-kosci-ze-stylem-i-tajemnica\/#primaryimage"},"image":{"@id":"https:\/\/3dvikingsstore.com\/pl\/shop\/wieza-do-kosci-doktora-zarazy-rzucaj-kosci-ze-stylem-i-tajemnica\/#primaryimage"},"thumbnailUrl":"https:\/\/3dvikingsstore.com\/wp-content\/uploads\/2024\/01\/DSC_6175.jpg","datePublished":"2024-01-28T13:58:03+00:00","dateModified":"2024-01-28T13:58:03+00:00","description":"Potrzebujesz Wie\u017cy do Ko\u015bci Doktora Zarazy \u2013 najlepszej wie\u017cy do ko\u015bci dla ka\u017cdego mi\u0142o\u015bnika gier. Wie\u017ca do Ko\u015bci Doktora Zarazy jest \u0142atwa w u\u017cyciu i przyjemna w ogl\u0105daniu.","breadcrumb":{"@id":"https:\/\/3dvikingsstore.com\/pl\/shop\/wieza-do-kosci-doktora-zarazy-rzucaj-kosci-ze-stylem-i-tajemnica\/#breadcrumb"},"inLanguage":"pl-PL","potentialAction":[{"@type":"ReadAction","target":["https:\/\/3dvikingsstore.com\/pl\/shop\/wieza-do-kosci-doktora-zarazy-rzucaj-kosci-ze-stylem-i-tajemnica\/"]}]},{"@type":"ImageObject","inLanguage":"pl-PL","@id":"https:\/\/3dvikingsstore.com\/pl\/shop\/wieza-do-kosci-doktora-zarazy-rzucaj-kosci-ze-stylem-i-tajemnica\/#primaryimage","url":"https:\/\/3dvikingsstore.com\/wp-content\/uploads\/2024\/01\/DSC_6175.jpg","contentUrl":"https:\/\/3dvikingsstore.com\/wp-content\/uploads\/2024\/01\/DSC_6175.jpg","width":1030,"height":2438},{"@type":"BreadcrumbList","@id":"https:\/\/3dvikingsstore.com\/pl\/shop\/wieza-do-kosci-doktora-zarazy-rzucaj-kosci-ze-stylem-i-tajemnica\/#breadcrumb","itemListElement":[{"@type":"ListItem","position":1,"name":"Home","item":"https:\/\/3dvikingsstore.com\/pl\/"},{"@type":"ListItem","position":2,"name":"Shop","item":"https:\/\/3dvikingsstore.com\/shop\/"},{"@type":"ListItem","position":3,"name":"Wie\u017ca do Ko\u015bci Doktora Zarazy &#8211; Rzucaj ko\u015bci ze stylem i tajemnic\u0105"}]},{"@type":"WebSite","@id":"https:\/\/3dvikingsstore.com\/pl\/#website","url":"https:\/\/3dvikingsstore.com\/pl\/","name":"3D Vikings Store","description":"Dekoracje i Akcesoria do Gier Planszowych i Sto\u0142owych","publisher":{"@id":"https:\/\/3dvikingsstore.com\/pl\/#organization"},"potentialAction":[{"@type":"SearchAction","target":{"@type":"EntryPoint","urlTemplate":"https:\/\/3dvikingsstore.com\/pl\/?s={search_term_string}"},"query-input":"required name=search_term_string"}],"inLanguage":"pl-PL"},{"@type":"Organization","@id":"https:\/\/3dvikingsstore.com\/pl\/#organization","name":"3D Vikings Store","url":"https:\/\/3dvikingsstore.com\/pl\/","logo":{"@type":"ImageObject","inLanguage":"pl-PL","@id":"https:\/\/3dvikingsstore.com\/pl\/#\/schema\/logo\/image\/","url":"https:\/\/3dvikingsstore.com\/wp-content\/uploads\/2020\/03\/3dvikings-logo-karge-white.jpg","contentUrl":"https:\/\/3dvikingsstore.com\/wp-content\/uploads\/2020\/03\/3dvikings-logo-karge-white.jpg","width":800,"height":800,"caption":"3D Vikings Store"},"image":{"@id":"https:\/\/3dvikingsstore.com\/pl\/#\/schema\/logo\/image\/"}}]}},"_links":{"self":[{"href":"https:\/\/3dvikingsstore.com\/pl\/wp-json\/wp\/v2\/product\/18655"}],"collection":[{"href":"https:\/\/3dvikingsstore.com\/pl\/wp-json\/wp\/v2\/product"}],"about":[{"href":"https:\/\/3dvikingsstore.com\/pl\/wp-json\/wp\/v2\/types\/product"}],"replies":[{"embeddable":true,"href":"https:\/\/3dvikingsstore.com\/pl\/wp-json\/wp\/v2\/comments?post=18655"}],"version-history":[{"count":0,"href":"https:\/\/3dvikingsstore.com\/pl\/wp-json\/wp\/v2\/product\/18655\/revisions"}],"wp:featuredmedia":[{"embeddable":true,"href":"https:\/\/3dvikingsstore.com\/pl\/wp-json\/wp\/v2\/media\/18656"}],"wp:attachment":[{"href":"https:\/\/3dvikingsstore.com\/pl\/wp-json\/wp\/v2\/media?parent=18655"}],"wp:term":[{"taxonomy":"product_cat","embeddable":true,"href":"https:\/\/3dvikingsstore.com\/pl\/wp-json\/wp\/v2\/product_cat?post=18655"},{"taxonomy":"product_tag","embeddable":true,"href":"https:\/\/3dvikingsstore.com\/pl\/wp-json\/wp\/v2\/product_tag?post=18655"}],"curies":[{"name":"wp","href":"https:\/\/api.w.org\/{rel}","templated":true}]}}