{"id":18644,"date":"2024-01-27T00:11:39","date_gmt":"2024-01-26T22:11:39","guid":{"rendered":"https:\/\/3dvikingsstore.com\/shop\/wieza-do-kosci-z-piecioglowym-smokiem-tiamat\/"},"modified":"2024-01-27T00:11:39","modified_gmt":"2024-01-26T22:11:39","slug":"wieza-do-kosci-z-piecioglowym-smokiem-tiamat","status":"publish","type":"product","link":"https:\/\/3dvikingsstore.com\/pl\/shop\/wieza-do-kosci-z-piecioglowym-smokiem-tiamat\/","title":{"rendered":"Wie\u017ca do ko\u015bci z pi\u0119ciog\u0142owym smokiem Tiamat"},"content":{"rendered":"<p><strong>Wie\u017ca do Ko\u015bci Tiamat Dragon<\/strong> to pi\u0119knie zaprojektowane akcesorium, kt\u00f3re jest idealne dla entuzjast\u00f3w gier planszowych. Wie\u017ca inspirowana jest pi\u0119ciog\u0142ow\u0105 smocz\u0105 bogini\u0105 Tiamat i posiada skomplikowane detale, kt\u00f3re z pewno\u015bci\u0105 zrobi\u0105 wra\u017cenie.<\/p>\n<p>Wie\u017ca jest wykonana z wysokiej jako\u015bci tworzywa PLA i jest trwa\u0142a. Jest \u0142atwy w monta\u017cu i sk\u0142ada si\u0119 z trzech cz\u0119\u015bci, co u\u0142atwia przechowywanie i podr\u00f3\u017cowanie. Wie\u017ca jest idealna do u\u017cytku z r\u00f3\u017cnymi grami, w tym Dungeons and Dragons, Pathfinder, Fate, Savage Worlds i Magic: The Gathering.<\/p>\n<p>Smocza wie\u017ca do gry w ko\u015bci Tiamat zosta\u0142a zaprojektowana tak, aby by\u0142a zar\u00f3wno praktyczna, jak i stylowa. Jest to idealne rozwi\u0105zanie dla graczy, kt\u00f3rzy chc\u0105 doda\u0107 odrobin\u0119 elegancji do swojej konfiguracji gamingowej. Wie\u017ca jest r\u00f3wnie\u017c \u015bwietnym prezentem dla ka\u017cdego entuzjasty gier planszowych. Z pewno\u015bci\u0105 b\u0119dzie to hit dla ka\u017cdego, kto uwielbia gra\u0107 w gry.<\/p>\n<p>Podsumowuj\u0105c, Wie\u017ca do Ko\u015bci Tiamat Dragon to \u015bwietne akcesorium dla ka\u017cdego entuzjasty gier planszowych. Jest zar\u00f3wno funkcjonalny, jak i stylowy, co czyni go doskona\u0142ym dodatkiem do ka\u017cdego zestawu do gier. Wie\u017ca jest \u0142atwa w monta\u017cu i wytrzyma\u0142a. Jest idealny do u\u017cytku z r\u00f3\u017cnymi grami i z pewno\u015bci\u0105 zrobi wra\u017cenie. Je\u015bli szukasz sposobu na dodanie odrobiny \u015bredniowiecznego klimatu do swoich gier, to Wie\u017ca do Ko\u015bci Tiamat Dragon jest idealnym akcesorium dla Ciebie.<\/p>\n","protected":false},"excerpt":{"rendered":"<p><strong>Wie\u017ca do Ko\u015bci Tiamat Dragon<\/strong> to pi\u0119knie zaprojektowane akcesorium, kt\u00f3re jest idealne dla entuzjast\u00f3w gier planszowych. Wie\u017ca inspirowana jest pi\u0119ciog\u0142ow\u0105 smocz\u0105 bogini\u0105 Tiamat i posiada skomplikowane detale, kt\u00f3re z pewno\u015bci\u0105 zrobi\u0105 wra\u017cenie.<\/p>\n","protected":false},"featured_media":18645,"comment_status":"open","ping_status":"closed","template":"","meta":[],"product_cat":[3146],"product_tag":[3213,3214],"yoast_head":"<!-- This site is optimized with the Yoast SEO Premium plugin v22.9 (Yoast SEO v22.9) - https:\/\/yoast.com\/wordpress\/plugins\/seo\/ -->\n<title>Wie\u017ca do ko\u015bci z pi\u0119ciog\u0142owym smokiem Tiamat<\/title>\n<meta name=\"description\" content=\"Wie\u017ca do ko\u015bci Tiamat Dragon to pi\u0119knie zaprojektowany dodatek, kt\u00f3ry jest idealny dla mi\u0142o\u015bnik\u00f3w gier planszowych. Wie\u017ca jest \u0142atwa w monta\u017cu.\" \/>\n<meta name=\"robots\" content=\"index, follow, max-snippet:-1, max-image-preview:large, max-video-preview:-1\" \/>\n<link rel=\"canonical\" href=\"https:\/\/3dvikingsstore.com\/pl\/shop\/wieza-do-kosci-z-piecioglowym-smokiem-tiamat\/\" \/>\n<meta property=\"og:locale\" content=\"pl_PL\" \/>\n<meta property=\"og:type\" content=\"article\" \/>\n<meta property=\"og:title\" content=\"Wie\u017ca do ko\u015bci z pi\u0119ciog\u0142owym smokiem Tiamat\" \/>\n<meta property=\"og:description\" content=\"Wie\u017ca do ko\u015bci Tiamat Dragon to pi\u0119knie zaprojektowany dodatek, kt\u00f3ry jest idealny dla mi\u0142o\u015bnik\u00f3w gier planszowych. Wie\u017ca jest \u0142atwa w monta\u017cu.\" \/>\n<meta property=\"og:url\" content=\"https:\/\/3dvikingsstore.com\/pl\/shop\/wieza-do-kosci-z-piecioglowym-smokiem-tiamat\/\" \/>\n<meta property=\"og:site_name\" content=\"3D Vikings Store\" \/>\n<meta property=\"og:image\" content=\"https:\/\/3dvikingsstore.com\/wp-content\/uploads\/2024\/01\/DSC_6259.jpg\" \/>\n\t<meta property=\"og:image:width\" content=\"1547\" \/>\n\t<meta property=\"og:image:height\" content=\"2463\" \/>\n\t<meta property=\"og:image:type\" content=\"image\/jpeg\" \/>\n<meta name=\"twitter:card\" content=\"summary_large_image\" \/>\n<meta name=\"twitter:label1\" content=\"Szacowany czas czytania\" \/>\n\t<meta name=\"twitter:data1\" content=\"1 minuta\" \/>\n<script type=\"application\/ld+json\" class=\"yoast-schema-graph\">{\"@context\":\"https:\/\/schema.org\",\"@graph\":[{\"@type\":[\"WebPage\",\"ItemPage\"],\"@id\":\"https:\/\/3dvikingsstore.com\/pl\/shop\/wieza-do-kosci-z-piecioglowym-smokiem-tiamat\/\",\"url\":\"https:\/\/3dvikingsstore.com\/pl\/shop\/wieza-do-kosci-z-piecioglowym-smokiem-tiamat\/\",\"name\":\"Wie\u017ca do ko\u015bci z pi\u0119ciog\u0142owym smokiem Tiamat\",\"isPartOf\":{\"@id\":\"https:\/\/3dvikingsstore.com\/pl\/#website\"},\"primaryImageOfPage\":{\"@id\":\"https:\/\/3dvikingsstore.com\/pl\/shop\/wieza-do-kosci-z-piecioglowym-smokiem-tiamat\/#primaryimage\"},\"image\":{\"@id\":\"https:\/\/3dvikingsstore.com\/pl\/shop\/wieza-do-kosci-z-piecioglowym-smokiem-tiamat\/#primaryimage\"},\"thumbnailUrl\":\"https:\/\/3dvikingsstore.com\/wp-content\/uploads\/2024\/01\/DSC_6259.jpg\",\"datePublished\":\"2024-01-26T22:11:39+00:00\",\"dateModified\":\"2024-01-26T22:11:39+00:00\",\"description\":\"Wie\u017ca do ko\u015bci Tiamat Dragon to pi\u0119knie zaprojektowany dodatek, kt\u00f3ry jest idealny dla mi\u0142o\u015bnik\u00f3w gier planszowych. Wie\u017ca jest \u0142atwa w monta\u017cu.\",\"breadcrumb\":{\"@id\":\"https:\/\/3dvikingsstore.com\/pl\/shop\/wieza-do-kosci-z-piecioglowym-smokiem-tiamat\/#breadcrumb\"},\"inLanguage\":\"pl-PL\",\"potentialAction\":[{\"@type\":\"ReadAction\",\"target\":[\"https:\/\/3dvikingsstore.com\/pl\/shop\/wieza-do-kosci-z-piecioglowym-smokiem-tiamat\/\"]}]},{\"@type\":\"ImageObject\",\"inLanguage\":\"pl-PL\",\"@id\":\"https:\/\/3dvikingsstore.com\/pl\/shop\/wieza-do-kosci-z-piecioglowym-smokiem-tiamat\/#primaryimage\",\"url\":\"https:\/\/3dvikingsstore.com\/wp-content\/uploads\/2024\/01\/DSC_6259.jpg\",\"contentUrl\":\"https:\/\/3dvikingsstore.com\/wp-content\/uploads\/2024\/01\/DSC_6259.jpg\",\"width\":1547,\"height\":2463},{\"@type\":\"BreadcrumbList\",\"@id\":\"https:\/\/3dvikingsstore.com\/pl\/shop\/wieza-do-kosci-z-piecioglowym-smokiem-tiamat\/#breadcrumb\",\"itemListElement\":[{\"@type\":\"ListItem\",\"position\":1,\"name\":\"Home\",\"item\":\"https:\/\/3dvikingsstore.com\/pl\/\"},{\"@type\":\"ListItem\",\"position\":2,\"name\":\"Shop\",\"item\":\"https:\/\/3dvikingsstore.com\/shop\/\"},{\"@type\":\"ListItem\",\"position\":3,\"name\":\"Wie\u017ca do ko\u015bci z pi\u0119ciog\u0142owym smokiem Tiamat\"}]},{\"@type\":\"WebSite\",\"@id\":\"https:\/\/3dvikingsstore.com\/pl\/#website\",\"url\":\"https:\/\/3dvikingsstore.com\/pl\/\",\"name\":\"3D Vikings Store\",\"description\":\"Dekoracje i Akcesoria do Gier Planszowych i Sto\u0142owych\",\"publisher\":{\"@id\":\"https:\/\/3dvikingsstore.com\/pl\/#organization\"},\"potentialAction\":[{\"@type\":\"SearchAction\",\"target\":{\"@type\":\"EntryPoint\",\"urlTemplate\":\"https:\/\/3dvikingsstore.com\/pl\/?s={search_term_string}\"},\"query-input\":\"required name=search_term_string\"}],\"inLanguage\":\"pl-PL\"},{\"@type\":\"Organization\",\"@id\":\"https:\/\/3dvikingsstore.com\/pl\/#organization\",\"name\":\"3D Vikings Store\",\"url\":\"https:\/\/3dvikingsstore.com\/pl\/\",\"logo\":{\"@type\":\"ImageObject\",\"inLanguage\":\"pl-PL\",\"@id\":\"https:\/\/3dvikingsstore.com\/pl\/#\/schema\/logo\/image\/\",\"url\":\"https:\/\/3dvikingsstore.com\/wp-content\/uploads\/2020\/03\/3dvikings-logo-karge-white.jpg\",\"contentUrl\":\"https:\/\/3dvikingsstore.com\/wp-content\/uploads\/2020\/03\/3dvikings-logo-karge-white.jpg\",\"width\":800,\"height\":800,\"caption\":\"3D Vikings Store\"},\"image\":{\"@id\":\"https:\/\/3dvikingsstore.com\/pl\/#\/schema\/logo\/image\/\"}}]}<\/script>\n<!-- \/ Yoast SEO Premium plugin. -->","yoast_head_json":{"title":"Wie\u017ca do ko\u015bci z pi\u0119ciog\u0142owym smokiem Tiamat","description":"Wie\u017ca do ko\u015bci Tiamat Dragon to pi\u0119knie zaprojektowany dodatek, kt\u00f3ry jest idealny dla mi\u0142o\u015bnik\u00f3w gier planszowych. Wie\u017ca jest \u0142atwa w monta\u017cu.","robots":{"index":"index","follow":"follow","max-snippet":"max-snippet:-1","max-image-preview":"max-image-preview:large","max-video-preview":"max-video-preview:-1"},"canonical":"https:\/\/3dvikingsstore.com\/pl\/shop\/wieza-do-kosci-z-piecioglowym-smokiem-tiamat\/","og_locale":"pl_PL","og_type":"article","og_title":"Wie\u017ca do ko\u015bci z pi\u0119ciog\u0142owym smokiem Tiamat","og_description":"Wie\u017ca do ko\u015bci Tiamat Dragon to pi\u0119knie zaprojektowany dodatek, kt\u00f3ry jest idealny dla mi\u0142o\u015bnik\u00f3w gier planszowych. Wie\u017ca jest \u0142atwa w monta\u017cu.","og_url":"https:\/\/3dvikingsstore.com\/pl\/shop\/wieza-do-kosci-z-piecioglowym-smokiem-tiamat\/","og_site_name":"3D Vikings Store","og_image":[{"width":1547,"height":2463,"url":"https:\/\/3dvikingsstore.com\/wp-content\/uploads\/2024\/01\/DSC_6259.jpg","type":"image\/jpeg"}],"twitter_card":"summary_large_image","twitter_misc":{"Szacowany czas czytania":"1 minuta"},"schema":{"@context":"https:\/\/schema.org","@graph":[{"@type":["WebPage","ItemPage"],"@id":"https:\/\/3dvikingsstore.com\/pl\/shop\/wieza-do-kosci-z-piecioglowym-smokiem-tiamat\/","url":"https:\/\/3dvikingsstore.com\/pl\/shop\/wieza-do-kosci-z-piecioglowym-smokiem-tiamat\/","name":"Wie\u017ca do ko\u015bci z pi\u0119ciog\u0142owym smokiem Tiamat","isPartOf":{"@id":"https:\/\/3dvikingsstore.com\/pl\/#website"},"primaryImageOfPage":{"@id":"https:\/\/3dvikingsstore.com\/pl\/shop\/wieza-do-kosci-z-piecioglowym-smokiem-tiamat\/#primaryimage"},"image":{"@id":"https:\/\/3dvikingsstore.com\/pl\/shop\/wieza-do-kosci-z-piecioglowym-smokiem-tiamat\/#primaryimage"},"thumbnailUrl":"https:\/\/3dvikingsstore.com\/wp-content\/uploads\/2024\/01\/DSC_6259.jpg","datePublished":"2024-01-26T22:11:39+00:00","dateModified":"2024-01-26T22:11:39+00:00","description":"Wie\u017ca do ko\u015bci Tiamat Dragon to pi\u0119knie zaprojektowany dodatek, kt\u00f3ry jest idealny dla mi\u0142o\u015bnik\u00f3w gier planszowych. Wie\u017ca jest \u0142atwa w monta\u017cu.","breadcrumb":{"@id":"https:\/\/3dvikingsstore.com\/pl\/shop\/wieza-do-kosci-z-piecioglowym-smokiem-tiamat\/#breadcrumb"},"inLanguage":"pl-PL","potentialAction":[{"@type":"ReadAction","target":["https:\/\/3dvikingsstore.com\/pl\/shop\/wieza-do-kosci-z-piecioglowym-smokiem-tiamat\/"]}]},{"@type":"ImageObject","inLanguage":"pl-PL","@id":"https:\/\/3dvikingsstore.com\/pl\/shop\/wieza-do-kosci-z-piecioglowym-smokiem-tiamat\/#primaryimage","url":"https:\/\/3dvikingsstore.com\/wp-content\/uploads\/2024\/01\/DSC_6259.jpg","contentUrl":"https:\/\/3dvikingsstore.com\/wp-content\/uploads\/2024\/01\/DSC_6259.jpg","width":1547,"height":2463},{"@type":"BreadcrumbList","@id":"https:\/\/3dvikingsstore.com\/pl\/shop\/wieza-do-kosci-z-piecioglowym-smokiem-tiamat\/#breadcrumb","itemListElement":[{"@type":"ListItem","position":1,"name":"Home","item":"https:\/\/3dvikingsstore.com\/pl\/"},{"@type":"ListItem","position":2,"name":"Shop","item":"https:\/\/3dvikingsstore.com\/shop\/"},{"@type":"ListItem","position":3,"name":"Wie\u017ca do ko\u015bci z pi\u0119ciog\u0142owym smokiem Tiamat"}]},{"@type":"WebSite","@id":"https:\/\/3dvikingsstore.com\/pl\/#website","url":"https:\/\/3dvikingsstore.com\/pl\/","name":"3D Vikings Store","description":"Dekoracje i Akcesoria do Gier Planszowych i Sto\u0142owych","publisher":{"@id":"https:\/\/3dvikingsstore.com\/pl\/#organization"},"potentialAction":[{"@type":"SearchAction","target":{"@type":"EntryPoint","urlTemplate":"https:\/\/3dvikingsstore.com\/pl\/?s={search_term_string}"},"query-input":"required name=search_term_string"}],"inLanguage":"pl-PL"},{"@type":"Organization","@id":"https:\/\/3dvikingsstore.com\/pl\/#organization","name":"3D Vikings Store","url":"https:\/\/3dvikingsstore.com\/pl\/","logo":{"@type":"ImageObject","inLanguage":"pl-PL","@id":"https:\/\/3dvikingsstore.com\/pl\/#\/schema\/logo\/image\/","url":"https:\/\/3dvikingsstore.com\/wp-content\/uploads\/2020\/03\/3dvikings-logo-karge-white.jpg","contentUrl":"https:\/\/3dvikingsstore.com\/wp-content\/uploads\/2020\/03\/3dvikings-logo-karge-white.jpg","width":800,"height":800,"caption":"3D Vikings Store"},"image":{"@id":"https:\/\/3dvikingsstore.com\/pl\/#\/schema\/logo\/image\/"}}]}},"_links":{"self":[{"href":"https:\/\/3dvikingsstore.com\/pl\/wp-json\/wp\/v2\/product\/18644"}],"collection":[{"href":"https:\/\/3dvikingsstore.com\/pl\/wp-json\/wp\/v2\/product"}],"about":[{"href":"https:\/\/3dvikingsstore.com\/pl\/wp-json\/wp\/v2\/types\/product"}],"replies":[{"embeddable":true,"href":"https:\/\/3dvikingsstore.com\/pl\/wp-json\/wp\/v2\/comments?post=18644"}],"version-history":[{"count":0,"href":"https:\/\/3dvikingsstore.com\/pl\/wp-json\/wp\/v2\/product\/18644\/revisions"}],"wp:featuredmedia":[{"embeddable":true,"href":"https:\/\/3dvikingsstore.com\/pl\/wp-json\/wp\/v2\/media\/18645"}],"wp:attachment":[{"href":"https:\/\/3dvikingsstore.com\/pl\/wp-json\/wp\/v2\/media?parent=18644"}],"wp:term":[{"taxonomy":"product_cat","embeddable":true,"href":"https:\/\/3dvikingsstore.com\/pl\/wp-json\/wp\/v2\/product_cat?post=18644"},{"taxonomy":"product_tag","embeddable":true,"href":"https:\/\/3dvikingsstore.com\/pl\/wp-json\/wp\/v2\/product_tag?post=18644"}],"curies":[{"name":"wp","href":"https:\/\/api.w.org\/{rel}","templated":true}]}}