{"id":18632,"date":"2024-02-06T22:32:57","date_gmt":"2024-02-06T20:32:57","guid":{"rendered":"https:\/\/3dvikingsstore.com\/shop\/science-fiction-habitat-pustynna-budowla-science-fiction-dla-odkrywcow-science-fiction\/"},"modified":"2024-02-28T20:48:25","modified_gmt":"2024-02-28T18:48:25","slug":"science-fiction-habitat-pustynna-budowla-science-fiction-dla-odkrywcow-science-fiction","status":"publish","type":"product","link":"https:\/\/3dvikingsstore.com\/pl\/shop\/science-fiction-habitat-pustynna-budowla-science-fiction-dla-odkrywcow-science-fiction\/","title":{"rendered":"Science-fiction Habitat &#8211; pustynna budowla science fiction dla odkrywc\u00f3w science fiction"},"content":{"rendered":"<p>Przedstawiamy Pustynny Budynek science-fiction: Futurystyczna estetyka spotyka wyobra\u017ani\u0119!<\/p>\n<p><strong>Futurystyczny design<\/strong>: Nasze elementy terenu s\u0105 eleganckie, nowoczesne i inspirowane galaktyk\u0105 &#8211; idealne do gier o tematyce science fiction. Wyobra\u017a sobie wysokie iglice, kanciaste chodniki i holograficzne interfejsy &#8211; esencj\u0119 przysz\u0142o\u015bci, w kt\u00f3rej technologia ta\u0144czy z kosmosem.<\/p>\n<p>?\ufe0f <strong>Wysokiej jako\u015bci konstrukcja<\/strong>: Wykonane z wytrzyma\u0142ego materia\u0142u PLA, te elementy s\u0105 zbudowane tak, aby wytrzyma\u0107 niezliczone sesje grania. Niezale\u017cnie od tego, czy walczysz z obcymi naje\u017ad\u017acami, czy eksplorujesz odleg\u0142e planety, nasz teren nie zawiedzie &#8211; to tw\u00f3j niez\u0142omny towarzysz w ogromnym wszech\u015bwiecie.<\/p>\n<p><strong>Kompatybilno\u015b\u0107 ze skal\u0105 28\/32mm:<\/strong> Pustynny Budynek Sci-Fi zosta\u0142 zaprojektowany z my\u015bl\u0105 o miniaturach 28mm i 32mm. Wyobra\u017a sobie swoje oddzia\u0142y posuwaj\u0105ce si\u0119 naprz\u00f3d przez te misternie szczeg\u00f3\u0142owe struktury &#8211; realizm i immersja s\u0105 niezr\u00f3wnane. Ka\u017cdy krok odbija si\u0119 echem od metalowych krat, ka\u017cdy k\u0105t skrywa tajemnice czekaj\u0105ce na odkrycie.<\/p>\n<p><strong>Niepomalowane do personalizacji<\/strong>: Wierzymy w wolno\u015b\u0107 tw\u00f3rcz\u0105. Nasze elementy terenu s\u0105 dostarczane niepomalowane, dzi\u0119ki czemu mo\u017cesz uwolni\u0107 swoje zdolno\u015bci artystyczne. Niezale\u017cnie od tego, czy wolisz eleganckie metaliczne wyko\u0144czenie, czy \u017cywe neonowe odcienie, p\u0142\u00f3tno nale\u017cy do Ciebie. Spersonalizuj ka\u017cdy element, aby idealnie pasowa\u0142 do futurystycznego \u015bwiata gry.<\/p>\n<p><strong>Wszechstronne zastosowanie:<\/strong> Pustynny Budynek Science-fiction nie jest ograniczony do jednej gry. To uniwersalna brama do przygody. Zanurz si\u0119 w ponury mrok uniwersum Warhammer 40K, wykre\u015bl nieznane konstelacje w <strong>Starfinder<\/strong> lub stw\u00f3rz w\u0142asn\u0105 sag\u0119 science-fiction. Mo\u017cliwo\u015bci s\u0105 tak ogromne, jak sam kosmos.<\/p>\n<p>Zdob\u0105d\u017a <strong>sw\u00f3j pustynny budynek sci-fi<\/strong>: Podnie\u015b swoje wra\u017cenia z gry dzi\u0119ki terenowi, kt\u00f3ry wykracza poza czas i przestrze\u0144. Pustynny budynek science fiction czeka tam, gdzie wyobra\u017ania spotyka si\u0119 z gwiazdami. ?<\/p>\n","protected":false},"excerpt":{"rendered":"<p><strong>Futurystyczny design<\/strong>: Nasze elementy terenu s\u0105 eleganckie, nowoczesne i inspirowane galaktyk\u0105 &#8211; idealne do gier o tematyce science fiction. Wyobra\u017a sobie wysokie iglice, kanciaste chodniki i holograficzne interfejsy &#8211; esencj\u0119 przysz\u0142o\u015bci, w kt\u00f3rej technologia ta\u0144czy z kosmosem.<\/p>\n","protected":false},"featured_media":18633,"comment_status":"open","ping_status":"closed","template":"","meta":[],"product_cat":[3138,3137,3152],"product_tag":[3212,3160,3209,3211,3210,3203,3208,3207,3205,3202,3206,3204],"yoast_head":"<!-- This site is optimized with the Yoast SEO Premium plugin v22.9 (Yoast SEO v22.9) - https:\/\/yoast.com\/wordpress\/plugins\/seo\/ -->\n<title>Science-fiction Habitat - pustynna budowla science fiction dla odkrywc\u00f3w science fiction<\/title>\n<meta name=\"description\" content=\"Przedstawiamy Pustynny Budynek science-fiction: Futurystyczna estetyka spotyka wyobra\u017ani\u0119! Futurystyczny design. Wysokiej jako\u015bci konstrukcja.\" \/>\n<meta name=\"robots\" content=\"index, follow, max-snippet:-1, max-image-preview:large, max-video-preview:-1\" \/>\n<link rel=\"canonical\" href=\"https:\/\/3dvikingsstore.com\/pl\/shop\/science-fiction-habitat-pustynna-budowla-science-fiction-dla-odkrywcow-science-fiction\/\" \/>\n<meta property=\"og:locale\" content=\"pl_PL\" \/>\n<meta property=\"og:type\" content=\"article\" \/>\n<meta property=\"og:title\" content=\"Science-fiction Habitat - pustynna budowla science fiction dla odkrywc\u00f3w science fiction\" \/>\n<meta property=\"og:description\" content=\"Przedstawiamy Pustynny Budynek science-fiction: Futurystyczna estetyka spotyka wyobra\u017ani\u0119! Futurystyczny design. Wysokiej jako\u015bci konstrukcja.\" \/>\n<meta property=\"og:url\" content=\"https:\/\/3dvikingsstore.com\/pl\/shop\/science-fiction-habitat-pustynna-budowla-science-fiction-dla-odkrywcow-science-fiction\/\" \/>\n<meta property=\"og:site_name\" content=\"3D Vikings Store\" \/>\n<meta property=\"article:modified_time\" content=\"2024-02-28T18:48:25+00:00\" \/>\n<meta property=\"og:image\" content=\"https:\/\/3dvikingsstore.com\/wp-content\/uploads\/2024\/02\/desert-scifi-building.jpg\" \/>\n\t<meta property=\"og:image:width\" content=\"1024\" \/>\n\t<meta property=\"og:image:height\" content=\"734\" \/>\n\t<meta property=\"og:image:type\" content=\"image\/jpeg\" \/>\n<meta name=\"twitter:card\" content=\"summary_large_image\" \/>\n<meta name=\"twitter:label1\" content=\"Szacowany czas czytania\" \/>\n\t<meta name=\"twitter:data1\" content=\"1 minuta\" \/>\n<script type=\"application\/ld+json\" class=\"yoast-schema-graph\">{\"@context\":\"https:\/\/schema.org\",\"@graph\":[{\"@type\":[\"WebPage\",\"ItemPage\"],\"@id\":\"https:\/\/3dvikingsstore.com\/pl\/shop\/science-fiction-habitat-pustynna-budowla-science-fiction-dla-odkrywcow-science-fiction\/\",\"url\":\"https:\/\/3dvikingsstore.com\/pl\/shop\/science-fiction-habitat-pustynna-budowla-science-fiction-dla-odkrywcow-science-fiction\/\",\"name\":\"Science-fiction Habitat - pustynna budowla science fiction dla odkrywc\u00f3w science fiction\",\"isPartOf\":{\"@id\":\"https:\/\/3dvikingsstore.com\/pl\/#website\"},\"primaryImageOfPage\":{\"@id\":\"https:\/\/3dvikingsstore.com\/pl\/shop\/science-fiction-habitat-pustynna-budowla-science-fiction-dla-odkrywcow-science-fiction\/#primaryimage\"},\"image\":{\"@id\":\"https:\/\/3dvikingsstore.com\/pl\/shop\/science-fiction-habitat-pustynna-budowla-science-fiction-dla-odkrywcow-science-fiction\/#primaryimage\"},\"thumbnailUrl\":\"https:\/\/3dvikingsstore.com\/wp-content\/uploads\/2024\/02\/desert-scifi-building.jpg\",\"datePublished\":\"2024-02-06T20:32:57+00:00\",\"dateModified\":\"2024-02-28T18:48:25+00:00\",\"description\":\"Przedstawiamy Pustynny Budynek science-fiction: Futurystyczna estetyka spotyka wyobra\u017ani\u0119! Futurystyczny design. Wysokiej jako\u015bci konstrukcja.\",\"breadcrumb\":{\"@id\":\"https:\/\/3dvikingsstore.com\/pl\/shop\/science-fiction-habitat-pustynna-budowla-science-fiction-dla-odkrywcow-science-fiction\/#breadcrumb\"},\"inLanguage\":\"pl-PL\",\"potentialAction\":[{\"@type\":\"ReadAction\",\"target\":[\"https:\/\/3dvikingsstore.com\/pl\/shop\/science-fiction-habitat-pustynna-budowla-science-fiction-dla-odkrywcow-science-fiction\/\"]}]},{\"@type\":\"ImageObject\",\"inLanguage\":\"pl-PL\",\"@id\":\"https:\/\/3dvikingsstore.com\/pl\/shop\/science-fiction-habitat-pustynna-budowla-science-fiction-dla-odkrywcow-science-fiction\/#primaryimage\",\"url\":\"https:\/\/3dvikingsstore.com\/wp-content\/uploads\/2024\/02\/desert-scifi-building.jpg\",\"contentUrl\":\"https:\/\/3dvikingsstore.com\/wp-content\/uploads\/2024\/02\/desert-scifi-building.jpg\",\"width\":1024,\"height\":734},{\"@type\":\"BreadcrumbList\",\"@id\":\"https:\/\/3dvikingsstore.com\/pl\/shop\/science-fiction-habitat-pustynna-budowla-science-fiction-dla-odkrywcow-science-fiction\/#breadcrumb\",\"itemListElement\":[{\"@type\":\"ListItem\",\"position\":1,\"name\":\"Home\",\"item\":\"https:\/\/3dvikingsstore.com\/pl\/\"},{\"@type\":\"ListItem\",\"position\":2,\"name\":\"Shop\",\"item\":\"https:\/\/3dvikingsstore.com\/shop\/\"},{\"@type\":\"ListItem\",\"position\":3,\"name\":\"Science-fiction Habitat &#8211; pustynna budowla science fiction dla odkrywc\u00f3w science fiction\"}]},{\"@type\":\"WebSite\",\"@id\":\"https:\/\/3dvikingsstore.com\/pl\/#website\",\"url\":\"https:\/\/3dvikingsstore.com\/pl\/\",\"name\":\"3D Vikings Store\",\"description\":\"Dekoracje i Akcesoria do Gier Planszowych i Sto\u0142owych\",\"publisher\":{\"@id\":\"https:\/\/3dvikingsstore.com\/pl\/#organization\"},\"potentialAction\":[{\"@type\":\"SearchAction\",\"target\":{\"@type\":\"EntryPoint\",\"urlTemplate\":\"https:\/\/3dvikingsstore.com\/pl\/?s={search_term_string}\"},\"query-input\":\"required name=search_term_string\"}],\"inLanguage\":\"pl-PL\"},{\"@type\":\"Organization\",\"@id\":\"https:\/\/3dvikingsstore.com\/pl\/#organization\",\"name\":\"3D Vikings Store\",\"url\":\"https:\/\/3dvikingsstore.com\/pl\/\",\"logo\":{\"@type\":\"ImageObject\",\"inLanguage\":\"pl-PL\",\"@id\":\"https:\/\/3dvikingsstore.com\/pl\/#\/schema\/logo\/image\/\",\"url\":\"https:\/\/3dvikingsstore.com\/wp-content\/uploads\/2020\/03\/3dvikings-logo-karge-white.jpg\",\"contentUrl\":\"https:\/\/3dvikingsstore.com\/wp-content\/uploads\/2020\/03\/3dvikings-logo-karge-white.jpg\",\"width\":800,\"height\":800,\"caption\":\"3D Vikings Store\"},\"image\":{\"@id\":\"https:\/\/3dvikingsstore.com\/pl\/#\/schema\/logo\/image\/\"}}]}<\/script>\n<!-- \/ Yoast SEO Premium plugin. -->","yoast_head_json":{"title":"Science-fiction Habitat - pustynna budowla science fiction dla odkrywc\u00f3w science fiction","description":"Przedstawiamy Pustynny Budynek science-fiction: Futurystyczna estetyka spotyka wyobra\u017ani\u0119! Futurystyczny design. Wysokiej jako\u015bci konstrukcja.","robots":{"index":"index","follow":"follow","max-snippet":"max-snippet:-1","max-image-preview":"max-image-preview:large","max-video-preview":"max-video-preview:-1"},"canonical":"https:\/\/3dvikingsstore.com\/pl\/shop\/science-fiction-habitat-pustynna-budowla-science-fiction-dla-odkrywcow-science-fiction\/","og_locale":"pl_PL","og_type":"article","og_title":"Science-fiction Habitat - pustynna budowla science fiction dla odkrywc\u00f3w science fiction","og_description":"Przedstawiamy Pustynny Budynek science-fiction: Futurystyczna estetyka spotyka wyobra\u017ani\u0119! Futurystyczny design. Wysokiej jako\u015bci konstrukcja.","og_url":"https:\/\/3dvikingsstore.com\/pl\/shop\/science-fiction-habitat-pustynna-budowla-science-fiction-dla-odkrywcow-science-fiction\/","og_site_name":"3D Vikings Store","article_modified_time":"2024-02-28T18:48:25+00:00","og_image":[{"width":1024,"height":734,"url":"https:\/\/3dvikingsstore.com\/wp-content\/uploads\/2024\/02\/desert-scifi-building.jpg","type":"image\/jpeg"}],"twitter_card":"summary_large_image","twitter_misc":{"Szacowany czas czytania":"1 minuta"},"schema":{"@context":"https:\/\/schema.org","@graph":[{"@type":["WebPage","ItemPage"],"@id":"https:\/\/3dvikingsstore.com\/pl\/shop\/science-fiction-habitat-pustynna-budowla-science-fiction-dla-odkrywcow-science-fiction\/","url":"https:\/\/3dvikingsstore.com\/pl\/shop\/science-fiction-habitat-pustynna-budowla-science-fiction-dla-odkrywcow-science-fiction\/","name":"Science-fiction Habitat - pustynna budowla science fiction dla odkrywc\u00f3w science fiction","isPartOf":{"@id":"https:\/\/3dvikingsstore.com\/pl\/#website"},"primaryImageOfPage":{"@id":"https:\/\/3dvikingsstore.com\/pl\/shop\/science-fiction-habitat-pustynna-budowla-science-fiction-dla-odkrywcow-science-fiction\/#primaryimage"},"image":{"@id":"https:\/\/3dvikingsstore.com\/pl\/shop\/science-fiction-habitat-pustynna-budowla-science-fiction-dla-odkrywcow-science-fiction\/#primaryimage"},"thumbnailUrl":"https:\/\/3dvikingsstore.com\/wp-content\/uploads\/2024\/02\/desert-scifi-building.jpg","datePublished":"2024-02-06T20:32:57+00:00","dateModified":"2024-02-28T18:48:25+00:00","description":"Przedstawiamy Pustynny Budynek science-fiction: Futurystyczna estetyka spotyka wyobra\u017ani\u0119! Futurystyczny design. Wysokiej jako\u015bci konstrukcja.","breadcrumb":{"@id":"https:\/\/3dvikingsstore.com\/pl\/shop\/science-fiction-habitat-pustynna-budowla-science-fiction-dla-odkrywcow-science-fiction\/#breadcrumb"},"inLanguage":"pl-PL","potentialAction":[{"@type":"ReadAction","target":["https:\/\/3dvikingsstore.com\/pl\/shop\/science-fiction-habitat-pustynna-budowla-science-fiction-dla-odkrywcow-science-fiction\/"]}]},{"@type":"ImageObject","inLanguage":"pl-PL","@id":"https:\/\/3dvikingsstore.com\/pl\/shop\/science-fiction-habitat-pustynna-budowla-science-fiction-dla-odkrywcow-science-fiction\/#primaryimage","url":"https:\/\/3dvikingsstore.com\/wp-content\/uploads\/2024\/02\/desert-scifi-building.jpg","contentUrl":"https:\/\/3dvikingsstore.com\/wp-content\/uploads\/2024\/02\/desert-scifi-building.jpg","width":1024,"height":734},{"@type":"BreadcrumbList","@id":"https:\/\/3dvikingsstore.com\/pl\/shop\/science-fiction-habitat-pustynna-budowla-science-fiction-dla-odkrywcow-science-fiction\/#breadcrumb","itemListElement":[{"@type":"ListItem","position":1,"name":"Home","item":"https:\/\/3dvikingsstore.com\/pl\/"},{"@type":"ListItem","position":2,"name":"Shop","item":"https:\/\/3dvikingsstore.com\/shop\/"},{"@type":"ListItem","position":3,"name":"Science-fiction Habitat &#8211; pustynna budowla science fiction dla odkrywc\u00f3w science fiction"}]},{"@type":"WebSite","@id":"https:\/\/3dvikingsstore.com\/pl\/#website","url":"https:\/\/3dvikingsstore.com\/pl\/","name":"3D Vikings Store","description":"Dekoracje i Akcesoria do Gier Planszowych i Sto\u0142owych","publisher":{"@id":"https:\/\/3dvikingsstore.com\/pl\/#organization"},"potentialAction":[{"@type":"SearchAction","target":{"@type":"EntryPoint","urlTemplate":"https:\/\/3dvikingsstore.com\/pl\/?s={search_term_string}"},"query-input":"required name=search_term_string"}],"inLanguage":"pl-PL"},{"@type":"Organization","@id":"https:\/\/3dvikingsstore.com\/pl\/#organization","name":"3D Vikings Store","url":"https:\/\/3dvikingsstore.com\/pl\/","logo":{"@type":"ImageObject","inLanguage":"pl-PL","@id":"https:\/\/3dvikingsstore.com\/pl\/#\/schema\/logo\/image\/","url":"https:\/\/3dvikingsstore.com\/wp-content\/uploads\/2020\/03\/3dvikings-logo-karge-white.jpg","contentUrl":"https:\/\/3dvikingsstore.com\/wp-content\/uploads\/2020\/03\/3dvikings-logo-karge-white.jpg","width":800,"height":800,"caption":"3D Vikings Store"},"image":{"@id":"https:\/\/3dvikingsstore.com\/pl\/#\/schema\/logo\/image\/"}}]}},"_links":{"self":[{"href":"https:\/\/3dvikingsstore.com\/pl\/wp-json\/wp\/v2\/product\/18632"}],"collection":[{"href":"https:\/\/3dvikingsstore.com\/pl\/wp-json\/wp\/v2\/product"}],"about":[{"href":"https:\/\/3dvikingsstore.com\/pl\/wp-json\/wp\/v2\/types\/product"}],"replies":[{"embeddable":true,"href":"https:\/\/3dvikingsstore.com\/pl\/wp-json\/wp\/v2\/comments?post=18632"}],"version-history":[{"count":1,"href":"https:\/\/3dvikingsstore.com\/pl\/wp-json\/wp\/v2\/product\/18632\/revisions"}],"predecessor-version":[{"id":18669,"href":"https:\/\/3dvikingsstore.com\/pl\/wp-json\/wp\/v2\/product\/18632\/revisions\/18669"}],"wp:featuredmedia":[{"embeddable":true,"href":"https:\/\/3dvikingsstore.com\/pl\/wp-json\/wp\/v2\/media\/18633"}],"wp:attachment":[{"href":"https:\/\/3dvikingsstore.com\/pl\/wp-json\/wp\/v2\/media?parent=18632"}],"wp:term":[{"taxonomy":"product_cat","embeddable":true,"href":"https:\/\/3dvikingsstore.com\/pl\/wp-json\/wp\/v2\/product_cat?post=18632"},{"taxonomy":"product_tag","embeddable":true,"href":"https:\/\/3dvikingsstore.com\/pl\/wp-json\/wp\/v2\/product_tag?post=18632"}],"curies":[{"name":"wp","href":"https:\/\/api.w.org\/{rel}","templated":true}]}}