{"id":18624,"date":"2024-02-01T19:09:50","date_gmt":"2024-02-01T17:09:50","guid":{"rendered":"https:\/\/3dvikingsstore.com\/shop\/zestaw-ruin-domina-ferrum-gotycki-teren-do-gier\/"},"modified":"2024-02-01T19:09:50","modified_gmt":"2024-02-01T17:09:50","slug":"zestaw-ruin-domina-ferrum-gotycki-teren-do-gier","status":"publish","type":"product","link":"https:\/\/3dvikingsstore.com\/pl\/shop\/zestaw-ruin-domina-ferrum-gotycki-teren-do-gier\/","title":{"rendered":"Zestaw ruin Domina Ferrum: Gotycki teren do gier"},"content":{"rendered":"<p>Szukasz sposobu, aby urozmaici\u0107 swoje gry sto\u0142owe niesamowitym terenem? Chcesz tworzy\u0107 wci\u0105gaj\u0105ce i realistyczne scenariusze dla swoich miniatur? Brakuje Ci gotyckich ruin w Twoich grach? Zobacz Zestaw Ruin Domina Ferrum!<\/p>\n<p>Zestaw ten zawiera osza\u0142amiaj\u0105ce elementy terenu gotyckich ruin, kt\u00f3re idealnie nadaj\u0105 si\u0119 do gier takich jak Warhammer 40k. Dzi\u0119ki tym modu\u0142owym ruinom mo\u017cesz zbudowa\u0107 w\u0142asny ponury, mroczny krajobraz miejski i stworzy\u0107 epickie bitwy w dystopijnej przysz\u0142o\u015bci.<\/p>\n<p>Zestaw Ruin Domina Ferrum jest wykonany z wysokiej jako\u015bci materia\u0142u PLA, kt\u00f3ry jest trwa\u0142y i \u0142atwy do dostosowania. Mo\u017cesz pomalowa\u0107 je w dowolny spos\u00f3b i dopasowa\u0107 do estetyki \u015bwiata gry. Zestaw zawiera r\u00f3wnie\u017c wszystkie cz\u0119\u015bci potrzebne do \u0142atwego monta\u017cu, dzi\u0119ki czemu mo\u017cna b\u0142yskawicznie przygotowa\u0107 teren.<\/p>\n<p>Najlepsze jest to, \u017ce ten zestaw jest kompatybilny zar\u00f3wno z miniaturami w skali 28 mm, jak i 32 mm, co daje wi\u0119cej opcji i elastyczno\u015bci w grach. Niezale\u017cnie od tego, czy grasz w Warhammera 40k, Necromund\u0119, Kill Team czy jak\u0105kolwiek inn\u0105 sto\u0142ow\u0105 gr\u0119 RPG lub wojenn\u0105, pokochasz zestaw Ruin Domina Ferrum.<\/p>\n<p>Nie przegap okazji, aby zdoby\u0107 ten niesamowity zestaw terenowy. Zam\u00f3w ju\u017c dzi\u015b i o\u017cyw swoje mroczne gry!<\/p>\n","protected":false},"excerpt":{"rendered":"<p>Zestaw ten zawiera osza\u0142amiaj\u0105ce elementy terenu gotyckich ruin, kt\u00f3re idealnie nadaj\u0105 si\u0119 do gier takich jak Warhammer 40k. Dzi\u0119ki tym modu\u0142owym ruinom mo\u017cesz zbudowa\u0107 w\u0142asny ponury, mroczny krajobraz miejski i stworzy\u0107 epickie bitwy w dystopijnej przysz\u0142o\u015bci.<\/p>\n","protected":false},"featured_media":18625,"comment_status":"open","ping_status":"closed","template":"","meta":[],"product_cat":[3138,3137,3152],"product_tag":[3200,3194,3201,3191,3199,3198,3197,3193,3196,3192,3195],"yoast_head":"<!-- This site is optimized with the Yoast SEO Premium plugin v22.9 (Yoast SEO v22.9) - https:\/\/yoast.com\/wordpress\/plugins\/seo\/ -->\n<title>Zestaw ruin Domina Ferrum: Gotycki teren do gier<\/title>\n<meta name=\"description\" content=\"P\u0142on\u0105ce gotyckie ruiny to idealny element terenu do gier takich jak Warhammer 40k. Dzi\u0119ki tym modu\u0142owym ruinom mo\u017cesz zbudowa\u0107 sw\u00f3j w\u0142asny ponury, mroczny krajobraz miejski.\" \/>\n<meta name=\"robots\" content=\"index, follow, max-snippet:-1, max-image-preview:large, max-video-preview:-1\" \/>\n<link rel=\"canonical\" href=\"https:\/\/3dvikingsstore.com\/pl\/shop\/zestaw-ruin-domina-ferrum-gotycki-teren-do-gier\/\" \/>\n<meta property=\"og:locale\" content=\"pl_PL\" \/>\n<meta property=\"og:type\" content=\"article\" \/>\n<meta property=\"og:title\" content=\"Zestaw ruin Domina Ferrum: Gotycki teren do gier\" \/>\n<meta property=\"og:description\" content=\"P\u0142on\u0105ce gotyckie ruiny to idealny element terenu do gier takich jak Warhammer 40k. Dzi\u0119ki tym modu\u0142owym ruinom mo\u017cesz zbudowa\u0107 sw\u00f3j w\u0142asny ponury, mroczny krajobraz miejski.\" \/>\n<meta property=\"og:url\" content=\"https:\/\/3dvikingsstore.com\/pl\/shop\/zestaw-ruin-domina-ferrum-gotycki-teren-do-gier\/\" \/>\n<meta property=\"og:site_name\" content=\"3D Vikings Store\" \/>\n<meta property=\"og:image\" content=\"https:\/\/3dvikingsstore.com\/wp-content\/uploads\/2024\/01\/DSC_7215-1024x1024.png\" \/>\n\t<meta property=\"og:image:width\" content=\"1024\" \/>\n\t<meta property=\"og:image:height\" content=\"1024\" \/>\n\t<meta property=\"og:image:type\" content=\"image\/png\" \/>\n<meta name=\"twitter:card\" content=\"summary_large_image\" \/>\n<meta name=\"twitter:label1\" content=\"Szacowany czas czytania\" \/>\n\t<meta name=\"twitter:data1\" content=\"1 minuta\" \/>\n<script type=\"application\/ld+json\" class=\"yoast-schema-graph\">{\"@context\":\"https:\/\/schema.org\",\"@graph\":[{\"@type\":[\"WebPage\",\"ItemPage\"],\"@id\":\"https:\/\/3dvikingsstore.com\/pl\/shop\/zestaw-ruin-domina-ferrum-gotycki-teren-do-gier\/\",\"url\":\"https:\/\/3dvikingsstore.com\/pl\/shop\/zestaw-ruin-domina-ferrum-gotycki-teren-do-gier\/\",\"name\":\"Zestaw ruin Domina Ferrum: Gotycki teren do gier\",\"isPartOf\":{\"@id\":\"https:\/\/3dvikingsstore.com\/pl\/#website\"},\"primaryImageOfPage\":{\"@id\":\"https:\/\/3dvikingsstore.com\/pl\/shop\/zestaw-ruin-domina-ferrum-gotycki-teren-do-gier\/#primaryimage\"},\"image\":{\"@id\":\"https:\/\/3dvikingsstore.com\/pl\/shop\/zestaw-ruin-domina-ferrum-gotycki-teren-do-gier\/#primaryimage\"},\"thumbnailUrl\":\"https:\/\/3dvikingsstore.com\/wp-content\/uploads\/2024\/01\/DSC_7215.png\",\"datePublished\":\"2024-02-01T17:09:50+00:00\",\"dateModified\":\"2024-02-01T17:09:50+00:00\",\"description\":\"P\u0142on\u0105ce gotyckie ruiny to idealny element terenu do gier takich jak Warhammer 40k. Dzi\u0119ki tym modu\u0142owym ruinom mo\u017cesz zbudowa\u0107 sw\u00f3j w\u0142asny ponury, mroczny krajobraz miejski.\",\"breadcrumb\":{\"@id\":\"https:\/\/3dvikingsstore.com\/pl\/shop\/zestaw-ruin-domina-ferrum-gotycki-teren-do-gier\/#breadcrumb\"},\"inLanguage\":\"pl-PL\",\"potentialAction\":[{\"@type\":\"ReadAction\",\"target\":[\"https:\/\/3dvikingsstore.com\/pl\/shop\/zestaw-ruin-domina-ferrum-gotycki-teren-do-gier\/\"]}]},{\"@type\":\"ImageObject\",\"inLanguage\":\"pl-PL\",\"@id\":\"https:\/\/3dvikingsstore.com\/pl\/shop\/zestaw-ruin-domina-ferrum-gotycki-teren-do-gier\/#primaryimage\",\"url\":\"https:\/\/3dvikingsstore.com\/wp-content\/uploads\/2024\/01\/DSC_7215.png\",\"contentUrl\":\"https:\/\/3dvikingsstore.com\/wp-content\/uploads\/2024\/01\/DSC_7215.png\",\"width\":3953,\"height\":3953},{\"@type\":\"BreadcrumbList\",\"@id\":\"https:\/\/3dvikingsstore.com\/pl\/shop\/zestaw-ruin-domina-ferrum-gotycki-teren-do-gier\/#breadcrumb\",\"itemListElement\":[{\"@type\":\"ListItem\",\"position\":1,\"name\":\"Home\",\"item\":\"https:\/\/3dvikingsstore.com\/pl\/\"},{\"@type\":\"ListItem\",\"position\":2,\"name\":\"Shop\",\"item\":\"https:\/\/3dvikingsstore.com\/shop\/\"},{\"@type\":\"ListItem\",\"position\":3,\"name\":\"Zestaw ruin Domina Ferrum: Gotycki teren do gier\"}]},{\"@type\":\"WebSite\",\"@id\":\"https:\/\/3dvikingsstore.com\/pl\/#website\",\"url\":\"https:\/\/3dvikingsstore.com\/pl\/\",\"name\":\"3D Vikings Store\",\"description\":\"Dekoracje i Akcesoria do Gier Planszowych i Sto\u0142owych\",\"publisher\":{\"@id\":\"https:\/\/3dvikingsstore.com\/pl\/#organization\"},\"potentialAction\":[{\"@type\":\"SearchAction\",\"target\":{\"@type\":\"EntryPoint\",\"urlTemplate\":\"https:\/\/3dvikingsstore.com\/pl\/?s={search_term_string}\"},\"query-input\":\"required name=search_term_string\"}],\"inLanguage\":\"pl-PL\"},{\"@type\":\"Organization\",\"@id\":\"https:\/\/3dvikingsstore.com\/pl\/#organization\",\"name\":\"3D Vikings Store\",\"url\":\"https:\/\/3dvikingsstore.com\/pl\/\",\"logo\":{\"@type\":\"ImageObject\",\"inLanguage\":\"pl-PL\",\"@id\":\"https:\/\/3dvikingsstore.com\/pl\/#\/schema\/logo\/image\/\",\"url\":\"https:\/\/3dvikingsstore.com\/wp-content\/uploads\/2020\/03\/3dvikings-logo-karge-white.jpg\",\"contentUrl\":\"https:\/\/3dvikingsstore.com\/wp-content\/uploads\/2020\/03\/3dvikings-logo-karge-white.jpg\",\"width\":800,\"height\":800,\"caption\":\"3D Vikings Store\"},\"image\":{\"@id\":\"https:\/\/3dvikingsstore.com\/pl\/#\/schema\/logo\/image\/\"}}]}<\/script>\n<!-- \/ Yoast SEO Premium plugin. -->","yoast_head_json":{"title":"Zestaw ruin Domina Ferrum: Gotycki teren do gier","description":"P\u0142on\u0105ce gotyckie ruiny to idealny element terenu do gier takich jak Warhammer 40k. Dzi\u0119ki tym modu\u0142owym ruinom mo\u017cesz zbudowa\u0107 sw\u00f3j w\u0142asny ponury, mroczny krajobraz miejski.","robots":{"index":"index","follow":"follow","max-snippet":"max-snippet:-1","max-image-preview":"max-image-preview:large","max-video-preview":"max-video-preview:-1"},"canonical":"https:\/\/3dvikingsstore.com\/pl\/shop\/zestaw-ruin-domina-ferrum-gotycki-teren-do-gier\/","og_locale":"pl_PL","og_type":"article","og_title":"Zestaw ruin Domina Ferrum: Gotycki teren do gier","og_description":"P\u0142on\u0105ce gotyckie ruiny to idealny element terenu do gier takich jak Warhammer 40k. Dzi\u0119ki tym modu\u0142owym ruinom mo\u017cesz zbudowa\u0107 sw\u00f3j w\u0142asny ponury, mroczny krajobraz miejski.","og_url":"https:\/\/3dvikingsstore.com\/pl\/shop\/zestaw-ruin-domina-ferrum-gotycki-teren-do-gier\/","og_site_name":"3D Vikings Store","og_image":[{"width":1024,"height":1024,"url":"https:\/\/3dvikingsstore.com\/wp-content\/uploads\/2024\/01\/DSC_7215-1024x1024.png","type":"image\/png"}],"twitter_card":"summary_large_image","twitter_misc":{"Szacowany czas czytania":"1 minuta"},"schema":{"@context":"https:\/\/schema.org","@graph":[{"@type":["WebPage","ItemPage"],"@id":"https:\/\/3dvikingsstore.com\/pl\/shop\/zestaw-ruin-domina-ferrum-gotycki-teren-do-gier\/","url":"https:\/\/3dvikingsstore.com\/pl\/shop\/zestaw-ruin-domina-ferrum-gotycki-teren-do-gier\/","name":"Zestaw ruin Domina Ferrum: Gotycki teren do gier","isPartOf":{"@id":"https:\/\/3dvikingsstore.com\/pl\/#website"},"primaryImageOfPage":{"@id":"https:\/\/3dvikingsstore.com\/pl\/shop\/zestaw-ruin-domina-ferrum-gotycki-teren-do-gier\/#primaryimage"},"image":{"@id":"https:\/\/3dvikingsstore.com\/pl\/shop\/zestaw-ruin-domina-ferrum-gotycki-teren-do-gier\/#primaryimage"},"thumbnailUrl":"https:\/\/3dvikingsstore.com\/wp-content\/uploads\/2024\/01\/DSC_7215.png","datePublished":"2024-02-01T17:09:50+00:00","dateModified":"2024-02-01T17:09:50+00:00","description":"P\u0142on\u0105ce gotyckie ruiny to idealny element terenu do gier takich jak Warhammer 40k. Dzi\u0119ki tym modu\u0142owym ruinom mo\u017cesz zbudowa\u0107 sw\u00f3j w\u0142asny ponury, mroczny krajobraz miejski.","breadcrumb":{"@id":"https:\/\/3dvikingsstore.com\/pl\/shop\/zestaw-ruin-domina-ferrum-gotycki-teren-do-gier\/#breadcrumb"},"inLanguage":"pl-PL","potentialAction":[{"@type":"ReadAction","target":["https:\/\/3dvikingsstore.com\/pl\/shop\/zestaw-ruin-domina-ferrum-gotycki-teren-do-gier\/"]}]},{"@type":"ImageObject","inLanguage":"pl-PL","@id":"https:\/\/3dvikingsstore.com\/pl\/shop\/zestaw-ruin-domina-ferrum-gotycki-teren-do-gier\/#primaryimage","url":"https:\/\/3dvikingsstore.com\/wp-content\/uploads\/2024\/01\/DSC_7215.png","contentUrl":"https:\/\/3dvikingsstore.com\/wp-content\/uploads\/2024\/01\/DSC_7215.png","width":3953,"height":3953},{"@type":"BreadcrumbList","@id":"https:\/\/3dvikingsstore.com\/pl\/shop\/zestaw-ruin-domina-ferrum-gotycki-teren-do-gier\/#breadcrumb","itemListElement":[{"@type":"ListItem","position":1,"name":"Home","item":"https:\/\/3dvikingsstore.com\/pl\/"},{"@type":"ListItem","position":2,"name":"Shop","item":"https:\/\/3dvikingsstore.com\/shop\/"},{"@type":"ListItem","position":3,"name":"Zestaw ruin Domina Ferrum: Gotycki teren do gier"}]},{"@type":"WebSite","@id":"https:\/\/3dvikingsstore.com\/pl\/#website","url":"https:\/\/3dvikingsstore.com\/pl\/","name":"3D Vikings Store","description":"Dekoracje i Akcesoria do Gier Planszowych i Sto\u0142owych","publisher":{"@id":"https:\/\/3dvikingsstore.com\/pl\/#organization"},"potentialAction":[{"@type":"SearchAction","target":{"@type":"EntryPoint","urlTemplate":"https:\/\/3dvikingsstore.com\/pl\/?s={search_term_string}"},"query-input":"required name=search_term_string"}],"inLanguage":"pl-PL"},{"@type":"Organization","@id":"https:\/\/3dvikingsstore.com\/pl\/#organization","name":"3D Vikings Store","url":"https:\/\/3dvikingsstore.com\/pl\/","logo":{"@type":"ImageObject","inLanguage":"pl-PL","@id":"https:\/\/3dvikingsstore.com\/pl\/#\/schema\/logo\/image\/","url":"https:\/\/3dvikingsstore.com\/wp-content\/uploads\/2020\/03\/3dvikings-logo-karge-white.jpg","contentUrl":"https:\/\/3dvikingsstore.com\/wp-content\/uploads\/2020\/03\/3dvikings-logo-karge-white.jpg","width":800,"height":800,"caption":"3D Vikings Store"},"image":{"@id":"https:\/\/3dvikingsstore.com\/pl\/#\/schema\/logo\/image\/"}}]}},"_links":{"self":[{"href":"https:\/\/3dvikingsstore.com\/pl\/wp-json\/wp\/v2\/product\/18624"}],"collection":[{"href":"https:\/\/3dvikingsstore.com\/pl\/wp-json\/wp\/v2\/product"}],"about":[{"href":"https:\/\/3dvikingsstore.com\/pl\/wp-json\/wp\/v2\/types\/product"}],"replies":[{"embeddable":true,"href":"https:\/\/3dvikingsstore.com\/pl\/wp-json\/wp\/v2\/comments?post=18624"}],"version-history":[{"count":0,"href":"https:\/\/3dvikingsstore.com\/pl\/wp-json\/wp\/v2\/product\/18624\/revisions"}],"wp:featuredmedia":[{"embeddable":true,"href":"https:\/\/3dvikingsstore.com\/pl\/wp-json\/wp\/v2\/media\/18625"}],"wp:attachment":[{"href":"https:\/\/3dvikingsstore.com\/pl\/wp-json\/wp\/v2\/media?parent=18624"}],"wp:term":[{"taxonomy":"product_cat","embeddable":true,"href":"https:\/\/3dvikingsstore.com\/pl\/wp-json\/wp\/v2\/product_cat?post=18624"},{"taxonomy":"product_tag","embeddable":true,"href":"https:\/\/3dvikingsstore.com\/pl\/wp-json\/wp\/v2\/product_tag?post=18624"}],"curies":[{"name":"wp","href":"https:\/\/api.w.org\/{rel}","templated":true}]}}